{"id":60434,"date":"2026-04-15T11:01:58","date_gmt":"2026-04-15T09:01:58","guid":{"rendered":"https:\/\/ironsky.pl\/sklep\/produkt\/serwer-plikow-nas-ugreen-dxp8800-plus-8-dyskowy-intel-i5-1235u-8gb-ddr5-2x-10gbe-8k-hdmi-sd-4-0\/"},"modified":"2026-04-21T14:13:30","modified_gmt":"2026-04-21T12:13:30","slug":"serwer-plikow-nas-ugreen-dxp8800-plus-8-dyskowy-intel-i5-1235u-8gb-ddr5-2x-10gbe-8k-hdmi-sd-4-0","status":"publish","type":"product","link":"https:\/\/ironsky.pl\/sklep\/produkt\/serwer-plikow-nas-ugreen-dxp8800-plus-8-dyskowy-intel-i5-1235u-8gb-ddr5-2x-10gbe-8k-hdmi-sd-4-0\/","title":{"rendered":"Serwer plik\u00f3w NAS Ugreen DXP8800 Plus, 8-dyskowy, Intel i5-1235U, 8GB DDR5, 2x 10GbE, 8K HDMI, SD 4.0"},"content":{"rendered":"<h3>Serwer plik\u00f3w NAS Ugreen DXP8800 Plus, 8-dyskowy, Intel i5-1235U, 8GB DDR5, 2x 10GbE, 8K HDMI, SD 4.0<\/h3>\n<p>Ugreen NASync DXP8800 Plus to zaawansowany serwer NAS zaprojektowany z my\u015bl\u0105 o profesjonalistach, firmach i tw\u00f3rcach, kt\u00f3rzy codziennie pracuj\u0105 z du\u017c\u0105 ilo\u015bci\u0105 danych. Ten 8-zatokowy model nie tylko pozwala uzyska\u0107 ogromn\u0105 przestrze\u0144 dyskow\u0105 si\u0119gaj\u0105c\u0105 208 TB, ale te\u017c oferuje najwy\u017csz\u0105 wydajno\u015b\u0107 dzi\u0119ki procesorowi Intel Core i5 12. generacji, pami\u0119ci RAM DDR5 8 GB (z opcj\u0105 rozszerzenia do 64 GB) i obs\u0142udze najnowszych standard\u00f3w transmisji. To kompleksowe rozwi\u0105zanie do przechowywania, wsp\u00f3\u0142dzielenia i zabezpieczania plik\u00f3w w nowoczesnym \u015brodowisku pracy.<\/p>\n<p>\n<img decoding=\"async\" src=\"https:\/\/assets.innpro.pl\/15702\/19742\/6.jpg\" border=\"0\" alt=\"\" \/>\n<\/p>\n<h3>Nowoczesny procesor do wymagaj\u0105cych zada\u0144<\/h3>\n<p>Sercem urz\u0105dzenia jest procesor Intel Core i5-1235U, wyposa\u017cony w 10 rdzeni i 12 w\u0105tk\u00f3w. Oferuje on znacznie wy\u017csz\u0105 wydajno\u015b\u0107 w por\u00f3wnaniu do poprzednich generacji, umo\u017cliwiaj\u0105c komfortow\u0105 prac\u0119 z wieloma u\u017cytkownikami, plikami wideo w wysokiej rozdzielczo\u015bci czy z\u0142o\u017conymi projektami graficznymi. Niezale\u017cnie od tego, czy tworzysz, archiwizujesz, czy analizujesz \u2013 moc obliczeniowa Ci\u0119 nie zawiedzie.<\/p>\n<p>\n<img decoding=\"async\" src=\"https:\/\/assets.innpro.pl\/15702\/19742\/3.jpg\" border=\"0\" alt=\"\" \/>\n<\/p>\n<h3>Gotowy na rozbudow\u0119 \u2013 pami\u0119\u0107 DDR5<\/h3>\n<p>NASync DXP8800 Plus zosta\u0142 wyposa\u017cony w 8 GB pami\u0119ci RAM DDR5 o taktowaniu 4800 MHz, co zapewnia znacznie wy\u017csz\u0105 przepustowo\u015b\u0107 i stabilno\u015b\u0107 dzia\u0142ania. W razie potrzeby mo\u017cesz rozbudowa\u0107 j\u0105 a\u017c do 64 GB, co pozwala dostosowa\u0107 urz\u0105dzenie do najbardziej wymagaj\u0105cych \u015brodowisk.<\/p>\n<p>\n<img decoding=\"async\" src=\"https:\/\/assets.innpro.pl\/15702\/19742\/10.jpg\" border=\"0\" alt=\"\" \/>\n<\/p>\n<h3>Do 208 TB przestrzeni dyskowej<\/h3>\n<p>Urz\u0105dzenie oferuje osiem zatok na dyski SATA oraz dwa sloty M.2 NVMe, co pozwala uzyska\u0107 maksymaln\u0105 pojemno\u015b\u0107 a\u017c 208 TB (8x 24 TB + 2x 8 TB). Taka konfiguracja umo\u017cliwia przechowywanie nawet 72 milion\u00f3w zdj\u0119\u0107, 218 milion\u00f3w dokument\u00f3w lub 141 tysi\u0119cy film\u00f3w. Dyski montowane s\u0105 w wygodnym systemie wysuwanym, co u\u0142atwia serwis i rozbudow\u0119.<\/p>\n<p>\n<img decoding=\"async\" src=\"https:\/\/assets.innpro.pl\/15702\/19742\/8.jpg\" border=\"0\" alt=\"\" \/>\n<\/p>\n<h3>Superszybki transfer dzi\u0119ki dw\u00f3m portom 10 GbE<\/h3>\n<p>Dwa wbudowane porty 10GbE RJ45 oferuj\u0105 \u0142\u0105czno\u015b\u0107 klasy enterprise i mo\u017cliwo\u015b\u0107 agregacji do 20G. Dzi\u0119ki temu mo\u017cesz przesy\u0142a\u0107 pliki z pr\u0119dko\u015bci\u0105 si\u0119gaj\u0105c\u0105 2500 MB\/s \u2013 bez op\u00f3\u017anie\u0144 i innych problem\u00f3w z po\u0142\u0105czeniem. To idealne rozwi\u0105zanie dla zespo\u0142\u00f3w pracuj\u0105cych z plikami wideo, renderami 3D lub du\u017cymi bazami danych!<\/p>\n<p>\n<img decoding=\"async\" src=\"https:\/\/assets.innpro.pl\/15702\/19742\/2.jpg\" border=\"0\" alt=\"\" \/>\n<\/p>\n<h3>Thunderbolt 4 \u2013 elastyczno\u015b\u0107 i szybko\u015b\u0107<\/h3>\n<p>Dwa z\u0142\u0105cza Thunderbolt 4 (40 Gb\/s) zapewniaj\u0105 ultraszybki transfer danych i obs\u0142ug\u0119 nowoczesnych urz\u0105dze\u0144 peryferyjnych \u2013 takich jak szybkie dyski zewn\u0119trzne czy stacje dokuj\u0105ce. To rozwi\u0105zanie szczeg\u00f3lnie doceni\u0105 u\u017cytkownicy pracuj\u0105cy z du\u017cymi plikami, kt\u00f3rzy potrzebuj\u0105 alternatywnego kana\u0142u przesy\u0142u poza sieci\u0105 lokaln\u0105.<\/p>\n<p>\n<img decoding=\"async\" src=\"https:\/\/assets.innpro.pl\/15702\/19742\/13.jpg\" border=\"0\" alt=\"\" \/>\n<\/p>\n<h3>Jeszcze wi\u0119cej port\u00f3w<\/h3>\n<p>Opr\u00f3cz port\u00f3w RJ45 10GbE i dw\u00f3ch z\u0142\u0105czy Thunderbolt 4, urz\u0105dzenie oferuje szereg dodatkowych interfejs\u00f3w, kt\u00f3re zwi\u0119kszaj\u0105 jego uniwersalno\u015b\u0107. Do dyspozycji u\u017cytkownika s\u0105 dwa porty USB 3.2 Gen2 (10 Gb\/s), dwa porty USB 2.0 (480 Mb\/s), gniazdo HDMI obs\u0142uguj\u0105ce obraz w 8K oraz czytnik kart SD 4.0. Dodatkowo obecno\u015b\u0107 z\u0142\u0105cza PCIe x4 pozwala na dalsz\u0105 rozbudow\u0119. To kompletne centrum komunikacyjne dla ka\u017cdego profesjonalnego \u015brodowiska pracy.<\/p>\n<p>\n<img decoding=\"async\" src=\"https:\/\/assets.innpro.pl\/15702\/19742\/14.jpg\" border=\"0\" alt=\"\" \/>\n<\/p>\n<h3>Stworzony z my\u015bl\u0105 o tw\u00f3rcach i zespo\u0142ach<\/h3>\n<p>Ugreen DXP8800 Plus idealnie sprawdzi si\u0119 jako centrum pracy kreatywnej i serwer wsp\u00f3\u0142dzielony w zespo\u0142ach projektowych. Obs\u0142uguje automatyczn\u0105 synchronizacj\u0119, dost\u0119p wieloosobowy i zdalny, a tak\u017ce backup z wielu urz\u0105dze\u0144 jednocze\u015bnie. Dzi\u0119ki dedykowanej aplikacji i pe\u0142nej kompatybilno\u015bci z systemami Windows, macOS, Android i iOS wsp\u00f3\u0142praca staje si\u0119 intuicyjna i p\u0142ynna.<\/p>\n<p>\n<img decoding=\"async\" src=\"https:\/\/assets.innpro.pl\/15702\/19742\/1.jpg\" border=\"0\" alt=\"\" \/>\n<\/p>\n<h3>System operacyjny UGOS Pro \u2013 profesjonalna platforma zarz\u0105dzania<\/h3>\n<p>Ugreen NASync DXP8800 Plus pracuje w oparciu o autorski system operacyjny UGOS Pro. Dzi\u0119ki niemu dost\u0119p do danych i ustawie\u0144 mo\u017cliwy jest przy u\u017cyciu dowolnej platformy \u2013 komputera (Windows lub macOS), przegl\u0105darki, urz\u0105dze\u0144 mobilnych (iOS, Android) czy nawet telewizora.<\/p>\n<p>\n<img decoding=\"async\" src=\"https:\/\/assets.innpro.pl\/15702\/19742\/11.jpg\" border=\"0\" alt=\"\" \/>\n<\/p>\n<h3>Aplikacja UGREEN NAS i inteligentny asystent<\/h3>\n<p>Wszystkie najwa\u017cniejsze funkcje urz\u0105dzenia dost\u0119pne s\u0105 z poziomu jednej aplikacji \u2013 UGREEN NAS, kt\u00f3ra jest dost\u0119pna na smartfony, tablety i komputery. Umo\u017cliwia ona mi\u0119dzy innymi szybkie przegl\u0105danie plik\u00f3w, zarz\u0105dzanie przestrzeni\u0105, tworzenie backup\u00f3w, przesy\u0142anie danych i podgl\u0105d zdj\u0119\u0107. Na uwag\u0119 zas\u0142uguje tak\u017ce inteligentny asystent AI, kt\u00f3ry automatycznie rozpoznaje twarze, miejsca, sceny i obiekty na fotografiach. Jego zadaniem jest nie tylko porz\u0105dkowanie zawarto\u015bci, ale te\u017c usuwanie duplikat\u00f3w i przyspieszanie wyszukiwania \u2013 nawet w przypadku ogromnych bibliotek multimedialnych. Wystarczy wpisa\u0107 odpowiednie s\u0142owa kluczowe, aby szybko znale\u017a\u0107 interesuj\u0105ce Ci\u0119 zdj\u0119cie!<\/p>\n<p>\n<img decoding=\"async\" src=\"https:\/\/assets.innpro.pl\/15702\/19742\/12.jpg\" border=\"0\" alt=\"\" \/>\n<\/p>\n<h3>Bezpiecze\u0144stwo i konfiguracje RAID<\/h3>\n<p>NASync DXP8800 Plus wspiera wszystkie najwa\u017cniejsze tryby RAID: JBOD, Basic, 0, 1, 5, 6 i 10. Dzi\u0119ki temu mo\u017cesz dopasowa\u0107 ca\u0142\u0105 konfiguracj\u0119 do swoich potrzeb \u2013 czy to w firmie, czy w domu. Ponadto wbudowane funkcje szyfrowania i zarz\u0105dzania dost\u0119pem chroni\u0105 dane przed nieautoryzowanym u\u017cyciem, a mo\u017cliwo\u015b\u0107 tworzenia kopii zapasowych i dost\u0119p zdalny daj\u0105 poczucie pe\u0142nej kontroli.<\/p>\n<p>\n<img decoding=\"async\" src=\"https:\/\/assets.innpro.pl\/15702\/19742\/4.jpg\" border=\"0\" alt=\"\" \/>\n<\/p>\n<h3>Jedno urz\u0105dzenie, wiele zastosowa\u0144<\/h3>\n<p>UGREEN NASync DXP8800 Plus sprawdzi si\u0119 nie tylko jako przestrze\u0144 robocza, ale te\u017c jako prywatna chmura, magazyn multimedi\u00f3w czy punkt backupu dla komputer\u00f3w, laptop\u00f3w i urz\u0105dze\u0144 mobilnych. Ponadto urz\u0105dzenie obs\u0142uguje kontenery Docker, co oznacza, \u017ce u\u017cytkownicy mog\u0105 wdra\u017ca\u0107 serwery multimedialne, systemy CMS, bazy danych czy w\u0142asne aplikacje. Niezale\u017cnie od tego, czy zarz\u0105dzasz plikami w firmie, pracujesz zdalnie, czy tworzysz rozwi\u0105zania dla klient\u00f3w \u2013 ten NAS zapewnia elastyczno\u015b\u0107 i niezale\u017cno\u015b\u0107, jakiej potrzebujesz.<\/p>\n<p>\n<img decoding=\"async\" src=\"https:\/\/assets.innpro.pl\/15702\/19742\/9.jpg\" border=\"0\" alt=\"\" \/>\n<\/p>\n<h3>Solidna konstrukcja i inteligentne ch\u0142odzenie<\/h3>\n<p>Obudowa wykonana ze stopu aluminium zosta\u0142a zaprojektowana z my\u015bl\u0105 o trwa\u0142o\u015bci i lepszym odprowadzaniu ciep\u0142a. Dodatkowo wbudowany filtr przeciwkurzowy z mocowaniem magnetycznym chroni wn\u0119trze przed zabrudzeniami, a inteligentne wentylatory oferuj\u0105 trzy tryby ch\u0142odzenia \u2013 Default, Quiet i Full Speed. Dzi\u0119ki temu urz\u0105dzenie dzia\u0142a stabilnie i cicho \u2013 nawet przy pe\u0142nym obci\u0105\u017ceniu.<\/p>\n<p>\n<img decoding=\"async\" src=\"https:\/\/assets.innpro.pl\/15702\/19742\/7.jpg\" border=\"0\" alt=\"\" \/>\n<\/p>\n<h3>W zestawie<\/h3>\n<ul class=\"list-disc pl-5\">\n<li>Serwer plik\u00f3w NAS NASync DXP8800 Plus<\/li>\n<li>Instrukcja obs\u0142ugi<\/li>\n<li>Kluczyk do kieszeni dysk\u00f3w x2<\/li>\n<li>Przew\u00f3d zasilaj\u0105cy<\/li>\n<li>Kabel Ethernet CAT7 x2<\/li>\n<li>Podk\u0142adka silikonowa SSD x2<\/li>\n<li>Zestaw \u015brub i \u015brubokr\u0119t<\/li>\n<\/ul>\n<div class=\"table-wrapper\">\n<p>\u00a0<\/p>\n<h3><\/h3>\n<table>\n<tbody>\n<tr>\n<th>Producent<\/th>\n<td>UGREEN<\/td>\n<\/tr>\n<tr>\n<th>Nazwa<\/th>\n<td>DXP8800 Plus<\/td>\n<\/tr>\n<tr>\n<th>Model<\/th>\n<td>35127B<\/td>\n<\/tr>\n<tr>\n<th>Obs\u0142ugiwane j\u0119zyki<\/th>\n<td>Angielski, niemiecki, francuski, hiszpa\u0144ski, portugalski, w\u0142oski, chi\u0144ski, japo\u0144ski<\/td>\n<\/tr>\n<tr>\n<th>Zatoki dyskowe<\/th>\n<td>8 zatok (SATA)<\/td>\n<\/tr>\n<tr>\n<th>System operacyjny<\/th>\n<td>UGOS Pro<\/td>\n<\/tr>\n<tr>\n<th>Model procesora<\/th>\n<td>1235U<\/td>\n<\/tr>\n<tr>\n<th>Architektura CPU<\/th>\n<td>Intel X86, 12. generacja, Intel\u00ae Core\u2122 i5, 10 rdzeni, 12 w\u0105tk\u00f3w<\/td>\n<\/tr>\n<tr>\n<th>Pami\u0119\u0107 RAM<\/th>\n<td>8 GB DDR5<\/td>\n<\/tr>\n<tr>\n<th>Obs\u0142uga ODECC<\/th>\n<td>Tak<\/td>\n<\/tr>\n<tr>\n<th>Rozbudowa RAM (maks.)<\/th>\n<td>Do 64 GB<\/td>\n<\/tr>\n<tr>\n<th>Pami\u0119\u0107 flash (dysk systemowy)<\/th>\n<td>SSD 128 GB<\/td>\n<\/tr>\n<tr>\n<th>Zatoki dysk\u00f3w SATA<\/th>\n<td>8<\/td>\n<\/tr>\n<tr>\n<th>Sloty M.2 SSD<\/th>\n<td>2<\/td>\n<\/tr>\n<tr>\n<th>Obs\u0142ugiwane systemy RAID<\/th>\n<td>JBOD \/ Basic \/ 0 \/ 1 \/ 5 \/ 6 \/ 10<\/td>\n<\/tr>\n<tr>\n<th>Maks. pojemno\u015b\u0107<\/th>\n<td>208 TB (8x 24 TB + 2x 8 TB)<\/td>\n<\/tr>\n<tr>\n<th>Porty LAN (RJ45)<\/th>\n<td>2x 10GbE<\/td>\n<\/tr>\n<tr>\n<th>Rozszerzenia PCIe<\/th>\n<td>1x PCIe x4<\/td>\n<\/tr>\n<tr>\n<th>Porty Thunderbolt\u2122 4<\/th>\n<td>2<\/td>\n<\/tr>\n<tr>\n<th>Szybkie porty USB (prz\u00f3d)<\/th>\n<td>2x Thunderbolt 4 (40 Gb\/s)<\/td>\n<\/tr>\n<tr>\n<th>Szybkie porty USB (ty\u0142)<\/th>\n<td>2x USB-A (10 Gb\/s)<\/td>\n<\/tr>\n<tr>\n<th>Porty USB 2.0 (ty\u0142)<\/th>\n<td>2x USB-A (480 Mb\/s)<\/td>\n<\/tr>\n<tr>\n<th>Czytnik kart SD<\/th>\n<td>SD 4.0<\/td>\n<\/tr>\n<tr>\n<th>HDMI<\/th>\n<td>8K<\/td>\n<\/tr>\n<tr>\n<th>Wi-Fi<\/th>\n<td>Brak<\/td>\n<\/tr>\n<tr>\n<th>Wymiary produktu<\/th>\n<td>Ok. 36 x 25,8 x 20 cm<\/td>\n<\/tr>\n<\/tbody>\n<\/table>\n<\/div>\n","protected":false},"excerpt":{"rendered":"<p>Serwer plik\u00f3w NAS Ugreen DXP8800 Plus, 8-dyskowy, Intel i5-1235U, 8GB DDR5, 2x 10GbE, 8K HDMI, SD 4.0 Ugreen NASync DXP8800<\/p>\n","protected":false},"featured_media":60435,"comment_status":"closed","ping_status":"open","template":"","meta":{"_acf_changed":false},"product_brand":[],"product_cat":[5929,5962],"product_tag":[],"class_list":{"0":"post-60434","1":"product","2":"type-product","3":"status-publish","4":"has-post-thumbnail","6":"product_cat-akcesoria-it","7":"product_cat-pozostale-akcesoria-it","8":"pa_okres-gwarancji-5757","9":"pa_producent-ugreen","11":"first","12":"instock","13":"taxable","14":"shipping-taxable","15":"purchasable","16":"product-type-simple"},"acf":[],"yoast_head":"<!-- This site is optimized with the Yoast SEO plugin v27.2 - https:\/\/yoast.com\/product\/yoast-seo-wordpress\/ -->\n<title>Serwer plik\u00f3w NAS Ugreen DXP8800 Plus, 8-dyskowy, Intel i5-1235U, 8GB DDR5, 2x 10GbE, 8K HDMI, SD 4.0 - IRONSKY.PL Sklep z Dronami<\/title>\n<meta name=\"description\" content=\"Serwer plik\u00f3w NAS Ugreen DXP8800 Plus, 8-dyskowy, Intel i5-1235U, 8GB DDR5, 2x 10GbE, 8K HDMI, SD 4.0 - \u2705 sklep z dronami i fachowym doradztwem. \u2705 Tutaj kupisz produkty DJI, Yuneec, Parrot, Syma i wiele innych, a tak\u017ce kursy i licencje na operatora drona.\" \/>\n<meta name=\"robots\" content=\"index, follow, max-snippet:-1, max-image-preview:large, max-video-preview:-1\" \/>\n<link rel=\"canonical\" href=\"https:\/\/ironsky.pl\/sklep\/produkt\/serwer-plikow-nas-ugreen-dxp8800-plus-8-dyskowy-intel-i5-1235u-8gb-ddr5-2x-10gbe-8k-hdmi-sd-4-0\/\" \/>\n<meta property=\"og:locale\" content=\"pl_PL\" \/>\n<meta property=\"og:type\" content=\"article\" \/>\n<meta property=\"og:title\" content=\"Serwer plik\u00f3w NAS Ugreen DXP8800 Plus, 8-dyskowy, Intel i5-1235U, 8GB DDR5, 2x 10GbE, 8K HDMI, SD 4.0 - IRONSKY.PL Sklep z Dronami\" \/>\n<meta property=\"og:description\" content=\"Serwer plik\u00f3w NAS Ugreen DXP8800 Plus, 8-dyskowy, Intel i5-1235U, 8GB DDR5, 2x 10GbE, 8K HDMI, SD 4.0 - \u2705 sklep z dronami i fachowym doradztwem. \u2705 Tutaj kupisz produkty DJI, Yuneec, Parrot, Syma i wiele innych, a tak\u017ce kursy i licencje na operatora drona.\" \/>\n<meta property=\"og:url\" content=\"https:\/\/ironsky.pl\/sklep\/produkt\/serwer-plikow-nas-ugreen-dxp8800-plus-8-dyskowy-intel-i5-1235u-8gb-ddr5-2x-10gbe-8k-hdmi-sd-4-0\/\" \/>\n<meta property=\"og:site_name\" content=\"IRONSKY.PL Sklep z Dronami\" \/>\n<meta property=\"article:modified_time\" content=\"2026-04-21T12:13:30+00:00\" \/>\n<meta property=\"og:image\" content=\"https:\/\/ironsky.pl\/sklep\/wp-content\/uploads\/2026\/04\/52558_1.jpg\" \/>\n\t<meta property=\"og:image:width\" content=\"800\" \/>\n\t<meta property=\"og:image:height\" content=\"800\" \/>\n\t<meta property=\"og:image:type\" content=\"image\/jpeg\" \/>\n<meta name=\"twitter:card\" content=\"summary_large_image\" \/>\n<meta name=\"twitter:label1\" content=\"Szacowany czas czytania\" \/>\n\t<meta name=\"twitter:data1\" content=\"5 minut\" \/>\n<script type=\"application\/ld+json\" class=\"yoast-schema-graph\">{\"@context\":\"https:\/\/schema.org\",\"@graph\":[{\"@type\":\"WebPage\",\"@id\":\"https:\/\/ironsky.pl\/sklep\/produkt\/serwer-plikow-nas-ugreen-dxp8800-plus-8-dyskowy-intel-i5-1235u-8gb-ddr5-2x-10gbe-8k-hdmi-sd-4-0\/\",\"url\":\"https:\/\/ironsky.pl\/sklep\/produkt\/serwer-plikow-nas-ugreen-dxp8800-plus-8-dyskowy-intel-i5-1235u-8gb-ddr5-2x-10gbe-8k-hdmi-sd-4-0\/\",\"name\":\"Serwer plik\u00f3w NAS Ugreen DXP8800 Plus, 8-dyskowy, Intel i5-1235U, 8GB DDR5, 2x 10GbE, 8K HDMI, SD 4.0 - IRONSKY.PL Sklep z Dronami\",\"isPartOf\":{\"@id\":\"https:\/\/ironsky.pl\/sklep\/#website\"},\"primaryImageOfPage\":{\"@id\":\"https:\/\/ironsky.pl\/sklep\/produkt\/serwer-plikow-nas-ugreen-dxp8800-plus-8-dyskowy-intel-i5-1235u-8gb-ddr5-2x-10gbe-8k-hdmi-sd-4-0\/#primaryimage\"},\"image\":{\"@id\":\"https:\/\/ironsky.pl\/sklep\/produkt\/serwer-plikow-nas-ugreen-dxp8800-plus-8-dyskowy-intel-i5-1235u-8gb-ddr5-2x-10gbe-8k-hdmi-sd-4-0\/#primaryimage\"},\"thumbnailUrl\":\"https:\/\/ironsky.pl\/sklep\/wp-content\/uploads\/2026\/04\/52558_1.jpg\",\"datePublished\":\"2026-04-15T09:01:58+00:00\",\"dateModified\":\"2026-04-21T12:13:30+00:00\",\"description\":\"Serwer plik\u00f3w NAS Ugreen DXP8800 Plus, 8-dyskowy, Intel i5-1235U, 8GB DDR5, 2x 10GbE, 8K HDMI, SD 4.0 - \u2705 sklep z dronami i fachowym doradztwem. \u2705 Tutaj kupisz produkty DJI, Yuneec, Parrot, Syma i wiele innych, a tak\u017ce kursy i licencje na operatora drona.\",\"breadcrumb\":{\"@id\":\"https:\/\/ironsky.pl\/sklep\/produkt\/serwer-plikow-nas-ugreen-dxp8800-plus-8-dyskowy-intel-i5-1235u-8gb-ddr5-2x-10gbe-8k-hdmi-sd-4-0\/#breadcrumb\"},\"inLanguage\":\"pl-PL\",\"potentialAction\":[{\"@type\":\"ReadAction\",\"target\":[\"https:\/\/ironsky.pl\/sklep\/produkt\/serwer-plikow-nas-ugreen-dxp8800-plus-8-dyskowy-intel-i5-1235u-8gb-ddr5-2x-10gbe-8k-hdmi-sd-4-0\/\"]}]},{\"@type\":\"ImageObject\",\"inLanguage\":\"pl-PL\",\"@id\":\"https:\/\/ironsky.pl\/sklep\/produkt\/serwer-plikow-nas-ugreen-dxp8800-plus-8-dyskowy-intel-i5-1235u-8gb-ddr5-2x-10gbe-8k-hdmi-sd-4-0\/#primaryimage\",\"url\":\"https:\/\/ironsky.pl\/sklep\/wp-content\/uploads\/2026\/04\/52558_1.jpg\",\"contentUrl\":\"https:\/\/ironsky.pl\/sklep\/wp-content\/uploads\/2026\/04\/52558_1.jpg\",\"width\":800,\"height\":800},{\"@type\":\"BreadcrumbList\",\"@id\":\"https:\/\/ironsky.pl\/sklep\/produkt\/serwer-plikow-nas-ugreen-dxp8800-plus-8-dyskowy-intel-i5-1235u-8gb-ddr5-2x-10gbe-8k-hdmi-sd-4-0\/#breadcrumb\",\"itemListElement\":[{\"@type\":\"ListItem\",\"position\":1,\"name\":\"Strona g\u0142\u00f3wna\",\"item\":\"https:\/\/ironsky.pl\/sklep\/\"},{\"@type\":\"ListItem\",\"position\":2,\"name\":\"Wszystkie produkty\",\"item\":\"https:\/\/ironsky.pl\/sklep\/produkty\/\"},{\"@type\":\"ListItem\",\"position\":3,\"name\":\"Serwer plik\u00f3w NAS Ugreen DXP8800 Plus, 8-dyskowy, Intel i5-1235U, 8GB DDR5, 2x 10GbE, 8K HDMI, SD 4.0\"}]},{\"@type\":\"WebSite\",\"@id\":\"https:\/\/ironsky.pl\/sklep\/#website\",\"url\":\"https:\/\/ironsky.pl\/sklep\/\",\"name\":\"IRONSKY.PL Sklep z Dronami\",\"description\":\"IRONSKY.PL Sklep z Dronami\",\"potentialAction\":[{\"@type\":\"SearchAction\",\"target\":{\"@type\":\"EntryPoint\",\"urlTemplate\":\"https:\/\/ironsky.pl\/sklep\/?s={search_term_string}\"},\"query-input\":{\"@type\":\"PropertyValueSpecification\",\"valueRequired\":true,\"valueName\":\"search_term_string\"}}],\"inLanguage\":\"pl-PL\"}]}<\/script>\n<!-- \/ Yoast SEO plugin. -->","yoast_head_json":{"title":"Serwer plik\u00f3w NAS Ugreen DXP8800 Plus, 8-dyskowy, Intel i5-1235U, 8GB DDR5, 2x 10GbE, 8K HDMI, SD 4.0 - IRONSKY.PL Sklep z Dronami","description":"Serwer plik\u00f3w NAS Ugreen DXP8800 Plus, 8-dyskowy, Intel i5-1235U, 8GB DDR5, 2x 10GbE, 8K HDMI, SD 4.0 - \u2705 sklep z dronami i fachowym doradztwem. \u2705 Tutaj kupisz produkty DJI, Yuneec, Parrot, Syma i wiele innych, a tak\u017ce kursy i licencje na operatora drona.","robots":{"index":"index","follow":"follow","max-snippet":"max-snippet:-1","max-image-preview":"max-image-preview:large","max-video-preview":"max-video-preview:-1"},"canonical":"https:\/\/ironsky.pl\/sklep\/produkt\/serwer-plikow-nas-ugreen-dxp8800-plus-8-dyskowy-intel-i5-1235u-8gb-ddr5-2x-10gbe-8k-hdmi-sd-4-0\/","og_locale":"pl_PL","og_type":"article","og_title":"Serwer plik\u00f3w NAS Ugreen DXP8800 Plus, 8-dyskowy, Intel i5-1235U, 8GB DDR5, 2x 10GbE, 8K HDMI, SD 4.0 - IRONSKY.PL Sklep z Dronami","og_description":"Serwer plik\u00f3w NAS Ugreen DXP8800 Plus, 8-dyskowy, Intel i5-1235U, 8GB DDR5, 2x 10GbE, 8K HDMI, SD 4.0 - \u2705 sklep z dronami i fachowym doradztwem. \u2705 Tutaj kupisz produkty DJI, Yuneec, Parrot, Syma i wiele innych, a tak\u017ce kursy i licencje na operatora drona.","og_url":"https:\/\/ironsky.pl\/sklep\/produkt\/serwer-plikow-nas-ugreen-dxp8800-plus-8-dyskowy-intel-i5-1235u-8gb-ddr5-2x-10gbe-8k-hdmi-sd-4-0\/","og_site_name":"IRONSKY.PL Sklep z Dronami","article_modified_time":"2026-04-21T12:13:30+00:00","og_image":[{"width":800,"height":800,"url":"https:\/\/ironsky.pl\/sklep\/wp-content\/uploads\/2026\/04\/52558_1.jpg","type":"image\/jpeg"}],"twitter_card":"summary_large_image","twitter_misc":{"Szacowany czas czytania":"5 minut"},"schema":{"@context":"https:\/\/schema.org","@graph":[{"@type":"WebPage","@id":"https:\/\/ironsky.pl\/sklep\/produkt\/serwer-plikow-nas-ugreen-dxp8800-plus-8-dyskowy-intel-i5-1235u-8gb-ddr5-2x-10gbe-8k-hdmi-sd-4-0\/","url":"https:\/\/ironsky.pl\/sklep\/produkt\/serwer-plikow-nas-ugreen-dxp8800-plus-8-dyskowy-intel-i5-1235u-8gb-ddr5-2x-10gbe-8k-hdmi-sd-4-0\/","name":"Serwer plik\u00f3w NAS Ugreen DXP8800 Plus, 8-dyskowy, Intel i5-1235U, 8GB DDR5, 2x 10GbE, 8K HDMI, SD 4.0 - IRONSKY.PL Sklep z Dronami","isPartOf":{"@id":"https:\/\/ironsky.pl\/sklep\/#website"},"primaryImageOfPage":{"@id":"https:\/\/ironsky.pl\/sklep\/produkt\/serwer-plikow-nas-ugreen-dxp8800-plus-8-dyskowy-intel-i5-1235u-8gb-ddr5-2x-10gbe-8k-hdmi-sd-4-0\/#primaryimage"},"image":{"@id":"https:\/\/ironsky.pl\/sklep\/produkt\/serwer-plikow-nas-ugreen-dxp8800-plus-8-dyskowy-intel-i5-1235u-8gb-ddr5-2x-10gbe-8k-hdmi-sd-4-0\/#primaryimage"},"thumbnailUrl":"https:\/\/ironsky.pl\/sklep\/wp-content\/uploads\/2026\/04\/52558_1.jpg","datePublished":"2026-04-15T09:01:58+00:00","dateModified":"2026-04-21T12:13:30+00:00","description":"Serwer plik\u00f3w NAS Ugreen DXP8800 Plus, 8-dyskowy, Intel i5-1235U, 8GB DDR5, 2x 10GbE, 8K HDMI, SD 4.0 - \u2705 sklep z dronami i fachowym doradztwem. \u2705 Tutaj kupisz produkty DJI, Yuneec, Parrot, Syma i wiele innych, a tak\u017ce kursy i licencje na operatora drona.","breadcrumb":{"@id":"https:\/\/ironsky.pl\/sklep\/produkt\/serwer-plikow-nas-ugreen-dxp8800-plus-8-dyskowy-intel-i5-1235u-8gb-ddr5-2x-10gbe-8k-hdmi-sd-4-0\/#breadcrumb"},"inLanguage":"pl-PL","potentialAction":[{"@type":"ReadAction","target":["https:\/\/ironsky.pl\/sklep\/produkt\/serwer-plikow-nas-ugreen-dxp8800-plus-8-dyskowy-intel-i5-1235u-8gb-ddr5-2x-10gbe-8k-hdmi-sd-4-0\/"]}]},{"@type":"ImageObject","inLanguage":"pl-PL","@id":"https:\/\/ironsky.pl\/sklep\/produkt\/serwer-plikow-nas-ugreen-dxp8800-plus-8-dyskowy-intel-i5-1235u-8gb-ddr5-2x-10gbe-8k-hdmi-sd-4-0\/#primaryimage","url":"https:\/\/ironsky.pl\/sklep\/wp-content\/uploads\/2026\/04\/52558_1.jpg","contentUrl":"https:\/\/ironsky.pl\/sklep\/wp-content\/uploads\/2026\/04\/52558_1.jpg","width":800,"height":800},{"@type":"BreadcrumbList","@id":"https:\/\/ironsky.pl\/sklep\/produkt\/serwer-plikow-nas-ugreen-dxp8800-plus-8-dyskowy-intel-i5-1235u-8gb-ddr5-2x-10gbe-8k-hdmi-sd-4-0\/#breadcrumb","itemListElement":[{"@type":"ListItem","position":1,"name":"Strona g\u0142\u00f3wna","item":"https:\/\/ironsky.pl\/sklep\/"},{"@type":"ListItem","position":2,"name":"Wszystkie produkty","item":"https:\/\/ironsky.pl\/sklep\/produkty\/"},{"@type":"ListItem","position":3,"name":"Serwer plik\u00f3w NAS Ugreen DXP8800 Plus, 8-dyskowy, Intel i5-1235U, 8GB DDR5, 2x 10GbE, 8K HDMI, SD 4.0"}]},{"@type":"WebSite","@id":"https:\/\/ironsky.pl\/sklep\/#website","url":"https:\/\/ironsky.pl\/sklep\/","name":"IRONSKY.PL Sklep z Dronami","description":"IRONSKY.PL Sklep z Dronami","potentialAction":[{"@type":"SearchAction","target":{"@type":"EntryPoint","urlTemplate":"https:\/\/ironsky.pl\/sklep\/?s={search_term_string}"},"query-input":{"@type":"PropertyValueSpecification","valueRequired":true,"valueName":"search_term_string"}}],"inLanguage":"pl-PL"}]}},"_links":{"self":[{"href":"https:\/\/ironsky.pl\/sklep\/wp-json\/wp\/v2\/product\/60434","targetHints":{"allow":["GET"]}}],"collection":[{"href":"https:\/\/ironsky.pl\/sklep\/wp-json\/wp\/v2\/product"}],"about":[{"href":"https:\/\/ironsky.pl\/sklep\/wp-json\/wp\/v2\/types\/product"}],"replies":[{"embeddable":true,"href":"https:\/\/ironsky.pl\/sklep\/wp-json\/wp\/v2\/comments?post=60434"}],"wp:featuredmedia":[{"embeddable":true,"href":"https:\/\/ironsky.pl\/sklep\/wp-json\/wp\/v2\/media\/60435"}],"wp:attachment":[{"href":"https:\/\/ironsky.pl\/sklep\/wp-json\/wp\/v2\/media?parent=60434"}],"wp:term":[{"taxonomy":"product_brand","embeddable":true,"href":"https:\/\/ironsky.pl\/sklep\/wp-json\/wp\/v2\/product_brand?post=60434"},{"taxonomy":"product_cat","embeddable":true,"href":"https:\/\/ironsky.pl\/sklep\/wp-json\/wp\/v2\/product_cat?post=60434"},{"taxonomy":"product_tag","embeddable":true,"href":"https:\/\/ironsky.pl\/sklep\/wp-json\/wp\/v2\/product_tag?post=60434"}],"curies":[{"name":"wp","href":"https:\/\/api.w.org\/{rel}","templated":true}]}}