{"id":60432,"date":"2026-04-15T11:01:58","date_gmt":"2026-04-15T09:01:58","guid":{"rendered":"https:\/\/ironsky.pl\/sklep\/produkt\/serwer-plikow-nas-ugreen-dxp6800-pro-6-dyskowy-intel-i5-1235u-8gb-ddr5-2x-10gbe-8k-hdmi-sd-4-0\/"},"modified":"2026-04-21T14:13:30","modified_gmt":"2026-04-21T12:13:30","slug":"serwer-plikow-nas-ugreen-dxp6800-pro-6-dyskowy-intel-i5-1235u-8gb-ddr5-2x-10gbe-8k-hdmi-sd-4-0","status":"publish","type":"product","link":"https:\/\/ironsky.pl\/sklep\/produkt\/serwer-plikow-nas-ugreen-dxp6800-pro-6-dyskowy-intel-i5-1235u-8gb-ddr5-2x-10gbe-8k-hdmi-sd-4-0\/","title":{"rendered":"Serwer plik\u00f3w NAS Ugreen DXP6800 Pro, 6-dyskowy, Intel i5-1235U, 8GB DDR5, 2x 10GbE, 8K HDMI, SD 4.0"},"content":{"rendered":"<h3>Serwer plik\u00f3w NAS Ugreen DXP6800 Pro, 6-dyskowy, Intel i5-1235U, 8GB DDR5, 2x 10GbE, 8K HDMI, SD 4.0<\/h3>\n<p>UGREEN NASync DXP6800 Pro to zaawansowany serwer plik\u00f3w, kt\u00f3ry \u0142\u0105czy niewielk\u0105 konstrukcj\u0119 z pot\u0119\u017cnymi parametrami. Zosta\u0142 wyposa\u017cony w procesor Intel\u00ae Core\u2122 i5-1235U (12. generacja, 10 rdzeni i 12 w\u0105tk\u00f3w), 8 GB pami\u0119ci RAM DDR5 z mo\u017cliwo\u015bci\u0105 rozbudowy do 64 GB, 6 zatok SATA oraz dwa z\u0142\u0105cza M.2 dla szybkich dysk\u00f3w SSD NVMe. Obs\u0142uguje maksymalnie 160 TB przestrzeni dyskowej i oferuje szeroki zakres funkcji, dzi\u0119ki kt\u00f3rym doskonale nada si\u0119 do nawet najbardziej wymagaj\u0105cych zada\u0144. Urz\u0105dzenie dzia\u0142a w oparciu o system UGOS Pro, a jego obs\u0142ug\u0119 u\u0142atwia aplikacja UGREEN NAS.<\/p>\n<p>\n<img decoding=\"async\" src=\"https:\/\/assets.innpro.pl\/15706\/19748\/3.jpg\" border=\"0\" alt=\"\" \/>\n<\/p>\n<h3>Gotowy do intensywnej pracy<\/h3>\n<p>Na pok\u0142adzie serwera znajduje si\u0119 nowoczesny procesor Intel Core i5-1235U \u2013 10-rdzeniowy, 12-w\u0105tkowy uk\u0142ad, kt\u00f3ry doskonale radzi sobie z wieloma zadaniami jednocze\u015bnie. Wspierany przez pami\u0119\u0107 RAM DDR5 4800 MHz 8 GB (z opcj\u0105 rozbudowy do 64 GB) \u2013 zapewnia stabiln\u0105 i p\u0142ynn\u0105 prac\u0119 systemu nawet przy du\u017cym obci\u0105\u017ceniu. To idealne rozwi\u0105zanie dla tw\u00f3rc\u00f3w tre\u015bci, firm pracuj\u0105cych z danymi oraz u\u017cytkownik\u00f3w, kt\u00f3rzy oczekuj\u0105 wysokiej responsywno\u015bci i niezawodno\u015bci.<\/p>\n<p>\n<img decoding=\"async\" src=\"https:\/\/assets.innpro.pl\/15706\/19748\/6.jpg\" border=\"0\" alt=\"\" \/>\n<\/p>\n<h3>Imponuj\u0105ca pojemno\u015b\u0107 160 TB<\/h3>\n<p>UGREEN DXP6800 Pro oferuje 6 zatok SATA oraz 2 sloty M.2 NVMe SSD. Dzi\u0119ki temu pozwala na osi\u0105gni\u0119cie \u0142\u0105cznej pojemno\u015bci do 160 TB \u2013 wystarczaj\u0105cej nawet na 55 milion\u00f3w zdj\u0119\u0107, 167 milion\u00f3w dokument\u00f3w lub 109 tysi\u0119cy film\u00f3w. Co wi\u0119cej, mo\u017cliwo\u015b\u0107 wykorzystania SSD jako pami\u0119ci cache dodatkowo zwi\u0119ksza szybko\u015b\u0107 dost\u0119pu do danych.<\/p>\n<p>\n<img decoding=\"async\" src=\"https:\/\/assets.innpro.pl\/15706\/19748\/13.jpg\" border=\"0\" alt=\"\" \/>\n<\/p>\n<h3>B\u0142yskawiczna transmisja danych<\/h3>\n<p>Urz\u0105dzenie wyposa\u017cono w dwa porty 10 GbE RJ45, kt\u00f3re mo\u017cna agregowa\u0107, uzyskuj\u0105c \u0142\u0105czn\u0105 przepustowo\u015b\u0107 do 20G i transfery si\u0119gaj\u0105ce nawet 2500 MB\/s. Taka wydajno\u015b\u0107 doskonale sprawdza si\u0119 przy pracy z plikami wideo 4K i 8K, du\u017cymi projektami graficznymi czy bazami danych.<\/p>\n<p>\n<img decoding=\"async\" src=\"https:\/\/assets.innpro.pl\/15706\/19748\/2.jpg\" border=\"0\" alt=\"\" \/>\n<\/p>\n<h3>Ultraszybkie porty Thunderbolt\u2122 4<\/h3>\n<p>Na froncie obudowy umieszczono dwa porty Thunderbolt\u2122 4 o przepustowo\u015bci do 40 Gb\/s. Umo\u017cliwiaj\u0105 one szybkie przesy\u0142anie du\u017cych plik\u00f3w z urz\u0105dze\u0144 zewn\u0119trznych, pod\u0142\u0105czanie stacji dokuj\u0105cych czy wsp\u00f3\u0142prac\u0119 z profesjonalnymi no\u015bnikami danych. To doskona\u0142e rozwi\u0105zanie dla tw\u00f3rc\u00f3w pracuj\u0105cych z bardzo du\u017cymi plikami!<\/p>\n<p>\n<img decoding=\"async\" src=\"https:\/\/assets.innpro.pl\/15706\/19748\/1.jpg\" border=\"0\" alt=\"\" \/>\n<\/p>\n<h3>Szeroka gama z\u0142\u0105czy<\/h3>\n<p>Opr\u00f3cz interfejs\u00f3w Thunderbolt\u2122 i 10 GbE, NAS oferuje tak\u017ce dwa porty USB 3.2 Gen2 (10 Gb\/s), dwa porty USB 2.0 (480 Mb\/s), HDMI obs\u0142uguj\u0105ce 8K oraz czytnik kart SD 4.0. Dost\u0119pne jest r\u00f3wnie\u017c z\u0142\u0105cze PCIe x4, kt\u00f3re pozwala na dalsz\u0105 rozbudow\u0119 serwera \u2013 na przyk\u0142ad o kart\u0119 rozszerze\u0144.<\/p>\n<p>\n<img decoding=\"async\" src=\"https:\/\/assets.innpro.pl\/15706\/19748\/12.jpg\" border=\"0\" alt=\"\" \/>\n<\/p>\n<h3>UGOS Pro \u2013 system skrojony pod wymagaj\u0105cych<\/h3>\n<p>Serwer pracuje na systemie UGOS Pro, kt\u00f3ry zosta\u0142 stworzony z my\u015bl\u0105 o wygodnym zarz\u0105dzaniu plikami. Zapewnia dost\u0119p do danych z poziomu przegl\u0105darki, urz\u0105dze\u0144 mobilnych (iOS, Android), komputer\u00f3w (macOS, Windows), a nawet telewizor\u00f3w. Dzi\u0119ki temu wszystko, czego potrzebujesz, mo\u017cesz mie\u0107 zawsze pod r\u0119k\u0105!<\/p>\n<p>\n<img decoding=\"async\" src=\"https:\/\/assets.innpro.pl\/15706\/19748\/7.jpg\" border=\"0\" alt=\"\" \/>\n<\/p>\n<h3>Intuicyjna aplikacja UGREEN NAS<\/h3>\n<p>Dzi\u0119ki aplikacji UGREEN NAS mo\u017cesz wygodnie zarz\u0105dza\u0107 plikami, synchronizowa\u0107 dane, tworzy\u0107 kopie zapasowe czy przesy\u0142a\u0107 multimedia. Oprogramowanie dzia\u0142a na smartfonach, komputerach i tabletach, zapewniaj\u0105c p\u0142ynny dost\u0119p niezale\u017cnie od lokalizacji. Ponadto AI Photo Album ze zintegrowanym inteligentnym asystentem automatycznie analizuje zdj\u0119cia i porz\u0105dkuje je wed\u0142ug twarzy, scen, lokalizacji i obiekt\u00f3w. Pozwala te\u017c wyszukiwa\u0107 obrazy po s\u0142owach kluczowych lub rozpoznanym tek\u015bcie, a dzi\u0119ki automatycznemu usuwaniu duplikat\u00f3w pomaga odzyska\u0107 cenn\u0105 przestrze\u0144 dyskow\u0105 i zachowa\u0107 porz\u0105dek w archiwum.<\/p>\n<p>\n<img decoding=\"async\" src=\"https:\/\/assets.innpro.pl\/15706\/19748\/9.jpg\" border=\"0\" alt=\"\" \/>\n<\/p>\n<h3>Bezpiecze\u0144stwo danych i wsparcie dla RAID<\/h3>\n<p>Serwer DXP6800 Pro zapewnia kompleksow\u0105 ochron\u0119 danych dzi\u0119ki wbudowanym funkcjom bezpiecze\u0144stwa. Oferuje wysokiej klasy szyfrowanie, zapor\u0119 sieciow\u0105 (firewall) oraz dost\u0119p do Security Managera, kt\u00f3ry wspiera zarz\u0105dzanie bezpiecze\u0144stwem zasob\u00f3w. Dodatkowo urz\u0105dzenie obs\u0142uguje systemy RAID JBOD, Basic, 0, 1, 5, 6 i 10, co pozwala dopasowa\u0107 konfiguracj\u0119 dysk\u00f3w do priorytet\u00f3w u\u017cytkownika \u2014 niezale\u017cnie od tego, czy liczy si\u0119 maksymalna pojemno\u015b\u0107, wydajno\u015b\u0107, czy odporno\u015b\u0107 na awarie.<\/p>\n<p>\n<img decoding=\"async\" src=\"https:\/\/assets.innpro.pl\/15706\/19748\/4.jpg\" border=\"0\" alt=\"\" \/>\n<\/p>\n<h3>Elastyczne zastosowania<\/h3>\n<p>DXP6800 Pro \u015bwietnie sprawdzi si\u0119 jako domowa chmura, centrum multimedialne, magazyn zdj\u0119\u0107 czy serwer dla zespo\u0142u projektowego. Dzi\u0119ki wsparciu dla Dockera produkt umo\u017cliwia te\u017c uruchamianie kontener\u00f3w z r\u00f3\u017cnymi aplikacjami, takimi jak na przyk\u0142ad systemy CMS, bazy danych czy \u015brodowiska programistyczne. Urz\u0105dzenie wspiera r\u00f3wnie\u017c zdalny dost\u0119p, synchronizacj\u0119 w czasie rzeczywistym oraz automatyczne kopie zapasowe z komputer\u00f3w i urz\u0105dze\u0144 mobilnych. B\u0119dzie idealnym rozwi\u0105zaniem dla firm i nie tylko!<\/p>\n<p>\n<img decoding=\"async\" src=\"https:\/\/assets.innpro.pl\/15706\/19748\/5.jpg\" border=\"0\" alt=\"\" \/>\n<\/p>\n<h3>Przemy\u015blana konstrukcja i ch\u0142odzenie<\/h3>\n<p>Obudowa ze stopu aluminium nie tylko zapewnia wi\u0119ksz\u0105 wytrzyma\u0142o\u015b\u0107 i stabilno\u015b\u0107 pracy dysk\u00f3w, ale te\u017c skutecznie wspomaga odprowadzanie ciep\u0142a. Co wi\u0119cej, magnetyczny filtr przeciwkurzowy u\u0142atwia utrzymanie produktu w czysto\u015bci, a inteligentne wentylatory oferuj\u0105 trzy tryby pracy (Default, Quiet i Full Speed) zapewniaj\u0105c efektywne, a zarazem ciche ch\u0142odzenie systemu. Dodatkowo mechanizm wysuwanych tacek umo\u017cliwia szybki i prosty monta\u017c dysk\u00f3w, u\u0142atwiaj\u0105c konfiguracj\u0119 serwera.<\/p>\n<p>\n<img decoding=\"async\" src=\"https:\/\/assets.innpro.pl\/15706\/19748\/8.jpg\" border=\"0\" alt=\"\" \/>\n<\/p>\n<h3>W zestawie<\/h3>\n<ul class=\"list-disc pl-5\">\n<li>Serwer NAS NASync DXP6800 Pro<\/li>\n<li>Instrukcja obs\u0142ugi<\/li>\n<li>Kluczyk do zatok dysk\u00f3w x2<\/li>\n<li>Przew\u00f3d zasilaj\u0105cy<\/li>\n<li>Kabel Ethernet CAT 7 x2<\/li>\n<li>Silikonowa podk\u0142adka pod SSD x2<\/li>\n<li>\u015aruby i \u015brubokr\u0119t<\/li>\n<\/ul>\n<div class=\"table-wrapper\">\n<p>\u00a0<\/p>\n<h3><\/h3>\n<table>\n<tbody>\n<tr>\n<th>Producent<\/th>\n<td>UGREEN<\/td>\n<\/tr>\n<tr>\n<th>Nazwa<\/th>\n<td>DXP6800 Pro<\/td>\n<\/tr>\n<tr>\n<th>Model<\/th>\n<td>25899B<\/td>\n<\/tr>\n<tr>\n<th>Obs\u0142ugiwane j\u0119zyki<\/th>\n<td>Angielski, niemiecki, francuski, hiszpa\u0144ski, portugalski, w\u0142oski, chi\u0144ski, japo\u0144ski<\/td>\n<\/tr>\n<tr>\n<th>Zatoki dyskowe<\/th>\n<td>6 zatok (SATA)<\/td>\n<\/tr>\n<tr>\n<th>System operacyjny<\/th>\n<td>UGOS Pro<\/td>\n<\/tr>\n<tr>\n<th>Model procesora<\/th>\n<td>1235U<\/td>\n<\/tr>\n<tr>\n<th>Architektura CPU<\/th>\n<td>Intel X86 12. generacja Intel\u00ae Core\u2122 i5, 10 rdzeni, 12 w\u0105tk\u00f3w<\/td>\n<\/tr>\n<tr>\n<th>Pami\u0119\u0107 RAM<\/th>\n<td>8 GB DDR5<\/td>\n<\/tr>\n<tr>\n<th>Obs\u0142uga ODECC<\/th>\n<td>Tak<\/td>\n<\/tr>\n<tr>\n<th>Rozbudowa RAM (maks.)<\/th>\n<td>64 GB<\/td>\n<\/tr>\n<tr>\n<th>Pami\u0119\u0107 flash (dysk systemowy)<\/th>\n<td>SSD 128 GB<\/td>\n<\/tr>\n<tr>\n<th>Zatoki dysk\u00f3w SATA<\/th>\n<td>6<\/td>\n<\/tr>\n<tr>\n<th>Sloty M.2 SSD<\/th>\n<td>2<\/td>\n<\/tr>\n<tr>\n<th>Obs\u0142ugiwane systemy RAID<\/th>\n<td>JBOD\/Basic\/0\/1\/5\/6\/10<\/td>\n<\/tr>\n<tr>\n<th>Maks. pojemno\u015b\u0107<\/th>\n<td>160 TB (6x 24 TB + 2x 8 TB)<\/td>\n<\/tr>\n<tr>\n<th>Porty LAN (RJ45)<\/th>\n<td>2x 10 GbE<\/td>\n<\/tr>\n<tr>\n<th>Rozszerzenia PCIe<\/th>\n<td>1x PCIe x4<\/td>\n<\/tr>\n<tr>\n<th>Porty Thunderbolt\u2122 4<\/th>\n<td>2<\/td>\n<\/tr>\n<tr>\n<th>Szybkie porty USB (prz\u00f3d)<\/th>\n<td>2x Thunderbolt 4 (40 Gb\/s)<\/td>\n<\/tr>\n<tr>\n<th>Szybkie porty USB (ty\u0142)<\/th>\n<td>2x USB-A (10 Gb\/s)<\/td>\n<\/tr>\n<tr>\n<th>Porty USB 2.0 (ty\u0142)<\/th>\n<td>2x USB-A (480Mb\/s)<\/td>\n<\/tr>\n<tr>\n<th>Czytnik kart SD<\/th>\n<td>SD 4.0<\/td>\n<\/tr>\n<tr>\n<th>HDMI<\/th>\n<td>8K<\/td>\n<\/tr>\n<tr>\n<th>Wi-Fi<\/th>\n<td>Brak<\/td>\n<\/tr>\n<tr>\n<th>Wymiary produktu<\/th>\n<td>Ok. 29,3 \u00d7 25,8 \u00d7 20 cm<\/td>\n<\/tr>\n<\/tbody>\n<\/table>\n<\/div>\n","protected":false},"excerpt":{"rendered":"<p>Serwer plik\u00f3w NAS Ugreen DXP6800 Pro, 6-dyskowy, Intel i5-1235U, 8GB DDR5, 2x 10GbE, 8K HDMI, SD 4.0 UGREEN NASync DXP6800<\/p>\n","protected":false},"featured_media":60433,"comment_status":"closed","ping_status":"open","template":"","meta":{"_acf_changed":false},"product_brand":[],"product_cat":[5929,5962],"product_tag":[],"class_list":{"0":"post-60432","1":"product","2":"type-product","3":"status-publish","4":"has-post-thumbnail","6":"product_cat-akcesoria-it","7":"product_cat-pozostale-akcesoria-it","8":"pa_okres-gwarancji-5757","9":"pa_producent-ugreen","11":"first","12":"instock","13":"taxable","14":"shipping-taxable","15":"purchasable","16":"product-type-simple"},"acf":[],"yoast_head":"<!-- This site is optimized with the Yoast SEO plugin v27.2 - https:\/\/yoast.com\/product\/yoast-seo-wordpress\/ -->\n<title>Serwer plik\u00f3w NAS Ugreen DXP6800 Pro, 6-dyskowy, Intel i5-1235U, 8GB DDR5, 2x 10GbE, 8K HDMI, SD 4.0 - IRONSKY.PL Sklep z Dronami<\/title>\n<meta name=\"description\" content=\"Serwer plik\u00f3w NAS Ugreen DXP6800 Pro, 6-dyskowy, Intel i5-1235U, 8GB DDR5, 2x 10GbE, 8K HDMI, SD 4.0 - \u2705 sklep z dronami i fachowym doradztwem. \u2705 Tutaj kupisz produkty DJI, Yuneec, Parrot, Syma i wiele innych, a tak\u017ce kursy i licencje na operatora drona.\" \/>\n<meta name=\"robots\" content=\"index, follow, max-snippet:-1, max-image-preview:large, max-video-preview:-1\" \/>\n<link rel=\"canonical\" href=\"https:\/\/ironsky.pl\/sklep\/produkt\/serwer-plikow-nas-ugreen-dxp6800-pro-6-dyskowy-intel-i5-1235u-8gb-ddr5-2x-10gbe-8k-hdmi-sd-4-0\/\" \/>\n<meta property=\"og:locale\" content=\"pl_PL\" \/>\n<meta property=\"og:type\" content=\"article\" \/>\n<meta property=\"og:title\" content=\"Serwer plik\u00f3w NAS Ugreen DXP6800 Pro, 6-dyskowy, Intel i5-1235U, 8GB DDR5, 2x 10GbE, 8K HDMI, SD 4.0 - IRONSKY.PL Sklep z Dronami\" \/>\n<meta property=\"og:description\" content=\"Serwer plik\u00f3w NAS Ugreen DXP6800 Pro, 6-dyskowy, Intel i5-1235U, 8GB DDR5, 2x 10GbE, 8K HDMI, SD 4.0 - \u2705 sklep z dronami i fachowym doradztwem. \u2705 Tutaj kupisz produkty DJI, Yuneec, Parrot, Syma i wiele innych, a tak\u017ce kursy i licencje na operatora drona.\" \/>\n<meta property=\"og:url\" content=\"https:\/\/ironsky.pl\/sklep\/produkt\/serwer-plikow-nas-ugreen-dxp6800-pro-6-dyskowy-intel-i5-1235u-8gb-ddr5-2x-10gbe-8k-hdmi-sd-4-0\/\" \/>\n<meta property=\"og:site_name\" content=\"IRONSKY.PL Sklep z Dronami\" \/>\n<meta property=\"article:modified_time\" content=\"2026-04-21T12:13:30+00:00\" \/>\n<meta property=\"og:image\" content=\"https:\/\/ironsky.pl\/sklep\/wp-content\/uploads\/2026\/04\/52557_1.jpg\" \/>\n\t<meta property=\"og:image:width\" content=\"800\" \/>\n\t<meta property=\"og:image:height\" content=\"800\" \/>\n\t<meta property=\"og:image:type\" content=\"image\/jpeg\" \/>\n<meta name=\"twitter:card\" content=\"summary_large_image\" \/>\n<meta name=\"twitter:label1\" content=\"Szacowany czas czytania\" \/>\n\t<meta name=\"twitter:data1\" content=\"5 minut\" \/>\n<script type=\"application\/ld+json\" class=\"yoast-schema-graph\">{\"@context\":\"https:\/\/schema.org\",\"@graph\":[{\"@type\":\"WebPage\",\"@id\":\"https:\/\/ironsky.pl\/sklep\/produkt\/serwer-plikow-nas-ugreen-dxp6800-pro-6-dyskowy-intel-i5-1235u-8gb-ddr5-2x-10gbe-8k-hdmi-sd-4-0\/\",\"url\":\"https:\/\/ironsky.pl\/sklep\/produkt\/serwer-plikow-nas-ugreen-dxp6800-pro-6-dyskowy-intel-i5-1235u-8gb-ddr5-2x-10gbe-8k-hdmi-sd-4-0\/\",\"name\":\"Serwer plik\u00f3w NAS Ugreen DXP6800 Pro, 6-dyskowy, Intel i5-1235U, 8GB DDR5, 2x 10GbE, 8K HDMI, SD 4.0 - IRONSKY.PL Sklep z Dronami\",\"isPartOf\":{\"@id\":\"https:\/\/ironsky.pl\/sklep\/#website\"},\"primaryImageOfPage\":{\"@id\":\"https:\/\/ironsky.pl\/sklep\/produkt\/serwer-plikow-nas-ugreen-dxp6800-pro-6-dyskowy-intel-i5-1235u-8gb-ddr5-2x-10gbe-8k-hdmi-sd-4-0\/#primaryimage\"},\"image\":{\"@id\":\"https:\/\/ironsky.pl\/sklep\/produkt\/serwer-plikow-nas-ugreen-dxp6800-pro-6-dyskowy-intel-i5-1235u-8gb-ddr5-2x-10gbe-8k-hdmi-sd-4-0\/#primaryimage\"},\"thumbnailUrl\":\"https:\/\/ironsky.pl\/sklep\/wp-content\/uploads\/2026\/04\/52557_1.jpg\",\"datePublished\":\"2026-04-15T09:01:58+00:00\",\"dateModified\":\"2026-04-21T12:13:30+00:00\",\"description\":\"Serwer plik\u00f3w NAS Ugreen DXP6800 Pro, 6-dyskowy, Intel i5-1235U, 8GB DDR5, 2x 10GbE, 8K HDMI, SD 4.0 - \u2705 sklep z dronami i fachowym doradztwem. \u2705 Tutaj kupisz produkty DJI, Yuneec, Parrot, Syma i wiele innych, a tak\u017ce kursy i licencje na operatora drona.\",\"breadcrumb\":{\"@id\":\"https:\/\/ironsky.pl\/sklep\/produkt\/serwer-plikow-nas-ugreen-dxp6800-pro-6-dyskowy-intel-i5-1235u-8gb-ddr5-2x-10gbe-8k-hdmi-sd-4-0\/#breadcrumb\"},\"inLanguage\":\"pl-PL\",\"potentialAction\":[{\"@type\":\"ReadAction\",\"target\":[\"https:\/\/ironsky.pl\/sklep\/produkt\/serwer-plikow-nas-ugreen-dxp6800-pro-6-dyskowy-intel-i5-1235u-8gb-ddr5-2x-10gbe-8k-hdmi-sd-4-0\/\"]}]},{\"@type\":\"ImageObject\",\"inLanguage\":\"pl-PL\",\"@id\":\"https:\/\/ironsky.pl\/sklep\/produkt\/serwer-plikow-nas-ugreen-dxp6800-pro-6-dyskowy-intel-i5-1235u-8gb-ddr5-2x-10gbe-8k-hdmi-sd-4-0\/#primaryimage\",\"url\":\"https:\/\/ironsky.pl\/sklep\/wp-content\/uploads\/2026\/04\/52557_1.jpg\",\"contentUrl\":\"https:\/\/ironsky.pl\/sklep\/wp-content\/uploads\/2026\/04\/52557_1.jpg\",\"width\":800,\"height\":800},{\"@type\":\"BreadcrumbList\",\"@id\":\"https:\/\/ironsky.pl\/sklep\/produkt\/serwer-plikow-nas-ugreen-dxp6800-pro-6-dyskowy-intel-i5-1235u-8gb-ddr5-2x-10gbe-8k-hdmi-sd-4-0\/#breadcrumb\",\"itemListElement\":[{\"@type\":\"ListItem\",\"position\":1,\"name\":\"Strona g\u0142\u00f3wna\",\"item\":\"https:\/\/ironsky.pl\/sklep\/\"},{\"@type\":\"ListItem\",\"position\":2,\"name\":\"Wszystkie produkty\",\"item\":\"https:\/\/ironsky.pl\/sklep\/produkty\/\"},{\"@type\":\"ListItem\",\"position\":3,\"name\":\"Serwer plik\u00f3w NAS Ugreen DXP6800 Pro, 6-dyskowy, Intel i5-1235U, 8GB DDR5, 2x 10GbE, 8K HDMI, SD 4.0\"}]},{\"@type\":\"WebSite\",\"@id\":\"https:\/\/ironsky.pl\/sklep\/#website\",\"url\":\"https:\/\/ironsky.pl\/sklep\/\",\"name\":\"IRONSKY.PL Sklep z Dronami\",\"description\":\"IRONSKY.PL Sklep z Dronami\",\"potentialAction\":[{\"@type\":\"SearchAction\",\"target\":{\"@type\":\"EntryPoint\",\"urlTemplate\":\"https:\/\/ironsky.pl\/sklep\/?s={search_term_string}\"},\"query-input\":{\"@type\":\"PropertyValueSpecification\",\"valueRequired\":true,\"valueName\":\"search_term_string\"}}],\"inLanguage\":\"pl-PL\"}]}<\/script>\n<!-- \/ Yoast SEO plugin. -->","yoast_head_json":{"title":"Serwer plik\u00f3w NAS Ugreen DXP6800 Pro, 6-dyskowy, Intel i5-1235U, 8GB DDR5, 2x 10GbE, 8K HDMI, SD 4.0 - IRONSKY.PL Sklep z Dronami","description":"Serwer plik\u00f3w NAS Ugreen DXP6800 Pro, 6-dyskowy, Intel i5-1235U, 8GB DDR5, 2x 10GbE, 8K HDMI, SD 4.0 - \u2705 sklep z dronami i fachowym doradztwem. \u2705 Tutaj kupisz produkty DJI, Yuneec, Parrot, Syma i wiele innych, a tak\u017ce kursy i licencje na operatora drona.","robots":{"index":"index","follow":"follow","max-snippet":"max-snippet:-1","max-image-preview":"max-image-preview:large","max-video-preview":"max-video-preview:-1"},"canonical":"https:\/\/ironsky.pl\/sklep\/produkt\/serwer-plikow-nas-ugreen-dxp6800-pro-6-dyskowy-intel-i5-1235u-8gb-ddr5-2x-10gbe-8k-hdmi-sd-4-0\/","og_locale":"pl_PL","og_type":"article","og_title":"Serwer plik\u00f3w NAS Ugreen DXP6800 Pro, 6-dyskowy, Intel i5-1235U, 8GB DDR5, 2x 10GbE, 8K HDMI, SD 4.0 - IRONSKY.PL Sklep z Dronami","og_description":"Serwer plik\u00f3w NAS Ugreen DXP6800 Pro, 6-dyskowy, Intel i5-1235U, 8GB DDR5, 2x 10GbE, 8K HDMI, SD 4.0 - \u2705 sklep z dronami i fachowym doradztwem. \u2705 Tutaj kupisz produkty DJI, Yuneec, Parrot, Syma i wiele innych, a tak\u017ce kursy i licencje na operatora drona.","og_url":"https:\/\/ironsky.pl\/sklep\/produkt\/serwer-plikow-nas-ugreen-dxp6800-pro-6-dyskowy-intel-i5-1235u-8gb-ddr5-2x-10gbe-8k-hdmi-sd-4-0\/","og_site_name":"IRONSKY.PL Sklep z Dronami","article_modified_time":"2026-04-21T12:13:30+00:00","og_image":[{"width":800,"height":800,"url":"https:\/\/ironsky.pl\/sklep\/wp-content\/uploads\/2026\/04\/52557_1.jpg","type":"image\/jpeg"}],"twitter_card":"summary_large_image","twitter_misc":{"Szacowany czas czytania":"5 minut"},"schema":{"@context":"https:\/\/schema.org","@graph":[{"@type":"WebPage","@id":"https:\/\/ironsky.pl\/sklep\/produkt\/serwer-plikow-nas-ugreen-dxp6800-pro-6-dyskowy-intel-i5-1235u-8gb-ddr5-2x-10gbe-8k-hdmi-sd-4-0\/","url":"https:\/\/ironsky.pl\/sklep\/produkt\/serwer-plikow-nas-ugreen-dxp6800-pro-6-dyskowy-intel-i5-1235u-8gb-ddr5-2x-10gbe-8k-hdmi-sd-4-0\/","name":"Serwer plik\u00f3w NAS Ugreen DXP6800 Pro, 6-dyskowy, Intel i5-1235U, 8GB DDR5, 2x 10GbE, 8K HDMI, SD 4.0 - IRONSKY.PL Sklep z Dronami","isPartOf":{"@id":"https:\/\/ironsky.pl\/sklep\/#website"},"primaryImageOfPage":{"@id":"https:\/\/ironsky.pl\/sklep\/produkt\/serwer-plikow-nas-ugreen-dxp6800-pro-6-dyskowy-intel-i5-1235u-8gb-ddr5-2x-10gbe-8k-hdmi-sd-4-0\/#primaryimage"},"image":{"@id":"https:\/\/ironsky.pl\/sklep\/produkt\/serwer-plikow-nas-ugreen-dxp6800-pro-6-dyskowy-intel-i5-1235u-8gb-ddr5-2x-10gbe-8k-hdmi-sd-4-0\/#primaryimage"},"thumbnailUrl":"https:\/\/ironsky.pl\/sklep\/wp-content\/uploads\/2026\/04\/52557_1.jpg","datePublished":"2026-04-15T09:01:58+00:00","dateModified":"2026-04-21T12:13:30+00:00","description":"Serwer plik\u00f3w NAS Ugreen DXP6800 Pro, 6-dyskowy, Intel i5-1235U, 8GB DDR5, 2x 10GbE, 8K HDMI, SD 4.0 - \u2705 sklep z dronami i fachowym doradztwem. \u2705 Tutaj kupisz produkty DJI, Yuneec, Parrot, Syma i wiele innych, a tak\u017ce kursy i licencje na operatora drona.","breadcrumb":{"@id":"https:\/\/ironsky.pl\/sklep\/produkt\/serwer-plikow-nas-ugreen-dxp6800-pro-6-dyskowy-intel-i5-1235u-8gb-ddr5-2x-10gbe-8k-hdmi-sd-4-0\/#breadcrumb"},"inLanguage":"pl-PL","potentialAction":[{"@type":"ReadAction","target":["https:\/\/ironsky.pl\/sklep\/produkt\/serwer-plikow-nas-ugreen-dxp6800-pro-6-dyskowy-intel-i5-1235u-8gb-ddr5-2x-10gbe-8k-hdmi-sd-4-0\/"]}]},{"@type":"ImageObject","inLanguage":"pl-PL","@id":"https:\/\/ironsky.pl\/sklep\/produkt\/serwer-plikow-nas-ugreen-dxp6800-pro-6-dyskowy-intel-i5-1235u-8gb-ddr5-2x-10gbe-8k-hdmi-sd-4-0\/#primaryimage","url":"https:\/\/ironsky.pl\/sklep\/wp-content\/uploads\/2026\/04\/52557_1.jpg","contentUrl":"https:\/\/ironsky.pl\/sklep\/wp-content\/uploads\/2026\/04\/52557_1.jpg","width":800,"height":800},{"@type":"BreadcrumbList","@id":"https:\/\/ironsky.pl\/sklep\/produkt\/serwer-plikow-nas-ugreen-dxp6800-pro-6-dyskowy-intel-i5-1235u-8gb-ddr5-2x-10gbe-8k-hdmi-sd-4-0\/#breadcrumb","itemListElement":[{"@type":"ListItem","position":1,"name":"Strona g\u0142\u00f3wna","item":"https:\/\/ironsky.pl\/sklep\/"},{"@type":"ListItem","position":2,"name":"Wszystkie produkty","item":"https:\/\/ironsky.pl\/sklep\/produkty\/"},{"@type":"ListItem","position":3,"name":"Serwer plik\u00f3w NAS Ugreen DXP6800 Pro, 6-dyskowy, Intel i5-1235U, 8GB DDR5, 2x 10GbE, 8K HDMI, SD 4.0"}]},{"@type":"WebSite","@id":"https:\/\/ironsky.pl\/sklep\/#website","url":"https:\/\/ironsky.pl\/sklep\/","name":"IRONSKY.PL Sklep z Dronami","description":"IRONSKY.PL Sklep z Dronami","potentialAction":[{"@type":"SearchAction","target":{"@type":"EntryPoint","urlTemplate":"https:\/\/ironsky.pl\/sklep\/?s={search_term_string}"},"query-input":{"@type":"PropertyValueSpecification","valueRequired":true,"valueName":"search_term_string"}}],"inLanguage":"pl-PL"}]}},"_links":{"self":[{"href":"https:\/\/ironsky.pl\/sklep\/wp-json\/wp\/v2\/product\/60432","targetHints":{"allow":["GET"]}}],"collection":[{"href":"https:\/\/ironsky.pl\/sklep\/wp-json\/wp\/v2\/product"}],"about":[{"href":"https:\/\/ironsky.pl\/sklep\/wp-json\/wp\/v2\/types\/product"}],"replies":[{"embeddable":true,"href":"https:\/\/ironsky.pl\/sklep\/wp-json\/wp\/v2\/comments?post=60432"}],"wp:featuredmedia":[{"embeddable":true,"href":"https:\/\/ironsky.pl\/sklep\/wp-json\/wp\/v2\/media\/60433"}],"wp:attachment":[{"href":"https:\/\/ironsky.pl\/sklep\/wp-json\/wp\/v2\/media?parent=60432"}],"wp:term":[{"taxonomy":"product_brand","embeddable":true,"href":"https:\/\/ironsky.pl\/sklep\/wp-json\/wp\/v2\/product_brand?post=60432"},{"taxonomy":"product_cat","embeddable":true,"href":"https:\/\/ironsky.pl\/sklep\/wp-json\/wp\/v2\/product_cat?post=60432"},{"taxonomy":"product_tag","embeddable":true,"href":"https:\/\/ironsky.pl\/sklep\/wp-json\/wp\/v2\/product_tag?post=60432"}],"curies":[{"name":"wp","href":"https:\/\/api.w.org\/{rel}","templated":true}]}}