{"id":60430,"date":"2026-04-15T11:01:58","date_gmt":"2026-04-15T09:01:58","guid":{"rendered":"https:\/\/ironsky.pl\/sklep\/produkt\/serwer-plikow-nas-ugreen-dxp4800-plus-4-dyskowy-intel-8505-8gb-ddr5-2-5gbe-4k-hdmi-sd-3-0\/"},"modified":"2026-04-21T14:13:29","modified_gmt":"2026-04-21T12:13:29","slug":"serwer-plikow-nas-ugreen-dxp4800-plus-4-dyskowy-intel-8505-8gb-ddr5-2-5gbe-4k-hdmi-sd-3-0","status":"publish","type":"product","link":"https:\/\/ironsky.pl\/sklep\/produkt\/serwer-plikow-nas-ugreen-dxp4800-plus-4-dyskowy-intel-8505-8gb-ddr5-2-5gbe-4k-hdmi-sd-3-0\/","title":{"rendered":"Serwer plik\u00f3w NAS Ugreen DXP4800 Plus, 4-dyskowy, Intel 8505, 8GB DDR5, 2.5GbE, 4K HDMI, SD 3.0"},"content":{"rendered":"<h3>Serwer plik\u00f3w NAS Ugreen DXP4800 Plus, 4-dyskowy, Intel 8505, 8GB DDR5, 2.5GbE, 4K HDMI, SD 3.0<\/h3>\n<p>UGREEN NASync DXP4800 Plus to 4-zatokowy serwer plik\u00f3w, kt\u00f3ry \u0142\u0105czy wysok\u0105 wydajno\u015b\u0107 z funkcjonalno\u015bci\u0105. Zosta\u0142 wyposa\u017cony w energooszcz\u0119dny procesor Intel Pentium Gold 8505 (5 rdzeni, 6 w\u0105tk\u00f3w), 8 GB pami\u0119ci RAM DDR5 (z mo\u017cliwo\u015bci\u0105 rozbudowy do 64 GB), a tak\u017ce kilka port\u00f3w do szybkiej transmisji danych. Pozwala uzyska\u0107 \u0142\u0105czn\u0105 pojemno\u015b\u0107 a\u017c 112 TB i zapewnia zdalny dost\u0119p do zdj\u0119\u0107, dokument\u00f3w czy film\u00f3w z dowolnego miejsca. To idealne rozwi\u0105zanie do prywatnego przechowywania danych, tworzenia kopii zapasowych, streamingu multimedi\u00f3w i pracy zespo\u0142owej \u2014 w domu lub w biurze. Serwer jest kompatybilny z dyskami 3,5&#8243; HDD, 2,5&#8243; HDD oraz 2,5&#8243; SSD.<\/p>\n<p>\n<img decoding=\"async\" src=\"https:\/\/assets.innpro.pl\/15708\/19764\/5.jpg\" border=\"0\" alt=\"\" \/>\n<\/p>\n<h3>Wysoka wydajno\u015b\u0107 i szybkie dzia\u0142anie<\/h3>\n<p>Serwer nap\u0119dzany jest procesorem 12. generacji Intel Pentium Gold 8505, kt\u00f3ry wyr\u00f3\u017cnia si\u0119 5 rdzeniami, 6 w\u0105tkami i taktowaniem 4,4 GHz. Dzi\u0119ki temu wspiera wielozadaniowo\u015b\u0107, umo\u017cliwia p\u0142ynne dzia\u0142anie wielu us\u0142ug i \u015bwietnie sprawdza si\u0119 w pracy ci\u0105g\u0142ej 24\/7. Ponadto nowoczesna pami\u0119\u0107 RAM DDR5 (4800 MHz) 8 GB (z opcj\u0105 rozbudowy do 64 GB) gwarantuje szybsze \u0142adowanie aplikacji i lepsz\u0105 responsywno\u015b\u0107 systemu.<\/p>\n<p>\n<img decoding=\"async\" src=\"https:\/\/assets.innpro.pl\/15708\/19764\/4.jpg\" border=\"0\" alt=\"\" \/>\n<\/p>\n<h3>Obs\u0142uga ogromnej przestrzeni dyskowej<\/h3>\n<p>Urz\u0105dzenie pozwala na monta\u017c czterech dysk\u00f3w SATA oraz dw\u00f3ch szybkich dysk\u00f3w SSD NVMe M.2, co daje maksymaln\u0105 \u0142\u0105czn\u0105 pojemno\u015b\u0107 a\u017c 112 TB. Taka konfiguracja \u015bwietnie sprawdzi si\u0119 jako archiwum dla tysi\u0119cy zdj\u0119\u0107, film\u00f3w, dokument\u00f3w czy projekt\u00f3w graficznych. To jednak nie wszystko. Dyski SSD mog\u0105 pe\u0142ni\u0107 funkcj\u0119 pami\u0119ci cache, co jeszcze bardziej przyspiesza dzia\u0142anie systemu.<\/p>\n<p>\n<img decoding=\"async\" src=\"https:\/\/assets.innpro.pl\/15708\/19764\/10.jpg\" border=\"0\" alt=\"\" \/>\n<\/p>\n<h3>Superszybki transfer danych i bogaty zestaw port\u00f3w <\/h3>\n<p>UGREEN DXP4800 Plus oferuje bardzo szybk\u0105 \u0142\u0105czno\u015b\u0107 sieciow\u0105 dzi\u0119ki dw\u00f3m portom RJ45 (10 GbE i 2,5 GbE), kt\u00f3re umo\u017cliwiaj\u0105 transfer danych z pr\u0119dko\u015bci\u0105 si\u0119gaj\u0105c\u0105 1250 MB\/s. Taka wydajno\u015b\u0107 pozwala na b\u0142yskawiczne przesy\u0142anie du\u017cych plik\u00f3w, p\u0142ynne odtwarzanie multimedi\u00f3w czy zdaln\u0105 prac\u0119 z dokumentami bez op\u00f3\u017anie\u0144. Wystarczy mniej ni\u017c 2 sekundy, aby skopiowa\u0107 1 GB danych! Opr\u00f3cz szybkich interfejs\u00f3w sieciowych serwer oferuje szeroki wyb\u00f3r z\u0142\u0105czy do codziennej pracy. Na przednim panelu znajdziesz port USB-C oraz USB-A o przepustowo\u015bci 10 Gb\/s, natomiast z ty\u0142u dodatkowy port USB-A (5 Gb\/s) i dwa porty USB 2.0 (480 Mb\/s). Do Twojej dyspozycji jest te\u017c czytnik kart SD 3.0 i wyj\u015bcie HDMI z obs\u0142ug\u0105 obrazu 4K\/60 Hz, dzi\u0119ki kt\u00f3remu NAS mo\u017ce pe\u0142ni\u0107 funkcj\u0119 domowego centrum rozrywki. Wystarczy pod\u0142\u0105czy\u0107 go do telewizora, aby odtwarza\u0107 filmy w wysokiej jako\u015bci! System samodzielnie kataloguje multimedia i porz\u0105dkuje je wed\u0142ug typ\u00f3w tre\u015bci, u\u0142atwiaj\u0105c ich przegl\u0105danie.<\/p>\n<p>\n<img decoding=\"async\" src=\"https:\/\/assets.innpro.pl\/15708\/19764\/6.jpg\" border=\"0\" alt=\"\" \/>\n<\/p>\n<h3>Bezpiecze\u0144stwo danych i elastyczne konfiguracje RAID<\/h3>\n<p>UGREEN NASync DXP4800 Plus zapewnia wysoki poziom ochrony danych dzi\u0119ki zastosowaniu profesjonalnych protoko\u0142\u00f3w szyfrowania, kt\u00f3re zabezpieczaj\u0105 zar\u00f3wno pliki, jak i konta u\u017cytkownik\u00f3w. Ponadto wbudowany Security Manager umo\u017cliwia skanowanie antywirusowe w czasie rzeczywistym, a tak\u017ce zarz\u0105dzanie dost\u0119pem i konfiguracj\u0119 uprawnie\u0144. Dodatkowo obs\u0142uga r\u00f3\u017cnych konfiguracji RAID (JBOD, Basic, 0, 1, 5, 6, 10) pozwala dobra\u0107 odpowiedni tryb przechowywania w zale\u017cno\u015bci od potrzeb \u2013 od maksymalnej przestrzeni dyskowej po wi\u0119ksz\u0105 odporno\u015b\u0107 na awarie.<\/p>\n<p>\n<img decoding=\"async\" src=\"https:\/\/assets.innpro.pl\/15708\/19764\/1.jpg\" border=\"0\" alt=\"\" \/>\n<\/p>\n<h3>Inteligentny album AI<\/h3>\n<p>Zintegrowany system do zarz\u0105dzania zdj\u0119ciami automatycznie rozpoznaje twarze, sceny, teksty, zwierz\u0119ta i obiekty. Mo\u017ce te\u017c usuwa\u0107 duplikaty, u\u0142atwiaj\u0105c porz\u0105dkowanie biblioteki i oszcz\u0119dzanie przestrzeni dyskowej. Oferuje tak\u017ce wyszukiwanie semantyczne, kt\u00f3re pozwala odnajdywa\u0107 fotografie za pomoc\u0105 prostych opis\u00f3w.<\/p>\n<p>\n<img decoding=\"async\" src=\"https:\/\/assets.innpro.pl\/15708\/19764\/9.jpg\" border=\"0\" alt=\"\" \/>\n<\/p>\n<h3>Intuicyjna aplikacja do zarz\u0105dzania<\/h3>\n<p>UGREEN udost\u0119pnia prost\u0105 i przejrzyst\u0105 aplikacj\u0119, kt\u00f3ra umo\u017cliwia zarz\u0105dzanie serwerem NAS z poziomu komputera (Windows i macOS), przegl\u0105darki, smartfona (iOS i Android) czy nawet telewizora. Wszystkie funkcje \u2013 od udost\u0119pniania plik\u00f3w, przez zarz\u0105dzanie folderami, po ustawienia zaawansowane \u2013 dost\u0119pne s\u0105 z poziomu jednego panelu.<\/p>\n<p>\n<img decoding=\"async\" src=\"https:\/\/assets.innpro.pl\/15708\/19764\/2.jpg\" border=\"0\" alt=\"\" \/>\n<\/p>\n<h3>Gotowy do pracy w r\u00f3\u017cnych \u015brodowiskach<\/h3>\n<p>Dzi\u0119ki obs\u0142udze Dockera i maszyn wirtualnych (VM) NAS sprawdzi si\u0119 r\u00f3wnie\u017c jako wielozadaniowe centrum operacyjne. Mo\u017cesz uruchamia\u0107 na nim dodatkowe aplikacje, takie jak serwery multimedi\u00f3w, systemy monitoringu, a nawet \u015brodowiska testowe z Linuxem lub Windowsem.<\/p>\n<p>\n<img decoding=\"async\" src=\"https:\/\/assets.innpro.pl\/15708\/19764\/7.jpg\" border=\"0\" alt=\"\" \/>\n<\/p>\n<h3>Cicha i przemy\u015blana konstrukcja<\/h3>\n<p>Obudowa wykonana ze stopu aluminium nie tylko nadaje urz\u0105dzeniu nowoczesny, minimalistyczny wygl\u0105d, ale te\u017c zapewnia mu wytrzyma\u0142o\u015b\u0107 i skutecznie odprowadza ciep\u0142o. Co wi\u0119cej, wbudowany system ch\u0142odzenia oferuje trzy tryby pracy: Default, Full Speed i Quiet, w kt\u00f3rym poziom ha\u0142asu mie\u015bci si\u0119 w zakresie 29\u201334 dB \u2013 czyli mniej wi\u0119cej tak, jak w bibliotece.<\/p>\n<p>\n<img decoding=\"async\" src=\"https:\/\/assets.innpro.pl\/15708\/19764\/8.jpg\" border=\"0\" alt=\"\" \/>\n<\/p>\n<h3>Wiele zastosowa\u0144 w pracy i w domu<\/h3>\n<p>UGREEN NASync DXP4800 Plus sprawdzi si\u0119 zar\u00f3wno w zastosowaniach domowych, jak i profesjonalnych. Mo\u017ce pe\u0142ni\u0107 rol\u0119 prywatnego serwera do przechowywania zdj\u0119\u0107, film\u00f3w i dokument\u00f3w, centrum multimedialnego do odtwarzania tre\u015bci w jako\u015bci 4K, a tak\u017ce narz\u0119dzia do tworzenia kopii zapasowych czy wymiany plik\u00f3w w zespole. Dzi\u0119ki wsparciu dla Dockera i maszyn wirtualnych, nadaje si\u0119 r\u00f3wnie\u017c do wdra\u017cania dodatkowych aplikacji. Zdalny dost\u0119p pozwala na wygodne zarz\u0105dzanie plikami z dowolnej lokalizacji, a intuicyjna obs\u0142uga sprawia, \u017ce wszystkie te funkcje s\u0105 dost\u0119pne tak\u017ce dla mniej zaawansowanych u\u017cytkownik\u00f3w.<\/p>\n<p>\n<img decoding=\"async\" src=\"https:\/\/assets.innpro.pl\/15708\/19764\/3.jpg\" border=\"0\" alt=\"\" \/>\n<\/p>\n<h3>W zestawie<\/h3>\n<ul class=\"list-disc pl-5\">\n<li>Serwer NAS NASync DXP4800 Plus<\/li>\n<li>Instrukcja obs\u0142ugi<\/li>\n<li>Silikonowa podk\u0142adka pod dysk SSD x2<\/li>\n<li>Kluczyk do zatok dyskowych x2<\/li>\n<li>Zestaw \u015brub i \u015brubokr\u0119t<\/li>\n<li>Kabel Ethernet (CAT 7) x2<\/li>\n<li>Zasilacz (DC 12V\/5A)<\/li>\n<\/ul>\n<div class=\"table-wrapper\">\n<p>\u00a0<\/p>\n<h3><\/h3>\n<table>\n<tbody>\n<tr>\n<th>Producent<\/th>\n<td>UGREEN<\/td>\n<\/tr>\n<tr>\n<th>Nazwa<\/th>\n<td>DXP4800 Plus<\/td>\n<\/tr>\n<tr>\n<th>Model<\/th>\n<td>35261<\/td>\n<\/tr>\n<tr>\n<th>Obs\u0142ugiwane j\u0119zyki<\/th>\n<td>Angielski, niemiecki, francuski, hiszpa\u0144ski, portugalski, w\u0142oski, chi\u0144ski, japo\u0144ski<\/td>\n<\/tr>\n<tr>\n<th>Zatoki dyskowe<\/th>\n<td>4 zatoki (SATA)<\/td>\n<\/tr>\n<tr>\n<th>System operacyjny<\/th>\n<td>UGOS Pro<\/td>\n<\/tr>\n<tr>\n<th>Model procesora<\/th>\n<td>8505<\/td>\n<\/tr>\n<tr>\n<th>Architektura CPU<\/th>\n<td>Intel X86 12. generacja, Intel\u00ae Pentium\u00ae Gold, 5 rdzeni, 6 w\u0105tk\u00f3w<\/td>\n<\/tr>\n<tr>\n<th>Pami\u0119\u0107 RAM<\/th>\n<td>8 GB DDR5<\/td>\n<\/tr>\n<tr>\n<th>Obs\u0142uga ODECC<\/th>\n<td>Tak<\/td>\n<\/tr>\n<tr>\n<th>Rozbudowa RAM (maks.)<\/th>\n<td>64 GB<\/td>\n<\/tr>\n<tr>\n<th>Pami\u0119\u0107 flash (dysk systemowy)<\/th>\n<td>SSD 128 GB<\/td>\n<\/tr>\n<tr>\n<th>Zatoki dysk\u00f3w SATA<\/th>\n<td>4<\/td>\n<\/tr>\n<tr>\n<th>Sloty M.2 SSD<\/th>\n<td>2<\/td>\n<\/tr>\n<tr>\n<th>Systemy RAID<\/th>\n<td>JBOD\/Basic\/0\/1\/5\/6\/10<\/td>\n<\/tr>\n<tr>\n<th>Maks. pojemno\u015b\u0107<\/th>\n<td>112 TB (4x 24 TB + 2x 8 TB)<\/td>\n<\/tr>\n<tr>\n<th>Porty LAN (RJ45)<\/th>\n<td>1x 2,5GbE, 1x 10GbE<\/td>\n<\/tr>\n<tr>\n<th>Rozszerzenia PCIe<\/th>\n<td>Brak<\/td>\n<\/tr>\n<tr>\n<th>Porty Thunderbolt\u2122 4<\/th>\n<td>Brak<\/td>\n<\/tr>\n<tr>\n<th>Szybkie porty USB (prz\u00f3d)<\/th>\n<td>1x USB-C (10 Gb\/s), 1x USB-A (10 Gb\/s)<\/td>\n<\/tr>\n<tr>\n<th>Szybkie porty USB (ty\u0142)<\/th>\n<td>1x USB-A (5Gb\/s)<\/td>\n<\/tr>\n<tr>\n<th>Porty USB 2.0 (ty\u0142)<\/th>\n<td>2x USB-A (480Mb\/s)<\/td>\n<\/tr>\n<tr>\n<th>Czytnik kart SD<\/th>\n<td>SD 3.0<\/td>\n<\/tr>\n<tr>\n<th>HDMI<\/th>\n<td>4K<\/td>\n<\/tr>\n<tr>\n<th>Wi-Fi<\/th>\n<td>Brak<\/td>\n<\/tr>\n<tr>\n<th>Wymiary produktu<\/th>\n<td>Ok. 25,76 \u00d7 17,81 \u00d7 17,81 cm<\/td>\n<\/tr>\n<\/tbody>\n<\/table>\n<\/div>\n","protected":false},"excerpt":{"rendered":"<p>Serwer plik\u00f3w NAS Ugreen DXP4800 Plus, 4-dyskowy, Intel 8505, 8GB DDR5, 2.5GbE, 4K HDMI, SD 3.0 UGREEN NASync DXP4800 Plus<\/p>\n","protected":false},"featured_media":60431,"comment_status":"closed","ping_status":"open","template":"","meta":{"_acf_changed":false},"product_brand":[],"product_cat":[5929,5962],"product_tag":[],"class_list":{"0":"post-60430","1":"product","2":"type-product","3":"status-publish","4":"has-post-thumbnail","6":"product_cat-akcesoria-it","7":"product_cat-pozostale-akcesoria-it","8":"pa_okres-gwarancji-5757","9":"pa_producent-ugreen","11":"first","12":"instock","13":"taxable","14":"shipping-taxable","15":"purchasable","16":"product-type-simple"},"acf":[],"yoast_head":"<!-- This site is optimized with the Yoast SEO plugin v27.2 - https:\/\/yoast.com\/product\/yoast-seo-wordpress\/ -->\n<title>Serwer plik\u00f3w NAS Ugreen DXP4800 Plus, 4-dyskowy, Intel 8505, 8GB DDR5, 2.5GbE, 4K HDMI, SD 3.0 - IRONSKY.PL Sklep z Dronami<\/title>\n<meta name=\"description\" content=\"Serwer plik\u00f3w NAS Ugreen DXP4800 Plus, 4-dyskowy, Intel 8505, 8GB DDR5, 2.5GbE, 4K HDMI, SD 3.0 - \u2705 sklep z dronami i fachowym doradztwem. \u2705 Tutaj kupisz produkty DJI, Yuneec, Parrot, Syma i wiele innych, a tak\u017ce kursy i licencje na operatora drona.\" \/>\n<meta name=\"robots\" content=\"index, follow, max-snippet:-1, max-image-preview:large, max-video-preview:-1\" \/>\n<link rel=\"canonical\" href=\"https:\/\/ironsky.pl\/sklep\/produkt\/serwer-plikow-nas-ugreen-dxp4800-plus-4-dyskowy-intel-8505-8gb-ddr5-2-5gbe-4k-hdmi-sd-3-0\/\" \/>\n<meta property=\"og:locale\" content=\"pl_PL\" \/>\n<meta property=\"og:type\" content=\"article\" \/>\n<meta property=\"og:title\" content=\"Serwer plik\u00f3w NAS Ugreen DXP4800 Plus, 4-dyskowy, Intel 8505, 8GB DDR5, 2.5GbE, 4K HDMI, SD 3.0 - IRONSKY.PL Sklep z Dronami\" \/>\n<meta property=\"og:description\" content=\"Serwer plik\u00f3w NAS Ugreen DXP4800 Plus, 4-dyskowy, Intel 8505, 8GB DDR5, 2.5GbE, 4K HDMI, SD 3.0 - \u2705 sklep z dronami i fachowym doradztwem. \u2705 Tutaj kupisz produkty DJI, Yuneec, Parrot, Syma i wiele innych, a tak\u017ce kursy i licencje na operatora drona.\" \/>\n<meta property=\"og:url\" content=\"https:\/\/ironsky.pl\/sklep\/produkt\/serwer-plikow-nas-ugreen-dxp4800-plus-4-dyskowy-intel-8505-8gb-ddr5-2-5gbe-4k-hdmi-sd-3-0\/\" \/>\n<meta property=\"og:site_name\" content=\"IRONSKY.PL Sklep z Dronami\" \/>\n<meta property=\"article:modified_time\" content=\"2026-04-21T12:13:29+00:00\" \/>\n<meta property=\"og:image\" content=\"https:\/\/ironsky.pl\/sklep\/wp-content\/uploads\/2026\/04\/52556_1.jpg\" \/>\n\t<meta property=\"og:image:width\" content=\"800\" \/>\n\t<meta property=\"og:image:height\" content=\"800\" \/>\n\t<meta property=\"og:image:type\" content=\"image\/jpeg\" \/>\n<meta name=\"twitter:card\" content=\"summary_large_image\" \/>\n<meta name=\"twitter:label1\" content=\"Szacowany czas czytania\" \/>\n\t<meta name=\"twitter:data1\" content=\"5 minut\" \/>\n<script type=\"application\/ld+json\" class=\"yoast-schema-graph\">{\"@context\":\"https:\/\/schema.org\",\"@graph\":[{\"@type\":\"WebPage\",\"@id\":\"https:\/\/ironsky.pl\/sklep\/produkt\/serwer-plikow-nas-ugreen-dxp4800-plus-4-dyskowy-intel-8505-8gb-ddr5-2-5gbe-4k-hdmi-sd-3-0\/\",\"url\":\"https:\/\/ironsky.pl\/sklep\/produkt\/serwer-plikow-nas-ugreen-dxp4800-plus-4-dyskowy-intel-8505-8gb-ddr5-2-5gbe-4k-hdmi-sd-3-0\/\",\"name\":\"Serwer plik\u00f3w NAS Ugreen DXP4800 Plus, 4-dyskowy, Intel 8505, 8GB DDR5, 2.5GbE, 4K HDMI, SD 3.0 - IRONSKY.PL Sklep z Dronami\",\"isPartOf\":{\"@id\":\"https:\/\/ironsky.pl\/sklep\/#website\"},\"primaryImageOfPage\":{\"@id\":\"https:\/\/ironsky.pl\/sklep\/produkt\/serwer-plikow-nas-ugreen-dxp4800-plus-4-dyskowy-intel-8505-8gb-ddr5-2-5gbe-4k-hdmi-sd-3-0\/#primaryimage\"},\"image\":{\"@id\":\"https:\/\/ironsky.pl\/sklep\/produkt\/serwer-plikow-nas-ugreen-dxp4800-plus-4-dyskowy-intel-8505-8gb-ddr5-2-5gbe-4k-hdmi-sd-3-0\/#primaryimage\"},\"thumbnailUrl\":\"https:\/\/ironsky.pl\/sklep\/wp-content\/uploads\/2026\/04\/52556_1.jpg\",\"datePublished\":\"2026-04-15T09:01:58+00:00\",\"dateModified\":\"2026-04-21T12:13:29+00:00\",\"description\":\"Serwer plik\u00f3w NAS Ugreen DXP4800 Plus, 4-dyskowy, Intel 8505, 8GB DDR5, 2.5GbE, 4K HDMI, SD 3.0 - \u2705 sklep z dronami i fachowym doradztwem. \u2705 Tutaj kupisz produkty DJI, Yuneec, Parrot, Syma i wiele innych, a tak\u017ce kursy i licencje na operatora drona.\",\"breadcrumb\":{\"@id\":\"https:\/\/ironsky.pl\/sklep\/produkt\/serwer-plikow-nas-ugreen-dxp4800-plus-4-dyskowy-intel-8505-8gb-ddr5-2-5gbe-4k-hdmi-sd-3-0\/#breadcrumb\"},\"inLanguage\":\"pl-PL\",\"potentialAction\":[{\"@type\":\"ReadAction\",\"target\":[\"https:\/\/ironsky.pl\/sklep\/produkt\/serwer-plikow-nas-ugreen-dxp4800-plus-4-dyskowy-intel-8505-8gb-ddr5-2-5gbe-4k-hdmi-sd-3-0\/\"]}]},{\"@type\":\"ImageObject\",\"inLanguage\":\"pl-PL\",\"@id\":\"https:\/\/ironsky.pl\/sklep\/produkt\/serwer-plikow-nas-ugreen-dxp4800-plus-4-dyskowy-intel-8505-8gb-ddr5-2-5gbe-4k-hdmi-sd-3-0\/#primaryimage\",\"url\":\"https:\/\/ironsky.pl\/sklep\/wp-content\/uploads\/2026\/04\/52556_1.jpg\",\"contentUrl\":\"https:\/\/ironsky.pl\/sklep\/wp-content\/uploads\/2026\/04\/52556_1.jpg\",\"width\":800,\"height\":800},{\"@type\":\"BreadcrumbList\",\"@id\":\"https:\/\/ironsky.pl\/sklep\/produkt\/serwer-plikow-nas-ugreen-dxp4800-plus-4-dyskowy-intel-8505-8gb-ddr5-2-5gbe-4k-hdmi-sd-3-0\/#breadcrumb\",\"itemListElement\":[{\"@type\":\"ListItem\",\"position\":1,\"name\":\"Strona g\u0142\u00f3wna\",\"item\":\"https:\/\/ironsky.pl\/sklep\/\"},{\"@type\":\"ListItem\",\"position\":2,\"name\":\"Wszystkie produkty\",\"item\":\"https:\/\/ironsky.pl\/sklep\/produkty\/\"},{\"@type\":\"ListItem\",\"position\":3,\"name\":\"Serwer plik\u00f3w NAS Ugreen DXP4800 Plus, 4-dyskowy, Intel 8505, 8GB DDR5, 2.5GbE, 4K HDMI, SD 3.0\"}]},{\"@type\":\"WebSite\",\"@id\":\"https:\/\/ironsky.pl\/sklep\/#website\",\"url\":\"https:\/\/ironsky.pl\/sklep\/\",\"name\":\"IRONSKY.PL Sklep z Dronami\",\"description\":\"IRONSKY.PL Sklep z Dronami\",\"potentialAction\":[{\"@type\":\"SearchAction\",\"target\":{\"@type\":\"EntryPoint\",\"urlTemplate\":\"https:\/\/ironsky.pl\/sklep\/?s={search_term_string}\"},\"query-input\":{\"@type\":\"PropertyValueSpecification\",\"valueRequired\":true,\"valueName\":\"search_term_string\"}}],\"inLanguage\":\"pl-PL\"}]}<\/script>\n<!-- \/ Yoast SEO plugin. -->","yoast_head_json":{"title":"Serwer plik\u00f3w NAS Ugreen DXP4800 Plus, 4-dyskowy, Intel 8505, 8GB DDR5, 2.5GbE, 4K HDMI, SD 3.0 - IRONSKY.PL Sklep z Dronami","description":"Serwer plik\u00f3w NAS Ugreen DXP4800 Plus, 4-dyskowy, Intel 8505, 8GB DDR5, 2.5GbE, 4K HDMI, SD 3.0 - \u2705 sklep z dronami i fachowym doradztwem. \u2705 Tutaj kupisz produkty DJI, Yuneec, Parrot, Syma i wiele innych, a tak\u017ce kursy i licencje na operatora drona.","robots":{"index":"index","follow":"follow","max-snippet":"max-snippet:-1","max-image-preview":"max-image-preview:large","max-video-preview":"max-video-preview:-1"},"canonical":"https:\/\/ironsky.pl\/sklep\/produkt\/serwer-plikow-nas-ugreen-dxp4800-plus-4-dyskowy-intel-8505-8gb-ddr5-2-5gbe-4k-hdmi-sd-3-0\/","og_locale":"pl_PL","og_type":"article","og_title":"Serwer plik\u00f3w NAS Ugreen DXP4800 Plus, 4-dyskowy, Intel 8505, 8GB DDR5, 2.5GbE, 4K HDMI, SD 3.0 - IRONSKY.PL Sklep z Dronami","og_description":"Serwer plik\u00f3w NAS Ugreen DXP4800 Plus, 4-dyskowy, Intel 8505, 8GB DDR5, 2.5GbE, 4K HDMI, SD 3.0 - \u2705 sklep z dronami i fachowym doradztwem. \u2705 Tutaj kupisz produkty DJI, Yuneec, Parrot, Syma i wiele innych, a tak\u017ce kursy i licencje na operatora drona.","og_url":"https:\/\/ironsky.pl\/sklep\/produkt\/serwer-plikow-nas-ugreen-dxp4800-plus-4-dyskowy-intel-8505-8gb-ddr5-2-5gbe-4k-hdmi-sd-3-0\/","og_site_name":"IRONSKY.PL Sklep z Dronami","article_modified_time":"2026-04-21T12:13:29+00:00","og_image":[{"width":800,"height":800,"url":"https:\/\/ironsky.pl\/sklep\/wp-content\/uploads\/2026\/04\/52556_1.jpg","type":"image\/jpeg"}],"twitter_card":"summary_large_image","twitter_misc":{"Szacowany czas czytania":"5 minut"},"schema":{"@context":"https:\/\/schema.org","@graph":[{"@type":"WebPage","@id":"https:\/\/ironsky.pl\/sklep\/produkt\/serwer-plikow-nas-ugreen-dxp4800-plus-4-dyskowy-intel-8505-8gb-ddr5-2-5gbe-4k-hdmi-sd-3-0\/","url":"https:\/\/ironsky.pl\/sklep\/produkt\/serwer-plikow-nas-ugreen-dxp4800-plus-4-dyskowy-intel-8505-8gb-ddr5-2-5gbe-4k-hdmi-sd-3-0\/","name":"Serwer plik\u00f3w NAS Ugreen DXP4800 Plus, 4-dyskowy, Intel 8505, 8GB DDR5, 2.5GbE, 4K HDMI, SD 3.0 - IRONSKY.PL Sklep z Dronami","isPartOf":{"@id":"https:\/\/ironsky.pl\/sklep\/#website"},"primaryImageOfPage":{"@id":"https:\/\/ironsky.pl\/sklep\/produkt\/serwer-plikow-nas-ugreen-dxp4800-plus-4-dyskowy-intel-8505-8gb-ddr5-2-5gbe-4k-hdmi-sd-3-0\/#primaryimage"},"image":{"@id":"https:\/\/ironsky.pl\/sklep\/produkt\/serwer-plikow-nas-ugreen-dxp4800-plus-4-dyskowy-intel-8505-8gb-ddr5-2-5gbe-4k-hdmi-sd-3-0\/#primaryimage"},"thumbnailUrl":"https:\/\/ironsky.pl\/sklep\/wp-content\/uploads\/2026\/04\/52556_1.jpg","datePublished":"2026-04-15T09:01:58+00:00","dateModified":"2026-04-21T12:13:29+00:00","description":"Serwer plik\u00f3w NAS Ugreen DXP4800 Plus, 4-dyskowy, Intel 8505, 8GB DDR5, 2.5GbE, 4K HDMI, SD 3.0 - \u2705 sklep z dronami i fachowym doradztwem. \u2705 Tutaj kupisz produkty DJI, Yuneec, Parrot, Syma i wiele innych, a tak\u017ce kursy i licencje na operatora drona.","breadcrumb":{"@id":"https:\/\/ironsky.pl\/sklep\/produkt\/serwer-plikow-nas-ugreen-dxp4800-plus-4-dyskowy-intel-8505-8gb-ddr5-2-5gbe-4k-hdmi-sd-3-0\/#breadcrumb"},"inLanguage":"pl-PL","potentialAction":[{"@type":"ReadAction","target":["https:\/\/ironsky.pl\/sklep\/produkt\/serwer-plikow-nas-ugreen-dxp4800-plus-4-dyskowy-intel-8505-8gb-ddr5-2-5gbe-4k-hdmi-sd-3-0\/"]}]},{"@type":"ImageObject","inLanguage":"pl-PL","@id":"https:\/\/ironsky.pl\/sklep\/produkt\/serwer-plikow-nas-ugreen-dxp4800-plus-4-dyskowy-intel-8505-8gb-ddr5-2-5gbe-4k-hdmi-sd-3-0\/#primaryimage","url":"https:\/\/ironsky.pl\/sklep\/wp-content\/uploads\/2026\/04\/52556_1.jpg","contentUrl":"https:\/\/ironsky.pl\/sklep\/wp-content\/uploads\/2026\/04\/52556_1.jpg","width":800,"height":800},{"@type":"BreadcrumbList","@id":"https:\/\/ironsky.pl\/sklep\/produkt\/serwer-plikow-nas-ugreen-dxp4800-plus-4-dyskowy-intel-8505-8gb-ddr5-2-5gbe-4k-hdmi-sd-3-0\/#breadcrumb","itemListElement":[{"@type":"ListItem","position":1,"name":"Strona g\u0142\u00f3wna","item":"https:\/\/ironsky.pl\/sklep\/"},{"@type":"ListItem","position":2,"name":"Wszystkie produkty","item":"https:\/\/ironsky.pl\/sklep\/produkty\/"},{"@type":"ListItem","position":3,"name":"Serwer plik\u00f3w NAS Ugreen DXP4800 Plus, 4-dyskowy, Intel 8505, 8GB DDR5, 2.5GbE, 4K HDMI, SD 3.0"}]},{"@type":"WebSite","@id":"https:\/\/ironsky.pl\/sklep\/#website","url":"https:\/\/ironsky.pl\/sklep\/","name":"IRONSKY.PL Sklep z Dronami","description":"IRONSKY.PL Sklep z Dronami","potentialAction":[{"@type":"SearchAction","target":{"@type":"EntryPoint","urlTemplate":"https:\/\/ironsky.pl\/sklep\/?s={search_term_string}"},"query-input":{"@type":"PropertyValueSpecification","valueRequired":true,"valueName":"search_term_string"}}],"inLanguage":"pl-PL"}]}},"_links":{"self":[{"href":"https:\/\/ironsky.pl\/sklep\/wp-json\/wp\/v2\/product\/60430","targetHints":{"allow":["GET"]}}],"collection":[{"href":"https:\/\/ironsky.pl\/sklep\/wp-json\/wp\/v2\/product"}],"about":[{"href":"https:\/\/ironsky.pl\/sklep\/wp-json\/wp\/v2\/types\/product"}],"replies":[{"embeddable":true,"href":"https:\/\/ironsky.pl\/sklep\/wp-json\/wp\/v2\/comments?post=60430"}],"wp:featuredmedia":[{"embeddable":true,"href":"https:\/\/ironsky.pl\/sklep\/wp-json\/wp\/v2\/media\/60431"}],"wp:attachment":[{"href":"https:\/\/ironsky.pl\/sklep\/wp-json\/wp\/v2\/media?parent=60430"}],"wp:term":[{"taxonomy":"product_brand","embeddable":true,"href":"https:\/\/ironsky.pl\/sklep\/wp-json\/wp\/v2\/product_brand?post=60430"},{"taxonomy":"product_cat","embeddable":true,"href":"https:\/\/ironsky.pl\/sklep\/wp-json\/wp\/v2\/product_cat?post=60430"},{"taxonomy":"product_tag","embeddable":true,"href":"https:\/\/ironsky.pl\/sklep\/wp-json\/wp\/v2\/product_tag?post=60430"}],"curies":[{"name":"wp","href":"https:\/\/api.w.org\/{rel}","templated":true}]}}