{"id":60427,"date":"2026-04-15T11:01:58","date_gmt":"2026-04-15T09:01:58","guid":{"rendered":"https:\/\/ironsky.pl\/sklep\/produkt\/zasilacz-dji-240w-2\/"},"modified":"2026-04-15T11:02:02","modified_gmt":"2026-04-15T09:02:02","slug":"zasilacz-dji-240w-2","status":"publish","type":"product","link":"https:\/\/ironsky.pl\/sklep\/produkt\/zasilacz-dji-240w-2\/","title":{"rendered":"Zasilacz DJI 240W"},"content":{"rendered":"<h3>Zasilacz DJI Mavic 240 W<\/h3>\n<p>Zasilacz DJI Mavic 240 W umo\u017cliwia jednoczesne \u0142adowanie inteligentnych akumulator\u00f3w i aparatury steruj\u0105cej do DJI Mavic 4 Pro, znacz\u0105co skracaj\u0105c czas potrzebny na przygotowanie sprz\u0119tu do pracy. Dzi\u0119ki mocy wyj\u015bciowej 240 W zapewnia szybkie i efektywne odnawianie energii. Co wi\u0119cej, dodatkowy port USB-C pozwala zasila\u0107 urz\u0105dzenia mobilne, a kompaktowa obudowa z wbudowanym kablem mini SDC u\u0142atwia transport i przechowywanie produktu.<\/p>\n<p>\n<img decoding=\"async\" src=\"https:\/\/assets.innpro.pl\/15775\/19847\/4.jpg\" border=\"0\" alt=\"\" \/>\n<\/p>\n<div class=\"table-wrapper\">\n<p>\u00a0<\/p>\n<h3><\/h3>\n<table>\n<tbody>\n<tr>\n<th>Producent<\/th>\n<td>DJI<\/td>\n<\/tr>\n<tr>\n<th>Kod producenta<\/th>\n<td>CP.MA.00000886.01<\/td>\n<\/tr>\n<tr>\n<th>Wej\u015bcie<\/th>\n<td>100-240 V AC, 50\u201360 Hz, do 3 A<\/td>\n<\/tr>\n<tr>\n<th>Wyj\u015bcie<\/th>\n<td>Do 240 W (\u0142\u0105cznie), do 65 W (USB-C)<br \/>*Maksymalna moc wyj\u015bciowa portu USB-C jest ograniczona do 45 W, gdy dwa urz\u0105dzenia s\u0105 \u0142adowane jednocze\u015bnie. Czasy \u0142adowania mog\u0105 by\u0107 d\u0142u\u017csze ni\u017c zwykle.<\/td>\n<\/tr>\n<tr>\n<th>Czas \u0142adowania<\/th>\n<td>Inteligentny akumulator do DJI Mavic 4 Pro (przy u\u017cyciu hubu \u0142adowania r\u00f3wnoleg\u0142ego do DJI Mavic 4 Pro, bez innych urz\u0105dze\u0144 pod\u0142\u0105czonych do \u0142adowarki lub portu USB-C hubu):<br \/>\u0141adowanie 1 akumulatora: ok. 51 minut;<br \/>\u0141adowanie 3 akumulator\u00f3w: ok. 90 minut (wej\u015bcie 200\u2013240 V), ok. 110 minut (wej\u015bcie 100\u2013127 V);<br \/>*Czas \u0142adowania jest mierzony w \u015brodowisku testowym w temperaturze 25\u00b0C. Rzeczywisty czas \u0142adowania mo\u017ce si\u0119 wyd\u0142u\u017cy\u0107 z powodu wy\u017cszych temperatur otoczenia lub r\u00f3\u017cnic w napi\u0119ciu sieciowym mi\u0119dzy regionami.<\/td>\n<\/tr>\n<tr>\n<th>Kompatybilno\u015b\u0107<\/th>\n<td>Port Mini SDC: hub \u0142adowania r\u00f3wnoleg\u0142ego do DJI Mavic 4 Pro;<br \/>Port USB-C: hub \u0142adowania r\u00f3wnoleg\u0142ego DJI Mavic 4 Pro i inne urz\u0105dzenia obs\u0142uguj\u0105ce standard PD;<\/td>\n<\/tr>\n<\/tbody>\n<\/table>\n<\/div>\n","protected":false},"excerpt":{"rendered":"<p>Zasilacz DJI Mavic 240 W Zasilacz DJI Mavic 240 W umo\u017cliwia jednoczesne \u0142adowanie inteligentnych akumulator\u00f3w i aparatury steruj\u0105cej do DJI<\/p>\n","protected":false},"featured_media":47513,"comment_status":"closed","ping_status":"open","template":"","meta":{"_acf_changed":false},"product_brand":[],"product_cat":[6167,6170,1088],"product_tag":[],"class_list":{"0":"post-60427","1":"product","2":"type-product","3":"status-publish","4":"has-post-thumbnail","6":"product_cat-akcesoria-do-dronow","7":"product_cat-dji-akcesoria-do-dronow","8":"product_cat-drony","9":"pa_okres-gwarancji-5757","10":"pa_producent-dji","12":"first","13":"outofstock","14":"taxable","15":"shipping-taxable","16":"purchasable","17":"product-type-simple"},"acf":[],"yoast_head":"<!-- This site is optimized with the Yoast SEO plugin v27.2 - https:\/\/yoast.com\/product\/yoast-seo-wordpress\/ -->\n<title>Zasilacz DJI 240W - IRONSKY.PL Sklep z Dronami<\/title>\n<meta name=\"description\" content=\"Zasilacz DJI 240W - \u2705 sklep z dronami i fachowym doradztwem. \u2705 Tutaj kupisz produkty DJI, Yuneec, Parrot, Syma i wiele innych, a tak\u017ce kursy i licencje na operatora drona.\" \/>\n<meta name=\"robots\" content=\"index, follow, max-snippet:-1, max-image-preview:large, max-video-preview:-1\" \/>\n<link rel=\"canonical\" href=\"https:\/\/ironsky.pl\/sklep\/produkt\/zasilacz-dji-240w-2\/\" \/>\n<meta property=\"og:locale\" content=\"pl_PL\" \/>\n<meta property=\"og:type\" content=\"article\" \/>\n<meta property=\"og:title\" content=\"Zasilacz DJI 240W - IRONSKY.PL Sklep z Dronami\" \/>\n<meta property=\"og:description\" content=\"Zasilacz DJI 240W - \u2705 sklep z dronami i fachowym doradztwem. \u2705 Tutaj kupisz produkty DJI, Yuneec, Parrot, Syma i wiele innych, a tak\u017ce kursy i licencje na operatora drona.\" \/>\n<meta property=\"og:url\" content=\"https:\/\/ironsky.pl\/sklep\/produkt\/zasilacz-dji-240w-2\/\" \/>\n<meta property=\"og:site_name\" content=\"IRONSKY.PL Sklep z Dronami\" \/>\n<meta property=\"article:modified_time\" content=\"2026-04-15T09:02:02+00:00\" \/>\n<meta property=\"og:image\" content=\"https:\/\/ironsky.pl\/sklep\/wp-content\/uploads\/2025\/06\/52551_1.jpg\" \/>\n\t<meta property=\"og:image:width\" content=\"800\" \/>\n\t<meta property=\"og:image:height\" content=\"800\" \/>\n\t<meta property=\"og:image:type\" content=\"image\/jpeg\" \/>\n<meta name=\"twitter:card\" content=\"summary_large_image\" \/>\n<meta name=\"twitter:label1\" content=\"Szacowany czas czytania\" \/>\n\t<meta name=\"twitter:data1\" content=\"1 minuta\" \/>\n<script type=\"application\/ld+json\" class=\"yoast-schema-graph\">{\"@context\":\"https:\/\/schema.org\",\"@graph\":[{\"@type\":\"WebPage\",\"@id\":\"https:\/\/ironsky.pl\/sklep\/produkt\/zasilacz-dji-240w-2\/\",\"url\":\"https:\/\/ironsky.pl\/sklep\/produkt\/zasilacz-dji-240w-2\/\",\"name\":\"Zasilacz DJI 240W - IRONSKY.PL Sklep z Dronami\",\"isPartOf\":{\"@id\":\"https:\/\/ironsky.pl\/sklep\/#website\"},\"primaryImageOfPage\":{\"@id\":\"https:\/\/ironsky.pl\/sklep\/produkt\/zasilacz-dji-240w-2\/#primaryimage\"},\"image\":{\"@id\":\"https:\/\/ironsky.pl\/sklep\/produkt\/zasilacz-dji-240w-2\/#primaryimage\"},\"thumbnailUrl\":\"https:\/\/ironsky.pl\/sklep\/wp-content\/uploads\/2025\/06\/52551_1.jpg\",\"datePublished\":\"2026-04-15T09:01:58+00:00\",\"dateModified\":\"2026-04-15T09:02:02+00:00\",\"description\":\"Zasilacz DJI 240W - \u2705 sklep z dronami i fachowym doradztwem. \u2705 Tutaj kupisz produkty DJI, Yuneec, Parrot, Syma i wiele innych, a tak\u017ce kursy i licencje na operatora drona.\",\"breadcrumb\":{\"@id\":\"https:\/\/ironsky.pl\/sklep\/produkt\/zasilacz-dji-240w-2\/#breadcrumb\"},\"inLanguage\":\"pl-PL\",\"potentialAction\":[{\"@type\":\"ReadAction\",\"target\":[\"https:\/\/ironsky.pl\/sklep\/produkt\/zasilacz-dji-240w-2\/\"]}]},{\"@type\":\"ImageObject\",\"inLanguage\":\"pl-PL\",\"@id\":\"https:\/\/ironsky.pl\/sklep\/produkt\/zasilacz-dji-240w-2\/#primaryimage\",\"url\":\"https:\/\/ironsky.pl\/sklep\/wp-content\/uploads\/2025\/06\/52551_1.jpg\",\"contentUrl\":\"https:\/\/ironsky.pl\/sklep\/wp-content\/uploads\/2025\/06\/52551_1.jpg\",\"width\":800,\"height\":800},{\"@type\":\"BreadcrumbList\",\"@id\":\"https:\/\/ironsky.pl\/sklep\/produkt\/zasilacz-dji-240w-2\/#breadcrumb\",\"itemListElement\":[{\"@type\":\"ListItem\",\"position\":1,\"name\":\"Strona g\u0142\u00f3wna\",\"item\":\"https:\/\/ironsky.pl\/sklep\/\"},{\"@type\":\"ListItem\",\"position\":2,\"name\":\"Wszystkie produkty\",\"item\":\"https:\/\/ironsky.pl\/sklep\/produkty\/\"},{\"@type\":\"ListItem\",\"position\":3,\"name\":\"Zasilacz DJI 240W\"}]},{\"@type\":\"WebSite\",\"@id\":\"https:\/\/ironsky.pl\/sklep\/#website\",\"url\":\"https:\/\/ironsky.pl\/sklep\/\",\"name\":\"IRONSKY.PL Sklep z Dronami\",\"description\":\"IRONSKY.PL Sklep z Dronami\",\"potentialAction\":[{\"@type\":\"SearchAction\",\"target\":{\"@type\":\"EntryPoint\",\"urlTemplate\":\"https:\/\/ironsky.pl\/sklep\/?s={search_term_string}\"},\"query-input\":{\"@type\":\"PropertyValueSpecification\",\"valueRequired\":true,\"valueName\":\"search_term_string\"}}],\"inLanguage\":\"pl-PL\"}]}<\/script>\n<!-- \/ Yoast SEO plugin. -->","yoast_head_json":{"title":"Zasilacz DJI 240W - IRONSKY.PL Sklep z Dronami","description":"Zasilacz DJI 240W - \u2705 sklep z dronami i fachowym doradztwem. \u2705 Tutaj kupisz produkty DJI, Yuneec, Parrot, Syma i wiele innych, a tak\u017ce kursy i licencje na operatora drona.","robots":{"index":"index","follow":"follow","max-snippet":"max-snippet:-1","max-image-preview":"max-image-preview:large","max-video-preview":"max-video-preview:-1"},"canonical":"https:\/\/ironsky.pl\/sklep\/produkt\/zasilacz-dji-240w-2\/","og_locale":"pl_PL","og_type":"article","og_title":"Zasilacz DJI 240W - IRONSKY.PL Sklep z Dronami","og_description":"Zasilacz DJI 240W - \u2705 sklep z dronami i fachowym doradztwem. \u2705 Tutaj kupisz produkty DJI, Yuneec, Parrot, Syma i wiele innych, a tak\u017ce kursy i licencje na operatora drona.","og_url":"https:\/\/ironsky.pl\/sklep\/produkt\/zasilacz-dji-240w-2\/","og_site_name":"IRONSKY.PL Sklep z Dronami","article_modified_time":"2026-04-15T09:02:02+00:00","og_image":[{"width":800,"height":800,"url":"https:\/\/ironsky.pl\/sklep\/wp-content\/uploads\/2025\/06\/52551_1.jpg","type":"image\/jpeg"}],"twitter_card":"summary_large_image","twitter_misc":{"Szacowany czas czytania":"1 minuta"},"schema":{"@context":"https:\/\/schema.org","@graph":[{"@type":"WebPage","@id":"https:\/\/ironsky.pl\/sklep\/produkt\/zasilacz-dji-240w-2\/","url":"https:\/\/ironsky.pl\/sklep\/produkt\/zasilacz-dji-240w-2\/","name":"Zasilacz DJI 240W - IRONSKY.PL Sklep z Dronami","isPartOf":{"@id":"https:\/\/ironsky.pl\/sklep\/#website"},"primaryImageOfPage":{"@id":"https:\/\/ironsky.pl\/sklep\/produkt\/zasilacz-dji-240w-2\/#primaryimage"},"image":{"@id":"https:\/\/ironsky.pl\/sklep\/produkt\/zasilacz-dji-240w-2\/#primaryimage"},"thumbnailUrl":"https:\/\/ironsky.pl\/sklep\/wp-content\/uploads\/2025\/06\/52551_1.jpg","datePublished":"2026-04-15T09:01:58+00:00","dateModified":"2026-04-15T09:02:02+00:00","description":"Zasilacz DJI 240W - \u2705 sklep z dronami i fachowym doradztwem. \u2705 Tutaj kupisz produkty DJI, Yuneec, Parrot, Syma i wiele innych, a tak\u017ce kursy i licencje na operatora drona.","breadcrumb":{"@id":"https:\/\/ironsky.pl\/sklep\/produkt\/zasilacz-dji-240w-2\/#breadcrumb"},"inLanguage":"pl-PL","potentialAction":[{"@type":"ReadAction","target":["https:\/\/ironsky.pl\/sklep\/produkt\/zasilacz-dji-240w-2\/"]}]},{"@type":"ImageObject","inLanguage":"pl-PL","@id":"https:\/\/ironsky.pl\/sklep\/produkt\/zasilacz-dji-240w-2\/#primaryimage","url":"https:\/\/ironsky.pl\/sklep\/wp-content\/uploads\/2025\/06\/52551_1.jpg","contentUrl":"https:\/\/ironsky.pl\/sklep\/wp-content\/uploads\/2025\/06\/52551_1.jpg","width":800,"height":800},{"@type":"BreadcrumbList","@id":"https:\/\/ironsky.pl\/sklep\/produkt\/zasilacz-dji-240w-2\/#breadcrumb","itemListElement":[{"@type":"ListItem","position":1,"name":"Strona g\u0142\u00f3wna","item":"https:\/\/ironsky.pl\/sklep\/"},{"@type":"ListItem","position":2,"name":"Wszystkie produkty","item":"https:\/\/ironsky.pl\/sklep\/produkty\/"},{"@type":"ListItem","position":3,"name":"Zasilacz DJI 240W"}]},{"@type":"WebSite","@id":"https:\/\/ironsky.pl\/sklep\/#website","url":"https:\/\/ironsky.pl\/sklep\/","name":"IRONSKY.PL Sklep z Dronami","description":"IRONSKY.PL Sklep z Dronami","potentialAction":[{"@type":"SearchAction","target":{"@type":"EntryPoint","urlTemplate":"https:\/\/ironsky.pl\/sklep\/?s={search_term_string}"},"query-input":{"@type":"PropertyValueSpecification","valueRequired":true,"valueName":"search_term_string"}}],"inLanguage":"pl-PL"}]}},"_links":{"self":[{"href":"https:\/\/ironsky.pl\/sklep\/wp-json\/wp\/v2\/product\/60427","targetHints":{"allow":["GET"]}}],"collection":[{"href":"https:\/\/ironsky.pl\/sklep\/wp-json\/wp\/v2\/product"}],"about":[{"href":"https:\/\/ironsky.pl\/sklep\/wp-json\/wp\/v2\/types\/product"}],"replies":[{"embeddable":true,"href":"https:\/\/ironsky.pl\/sklep\/wp-json\/wp\/v2\/comments?post=60427"}],"wp:featuredmedia":[{"embeddable":true,"href":"https:\/\/ironsky.pl\/sklep\/wp-json\/wp\/v2\/media\/47513"}],"wp:attachment":[{"href":"https:\/\/ironsky.pl\/sklep\/wp-json\/wp\/v2\/media?parent=60427"}],"wp:term":[{"taxonomy":"product_brand","embeddable":true,"href":"https:\/\/ironsky.pl\/sklep\/wp-json\/wp\/v2\/product_brand?post=60427"},{"taxonomy":"product_cat","embeddable":true,"href":"https:\/\/ironsky.pl\/sklep\/wp-json\/wp\/v2\/product_cat?post=60427"},{"taxonomy":"product_tag","embeddable":true,"href":"https:\/\/ironsky.pl\/sklep\/wp-json\/wp\/v2\/product_tag?post=60427"}],"curies":[{"name":"wp","href":"https:\/\/api.w.org\/{rel}","templated":true}]}}