{"id":60425,"date":"2026-04-15T11:01:58","date_gmt":"2026-04-15T09:01:58","guid":{"rendered":"https:\/\/ironsky.pl\/sklep\/produkt\/pilot-zdalnego-sterowania-telesin-do-gopro-hero-13-12-11-10-9-8-max\/"},"modified":"2026-04-15T11:01:59","modified_gmt":"2026-04-15T09:01:59","slug":"pilot-zdalnego-sterowania-telesin-do-gopro-hero-13-12-11-10-9-8-max","status":"publish","type":"product","link":"https:\/\/ironsky.pl\/sklep\/produkt\/pilot-zdalnego-sterowania-telesin-do-gopro-hero-13-12-11-10-9-8-max\/","title":{"rendered":"Pilot zdalnego sterowania TELESIN do GoPro Hero 13\/12\/11\/10\/9\/8\/MAX"},"content":{"rendered":"<h3>Pilot do kamery GoPro Hero 13\/12\/11\/10\/9\/8\/MAX<\/h3>\n<p>Pilot do kamer GoPro Hero 13\/12\/11\/10\/9\/8 oraz GoPro MAX to niezast\u0105pione akcesorium dla wszystkich, kt\u00f3rzy chc\u0105 mie\u0107 pe\u0142n\u0105 kontrol\u0119 nad nagraniem \u2013 bez si\u0119gania po sam\u0105 kamer\u0119. Wyposa\u017cony w kolorowy ekran HD o przek\u0105tnej 1,4 cala, umo\u017cliwia zdalne sterowanie nawet pi\u0119cioma kamerami jednocze\u015bnie, prezentuj\u0105c poziom na\u0142adowania akumulatora i czas trwania nagrania w czasie rzeczywistym. Z jego pomoc\u0105 w\u0142\u0105czysz kamer\u0119, zmienisz tryb pracy (zdj\u0119cia, wideo, timelapse) i uchwycisz ka\u017cd\u0105 wa\u017cn\u0105 chwil\u0119 jednym klikni\u0119ciem \u2013 niezale\u017cnie od warunk\u00f3w terenowych czy pogodowych.<\/p>\n<p>\n<img decoding=\"async\" src=\"https:\/\/assets.innpro.pl\/15620\/19625\/5.jpg\" border=\"0\" alt=\"\" \/>\n<\/p>\n<h3>Du\u017cy, czytelny ekran i intuicyjna obs\u0142uga<\/h3>\n<p>Pilot wyposa\u017cono w wyra\u017any, kolorowy ekran HD o przek\u0105tnej 1,4 cala, kt\u00f3ry zapewnia \u0142atwy dost\u0119p do wszystkich informacji: statusu akumulatora, czasu nagrania czy aktywnego trybu. Prze\u0142\u0105czanie mi\u0119dzy trybami \u2013 zdj\u0119cia, wideo i time-lapse \u2013 odbywa si\u0119 b\u0142yskawicznie za pomoc\u0105 jednego przycisku. Mo\u017cesz r\u00f3wnie\u017c zdalnie w\u0142\u0105czy\u0107 lub wy\u0142\u0105czy\u0107 kamer\u0119 oraz wybra\u0107 konkretne funkcje, co znacznie zwi\u0119ksza komfort pracy z urz\u0105dzeniem.\u00a0<\/p>\n<p>\n<img decoding=\"async\" src=\"https:\/\/assets.innpro.pl\/15620\/19625\/3.jpg\" border=\"0\" alt=\"\" \/>\n<\/p>\n<h3>Pe\u0142na kontrola do 60 metr\u00f3w<\/h3>\n<p>Dzi\u0119ki \u0142\u0105czno\u015bci Bluetooth o zasi\u0119gu a\u017c 60 metr\u00f3w, z \u0142atwo\u015bci\u0105 obs\u0142u\u017cysz swoj\u0105 kamer\u0119, nawet je\u015bli jest zamontowana w trudno dost\u0119pnym miejscu. Co wi\u0119cej, pilot pozwala na jednoczesne sterowanie nawet pi\u0119cioma kamerami GoPro, co czyni go idealnym rozwi\u0105zaniem dla profesjonalist\u00f3w i tw\u00f3rc\u00f3w tre\u015bci wymagaj\u0105cych zsynchronizowanego nagrywania z wielu uj\u0119\u0107.\u00a0<\/p>\n<p>\n<img decoding=\"async\" src=\"https:\/\/assets.innpro.pl\/15620\/19625\/6.jpg\" border=\"0\" alt=\"\" \/>\n<\/p>\n<h3>Komfort noszenia i trwa\u0142a konstrukcja<\/h3>\n<p>Pilot dostarczany jest z paskiem na nadgarstek wykonanym z elastycznego materia\u0142u Lycra oraz mi\u0119kkiego flanelu. Dzi\u0119ki temu jest przyjemny dla sk\u00f3ry, wygodny w noszeniu i \u0142atwy do dopasowania do r\u00f3\u017cnej wielko\u015bci nadgarstk\u00f3w. Dodatkowo wodoodporno\u015b\u0107 na g\u0142\u0119boko\u015b\u0107 do 1 metra przez 30 minut pozwala bez obaw korzysta\u0107 z urz\u0105dzenia w deszczu, \u015bniegu czy w trakcie sport\u00f3w wodnych.<\/p>\n<p>\n<img decoding=\"async\" src=\"https:\/\/assets.innpro.pl\/15620\/19625\/1.jpg\" border=\"0\" alt=\"\" \/>\n<\/p>\n<h3>Dostosuj jasno\u015b\u0107, oszcz\u0119dzaj energi\u0119<\/h3>\n<p>Urz\u0105dzenie oferuje pi\u0119\u0107 poziom\u00f3w jasno\u015bci ekranu, co pozwala na komfortowe korzystanie w r\u00f3\u017cnych warunkach o\u015bwietleniowych \u2013 od pe\u0142nego s\u0142o\u0144ca po ciemne pomieszczenia. Akumulator zapewnia a\u017c do 8 godzin pracy, oferuj\u0105c d\u0142ugi czas u\u017cytkowania i gotowo\u015b\u0107 do dzia\u0142ania zawsze, gdy tego potrzebujesz. Gdy akumulator si\u0119 roz\u0142aduje, wystarczy, \u017ce od\u0142\u0105czysz go do kabla \u0142aduj\u0105cego, aby odnowi\u0107 jego energi\u0119.\u00a0<\/p>\n<p>\n<img decoding=\"async\" src=\"https:\/\/assets.innpro.pl\/15620\/19625\/7.jpg\" border=\"0\" alt=\"\" \/>\n<\/p>\n<h3>W zestawie<\/h3>\n<ul class=\"list-disc pl-5\">\n<li>pilot\u00a0<\/li>\n<li>opaska na nadgarstek<\/li>\n<li>kabel \u0142adowania<\/li>\n<li>instrukcja obs\u0142ugi<\/li>\n<\/ul>\n<div class=\"table-wrapper\">\n<p>\u00a0<\/p>\n<h3><\/h3>\n<table>\n<tbody>\n<tr>\n<th>Producent<\/th>\n<td>Telesin<\/td>\n<\/tr>\n<tr>\n<th>Model<\/th>\n<td>S5-RMT-01-TGP<\/td>\n<\/tr>\n<tr>\n<th>Materia\u0142 wykonania<\/th>\n<td>ABS, TPU<\/td>\n<\/tr>\n<tr>\n<th>Wymiary<\/th>\n<td>68 x 41 x 19 mm<\/td>\n<\/tr>\n<tr>\n<th>Waga<\/th>\n<td>37 g<\/td>\n<\/tr>\n<tr>\n<th>Kompatybilno\u015b\u0107<\/th>\n<td>GoPro Hero 13\/12\/11\/10\/9\/8\/MAX<\/td>\n<\/tr>\n<tr>\n<th>Obs\u0142ugiwane j\u0119zyki<\/th>\n<td>Angielski, japo\u0144ski, chi\u0144ski (tradycyjny), hiszpa\u0144ski <\/td>\n<\/tr>\n<tr>\n<th>Czas pracy<\/th>\n<td>8 godzin<\/td>\n<\/tr>\n<tr>\n<th>Poziomy jasno\u015bci<\/th>\n<td>5<\/td>\n<\/tr>\n<tr>\n<th>Spos\u00f3b \u0142\u0105czno\u015bci<\/th>\n<td>Bluetooth<\/td>\n<\/tr>\n<tr>\n<th>Zasi\u0119g Bluetooth<\/th>\n<td>60 m<\/td>\n<\/tr>\n<tr>\n<th>Tryby<\/th>\n<td>Zdj\u0119cia, wideo, time-lapse<\/td>\n<\/tr>\n<tr>\n<th>Wy\u015bwietlacz<\/th>\n<td>1.4\u201d HD kolorowy <\/td>\n<\/tr>\n<tr>\n<th>Zabezpieczenia<\/th>\n<td>Wodoodporno\u015b\u0107 (mo\u017cliwo\u015b\u0107 zanurzenia pod wod\u0119 do 1 metra g\u0142\u0119boko\u015bci na 30 minut)<\/td>\n<\/tr>\n<\/tbody>\n<\/table>\n<\/div>\n","protected":false},"excerpt":{"rendered":"<p>Pilot do kamery GoPro Hero 13\/12\/11\/10\/9\/8\/MAX Pilot do kamer GoPro Hero 13\/12\/11\/10\/9\/8 oraz GoPro MAX to niezast\u0105pione akcesorium dla wszystkich,<\/p>\n","protected":false},"featured_media":50304,"comment_status":"closed","ping_status":"open","template":"","meta":{"_acf_changed":false},"product_brand":[],"product_cat":[1130,1137,1128],"product_tag":[],"class_list":{"0":"post-60425","1":"product","2":"type-product","3":"status-publish","4":"has-post-thumbnail","6":"product_cat-akcesoria-foto","7":"product_cat-do-kamer-sportowych","8":"product_cat-foto-wideo","9":"pa_okres-gwarancji-5754","10":"pa_producent-telesin","12":"first","13":"outofstock","14":"taxable","15":"shipping-taxable","16":"purchasable","17":"product-type-simple"},"acf":[],"yoast_head":"<!-- This site is optimized with the Yoast SEO plugin v27.2 - https:\/\/yoast.com\/product\/yoast-seo-wordpress\/ -->\n<title>Pilot zdalnego sterowania TELESIN do GoPro Hero 13\/12\/11\/10\/9\/8\/MAX - IRONSKY.PL Sklep z Dronami<\/title>\n<meta name=\"description\" content=\"Pilot zdalnego sterowania TELESIN do GoPro Hero 13\/12\/11\/10\/9\/8\/MAX - \u2705 sklep z dronami i fachowym doradztwem. \u2705 Tutaj kupisz produkty DJI, Yuneec, Parrot, Syma i wiele innych, a tak\u017ce kursy i licencje na operatora drona.\" \/>\n<meta name=\"robots\" content=\"index, follow, max-snippet:-1, max-image-preview:large, max-video-preview:-1\" \/>\n<link rel=\"canonical\" href=\"https:\/\/ironsky.pl\/sklep\/produkt\/pilot-zdalnego-sterowania-telesin-do-gopro-hero-13-12-11-10-9-8-max\/\" \/>\n<meta property=\"og:locale\" content=\"pl_PL\" \/>\n<meta property=\"og:type\" content=\"article\" \/>\n<meta property=\"og:title\" content=\"Pilot zdalnego sterowania TELESIN do GoPro Hero 13\/12\/11\/10\/9\/8\/MAX - IRONSKY.PL Sklep z Dronami\" \/>\n<meta property=\"og:description\" content=\"Pilot zdalnego sterowania TELESIN do GoPro Hero 13\/12\/11\/10\/9\/8\/MAX - \u2705 sklep z dronami i fachowym doradztwem. \u2705 Tutaj kupisz produkty DJI, Yuneec, Parrot, Syma i wiele innych, a tak\u017ce kursy i licencje na operatora drona.\" \/>\n<meta property=\"og:url\" content=\"https:\/\/ironsky.pl\/sklep\/produkt\/pilot-zdalnego-sterowania-telesin-do-gopro-hero-13-12-11-10-9-8-max\/\" \/>\n<meta property=\"og:site_name\" content=\"IRONSKY.PL Sklep z Dronami\" \/>\n<meta property=\"article:modified_time\" content=\"2026-04-15T09:01:59+00:00\" \/>\n<meta property=\"og:image\" content=\"https:\/\/ironsky.pl\/sklep\/wp-content\/uploads\/2025\/10\/52419_1.jpg\" \/>\n\t<meta property=\"og:image:width\" content=\"800\" \/>\n\t<meta property=\"og:image:height\" content=\"800\" \/>\n\t<meta property=\"og:image:type\" content=\"image\/jpeg\" \/>\n<meta name=\"twitter:card\" content=\"summary_large_image\" \/>\n<meta name=\"twitter:label1\" content=\"Szacowany czas czytania\" \/>\n\t<meta name=\"twitter:data1\" content=\"2 minuty\" \/>\n<script type=\"application\/ld+json\" class=\"yoast-schema-graph\">{\"@context\":\"https:\/\/schema.org\",\"@graph\":[{\"@type\":\"WebPage\",\"@id\":\"https:\/\/ironsky.pl\/sklep\/produkt\/pilot-zdalnego-sterowania-telesin-do-gopro-hero-13-12-11-10-9-8-max\/\",\"url\":\"https:\/\/ironsky.pl\/sklep\/produkt\/pilot-zdalnego-sterowania-telesin-do-gopro-hero-13-12-11-10-9-8-max\/\",\"name\":\"Pilot zdalnego sterowania TELESIN do GoPro Hero 13\/12\/11\/10\/9\/8\/MAX - IRONSKY.PL Sklep z Dronami\",\"isPartOf\":{\"@id\":\"https:\/\/ironsky.pl\/sklep\/#website\"},\"primaryImageOfPage\":{\"@id\":\"https:\/\/ironsky.pl\/sklep\/produkt\/pilot-zdalnego-sterowania-telesin-do-gopro-hero-13-12-11-10-9-8-max\/#primaryimage\"},\"image\":{\"@id\":\"https:\/\/ironsky.pl\/sklep\/produkt\/pilot-zdalnego-sterowania-telesin-do-gopro-hero-13-12-11-10-9-8-max\/#primaryimage\"},\"thumbnailUrl\":\"https:\/\/ironsky.pl\/sklep\/wp-content\/uploads\/2025\/10\/52419_1.jpg\",\"datePublished\":\"2026-04-15T09:01:58+00:00\",\"dateModified\":\"2026-04-15T09:01:59+00:00\",\"description\":\"Pilot zdalnego sterowania TELESIN do GoPro Hero 13\/12\/11\/10\/9\/8\/MAX - \u2705 sklep z dronami i fachowym doradztwem. \u2705 Tutaj kupisz produkty DJI, Yuneec, Parrot, Syma i wiele innych, a tak\u017ce kursy i licencje na operatora drona.\",\"breadcrumb\":{\"@id\":\"https:\/\/ironsky.pl\/sklep\/produkt\/pilot-zdalnego-sterowania-telesin-do-gopro-hero-13-12-11-10-9-8-max\/#breadcrumb\"},\"inLanguage\":\"pl-PL\",\"potentialAction\":[{\"@type\":\"ReadAction\",\"target\":[\"https:\/\/ironsky.pl\/sklep\/produkt\/pilot-zdalnego-sterowania-telesin-do-gopro-hero-13-12-11-10-9-8-max\/\"]}]},{\"@type\":\"ImageObject\",\"inLanguage\":\"pl-PL\",\"@id\":\"https:\/\/ironsky.pl\/sklep\/produkt\/pilot-zdalnego-sterowania-telesin-do-gopro-hero-13-12-11-10-9-8-max\/#primaryimage\",\"url\":\"https:\/\/ironsky.pl\/sklep\/wp-content\/uploads\/2025\/10\/52419_1.jpg\",\"contentUrl\":\"https:\/\/ironsky.pl\/sklep\/wp-content\/uploads\/2025\/10\/52419_1.jpg\",\"width\":800,\"height\":800},{\"@type\":\"BreadcrumbList\",\"@id\":\"https:\/\/ironsky.pl\/sklep\/produkt\/pilot-zdalnego-sterowania-telesin-do-gopro-hero-13-12-11-10-9-8-max\/#breadcrumb\",\"itemListElement\":[{\"@type\":\"ListItem\",\"position\":1,\"name\":\"Strona g\u0142\u00f3wna\",\"item\":\"https:\/\/ironsky.pl\/sklep\/\"},{\"@type\":\"ListItem\",\"position\":2,\"name\":\"Wszystkie produkty\",\"item\":\"https:\/\/ironsky.pl\/sklep\/produkty\/\"},{\"@type\":\"ListItem\",\"position\":3,\"name\":\"Pilot zdalnego sterowania TELESIN do GoPro Hero 13\/12\/11\/10\/9\/8\/MAX\"}]},{\"@type\":\"WebSite\",\"@id\":\"https:\/\/ironsky.pl\/sklep\/#website\",\"url\":\"https:\/\/ironsky.pl\/sklep\/\",\"name\":\"IRONSKY.PL Sklep z Dronami\",\"description\":\"IRONSKY.PL Sklep z Dronami\",\"potentialAction\":[{\"@type\":\"SearchAction\",\"target\":{\"@type\":\"EntryPoint\",\"urlTemplate\":\"https:\/\/ironsky.pl\/sklep\/?s={search_term_string}\"},\"query-input\":{\"@type\":\"PropertyValueSpecification\",\"valueRequired\":true,\"valueName\":\"search_term_string\"}}],\"inLanguage\":\"pl-PL\"}]}<\/script>\n<!-- \/ Yoast SEO plugin. -->","yoast_head_json":{"title":"Pilot zdalnego sterowania TELESIN do GoPro Hero 13\/12\/11\/10\/9\/8\/MAX - IRONSKY.PL Sklep z Dronami","description":"Pilot zdalnego sterowania TELESIN do GoPro Hero 13\/12\/11\/10\/9\/8\/MAX - \u2705 sklep z dronami i fachowym doradztwem. \u2705 Tutaj kupisz produkty DJI, Yuneec, Parrot, Syma i wiele innych, a tak\u017ce kursy i licencje na operatora drona.","robots":{"index":"index","follow":"follow","max-snippet":"max-snippet:-1","max-image-preview":"max-image-preview:large","max-video-preview":"max-video-preview:-1"},"canonical":"https:\/\/ironsky.pl\/sklep\/produkt\/pilot-zdalnego-sterowania-telesin-do-gopro-hero-13-12-11-10-9-8-max\/","og_locale":"pl_PL","og_type":"article","og_title":"Pilot zdalnego sterowania TELESIN do GoPro Hero 13\/12\/11\/10\/9\/8\/MAX - IRONSKY.PL Sklep z Dronami","og_description":"Pilot zdalnego sterowania TELESIN do GoPro Hero 13\/12\/11\/10\/9\/8\/MAX - \u2705 sklep z dronami i fachowym doradztwem. \u2705 Tutaj kupisz produkty DJI, Yuneec, Parrot, Syma i wiele innych, a tak\u017ce kursy i licencje na operatora drona.","og_url":"https:\/\/ironsky.pl\/sklep\/produkt\/pilot-zdalnego-sterowania-telesin-do-gopro-hero-13-12-11-10-9-8-max\/","og_site_name":"IRONSKY.PL Sklep z Dronami","article_modified_time":"2026-04-15T09:01:59+00:00","og_image":[{"width":800,"height":800,"url":"https:\/\/ironsky.pl\/sklep\/wp-content\/uploads\/2025\/10\/52419_1.jpg","type":"image\/jpeg"}],"twitter_card":"summary_large_image","twitter_misc":{"Szacowany czas czytania":"2 minuty"},"schema":{"@context":"https:\/\/schema.org","@graph":[{"@type":"WebPage","@id":"https:\/\/ironsky.pl\/sklep\/produkt\/pilot-zdalnego-sterowania-telesin-do-gopro-hero-13-12-11-10-9-8-max\/","url":"https:\/\/ironsky.pl\/sklep\/produkt\/pilot-zdalnego-sterowania-telesin-do-gopro-hero-13-12-11-10-9-8-max\/","name":"Pilot zdalnego sterowania TELESIN do GoPro Hero 13\/12\/11\/10\/9\/8\/MAX - IRONSKY.PL Sklep z Dronami","isPartOf":{"@id":"https:\/\/ironsky.pl\/sklep\/#website"},"primaryImageOfPage":{"@id":"https:\/\/ironsky.pl\/sklep\/produkt\/pilot-zdalnego-sterowania-telesin-do-gopro-hero-13-12-11-10-9-8-max\/#primaryimage"},"image":{"@id":"https:\/\/ironsky.pl\/sklep\/produkt\/pilot-zdalnego-sterowania-telesin-do-gopro-hero-13-12-11-10-9-8-max\/#primaryimage"},"thumbnailUrl":"https:\/\/ironsky.pl\/sklep\/wp-content\/uploads\/2025\/10\/52419_1.jpg","datePublished":"2026-04-15T09:01:58+00:00","dateModified":"2026-04-15T09:01:59+00:00","description":"Pilot zdalnego sterowania TELESIN do GoPro Hero 13\/12\/11\/10\/9\/8\/MAX - \u2705 sklep z dronami i fachowym doradztwem. \u2705 Tutaj kupisz produkty DJI, Yuneec, Parrot, Syma i wiele innych, a tak\u017ce kursy i licencje na operatora drona.","breadcrumb":{"@id":"https:\/\/ironsky.pl\/sklep\/produkt\/pilot-zdalnego-sterowania-telesin-do-gopro-hero-13-12-11-10-9-8-max\/#breadcrumb"},"inLanguage":"pl-PL","potentialAction":[{"@type":"ReadAction","target":["https:\/\/ironsky.pl\/sklep\/produkt\/pilot-zdalnego-sterowania-telesin-do-gopro-hero-13-12-11-10-9-8-max\/"]}]},{"@type":"ImageObject","inLanguage":"pl-PL","@id":"https:\/\/ironsky.pl\/sklep\/produkt\/pilot-zdalnego-sterowania-telesin-do-gopro-hero-13-12-11-10-9-8-max\/#primaryimage","url":"https:\/\/ironsky.pl\/sklep\/wp-content\/uploads\/2025\/10\/52419_1.jpg","contentUrl":"https:\/\/ironsky.pl\/sklep\/wp-content\/uploads\/2025\/10\/52419_1.jpg","width":800,"height":800},{"@type":"BreadcrumbList","@id":"https:\/\/ironsky.pl\/sklep\/produkt\/pilot-zdalnego-sterowania-telesin-do-gopro-hero-13-12-11-10-9-8-max\/#breadcrumb","itemListElement":[{"@type":"ListItem","position":1,"name":"Strona g\u0142\u00f3wna","item":"https:\/\/ironsky.pl\/sklep\/"},{"@type":"ListItem","position":2,"name":"Wszystkie produkty","item":"https:\/\/ironsky.pl\/sklep\/produkty\/"},{"@type":"ListItem","position":3,"name":"Pilot zdalnego sterowania TELESIN do GoPro Hero 13\/12\/11\/10\/9\/8\/MAX"}]},{"@type":"WebSite","@id":"https:\/\/ironsky.pl\/sklep\/#website","url":"https:\/\/ironsky.pl\/sklep\/","name":"IRONSKY.PL Sklep z Dronami","description":"IRONSKY.PL Sklep z Dronami","potentialAction":[{"@type":"SearchAction","target":{"@type":"EntryPoint","urlTemplate":"https:\/\/ironsky.pl\/sklep\/?s={search_term_string}"},"query-input":{"@type":"PropertyValueSpecification","valueRequired":true,"valueName":"search_term_string"}}],"inLanguage":"pl-PL"}]}},"_links":{"self":[{"href":"https:\/\/ironsky.pl\/sklep\/wp-json\/wp\/v2\/product\/60425","targetHints":{"allow":["GET"]}}],"collection":[{"href":"https:\/\/ironsky.pl\/sklep\/wp-json\/wp\/v2\/product"}],"about":[{"href":"https:\/\/ironsky.pl\/sklep\/wp-json\/wp\/v2\/types\/product"}],"replies":[{"embeddable":true,"href":"https:\/\/ironsky.pl\/sklep\/wp-json\/wp\/v2\/comments?post=60425"}],"wp:featuredmedia":[{"embeddable":true,"href":"https:\/\/ironsky.pl\/sklep\/wp-json\/wp\/v2\/media\/50304"}],"wp:attachment":[{"href":"https:\/\/ironsky.pl\/sklep\/wp-json\/wp\/v2\/media?parent=60425"}],"wp:term":[{"taxonomy":"product_brand","embeddable":true,"href":"https:\/\/ironsky.pl\/sklep\/wp-json\/wp\/v2\/product_brand?post=60425"},{"taxonomy":"product_cat","embeddable":true,"href":"https:\/\/ironsky.pl\/sklep\/wp-json\/wp\/v2\/product_cat?post=60425"},{"taxonomy":"product_tag","embeddable":true,"href":"https:\/\/ironsky.pl\/sklep\/wp-json\/wp\/v2\/product_tag?post=60425"}],"curies":[{"name":"wp","href":"https:\/\/api.w.org\/{rel}","templated":true}]}}