{"id":60421,"date":"2026-04-15T11:01:38","date_gmt":"2026-04-15T09:01:38","guid":{"rendered":"https:\/\/ironsky.pl\/sklep\/produkt\/torba-telesin-eva-do-dji-action-3-4-5-rozmiar-l\/"},"modified":"2026-04-15T11:01:55","modified_gmt":"2026-04-15T09:01:55","slug":"torba-telesin-eva-do-dji-action-3-4-5-rozmiar-l","status":"publish","type":"product","link":"https:\/\/ironsky.pl\/sklep\/produkt\/torba-telesin-eva-do-dji-action-3-4-5-rozmiar-l\/","title":{"rendered":"Torba TELESIN EVA do DJI Action 3\/4\/5 rozmiar L"},"content":{"rendered":"<h3>Torba do przechowywania Telesin EVA do DJI Action 3\/4\/5 (rozmiar L)<\/h3>\n<p>Torba ochronna Telesin EVA zosta\u0142a zaprojektowana z my\u015bl\u0105 o u\u017cytkownikach kamer DJI Action 3, 4 i 5. Dzi\u0119ki odpornej na wstrz\u0105sy i nacisk konstrukcji skutecznie zabezpiecza sprz\u0119t przed uszkodzeniami mechanicznymi w trakcie transportu. Jej kompaktowy, a przy tym pojemny format sprawia, \u017ce ca\u0142y Tw\u00f3j sprz\u0119t zmie\u015bci si\u0119 wygodnie w plecaku lub torbie.<\/p>\n<p>\n<img decoding=\"async\" src=\"https:\/\/assets.innpro.pl\/15618\/19623\/1.jpg\" border=\"0\" alt=\"\" \/>\n<\/p>\n<h3>Przemy\u015blane wn\u0119trze i wodoodporna pow\u0142oka<\/h3>\n<p>Wn\u0119trze etui wykonano z wyprofilowanej pianki, kt\u00f3ra idealnie dopasowuje si\u0119 do kszta\u0142tu kamery i akcesori\u00f3w \u2013 od filtr\u00f3w ND po karty pami\u0119ci i podstawy szybkiego monta\u017cu. Ka\u017cdy element ma swoje miejsce, co u\u0142atwia utrzymanie porz\u0105dku i przyspiesza dost\u0119p w terenie. Dodatkowym atutem jest odporna na zachlapania pow\u0142oka zewn\u0119trzna, kt\u00f3ra chroni zawarto\u015b\u0107 przed wilgoci\u0105, np. podczas nag\u0142ych zmian pogody.<\/p>\n<p>\n<img decoding=\"async\" src=\"https:\/\/assets.innpro.pl\/15618\/19623\/6.jpg\" border=\"0\" alt=\"\" \/>\n<\/p>\n<h3>Mobilno\u015b\u0107 i wygoda\u00a0<\/h3>\n<p>Torba Telesin wa\u017cy zaledwie 420 gram\u00f3w, a jej wymiary (262 x 206 x 65,5 mm) czyni\u0105 j\u0105 idealnym rozwi\u0105zaniem dla os\u00f3b, kt\u00f3re chc\u0105 mie\u0107 ca\u0142y zestaw zawsze pod r\u0119k\u0105. Mo\u017cna j\u0105 przypi\u0105\u0107 do plecaka lub po prostu schowa\u0107 do kieszeni torby turystycznej. To praktyczne rozwi\u0105zanie zar\u00f3wno dla tw\u00f3rc\u00f3w vlog\u00f3w, jak i dla podr\u00f3\u017cnik\u00f3w, kt\u00f3rzy ceni\u0105 porz\u0105dek, szybko\u015b\u0107 dzia\u0142ania i bezpiecze\u0144stwo sprz\u0119tu.<\/p>\n<p>\n<img decoding=\"async\" src=\"https:\/\/assets.innpro.pl\/15618\/19623\/4.jpg\" border=\"0\" alt=\"\" \/>\n<\/p>\n<div class=\"table-wrapper\">\n<p>\u00a0<\/p>\n<h3><\/h3>\n<table>\n<tbody>\n<tr>\n<th>Producent<\/th>\n<td>Telesin<\/td>\n<\/tr>\n<tr>\n<th>Kod producenta<\/th>\n<td>S6-PRC-05-TDJ<\/td>\n<\/tr>\n<tr>\n<th>Kompatybilno\u015b\u0107<\/th>\n<td>DJI Action 5Pro, Action 4, Action 3 i modele podobne<\/td>\n<\/tr>\n<tr>\n<th>Wodoodporno\u015b\u0107<\/th>\n<td>Odporna na zachlapania <\/td>\n<\/tr>\n<tr>\n<th>Funkcje<\/th>\n<td>Wstrz\u0105soodporna, odporna na zgniatanie<\/td>\n<\/tr>\n<tr>\n<th>Wymiary<\/th>\n<td>262 x 206 x 65,5 mm<\/td>\n<\/tr>\n<tr>\n<th>Waga<\/th>\n<td>420 g<\/td>\n<\/tr>\n<\/tbody>\n<\/table>\n<\/div>\n","protected":false},"excerpt":{"rendered":"<p>Torba do przechowywania Telesin EVA do DJI Action 3\/4\/5 (rozmiar L) Torba ochronna Telesin EVA zosta\u0142a zaprojektowana z my\u015bl\u0105 o<\/p>\n","protected":false},"featured_media":50289,"comment_status":"closed","ping_status":"open","template":"","meta":{"_acf_changed":false},"product_brand":[],"product_cat":[1128,6172,6205],"product_tag":[],"class_list":{"0":"post-60421","1":"product","2":"type-product","3":"status-publish","4":"has-post-thumbnail","6":"product_cat-foto-wideo","7":"product_cat-przechowywanie-i-transport","8":"product_cat-torby","9":"pa_okres-gwarancji-5754","10":"pa_producent-telesin","12":"first","13":"outofstock","14":"taxable","15":"shipping-taxable","16":"purchasable","17":"product-type-simple"},"acf":[],"yoast_head":"<!-- This site is optimized with the Yoast SEO plugin v27.2 - https:\/\/yoast.com\/product\/yoast-seo-wordpress\/ -->\n<title>Torba TELESIN EVA do DJI Action 3\/4\/5 rozmiar L - IRONSKY.PL Sklep z Dronami<\/title>\n<meta name=\"description\" content=\"Torba TELESIN EVA do DJI Action 3\/4\/5 rozmiar L - \u2705 sklep z dronami i fachowym doradztwem. \u2705 Tutaj kupisz produkty DJI, Yuneec, Parrot, Syma i wiele innych, a tak\u017ce kursy i licencje na operatora drona.\" \/>\n<meta name=\"robots\" content=\"index, follow, max-snippet:-1, max-image-preview:large, max-video-preview:-1\" \/>\n<link rel=\"canonical\" href=\"https:\/\/ironsky.pl\/sklep\/produkt\/torba-telesin-eva-do-dji-action-3-4-5-rozmiar-l\/\" \/>\n<meta property=\"og:locale\" content=\"pl_PL\" \/>\n<meta property=\"og:type\" content=\"article\" \/>\n<meta property=\"og:title\" content=\"Torba TELESIN EVA do DJI Action 3\/4\/5 rozmiar L - IRONSKY.PL Sklep z Dronami\" \/>\n<meta property=\"og:description\" content=\"Torba TELESIN EVA do DJI Action 3\/4\/5 rozmiar L - \u2705 sklep z dronami i fachowym doradztwem. \u2705 Tutaj kupisz produkty DJI, Yuneec, Parrot, Syma i wiele innych, a tak\u017ce kursy i licencje na operatora drona.\" \/>\n<meta property=\"og:url\" content=\"https:\/\/ironsky.pl\/sklep\/produkt\/torba-telesin-eva-do-dji-action-3-4-5-rozmiar-l\/\" \/>\n<meta property=\"og:site_name\" content=\"IRONSKY.PL Sklep z Dronami\" \/>\n<meta property=\"article:modified_time\" content=\"2026-04-15T09:01:55+00:00\" \/>\n<meta property=\"og:image\" content=\"https:\/\/ironsky.pl\/sklep\/wp-content\/uploads\/2025\/10\/52408_2.jpg\" \/>\n\t<meta property=\"og:image:width\" content=\"800\" \/>\n\t<meta property=\"og:image:height\" content=\"800\" \/>\n\t<meta property=\"og:image:type\" content=\"image\/jpeg\" \/>\n<meta name=\"twitter:card\" content=\"summary_large_image\" \/>\n<meta name=\"twitter:label1\" content=\"Szacowany czas czytania\" \/>\n\t<meta name=\"twitter:data1\" content=\"1 minuta\" \/>\n<script type=\"application\/ld+json\" class=\"yoast-schema-graph\">{\"@context\":\"https:\/\/schema.org\",\"@graph\":[{\"@type\":\"WebPage\",\"@id\":\"https:\/\/ironsky.pl\/sklep\/produkt\/torba-telesin-eva-do-dji-action-3-4-5-rozmiar-l\/\",\"url\":\"https:\/\/ironsky.pl\/sklep\/produkt\/torba-telesin-eva-do-dji-action-3-4-5-rozmiar-l\/\",\"name\":\"Torba TELESIN EVA do DJI Action 3\/4\/5 rozmiar L - IRONSKY.PL Sklep z Dronami\",\"isPartOf\":{\"@id\":\"https:\/\/ironsky.pl\/sklep\/#website\"},\"primaryImageOfPage\":{\"@id\":\"https:\/\/ironsky.pl\/sklep\/produkt\/torba-telesin-eva-do-dji-action-3-4-5-rozmiar-l\/#primaryimage\"},\"image\":{\"@id\":\"https:\/\/ironsky.pl\/sklep\/produkt\/torba-telesin-eva-do-dji-action-3-4-5-rozmiar-l\/#primaryimage\"},\"thumbnailUrl\":\"https:\/\/ironsky.pl\/sklep\/wp-content\/uploads\/2025\/10\/52408_2.jpg\",\"datePublished\":\"2026-04-15T09:01:38+00:00\",\"dateModified\":\"2026-04-15T09:01:55+00:00\",\"description\":\"Torba TELESIN EVA do DJI Action 3\/4\/5 rozmiar L - \u2705 sklep z dronami i fachowym doradztwem. \u2705 Tutaj kupisz produkty DJI, Yuneec, Parrot, Syma i wiele innych, a tak\u017ce kursy i licencje na operatora drona.\",\"breadcrumb\":{\"@id\":\"https:\/\/ironsky.pl\/sklep\/produkt\/torba-telesin-eva-do-dji-action-3-4-5-rozmiar-l\/#breadcrumb\"},\"inLanguage\":\"pl-PL\",\"potentialAction\":[{\"@type\":\"ReadAction\",\"target\":[\"https:\/\/ironsky.pl\/sklep\/produkt\/torba-telesin-eva-do-dji-action-3-4-5-rozmiar-l\/\"]}]},{\"@type\":\"ImageObject\",\"inLanguage\":\"pl-PL\",\"@id\":\"https:\/\/ironsky.pl\/sklep\/produkt\/torba-telesin-eva-do-dji-action-3-4-5-rozmiar-l\/#primaryimage\",\"url\":\"https:\/\/ironsky.pl\/sklep\/wp-content\/uploads\/2025\/10\/52408_2.jpg\",\"contentUrl\":\"https:\/\/ironsky.pl\/sklep\/wp-content\/uploads\/2025\/10\/52408_2.jpg\",\"width\":800,\"height\":800},{\"@type\":\"BreadcrumbList\",\"@id\":\"https:\/\/ironsky.pl\/sklep\/produkt\/torba-telesin-eva-do-dji-action-3-4-5-rozmiar-l\/#breadcrumb\",\"itemListElement\":[{\"@type\":\"ListItem\",\"position\":1,\"name\":\"Strona g\u0142\u00f3wna\",\"item\":\"https:\/\/ironsky.pl\/sklep\/\"},{\"@type\":\"ListItem\",\"position\":2,\"name\":\"Wszystkie produkty\",\"item\":\"https:\/\/ironsky.pl\/sklep\/produkty\/\"},{\"@type\":\"ListItem\",\"position\":3,\"name\":\"Torba TELESIN EVA do DJI Action 3\/4\/5 rozmiar L\"}]},{\"@type\":\"WebSite\",\"@id\":\"https:\/\/ironsky.pl\/sklep\/#website\",\"url\":\"https:\/\/ironsky.pl\/sklep\/\",\"name\":\"IRONSKY.PL Sklep z Dronami\",\"description\":\"IRONSKY.PL Sklep z Dronami\",\"potentialAction\":[{\"@type\":\"SearchAction\",\"target\":{\"@type\":\"EntryPoint\",\"urlTemplate\":\"https:\/\/ironsky.pl\/sklep\/?s={search_term_string}\"},\"query-input\":{\"@type\":\"PropertyValueSpecification\",\"valueRequired\":true,\"valueName\":\"search_term_string\"}}],\"inLanguage\":\"pl-PL\"}]}<\/script>\n<!-- \/ Yoast SEO plugin. -->","yoast_head_json":{"title":"Torba TELESIN EVA do DJI Action 3\/4\/5 rozmiar L - IRONSKY.PL Sklep z Dronami","description":"Torba TELESIN EVA do DJI Action 3\/4\/5 rozmiar L - \u2705 sklep z dronami i fachowym doradztwem. \u2705 Tutaj kupisz produkty DJI, Yuneec, Parrot, Syma i wiele innych, a tak\u017ce kursy i licencje na operatora drona.","robots":{"index":"index","follow":"follow","max-snippet":"max-snippet:-1","max-image-preview":"max-image-preview:large","max-video-preview":"max-video-preview:-1"},"canonical":"https:\/\/ironsky.pl\/sklep\/produkt\/torba-telesin-eva-do-dji-action-3-4-5-rozmiar-l\/","og_locale":"pl_PL","og_type":"article","og_title":"Torba TELESIN EVA do DJI Action 3\/4\/5 rozmiar L - IRONSKY.PL Sklep z Dronami","og_description":"Torba TELESIN EVA do DJI Action 3\/4\/5 rozmiar L - \u2705 sklep z dronami i fachowym doradztwem. \u2705 Tutaj kupisz produkty DJI, Yuneec, Parrot, Syma i wiele innych, a tak\u017ce kursy i licencje na operatora drona.","og_url":"https:\/\/ironsky.pl\/sklep\/produkt\/torba-telesin-eva-do-dji-action-3-4-5-rozmiar-l\/","og_site_name":"IRONSKY.PL Sklep z Dronami","article_modified_time":"2026-04-15T09:01:55+00:00","og_image":[{"width":800,"height":800,"url":"https:\/\/ironsky.pl\/sklep\/wp-content\/uploads\/2025\/10\/52408_2.jpg","type":"image\/jpeg"}],"twitter_card":"summary_large_image","twitter_misc":{"Szacowany czas czytania":"1 minuta"},"schema":{"@context":"https:\/\/schema.org","@graph":[{"@type":"WebPage","@id":"https:\/\/ironsky.pl\/sklep\/produkt\/torba-telesin-eva-do-dji-action-3-4-5-rozmiar-l\/","url":"https:\/\/ironsky.pl\/sklep\/produkt\/torba-telesin-eva-do-dji-action-3-4-5-rozmiar-l\/","name":"Torba TELESIN EVA do DJI Action 3\/4\/5 rozmiar L - IRONSKY.PL Sklep z Dronami","isPartOf":{"@id":"https:\/\/ironsky.pl\/sklep\/#website"},"primaryImageOfPage":{"@id":"https:\/\/ironsky.pl\/sklep\/produkt\/torba-telesin-eva-do-dji-action-3-4-5-rozmiar-l\/#primaryimage"},"image":{"@id":"https:\/\/ironsky.pl\/sklep\/produkt\/torba-telesin-eva-do-dji-action-3-4-5-rozmiar-l\/#primaryimage"},"thumbnailUrl":"https:\/\/ironsky.pl\/sklep\/wp-content\/uploads\/2025\/10\/52408_2.jpg","datePublished":"2026-04-15T09:01:38+00:00","dateModified":"2026-04-15T09:01:55+00:00","description":"Torba TELESIN EVA do DJI Action 3\/4\/5 rozmiar L - \u2705 sklep z dronami i fachowym doradztwem. \u2705 Tutaj kupisz produkty DJI, Yuneec, Parrot, Syma i wiele innych, a tak\u017ce kursy i licencje na operatora drona.","breadcrumb":{"@id":"https:\/\/ironsky.pl\/sklep\/produkt\/torba-telesin-eva-do-dji-action-3-4-5-rozmiar-l\/#breadcrumb"},"inLanguage":"pl-PL","potentialAction":[{"@type":"ReadAction","target":["https:\/\/ironsky.pl\/sklep\/produkt\/torba-telesin-eva-do-dji-action-3-4-5-rozmiar-l\/"]}]},{"@type":"ImageObject","inLanguage":"pl-PL","@id":"https:\/\/ironsky.pl\/sklep\/produkt\/torba-telesin-eva-do-dji-action-3-4-5-rozmiar-l\/#primaryimage","url":"https:\/\/ironsky.pl\/sklep\/wp-content\/uploads\/2025\/10\/52408_2.jpg","contentUrl":"https:\/\/ironsky.pl\/sklep\/wp-content\/uploads\/2025\/10\/52408_2.jpg","width":800,"height":800},{"@type":"BreadcrumbList","@id":"https:\/\/ironsky.pl\/sklep\/produkt\/torba-telesin-eva-do-dji-action-3-4-5-rozmiar-l\/#breadcrumb","itemListElement":[{"@type":"ListItem","position":1,"name":"Strona g\u0142\u00f3wna","item":"https:\/\/ironsky.pl\/sklep\/"},{"@type":"ListItem","position":2,"name":"Wszystkie produkty","item":"https:\/\/ironsky.pl\/sklep\/produkty\/"},{"@type":"ListItem","position":3,"name":"Torba TELESIN EVA do DJI Action 3\/4\/5 rozmiar L"}]},{"@type":"WebSite","@id":"https:\/\/ironsky.pl\/sklep\/#website","url":"https:\/\/ironsky.pl\/sklep\/","name":"IRONSKY.PL Sklep z Dronami","description":"IRONSKY.PL Sklep z Dronami","potentialAction":[{"@type":"SearchAction","target":{"@type":"EntryPoint","urlTemplate":"https:\/\/ironsky.pl\/sklep\/?s={search_term_string}"},"query-input":{"@type":"PropertyValueSpecification","valueRequired":true,"valueName":"search_term_string"}}],"inLanguage":"pl-PL"}]}},"_links":{"self":[{"href":"https:\/\/ironsky.pl\/sklep\/wp-json\/wp\/v2\/product\/60421","targetHints":{"allow":["GET"]}}],"collection":[{"href":"https:\/\/ironsky.pl\/sklep\/wp-json\/wp\/v2\/product"}],"about":[{"href":"https:\/\/ironsky.pl\/sklep\/wp-json\/wp\/v2\/types\/product"}],"replies":[{"embeddable":true,"href":"https:\/\/ironsky.pl\/sklep\/wp-json\/wp\/v2\/comments?post=60421"}],"wp:featuredmedia":[{"embeddable":true,"href":"https:\/\/ironsky.pl\/sklep\/wp-json\/wp\/v2\/media\/50289"}],"wp:attachment":[{"href":"https:\/\/ironsky.pl\/sklep\/wp-json\/wp\/v2\/media?parent=60421"}],"wp:term":[{"taxonomy":"product_brand","embeddable":true,"href":"https:\/\/ironsky.pl\/sklep\/wp-json\/wp\/v2\/product_brand?post=60421"},{"taxonomy":"product_cat","embeddable":true,"href":"https:\/\/ironsky.pl\/sklep\/wp-json\/wp\/v2\/product_cat?post=60421"},{"taxonomy":"product_tag","embeddable":true,"href":"https:\/\/ironsky.pl\/sklep\/wp-json\/wp\/v2\/product_tag?post=60421"}],"curies":[{"name":"wp","href":"https:\/\/api.w.org\/{rel}","templated":true}]}}