{"id":60415,"date":"2026-04-15T11:01:38","date_gmt":"2026-04-15T09:01:38","guid":{"rendered":"https:\/\/ironsky.pl\/sklep\/produkt\/zestaw-fotowoltaiki-balkonowej-ecoflow-stream-standard\/"},"modified":"2026-04-15T11:01:47","modified_gmt":"2026-04-15T09:01:47","slug":"zestaw-fotowoltaiki-balkonowej-ecoflow-stream-standard","status":"publish","type":"product","link":"https:\/\/ironsky.pl\/sklep\/produkt\/zestaw-fotowoltaiki-balkonowej-ecoflow-stream-standard\/","title":{"rendered":"Zestaw fotowoltaiki balkonowej ECOFLOW STREAM Standard"},"content":{"rendered":"<h3>Fotowoltaika balkonowa EcoFlow STREAM Standard<\/h3>\n<p>Zestaw EcoFlow STREAM Standard zawiera mikroinwerter STREAM, dwa panele fotowoltaiczne Trina 400 W oraz niezb\u0119dne kable, w tym PV, AC, dwa kable przed\u0142u\u017caj\u0105ce do paneli fotowoltaicznych MC4 (3 m) i dwa p\u0142askie kable PowerStream MC4. Pozwala w prosty spos\u00f3b zacz\u0105\u0107 przygod\u0119 z fotowoltaik\u0105 balkonow\u0105 \u2013 jest bardzo \u0142atwy w monta\u017cu i konfiguracji. Dzi\u0119ki niemu mo\u017cesz zasila\u0107 wybrane urz\u0105dzenia energi\u0105 s\u0142oneczn\u0105 i oszcz\u0119dza\u0107 na rachunkach! Mikroinwerter STREAM obs\u0142uguje dwa niezale\u017cne kana\u0142y MPPT, ka\u017cdy o mocy wej\u015bciowej do 600 W \u2013 razem to a\u017c 1200 W z paneli PV. Generuje do 800 W mocy wyj\u015bciowej przy pr\u0105dzie 3,48 A, idealnie sprawdzaj\u0105c si\u0119 w systemach on-grid. Mo\u017cesz te\u017c kontrolowa\u0107 go za pomoc\u0105 aplikacji EcoFlow dzi\u0119ki wbudowanemu Wi-Fi i Bluetooth.<\/p>\n<p><img decoding=\"async\" src=\"https:\/\/assets.innpro.pl\/15594\/19593\/1.jpg\" border=\"0\" alt=\"\"><\/p>\n<h3>Lepsze dostosowanie do warunk\u00f3w pracy<\/h3>\n<p>Mikroinwerter EcoFlow Stream wyposa\u017cono w dwa niezale\u017cne tory \u015bledzenia punktu mocy maksymalnej (MPPT) \u2013 ka\u017cdy o mocy wej\u015bciowej do 600 W. Dzi\u0119ki temu urz\u0105dzenie lepiej radzi sobie w sytuacjach, gdy panele s\u0105 ustawione pod r\u00f3\u017cnymi k\u0105tami lub ich cz\u0119\u015b\u0107 znajduje si\u0119 w cieniu. Niezale\u017cna praca ka\u017cdego kana\u0142u umo\u017cliwia bardziej efektywne wykorzystanie dost\u0119pnego \u015bwiat\u0142a s\u0142onecznego i pozwala ograniczy\u0107 straty energii spowodowane zr\u00f3\u017cnicowanymi warunkami nas\u0142onecznienia. Co wi\u0119cej, mikroinwerter aktywuje si\u0119 ju\u017c przy mocy wej\u015bciowej zaledwie 3 W, co pozwala mu dzia\u0142a\u0107 wcze\u015bnie rano i tu\u017c przed zmierzchem.<\/p>\n<p><img decoding=\"async\" src=\"https:\/\/assets.innpro.pl\/15594\/19593\/3.jpg\" border=\"0\" alt=\"\"><\/p>\n<h3>Elastyczno\u015b\u0107 w doborze paneli<\/h3>\n<p>Zakres napi\u0119cia wej\u015bciowego od 16 do 60 V DC umo\u017cliwia wsp\u00f3\u0142prac\u0119 z szerok\u0105 gam\u0105 paneli PV. Urz\u0105dzenie jest kompatybilne z 99% paneli dost\u0119pnych na rynku i zachowuje wysok\u0105 sprawno\u015b\u0107 nawet przy s\u0142abym nas\u0142onecznieniu.<\/p>\n<p><img decoding=\"async\" src=\"https:\/\/assets.innpro.pl\/15594\/19593\/5.jpg\" border=\"0\" alt=\"\"><\/p>\n<h3>Stabilna moc wyj\u015bciowa do sieci<\/h3>\n<p>EcoFlow Stream 800W pracuje w trybie on-grid \u2013 energia trafia bezpo\u015brednio do domowej instalacji, wspieraj\u0105c bie\u017c\u0105ce zu\u017cycie lub oddaj\u0105c nadwy\u017cki do sieci. System STREAM mo\u017ce rocznie wygenerowa\u0107 do 858 kWh energii, co przy \u015bredniej europejskiej cenie pr\u0105du pozwala zaoszcz\u0119dzi\u0107 nawet 137 euro. Dodatkowo mikroinwerter dzia\u0142a stabilnie w szerokim zakresie napi\u0119cia sieci \u2013 od 183 do 276 V \u2013 i cz\u0119stotliwo\u015bci 45\u201365 Hz.<\/p>\n<p><img decoding=\"async\" src=\"https:\/\/assets.innpro.pl\/15594\/19593\/6.jpg\" border=\"0\" alt=\"\"><\/p>\n<h3>Intuicyjna obs\u0142uga przez aplikacj\u0119<\/h3>\n<p>Dzi\u0119ki po\u0142\u0105czeniu Wi-Fi i Bluetooth mikroinwerter mo\u017cna monitorowa\u0107 i konfigurowa\u0107 zdalnie za pomoc\u0105 aplikacji EcoFlow. Znajdziesz tam dane w czasie rzeczywistym, prognozy zu\u017cycia oraz funkcje oparte na sztucznej inteligencji: AI-TOU (dynamiczne taryfy energii), AI Power Prediction oraz Adaptive Energy Architect. Asystent AI pracuje 24\/7, pomagaj\u0105c optymalizowa\u0107 zu\u017cycie pr\u0105du. W aplikacji dost\u0119pne s\u0105 te\u017c takie funkcje jak Savings Calendar oraz zdalne sterowanie pod\u0142\u0105czonymi urz\u0105dzeniami. Uwaga: niekt\u00f3re z tych opcji wymagaj\u0105 dodatkowej subskrypcji premium.<\/p>\n<p><img decoding=\"async\" src=\"https:\/\/assets.innpro.pl\/15594\/19593\/13.jpg\" border=\"0\" alt=\"\"><\/p>\n<h3>\u0141atwy monta\u017c \u2013 Plug &amp; Play<\/h3>\n<p>Instalacja nie wymaga specjalistycznych narz\u0119dzi ani pomocy elektryka \u2013 ca\u0142y proces zajmuje oko\u0142o 30 minut. Dzi\u0119ki rozwi\u0105zaniu Plug &amp; Play urz\u0105dzenie mo\u017cna \u0142atwo zamontowa\u0107 samodzielnie, tak\u017ce w wynajmowanych mieszkaniach \u2013 bez trwa\u0142ych ingerencji w konstrukcj\u0119 budynku.<\/p>\n<p><img decoding=\"async\" src=\"https:\/\/assets.innpro.pl\/15594\/19593\/2.jpg\" border=\"0\" alt=\"\"><\/p>\n<h3>Przystosowany do pracy na zewn\u0105trz<\/h3>\n<p>Obudowa mikroinwertera spe\u0142nia standard IP67, co oznacza pe\u0142n\u0105 ochron\u0119 przed py\u0142em i odporno\u015b\u0107 na zachlapania. Zakres temperatury roboczej wynosi od -40\u00b0C do 65\u00b0C \u2013 urz\u0105dzenie dzia\u0142a wi\u0119c niezawodnie zar\u00f3wno w czasie mroz\u00f3w, jak i upa\u0142\u00f3w. Z powodzeniem zamontujesz je na zewn\u0105trz!<\/p>\n<p><img decoding=\"async\" src=\"https:\/\/assets.innpro.pl\/15594\/19593\/11.jpg\" border=\"0\" alt=\"\"><\/p>\n<h3>Cicha praca i kompaktowe wymiary<\/h3>\n<p>Poziom ha\u0142asu poni\u017cej 20 dB sprawia, \u017ce urz\u0105dzenie pozostaje praktycznie nies\u0142yszalne. Ponadto dzi\u0119ki wymiarom 252 x 180 x 35 mm i wadze 3,2 kg \u0142atwo znale\u017a\u0107 dla niego odpowiednie miejsce monta\u017cu \u2013 nawet tam, gdzie przestrze\u0144 jest ograniczona.<\/p>\n<p><img decoding=\"async\" src=\"https:\/\/assets.innpro.pl\/15594\/19593\/9.jpg\" border=\"0\" alt=\"\"><\/p>\n<h3>Wydajne panele fotowoltaiczne w zestawie<\/h3>\n<p>W sk\u0142ad zestawu wchodz\u0105 dwa panele fotowoltaiczne Trina o mocy do 400 W i efektywno\u015bci na poziomie 21,1%. Dzi\u0119ki technologii monokrystalicznej i wielobuskowej zapewniaj\u0105 maksymalne wykorzystanie \u015bwiat\u0142a s\u0142onecznego i niskie straty energii. W efekcie system dzia\u0142a wydajnie nawet w mniej sprzyjaj\u0105cych warunkach o\u015bwietleniowych! Ponadto kompaktowe wymiary i mo\u017cliwo\u015b\u0107 monta\u017cu na balustradzie balkonowej sprawiaj\u0105, \u017ce zestaw EcoFlow z panelami Trina jest doskona\u0142ym rozwi\u0105zaniem dla mieszka\u0144 w blokach \u2013 nie wymaga du\u017cej przestrzeni ani skomplikowanych prac instalacyjnych.<\/p>\n<p><img decoding=\"async\" src=\"https:\/\/assets.innpro.pl\/15594\/19593\/4.jpg\" border=\"0\" alt=\"\"><\/p>\n<h3>Niezb\u0119dne kable<\/h3>\n<p>W zestawie znajdziesz r\u00f3wnie\u017c niezb\u0119dne przewody do systemu. P\u0142askie kable EcoFlow PowerStream MC4 umo\u017cliwiaj\u0105 bezproblemowe pod\u0142\u0105czenie paneli fotowoltaicznych do mikroinwertera umieszczonego wewn\u0105trz \u2013 bez konieczno\u015bci wiercenia otwor\u00f3w w \u015bcianie. Wystarczy poprowadzi\u0107 je przez szczeliny pod drzwiami lub oknami! Z kolei przewody przed\u0142u\u017caj\u0105ce o d\u0142ugo\u015bci 3 m oferuj\u0105 wi\u0119ksz\u0105 elastyczno\u015b\u0107 podczas monta\u017cu. Dzi\u0119ki nim mo\u017cesz pod\u0142\u0105czy\u0107 panele w taki spos\u00f3b, aby zapewni\u0107 im jak najlepsz\u0105 ekspozycj\u0119 na s\u0142o\u0144ce. Zestaw zawiera tak\u017ce kable AC i PV.<\/p>\n<p><img decoding=\"async\" src=\"https:\/\/assets.innpro.pl\/15594\/19593\/8.jpg\" border=\"0\" alt=\"\"><\/p>\n<h3>W zestawie<\/h3>\n<ul>\n<li>Mikroinwerter STREAM<\/li>\n<li>2x panel fotowoltaiczny Trina<\/li>\n<li>Kabel PV<\/li>\n<li>Kabel AC<\/li>\n<li>2x kabel przed\u0142u\u017caj\u0105cy EcoFlow do paneli fotowoltaicznych MC4 (3 m)<\/li>\n<li>2x p\u0142aski kabel EcoFlow PowerStream MC4<\/li>\n<\/ul>\n<div class=\"table-wrapper\">\n<p>&nbsp;<\/p>\n<h3>Mikroinwerter STREAM<\/h3>\n<table>\n<tbody>\n<tr>\n<th>Producent<\/th>\n<td>EcoFlow<\/td>\n<\/tr>\n<tr>\n<th>Kod producenta<\/th>\n<td>EFStreamMI800W<\/td>\n<\/tr>\n<tr>\n<th>MPPT<\/th>\n<td>2<\/td>\n<\/tr>\n<tr>\n<th>Moc wej\u015bciowa PV<\/th>\n<td>600 W x2<\/td>\n<\/tr>\n<tr>\n<th>Napi\u0119cie wej\u015bciowe<\/th>\n<td>16\u201360 V DC<\/td>\n<\/tr>\n<tr>\n<th>Moc wyj\u015bciowa AC<\/th>\n<td>800 W<\/td>\n<\/tr>\n<tr>\n<th>Pr\u0105d wyj\u015bciowy AC<\/th>\n<td>3,48 A<\/td>\n<\/tr>\n<tr>\n<th>Temperatura robocza<\/th>\n<td>od -40\u00b0C do 65\u00b0C<\/td>\n<\/tr>\n<tr>\n<th>\u0141\u0105czno\u015b\u0107<\/th>\n<td>Wi-Fi \/ Bluetooth<\/td>\n<\/tr>\n<tr>\n<th>Klasa szczelno\u015bci <\/th>\n<td>IP67<\/td>\n<\/tr>\n<tr>\n<th>Waga<\/th>\n<td>3,2 kg<\/td>\n<\/tr>\n<tr>\n<th>Wymiary<\/th>\n<td>252 x 180 x 35 mm<\/td>\n<\/tr>\n<tr>\n<th>Poziom ha\u0142asu <\/th>\n<td><20 dB<\/td>\n<\/tr>\n<\/tbody>\n<\/table>\n<p>&nbsp;<\/p>\n<h3>Panel Trina 400W (Dane elektryczne [STC])<\/h3>\n<table>\n<tbody>\n<tr>\n<th>Moc szczytowa-P MAX (Wp)*<\/th>\n<td>390 &#8211; 395 &#8211; 400 &#8211; 405<\/td>\n<\/tr>\n<tr>\n<th>Tolerancja mocy-P MAX (W)<\/th>\n<td>0~ +5<\/td>\n<\/tr>\n<tr>\n<th>Napi\u0119cie maksymalnej mocy-VMPP (V)<\/th>\n<td>33.8 &#8211; 34.0 &#8211; 34.2 &#8211; 34.4<\/td>\n<\/tr>\n<tr>\n<th>Pr\u0105d maksymalnej mocy-IMPP (A)<\/th>\n<td>11.54 &#8211; 11.62 &#8211; 11.70 &#8211; 11.77<\/td>\n<\/tr>\n<tr>\n<th>Napi\u0119cie obwodu otwartego-VOC (V) <\/th>\n<td>40.8 &#8211; 41.0 &#8211; 41.2 &#8211; 41.4<\/td>\n<\/tr>\n<tr>\n<th>Pr\u0105d zwarciowy-ISC (A)<\/th>\n<td>12.14 &#8211; 12.21 -12.28 &#8211; 12.34<\/td>\n<\/tr>\n<tr>\n<th>Sprawno\u015b\u0107 modu\u0142u \u03b7m (%)<\/th>\n<td>20.3 &#8211; 20.5 &#8211; 20.8 &#8211; 21.1<\/td>\n<\/tr>\n<\/tbody>\n<\/table>\n<p>&nbsp;<\/p>\n<h3>Panel Trina 400W (Dane elektryczne [NOCT])<\/h3>\n<table>\n<tbody>\n<tr>\n<th>Maksymalna moc-P MAX (Wp)<\/th>\n<td>295 &#8211; 298 &#8211; 302 &#8211; 306<\/td>\n<\/tr>\n<tr>\n<th>Napi\u0119cie maksymalnej mocy-VMPP (V)<\/th>\n<td>31.8 &#8211; 32.0 &#8211; 32.2 &#8211; 32.5<\/td>\n<\/tr>\n<tr>\n<th>Pr\u0105d maksymalnej mocy-IMPP (A)<\/th>\n<td>9.26 &#8211; 9.32 &#8211; 9.38 &#8211; 9.41<\/td>\n<\/tr>\n<tr>\n<th>Napi\u0119cie obwodu otwartego-VOC (V)<\/th>\n<td>38.4 &#8211; 38.6 &#8211; 38.8 &#8211; 38.9<\/td>\n<\/tr>\n<tr>\n<th>Pr\u0105d zwarciowy-ISC (A)<\/th>\n<td>9.78 &#8211; 9.84 &#8211; 9.90 &#8211; 9.95<\/td>\n<\/tr>\n<\/tbody>\n<\/table>\n<p>&nbsp;<\/p>\n<h3>Panel Trina 400W (Dane mechaniczne)<\/h3>\n<table>\n<tbody>\n<tr>\n<th>Ogniwa s\u0142oneczne<\/th>\n<td>Monokrystaliczne<\/td>\n<\/tr>\n<tr>\n<th>Liczba ogniw<\/th>\n<td>120 ogniw<\/td>\n<\/tr>\n<tr>\n<th>Wymiary modu\u0142<\/th>\n<td>1754 \u00d71096\u00d730 mm (69.06\u00d743.15\u00d71.18 cale)<\/td>\n<\/tr>\n<tr>\n<th>Waga<\/th>\n<td>21.0 kg (46.3 lb)<\/td>\n<\/tr>\n<tr>\n<th>Szk\u0142o<\/th>\n<td>3,2 mm (0,13 cala),Wysoka transmisja, pow\u0142oka AR na wzmocnionym cieplnie szkle<\/td>\n<\/tr>\n<tr>\n<th>Materia\u0142 encapsulan<\/th>\n<td>EVA\/POE<\/td>\n<\/tr>\n<tr>\n<th>Tylny arkus<\/th>\n<td>Bia\u0142y<\/td>\n<\/tr>\n<tr>\n<th>Ramy<\/th>\n<td>30 mm (1,18 cala) anodowane aluminium<\/td>\n<\/tr>\n<tr>\n<th>Skrzynka po\u0142\u0105czeniowa<\/th>\n<td>Klasa IP 68<\/td>\n<\/tr>\n<tr>\n<th>Kable<\/th>\n<td>Kabel technologii fotowoltaicznej 4,0 mm (0,006 cala), Portret: 280\/280 mm(11.02\/11.02 cale), D\u0142ugo\u015b\u0107 mo\u017ce by\u0107 dostosowana<\/td>\n<\/tr>\n<tr>\n<th>Z\u0142\u0105cze<\/th>\n<td>MC4 EVO2 \/ TS4<\/td>\n<\/tr>\n<\/tbody>\n<\/table>\n<p>&nbsp;<\/p>\n<h3>Panel Trina 400W (Oceny temperatury)<\/h3>\n<table>\n<tbody>\n<tr>\n<th>NOCT (Nominalna Temperatura Robocza Ogniwa)<\/th>\n<td>43\u00b0C (\u00b12\u00b0C)<\/td>\n<\/tr>\n<tr>\n<th>Wsp\u00f3\u0142czynnik temperaturowy PMAX<\/th>\n<td>&#8211; 0.34%\/\u00b0C<\/td>\n<\/tr>\n<tr>\n<th>Wsp\u00f3\u0142czynnik temperaturowy VOC<\/th>\n<td>&#8211; 0.25%\/\u00b0C<\/td>\n<\/tr>\n<tr>\n<th>Wsp\u00f3\u0142czynnik temperaturowy ISC<\/th>\n<td>0.04%\/\u00b0C<\/td>\n<\/tr>\n<\/tbody>\n<\/table>\n<p>&nbsp;<\/p>\n<h3>Panel Trina 400W (Maksymalne oceny)<\/h3>\n<table>\n<tbody>\n<tr>\n<th>Temperatura robocza<\/th>\n<td>-40~+85\u00baC<\/td>\n<\/tr>\n<tr>\n<th>Maksymalne napi\u0119cie systemu<\/th>\n<td>1500V DC (IEC), 1500V DC (UL)<\/td>\n<\/tr>\n<tr>\n<th>Maksymalne napi\u0119cie bezpiecznika szeregowego<\/th>\n<td>20A<\/td>\n<\/tr>\n<\/tbody>\n<\/table>\n<p>&nbsp;<\/p>\n<h3>Kabel przed\u0142u\u017caj\u0105cy EcoFlow do paneli fotowoltaicznych MC4<\/h3>\n<table>\n<tbody>\n<tr>\n<th>Rodzaj kabla<\/th>\n<td>Kabel przed\u0142u\u017caj\u0105cy MC4<\/td>\n<\/tr>\n<tr>\n<th>D\u0142ugo\u015b\u0107<\/th>\n<td>3 m<\/td>\n<\/tr>\n<\/tbody>\n<\/table>\n<p>&nbsp;<\/p>\n<h3>EcoFlow PowerStream p\u0142aski kabel MC4<\/h3>\n<table>\n<tbody>\n<tr>\n<th>Rodzaj kabla<\/th>\n<td>MC4<\/td>\n<\/tr>\n<tr>\n<th>D\u0142ugo\u015b\u0107<\/th>\n<td>0,5 m<\/td>\n<\/tr>\n<\/tbody>\n<\/table>\n<\/div>\n","protected":false},"excerpt":{"rendered":"<p>Fotowoltaika balkonowa EcoFlow STREAM Standard Zestaw EcoFlow STREAM Standard zawiera mikroinwerter STREAM, dwa panele fotowoltaiczne Trina 400 W oraz niezb\u0119dne<\/p>\n","protected":false},"featured_media":47476,"comment_status":"closed","ping_status":"open","template":"","meta":{"_acf_changed":false},"product_brand":[],"product_cat":[1108,1110,6235],"product_tag":[],"class_list":{"0":"post-60415","1":"product","2":"type-product","3":"status-publish","4":"has-post-thumbnail","6":"product_cat-energia","7":"product_cat-panele-fotowoltaiczne","8":"product_cat-systemy-balkonowe","9":"pa_120-m-5776","10":"pa_producent-ecoflow","12":"first","13":"outofstock","14":"taxable","15":"shipping-taxable","16":"purchasable","17":"product-type-simple"},"acf":[],"yoast_head":"<!-- This site is optimized with the Yoast SEO plugin v27.2 - https:\/\/yoast.com\/product\/yoast-seo-wordpress\/ -->\n<title>Zestaw fotowoltaiki balkonowej ECOFLOW STREAM Standard - IRONSKY.PL Sklep z Dronami<\/title>\n<meta name=\"description\" content=\"Zestaw fotowoltaiki balkonowej ECOFLOW STREAM Standard - \u2705 sklep z dronami i fachowym doradztwem. \u2705 Tutaj kupisz produkty DJI, Yuneec, Parrot, Syma i wiele innych, a tak\u017ce kursy i licencje na operatora drona.\" \/>\n<meta name=\"robots\" content=\"index, follow, max-snippet:-1, max-image-preview:large, max-video-preview:-1\" \/>\n<link rel=\"canonical\" href=\"https:\/\/ironsky.pl\/sklep\/produkt\/zestaw-fotowoltaiki-balkonowej-ecoflow-stream-standard\/\" \/>\n<meta property=\"og:locale\" content=\"pl_PL\" \/>\n<meta property=\"og:type\" content=\"article\" \/>\n<meta property=\"og:title\" content=\"Zestaw fotowoltaiki balkonowej ECOFLOW STREAM Standard - IRONSKY.PL Sklep z Dronami\" \/>\n<meta property=\"og:description\" content=\"Zestaw fotowoltaiki balkonowej ECOFLOW STREAM Standard - \u2705 sklep z dronami i fachowym doradztwem. \u2705 Tutaj kupisz produkty DJI, Yuneec, Parrot, Syma i wiele innych, a tak\u017ce kursy i licencje na operatora drona.\" \/>\n<meta property=\"og:url\" content=\"https:\/\/ironsky.pl\/sklep\/produkt\/zestaw-fotowoltaiki-balkonowej-ecoflow-stream-standard\/\" \/>\n<meta property=\"og:site_name\" content=\"IRONSKY.PL Sklep z Dronami\" \/>\n<meta property=\"article:modified_time\" content=\"2026-04-15T09:01:47+00:00\" \/>\n<meta property=\"og:image\" content=\"https:\/\/ironsky.pl\/sklep\/wp-content\/uploads\/2025\/06\/52317_1.jpg\" \/>\n\t<meta property=\"og:image:width\" content=\"800\" \/>\n\t<meta property=\"og:image:height\" content=\"800\" \/>\n\t<meta property=\"og:image:type\" content=\"image\/jpeg\" \/>\n<meta name=\"twitter:card\" content=\"summary_large_image\" \/>\n<meta name=\"twitter:label1\" content=\"Szacowany czas czytania\" \/>\n\t<meta name=\"twitter:data1\" content=\"4 minuty\" \/>\n<script type=\"application\/ld+json\" class=\"yoast-schema-graph\">{\"@context\":\"https:\/\/schema.org\",\"@graph\":[{\"@type\":\"WebPage\",\"@id\":\"https:\/\/ironsky.pl\/sklep\/produkt\/zestaw-fotowoltaiki-balkonowej-ecoflow-stream-standard\/\",\"url\":\"https:\/\/ironsky.pl\/sklep\/produkt\/zestaw-fotowoltaiki-balkonowej-ecoflow-stream-standard\/\",\"name\":\"Zestaw fotowoltaiki balkonowej ECOFLOW STREAM Standard - IRONSKY.PL Sklep z Dronami\",\"isPartOf\":{\"@id\":\"https:\/\/ironsky.pl\/sklep\/#website\"},\"primaryImageOfPage\":{\"@id\":\"https:\/\/ironsky.pl\/sklep\/produkt\/zestaw-fotowoltaiki-balkonowej-ecoflow-stream-standard\/#primaryimage\"},\"image\":{\"@id\":\"https:\/\/ironsky.pl\/sklep\/produkt\/zestaw-fotowoltaiki-balkonowej-ecoflow-stream-standard\/#primaryimage\"},\"thumbnailUrl\":\"https:\/\/ironsky.pl\/sklep\/wp-content\/uploads\/2025\/06\/52317_1.jpg\",\"datePublished\":\"2026-04-15T09:01:38+00:00\",\"dateModified\":\"2026-04-15T09:01:47+00:00\",\"description\":\"Zestaw fotowoltaiki balkonowej ECOFLOW STREAM Standard - \u2705 sklep z dronami i fachowym doradztwem. \u2705 Tutaj kupisz produkty DJI, Yuneec, Parrot, Syma i wiele innych, a tak\u017ce kursy i licencje na operatora drona.\",\"breadcrumb\":{\"@id\":\"https:\/\/ironsky.pl\/sklep\/produkt\/zestaw-fotowoltaiki-balkonowej-ecoflow-stream-standard\/#breadcrumb\"},\"inLanguage\":\"pl-PL\",\"potentialAction\":[{\"@type\":\"ReadAction\",\"target\":[\"https:\/\/ironsky.pl\/sklep\/produkt\/zestaw-fotowoltaiki-balkonowej-ecoflow-stream-standard\/\"]}]},{\"@type\":\"ImageObject\",\"inLanguage\":\"pl-PL\",\"@id\":\"https:\/\/ironsky.pl\/sklep\/produkt\/zestaw-fotowoltaiki-balkonowej-ecoflow-stream-standard\/#primaryimage\",\"url\":\"https:\/\/ironsky.pl\/sklep\/wp-content\/uploads\/2025\/06\/52317_1.jpg\",\"contentUrl\":\"https:\/\/ironsky.pl\/sklep\/wp-content\/uploads\/2025\/06\/52317_1.jpg\",\"width\":800,\"height\":800},{\"@type\":\"BreadcrumbList\",\"@id\":\"https:\/\/ironsky.pl\/sklep\/produkt\/zestaw-fotowoltaiki-balkonowej-ecoflow-stream-standard\/#breadcrumb\",\"itemListElement\":[{\"@type\":\"ListItem\",\"position\":1,\"name\":\"Strona g\u0142\u00f3wna\",\"item\":\"https:\/\/ironsky.pl\/sklep\/\"},{\"@type\":\"ListItem\",\"position\":2,\"name\":\"Wszystkie produkty\",\"item\":\"https:\/\/ironsky.pl\/sklep\/produkty\/\"},{\"@type\":\"ListItem\",\"position\":3,\"name\":\"Zestaw fotowoltaiki balkonowej ECOFLOW STREAM Standard\"}]},{\"@type\":\"WebSite\",\"@id\":\"https:\/\/ironsky.pl\/sklep\/#website\",\"url\":\"https:\/\/ironsky.pl\/sklep\/\",\"name\":\"IRONSKY.PL Sklep z Dronami\",\"description\":\"IRONSKY.PL Sklep z Dronami\",\"potentialAction\":[{\"@type\":\"SearchAction\",\"target\":{\"@type\":\"EntryPoint\",\"urlTemplate\":\"https:\/\/ironsky.pl\/sklep\/?s={search_term_string}\"},\"query-input\":{\"@type\":\"PropertyValueSpecification\",\"valueRequired\":true,\"valueName\":\"search_term_string\"}}],\"inLanguage\":\"pl-PL\"}]}<\/script>\n<!-- \/ Yoast SEO plugin. -->","yoast_head_json":{"title":"Zestaw fotowoltaiki balkonowej ECOFLOW STREAM Standard - IRONSKY.PL Sklep z Dronami","description":"Zestaw fotowoltaiki balkonowej ECOFLOW STREAM Standard - \u2705 sklep z dronami i fachowym doradztwem. \u2705 Tutaj kupisz produkty DJI, Yuneec, Parrot, Syma i wiele innych, a tak\u017ce kursy i licencje na operatora drona.","robots":{"index":"index","follow":"follow","max-snippet":"max-snippet:-1","max-image-preview":"max-image-preview:large","max-video-preview":"max-video-preview:-1"},"canonical":"https:\/\/ironsky.pl\/sklep\/produkt\/zestaw-fotowoltaiki-balkonowej-ecoflow-stream-standard\/","og_locale":"pl_PL","og_type":"article","og_title":"Zestaw fotowoltaiki balkonowej ECOFLOW STREAM Standard - IRONSKY.PL Sklep z Dronami","og_description":"Zestaw fotowoltaiki balkonowej ECOFLOW STREAM Standard - \u2705 sklep z dronami i fachowym doradztwem. \u2705 Tutaj kupisz produkty DJI, Yuneec, Parrot, Syma i wiele innych, a tak\u017ce kursy i licencje na operatora drona.","og_url":"https:\/\/ironsky.pl\/sklep\/produkt\/zestaw-fotowoltaiki-balkonowej-ecoflow-stream-standard\/","og_site_name":"IRONSKY.PL Sklep z Dronami","article_modified_time":"2026-04-15T09:01:47+00:00","og_image":[{"width":800,"height":800,"url":"https:\/\/ironsky.pl\/sklep\/wp-content\/uploads\/2025\/06\/52317_1.jpg","type":"image\/jpeg"}],"twitter_card":"summary_large_image","twitter_misc":{"Szacowany czas czytania":"4 minuty"},"schema":{"@context":"https:\/\/schema.org","@graph":[{"@type":"WebPage","@id":"https:\/\/ironsky.pl\/sklep\/produkt\/zestaw-fotowoltaiki-balkonowej-ecoflow-stream-standard\/","url":"https:\/\/ironsky.pl\/sklep\/produkt\/zestaw-fotowoltaiki-balkonowej-ecoflow-stream-standard\/","name":"Zestaw fotowoltaiki balkonowej ECOFLOW STREAM Standard - IRONSKY.PL Sklep z Dronami","isPartOf":{"@id":"https:\/\/ironsky.pl\/sklep\/#website"},"primaryImageOfPage":{"@id":"https:\/\/ironsky.pl\/sklep\/produkt\/zestaw-fotowoltaiki-balkonowej-ecoflow-stream-standard\/#primaryimage"},"image":{"@id":"https:\/\/ironsky.pl\/sklep\/produkt\/zestaw-fotowoltaiki-balkonowej-ecoflow-stream-standard\/#primaryimage"},"thumbnailUrl":"https:\/\/ironsky.pl\/sklep\/wp-content\/uploads\/2025\/06\/52317_1.jpg","datePublished":"2026-04-15T09:01:38+00:00","dateModified":"2026-04-15T09:01:47+00:00","description":"Zestaw fotowoltaiki balkonowej ECOFLOW STREAM Standard - \u2705 sklep z dronami i fachowym doradztwem. \u2705 Tutaj kupisz produkty DJI, Yuneec, Parrot, Syma i wiele innych, a tak\u017ce kursy i licencje na operatora drona.","breadcrumb":{"@id":"https:\/\/ironsky.pl\/sklep\/produkt\/zestaw-fotowoltaiki-balkonowej-ecoflow-stream-standard\/#breadcrumb"},"inLanguage":"pl-PL","potentialAction":[{"@type":"ReadAction","target":["https:\/\/ironsky.pl\/sklep\/produkt\/zestaw-fotowoltaiki-balkonowej-ecoflow-stream-standard\/"]}]},{"@type":"ImageObject","inLanguage":"pl-PL","@id":"https:\/\/ironsky.pl\/sklep\/produkt\/zestaw-fotowoltaiki-balkonowej-ecoflow-stream-standard\/#primaryimage","url":"https:\/\/ironsky.pl\/sklep\/wp-content\/uploads\/2025\/06\/52317_1.jpg","contentUrl":"https:\/\/ironsky.pl\/sklep\/wp-content\/uploads\/2025\/06\/52317_1.jpg","width":800,"height":800},{"@type":"BreadcrumbList","@id":"https:\/\/ironsky.pl\/sklep\/produkt\/zestaw-fotowoltaiki-balkonowej-ecoflow-stream-standard\/#breadcrumb","itemListElement":[{"@type":"ListItem","position":1,"name":"Strona g\u0142\u00f3wna","item":"https:\/\/ironsky.pl\/sklep\/"},{"@type":"ListItem","position":2,"name":"Wszystkie produkty","item":"https:\/\/ironsky.pl\/sklep\/produkty\/"},{"@type":"ListItem","position":3,"name":"Zestaw fotowoltaiki balkonowej ECOFLOW STREAM Standard"}]},{"@type":"WebSite","@id":"https:\/\/ironsky.pl\/sklep\/#website","url":"https:\/\/ironsky.pl\/sklep\/","name":"IRONSKY.PL Sklep z Dronami","description":"IRONSKY.PL Sklep z Dronami","potentialAction":[{"@type":"SearchAction","target":{"@type":"EntryPoint","urlTemplate":"https:\/\/ironsky.pl\/sklep\/?s={search_term_string}"},"query-input":{"@type":"PropertyValueSpecification","valueRequired":true,"valueName":"search_term_string"}}],"inLanguage":"pl-PL"}]}},"_links":{"self":[{"href":"https:\/\/ironsky.pl\/sklep\/wp-json\/wp\/v2\/product\/60415","targetHints":{"allow":["GET"]}}],"collection":[{"href":"https:\/\/ironsky.pl\/sklep\/wp-json\/wp\/v2\/product"}],"about":[{"href":"https:\/\/ironsky.pl\/sklep\/wp-json\/wp\/v2\/types\/product"}],"replies":[{"embeddable":true,"href":"https:\/\/ironsky.pl\/sklep\/wp-json\/wp\/v2\/comments?post=60415"}],"wp:featuredmedia":[{"embeddable":true,"href":"https:\/\/ironsky.pl\/sklep\/wp-json\/wp\/v2\/media\/47476"}],"wp:attachment":[{"href":"https:\/\/ironsky.pl\/sklep\/wp-json\/wp\/v2\/media?parent=60415"}],"wp:term":[{"taxonomy":"product_brand","embeddable":true,"href":"https:\/\/ironsky.pl\/sklep\/wp-json\/wp\/v2\/product_brand?post=60415"},{"taxonomy":"product_cat","embeddable":true,"href":"https:\/\/ironsky.pl\/sklep\/wp-json\/wp\/v2\/product_cat?post=60415"},{"taxonomy":"product_tag","embeddable":true,"href":"https:\/\/ironsky.pl\/sklep\/wp-json\/wp\/v2\/product_tag?post=60415"}],"curies":[{"name":"wp","href":"https:\/\/api.w.org\/{rel}","templated":true}]}}