{"id":60409,"date":"2026-04-15T11:01:38","date_gmt":"2026-04-15T09:01:38","guid":{"rendered":"https:\/\/ironsky.pl\/sklep\/produkt\/podstawa-magnetyczna-sunnylife-do-osmo-pocket-3\/"},"modified":"2026-04-15T11:01:40","modified_gmt":"2026-04-15T09:01:40","slug":"podstawa-magnetyczna-sunnylife-do-osmo-pocket-3","status":"publish","type":"product","link":"https:\/\/ironsky.pl\/sklep\/produkt\/podstawa-magnetyczna-sunnylife-do-osmo-pocket-3\/","title":{"rendered":"Podstawa magnetyczna SUNNYLIFE do Osmo Pocket 3"},"content":{"rendered":"<h3>Magnetyczna podstawa Sunnylife do Osmo Pocket 3<\/h3>\n<p>Magnetyczna podstawa Sunnylife do Osmo Pocket 3 to niezast\u0105pione akcesorium dla tw\u00f3rc\u00f3w szukaj\u0105cych pewnego mocowania podczas dynamicznych uj\u0119\u0107. Wbudowane, wyj\u0105tkowo mocne magnesy gwarantuj\u0105 niezawodne trzymanie kamery, nawet w trakcie intensywnych aktywno\u015bci na \u015bwie\u017cym powietrzu. Dzi\u0119ki temu mo\u017cesz bez obaw korzysta\u0107 z Osmo Pocket 3 podczas sport\u00f3w, vlogowania czy rejestrowania uj\u0119\u0107 poklatkowych.<\/p>\n<p>\n<img decoding=\"async\" src=\"https:\/\/assets.innpro.pl\/15557\/19552\/2.jpg\" border=\"0\" alt=\"\" \/>\n<\/p>\n<h3>Wszechstronno\u015b\u0107 i precyzyjne dopasowanie<\/h3>\n<p>Podstawa zosta\u0142a zaprojektowana z my\u015bl\u0105 o r\u00f3\u017cnych zastosowaniach \u2013 sprawdzi si\u0119 zar\u00f3wno w samochodzie, jak i na ka\u017cdej p\u0142askiej powierzchni, zwi\u0119kszaj\u0105c stabilno\u015b\u0107 kamery dzi\u0119ki wi\u0119kszemu polu kontaktu. Precyzyjne wyci\u0119cia zapewniaj\u0105 kompatybilno\u015b\u0107 z oryginalnymi uchwytami DJI, nie ograniczaj\u0105c \u017cadnych funkcji urz\u0105dzenia. Ca\u0142o\u015b\u0107 prezentuje si\u0119 elegancko i solidnie, zachowuj\u0105c pe\u0142n\u0105 funkcjonalno\u015b\u0107.<\/p>\n<p>\n<img decoding=\"async\" src=\"https:\/\/assets.innpro.pl\/15557\/19552\/6.jpg\" border=\"0\" alt=\"\" \/>\n<\/p>\n<h3>Ochrona i komfort u\u017cytkowania<\/h3>\n<p>Antypo\u015blizgowa silikonowa podk\u0142adka chroni kamer\u0119 przed przesuwaniem i zarysowaniami, a wbudowane mi\u0119kkie wk\u0142adki amortyzuj\u0105 wstrz\u0105sy, jednocze\u015bnie zapewniaj\u0105c jeszcze lepsze przyleganie urz\u0105dzenia. Dodatkowo szybkozamykaj\u0105cy si\u0119 mechanizm z eleganckim zamkiem umo\u017cliwia b\u0142yskawiczne i bezpieczne mocowanie Osmo Pocket 3. To praktyczne i estetyczne rozwi\u0105zanie, kt\u00f3re podnosi komfort pracy w ka\u017cdych warunkach.<\/p>\n<p>\n<img decoding=\"async\" src=\"https:\/\/assets.innpro.pl\/15557\/19552\/1.jpg\" border=\"0\" alt=\"\" \/>\n<\/p>\n<div class=\"table-wrapper\">\n<p>\u00a0<\/p>\n<h3><\/h3>\n<table>\n<tbody>\n<tr>\n<th>Producent<\/th>\n<td>Sunnylife <\/td>\n<\/tr>\n<tr>\n<th>Model<\/th>\n<td>OP3-MZ982<\/td>\n<\/tr>\n<tr>\n<th>Materia\u0142 wykonania<\/th>\n<td>Plastik, magnes, silikon<\/td>\n<\/tr>\n<tr>\n<th>Waga<\/th>\n<td>64 g<\/td>\n<\/tr>\n<tr>\n<th>Wymiary<\/th>\n<td>75 x 58 mm<\/td>\n<\/tr>\n<tr>\n<th>Kolor <\/th>\n<td>Czarny<\/td>\n<\/tr>\n<\/tbody>\n<\/table>\n<\/div>\n","protected":false},"excerpt":{"rendered":"<p>Magnetyczna podstawa Sunnylife do Osmo Pocket 3 Magnetyczna podstawa Sunnylife do Osmo Pocket 3 to niezast\u0105pione akcesorium dla tw\u00f3rc\u00f3w szukaj\u0105cych<\/p>\n","protected":false},"featured_media":49118,"comment_status":"closed","ping_status":"open","template":"","meta":{"_acf_changed":false},"product_brand":[],"product_cat":[1130,1137,1128],"product_tag":[],"class_list":{"0":"post-60409","1":"product","2":"type-product","3":"status-publish","4":"has-post-thumbnail","6":"product_cat-akcesoria-foto","7":"product_cat-do-kamer-sportowych","8":"product_cat-foto-wideo","9":"pa_okres-gwarancji-5757","10":"pa_producent-sunnylife","12":"first","13":"outofstock","14":"taxable","15":"shipping-taxable","16":"purchasable","17":"product-type-simple"},"acf":[],"yoast_head":"<!-- This site is optimized with the Yoast SEO plugin v27.2 - https:\/\/yoast.com\/product\/yoast-seo-wordpress\/ -->\n<title>Podstawa magnetyczna SUNNYLIFE do Osmo Pocket 3 - IRONSKY.PL Sklep z Dronami<\/title>\n<meta name=\"description\" content=\"Podstawa magnetyczna SUNNYLIFE do Osmo Pocket 3 - \u2705 sklep z dronami i fachowym doradztwem. \u2705 Tutaj kupisz produkty DJI, Yuneec, Parrot, Syma i wiele innych, a tak\u017ce kursy i licencje na operatora drona.\" \/>\n<meta name=\"robots\" content=\"index, follow, max-snippet:-1, max-image-preview:large, max-video-preview:-1\" \/>\n<link rel=\"canonical\" href=\"https:\/\/ironsky.pl\/sklep\/produkt\/podstawa-magnetyczna-sunnylife-do-osmo-pocket-3\/\" \/>\n<meta property=\"og:locale\" content=\"pl_PL\" \/>\n<meta property=\"og:type\" content=\"article\" \/>\n<meta property=\"og:title\" content=\"Podstawa magnetyczna SUNNYLIFE do Osmo Pocket 3 - IRONSKY.PL Sklep z Dronami\" \/>\n<meta property=\"og:description\" content=\"Podstawa magnetyczna SUNNYLIFE do Osmo Pocket 3 - \u2705 sklep z dronami i fachowym doradztwem. \u2705 Tutaj kupisz produkty DJI, Yuneec, Parrot, Syma i wiele innych, a tak\u017ce kursy i licencje na operatora drona.\" \/>\n<meta property=\"og:url\" content=\"https:\/\/ironsky.pl\/sklep\/produkt\/podstawa-magnetyczna-sunnylife-do-osmo-pocket-3\/\" \/>\n<meta property=\"og:site_name\" content=\"IRONSKY.PL Sklep z Dronami\" \/>\n<meta property=\"article:modified_time\" content=\"2026-04-15T09:01:40+00:00\" \/>\n<meta property=\"og:image\" content=\"https:\/\/ironsky.pl\/sklep\/wp-content\/uploads\/2025\/10\/52310_1.jpg\" \/>\n\t<meta property=\"og:image:width\" content=\"800\" \/>\n\t<meta property=\"og:image:height\" content=\"800\" \/>\n\t<meta property=\"og:image:type\" content=\"image\/jpeg\" \/>\n<meta name=\"twitter:card\" content=\"summary_large_image\" \/>\n<meta name=\"twitter:label1\" content=\"Szacowany czas czytania\" \/>\n\t<meta name=\"twitter:data1\" content=\"1 minuta\" \/>\n<script type=\"application\/ld+json\" class=\"yoast-schema-graph\">{\"@context\":\"https:\/\/schema.org\",\"@graph\":[{\"@type\":\"WebPage\",\"@id\":\"https:\/\/ironsky.pl\/sklep\/produkt\/podstawa-magnetyczna-sunnylife-do-osmo-pocket-3\/\",\"url\":\"https:\/\/ironsky.pl\/sklep\/produkt\/podstawa-magnetyczna-sunnylife-do-osmo-pocket-3\/\",\"name\":\"Podstawa magnetyczna SUNNYLIFE do Osmo Pocket 3 - IRONSKY.PL Sklep z Dronami\",\"isPartOf\":{\"@id\":\"https:\/\/ironsky.pl\/sklep\/#website\"},\"primaryImageOfPage\":{\"@id\":\"https:\/\/ironsky.pl\/sklep\/produkt\/podstawa-magnetyczna-sunnylife-do-osmo-pocket-3\/#primaryimage\"},\"image\":{\"@id\":\"https:\/\/ironsky.pl\/sklep\/produkt\/podstawa-magnetyczna-sunnylife-do-osmo-pocket-3\/#primaryimage\"},\"thumbnailUrl\":\"https:\/\/ironsky.pl\/sklep\/wp-content\/uploads\/2025\/10\/52310_1.jpg\",\"datePublished\":\"2026-04-15T09:01:38+00:00\",\"dateModified\":\"2026-04-15T09:01:40+00:00\",\"description\":\"Podstawa magnetyczna SUNNYLIFE do Osmo Pocket 3 - \u2705 sklep z dronami i fachowym doradztwem. \u2705 Tutaj kupisz produkty DJI, Yuneec, Parrot, Syma i wiele innych, a tak\u017ce kursy i licencje na operatora drona.\",\"breadcrumb\":{\"@id\":\"https:\/\/ironsky.pl\/sklep\/produkt\/podstawa-magnetyczna-sunnylife-do-osmo-pocket-3\/#breadcrumb\"},\"inLanguage\":\"pl-PL\",\"potentialAction\":[{\"@type\":\"ReadAction\",\"target\":[\"https:\/\/ironsky.pl\/sklep\/produkt\/podstawa-magnetyczna-sunnylife-do-osmo-pocket-3\/\"]}]},{\"@type\":\"ImageObject\",\"inLanguage\":\"pl-PL\",\"@id\":\"https:\/\/ironsky.pl\/sklep\/produkt\/podstawa-magnetyczna-sunnylife-do-osmo-pocket-3\/#primaryimage\",\"url\":\"https:\/\/ironsky.pl\/sklep\/wp-content\/uploads\/2025\/10\/52310_1.jpg\",\"contentUrl\":\"https:\/\/ironsky.pl\/sklep\/wp-content\/uploads\/2025\/10\/52310_1.jpg\",\"width\":800,\"height\":800},{\"@type\":\"BreadcrumbList\",\"@id\":\"https:\/\/ironsky.pl\/sklep\/produkt\/podstawa-magnetyczna-sunnylife-do-osmo-pocket-3\/#breadcrumb\",\"itemListElement\":[{\"@type\":\"ListItem\",\"position\":1,\"name\":\"Strona g\u0142\u00f3wna\",\"item\":\"https:\/\/ironsky.pl\/sklep\/\"},{\"@type\":\"ListItem\",\"position\":2,\"name\":\"Wszystkie produkty\",\"item\":\"https:\/\/ironsky.pl\/sklep\/produkty\/\"},{\"@type\":\"ListItem\",\"position\":3,\"name\":\"Podstawa magnetyczna SUNNYLIFE do Osmo Pocket 3\"}]},{\"@type\":\"WebSite\",\"@id\":\"https:\/\/ironsky.pl\/sklep\/#website\",\"url\":\"https:\/\/ironsky.pl\/sklep\/\",\"name\":\"IRONSKY.PL Sklep z Dronami\",\"description\":\"IRONSKY.PL Sklep z Dronami\",\"potentialAction\":[{\"@type\":\"SearchAction\",\"target\":{\"@type\":\"EntryPoint\",\"urlTemplate\":\"https:\/\/ironsky.pl\/sklep\/?s={search_term_string}\"},\"query-input\":{\"@type\":\"PropertyValueSpecification\",\"valueRequired\":true,\"valueName\":\"search_term_string\"}}],\"inLanguage\":\"pl-PL\"}]}<\/script>\n<!-- \/ Yoast SEO plugin. -->","yoast_head_json":{"title":"Podstawa magnetyczna SUNNYLIFE do Osmo Pocket 3 - IRONSKY.PL Sklep z Dronami","description":"Podstawa magnetyczna SUNNYLIFE do Osmo Pocket 3 - \u2705 sklep z dronami i fachowym doradztwem. \u2705 Tutaj kupisz produkty DJI, Yuneec, Parrot, Syma i wiele innych, a tak\u017ce kursy i licencje na operatora drona.","robots":{"index":"index","follow":"follow","max-snippet":"max-snippet:-1","max-image-preview":"max-image-preview:large","max-video-preview":"max-video-preview:-1"},"canonical":"https:\/\/ironsky.pl\/sklep\/produkt\/podstawa-magnetyczna-sunnylife-do-osmo-pocket-3\/","og_locale":"pl_PL","og_type":"article","og_title":"Podstawa magnetyczna SUNNYLIFE do Osmo Pocket 3 - IRONSKY.PL Sklep z Dronami","og_description":"Podstawa magnetyczna SUNNYLIFE do Osmo Pocket 3 - \u2705 sklep z dronami i fachowym doradztwem. \u2705 Tutaj kupisz produkty DJI, Yuneec, Parrot, Syma i wiele innych, a tak\u017ce kursy i licencje na operatora drona.","og_url":"https:\/\/ironsky.pl\/sklep\/produkt\/podstawa-magnetyczna-sunnylife-do-osmo-pocket-3\/","og_site_name":"IRONSKY.PL Sklep z Dronami","article_modified_time":"2026-04-15T09:01:40+00:00","og_image":[{"width":800,"height":800,"url":"https:\/\/ironsky.pl\/sklep\/wp-content\/uploads\/2025\/10\/52310_1.jpg","type":"image\/jpeg"}],"twitter_card":"summary_large_image","twitter_misc":{"Szacowany czas czytania":"1 minuta"},"schema":{"@context":"https:\/\/schema.org","@graph":[{"@type":"WebPage","@id":"https:\/\/ironsky.pl\/sklep\/produkt\/podstawa-magnetyczna-sunnylife-do-osmo-pocket-3\/","url":"https:\/\/ironsky.pl\/sklep\/produkt\/podstawa-magnetyczna-sunnylife-do-osmo-pocket-3\/","name":"Podstawa magnetyczna SUNNYLIFE do Osmo Pocket 3 - IRONSKY.PL Sklep z Dronami","isPartOf":{"@id":"https:\/\/ironsky.pl\/sklep\/#website"},"primaryImageOfPage":{"@id":"https:\/\/ironsky.pl\/sklep\/produkt\/podstawa-magnetyczna-sunnylife-do-osmo-pocket-3\/#primaryimage"},"image":{"@id":"https:\/\/ironsky.pl\/sklep\/produkt\/podstawa-magnetyczna-sunnylife-do-osmo-pocket-3\/#primaryimage"},"thumbnailUrl":"https:\/\/ironsky.pl\/sklep\/wp-content\/uploads\/2025\/10\/52310_1.jpg","datePublished":"2026-04-15T09:01:38+00:00","dateModified":"2026-04-15T09:01:40+00:00","description":"Podstawa magnetyczna SUNNYLIFE do Osmo Pocket 3 - \u2705 sklep z dronami i fachowym doradztwem. \u2705 Tutaj kupisz produkty DJI, Yuneec, Parrot, Syma i wiele innych, a tak\u017ce kursy i licencje na operatora drona.","breadcrumb":{"@id":"https:\/\/ironsky.pl\/sklep\/produkt\/podstawa-magnetyczna-sunnylife-do-osmo-pocket-3\/#breadcrumb"},"inLanguage":"pl-PL","potentialAction":[{"@type":"ReadAction","target":["https:\/\/ironsky.pl\/sklep\/produkt\/podstawa-magnetyczna-sunnylife-do-osmo-pocket-3\/"]}]},{"@type":"ImageObject","inLanguage":"pl-PL","@id":"https:\/\/ironsky.pl\/sklep\/produkt\/podstawa-magnetyczna-sunnylife-do-osmo-pocket-3\/#primaryimage","url":"https:\/\/ironsky.pl\/sklep\/wp-content\/uploads\/2025\/10\/52310_1.jpg","contentUrl":"https:\/\/ironsky.pl\/sklep\/wp-content\/uploads\/2025\/10\/52310_1.jpg","width":800,"height":800},{"@type":"BreadcrumbList","@id":"https:\/\/ironsky.pl\/sklep\/produkt\/podstawa-magnetyczna-sunnylife-do-osmo-pocket-3\/#breadcrumb","itemListElement":[{"@type":"ListItem","position":1,"name":"Strona g\u0142\u00f3wna","item":"https:\/\/ironsky.pl\/sklep\/"},{"@type":"ListItem","position":2,"name":"Wszystkie produkty","item":"https:\/\/ironsky.pl\/sklep\/produkty\/"},{"@type":"ListItem","position":3,"name":"Podstawa magnetyczna SUNNYLIFE do Osmo Pocket 3"}]},{"@type":"WebSite","@id":"https:\/\/ironsky.pl\/sklep\/#website","url":"https:\/\/ironsky.pl\/sklep\/","name":"IRONSKY.PL Sklep z Dronami","description":"IRONSKY.PL Sklep z Dronami","potentialAction":[{"@type":"SearchAction","target":{"@type":"EntryPoint","urlTemplate":"https:\/\/ironsky.pl\/sklep\/?s={search_term_string}"},"query-input":{"@type":"PropertyValueSpecification","valueRequired":true,"valueName":"search_term_string"}}],"inLanguage":"pl-PL"}]}},"_links":{"self":[{"href":"https:\/\/ironsky.pl\/sklep\/wp-json\/wp\/v2\/product\/60409","targetHints":{"allow":["GET"]}}],"collection":[{"href":"https:\/\/ironsky.pl\/sklep\/wp-json\/wp\/v2\/product"}],"about":[{"href":"https:\/\/ironsky.pl\/sklep\/wp-json\/wp\/v2\/types\/product"}],"replies":[{"embeddable":true,"href":"https:\/\/ironsky.pl\/sklep\/wp-json\/wp\/v2\/comments?post=60409"}],"wp:featuredmedia":[{"embeddable":true,"href":"https:\/\/ironsky.pl\/sklep\/wp-json\/wp\/v2\/media\/49118"}],"wp:attachment":[{"href":"https:\/\/ironsky.pl\/sklep\/wp-json\/wp\/v2\/media?parent=60409"}],"wp:term":[{"taxonomy":"product_brand","embeddable":true,"href":"https:\/\/ironsky.pl\/sklep\/wp-json\/wp\/v2\/product_brand?post=60409"},{"taxonomy":"product_cat","embeddable":true,"href":"https:\/\/ironsky.pl\/sklep\/wp-json\/wp\/v2\/product_cat?post=60409"},{"taxonomy":"product_tag","embeddable":true,"href":"https:\/\/ironsky.pl\/sklep\/wp-json\/wp\/v2\/product_tag?post=60409"}],"curies":[{"name":"wp","href":"https:\/\/api.w.org\/{rel}","templated":true}]}}