{"id":60402,"date":"2026-04-15T11:01:14","date_gmt":"2026-04-15T09:01:14","guid":{"rendered":"https:\/\/ironsky.pl\/sklep\/produkt\/etui-sunnylife-sn986-dji-rc-n1-rc-n2-rc-n3\/"},"modified":"2026-04-15T11:01:32","modified_gmt":"2026-04-15T09:01:32","slug":"etui-sunnylife-sn986-dji-rc-n1-rc-n2-rc-n3","status":"publish","type":"product","link":"https:\/\/ironsky.pl\/sklep\/produkt\/etui-sunnylife-sn986-dji-rc-n1-rc-n2-rc-n3\/","title":{"rendered":"Etui SUNNYLIFE SN986 DJI RC-N1\/RC-N2\/RC-N3"},"content":{"rendered":"<h3>Etui z paskiem SN986 do przechowywania RC-N3\/2\/1<\/h3>\n<p>Etui SN986 zosta\u0142o zaprojektowane z my\u015bl\u0105 o wygodnym i bezpiecznym przechowywaniu kontroler\u00f3w RC-N3, RC-N2 oraz RC-N1. Dzi\u0119ki idealnemu dopasowaniu do ich kszta\u0142tu, skutecznie chroni dr\u0105\u017cki steruj\u0105ce i przyciski przed kurzem, zarysowaniami oraz przypadkowymi uderzeniami. Co istotne, nie musisz demontowa\u0107 dr\u0105\u017ck\u00f3w przed w\u0142o\u017ceniem kontrolera do \u015brodka, co znacz\u0105co przyspiesza przygotowanie do lotu.<\/p>\n<p>\n<img decoding=\"async\" src=\"https:\/\/assets.innpro.pl\/15542\/19537\/5.jpg\" border=\"0\" alt=\"\" \/>\n<\/p>\n<h3>Funkcjonalno\u015b\u0107 w kompaktowym formacie<\/h3>\n<p>Etui wyr\u00f3\u017cnia si\u0119 przemy\u015blan\u0105 konstrukcj\u0105 i wysok\u0105 jako\u015bci\u0105 wykonania. Antypo\u015blizgowa powierzchnia zapewnia pewny chwyt i chroni przed przypadkowym wysuni\u0119ciem si\u0119 z d\u0142oni. W zestawie znajduje si\u0119 r\u00f3wnie\u017c pasek na rami\u0119, kt\u00f3ry pozwala wygodnie nosi\u0107 etui jak mini torb\u0119 \u2013 idealne rozwi\u0105zanie dla operator\u00f3w dron\u00f3w pracuj\u0105cych w terenie.<\/p>\n<p>\n<img decoding=\"async\" src=\"https:\/\/assets.innpro.pl\/15542\/19537\/3.jpg\" border=\"0\" alt=\"\" \/>\n<\/p>\n<h3>Stylowa ochrona na ka\u017cd\u0105 okazj\u0119<\/h3>\n<p>Solidna, wstrz\u0105soodporna konstrukcja etui skutecznie zabezpiecza kontroler przed uszkodzeniami mechanicznymi podczas transportu. Drobiazgowe wyko\u0144czenie i przyjemna w dotyku faktura sprawiaj\u0105, \u017ce etui prezentuje si\u0119 r\u00f3wnie dobrze, jak spe\u0142nia swoje funkcje. To niezast\u0105piony dodatek dla ka\u017cdego u\u017cytkownika drona, kt\u00f3ry pragnie jak najbardziej zadba\u0107 o swoje akcesoria.<\/p>\n<p>\n<img decoding=\"async\" src=\"https:\/\/assets.innpro.pl\/15542\/19537\/7.jpg\" border=\"0\" alt=\"\" \/>\n<\/p>\n<div class=\"table-wrapper\">\n<p>\u00a0<\/p>\n<h3><\/h3>\n<table>\n<tbody>\n<tr>\n<th>Producent<\/th>\n<td>Sunnylife<\/td>\n<\/tr>\n<tr>\n<th>Model<\/th>\n<td>SN986<\/td>\n<\/tr>\n<tr>\n<th>Kompatybilne modele<\/th>\n<td>RC-N3\/2\/1<\/td>\n<\/tr>\n<tr>\n<th>Materia\u0142 wykonania<\/th>\n<td>Plastik<\/td>\n<\/tr>\n<tr>\n<th>Waga<\/th>\n<td>92 g<\/td>\n<\/tr>\n<tr>\n<th>Wymiary<\/th>\n<td>116 x 155 mm<\/td>\n<\/tr>\n<tr>\n<th>Kolor<\/th>\n<td>Szary<\/td>\n<\/tr>\n<\/tbody>\n<\/table>\n<\/div>\n","protected":false},"excerpt":{"rendered":"<p>Etui z paskiem SN986 do przechowywania RC-N3\/2\/1 Etui SN986 zosta\u0142o zaprojektowane z my\u015bl\u0105 o wygodnym i bezpiecznym przechowywaniu kontroler\u00f3w RC-N3,<\/p>\n","protected":false},"featured_media":49099,"comment_status":"closed","ping_status":"open","template":"","meta":{"_acf_changed":false},"product_brand":[],"product_cat":[1128,6173,6172],"product_tag":[],"class_list":{"0":"post-60402","1":"product","2":"type-product","3":"status-publish","4":"has-post-thumbnail","6":"product_cat-foto-wideo","7":"product_cat-futeraly-i-etui","8":"product_cat-przechowywanie-i-transport","9":"pa_okres-gwarancji-5757","10":"pa_producent-sunnylife","12":"first","13":"outofstock","14":"taxable","15":"shipping-taxable","16":"purchasable","17":"product-type-simple"},"acf":[],"yoast_head":"<!-- This site is optimized with the Yoast SEO plugin v27.2 - https:\/\/yoast.com\/product\/yoast-seo-wordpress\/ -->\n<title>Etui SUNNYLIFE SN986 DJI RC-N1\/RC-N2\/RC-N3 - IRONSKY.PL Sklep z Dronami<\/title>\n<meta name=\"description\" content=\"Etui SUNNYLIFE SN986 DJI RC-N1\/RC-N2\/RC-N3 - \u2705 sklep z dronami i fachowym doradztwem. \u2705 Tutaj kupisz produkty DJI, Yuneec, Parrot, Syma i wiele innych, a tak\u017ce kursy i licencje na operatora drona.\" \/>\n<meta name=\"robots\" content=\"index, follow, max-snippet:-1, max-image-preview:large, max-video-preview:-1\" \/>\n<link rel=\"canonical\" href=\"https:\/\/ironsky.pl\/sklep\/produkt\/etui-sunnylife-sn986-dji-rc-n1-rc-n2-rc-n3\/\" \/>\n<meta property=\"og:locale\" content=\"pl_PL\" \/>\n<meta property=\"og:type\" content=\"article\" \/>\n<meta property=\"og:title\" content=\"Etui SUNNYLIFE SN986 DJI RC-N1\/RC-N2\/RC-N3 - IRONSKY.PL Sklep z Dronami\" \/>\n<meta property=\"og:description\" content=\"Etui SUNNYLIFE SN986 DJI RC-N1\/RC-N2\/RC-N3 - \u2705 sklep z dronami i fachowym doradztwem. \u2705 Tutaj kupisz produkty DJI, Yuneec, Parrot, Syma i wiele innych, a tak\u017ce kursy i licencje na operatora drona.\" \/>\n<meta property=\"og:url\" content=\"https:\/\/ironsky.pl\/sklep\/produkt\/etui-sunnylife-sn986-dji-rc-n1-rc-n2-rc-n3\/\" \/>\n<meta property=\"og:site_name\" content=\"IRONSKY.PL Sklep z Dronami\" \/>\n<meta property=\"article:modified_time\" content=\"2026-04-15T09:01:32+00:00\" \/>\n<meta property=\"og:image\" content=\"https:\/\/ironsky.pl\/sklep\/wp-content\/uploads\/2025\/10\/52301_1.jpg\" \/>\n\t<meta property=\"og:image:width\" content=\"800\" \/>\n\t<meta property=\"og:image:height\" content=\"800\" \/>\n\t<meta property=\"og:image:type\" content=\"image\/jpeg\" \/>\n<meta name=\"twitter:card\" content=\"summary_large_image\" \/>\n<meta name=\"twitter:label1\" content=\"Szacowany czas czytania\" \/>\n\t<meta name=\"twitter:data1\" content=\"1 minuta\" \/>\n<script type=\"application\/ld+json\" class=\"yoast-schema-graph\">{\"@context\":\"https:\/\/schema.org\",\"@graph\":[{\"@type\":\"WebPage\",\"@id\":\"https:\/\/ironsky.pl\/sklep\/produkt\/etui-sunnylife-sn986-dji-rc-n1-rc-n2-rc-n3\/\",\"url\":\"https:\/\/ironsky.pl\/sklep\/produkt\/etui-sunnylife-sn986-dji-rc-n1-rc-n2-rc-n3\/\",\"name\":\"Etui SUNNYLIFE SN986 DJI RC-N1\/RC-N2\/RC-N3 - IRONSKY.PL Sklep z Dronami\",\"isPartOf\":{\"@id\":\"https:\/\/ironsky.pl\/sklep\/#website\"},\"primaryImageOfPage\":{\"@id\":\"https:\/\/ironsky.pl\/sklep\/produkt\/etui-sunnylife-sn986-dji-rc-n1-rc-n2-rc-n3\/#primaryimage\"},\"image\":{\"@id\":\"https:\/\/ironsky.pl\/sklep\/produkt\/etui-sunnylife-sn986-dji-rc-n1-rc-n2-rc-n3\/#primaryimage\"},\"thumbnailUrl\":\"https:\/\/ironsky.pl\/sklep\/wp-content\/uploads\/2025\/10\/52301_1.jpg\",\"datePublished\":\"2026-04-15T09:01:14+00:00\",\"dateModified\":\"2026-04-15T09:01:32+00:00\",\"description\":\"Etui SUNNYLIFE SN986 DJI RC-N1\/RC-N2\/RC-N3 - \u2705 sklep z dronami i fachowym doradztwem. \u2705 Tutaj kupisz produkty DJI, Yuneec, Parrot, Syma i wiele innych, a tak\u017ce kursy i licencje na operatora drona.\",\"breadcrumb\":{\"@id\":\"https:\/\/ironsky.pl\/sklep\/produkt\/etui-sunnylife-sn986-dji-rc-n1-rc-n2-rc-n3\/#breadcrumb\"},\"inLanguage\":\"pl-PL\",\"potentialAction\":[{\"@type\":\"ReadAction\",\"target\":[\"https:\/\/ironsky.pl\/sklep\/produkt\/etui-sunnylife-sn986-dji-rc-n1-rc-n2-rc-n3\/\"]}]},{\"@type\":\"ImageObject\",\"inLanguage\":\"pl-PL\",\"@id\":\"https:\/\/ironsky.pl\/sklep\/produkt\/etui-sunnylife-sn986-dji-rc-n1-rc-n2-rc-n3\/#primaryimage\",\"url\":\"https:\/\/ironsky.pl\/sklep\/wp-content\/uploads\/2025\/10\/52301_1.jpg\",\"contentUrl\":\"https:\/\/ironsky.pl\/sklep\/wp-content\/uploads\/2025\/10\/52301_1.jpg\",\"width\":800,\"height\":800},{\"@type\":\"BreadcrumbList\",\"@id\":\"https:\/\/ironsky.pl\/sklep\/produkt\/etui-sunnylife-sn986-dji-rc-n1-rc-n2-rc-n3\/#breadcrumb\",\"itemListElement\":[{\"@type\":\"ListItem\",\"position\":1,\"name\":\"Strona g\u0142\u00f3wna\",\"item\":\"https:\/\/ironsky.pl\/sklep\/\"},{\"@type\":\"ListItem\",\"position\":2,\"name\":\"Wszystkie produkty\",\"item\":\"https:\/\/ironsky.pl\/sklep\/produkty\/\"},{\"@type\":\"ListItem\",\"position\":3,\"name\":\"Etui SUNNYLIFE SN986 DJI RC-N1\/RC-N2\/RC-N3\"}]},{\"@type\":\"WebSite\",\"@id\":\"https:\/\/ironsky.pl\/sklep\/#website\",\"url\":\"https:\/\/ironsky.pl\/sklep\/\",\"name\":\"IRONSKY.PL Sklep z Dronami\",\"description\":\"IRONSKY.PL Sklep z Dronami\",\"potentialAction\":[{\"@type\":\"SearchAction\",\"target\":{\"@type\":\"EntryPoint\",\"urlTemplate\":\"https:\/\/ironsky.pl\/sklep\/?s={search_term_string}\"},\"query-input\":{\"@type\":\"PropertyValueSpecification\",\"valueRequired\":true,\"valueName\":\"search_term_string\"}}],\"inLanguage\":\"pl-PL\"}]}<\/script>\n<!-- \/ Yoast SEO plugin. -->","yoast_head_json":{"title":"Etui SUNNYLIFE SN986 DJI RC-N1\/RC-N2\/RC-N3 - IRONSKY.PL Sklep z Dronami","description":"Etui SUNNYLIFE SN986 DJI RC-N1\/RC-N2\/RC-N3 - \u2705 sklep z dronami i fachowym doradztwem. \u2705 Tutaj kupisz produkty DJI, Yuneec, Parrot, Syma i wiele innych, a tak\u017ce kursy i licencje na operatora drona.","robots":{"index":"index","follow":"follow","max-snippet":"max-snippet:-1","max-image-preview":"max-image-preview:large","max-video-preview":"max-video-preview:-1"},"canonical":"https:\/\/ironsky.pl\/sklep\/produkt\/etui-sunnylife-sn986-dji-rc-n1-rc-n2-rc-n3\/","og_locale":"pl_PL","og_type":"article","og_title":"Etui SUNNYLIFE SN986 DJI RC-N1\/RC-N2\/RC-N3 - IRONSKY.PL Sklep z Dronami","og_description":"Etui SUNNYLIFE SN986 DJI RC-N1\/RC-N2\/RC-N3 - \u2705 sklep z dronami i fachowym doradztwem. \u2705 Tutaj kupisz produkty DJI, Yuneec, Parrot, Syma i wiele innych, a tak\u017ce kursy i licencje na operatora drona.","og_url":"https:\/\/ironsky.pl\/sklep\/produkt\/etui-sunnylife-sn986-dji-rc-n1-rc-n2-rc-n3\/","og_site_name":"IRONSKY.PL Sklep z Dronami","article_modified_time":"2026-04-15T09:01:32+00:00","og_image":[{"width":800,"height":800,"url":"https:\/\/ironsky.pl\/sklep\/wp-content\/uploads\/2025\/10\/52301_1.jpg","type":"image\/jpeg"}],"twitter_card":"summary_large_image","twitter_misc":{"Szacowany czas czytania":"1 minuta"},"schema":{"@context":"https:\/\/schema.org","@graph":[{"@type":"WebPage","@id":"https:\/\/ironsky.pl\/sklep\/produkt\/etui-sunnylife-sn986-dji-rc-n1-rc-n2-rc-n3\/","url":"https:\/\/ironsky.pl\/sklep\/produkt\/etui-sunnylife-sn986-dji-rc-n1-rc-n2-rc-n3\/","name":"Etui SUNNYLIFE SN986 DJI RC-N1\/RC-N2\/RC-N3 - IRONSKY.PL Sklep z Dronami","isPartOf":{"@id":"https:\/\/ironsky.pl\/sklep\/#website"},"primaryImageOfPage":{"@id":"https:\/\/ironsky.pl\/sklep\/produkt\/etui-sunnylife-sn986-dji-rc-n1-rc-n2-rc-n3\/#primaryimage"},"image":{"@id":"https:\/\/ironsky.pl\/sklep\/produkt\/etui-sunnylife-sn986-dji-rc-n1-rc-n2-rc-n3\/#primaryimage"},"thumbnailUrl":"https:\/\/ironsky.pl\/sklep\/wp-content\/uploads\/2025\/10\/52301_1.jpg","datePublished":"2026-04-15T09:01:14+00:00","dateModified":"2026-04-15T09:01:32+00:00","description":"Etui SUNNYLIFE SN986 DJI RC-N1\/RC-N2\/RC-N3 - \u2705 sklep z dronami i fachowym doradztwem. \u2705 Tutaj kupisz produkty DJI, Yuneec, Parrot, Syma i wiele innych, a tak\u017ce kursy i licencje na operatora drona.","breadcrumb":{"@id":"https:\/\/ironsky.pl\/sklep\/produkt\/etui-sunnylife-sn986-dji-rc-n1-rc-n2-rc-n3\/#breadcrumb"},"inLanguage":"pl-PL","potentialAction":[{"@type":"ReadAction","target":["https:\/\/ironsky.pl\/sklep\/produkt\/etui-sunnylife-sn986-dji-rc-n1-rc-n2-rc-n3\/"]}]},{"@type":"ImageObject","inLanguage":"pl-PL","@id":"https:\/\/ironsky.pl\/sklep\/produkt\/etui-sunnylife-sn986-dji-rc-n1-rc-n2-rc-n3\/#primaryimage","url":"https:\/\/ironsky.pl\/sklep\/wp-content\/uploads\/2025\/10\/52301_1.jpg","contentUrl":"https:\/\/ironsky.pl\/sklep\/wp-content\/uploads\/2025\/10\/52301_1.jpg","width":800,"height":800},{"@type":"BreadcrumbList","@id":"https:\/\/ironsky.pl\/sklep\/produkt\/etui-sunnylife-sn986-dji-rc-n1-rc-n2-rc-n3\/#breadcrumb","itemListElement":[{"@type":"ListItem","position":1,"name":"Strona g\u0142\u00f3wna","item":"https:\/\/ironsky.pl\/sklep\/"},{"@type":"ListItem","position":2,"name":"Wszystkie produkty","item":"https:\/\/ironsky.pl\/sklep\/produkty\/"},{"@type":"ListItem","position":3,"name":"Etui SUNNYLIFE SN986 DJI RC-N1\/RC-N2\/RC-N3"}]},{"@type":"WebSite","@id":"https:\/\/ironsky.pl\/sklep\/#website","url":"https:\/\/ironsky.pl\/sklep\/","name":"IRONSKY.PL Sklep z Dronami","description":"IRONSKY.PL Sklep z Dronami","potentialAction":[{"@type":"SearchAction","target":{"@type":"EntryPoint","urlTemplate":"https:\/\/ironsky.pl\/sklep\/?s={search_term_string}"},"query-input":{"@type":"PropertyValueSpecification","valueRequired":true,"valueName":"search_term_string"}}],"inLanguage":"pl-PL"}]}},"_links":{"self":[{"href":"https:\/\/ironsky.pl\/sklep\/wp-json\/wp\/v2\/product\/60402","targetHints":{"allow":["GET"]}}],"collection":[{"href":"https:\/\/ironsky.pl\/sklep\/wp-json\/wp\/v2\/product"}],"about":[{"href":"https:\/\/ironsky.pl\/sklep\/wp-json\/wp\/v2\/types\/product"}],"replies":[{"embeddable":true,"href":"https:\/\/ironsky.pl\/sklep\/wp-json\/wp\/v2\/comments?post=60402"}],"wp:featuredmedia":[{"embeddable":true,"href":"https:\/\/ironsky.pl\/sklep\/wp-json\/wp\/v2\/media\/49099"}],"wp:attachment":[{"href":"https:\/\/ironsky.pl\/sklep\/wp-json\/wp\/v2\/media?parent=60402"}],"wp:term":[{"taxonomy":"product_brand","embeddable":true,"href":"https:\/\/ironsky.pl\/sklep\/wp-json\/wp\/v2\/product_brand?post=60402"},{"taxonomy":"product_cat","embeddable":true,"href":"https:\/\/ironsky.pl\/sklep\/wp-json\/wp\/v2\/product_cat?post=60402"},{"taxonomy":"product_tag","embeddable":true,"href":"https:\/\/ironsky.pl\/sklep\/wp-json\/wp\/v2\/product_tag?post=60402"}],"curies":[{"name":"wp","href":"https:\/\/api.w.org\/{rel}","templated":true}]}}