{"id":60391,"date":"2026-04-15T11:01:14","date_gmt":"2026-04-15T09:01:14","guid":{"rendered":"https:\/\/ironsky.pl\/sklep\/produkt\/zlacze-magnetyczne-do-adaptera-usb-c-viture-2\/"},"modified":"2026-04-15T11:01:22","modified_gmt":"2026-04-15T09:01:22","slug":"zlacze-magnetyczne-do-adaptera-usb-c-viture-2","status":"publish","type":"product","link":"https:\/\/ironsky.pl\/sklep\/produkt\/zlacze-magnetyczne-do-adaptera-usb-c-viture-2\/","title":{"rendered":"Z\u0142\u0105cze magnetyczne do adaptera USB-C Viture"},"content":{"rendered":"<h3>Z\u0142\u0105cze magnetyczne do adaptera USB-C Viture<\/h3>\n<p>Magnetyczne z\u0142\u0105cze USB-C marki VITURE zosta\u0142o zaprojektowane jako uzupe\u0142nienie opaski Neckband. Umo\u017cliwia jej szybkie i wygodne pod\u0142\u0105czenie do urz\u0105dze\u0144 obs\u0142uguj\u0105cych USB-C. Dzi\u0119ki magnetycznemu mechanizmowi \u0142\u0105czenie odbywa si\u0119 bez bezpo\u015bredniego wk\u0142adania wtyczki, co zwi\u0119ksza komfort i wyd\u0142u\u017ca \u017cywotno\u015b\u0107 port\u00f3w.<\/p>\n<p>\n<img decoding=\"async\" src=\"https:\/\/assets.innpro.pl\/15035\/18820\/1.jpg\" border=\"0\" alt=\"\" \/>\n<\/p>\n<h3>Stabilne i szybkie przesy\u0142anie obrazu<\/h3>\n<p>Wsparcie dla transmisji danych z pr\u0119dko\u015bci\u0105 do 10 Gbit\/s pozwala na p\u0142ynne przesy\u0142anie obrazu w jako\u015bci 4K przy 60 klatkach na sekund\u0119. Takie parametry sprawiaj\u0105, \u017ce wy\u015bwietlany obraz jest wyra\u017any, bez op\u00f3\u017anie\u0144 i przyci\u0119\u0107. Zastosowanie magnetycznego portu zapewnia wygodne i bezpieczne \u0142\u0105czenie z opask\u0105 Neckband, bez ryzyka uszkodzenia z\u0142\u0105cza \u2013 wystarczy zbli\u017cy\u0107 elementy, aby po\u0142\u0105czy\u0107 je automatycznie.<\/p>\n<p>\n<img decoding=\"async\" src=\"https:\/\/assets.innpro.pl\/15035\/18820\/2.jpg\" border=\"0\" alt=\"\" \/>\n<\/p>\n<h3>Kompatybilno\u015b\u0107 i trwa\u0142o\u015b\u0107 na d\u0142u\u017cej<\/h3>\n<p>Ten adapter pozwala pod\u0142\u0105czy\u0107 modele VITURE Beast oraz VITURE Luma z Opask\u0105 na Szyj\u0119 VITURE Pro. Po pod\u0142\u0105czeniu do Mobilnej stacji dokuj\u0105cej VITURE Pro  mo\u017cna wy\u015bwietla\u0107 obraz z Opaski na szyj\u0119 VITURE Pro na dw\u00f3ch parach okular\u00f3w. Adapter mo\u017ce tak\u017ce przekazywa\u0107 sygna\u0142 do innych wy\u015bwietlaczy USB-C \u2014 zewn\u0119trznych monitor\u00f3w czy okular\u00f3w innych marek. W przypadku pod\u0142\u0105czania innych okular\u00f3w ni\u017c VITURE mo\u017ce by\u0107 potrzebny 50-centymetrowy przed\u0142u\u017cacz. Podstawowe funkcje b\u0119d\u0105 dzia\u0142a\u0107, jednak niekt\u00f3re opcje XR, jak automatyczne prze\u0142\u0105czanie w tryb 3D, mog\u0105 by\u0107 niedost\u0119pne.<\/p>\n<p>\n<img decoding=\"async\" src=\"https:\/\/assets.innpro.pl\/15035\/18820\/3.jpg\" border=\"0\" alt=\"\" \/>\n<\/p>\n<div class=\"table-wrapper\">\n<p>\u00a0<\/p>\n<h3><\/h3>\n<table>\n<tbody>\n<tr>\n<th>Producent<\/th>\n<td>Viture<\/td>\n<\/tr>\n<tr>\n<th>Typ z\u0142\u0105cza<\/th>\n<td>USB-C<\/td>\n<\/tr>\n<tr>\n<th>Standard USB<\/th>\n<td>USB 3.2 Gen1<\/td>\n<\/tr>\n<tr>\n<th>Kompatybilno\u015b\u0107<\/th>\n<td>Viture Beast i Viture Luma, DisplayPort przez USB-C<\/td>\n<\/tr>\n<tr>\n<th>Szybko\u015b\u0107 transmisji danych<\/th>\n<td>do 10 Gbit\/s, 4K@60fps<\/td>\n<\/tr>\n<tr>\n<th>Moc wyj\u015bciowa<\/th>\n<td>20W (12V~1.65A, 9V~2A, 5V~3A)<\/td>\n<\/tr>\n<tr>\n<th>Wymiary<\/th>\n<td>29,62 x 13,17 x 8,48 mm<\/td>\n<\/tr>\n<tr>\n<th>Waga <\/th>\n<td>4,3 g<\/td>\n<\/tr>\n<\/tbody>\n<\/table>\n<\/div>\n","protected":false},"excerpt":{"rendered":"<p>Z\u0142\u0105cze magnetyczne do adaptera USB-C Viture Magnetyczne z\u0142\u0105cze USB-C marki VITURE zosta\u0142o zaprojektowane jako uzupe\u0142nienie opaski Neckband. Umo\u017cliwia jej szybkie<\/p>\n","protected":false},"featured_media":47452,"comment_status":"closed","ping_status":"open","template":"","meta":{"_acf_changed":false},"product_brand":[],"product_cat":[5930,5929],"product_tag":[],"class_list":{"0":"post-60391","1":"product","2":"type-product","3":"status-publish","4":"has-post-thumbnail","6":"product_cat-adaptery-przejsciowki-konwertery","7":"product_cat-akcesoria-it","8":"pa_okres-gwarancji-5754","9":"pa_producent-viture","11":"first","12":"outofstock","13":"taxable","14":"shipping-taxable","15":"purchasable","16":"product-type-simple"},"acf":[],"yoast_head":"<!-- This site is optimized with the Yoast SEO plugin v27.2 - https:\/\/yoast.com\/product\/yoast-seo-wordpress\/ -->\n<title>Z\u0142\u0105cze magnetyczne do adaptera USB-C Viture - IRONSKY.PL Sklep z Dronami<\/title>\n<meta name=\"description\" content=\"Z\u0142\u0105cze magnetyczne do adaptera USB-C Viture - \u2705 sklep z dronami i fachowym doradztwem. \u2705 Tutaj kupisz produkty DJI, Yuneec, Parrot, Syma i wiele innych, a tak\u017ce kursy i licencje na operatora drona.\" \/>\n<meta name=\"robots\" content=\"index, follow, max-snippet:-1, max-image-preview:large, max-video-preview:-1\" \/>\n<link rel=\"canonical\" href=\"https:\/\/ironsky.pl\/sklep\/produkt\/zlacze-magnetyczne-do-adaptera-usb-c-viture-2\/\" \/>\n<meta property=\"og:locale\" content=\"pl_PL\" \/>\n<meta property=\"og:type\" content=\"article\" \/>\n<meta property=\"og:title\" content=\"Z\u0142\u0105cze magnetyczne do adaptera USB-C Viture - IRONSKY.PL Sklep z Dronami\" \/>\n<meta property=\"og:description\" content=\"Z\u0142\u0105cze magnetyczne do adaptera USB-C Viture - \u2705 sklep z dronami i fachowym doradztwem. \u2705 Tutaj kupisz produkty DJI, Yuneec, Parrot, Syma i wiele innych, a tak\u017ce kursy i licencje na operatora drona.\" \/>\n<meta property=\"og:url\" content=\"https:\/\/ironsky.pl\/sklep\/produkt\/zlacze-magnetyczne-do-adaptera-usb-c-viture-2\/\" \/>\n<meta property=\"og:site_name\" content=\"IRONSKY.PL Sklep z Dronami\" \/>\n<meta property=\"article:modified_time\" content=\"2026-04-15T09:01:22+00:00\" \/>\n<meta property=\"og:image\" content=\"https:\/\/ironsky.pl\/sklep\/wp-content\/uploads\/2025\/06\/52155_1.jpg\" \/>\n\t<meta property=\"og:image:width\" content=\"800\" \/>\n\t<meta property=\"og:image:height\" content=\"800\" \/>\n\t<meta property=\"og:image:type\" content=\"image\/jpeg\" \/>\n<meta name=\"twitter:card\" content=\"summary_large_image\" \/>\n<meta name=\"twitter:label1\" content=\"Szacowany czas czytania\" \/>\n\t<meta name=\"twitter:data1\" content=\"1 minuta\" \/>\n<script type=\"application\/ld+json\" class=\"yoast-schema-graph\">{\"@context\":\"https:\/\/schema.org\",\"@graph\":[{\"@type\":\"WebPage\",\"@id\":\"https:\/\/ironsky.pl\/sklep\/produkt\/zlacze-magnetyczne-do-adaptera-usb-c-viture-2\/\",\"url\":\"https:\/\/ironsky.pl\/sklep\/produkt\/zlacze-magnetyczne-do-adaptera-usb-c-viture-2\/\",\"name\":\"Z\u0142\u0105cze magnetyczne do adaptera USB-C Viture - IRONSKY.PL Sklep z Dronami\",\"isPartOf\":{\"@id\":\"https:\/\/ironsky.pl\/sklep\/#website\"},\"primaryImageOfPage\":{\"@id\":\"https:\/\/ironsky.pl\/sklep\/produkt\/zlacze-magnetyczne-do-adaptera-usb-c-viture-2\/#primaryimage\"},\"image\":{\"@id\":\"https:\/\/ironsky.pl\/sklep\/produkt\/zlacze-magnetyczne-do-adaptera-usb-c-viture-2\/#primaryimage\"},\"thumbnailUrl\":\"https:\/\/ironsky.pl\/sklep\/wp-content\/uploads\/2025\/06\/52155_1.jpg\",\"datePublished\":\"2026-04-15T09:01:14+00:00\",\"dateModified\":\"2026-04-15T09:01:22+00:00\",\"description\":\"Z\u0142\u0105cze magnetyczne do adaptera USB-C Viture - \u2705 sklep z dronami i fachowym doradztwem. \u2705 Tutaj kupisz produkty DJI, Yuneec, Parrot, Syma i wiele innych, a tak\u017ce kursy i licencje na operatora drona.\",\"breadcrumb\":{\"@id\":\"https:\/\/ironsky.pl\/sklep\/produkt\/zlacze-magnetyczne-do-adaptera-usb-c-viture-2\/#breadcrumb\"},\"inLanguage\":\"pl-PL\",\"potentialAction\":[{\"@type\":\"ReadAction\",\"target\":[\"https:\/\/ironsky.pl\/sklep\/produkt\/zlacze-magnetyczne-do-adaptera-usb-c-viture-2\/\"]}]},{\"@type\":\"ImageObject\",\"inLanguage\":\"pl-PL\",\"@id\":\"https:\/\/ironsky.pl\/sklep\/produkt\/zlacze-magnetyczne-do-adaptera-usb-c-viture-2\/#primaryimage\",\"url\":\"https:\/\/ironsky.pl\/sklep\/wp-content\/uploads\/2025\/06\/52155_1.jpg\",\"contentUrl\":\"https:\/\/ironsky.pl\/sklep\/wp-content\/uploads\/2025\/06\/52155_1.jpg\",\"width\":800,\"height\":800},{\"@type\":\"BreadcrumbList\",\"@id\":\"https:\/\/ironsky.pl\/sklep\/produkt\/zlacze-magnetyczne-do-adaptera-usb-c-viture-2\/#breadcrumb\",\"itemListElement\":[{\"@type\":\"ListItem\",\"position\":1,\"name\":\"Strona g\u0142\u00f3wna\",\"item\":\"https:\/\/ironsky.pl\/sklep\/\"},{\"@type\":\"ListItem\",\"position\":2,\"name\":\"Wszystkie produkty\",\"item\":\"https:\/\/ironsky.pl\/sklep\/produkty\/\"},{\"@type\":\"ListItem\",\"position\":3,\"name\":\"Z\u0142\u0105cze magnetyczne do adaptera USB-C Viture\"}]},{\"@type\":\"WebSite\",\"@id\":\"https:\/\/ironsky.pl\/sklep\/#website\",\"url\":\"https:\/\/ironsky.pl\/sklep\/\",\"name\":\"IRONSKY.PL Sklep z Dronami\",\"description\":\"IRONSKY.PL Sklep z Dronami\",\"potentialAction\":[{\"@type\":\"SearchAction\",\"target\":{\"@type\":\"EntryPoint\",\"urlTemplate\":\"https:\/\/ironsky.pl\/sklep\/?s={search_term_string}\"},\"query-input\":{\"@type\":\"PropertyValueSpecification\",\"valueRequired\":true,\"valueName\":\"search_term_string\"}}],\"inLanguage\":\"pl-PL\"}]}<\/script>\n<!-- \/ Yoast SEO plugin. -->","yoast_head_json":{"title":"Z\u0142\u0105cze magnetyczne do adaptera USB-C Viture - IRONSKY.PL Sklep z Dronami","description":"Z\u0142\u0105cze magnetyczne do adaptera USB-C Viture - \u2705 sklep z dronami i fachowym doradztwem. \u2705 Tutaj kupisz produkty DJI, Yuneec, Parrot, Syma i wiele innych, a tak\u017ce kursy i licencje na operatora drona.","robots":{"index":"index","follow":"follow","max-snippet":"max-snippet:-1","max-image-preview":"max-image-preview:large","max-video-preview":"max-video-preview:-1"},"canonical":"https:\/\/ironsky.pl\/sklep\/produkt\/zlacze-magnetyczne-do-adaptera-usb-c-viture-2\/","og_locale":"pl_PL","og_type":"article","og_title":"Z\u0142\u0105cze magnetyczne do adaptera USB-C Viture - IRONSKY.PL Sklep z Dronami","og_description":"Z\u0142\u0105cze magnetyczne do adaptera USB-C Viture - \u2705 sklep z dronami i fachowym doradztwem. \u2705 Tutaj kupisz produkty DJI, Yuneec, Parrot, Syma i wiele innych, a tak\u017ce kursy i licencje na operatora drona.","og_url":"https:\/\/ironsky.pl\/sklep\/produkt\/zlacze-magnetyczne-do-adaptera-usb-c-viture-2\/","og_site_name":"IRONSKY.PL Sklep z Dronami","article_modified_time":"2026-04-15T09:01:22+00:00","og_image":[{"width":800,"height":800,"url":"https:\/\/ironsky.pl\/sklep\/wp-content\/uploads\/2025\/06\/52155_1.jpg","type":"image\/jpeg"}],"twitter_card":"summary_large_image","twitter_misc":{"Szacowany czas czytania":"1 minuta"},"schema":{"@context":"https:\/\/schema.org","@graph":[{"@type":"WebPage","@id":"https:\/\/ironsky.pl\/sklep\/produkt\/zlacze-magnetyczne-do-adaptera-usb-c-viture-2\/","url":"https:\/\/ironsky.pl\/sklep\/produkt\/zlacze-magnetyczne-do-adaptera-usb-c-viture-2\/","name":"Z\u0142\u0105cze magnetyczne do adaptera USB-C Viture - IRONSKY.PL Sklep z Dronami","isPartOf":{"@id":"https:\/\/ironsky.pl\/sklep\/#website"},"primaryImageOfPage":{"@id":"https:\/\/ironsky.pl\/sklep\/produkt\/zlacze-magnetyczne-do-adaptera-usb-c-viture-2\/#primaryimage"},"image":{"@id":"https:\/\/ironsky.pl\/sklep\/produkt\/zlacze-magnetyczne-do-adaptera-usb-c-viture-2\/#primaryimage"},"thumbnailUrl":"https:\/\/ironsky.pl\/sklep\/wp-content\/uploads\/2025\/06\/52155_1.jpg","datePublished":"2026-04-15T09:01:14+00:00","dateModified":"2026-04-15T09:01:22+00:00","description":"Z\u0142\u0105cze magnetyczne do adaptera USB-C Viture - \u2705 sklep z dronami i fachowym doradztwem. \u2705 Tutaj kupisz produkty DJI, Yuneec, Parrot, Syma i wiele innych, a tak\u017ce kursy i licencje na operatora drona.","breadcrumb":{"@id":"https:\/\/ironsky.pl\/sklep\/produkt\/zlacze-magnetyczne-do-adaptera-usb-c-viture-2\/#breadcrumb"},"inLanguage":"pl-PL","potentialAction":[{"@type":"ReadAction","target":["https:\/\/ironsky.pl\/sklep\/produkt\/zlacze-magnetyczne-do-adaptera-usb-c-viture-2\/"]}]},{"@type":"ImageObject","inLanguage":"pl-PL","@id":"https:\/\/ironsky.pl\/sklep\/produkt\/zlacze-magnetyczne-do-adaptera-usb-c-viture-2\/#primaryimage","url":"https:\/\/ironsky.pl\/sklep\/wp-content\/uploads\/2025\/06\/52155_1.jpg","contentUrl":"https:\/\/ironsky.pl\/sklep\/wp-content\/uploads\/2025\/06\/52155_1.jpg","width":800,"height":800},{"@type":"BreadcrumbList","@id":"https:\/\/ironsky.pl\/sklep\/produkt\/zlacze-magnetyczne-do-adaptera-usb-c-viture-2\/#breadcrumb","itemListElement":[{"@type":"ListItem","position":1,"name":"Strona g\u0142\u00f3wna","item":"https:\/\/ironsky.pl\/sklep\/"},{"@type":"ListItem","position":2,"name":"Wszystkie produkty","item":"https:\/\/ironsky.pl\/sklep\/produkty\/"},{"@type":"ListItem","position":3,"name":"Z\u0142\u0105cze magnetyczne do adaptera USB-C Viture"}]},{"@type":"WebSite","@id":"https:\/\/ironsky.pl\/sklep\/#website","url":"https:\/\/ironsky.pl\/sklep\/","name":"IRONSKY.PL Sklep z Dronami","description":"IRONSKY.PL Sklep z Dronami","potentialAction":[{"@type":"SearchAction","target":{"@type":"EntryPoint","urlTemplate":"https:\/\/ironsky.pl\/sklep\/?s={search_term_string}"},"query-input":{"@type":"PropertyValueSpecification","valueRequired":true,"valueName":"search_term_string"}}],"inLanguage":"pl-PL"}]}},"_links":{"self":[{"href":"https:\/\/ironsky.pl\/sklep\/wp-json\/wp\/v2\/product\/60391","targetHints":{"allow":["GET"]}}],"collection":[{"href":"https:\/\/ironsky.pl\/sklep\/wp-json\/wp\/v2\/product"}],"about":[{"href":"https:\/\/ironsky.pl\/sklep\/wp-json\/wp\/v2\/types\/product"}],"replies":[{"embeddable":true,"href":"https:\/\/ironsky.pl\/sklep\/wp-json\/wp\/v2\/comments?post=60391"}],"wp:featuredmedia":[{"embeddable":true,"href":"https:\/\/ironsky.pl\/sklep\/wp-json\/wp\/v2\/media\/47452"}],"wp:attachment":[{"href":"https:\/\/ironsky.pl\/sklep\/wp-json\/wp\/v2\/media?parent=60391"}],"wp:term":[{"taxonomy":"product_brand","embeddable":true,"href":"https:\/\/ironsky.pl\/sklep\/wp-json\/wp\/v2\/product_brand?post=60391"},{"taxonomy":"product_cat","embeddable":true,"href":"https:\/\/ironsky.pl\/sklep\/wp-json\/wp\/v2\/product_cat?post=60391"},{"taxonomy":"product_tag","embeddable":true,"href":"https:\/\/ironsky.pl\/sklep\/wp-json\/wp\/v2\/product_tag?post=60391"}],"curies":[{"name":"wp","href":"https:\/\/api.w.org\/{rel}","templated":true}]}}