{"id":60389,"date":"2026-04-15T11:01:14","date_gmt":"2026-04-15T09:01:14","guid":{"rendered":"https:\/\/ironsky.pl\/sklep\/produkt\/oswietlenie-dji-zenmuse-s1-dla-matrice-350-rtk-2\/"},"modified":"2026-04-15T11:01:20","modified_gmt":"2026-04-15T09:01:20","slug":"oswietlenie-dji-zenmuse-s1-dla-matrice-350-rtk-2","status":"publish","type":"product","link":"https:\/\/ironsky.pl\/sklep\/produkt\/oswietlenie-dji-zenmuse-s1-dla-matrice-350-rtk-2\/","title":{"rendered":"O\u015bwietlenie DJI Zenmuse S1 dla Matrice 350 RTK"},"content":{"rendered":"<h3>O\u015bwietlenie DJI Zenmuse S1 dla Matrice 350 RTK<\/h3>\n<p>Zenmuse S1 to pierwszy reflektor od DJI, kt\u00f3ry zosta\u0142 zaprojektowany z my\u015bl\u0105 o zaawansowanych misjach wykonywanych przez drony Matrice 300 RTK oraz Matrice 350 RTK. Reflektor bazuje na technologii LEP (Laser Excited Phosphor), kt\u00f3ra generuje intensywne bia\u0142e \u015bwiat\u0142o, zapewniaj\u0105c jasno\u015b\u0107 do 35 lux na odleg\u0142o\u015bci 100 metr\u00f3w i efektywne o\u015bwietlenie w zasi\u0119gu a\u017c 500 metr\u00f3w. Urz\u0105dzenie oferuje r\u00f3wnie\u017c szereg tryb\u00f3w pracy, co czyni je wszechstronnym narz\u0119dziem do dzia\u0142a\u0144 nocnych \u2013 zar\u00f3wno w kontek\u015bcie akcji poszukiwawczo-ratunkowych, jak i inspekcji przemys\u0142owych czy zada\u0144 operacyjnych prowadzonych po zmroku.<\/p>\n<p>\n<img decoding=\"async\" src=\"https:\/\/assets.innpro.pl\/15043\/18838\/1.jpg\" border=\"0\" alt=\"\" \/>\n<\/p>\n<h3>Dopasowane do ka\u017cdej misji<\/h3>\n<p>Reflektor DJI Zenmuse S1 oferuje mo\u017cliwo\u015b\u0107 wyboru pomi\u0119dzy kilkoma dedykowanymi trybami o\u015bwietlenia. Tryb Low Beam gwarantuje szerokie pole widzenia (15\u00b0) w promieniu do 150 m, dzi\u0119ki czemu doskonale nadaje si\u0119 do dzia\u0142a\u0144 inspekcyjnych i poszukiwawczych na kr\u00f3tkim dystansie. High Beam, wykorzystuj\u0105c technologi\u0119 LEP i 15-krotne powi\u0119kszenie, umo\u017cliwia precyzyjne o\u015bwietlenie z k\u0105tem 4\u00b0 na dystansie do 300 m. Tryb Both On \u0142\u0105czy mo\u017cliwo\u015bci obu tryb\u00f3w, oferuj\u0105c zasi\u0119g a\u017c do 500 m, idealny do zada\u0144 wymagaj\u0105cych jednoczesnego pod\u015bwietlenia bliskich i odleg\u0142ych obiekt\u00f3w. Dost\u0119pny jest r\u00f3wnie\u017c tryb Strobe \u2013 emituje on b\u0142yski z cz\u0119stotliwo\u015bci\u0105 5 Hz, przydatne w sytuacjach awaryjnych, kiedy konieczne jest szybkie zwr\u00f3cenie uwagi.<\/p>\n<p>\n<img decoding=\"async\" src=\"https:\/\/assets.innpro.pl\/15043\/18838\/4.jpg\" border=\"0\" alt=\"\" \/>\n<\/p>\n<h3>Mocne \u015bwiat\u0142o przy minimalnym zu\u017cyciu energii<\/h3>\n<p>Zenmuse S1 oferuje wyj\u0105tkow\u0105 wydajno\u015b\u0107 \u015bwietln\u0105, osi\u0105gaj\u0105c centralne nat\u0119\u017cenie \u015bwiat\u0142a na poziomie 35 lux w trybie Both On na odleg\u0142o\u015bci 100 metr\u00f3w. Tak wysoka jasno\u015b\u0107 sprawia, \u017ce nawet w warunkach ca\u0142kowitej ciemno\u015bci mo\u017cliwa jest dok\u0142adna analiza terenu. Co wa\u017cne, reflektor zosta\u0142 zaprojektowany z my\u015bl\u0105 o efektywno\u015bci energetycznej \u2013 w trybie High Beam zu\u017cywa jedynie oko\u0142o 17 W, co pozwala na d\u0142u\u017cszy czas lotu bez nadmiernego obci\u0105\u017cania zasilania drona.<\/p>\n<p>\n<img decoding=\"async\" src=\"https:\/\/assets.innpro.pl\/15043\/18838\/2.jpg\" border=\"0\" alt=\"\" \/>\n<\/p>\n<h3>Bezpieczne u\u017cytkowanie w ka\u017cdych warunkach<\/h3>\n<p>Zaprojektowany z my\u015bl\u0105 o d\u0142ugotrwa\u0142ym u\u017cytkowaniu, Zenmuse S1 wyposa\u017cono w szereg zabezpiecze\u0144 technicznych, w tym przed przegrzaniem, przeci\u0105\u017ceniem pr\u0105dowym oraz awari\u0105 zasilania. Plastikowa obudowa skutecznie izoluje ciep\u0142o, ograniczaj\u0105c temperatur\u0119 powierzchni kontaktowej do poziomu poni\u017cej 50\u00b0C \u2013 nawet przy intensywnym u\u017cytkowaniu, co zabezpiecza operator\u00f3w podczas wymiany komponent\u00f3w. Dodatkowo system ochrony oczu automatycznie zmniejsza jasno\u015b\u0107 \u015bwiat\u0142a do 40%, gdy dron nie jest w locie, chroni\u0105c u\u017cytkownik\u00f3w przed o\u015blepieniem.<\/p>\n<p>\n<img decoding=\"async\" src=\"https:\/\/assets.innpro.pl\/15043\/18838\/6.jpg\" border=\"0\" alt=\"\" \/>\n<\/p>\n<h3>Intuicyjne sterowanie w zasi\u0119gu r\u0119ki<\/h3>\n<p>Zenmuse S1 zosta\u0142 zaprojektowany z my\u015bl\u0105 o \u0142atwej obs\u0142udze \u2013 pe\u0142ne sterowanie mo\u017cliwe jest z poziomu kontrolera drona. Operator mo\u017ce w szybki spos\u00f3b w\u0142\u0105czy\u0107 lub wy\u0142\u0105czy\u0107 reflektor, zmieni\u0107 tryb \u015bwiecenia lub dostosowa\u0107 jego jasno\u015b\u0107 dzi\u0119ki przypisanym skr\u00f3tom klawiszowym. Taka integracja u\u0142atwia operowanie reflektorem nawet w dynamicznych warunkach terenowych.<\/p>\n<p>\n<img decoding=\"async\" src=\"https:\/\/assets.innpro.pl\/15043\/18838\/10.jpg\" border=\"0\" alt=\"\" \/>\n<\/p>\n<h3>Gotowy na wyzwania terenowe<\/h3>\n<p>Dzi\u0119ki klasie odporno\u015bci IP54 Zenmuse S1 skutecznie opiera si\u0119 dzia\u0142aniu kurzu i wody, co czyni go idealnym wyborem do zada\u0144 realizowanych w trudnych warunkach atmosferycznych. Zakres temperatur roboczych od -20\u00b0C do 40\u00b0C pozwala na niezawodne funkcjonowanie zar\u00f3wno w mro\u017anych, jak i gor\u0105cych \u015brodowiskach, bez utraty wydajno\u015bci.<\/p>\n<p>\n<img decoding=\"async\" src=\"https:\/\/assets.innpro.pl\/15043\/18838\/8.jpg\" border=\"0\" alt=\"\" \/>\n<\/p>\n<h3>Lekki, kompatybilny i \u0142atwy w monta\u017cu<\/h3>\n<p>Reflektor wa\u017cy zaledwie oko\u0142o 760 g, co u\u0142atwia jego transport i instalacj\u0119. Mo\u017ce by\u0107 zamontowany na g\u00f3rnym lub dolnym porcie gimbala dron\u00f3w DJI Matrice 300 RTK i 350 RTK \u2013 zar\u00f3wno pojedynczym, jak i podw\u00f3jnym. Takie rozwi\u0105zanie pozwala operatorom elastycznie dopasowa\u0107 konfiguracj\u0119 sprz\u0119tu do konkretnej misji i potrzeb operacyjnych.<\/p>\n<p>\n<img decoding=\"async\" src=\"https:\/\/assets.innpro.pl\/15043\/18838\/7.jpg\" border=\"0\" alt=\"\" \/>\n<\/p>\n<h3>Tw\u00f3rz w\u0142asne aplikacje z Mobile SDK<\/h3>\n<p>Urz\u0105dzenie jest w pe\u0142ni zgodne z DJI Mobile SDK, co umo\u017cliwia operatorom opracowywanie dedykowanych aplikacji mobilnych. Dzi\u0119ki temu mo\u017cna wdra\u017ca\u0107 nowe funkcje, personalizowa\u0107 obs\u0142ug\u0119 reflektora oraz jeszcze lepiej dostosowa\u0107 system do specyfiki realizowanych operacji.<\/p>\n<p>\n<img decoding=\"async\" src=\"https:\/\/assets.innpro.pl\/15043\/18838\/5.jpg\" border=\"0\" alt=\"\" \/>\n<\/p>\n<h3>Reflektor do zada\u0144 specjalnych<\/h3>\n<p>Zenmuse S1 to wszechstronne narz\u0119dzie, kt\u00f3re sprawdza si\u0119 w r\u00f3\u017cnych sektorach \u2013 od dzia\u0142a\u0144 ratowniczych i policyjnych, po techniczne inspekcje infrastruktury. Jego wydajne o\u015bwietlenie wspiera nocne patrole, u\u0142atwia lokalizacj\u0119 os\u00f3b potrzebuj\u0105cych pomocy, a tak\u017ce pozwala zespo\u0142om technicznym szybko zidentyfikowa\u0107 usterki i przeprowadzi\u0107 niezb\u0119dne naprawy. To niezast\u0105pione wsparcie wsz\u0119dzie tam, gdzie liczy si\u0119 precyzja i niezawodno\u015b\u0107 po zmroku.<\/p>\n<p>\n<img decoding=\"async\" src=\"https:\/\/assets.innpro.pl\/15043\/18838\/9.jpg\" border=\"0\" alt=\"\" \/>\n<\/p>\n<div class=\"table-wrapper\">\n<p>\u00a0<\/p>\n<h3><\/h3>\n<table>\n<tbody>\n<tr>\n<th>Nazwa produktu<\/th>\n<td>Zenmuse S1<\/td>\n<\/tr>\n<tr>\n<th>Waga<\/th>\n<td>760\u00b110 g<\/td>\n<\/tr>\n<tr>\n<th>Wymiary<\/th>\n<td>125\u00d7152\u00d7171 mm (d\u0142. \u00d7 szer. \u00d7 wys.)<\/td>\n<\/tr>\n<tr>\n<th>Moc znamionowa<\/th>\n<td>68 W<\/td>\n<\/tr>\n<tr>\n<th>Kompatybilne drony<\/th>\n<td>Matrice 300 RTK (wymaga DJI RC Plus),  Matrice 350 RTK, Matrice 400<\/td>\n<\/tr>\n<tr>\n<th>Klasa bezpiecze\u0144stwa oczu<\/th>\n<td>IEC 62471 Grupa ryzyka 1<\/td>\n<\/tr>\n<tr>\n<th>Temperatura obudowy<\/th>\n<td>&lt;50\u00b0C (122\u00b0F, obudowa plastikowa) *Pomiary wykonano w warunkach laboratoryjnych przy temperaturze otoczenia 25\u00b0C (77\u00b0F) z zamontowanym Zenmuse S1 na dronie.<\/td>\n<\/tr>\n<tr>\n<th>Klasa szczelno\u015bci<\/th>\n<td>IP54 *W kontrolowanych warunkach laboratoryjnych urz\u0105dzenie spe\u0142nia norm\u0119 IP54 zgodnie z IEC60529. Klasa szczelno\u015bci nie jest trwa\u0142a i mo\u017ce si\u0119 obni\u017ca\u0107 wskutek zu\u017cycia produktu.<\/td>\n<\/tr>\n<\/tbody>\n<\/table>\n<p>\u00a0<\/p>\n<h3>\u015arodowisko<\/h3>\n<table>\n<tbody>\n<tr>\n<th>Temperatura pracy<\/th>\n<td>Od -20\u00b0C do 40\u00b0C (od -4\u00b0F do 104\u00b0F)<\/td>\n<\/tr>\n<tr>\n<th>Temperatura przechowywania<\/th>\n<td>Od -20\u00b0C do 60\u00b0C (od -4\u00b0F do 140\u00b0F)<\/td>\n<\/tr>\n<\/tbody>\n<\/table>\n<p>\u00a0<\/p>\n<h3>Gimbal<\/h3>\n<table>\n<tbody>\n<tr>\n<th>System stabilizacji<\/th>\n<td>3-osiowy (tilt, roll, pan)<\/td>\n<\/tr>\n<tr>\n<th>Zakres wibracji k\u0105towych<\/th>\n<td>W zawisie \u00b10,01\u00b0, w locie \u00b10,02\u00b0<\/td>\n<\/tr>\n<tr>\n<th>Mocowanie<\/th>\n<td>Od\u0142\u0105czane mocowanie DJI SKYPORT<\/td>\n<\/tr>\n<tr>\n<th>Zakres mechaniczny<\/th>\n<td>Tilt: od -129\u00b0 do +73\u00b0; Roll: \u00b155.8\u00b0; Pan: \u00b1327\u00b0 *Zakres mechaniczny \u2013 nie oznacza zakresu sterowania.<\/td>\n<\/tr>\n<tr>\n<th>Zakres sterowania<\/th>\n<td>Tilt: od -120\u00b0 do +60\u00b0; Pan: \u00b1320\u00b0;<\/td>\n<\/tr>\n<tr>\n<th>Tryby pracy<\/th>\n<td>Follow, Free, Re-center<\/td>\n<\/tr>\n<\/tbody>\n<\/table>\n<p>\u00a0<\/p>\n<h3>O\u015bwietlenie<\/h3>\n<table>\n<tbody>\n<tr>\n<th>Maksymalne centralne nat\u0119\u017cenie \u015bwiat\u0142a<\/th>\n<td>35 lux na 100 m (tryb Both On) *Zmierzono w warunkach laboratoryjnych przy temperaturze 25\u00b0C (77\u00b0F) z reflektorem Zenmuse S1 zamontowanym na dronie.<\/td>\n<\/tr>\n<tr>\n<th>Centralne nat\u0119\u017cenie \u015bwiat\u0142a \u2013 tryb Low Beam<\/th>\n<td>13 lux na 100 m *Zmierzono w warunkach laboratoryjnych przy temperaturze 25\u00b0C (77\u00b0F) z reflektorem Zenmuse S1 zamontowanym na dronie.<\/td>\n<\/tr>\n<tr>\n<th>Centralne nat\u0119\u017cenie \u015bwiat\u0142a \u2013 tryb High Beam<\/th>\n<td>30 lux na 100 m *Zmierzono w warunkach laboratoryjnych przy temperaturze 25\u00b0C (77\u00b0F) z reflektorem Zenmuse S1 zamontowanym na dronie.<\/td>\n<\/tr>\n<tr>\n<th>Efektywny k\u0105t o\u015bwietlenia<\/th>\n<td>15\u00b11\u00b0 (10% wzgl\u0119dnej jasno\u015bci, tryby Low Beam i Both On); 4\u00b10.5\u00b0 (10% wzgl\u0119dnej jasno\u015bci, tryb High Beam);<\/td>\n<\/tr>\n<tr>\n<th>Typowa temperatura barwowa<\/th>\n<td>6500K (tryb Low Beam); 7500K (tryb High Beam); Zmierzono w kuli ca\u0142kuj\u0105cej w warunkach laboratoryjnych przy 25\u00b0C. Wyniki mog\u0105 si\u0119 r\u00f3\u017cni\u0107 w zale\u017cno\u015bci od warunk\u00f3w.<\/td>\n<\/tr>\n<tr>\n<th>Tryb \u015bciemniania<\/th>\n<td>\u015aciemnianie analogowe<\/td>\n<\/tr>\n<tr>\n<th>Efektywny zasi\u0119g o\u015bwietlenia<\/th>\n<td>500 m (tryb Both On) *Zmierzono w warunkach laboratoryjnych w temperaturze otoczenia wynosz\u0105cej 25\u00b0C (77\u00b0F). Rzeczywiste warunki mog\u0105 si\u0119 nieznacznie r\u00f3\u017cni\u0107 ze wzgl\u0119du na okre\u015blon\u0105 wilgotno\u015b\u0107 otoczenia, warunki pogodowe i inne czynniki. Ostateczny efekt zale\u017cy od rzeczywistego u\u017cytkowania.<\/td>\n<\/tr>\n<\/tbody>\n<\/table>\n<p>\u00a0<\/p>\n<h3>Funkcje podstawowe<\/h3>\n<table>\n<tbody>\n<tr>\n<th>Sterowanie o\u015bwietleniem<\/th>\n<td>W\u0142\u0105czanie\/wy\u0142\u0105czanie, regulacja jasno\u015bci<\/td>\n<\/tr>\n<tr>\n<th>Tryb stroboskopowy<\/th>\n<td>5 Hz<\/td>\n<\/tr>\n<tr>\n<th>Tryby \u015bwiecenia<\/th>\n<td>Low Beam, High Beam, Both On<\/td>\n<\/tr>\n<tr>\n<th>Przyciski na kontrolerze<\/th>\n<td>Mo\u017cliwo\u015b\u0107 przypisania funkcji (w\u0142\u0105cz\/wy\u0142\u0105cz, jasno\u015b\u0107, zmiana trybu)<\/td>\n<\/tr>\n<tr>\n<th>Synchronizacja z gimbalem<\/th>\n<td>Obs\u0142uguje synchronizacj\u0119 z innymi \u0142adunkami wyposa\u017conymi w gimbal<\/td>\n<\/tr>\n<\/tbody>\n<\/table>\n<p>\u00a0<\/p>\n<h3>Funkcje specjalne<\/h3>\n<table>\n<tbody>\n<tr>\n<th>Ochrona wzroku<\/th>\n<td>Automatyczne ograniczenie jasno\u015bci do 40%, gdy dron nie jest w locie<\/td>\n<\/tr>\n<tr>\n<th>Ochrona \u0142adunku<\/th>\n<td>Zabezpieczenie termiczne diod LED i LEP, zabezpieczenie nadpr\u0105dowe, zabezpieczenie zasilania<\/td>\n<\/tr>\n<\/tbody>\n<\/table>\n<\/div>\n","protected":false},"excerpt":{"rendered":"<p>O\u015bwietlenie DJI Zenmuse S1 dla Matrice 350 RTK Zenmuse S1 to pierwszy reflektor od DJI, kt\u00f3ry zosta\u0142 zaprojektowany z my\u015bl\u0105<\/p>\n","protected":false},"featured_media":40376,"comment_status":"closed","ping_status":"open","template":"","meta":{"_acf_changed":false},"product_brand":[],"product_cat":[6169,1088,1105],"product_tag":[],"class_list":{"0":"post-60389","1":"product","2":"type-product","3":"status-publish","4":"has-post-thumbnail","6":"product_cat-akcesoria-i-czesci","7":"product_cat-drony","8":"product_cat-przemyslowe","9":"pa_okres-gwarancji-5757","10":"pa_producent-dji-enterprise","12":"first","13":"outofstock","14":"taxable","15":"shipping-taxable","16":"purchasable","17":"product-type-simple"},"acf":[],"yoast_head":"<!-- This site is optimized with the Yoast SEO plugin v27.2 - https:\/\/yoast.com\/product\/yoast-seo-wordpress\/ -->\n<title>O\u015bwietlenie DJI Zenmuse S1 dla Matrice 350 RTK - IRONSKY.PL Sklep z Dronami<\/title>\n<meta name=\"description\" content=\"O\u015bwietlenie DJI Zenmuse S1 dla Matrice 350 RTK - \u2705 sklep z dronami i fachowym doradztwem. \u2705 Tutaj kupisz produkty DJI, Yuneec, Parrot, Syma i wiele innych, a tak\u017ce kursy i licencje na operatora drona.\" \/>\n<meta name=\"robots\" content=\"index, follow, max-snippet:-1, max-image-preview:large, max-video-preview:-1\" \/>\n<link rel=\"canonical\" href=\"https:\/\/ironsky.pl\/sklep\/produkt\/oswietlenie-dji-zenmuse-s1-dla-matrice-350-rtk-2\/\" \/>\n<meta property=\"og:locale\" content=\"pl_PL\" \/>\n<meta property=\"og:type\" content=\"article\" \/>\n<meta property=\"og:title\" content=\"O\u015bwietlenie DJI Zenmuse S1 dla Matrice 350 RTK - IRONSKY.PL Sklep z Dronami\" \/>\n<meta property=\"og:description\" content=\"O\u015bwietlenie DJI Zenmuse S1 dla Matrice 350 RTK - \u2705 sklep z dronami i fachowym doradztwem. \u2705 Tutaj kupisz produkty DJI, Yuneec, Parrot, Syma i wiele innych, a tak\u017ce kursy i licencje na operatora drona.\" \/>\n<meta property=\"og:url\" content=\"https:\/\/ironsky.pl\/sklep\/produkt\/oswietlenie-dji-zenmuse-s1-dla-matrice-350-rtk-2\/\" \/>\n<meta property=\"og:site_name\" content=\"IRONSKY.PL Sklep z Dronami\" \/>\n<meta property=\"article:modified_time\" content=\"2026-04-15T09:01:20+00:00\" \/>\n<meta property=\"og:image\" content=\"https:\/\/ironsky.pl\/sklep\/wp-content\/uploads\/2025\/05\/52061_1.jpg\" \/>\n\t<meta property=\"og:image:width\" content=\"800\" \/>\n\t<meta property=\"og:image:height\" content=\"800\" \/>\n\t<meta property=\"og:image:type\" content=\"image\/jpeg\" \/>\n<meta name=\"twitter:card\" content=\"summary_large_image\" \/>\n<meta name=\"twitter:label1\" content=\"Szacowany czas czytania\" \/>\n\t<meta name=\"twitter:data1\" content=\"6 minut\" \/>\n<script type=\"application\/ld+json\" class=\"yoast-schema-graph\">{\"@context\":\"https:\/\/schema.org\",\"@graph\":[{\"@type\":\"WebPage\",\"@id\":\"https:\/\/ironsky.pl\/sklep\/produkt\/oswietlenie-dji-zenmuse-s1-dla-matrice-350-rtk-2\/\",\"url\":\"https:\/\/ironsky.pl\/sklep\/produkt\/oswietlenie-dji-zenmuse-s1-dla-matrice-350-rtk-2\/\",\"name\":\"O\u015bwietlenie DJI Zenmuse S1 dla Matrice 350 RTK - IRONSKY.PL Sklep z Dronami\",\"isPartOf\":{\"@id\":\"https:\/\/ironsky.pl\/sklep\/#website\"},\"primaryImageOfPage\":{\"@id\":\"https:\/\/ironsky.pl\/sklep\/produkt\/oswietlenie-dji-zenmuse-s1-dla-matrice-350-rtk-2\/#primaryimage\"},\"image\":{\"@id\":\"https:\/\/ironsky.pl\/sklep\/produkt\/oswietlenie-dji-zenmuse-s1-dla-matrice-350-rtk-2\/#primaryimage\"},\"thumbnailUrl\":\"https:\/\/ironsky.pl\/sklep\/wp-content\/uploads\/2025\/05\/52061_1.jpg\",\"datePublished\":\"2026-04-15T09:01:14+00:00\",\"dateModified\":\"2026-04-15T09:01:20+00:00\",\"description\":\"O\u015bwietlenie DJI Zenmuse S1 dla Matrice 350 RTK - \u2705 sklep z dronami i fachowym doradztwem. \u2705 Tutaj kupisz produkty DJI, Yuneec, Parrot, Syma i wiele innych, a tak\u017ce kursy i licencje na operatora drona.\",\"breadcrumb\":{\"@id\":\"https:\/\/ironsky.pl\/sklep\/produkt\/oswietlenie-dji-zenmuse-s1-dla-matrice-350-rtk-2\/#breadcrumb\"},\"inLanguage\":\"pl-PL\",\"potentialAction\":[{\"@type\":\"ReadAction\",\"target\":[\"https:\/\/ironsky.pl\/sklep\/produkt\/oswietlenie-dji-zenmuse-s1-dla-matrice-350-rtk-2\/\"]}]},{\"@type\":\"ImageObject\",\"inLanguage\":\"pl-PL\",\"@id\":\"https:\/\/ironsky.pl\/sklep\/produkt\/oswietlenie-dji-zenmuse-s1-dla-matrice-350-rtk-2\/#primaryimage\",\"url\":\"https:\/\/ironsky.pl\/sklep\/wp-content\/uploads\/2025\/05\/52061_1.jpg\",\"contentUrl\":\"https:\/\/ironsky.pl\/sklep\/wp-content\/uploads\/2025\/05\/52061_1.jpg\",\"width\":800,\"height\":800},{\"@type\":\"BreadcrumbList\",\"@id\":\"https:\/\/ironsky.pl\/sklep\/produkt\/oswietlenie-dji-zenmuse-s1-dla-matrice-350-rtk-2\/#breadcrumb\",\"itemListElement\":[{\"@type\":\"ListItem\",\"position\":1,\"name\":\"Strona g\u0142\u00f3wna\",\"item\":\"https:\/\/ironsky.pl\/sklep\/\"},{\"@type\":\"ListItem\",\"position\":2,\"name\":\"Wszystkie produkty\",\"item\":\"https:\/\/ironsky.pl\/sklep\/produkty\/\"},{\"@type\":\"ListItem\",\"position\":3,\"name\":\"O\u015bwietlenie DJI Zenmuse S1 dla Matrice 350 RTK\"}]},{\"@type\":\"WebSite\",\"@id\":\"https:\/\/ironsky.pl\/sklep\/#website\",\"url\":\"https:\/\/ironsky.pl\/sklep\/\",\"name\":\"IRONSKY.PL Sklep z Dronami\",\"description\":\"IRONSKY.PL Sklep z Dronami\",\"potentialAction\":[{\"@type\":\"SearchAction\",\"target\":{\"@type\":\"EntryPoint\",\"urlTemplate\":\"https:\/\/ironsky.pl\/sklep\/?s={search_term_string}\"},\"query-input\":{\"@type\":\"PropertyValueSpecification\",\"valueRequired\":true,\"valueName\":\"search_term_string\"}}],\"inLanguage\":\"pl-PL\"}]}<\/script>\n<!-- \/ Yoast SEO plugin. -->","yoast_head_json":{"title":"O\u015bwietlenie DJI Zenmuse S1 dla Matrice 350 RTK - IRONSKY.PL Sklep z Dronami","description":"O\u015bwietlenie DJI Zenmuse S1 dla Matrice 350 RTK - \u2705 sklep z dronami i fachowym doradztwem. \u2705 Tutaj kupisz produkty DJI, Yuneec, Parrot, Syma i wiele innych, a tak\u017ce kursy i licencje na operatora drona.","robots":{"index":"index","follow":"follow","max-snippet":"max-snippet:-1","max-image-preview":"max-image-preview:large","max-video-preview":"max-video-preview:-1"},"canonical":"https:\/\/ironsky.pl\/sklep\/produkt\/oswietlenie-dji-zenmuse-s1-dla-matrice-350-rtk-2\/","og_locale":"pl_PL","og_type":"article","og_title":"O\u015bwietlenie DJI Zenmuse S1 dla Matrice 350 RTK - IRONSKY.PL Sklep z Dronami","og_description":"O\u015bwietlenie DJI Zenmuse S1 dla Matrice 350 RTK - \u2705 sklep z dronami i fachowym doradztwem. \u2705 Tutaj kupisz produkty DJI, Yuneec, Parrot, Syma i wiele innych, a tak\u017ce kursy i licencje na operatora drona.","og_url":"https:\/\/ironsky.pl\/sklep\/produkt\/oswietlenie-dji-zenmuse-s1-dla-matrice-350-rtk-2\/","og_site_name":"IRONSKY.PL Sklep z Dronami","article_modified_time":"2026-04-15T09:01:20+00:00","og_image":[{"width":800,"height":800,"url":"https:\/\/ironsky.pl\/sklep\/wp-content\/uploads\/2025\/05\/52061_1.jpg","type":"image\/jpeg"}],"twitter_card":"summary_large_image","twitter_misc":{"Szacowany czas czytania":"6 minut"},"schema":{"@context":"https:\/\/schema.org","@graph":[{"@type":"WebPage","@id":"https:\/\/ironsky.pl\/sklep\/produkt\/oswietlenie-dji-zenmuse-s1-dla-matrice-350-rtk-2\/","url":"https:\/\/ironsky.pl\/sklep\/produkt\/oswietlenie-dji-zenmuse-s1-dla-matrice-350-rtk-2\/","name":"O\u015bwietlenie DJI Zenmuse S1 dla Matrice 350 RTK - IRONSKY.PL Sklep z Dronami","isPartOf":{"@id":"https:\/\/ironsky.pl\/sklep\/#website"},"primaryImageOfPage":{"@id":"https:\/\/ironsky.pl\/sklep\/produkt\/oswietlenie-dji-zenmuse-s1-dla-matrice-350-rtk-2\/#primaryimage"},"image":{"@id":"https:\/\/ironsky.pl\/sklep\/produkt\/oswietlenie-dji-zenmuse-s1-dla-matrice-350-rtk-2\/#primaryimage"},"thumbnailUrl":"https:\/\/ironsky.pl\/sklep\/wp-content\/uploads\/2025\/05\/52061_1.jpg","datePublished":"2026-04-15T09:01:14+00:00","dateModified":"2026-04-15T09:01:20+00:00","description":"O\u015bwietlenie DJI Zenmuse S1 dla Matrice 350 RTK - \u2705 sklep z dronami i fachowym doradztwem. \u2705 Tutaj kupisz produkty DJI, Yuneec, Parrot, Syma i wiele innych, a tak\u017ce kursy i licencje na operatora drona.","breadcrumb":{"@id":"https:\/\/ironsky.pl\/sklep\/produkt\/oswietlenie-dji-zenmuse-s1-dla-matrice-350-rtk-2\/#breadcrumb"},"inLanguage":"pl-PL","potentialAction":[{"@type":"ReadAction","target":["https:\/\/ironsky.pl\/sklep\/produkt\/oswietlenie-dji-zenmuse-s1-dla-matrice-350-rtk-2\/"]}]},{"@type":"ImageObject","inLanguage":"pl-PL","@id":"https:\/\/ironsky.pl\/sklep\/produkt\/oswietlenie-dji-zenmuse-s1-dla-matrice-350-rtk-2\/#primaryimage","url":"https:\/\/ironsky.pl\/sklep\/wp-content\/uploads\/2025\/05\/52061_1.jpg","contentUrl":"https:\/\/ironsky.pl\/sklep\/wp-content\/uploads\/2025\/05\/52061_1.jpg","width":800,"height":800},{"@type":"BreadcrumbList","@id":"https:\/\/ironsky.pl\/sklep\/produkt\/oswietlenie-dji-zenmuse-s1-dla-matrice-350-rtk-2\/#breadcrumb","itemListElement":[{"@type":"ListItem","position":1,"name":"Strona g\u0142\u00f3wna","item":"https:\/\/ironsky.pl\/sklep\/"},{"@type":"ListItem","position":2,"name":"Wszystkie produkty","item":"https:\/\/ironsky.pl\/sklep\/produkty\/"},{"@type":"ListItem","position":3,"name":"O\u015bwietlenie DJI Zenmuse S1 dla Matrice 350 RTK"}]},{"@type":"WebSite","@id":"https:\/\/ironsky.pl\/sklep\/#website","url":"https:\/\/ironsky.pl\/sklep\/","name":"IRONSKY.PL Sklep z Dronami","description":"IRONSKY.PL Sklep z Dronami","potentialAction":[{"@type":"SearchAction","target":{"@type":"EntryPoint","urlTemplate":"https:\/\/ironsky.pl\/sklep\/?s={search_term_string}"},"query-input":{"@type":"PropertyValueSpecification","valueRequired":true,"valueName":"search_term_string"}}],"inLanguage":"pl-PL"}]}},"_links":{"self":[{"href":"https:\/\/ironsky.pl\/sklep\/wp-json\/wp\/v2\/product\/60389","targetHints":{"allow":["GET"]}}],"collection":[{"href":"https:\/\/ironsky.pl\/sklep\/wp-json\/wp\/v2\/product"}],"about":[{"href":"https:\/\/ironsky.pl\/sklep\/wp-json\/wp\/v2\/types\/product"}],"replies":[{"embeddable":true,"href":"https:\/\/ironsky.pl\/sklep\/wp-json\/wp\/v2\/comments?post=60389"}],"wp:featuredmedia":[{"embeddable":true,"href":"https:\/\/ironsky.pl\/sklep\/wp-json\/wp\/v2\/media\/40376"}],"wp:attachment":[{"href":"https:\/\/ironsky.pl\/sklep\/wp-json\/wp\/v2\/media?parent=60389"}],"wp:term":[{"taxonomy":"product_brand","embeddable":true,"href":"https:\/\/ironsky.pl\/sklep\/wp-json\/wp\/v2\/product_brand?post=60389"},{"taxonomy":"product_cat","embeddable":true,"href":"https:\/\/ironsky.pl\/sklep\/wp-json\/wp\/v2\/product_cat?post=60389"},{"taxonomy":"product_tag","embeddable":true,"href":"https:\/\/ironsky.pl\/sklep\/wp-json\/wp\/v2\/product_tag?post=60389"}],"curies":[{"name":"wp","href":"https:\/\/api.w.org\/{rel}","templated":true}]}}