{"id":60379,"date":"2026-04-15T11:00:41","date_gmt":"2026-04-15T09:00:41","guid":{"rendered":"https:\/\/ironsky.pl\/sklep\/produkt\/adapter-zasilania-240w-dji-matrice-4d-series-2\/"},"modified":"2026-04-15T11:01:10","modified_gmt":"2026-04-15T09:01:10","slug":"adapter-zasilania-240w-dji-matrice-4d-series-2","status":"publish","type":"product","link":"https:\/\/ironsky.pl\/sklep\/produkt\/adapter-zasilania-240w-dji-matrice-4d-series-2\/","title":{"rendered":"Adapter zasilania 240W DJI Matrice 4D series"},"content":{"rendered":"<div style=\"display: flex; flex-direction: column;\" class=\"iai-section-b518b711-327c-49dd-a6df-803f52333dbe-description-wrapper\">\n<div class=\"iai-section-b518b711-327c-49dd-a6df-803f52333dbe iai-section-b518b711-327c-49dd-a6df-803f52333dbe-html\">\n<h3>Adapter zasilania 240W DJI Matrice 4D series<\/h3>\n<p>Adapter zasilania DJI 240W zapewnia szybkie i wydajne \u0142adowanie, gdy jest u\u017cywany z hubem \u0142aduj\u0105cym. Posiada jedno wyj\u015bcie SDC i jedno wyj\u015bcie USB-C, odpowiednie do \u0142adowania kompatybilnych hub\u00f3w \u0142aduj\u0105cych, aparatur steruj\u0105cych lub innych urz\u0105dze\u0144 mobilnych, kt\u00f3re mo\u017cna \u0142adowa\u0107 przez port USB-C.<\/p>\n<h3>W zestawie<\/h3>\n<ul>\n<li>Adapter zasilania 240W DJI Matrice 4D series x 1<\/li>\n<li>Kabel USB-C x 1<\/li>\n<li>Kabel zasilania x 1<\/li>\n<\/ul>\n<div class=\"table-wrapper\">\n<table>\n<tbody>\n<tr>\n<th>Model<\/th>\n<td>CDX230-240<\/td>\n<\/tr>\n<tr>\n<th>Moc wyj\u015bciowa<\/th>\n<td>Max 240 W (ca\u0142kowita), Max 65 W (USB-C)<\/td>\n<\/tr>\n<tr>\n<th>Napi\u0119cie wej\u015bciowe<\/th>\n<td>100-240 V (AC), 50-60 Hz, max 3 A<\/td>\n<\/tr>\n<tr>\n<th>Kompatybilno\u015b\u0107 Hub\u00f3w \u0142adowania<\/th>\n<td><!--StartFragment--><a href=\"https:\/\/b2b.innpro.pl\/product-pol-51063-Hub-ladowania-akumulatorow-DJI-Matrice-4D-240W.html\" target=\"_blank\" rel=\"noopener\">Hub \u0142adowania akumulator\u00f3w DJI Matrice 4D 240W <\/a><!--EndFragment--> <br \/>\n<!--StartFragment--><a href=\"https:\/\/b2b.innpro.pl\/product-pol-56001--Hub-ladowania-akumulatorow-DJI-Matrice-4-200W.html\" target=\"_blank\" rel=\"noopener\">Hub \u0142adowania akumulator\u00f3w DJI Matrice 4 200W<\/a><!--EndFragment--><\/td>\n<\/tr>\n<tr>\n<th>Czas \u0142adowania akumulator\u00f3w<\/th>\n<td>Akumulator DJI Matrice 4D Series: \u0142adowanie jednego akumulatora od 15% do 90% zajmuje tylko 30 minut.<br \/>* W przypadku jednoczesnego u\u017cycia obu port\u00f3w \u0142adowania maksymalna moc wyj\u015bciowa portu USB-C wynosi 45 W. Czas \u0142adowania mo\u017ce si\u0119 nieznacznie wyd\u0142u\u017cy\u0107.<\/td>\n<\/tr>\n<tr>\n<th>Temperatura \u0142adowania<\/th>\n<td>5\u00b0 do 35\u00b0 C<\/td>\n<\/tr>\n<\/tbody>\n<\/table>\n<\/div>\n<\/div>\n<\/div>\n","protected":false},"excerpt":{"rendered":"<p>Adapter zasilania 240W DJI Matrice 4D series Adapter zasilania DJI 240W zapewnia szybkie i wydajne \u0142adowanie, gdy jest u\u017cywany z<\/p>\n","protected":false},"featured_media":40358,"comment_status":"closed","ping_status":"open","template":"","meta":{"_acf_changed":false},"product_brand":[],"product_cat":[6169,1088,1105],"product_tag":[],"class_list":{"0":"post-60379","1":"product","2":"type-product","3":"status-publish","4":"has-post-thumbnail","6":"product_cat-akcesoria-i-czesci","7":"product_cat-drony","8":"product_cat-przemyslowe","9":"pa_okres-gwarancji-5757","10":"pa_producent-dji-enterprise","12":"first","13":"outofstock","14":"taxable","15":"shipping-taxable","16":"purchasable","17":"product-type-simple"},"acf":[],"yoast_head":"<!-- This site is optimized with the Yoast SEO plugin v27.2 - https:\/\/yoast.com\/product\/yoast-seo-wordpress\/ -->\n<title>Adapter zasilania 240W DJI Matrice 4D series - IRONSKY.PL Sklep z Dronami<\/title>\n<meta name=\"description\" content=\"Adapter zasilania 240W DJI Matrice 4D series - \u2705 sklep z dronami i fachowym doradztwem. \u2705 Tutaj kupisz produkty DJI, Yuneec, Parrot, Syma i wiele innych, a tak\u017ce kursy i licencje na operatora drona.\" \/>\n<meta name=\"robots\" content=\"index, follow, max-snippet:-1, max-image-preview:large, max-video-preview:-1\" \/>\n<link rel=\"canonical\" href=\"https:\/\/ironsky.pl\/sklep\/produkt\/adapter-zasilania-240w-dji-matrice-4d-series-2\/\" \/>\n<meta property=\"og:locale\" content=\"pl_PL\" \/>\n<meta property=\"og:type\" content=\"article\" \/>\n<meta property=\"og:title\" content=\"Adapter zasilania 240W DJI Matrice 4D series - IRONSKY.PL Sklep z Dronami\" \/>\n<meta property=\"og:description\" content=\"Adapter zasilania 240W DJI Matrice 4D series - \u2705 sklep z dronami i fachowym doradztwem. \u2705 Tutaj kupisz produkty DJI, Yuneec, Parrot, Syma i wiele innych, a tak\u017ce kursy i licencje na operatora drona.\" \/>\n<meta property=\"og:url\" content=\"https:\/\/ironsky.pl\/sklep\/produkt\/adapter-zasilania-240w-dji-matrice-4d-series-2\/\" \/>\n<meta property=\"og:site_name\" content=\"IRONSKY.PL Sklep z Dronami\" \/>\n<meta property=\"article:modified_time\" content=\"2026-04-15T09:01:10+00:00\" \/>\n<meta property=\"og:image\" content=\"https:\/\/ironsky.pl\/sklep\/wp-content\/uploads\/2025\/05\/51870_2.webp\" \/>\n\t<meta property=\"og:image:width\" content=\"1200\" \/>\n\t<meta property=\"og:image:height\" content=\"900\" \/>\n\t<meta property=\"og:image:type\" content=\"image\/webp\" \/>\n<meta name=\"twitter:card\" content=\"summary_large_image\" \/>\n<meta name=\"twitter:label1\" content=\"Szacowany czas czytania\" \/>\n\t<meta name=\"twitter:data1\" content=\"1 minuta\" \/>\n<script type=\"application\/ld+json\" class=\"yoast-schema-graph\">{\"@context\":\"https:\/\/schema.org\",\"@graph\":[{\"@type\":\"WebPage\",\"@id\":\"https:\/\/ironsky.pl\/sklep\/produkt\/adapter-zasilania-240w-dji-matrice-4d-series-2\/\",\"url\":\"https:\/\/ironsky.pl\/sklep\/produkt\/adapter-zasilania-240w-dji-matrice-4d-series-2\/\",\"name\":\"Adapter zasilania 240W DJI Matrice 4D series - IRONSKY.PL Sklep z Dronami\",\"isPartOf\":{\"@id\":\"https:\/\/ironsky.pl\/sklep\/#website\"},\"primaryImageOfPage\":{\"@id\":\"https:\/\/ironsky.pl\/sklep\/produkt\/adapter-zasilania-240w-dji-matrice-4d-series-2\/#primaryimage\"},\"image\":{\"@id\":\"https:\/\/ironsky.pl\/sklep\/produkt\/adapter-zasilania-240w-dji-matrice-4d-series-2\/#primaryimage\"},\"thumbnailUrl\":\"https:\/\/ironsky.pl\/sklep\/wp-content\/uploads\/2025\/05\/51870_2.webp\",\"datePublished\":\"2026-04-15T09:00:41+00:00\",\"dateModified\":\"2026-04-15T09:01:10+00:00\",\"description\":\"Adapter zasilania 240W DJI Matrice 4D series - \u2705 sklep z dronami i fachowym doradztwem. \u2705 Tutaj kupisz produkty DJI, Yuneec, Parrot, Syma i wiele innych, a tak\u017ce kursy i licencje na operatora drona.\",\"breadcrumb\":{\"@id\":\"https:\/\/ironsky.pl\/sklep\/produkt\/adapter-zasilania-240w-dji-matrice-4d-series-2\/#breadcrumb\"},\"inLanguage\":\"pl-PL\",\"potentialAction\":[{\"@type\":\"ReadAction\",\"target\":[\"https:\/\/ironsky.pl\/sklep\/produkt\/adapter-zasilania-240w-dji-matrice-4d-series-2\/\"]}]},{\"@type\":\"ImageObject\",\"inLanguage\":\"pl-PL\",\"@id\":\"https:\/\/ironsky.pl\/sklep\/produkt\/adapter-zasilania-240w-dji-matrice-4d-series-2\/#primaryimage\",\"url\":\"https:\/\/ironsky.pl\/sklep\/wp-content\/uploads\/2025\/05\/51870_2.webp\",\"contentUrl\":\"https:\/\/ironsky.pl\/sklep\/wp-content\/uploads\/2025\/05\/51870_2.webp\",\"width\":1200,\"height\":900},{\"@type\":\"BreadcrumbList\",\"@id\":\"https:\/\/ironsky.pl\/sklep\/produkt\/adapter-zasilania-240w-dji-matrice-4d-series-2\/#breadcrumb\",\"itemListElement\":[{\"@type\":\"ListItem\",\"position\":1,\"name\":\"Strona g\u0142\u00f3wna\",\"item\":\"https:\/\/ironsky.pl\/sklep\/\"},{\"@type\":\"ListItem\",\"position\":2,\"name\":\"Wszystkie produkty\",\"item\":\"https:\/\/ironsky.pl\/sklep\/produkty\/\"},{\"@type\":\"ListItem\",\"position\":3,\"name\":\"Adapter zasilania 240W DJI Matrice 4D series\"}]},{\"@type\":\"WebSite\",\"@id\":\"https:\/\/ironsky.pl\/sklep\/#website\",\"url\":\"https:\/\/ironsky.pl\/sklep\/\",\"name\":\"IRONSKY.PL Sklep z Dronami\",\"description\":\"IRONSKY.PL Sklep z Dronami\",\"potentialAction\":[{\"@type\":\"SearchAction\",\"target\":{\"@type\":\"EntryPoint\",\"urlTemplate\":\"https:\/\/ironsky.pl\/sklep\/?s={search_term_string}\"},\"query-input\":{\"@type\":\"PropertyValueSpecification\",\"valueRequired\":true,\"valueName\":\"search_term_string\"}}],\"inLanguage\":\"pl-PL\"}]}<\/script>\n<!-- \/ Yoast SEO plugin. -->","yoast_head_json":{"title":"Adapter zasilania 240W DJI Matrice 4D series - IRONSKY.PL Sklep z Dronami","description":"Adapter zasilania 240W DJI Matrice 4D series - \u2705 sklep z dronami i fachowym doradztwem. \u2705 Tutaj kupisz produkty DJI, Yuneec, Parrot, Syma i wiele innych, a tak\u017ce kursy i licencje na operatora drona.","robots":{"index":"index","follow":"follow","max-snippet":"max-snippet:-1","max-image-preview":"max-image-preview:large","max-video-preview":"max-video-preview:-1"},"canonical":"https:\/\/ironsky.pl\/sklep\/produkt\/adapter-zasilania-240w-dji-matrice-4d-series-2\/","og_locale":"pl_PL","og_type":"article","og_title":"Adapter zasilania 240W DJI Matrice 4D series - IRONSKY.PL Sklep z Dronami","og_description":"Adapter zasilania 240W DJI Matrice 4D series - \u2705 sklep z dronami i fachowym doradztwem. \u2705 Tutaj kupisz produkty DJI, Yuneec, Parrot, Syma i wiele innych, a tak\u017ce kursy i licencje na operatora drona.","og_url":"https:\/\/ironsky.pl\/sklep\/produkt\/adapter-zasilania-240w-dji-matrice-4d-series-2\/","og_site_name":"IRONSKY.PL Sklep z Dronami","article_modified_time":"2026-04-15T09:01:10+00:00","og_image":[{"width":1200,"height":900,"url":"https:\/\/ironsky.pl\/sklep\/wp-content\/uploads\/2025\/05\/51870_2.webp","type":"image\/webp"}],"twitter_card":"summary_large_image","twitter_misc":{"Szacowany czas czytania":"1 minuta"},"schema":{"@context":"https:\/\/schema.org","@graph":[{"@type":"WebPage","@id":"https:\/\/ironsky.pl\/sklep\/produkt\/adapter-zasilania-240w-dji-matrice-4d-series-2\/","url":"https:\/\/ironsky.pl\/sklep\/produkt\/adapter-zasilania-240w-dji-matrice-4d-series-2\/","name":"Adapter zasilania 240W DJI Matrice 4D series - IRONSKY.PL Sklep z Dronami","isPartOf":{"@id":"https:\/\/ironsky.pl\/sklep\/#website"},"primaryImageOfPage":{"@id":"https:\/\/ironsky.pl\/sklep\/produkt\/adapter-zasilania-240w-dji-matrice-4d-series-2\/#primaryimage"},"image":{"@id":"https:\/\/ironsky.pl\/sklep\/produkt\/adapter-zasilania-240w-dji-matrice-4d-series-2\/#primaryimage"},"thumbnailUrl":"https:\/\/ironsky.pl\/sklep\/wp-content\/uploads\/2025\/05\/51870_2.webp","datePublished":"2026-04-15T09:00:41+00:00","dateModified":"2026-04-15T09:01:10+00:00","description":"Adapter zasilania 240W DJI Matrice 4D series - \u2705 sklep z dronami i fachowym doradztwem. \u2705 Tutaj kupisz produkty DJI, Yuneec, Parrot, Syma i wiele innych, a tak\u017ce kursy i licencje na operatora drona.","breadcrumb":{"@id":"https:\/\/ironsky.pl\/sklep\/produkt\/adapter-zasilania-240w-dji-matrice-4d-series-2\/#breadcrumb"},"inLanguage":"pl-PL","potentialAction":[{"@type":"ReadAction","target":["https:\/\/ironsky.pl\/sklep\/produkt\/adapter-zasilania-240w-dji-matrice-4d-series-2\/"]}]},{"@type":"ImageObject","inLanguage":"pl-PL","@id":"https:\/\/ironsky.pl\/sklep\/produkt\/adapter-zasilania-240w-dji-matrice-4d-series-2\/#primaryimage","url":"https:\/\/ironsky.pl\/sklep\/wp-content\/uploads\/2025\/05\/51870_2.webp","contentUrl":"https:\/\/ironsky.pl\/sklep\/wp-content\/uploads\/2025\/05\/51870_2.webp","width":1200,"height":900},{"@type":"BreadcrumbList","@id":"https:\/\/ironsky.pl\/sklep\/produkt\/adapter-zasilania-240w-dji-matrice-4d-series-2\/#breadcrumb","itemListElement":[{"@type":"ListItem","position":1,"name":"Strona g\u0142\u00f3wna","item":"https:\/\/ironsky.pl\/sklep\/"},{"@type":"ListItem","position":2,"name":"Wszystkie produkty","item":"https:\/\/ironsky.pl\/sklep\/produkty\/"},{"@type":"ListItem","position":3,"name":"Adapter zasilania 240W DJI Matrice 4D series"}]},{"@type":"WebSite","@id":"https:\/\/ironsky.pl\/sklep\/#website","url":"https:\/\/ironsky.pl\/sklep\/","name":"IRONSKY.PL Sklep z Dronami","description":"IRONSKY.PL Sklep z Dronami","potentialAction":[{"@type":"SearchAction","target":{"@type":"EntryPoint","urlTemplate":"https:\/\/ironsky.pl\/sklep\/?s={search_term_string}"},"query-input":{"@type":"PropertyValueSpecification","valueRequired":true,"valueName":"search_term_string"}}],"inLanguage":"pl-PL"}]}},"_links":{"self":[{"href":"https:\/\/ironsky.pl\/sklep\/wp-json\/wp\/v2\/product\/60379","targetHints":{"allow":["GET"]}}],"collection":[{"href":"https:\/\/ironsky.pl\/sklep\/wp-json\/wp\/v2\/product"}],"about":[{"href":"https:\/\/ironsky.pl\/sklep\/wp-json\/wp\/v2\/types\/product"}],"replies":[{"embeddable":true,"href":"https:\/\/ironsky.pl\/sklep\/wp-json\/wp\/v2\/comments?post=60379"}],"wp:featuredmedia":[{"embeddable":true,"href":"https:\/\/ironsky.pl\/sklep\/wp-json\/wp\/v2\/media\/40358"}],"wp:attachment":[{"href":"https:\/\/ironsky.pl\/sklep\/wp-json\/wp\/v2\/media?parent=60379"}],"wp:term":[{"taxonomy":"product_brand","embeddable":true,"href":"https:\/\/ironsky.pl\/sklep\/wp-json\/wp\/v2\/product_brand?post=60379"},{"taxonomy":"product_cat","embeddable":true,"href":"https:\/\/ironsky.pl\/sklep\/wp-json\/wp\/v2\/product_cat?post=60379"},{"taxonomy":"product_tag","embeddable":true,"href":"https:\/\/ironsky.pl\/sklep\/wp-json\/wp\/v2\/product_tag?post=60379"}],"curies":[{"name":"wp","href":"https:\/\/api.w.org\/{rel}","templated":true}]}}