{"id":60351,"date":"2026-04-15T11:00:41","date_gmt":"2026-04-15T09:00:41","guid":{"rendered":"https:\/\/ironsky.pl\/sklep\/produkt\/xgrids-pomiarowy-modul-rtk-lixel-l2-pro-2\/"},"modified":"2026-04-15T11:00:50","modified_gmt":"2026-04-15T09:00:50","slug":"xgrids-pomiarowy-modul-rtk-lixel-l2-pro-2","status":"publish","type":"product","link":"https:\/\/ironsky.pl\/sklep\/produkt\/xgrids-pomiarowy-modul-rtk-lixel-l2-pro-2\/","title":{"rendered":"XGRIDS Pomiarowy Modu\u0142 RTK Lixel L2 Pro"},"content":{"rendered":"<h3>Zestaw RTK klasy geodezyjnej do XGRIDS Lixel L2 Pro<\/h3>\n<p>Zestaw RTK klasy geodezyjnej, zaprojektowany z my\u015bl\u0105 o precyzyjnych pomiarach, wyra\u017anie poprawia dok\u0142adno\u015b\u0107 ustalania pozycji podczas skanowania w wymagaj\u0105cych warunkach, dzi\u0119ki powi\u0119kszonemu zasi\u0119gowi transmisji. Obs\u0142uga r\u00f3\u017cnorodnych system\u00f3w satelitarnych pozwala osi\u0105gn\u0105\u0107 precyzj\u0119 0,8 cm w poziomie oraz 1,5 cm w pionie, co gwarantuje wiarygodne pozyskiwanie danych w skomplikowanych warunkach.<\/p>\n<p>\n<img decoding=\"async\" src=\"https:\/\/assets.innpro.pl\/18412\/24494\/1.jpg\" border=\"0\" alt=\"Zestaw RTK klasy geodezyjnej do XGRIDS Lixel L2 Pro na szarym tle\" \/>\n<\/p>\n<h3>W zestawie<\/h3>\n<ul class=\"list-disc pl-5\">\n<li>Pomiarowy Modu\u0142 RTK do XGRIDS Lixel L2 Pro<\/li>\n<li>Mocowanie<\/li>\n<li>\u015aruby monta\u017cowe<\/li>\n<\/ul>\n<div class=\"table-wrapper\">\n<p>\u00a0<\/p>\n<h3><\/h3>\n<table>\n<tbody>\n<tr>\n<th>Producent<\/th>\n<td>XGRIDS<\/td>\n<\/tr>\n<tr>\n<th>Kod produktu<\/th>\n<td>CZ02020003<\/td>\n<\/tr>\n<tr>\n<th>Wspierane kana\u0142y <\/th>\n<td>GPS; L1\/L2\/L5 GLONASS L1\/L2 BDS; B1\/B2\/B3 Galileo; E1\/E5a\/E5b\/E6b<\/td>\n<\/tr>\n<tr>\n<th>Dok\u0142adno\u015b\u0107 Horyzontalna <\/th>\n<td>0.8 cm+1 ppm<\/td>\n<\/tr>\n<tr>\n<th>Dok\u0142adno\u015b\u0107 wertykalna  <\/th>\n<td>1.5 cm+1 ppm<\/td>\n<\/tr>\n<\/tbody>\n<\/table>\n<\/div>\n","protected":false},"excerpt":{"rendered":"<p>Zestaw RTK klasy geodezyjnej do XGRIDS Lixel L2 Pro Zestaw RTK klasy geodezyjnej, zaprojektowany z my\u015bl\u0105 o precyzyjnych pomiarach, wyra\u017anie<\/p>\n","protected":false},"featured_media":60352,"comment_status":"closed","ping_status":"open","template":"","meta":{"_acf_changed":false},"product_brand":[],"product_cat":[6234,6217],"product_tag":[],"class_list":{"0":"post-60351","1":"product","2":"type-product","3":"status-publish","4":"has-post-thumbnail","6":"product_cat-skanery-reczne-3d-slam","7":"product_cat-technologie-kreatywne","8":"pa_brak-5770","9":"pa_producent-xgrids","11":"first","12":"outofstock","13":"taxable","14":"shipping-taxable","15":"purchasable","16":"product-type-simple"},"acf":[],"yoast_head":"<!-- This site is optimized with the Yoast SEO plugin v27.2 - https:\/\/yoast.com\/product\/yoast-seo-wordpress\/ -->\n<title>XGRIDS Pomiarowy Modu\u0142 RTK Lixel L2 Pro - IRONSKY.PL Sklep z Dronami<\/title>\n<meta name=\"description\" content=\"XGRIDS Pomiarowy Modu\u0142 RTK Lixel L2 Pro - \u2705 sklep z dronami i fachowym doradztwem. \u2705 Tutaj kupisz produkty DJI, Yuneec, Parrot, Syma i wiele innych, a tak\u017ce kursy i licencje na operatora drona.\" \/>\n<meta name=\"robots\" content=\"index, follow, max-snippet:-1, max-image-preview:large, max-video-preview:-1\" \/>\n<link rel=\"canonical\" href=\"https:\/\/ironsky.pl\/sklep\/produkt\/xgrids-pomiarowy-modul-rtk-lixel-l2-pro-2\/\" \/>\n<meta property=\"og:locale\" content=\"pl_PL\" \/>\n<meta property=\"og:type\" content=\"article\" \/>\n<meta property=\"og:title\" content=\"XGRIDS Pomiarowy Modu\u0142 RTK Lixel L2 Pro - IRONSKY.PL Sklep z Dronami\" \/>\n<meta property=\"og:description\" content=\"XGRIDS Pomiarowy Modu\u0142 RTK Lixel L2 Pro - \u2705 sklep z dronami i fachowym doradztwem. \u2705 Tutaj kupisz produkty DJI, Yuneec, Parrot, Syma i wiele innych, a tak\u017ce kursy i licencje na operatora drona.\" \/>\n<meta property=\"og:url\" content=\"https:\/\/ironsky.pl\/sklep\/produkt\/xgrids-pomiarowy-modul-rtk-lixel-l2-pro-2\/\" \/>\n<meta property=\"og:site_name\" content=\"IRONSKY.PL Sklep z Dronami\" \/>\n<meta property=\"article:modified_time\" content=\"2026-04-15T09:00:50+00:00\" \/>\n<meta property=\"og:image\" content=\"https:\/\/ironsky.pl\/sklep\/wp-content\/uploads\/2026\/04\/51833_1.jpg\" \/>\n\t<meta property=\"og:image:width\" content=\"800\" \/>\n\t<meta property=\"og:image:height\" content=\"800\" \/>\n\t<meta property=\"og:image:type\" content=\"image\/jpeg\" \/>\n<meta name=\"twitter:card\" content=\"summary_large_image\" \/>\n<meta name=\"twitter:label1\" content=\"Szacowany czas czytania\" \/>\n\t<meta name=\"twitter:data1\" content=\"1 minuta\" \/>\n<script type=\"application\/ld+json\" class=\"yoast-schema-graph\">{\"@context\":\"https:\/\/schema.org\",\"@graph\":[{\"@type\":\"WebPage\",\"@id\":\"https:\/\/ironsky.pl\/sklep\/produkt\/xgrids-pomiarowy-modul-rtk-lixel-l2-pro-2\/\",\"url\":\"https:\/\/ironsky.pl\/sklep\/produkt\/xgrids-pomiarowy-modul-rtk-lixel-l2-pro-2\/\",\"name\":\"XGRIDS Pomiarowy Modu\u0142 RTK Lixel L2 Pro - IRONSKY.PL Sklep z Dronami\",\"isPartOf\":{\"@id\":\"https:\/\/ironsky.pl\/sklep\/#website\"},\"primaryImageOfPage\":{\"@id\":\"https:\/\/ironsky.pl\/sklep\/produkt\/xgrids-pomiarowy-modul-rtk-lixel-l2-pro-2\/#primaryimage\"},\"image\":{\"@id\":\"https:\/\/ironsky.pl\/sklep\/produkt\/xgrids-pomiarowy-modul-rtk-lixel-l2-pro-2\/#primaryimage\"},\"thumbnailUrl\":\"https:\/\/ironsky.pl\/sklep\/wp-content\/uploads\/2026\/04\/51833_1.jpg\",\"datePublished\":\"2026-04-15T09:00:41+00:00\",\"dateModified\":\"2026-04-15T09:00:50+00:00\",\"description\":\"XGRIDS Pomiarowy Modu\u0142 RTK Lixel L2 Pro - \u2705 sklep z dronami i fachowym doradztwem. \u2705 Tutaj kupisz produkty DJI, Yuneec, Parrot, Syma i wiele innych, a tak\u017ce kursy i licencje na operatora drona.\",\"breadcrumb\":{\"@id\":\"https:\/\/ironsky.pl\/sklep\/produkt\/xgrids-pomiarowy-modul-rtk-lixel-l2-pro-2\/#breadcrumb\"},\"inLanguage\":\"pl-PL\",\"potentialAction\":[{\"@type\":\"ReadAction\",\"target\":[\"https:\/\/ironsky.pl\/sklep\/produkt\/xgrids-pomiarowy-modul-rtk-lixel-l2-pro-2\/\"]}]},{\"@type\":\"ImageObject\",\"inLanguage\":\"pl-PL\",\"@id\":\"https:\/\/ironsky.pl\/sklep\/produkt\/xgrids-pomiarowy-modul-rtk-lixel-l2-pro-2\/#primaryimage\",\"url\":\"https:\/\/ironsky.pl\/sklep\/wp-content\/uploads\/2026\/04\/51833_1.jpg\",\"contentUrl\":\"https:\/\/ironsky.pl\/sklep\/wp-content\/uploads\/2026\/04\/51833_1.jpg\",\"width\":800,\"height\":800},{\"@type\":\"BreadcrumbList\",\"@id\":\"https:\/\/ironsky.pl\/sklep\/produkt\/xgrids-pomiarowy-modul-rtk-lixel-l2-pro-2\/#breadcrumb\",\"itemListElement\":[{\"@type\":\"ListItem\",\"position\":1,\"name\":\"Strona g\u0142\u00f3wna\",\"item\":\"https:\/\/ironsky.pl\/sklep\/\"},{\"@type\":\"ListItem\",\"position\":2,\"name\":\"Wszystkie produkty\",\"item\":\"https:\/\/ironsky.pl\/sklep\/produkty\/\"},{\"@type\":\"ListItem\",\"position\":3,\"name\":\"XGRIDS Pomiarowy Modu\u0142 RTK Lixel L2 Pro\"}]},{\"@type\":\"WebSite\",\"@id\":\"https:\/\/ironsky.pl\/sklep\/#website\",\"url\":\"https:\/\/ironsky.pl\/sklep\/\",\"name\":\"IRONSKY.PL Sklep z Dronami\",\"description\":\"IRONSKY.PL Sklep z Dronami\",\"potentialAction\":[{\"@type\":\"SearchAction\",\"target\":{\"@type\":\"EntryPoint\",\"urlTemplate\":\"https:\/\/ironsky.pl\/sklep\/?s={search_term_string}\"},\"query-input\":{\"@type\":\"PropertyValueSpecification\",\"valueRequired\":true,\"valueName\":\"search_term_string\"}}],\"inLanguage\":\"pl-PL\"}]}<\/script>\n<!-- \/ Yoast SEO plugin. -->","yoast_head_json":{"title":"XGRIDS Pomiarowy Modu\u0142 RTK Lixel L2 Pro - IRONSKY.PL Sklep z Dronami","description":"XGRIDS Pomiarowy Modu\u0142 RTK Lixel L2 Pro - \u2705 sklep z dronami i fachowym doradztwem. \u2705 Tutaj kupisz produkty DJI, Yuneec, Parrot, Syma i wiele innych, a tak\u017ce kursy i licencje na operatora drona.","robots":{"index":"index","follow":"follow","max-snippet":"max-snippet:-1","max-image-preview":"max-image-preview:large","max-video-preview":"max-video-preview:-1"},"canonical":"https:\/\/ironsky.pl\/sklep\/produkt\/xgrids-pomiarowy-modul-rtk-lixel-l2-pro-2\/","og_locale":"pl_PL","og_type":"article","og_title":"XGRIDS Pomiarowy Modu\u0142 RTK Lixel L2 Pro - IRONSKY.PL Sklep z Dronami","og_description":"XGRIDS Pomiarowy Modu\u0142 RTK Lixel L2 Pro - \u2705 sklep z dronami i fachowym doradztwem. \u2705 Tutaj kupisz produkty DJI, Yuneec, Parrot, Syma i wiele innych, a tak\u017ce kursy i licencje na operatora drona.","og_url":"https:\/\/ironsky.pl\/sklep\/produkt\/xgrids-pomiarowy-modul-rtk-lixel-l2-pro-2\/","og_site_name":"IRONSKY.PL Sklep z Dronami","article_modified_time":"2026-04-15T09:00:50+00:00","og_image":[{"width":800,"height":800,"url":"https:\/\/ironsky.pl\/sklep\/wp-content\/uploads\/2026\/04\/51833_1.jpg","type":"image\/jpeg"}],"twitter_card":"summary_large_image","twitter_misc":{"Szacowany czas czytania":"1 minuta"},"schema":{"@context":"https:\/\/schema.org","@graph":[{"@type":"WebPage","@id":"https:\/\/ironsky.pl\/sklep\/produkt\/xgrids-pomiarowy-modul-rtk-lixel-l2-pro-2\/","url":"https:\/\/ironsky.pl\/sklep\/produkt\/xgrids-pomiarowy-modul-rtk-lixel-l2-pro-2\/","name":"XGRIDS Pomiarowy Modu\u0142 RTK Lixel L2 Pro - IRONSKY.PL Sklep z Dronami","isPartOf":{"@id":"https:\/\/ironsky.pl\/sklep\/#website"},"primaryImageOfPage":{"@id":"https:\/\/ironsky.pl\/sklep\/produkt\/xgrids-pomiarowy-modul-rtk-lixel-l2-pro-2\/#primaryimage"},"image":{"@id":"https:\/\/ironsky.pl\/sklep\/produkt\/xgrids-pomiarowy-modul-rtk-lixel-l2-pro-2\/#primaryimage"},"thumbnailUrl":"https:\/\/ironsky.pl\/sklep\/wp-content\/uploads\/2026\/04\/51833_1.jpg","datePublished":"2026-04-15T09:00:41+00:00","dateModified":"2026-04-15T09:00:50+00:00","description":"XGRIDS Pomiarowy Modu\u0142 RTK Lixel L2 Pro - \u2705 sklep z dronami i fachowym doradztwem. \u2705 Tutaj kupisz produkty DJI, Yuneec, Parrot, Syma i wiele innych, a tak\u017ce kursy i licencje na operatora drona.","breadcrumb":{"@id":"https:\/\/ironsky.pl\/sklep\/produkt\/xgrids-pomiarowy-modul-rtk-lixel-l2-pro-2\/#breadcrumb"},"inLanguage":"pl-PL","potentialAction":[{"@type":"ReadAction","target":["https:\/\/ironsky.pl\/sklep\/produkt\/xgrids-pomiarowy-modul-rtk-lixel-l2-pro-2\/"]}]},{"@type":"ImageObject","inLanguage":"pl-PL","@id":"https:\/\/ironsky.pl\/sklep\/produkt\/xgrids-pomiarowy-modul-rtk-lixel-l2-pro-2\/#primaryimage","url":"https:\/\/ironsky.pl\/sklep\/wp-content\/uploads\/2026\/04\/51833_1.jpg","contentUrl":"https:\/\/ironsky.pl\/sklep\/wp-content\/uploads\/2026\/04\/51833_1.jpg","width":800,"height":800},{"@type":"BreadcrumbList","@id":"https:\/\/ironsky.pl\/sklep\/produkt\/xgrids-pomiarowy-modul-rtk-lixel-l2-pro-2\/#breadcrumb","itemListElement":[{"@type":"ListItem","position":1,"name":"Strona g\u0142\u00f3wna","item":"https:\/\/ironsky.pl\/sklep\/"},{"@type":"ListItem","position":2,"name":"Wszystkie produkty","item":"https:\/\/ironsky.pl\/sklep\/produkty\/"},{"@type":"ListItem","position":3,"name":"XGRIDS Pomiarowy Modu\u0142 RTK Lixel L2 Pro"}]},{"@type":"WebSite","@id":"https:\/\/ironsky.pl\/sklep\/#website","url":"https:\/\/ironsky.pl\/sklep\/","name":"IRONSKY.PL Sklep z Dronami","description":"IRONSKY.PL Sklep z Dronami","potentialAction":[{"@type":"SearchAction","target":{"@type":"EntryPoint","urlTemplate":"https:\/\/ironsky.pl\/sklep\/?s={search_term_string}"},"query-input":{"@type":"PropertyValueSpecification","valueRequired":true,"valueName":"search_term_string"}}],"inLanguage":"pl-PL"}]}},"_links":{"self":[{"href":"https:\/\/ironsky.pl\/sklep\/wp-json\/wp\/v2\/product\/60351","targetHints":{"allow":["GET"]}}],"collection":[{"href":"https:\/\/ironsky.pl\/sklep\/wp-json\/wp\/v2\/product"}],"about":[{"href":"https:\/\/ironsky.pl\/sklep\/wp-json\/wp\/v2\/types\/product"}],"replies":[{"embeddable":true,"href":"https:\/\/ironsky.pl\/sklep\/wp-json\/wp\/v2\/comments?post=60351"}],"wp:featuredmedia":[{"embeddable":true,"href":"https:\/\/ironsky.pl\/sklep\/wp-json\/wp\/v2\/media\/60352"}],"wp:attachment":[{"href":"https:\/\/ironsky.pl\/sklep\/wp-json\/wp\/v2\/media?parent=60351"}],"wp:term":[{"taxonomy":"product_brand","embeddable":true,"href":"https:\/\/ironsky.pl\/sklep\/wp-json\/wp\/v2\/product_brand?post=60351"},{"taxonomy":"product_cat","embeddable":true,"href":"https:\/\/ironsky.pl\/sklep\/wp-json\/wp\/v2\/product_cat?post=60351"},{"taxonomy":"product_tag","embeddable":true,"href":"https:\/\/ironsky.pl\/sklep\/wp-json\/wp\/v2\/product_tag?post=60351"}],"curies":[{"name":"wp","href":"https:\/\/api.w.org\/{rel}","templated":true}]}}