{"id":60345,"date":"2026-04-15T11:00:41","date_gmt":"2026-04-15T09:00:41","guid":{"rendered":"https:\/\/ironsky.pl\/sklep\/produkt\/xgrids-lixel-l2-pro-32-300-2\/"},"modified":"2026-04-15T11:00:46","modified_gmt":"2026-04-15T09:00:46","slug":"xgrids-lixel-l2-pro-32-300-2","status":"publish","type":"product","link":"https:\/\/ironsky.pl\/sklep\/produkt\/xgrids-lixel-l2-pro-32-300-2\/","title":{"rendered":"XGRIDS Lixel L2 Pro 32\/300"},"content":{"rendered":"<h3>XGRIDS Lixel L2 Pro 32\/300<\/h3>\n<p>Nowy Lixel L2 Pro \u0142\u0105czy modu\u0142y wizyjne, LiDAR oraz IMU ze sztuczn\u0105 inteligencj\u0105, dostarczaj\u0105c chmur\u0119 punkt\u00f3w w czasie rzeczywistym o jako\u015bci por\u00f3wnywalnej z danymi po obr\u00f3bce. Tym samym wprowadza \u201eer\u0119 zerowego post-processingu\u201d dla urz\u0105dze\u0144 SLAM.<\/p>\n<p>\n<img decoding=\"async\" src=\"https:\/\/assets.innpro.pl\/18409\/24491\/3.jpg\" border=\"0\" alt=\"Kobieta w zwi\u0105zanych w\u0142osach stoi na chodniku z mobilnym skanerem w d\u0142oni.\" \/>\n<\/p>\n<h3>Precyzja w czasie rzeczywistym  <\/h3>\n<p>Lixel L2 Pro to w pe\u0142ni zintegrowane i zoptymalizowane urz\u0105dzenie, kt\u00f3re dostarcza chmur\u0119 punkt\u00f3w w czasie rzeczywistym, eliminuj\u0105c konieczno\u015b\u0107 obr\u00f3bki danych. Dzi\u0119ki algorytmowi LixelUpSample\u2122 generuje fotorealistyczne, kolorowe chmury punkt\u00f3w o g\u0119sto\u015bci 1 miliona punkt\u00f3w\/m\u00b2 i precyzji 1 mm, uchwytuj\u0105c ka\u017cdy detal z najwy\u017csz\u0105 dok\u0142adno\u015bci\u0105. Dodatkowo, 5-milimetrowa grubo\u015b\u0107 chmury punkt\u00f3w zapewnia jeszcze lepsze odwzorowanie kszta\u0142t\u00f3w, co znacz\u0105co podnosi jako\u015b\u0107 mapowania i rysowania linii.<\/p>\n<p>\n<img decoding=\"async\" src=\"https:\/\/assets.innpro.pl\/18409\/24491\/2.jpg\" border=\"0\" alt=\"Kobieta stoi obok du\u017aego budynku z mobolnym skanerem 3D.\" \/>\n<\/p>\n<h3>Niezawodno\u015b\u0107 SLAM w ka\u017cdym \u015brodowisku<\/h3>\n<p>Dzi\u0119ki zaawansowanemu algorytmowi Multi-SLAM, L2 Pro sprawdza si\u0119 nawet w najbardziej wymagaj\u0105cych warunkach. Urz\u0105dzenie zapewnia sta\u0142y dost\u0119p do wsp\u00f3\u0142rz\u0119dnych absolutnych w miejscach o ograniczonym dost\u0119pie do sygna\u0142u satelitarnego, takich jak wn\u0119trza budynk\u00f3w, tunele czy metro. Stabilne mapowanie i wysoka dok\u0142adno\u015b\u0107 pozostaj\u0105 niezmienne nawet w zdegradowanych \u015brodowiskach, co czyni L2 Pro niezawodnym narz\u0119dziem dla profesjonalist\u00f3w pracuj\u0105cych w dynamicznych i trudnych warunkach.<\/p>\n<p>\n<img decoding=\"async\" src=\"https:\/\/assets.innpro.pl\/18409\/24491\/4.jpg\" border=\"0\" alt=\"Mobilny skaner 3D XGRIDS na jasnym tle\" \/>\n<\/p>\n<h3>LixelGO &#8211; aplikacja mobilna<\/h3>\n<p>LixelGO to intuicyjna aplikacja do zarz\u0105dzania procesem zbierania danych. Umo\u017cliwia sterowanie jednym klikni\u0119ciem, podgl\u0105d obrazu z kamery, weryfikacj\u0119 wysoko\u015bci i kolor\u00f3w chmury punkt\u00f3w oraz monitorowanie statusu urz\u0105dzenia.<\/p>\n<p>\n<img decoding=\"async\" src=\"https:\/\/assets.innpro.pl\/18409\/24491\/1.jpg\" border=\"0\" alt=\"Kolorowe budynki przechwycone za pomoc\u0105 skanera 3D\" \/>\n<\/p>\n<h3>Lixel Studio &#8211; oprogramowanie do przetwarzania chmury punkt\u00f3w<\/h3>\n<p>Lixel Studio to zaawansowane oprogramowanie do przetwarzania chmur punkt\u00f3w 3D, wykorzystuj\u0105ce algorytmy AI. Oferuje narz\u0119dzia do edycji, rejestracji, usuwania szum\u00f3w, pomiar\u00f3w oraz przycinania 3D. Obs\u0142uguje fuzj\u0119 map, panoramiczne nak\u0142adki i r\u00f3\u017cne tryby renderowania (RGB, intensywno\u015b\u0107, wysoko\u015b\u0107, EDL). Automatycznie generuje raporty dok\u0142adno\u015bci i zapewnia funkcje dostosowane do r\u00f3\u017cnych bran\u017c, np. pomiary obj\u0119to\u015bci czy automatyczne tworzenie siatek.<\/p>\n<p>\n<img decoding=\"async\" src=\"https:\/\/assets.innpro.pl\/18409\/24491\/5.jpg\" border=\"0\" alt=\"Szary skaner mobilny 3D na jasnoszarym tle.\" \/>\n<\/p>\n<h3>W zestawie<\/h3>\n<ul class=\"list-disc pl-5\">\n<li>Skaner R\u0119czny Lixel L2 Pro<\/li>\n<li>Licencja Wieczysta Lixel Studio (3 urz\u0105dzenia)<\/li>\n<li>Akumulator Lixel L2 Pro<\/li>\n<li>\u0141adowarka i Konwerter<\/li>\n<li>Kabel Typu C<\/li>\n<li>P\u0142yta Zbierania Punkt\u00f3w GCP<\/li>\n<li>Instrukcja <\/li>\n<li>Karta Gwarancyjna<\/li>\n<li>\u015aciereczka do Czyszczenia<\/li>\n<li>Futera\u0142<\/li>\n<\/ul>\n<div class=\"table-wrapper\">\n<p>\u00a0<\/p>\n<h3> Og\u00f3lne<\/h3>\n<table>\n<tbody>\n<tr>\n<th>Waga <\/th>\n<td>1.7kg<\/td>\n<\/tr>\n<tr>\n<th>Rozmiar <\/th>\n<td>180mm X 130mm x 400mm<\/td>\n<\/tr>\n<tr>\n<th>Pob\u00f3r Mocy <\/th>\n<td>&lt;30W<\/td>\n<\/tr>\n<tr>\n<th>Interfejs <\/th>\n<td>USB 3.1 Gen2<\/td>\n<\/tr>\n<tr>\n<th>Pami\u0119\u0107 <\/th>\n<td>1T SSD<\/td>\n<\/tr>\n<tr>\n<th>Czas pracy <\/th>\n<td>1.5h<\/td>\n<\/tr>\n<tr>\n<th>Po\u0142\u0105czenie bezprzewodowe <\/th>\n<td>WiFi, Bluetooth<\/td>\n<\/tr>\n<tr>\n<th>Temperatura Operacyjna <\/th>\n<td>-20\u00b0C ~50\u00b0C<\/td>\n<\/tr>\n<tr>\n<th>Stopie\u0144 Ochrony <\/th>\n<td>IP54<\/td>\n<\/tr>\n<\/tbody>\n<\/table>\n<p>\u00a0<\/p>\n<h3>Funkcje<\/h3>\n<table>\n<tbody>\n<tr>\n<th>Pozycjonowanie Wizyjne <\/th>\n<td>Tak<\/td>\n<\/tr>\n<tr>\n<th>Real-time RBG <\/th>\n<td>Tak<\/td>\n<\/tr>\n<tr>\n<th>Real-time RTK Fusion <\/th>\n<td>Tak<\/td>\n<\/tr>\n<\/tbody>\n<\/table>\n<p>\u00a0<\/p>\n<h3>Format Plik\u00f3w<\/h3>\n<table>\n<tbody>\n<tr>\n<th>Chmura Punkt\u00f3w <\/th>\n<td>.las .ply<\/td>\n<\/tr>\n<tr>\n<th>Zdj\u0119cie <\/th>\n<td>.jpg<\/td>\n<\/tr>\n<\/tbody>\n<\/table>\n<p>\u00a0<\/p>\n<h3>Dok\u0142adno\u015b\u0107 w Czasie Rzeczywistym<\/h3>\n<table>\n<tbody>\n<tr>\n<th>Wertykalna (RMSE) <\/th>\n<td>3 cm<\/td>\n<\/tr>\n<tr>\n<th>Horyzontalna (RMSE)   <\/th>\n<td>3 m<\/td>\n<\/tr>\n<tr>\n<th>Relatywna (RMSE)   <\/th>\n<td>2 cm<\/td>\n<\/tr>\n<\/tbody>\n<\/table>\n<p>\u00a0<\/p>\n<h3>Dok\u0142adno\u015b\u0107 po Przetworzeniu<\/h3>\n<table>\n<tbody>\n<tr>\n<th>Wertykalna (RMSE) <\/th>\n<td>3 cm<\/td>\n<\/tr>\n<tr>\n<th>Absolutna Horyzontalna <\/th>\n<td>3 cm<\/td>\n<\/tr>\n<tr>\n<th>Relatywna (RMSE) <\/th>\n<td>1 cm<\/td>\n<\/tr>\n<tr>\n<th>Powtarzalna (RMSE) <\/th>\n<td>2 cm<\/td>\n<\/tr>\n<tr>\n<th>Grubo\u015b\u0107 Chmury Punkt\u00f3w <\/th>\n<td>0.5 cm<\/td>\n<\/tr>\n<tr>\n<th>Horyzontalna z RTK <\/th>\n<td>0.015\u00b0<\/td>\n<\/tr>\n<tr>\n<th>Wertykalna <\/th>\n<td>0.03\u00b0<\/td>\n<\/tr>\n<tr>\n<th>LixelUpSample <\/th>\n<td>Tak<\/td>\n<\/tr>\n<\/tbody>\n<\/table>\n<p>\u00a0<\/p>\n<h3>LiDAR<\/h3>\n<table>\n<tbody>\n<tr>\n<th>Zakres Operacyjny <\/th>\n<td>0.5m~120m; 0.5m~300m<\/td>\n<\/tr>\n<tr>\n<th>Sensor LiDAR <\/th>\n<td>Class 1 \/ 905nm<\/td>\n<\/tr>\n<tr>\n<th>Cz\u0119stotliwo\u015b\u0107 Skanowania <\/th>\n<td>320,000 punkt\u00f3w\/s; 640,000 punkt\u00f3w\/s<\/td>\n<\/tr>\n<tr>\n<th>FOV Sensor <\/th>\n<td>360\u00b0 X 270\u00b0<\/td>\n<\/tr>\n<\/tbody>\n<\/table>\n<p>\u00a0<\/p>\n<h3>Kamera Zdj\u0119cia Panoramiczne<\/h3>\n<table>\n<tbody>\n<tr>\n<th>Rozdzielczo\u015b\u0107 <\/th>\n<td>2x48MP<\/td>\n<\/tr>\n<tr>\n<th>Ogniskowa <\/th>\n<td>2 mm<\/td>\n<\/tr>\n<tr>\n<th>Przys\u0142ona <\/th>\n<td>F\/2.0<\/td>\n<\/tr>\n<tr>\n<th>CMOS <\/th>\n<td>1\/2&#8243;<\/td>\n<\/tr>\n<tr>\n<th>Migawka <\/th>\n<td>Rolling Shutter<\/td>\n<\/tr>\n<tr>\n<th>FOV <\/th>\n<td>190\u00b0 x 190\u00b0<\/td>\n<\/tr>\n<\/tbody>\n<\/table>\n<p>\u00a0<\/p>\n<h3>Bateria<\/h3>\n<table>\n<tbody>\n<tr>\n<th>Wolta\u017c <\/th>\n<td>14.4 V<\/td>\n<\/tr>\n<tr>\n<th>Pojemno\u015b\u0107 <\/th>\n<td>46.8 Wh<\/td>\n<\/tr>\n<\/tbody>\n<\/table>\n<p>\u00a0<\/p>\n<h3>\u0141adowanie<\/h3>\n<table>\n<tbody>\n<tr>\n<th>Wej\u015bcie <\/th>\n<td>100V~240V; 50~60HZ 1.5A 80VA<\/td>\n<\/tr>\n<tr>\n<th>Wyj\u015bcie <\/th>\n<td>16.8V 2.0A<\/td>\n<\/tr>\n<tr>\n<th>Moc <\/th>\n<td>34 W<\/td>\n<\/tr>\n<\/tbody>\n<\/table>\n<\/div>\n","protected":false},"excerpt":{"rendered":"<p>XGRIDS Lixel L2 Pro 32\/300 Nowy Lixel L2 Pro \u0142\u0105czy modu\u0142y wizyjne, LiDAR oraz IMU ze sztuczn\u0105 inteligencj\u0105, dostarczaj\u0105c chmur\u0119<\/p>\n","protected":false},"featured_media":60346,"comment_status":"closed","ping_status":"open","template":"","meta":{"_acf_changed":false},"product_brand":[],"product_cat":[6234,6217],"product_tag":[],"class_list":{"0":"post-60345","1":"product","2":"type-product","3":"status-publish","4":"has-post-thumbnail","6":"product_cat-skanery-reczne-3d-slam","7":"product_cat-technologie-kreatywne","8":"pa_producent-xgrids","10":"first","11":"outofstock","12":"taxable","13":"shipping-taxable","14":"purchasable","15":"product-type-simple"},"acf":[],"yoast_head":"<!-- This site is optimized with the Yoast SEO plugin v27.2 - https:\/\/yoast.com\/product\/yoast-seo-wordpress\/ -->\n<title>XGRIDS Lixel L2 Pro 32\/300 - IRONSKY.PL Sklep z Dronami<\/title>\n<meta name=\"description\" content=\"XGRIDS Lixel L2 Pro 32\/300 - \u2705 sklep z dronami i fachowym doradztwem. \u2705 Tutaj kupisz produkty DJI, Yuneec, Parrot, Syma i wiele innych, a tak\u017ce kursy i licencje na operatora drona.\" \/>\n<meta name=\"robots\" content=\"index, follow, max-snippet:-1, max-image-preview:large, max-video-preview:-1\" \/>\n<link rel=\"canonical\" href=\"https:\/\/ironsky.pl\/sklep\/produkt\/xgrids-lixel-l2-pro-32-300-2\/\" \/>\n<meta property=\"og:locale\" content=\"pl_PL\" \/>\n<meta property=\"og:type\" content=\"article\" \/>\n<meta property=\"og:title\" content=\"XGRIDS Lixel L2 Pro 32\/300 - IRONSKY.PL Sklep z Dronami\" \/>\n<meta property=\"og:description\" content=\"XGRIDS Lixel L2 Pro 32\/300 - \u2705 sklep z dronami i fachowym doradztwem. \u2705 Tutaj kupisz produkty DJI, Yuneec, Parrot, Syma i wiele innych, a tak\u017ce kursy i licencje na operatora drona.\" \/>\n<meta property=\"og:url\" content=\"https:\/\/ironsky.pl\/sklep\/produkt\/xgrids-lixel-l2-pro-32-300-2\/\" \/>\n<meta property=\"og:site_name\" content=\"IRONSKY.PL Sklep z Dronami\" \/>\n<meta property=\"article:modified_time\" content=\"2026-04-15T09:00:46+00:00\" \/>\n<meta property=\"og:image\" content=\"https:\/\/ironsky.pl\/sklep\/wp-content\/uploads\/2026\/04\/51831_1.jpg\" \/>\n\t<meta property=\"og:image:width\" content=\"800\" \/>\n\t<meta property=\"og:image:height\" content=\"800\" \/>\n\t<meta property=\"og:image:type\" content=\"image\/jpeg\" \/>\n<meta name=\"twitter:card\" content=\"summary_large_image\" \/>\n<meta name=\"twitter:label1\" content=\"Szacowany czas czytania\" \/>\n\t<meta name=\"twitter:data1\" content=\"2 minuty\" \/>\n<script type=\"application\/ld+json\" class=\"yoast-schema-graph\">{\"@context\":\"https:\/\/schema.org\",\"@graph\":[{\"@type\":\"WebPage\",\"@id\":\"https:\/\/ironsky.pl\/sklep\/produkt\/xgrids-lixel-l2-pro-32-300-2\/\",\"url\":\"https:\/\/ironsky.pl\/sklep\/produkt\/xgrids-lixel-l2-pro-32-300-2\/\",\"name\":\"XGRIDS Lixel L2 Pro 32\/300 - IRONSKY.PL Sklep z Dronami\",\"isPartOf\":{\"@id\":\"https:\/\/ironsky.pl\/sklep\/#website\"},\"primaryImageOfPage\":{\"@id\":\"https:\/\/ironsky.pl\/sklep\/produkt\/xgrids-lixel-l2-pro-32-300-2\/#primaryimage\"},\"image\":{\"@id\":\"https:\/\/ironsky.pl\/sklep\/produkt\/xgrids-lixel-l2-pro-32-300-2\/#primaryimage\"},\"thumbnailUrl\":\"https:\/\/ironsky.pl\/sklep\/wp-content\/uploads\/2026\/04\/51831_1.jpg\",\"datePublished\":\"2026-04-15T09:00:41+00:00\",\"dateModified\":\"2026-04-15T09:00:46+00:00\",\"description\":\"XGRIDS Lixel L2 Pro 32\/300 - \u2705 sklep z dronami i fachowym doradztwem. \u2705 Tutaj kupisz produkty DJI, Yuneec, Parrot, Syma i wiele innych, a tak\u017ce kursy i licencje na operatora drona.\",\"breadcrumb\":{\"@id\":\"https:\/\/ironsky.pl\/sklep\/produkt\/xgrids-lixel-l2-pro-32-300-2\/#breadcrumb\"},\"inLanguage\":\"pl-PL\",\"potentialAction\":[{\"@type\":\"ReadAction\",\"target\":[\"https:\/\/ironsky.pl\/sklep\/produkt\/xgrids-lixel-l2-pro-32-300-2\/\"]}]},{\"@type\":\"ImageObject\",\"inLanguage\":\"pl-PL\",\"@id\":\"https:\/\/ironsky.pl\/sklep\/produkt\/xgrids-lixel-l2-pro-32-300-2\/#primaryimage\",\"url\":\"https:\/\/ironsky.pl\/sklep\/wp-content\/uploads\/2026\/04\/51831_1.jpg\",\"contentUrl\":\"https:\/\/ironsky.pl\/sklep\/wp-content\/uploads\/2026\/04\/51831_1.jpg\",\"width\":800,\"height\":800},{\"@type\":\"BreadcrumbList\",\"@id\":\"https:\/\/ironsky.pl\/sklep\/produkt\/xgrids-lixel-l2-pro-32-300-2\/#breadcrumb\",\"itemListElement\":[{\"@type\":\"ListItem\",\"position\":1,\"name\":\"Strona g\u0142\u00f3wna\",\"item\":\"https:\/\/ironsky.pl\/sklep\/\"},{\"@type\":\"ListItem\",\"position\":2,\"name\":\"Wszystkie produkty\",\"item\":\"https:\/\/ironsky.pl\/sklep\/produkty\/\"},{\"@type\":\"ListItem\",\"position\":3,\"name\":\"XGRIDS Lixel L2 Pro 32\/300\"}]},{\"@type\":\"WebSite\",\"@id\":\"https:\/\/ironsky.pl\/sklep\/#website\",\"url\":\"https:\/\/ironsky.pl\/sklep\/\",\"name\":\"IRONSKY.PL Sklep z Dronami\",\"description\":\"IRONSKY.PL Sklep z Dronami\",\"potentialAction\":[{\"@type\":\"SearchAction\",\"target\":{\"@type\":\"EntryPoint\",\"urlTemplate\":\"https:\/\/ironsky.pl\/sklep\/?s={search_term_string}\"},\"query-input\":{\"@type\":\"PropertyValueSpecification\",\"valueRequired\":true,\"valueName\":\"search_term_string\"}}],\"inLanguage\":\"pl-PL\"}]}<\/script>\n<!-- \/ Yoast SEO plugin. -->","yoast_head_json":{"title":"XGRIDS Lixel L2 Pro 32\/300 - IRONSKY.PL Sklep z Dronami","description":"XGRIDS Lixel L2 Pro 32\/300 - \u2705 sklep z dronami i fachowym doradztwem. \u2705 Tutaj kupisz produkty DJI, Yuneec, Parrot, Syma i wiele innych, a tak\u017ce kursy i licencje na operatora drona.","robots":{"index":"index","follow":"follow","max-snippet":"max-snippet:-1","max-image-preview":"max-image-preview:large","max-video-preview":"max-video-preview:-1"},"canonical":"https:\/\/ironsky.pl\/sklep\/produkt\/xgrids-lixel-l2-pro-32-300-2\/","og_locale":"pl_PL","og_type":"article","og_title":"XGRIDS Lixel L2 Pro 32\/300 - IRONSKY.PL Sklep z Dronami","og_description":"XGRIDS Lixel L2 Pro 32\/300 - \u2705 sklep z dronami i fachowym doradztwem. \u2705 Tutaj kupisz produkty DJI, Yuneec, Parrot, Syma i wiele innych, a tak\u017ce kursy i licencje na operatora drona.","og_url":"https:\/\/ironsky.pl\/sklep\/produkt\/xgrids-lixel-l2-pro-32-300-2\/","og_site_name":"IRONSKY.PL Sklep z Dronami","article_modified_time":"2026-04-15T09:00:46+00:00","og_image":[{"width":800,"height":800,"url":"https:\/\/ironsky.pl\/sklep\/wp-content\/uploads\/2026\/04\/51831_1.jpg","type":"image\/jpeg"}],"twitter_card":"summary_large_image","twitter_misc":{"Szacowany czas czytania":"2 minuty"},"schema":{"@context":"https:\/\/schema.org","@graph":[{"@type":"WebPage","@id":"https:\/\/ironsky.pl\/sklep\/produkt\/xgrids-lixel-l2-pro-32-300-2\/","url":"https:\/\/ironsky.pl\/sklep\/produkt\/xgrids-lixel-l2-pro-32-300-2\/","name":"XGRIDS Lixel L2 Pro 32\/300 - IRONSKY.PL Sklep z Dronami","isPartOf":{"@id":"https:\/\/ironsky.pl\/sklep\/#website"},"primaryImageOfPage":{"@id":"https:\/\/ironsky.pl\/sklep\/produkt\/xgrids-lixel-l2-pro-32-300-2\/#primaryimage"},"image":{"@id":"https:\/\/ironsky.pl\/sklep\/produkt\/xgrids-lixel-l2-pro-32-300-2\/#primaryimage"},"thumbnailUrl":"https:\/\/ironsky.pl\/sklep\/wp-content\/uploads\/2026\/04\/51831_1.jpg","datePublished":"2026-04-15T09:00:41+00:00","dateModified":"2026-04-15T09:00:46+00:00","description":"XGRIDS Lixel L2 Pro 32\/300 - \u2705 sklep z dronami i fachowym doradztwem. \u2705 Tutaj kupisz produkty DJI, Yuneec, Parrot, Syma i wiele innych, a tak\u017ce kursy i licencje na operatora drona.","breadcrumb":{"@id":"https:\/\/ironsky.pl\/sklep\/produkt\/xgrids-lixel-l2-pro-32-300-2\/#breadcrumb"},"inLanguage":"pl-PL","potentialAction":[{"@type":"ReadAction","target":["https:\/\/ironsky.pl\/sklep\/produkt\/xgrids-lixel-l2-pro-32-300-2\/"]}]},{"@type":"ImageObject","inLanguage":"pl-PL","@id":"https:\/\/ironsky.pl\/sklep\/produkt\/xgrids-lixel-l2-pro-32-300-2\/#primaryimage","url":"https:\/\/ironsky.pl\/sklep\/wp-content\/uploads\/2026\/04\/51831_1.jpg","contentUrl":"https:\/\/ironsky.pl\/sklep\/wp-content\/uploads\/2026\/04\/51831_1.jpg","width":800,"height":800},{"@type":"BreadcrumbList","@id":"https:\/\/ironsky.pl\/sklep\/produkt\/xgrids-lixel-l2-pro-32-300-2\/#breadcrumb","itemListElement":[{"@type":"ListItem","position":1,"name":"Strona g\u0142\u00f3wna","item":"https:\/\/ironsky.pl\/sklep\/"},{"@type":"ListItem","position":2,"name":"Wszystkie produkty","item":"https:\/\/ironsky.pl\/sklep\/produkty\/"},{"@type":"ListItem","position":3,"name":"XGRIDS Lixel L2 Pro 32\/300"}]},{"@type":"WebSite","@id":"https:\/\/ironsky.pl\/sklep\/#website","url":"https:\/\/ironsky.pl\/sklep\/","name":"IRONSKY.PL Sklep z Dronami","description":"IRONSKY.PL Sklep z Dronami","potentialAction":[{"@type":"SearchAction","target":{"@type":"EntryPoint","urlTemplate":"https:\/\/ironsky.pl\/sklep\/?s={search_term_string}"},"query-input":{"@type":"PropertyValueSpecification","valueRequired":true,"valueName":"search_term_string"}}],"inLanguage":"pl-PL"}]}},"_links":{"self":[{"href":"https:\/\/ironsky.pl\/sklep\/wp-json\/wp\/v2\/product\/60345","targetHints":{"allow":["GET"]}}],"collection":[{"href":"https:\/\/ironsky.pl\/sklep\/wp-json\/wp\/v2\/product"}],"about":[{"href":"https:\/\/ironsky.pl\/sklep\/wp-json\/wp\/v2\/types\/product"}],"replies":[{"embeddable":true,"href":"https:\/\/ironsky.pl\/sklep\/wp-json\/wp\/v2\/comments?post=60345"}],"wp:featuredmedia":[{"embeddable":true,"href":"https:\/\/ironsky.pl\/sklep\/wp-json\/wp\/v2\/media\/60346"}],"wp:attachment":[{"href":"https:\/\/ironsky.pl\/sklep\/wp-json\/wp\/v2\/media?parent=60345"}],"wp:term":[{"taxonomy":"product_brand","embeddable":true,"href":"https:\/\/ironsky.pl\/sklep\/wp-json\/wp\/v2\/product_brand?post=60345"},{"taxonomy":"product_cat","embeddable":true,"href":"https:\/\/ironsky.pl\/sklep\/wp-json\/wp\/v2\/product_cat?post=60345"},{"taxonomy":"product_tag","embeddable":true,"href":"https:\/\/ironsky.pl\/sklep\/wp-json\/wp\/v2\/product_tag?post=60345"}],"curies":[{"name":"wp","href":"https:\/\/api.w.org\/{rel}","templated":true}]}}