{"id":60344,"date":"2026-04-15T11:00:41","date_gmt":"2026-04-15T09:00:41","guid":{"rendered":"https:\/\/ironsky.pl\/sklep\/produkt\/uchwyt-telesin-do-insta360-x4-gwint-1-4\/"},"modified":"2026-04-15T11:00:45","modified_gmt":"2026-04-15T09:00:45","slug":"uchwyt-telesin-do-insta360-x4-gwint-1-4","status":"publish","type":"product","link":"https:\/\/ironsky.pl\/sklep\/produkt\/uchwyt-telesin-do-insta360-x4-gwint-1-4\/","title":{"rendered":"Uchwyt TELESIN do Insta360 X4 gwint 1\/4"},"content":{"rendered":"<h3>Uchwyt Telesin do kamery Insta360 X4<\/h3>\n<p>Uchwyt jest dedykowany kamerze Insta360 X4 i zapewnia wygod\u0119 w codziennym u\u017cytkowaniu. Wyposa\u017cony w wej\u015bcie na gwint \u00bc\u201d jest kompatybilny z r\u00f3\u017cnymi akcesoriami. Gwarantuje stabilne mocowanie, a dzi\u0119ki przemy\u015blanej konstrukcji idealnie sprawdzi si\u0119 zar\u00f3wno w dynamicznych uj\u0119ciach, jak i zwyk\u0142ych nagraniach.<\/p>\n<p>\n<img decoding=\"async\" src=\"https:\/\/assets.innpro.pl\/14380\/18004\/1.jpg\" border=\"0\" alt=\"\" \/>\n<\/p>\n<h3>Szybki monta\u017c i demonta\u017c<\/h3>\n<p>System szybkiego mocowania pozwala na b\u0142yskawiczne zak\u0142adanie i zdejmowanie kamery \u2014 bez zb\u0119dnego tracenia czasu. Dodatkowo magnetyczny mechanizm przyci\u0105ga adapter automatycznie, co jeszcze bardziej usprawnia ca\u0142\u0105 obs\u0142ug\u0119.<\/p>\n<p>\n<img decoding=\"async\" src=\"https:\/\/assets.innpro.pl\/14380\/18004\/4.jpg\" border=\"0\" alt=\"\" \/>\n<\/p>\n<h3>Wi\u0119cej mo\u017cliwo\u015bci z gwintem 1\/4&#8243;<\/h3>\n<p>Dzi\u0119ki obecno\u015bci otworu monta\u017cowego 1\/4 cala zyskujesz szerok\u0105 kompatybilno\u015b\u0107 z dodatkowymi akcesoriami. Mo\u017cesz \u0142atwo rozbudowa\u0107 sw\u00f3j zestaw o inne elementy, dopasowuj\u0105c uchwyt do r\u00f3\u017cnych scenariuszy nagrywania. Z powodzeniem przymocujesz do niego uchwyt na szyj\u0119, klatk\u0119 piersiow\u0105, selfie stick, czy tripod.<\/p>\n<p>\n<img decoding=\"async\" src=\"https:\/\/assets.innpro.pl\/14380\/18004\/3.jpg\" border=\"0\" alt=\"\" \/>\n<\/p>\n<h3>Stabilno\u015b\u0107 w ruchu<\/h3>\n<p>Wbudowany silikon amortyzuj\u0105cy wstrz\u0105sy ogranicza drgania, zapewniaj\u0105c bardziej p\u0142ynne i wyra\u017ane uj\u0119cia. Dodatkowo pomaga utrzyma\u0107 kamer\u0119 w miejscu nawet podczas dynamicznych uj\u0119\u0107. Uchwyt zosta\u0142 zaprojektowany tak, aby nie tylko u\u0142atwi\u0107 nagrywanie, ale te\u017c chroni\u0107 sprz\u0119t. Dzi\u0119ki zastosowanym rozwi\u0105zaniom kamera pozostaje stabilna i bezpieczna \u2014 bez obaw o poluzowanie czy nag\u0142e przesuni\u0119cie w trakcie pracy.<\/p>\n<p>\n<img decoding=\"async\" src=\"https:\/\/assets.innpro.pl\/14380\/18004\/2.jpg\" border=\"0\" alt=\"\" \/>\n<\/p>\n<div class=\"table-wrapper\">\n<p>\u00a0<\/p>\n<h3><\/h3>\n<table>\n<tbody>\n<tr>\n<th>Producent<\/th>\n<td>Telesin<\/td>\n<\/tr>\n<tr>\n<th>Model<\/th>\n<td>S7-JBK-05<\/td>\n<\/tr>\n<tr>\n<th>Materia\u0142<\/th>\n<td>stop aluminium, silikon<\/td>\n<\/tr>\n<tr>\n<th>Waga<\/th>\n<td>15 g<\/td>\n<\/tr>\n<tr>\n<th>Wymiary<\/th>\n<td>39 x 19 x 14.1 mm<\/td>\n<\/tr>\n<tr>\n<th>Kompatybilno\u015b\u0107<\/th>\n<td>Insta360 X4<\/td>\n<\/tr>\n<tr>\n<th>Gwint<\/th>\n<td>\u00bc\u201d<\/td>\n<\/tr>\n<\/tbody>\n<\/table>\n<\/div>\n","protected":false},"excerpt":{"rendered":"<p>Uchwyt Telesin do kamery Insta360 X4 Uchwyt jest dedykowany kamerze Insta360 X4 i zapewnia wygod\u0119 w codziennym u\u017cytkowaniu. Wyposa\u017cony w<\/p>\n","protected":false},"featured_media":40341,"comment_status":"closed","ping_status":"open","template":"","meta":{"_acf_changed":false},"product_brand":[],"product_cat":[1130,1137,1128],"product_tag":[],"class_list":{"0":"post-60344","1":"product","2":"type-product","3":"status-publish","4":"has-post-thumbnail","6":"product_cat-akcesoria-foto","7":"product_cat-do-kamer-sportowych","8":"product_cat-foto-wideo","9":"pa_okres-gwarancji-5754","10":"pa_producent-telesin","12":"first","13":"outofstock","14":"taxable","15":"shipping-taxable","16":"purchasable","17":"product-type-simple"},"acf":[],"yoast_head":"<!-- This site is optimized with the Yoast SEO plugin v27.2 - https:\/\/yoast.com\/product\/yoast-seo-wordpress\/ -->\n<title>Uchwyt TELESIN do Insta360 X4 gwint 1\/4 - IRONSKY.PL Sklep z Dronami<\/title>\n<meta name=\"description\" content=\"Uchwyt TELESIN do Insta360 X4 gwint 1\/4 - \u2705 sklep z dronami i fachowym doradztwem. \u2705 Tutaj kupisz produkty DJI, Yuneec, Parrot, Syma i wiele innych, a tak\u017ce kursy i licencje na operatora drona.\" \/>\n<meta name=\"robots\" content=\"index, follow, max-snippet:-1, max-image-preview:large, max-video-preview:-1\" \/>\n<link rel=\"canonical\" href=\"https:\/\/ironsky.pl\/sklep\/produkt\/uchwyt-telesin-do-insta360-x4-gwint-1-4\/\" \/>\n<meta property=\"og:locale\" content=\"pl_PL\" \/>\n<meta property=\"og:type\" content=\"article\" \/>\n<meta property=\"og:title\" content=\"Uchwyt TELESIN do Insta360 X4 gwint 1\/4 - IRONSKY.PL Sklep z Dronami\" \/>\n<meta property=\"og:description\" content=\"Uchwyt TELESIN do Insta360 X4 gwint 1\/4 - \u2705 sklep z dronami i fachowym doradztwem. \u2705 Tutaj kupisz produkty DJI, Yuneec, Parrot, Syma i wiele innych, a tak\u017ce kursy i licencje na operatora drona.\" \/>\n<meta property=\"og:url\" content=\"https:\/\/ironsky.pl\/sklep\/produkt\/uchwyt-telesin-do-insta360-x4-gwint-1-4\/\" \/>\n<meta property=\"og:site_name\" content=\"IRONSKY.PL Sklep z Dronami\" \/>\n<meta property=\"article:modified_time\" content=\"2026-04-15T09:00:45+00:00\" \/>\n<meta property=\"og:image\" content=\"https:\/\/ironsky.pl\/sklep\/wp-content\/uploads\/2025\/05\/51822_1.jpg\" \/>\n\t<meta property=\"og:image:width\" content=\"800\" \/>\n\t<meta property=\"og:image:height\" content=\"800\" \/>\n\t<meta property=\"og:image:type\" content=\"image\/jpeg\" \/>\n<meta name=\"twitter:card\" content=\"summary_large_image\" \/>\n<meta name=\"twitter:label1\" content=\"Szacowany czas czytania\" \/>\n\t<meta name=\"twitter:data1\" content=\"1 minuta\" \/>\n<script type=\"application\/ld+json\" class=\"yoast-schema-graph\">{\"@context\":\"https:\/\/schema.org\",\"@graph\":[{\"@type\":\"WebPage\",\"@id\":\"https:\/\/ironsky.pl\/sklep\/produkt\/uchwyt-telesin-do-insta360-x4-gwint-1-4\/\",\"url\":\"https:\/\/ironsky.pl\/sklep\/produkt\/uchwyt-telesin-do-insta360-x4-gwint-1-4\/\",\"name\":\"Uchwyt TELESIN do Insta360 X4 gwint 1\/4 - IRONSKY.PL Sklep z Dronami\",\"isPartOf\":{\"@id\":\"https:\/\/ironsky.pl\/sklep\/#website\"},\"primaryImageOfPage\":{\"@id\":\"https:\/\/ironsky.pl\/sklep\/produkt\/uchwyt-telesin-do-insta360-x4-gwint-1-4\/#primaryimage\"},\"image\":{\"@id\":\"https:\/\/ironsky.pl\/sklep\/produkt\/uchwyt-telesin-do-insta360-x4-gwint-1-4\/#primaryimage\"},\"thumbnailUrl\":\"https:\/\/ironsky.pl\/sklep\/wp-content\/uploads\/2025\/05\/51822_1.jpg\",\"datePublished\":\"2026-04-15T09:00:41+00:00\",\"dateModified\":\"2026-04-15T09:00:45+00:00\",\"description\":\"Uchwyt TELESIN do Insta360 X4 gwint 1\/4 - \u2705 sklep z dronami i fachowym doradztwem. \u2705 Tutaj kupisz produkty DJI, Yuneec, Parrot, Syma i wiele innych, a tak\u017ce kursy i licencje na operatora drona.\",\"breadcrumb\":{\"@id\":\"https:\/\/ironsky.pl\/sklep\/produkt\/uchwyt-telesin-do-insta360-x4-gwint-1-4\/#breadcrumb\"},\"inLanguage\":\"pl-PL\",\"potentialAction\":[{\"@type\":\"ReadAction\",\"target\":[\"https:\/\/ironsky.pl\/sklep\/produkt\/uchwyt-telesin-do-insta360-x4-gwint-1-4\/\"]}]},{\"@type\":\"ImageObject\",\"inLanguage\":\"pl-PL\",\"@id\":\"https:\/\/ironsky.pl\/sklep\/produkt\/uchwyt-telesin-do-insta360-x4-gwint-1-4\/#primaryimage\",\"url\":\"https:\/\/ironsky.pl\/sklep\/wp-content\/uploads\/2025\/05\/51822_1.jpg\",\"contentUrl\":\"https:\/\/ironsky.pl\/sklep\/wp-content\/uploads\/2025\/05\/51822_1.jpg\",\"width\":800,\"height\":800},{\"@type\":\"BreadcrumbList\",\"@id\":\"https:\/\/ironsky.pl\/sklep\/produkt\/uchwyt-telesin-do-insta360-x4-gwint-1-4\/#breadcrumb\",\"itemListElement\":[{\"@type\":\"ListItem\",\"position\":1,\"name\":\"Strona g\u0142\u00f3wna\",\"item\":\"https:\/\/ironsky.pl\/sklep\/\"},{\"@type\":\"ListItem\",\"position\":2,\"name\":\"Wszystkie produkty\",\"item\":\"https:\/\/ironsky.pl\/sklep\/produkty\/\"},{\"@type\":\"ListItem\",\"position\":3,\"name\":\"Uchwyt TELESIN do Insta360 X4 gwint 1\/4\"}]},{\"@type\":\"WebSite\",\"@id\":\"https:\/\/ironsky.pl\/sklep\/#website\",\"url\":\"https:\/\/ironsky.pl\/sklep\/\",\"name\":\"IRONSKY.PL Sklep z Dronami\",\"description\":\"IRONSKY.PL Sklep z Dronami\",\"potentialAction\":[{\"@type\":\"SearchAction\",\"target\":{\"@type\":\"EntryPoint\",\"urlTemplate\":\"https:\/\/ironsky.pl\/sklep\/?s={search_term_string}\"},\"query-input\":{\"@type\":\"PropertyValueSpecification\",\"valueRequired\":true,\"valueName\":\"search_term_string\"}}],\"inLanguage\":\"pl-PL\"}]}<\/script>\n<!-- \/ Yoast SEO plugin. -->","yoast_head_json":{"title":"Uchwyt TELESIN do Insta360 X4 gwint 1\/4 - IRONSKY.PL Sklep z Dronami","description":"Uchwyt TELESIN do Insta360 X4 gwint 1\/4 - \u2705 sklep z dronami i fachowym doradztwem. \u2705 Tutaj kupisz produkty DJI, Yuneec, Parrot, Syma i wiele innych, a tak\u017ce kursy i licencje na operatora drona.","robots":{"index":"index","follow":"follow","max-snippet":"max-snippet:-1","max-image-preview":"max-image-preview:large","max-video-preview":"max-video-preview:-1"},"canonical":"https:\/\/ironsky.pl\/sklep\/produkt\/uchwyt-telesin-do-insta360-x4-gwint-1-4\/","og_locale":"pl_PL","og_type":"article","og_title":"Uchwyt TELESIN do Insta360 X4 gwint 1\/4 - IRONSKY.PL Sklep z Dronami","og_description":"Uchwyt TELESIN do Insta360 X4 gwint 1\/4 - \u2705 sklep z dronami i fachowym doradztwem. \u2705 Tutaj kupisz produkty DJI, Yuneec, Parrot, Syma i wiele innych, a tak\u017ce kursy i licencje na operatora drona.","og_url":"https:\/\/ironsky.pl\/sklep\/produkt\/uchwyt-telesin-do-insta360-x4-gwint-1-4\/","og_site_name":"IRONSKY.PL Sklep z Dronami","article_modified_time":"2026-04-15T09:00:45+00:00","og_image":[{"width":800,"height":800,"url":"https:\/\/ironsky.pl\/sklep\/wp-content\/uploads\/2025\/05\/51822_1.jpg","type":"image\/jpeg"}],"twitter_card":"summary_large_image","twitter_misc":{"Szacowany czas czytania":"1 minuta"},"schema":{"@context":"https:\/\/schema.org","@graph":[{"@type":"WebPage","@id":"https:\/\/ironsky.pl\/sklep\/produkt\/uchwyt-telesin-do-insta360-x4-gwint-1-4\/","url":"https:\/\/ironsky.pl\/sklep\/produkt\/uchwyt-telesin-do-insta360-x4-gwint-1-4\/","name":"Uchwyt TELESIN do Insta360 X4 gwint 1\/4 - IRONSKY.PL Sklep z Dronami","isPartOf":{"@id":"https:\/\/ironsky.pl\/sklep\/#website"},"primaryImageOfPage":{"@id":"https:\/\/ironsky.pl\/sklep\/produkt\/uchwyt-telesin-do-insta360-x4-gwint-1-4\/#primaryimage"},"image":{"@id":"https:\/\/ironsky.pl\/sklep\/produkt\/uchwyt-telesin-do-insta360-x4-gwint-1-4\/#primaryimage"},"thumbnailUrl":"https:\/\/ironsky.pl\/sklep\/wp-content\/uploads\/2025\/05\/51822_1.jpg","datePublished":"2026-04-15T09:00:41+00:00","dateModified":"2026-04-15T09:00:45+00:00","description":"Uchwyt TELESIN do Insta360 X4 gwint 1\/4 - \u2705 sklep z dronami i fachowym doradztwem. \u2705 Tutaj kupisz produkty DJI, Yuneec, Parrot, Syma i wiele innych, a tak\u017ce kursy i licencje na operatora drona.","breadcrumb":{"@id":"https:\/\/ironsky.pl\/sklep\/produkt\/uchwyt-telesin-do-insta360-x4-gwint-1-4\/#breadcrumb"},"inLanguage":"pl-PL","potentialAction":[{"@type":"ReadAction","target":["https:\/\/ironsky.pl\/sklep\/produkt\/uchwyt-telesin-do-insta360-x4-gwint-1-4\/"]}]},{"@type":"ImageObject","inLanguage":"pl-PL","@id":"https:\/\/ironsky.pl\/sklep\/produkt\/uchwyt-telesin-do-insta360-x4-gwint-1-4\/#primaryimage","url":"https:\/\/ironsky.pl\/sklep\/wp-content\/uploads\/2025\/05\/51822_1.jpg","contentUrl":"https:\/\/ironsky.pl\/sklep\/wp-content\/uploads\/2025\/05\/51822_1.jpg","width":800,"height":800},{"@type":"BreadcrumbList","@id":"https:\/\/ironsky.pl\/sklep\/produkt\/uchwyt-telesin-do-insta360-x4-gwint-1-4\/#breadcrumb","itemListElement":[{"@type":"ListItem","position":1,"name":"Strona g\u0142\u00f3wna","item":"https:\/\/ironsky.pl\/sklep\/"},{"@type":"ListItem","position":2,"name":"Wszystkie produkty","item":"https:\/\/ironsky.pl\/sklep\/produkty\/"},{"@type":"ListItem","position":3,"name":"Uchwyt TELESIN do Insta360 X4 gwint 1\/4"}]},{"@type":"WebSite","@id":"https:\/\/ironsky.pl\/sklep\/#website","url":"https:\/\/ironsky.pl\/sklep\/","name":"IRONSKY.PL Sklep z Dronami","description":"IRONSKY.PL Sklep z Dronami","potentialAction":[{"@type":"SearchAction","target":{"@type":"EntryPoint","urlTemplate":"https:\/\/ironsky.pl\/sklep\/?s={search_term_string}"},"query-input":{"@type":"PropertyValueSpecification","valueRequired":true,"valueName":"search_term_string"}}],"inLanguage":"pl-PL"}]}},"_links":{"self":[{"href":"https:\/\/ironsky.pl\/sklep\/wp-json\/wp\/v2\/product\/60344","targetHints":{"allow":["GET"]}}],"collection":[{"href":"https:\/\/ironsky.pl\/sklep\/wp-json\/wp\/v2\/product"}],"about":[{"href":"https:\/\/ironsky.pl\/sklep\/wp-json\/wp\/v2\/types\/product"}],"replies":[{"embeddable":true,"href":"https:\/\/ironsky.pl\/sklep\/wp-json\/wp\/v2\/comments?post=60344"}],"wp:featuredmedia":[{"embeddable":true,"href":"https:\/\/ironsky.pl\/sklep\/wp-json\/wp\/v2\/media\/40341"}],"wp:attachment":[{"href":"https:\/\/ironsky.pl\/sklep\/wp-json\/wp\/v2\/media?parent=60344"}],"wp:term":[{"taxonomy":"product_brand","embeddable":true,"href":"https:\/\/ironsky.pl\/sklep\/wp-json\/wp\/v2\/product_brand?post=60344"},{"taxonomy":"product_cat","embeddable":true,"href":"https:\/\/ironsky.pl\/sklep\/wp-json\/wp\/v2\/product_cat?post=60344"},{"taxonomy":"product_tag","embeddable":true,"href":"https:\/\/ironsky.pl\/sklep\/wp-json\/wp\/v2\/product_tag?post=60344"}],"curies":[{"name":"wp","href":"https:\/\/api.w.org\/{rel}","templated":true}]}}