{"id":60343,"date":"2026-04-15T11:00:41","date_gmt":"2026-04-15T09:00:41","guid":{"rendered":"https:\/\/ironsky.pl\/sklep\/produkt\/mini-pc-gmktec-k11-ryzen-9-8945hs-32gb-1tb-win11-pro\/"},"modified":"2026-04-15T11:00:43","modified_gmt":"2026-04-15T09:00:43","slug":"mini-pc-gmktec-k11-ryzen-9-8945hs-32gb-1tb-win11-pro","status":"publish","type":"product","link":"https:\/\/ironsky.pl\/sklep\/produkt\/mini-pc-gmktec-k11-ryzen-9-8945hs-32gb-1tb-win11-pro\/","title":{"rendered":"Mini PC GMKtec K11 Ryzen 9 8945HS 32GB\/1TB Win11 Pro"},"content":{"rendered":"<h3>Mini PC GMKtec K11 AMD Ryzen 9 8945HS 32GB RAM + 1TB SSD WIN 11 Pro<\/h3>\n<p>GMKtec K11 to wydajny mini PC stworzony z my\u015bl\u0105 o wymagaj\u0105cych u\u017cytkownikach, kt\u00f3rzy potrzebuj\u0105 pe\u0142nej mocy komputera w formacie nie wi\u0119kszym ni\u017c ksi\u0105\u017cka. Wyposa\u017cony w 8-rdzeniowy, 16-w\u0105tkowy procesor AMD Ryzen 9 8945HS, 32 GB pami\u0119ci RAM (Random Access Memory, pami\u0119\u0107 operacyjna o swobodnym dost\u0119pie), zintegrowan\u0105 kart\u0119 graficzn\u0105 AMD Radeon 780M oraz superszybki dysk SSD (Solid State Drive, dysk p\u00f3\u0142przewodnikowy) 1 TB \u2013 gwarantuje niezawodne dzia\u0142anie nawet podczas wykonywania trudnych zada\u0144. Komputer obs\u0142uguje tak\u017ce \u0142\u0105czno\u015b\u0107 bezprzewodow\u0105 (WiFi 6 + Bluetooth 5.2) i ma domy\u015blnie zainstalowany system operacyjny Windows 11 Pro \u2013 b\u0119dzie gotowy do pracy niemal od razu po pod\u0142\u0105czeniu. Sprawdzi si\u0119 zar\u00f3wno w domu, jak i w biurze!<\/p>\n<p>\n<img decoding=\"async\" src=\"https:\/\/assets.innpro.pl\/13827\/17071\/2.jpg\" border=\"0\" alt=\"mini pc z kolorowym detalem umieszczony na srebrnym laptopie w plecaku z zielon\u0105 wy\u015bci\u00f3\u0142k\u0105\" \/>\n<\/p>\n<h3>Procesor klasy premium \u2013 AMD Ryzen 9 8945HS<\/h3>\n<p>Za wydajne dzia\u0142anie modelu K11 odpowiada 8-rdzeniowy procesor AMD Ryzen 9 8945HS zaprojektowany w litografii 4 nm. Jego 16 w\u0105tk\u00f3w, taktowanie do 5,2 GHz i 16 MB pami\u0119ci cache zapewniaj\u0105 p\u0142ynn\u0105 prac\u0119 nawet podczas korzystania z profesjonalnego oprogramowania, u\u017cywania maszyn wirtualnych czy pracy wielozadaniowej.<\/p>\n<p>\n<img decoding=\"async\" src=\"https:\/\/assets.innpro.pl\/13827\/17071\/9.jpg\" border=\"0\" alt=\"Procesor AMD Ryzen 8945HS z pod\u015bwietleniem na p\u0142ycie g\u0142\u00f3wnej z uk\u0142adami elektronicznymi\" \/>\n<\/p>\n<h3>Szybka pami\u0119\u0107 RAM i elastyczna przestrze\u0144 na dane<\/h3>\n<p>Model K11 zosta\u0142 wyposa\u017cony w dwa sloty pami\u0119ci DDR5 (Double Data Rate 5, pami\u0119\u0107 RAM pi\u0105tej generacji o podw\u00f3jnej przepustowo\u015bci danych) 5600 MHz typu SO-DIMM (Small Outline Dual Inline Memory Module, kompaktowy modu\u0142 pami\u0119ci), kt\u00f3re obs\u0142uguj\u0105 maksymalnie 96 GB RAM (2x 48 GB). W prezentowanej konfiguracji PC oferuje 32 GB pami\u0119ci operacyjnej, co zapewnia komfortow\u0105 prac\u0119 nawet z wymagaj\u0105cymi aplikacjami. Z kolei na dane przeznaczono dwa z\u0142\u0105cza M.2 2280 PCIe (Peripheral Component Interconnect Express, szybki interfejs komunikacyjny) 4.0, kt\u00f3re wspieraj\u0105 dyski SSD o pojemno\u015bci do 4 TB ka\u017cdy (\u0142\u0105cznie do 8 TB). W standardzie otrzymujesz no\u015bnik SSD 1 TB \u2013 a je\u015bli zajdzie taka potrzeba, masz mo\u017cliwo\u015b\u0107 szybkiej rozbudowy.<\/p>\n<p>\n<img decoding=\"async\" src=\"https:\/\/assets.innpro.pl\/13827\/17071\/8.jpg\" border=\"0\" alt=\"Przekr\u00f3j mini PC pokazuj\u0105cy wewn\u0119trzne podzespo\u0142y: pami\u0119\u0107 DDR5 5600 i dyski SSD M.2 2280\" \/>\n<\/p>\n<h3>Ch\u0142odzenie Hyper Ice Chamber 2.0 \u2013 ciche i wydajne<\/h3>\n<p>Za utrzymanie optymalnej temperatury odpowiada udoskonalony system ch\u0142odzenia Hyper Ice Chamber 2.0 z podw\u00f3jnym wentylatorem (g\u00f3ra \/ d\u00f3\u0142) i miedzian\u0105 baz\u0105. Dzi\u0119ki niemu nie musisz si\u0119 martwi\u0107, \u017ce komputer b\u0119dzie nadmiernie si\u0119 nagrzewa\u0142!<\/p>\n<p>\n<img decoding=\"async\" src=\"https:\/\/assets.innpro.pl\/13827\/17071\/11.jpg\" border=\"0\" alt=\"Schemat ch\u0142odzenia mini PC z kolorowym wentylatorem RGB i przep\u0142ywem powietrza przez komponenty\" \/>\n<\/p>\n<h3>Tryby pracy dopasowane do Twoich potrzeb<\/h3>\n<p>GMKtec K11 oferuje kilka tryb\u00f3w pracy, kt\u00f3re pozwalaj\u0105 dostosowa\u0107 wydajno\u015b\u0107 do konkretnego scenariusza. Tryb cichy (Silent) z limitem TDP (Thermal Design Power, maksymalna moc cieplna) 35-40 W zapewnia minimalny poziom ha\u0142asu (32\u201335 dB) i temperatur\u0119 CPU na poziomie oko\u0142o 50\u00b0C. Idealnie nada si\u0119 do codziennej pracy, sprawdzi si\u0119 r\u00f3wnie\u017c w nocy. W trybie zr\u00f3wnowa\u017conym (Balance, 54-60 W) system oferuje wy\u017csze osi\u0105gi przy g\u0142o\u015bno\u015bci do oko\u0142o 36-37 dB i temperaturze CPU do 65\u00b0C. Dla wymagaj\u0105cych u\u017cytkownik\u00f3w dost\u0119pny jest tryb wydajno\u015bciowy (Performance, 65-70 W), kt\u00f3ry pozwala procesorowi rozwin\u0105\u0107 pe\u0142ni\u0119 mo\u017cliwo\u015bci, zapewniaj\u0105c przy tym poziom ha\u0142asu do 39-49 dB i temperatur\u0119 CPU do 75\u00b0C. Idealnie nada si\u0119 do najbardziej intensywnych zada\u0144! Dodatkowo mo\u017cesz dostosowa\u0107 przydzia\u0142 pami\u0119ci VRAM (Video Random Access Memory, pami\u0119\u0107 graficzna) nawet do 16 GB, co ma znaczenie przy pracy z grafik\u0105 i multimediami.<\/p>\n<p>\n<img decoding=\"async\" src=\"https:\/\/assets.innpro.pl\/13827\/17071\/4.jpg\" border=\"0\" alt=\"Mini PC GMKtec pod dwoma monitorami wy\u015bwietlaj\u0105cymi gr\u0119 i aplikacje Windows\" \/>\n<\/p>\n<h3>Bogaty zestaw port\u00f3w \u2013 z my\u015bl\u0105 o profesjonalistach<\/h3>\n<p>GMKtec K11 oferuje wyj\u0105tkowo rozbudowan\u0105 gam\u0119 port\u00f3w, kt\u00f3ra sprosta wymaganiom profesjonalnych u\u017cytkownik\u00f3w. Na pok\u0142adzie znajdziesz mi\u0119dzy innymi HDMI (High-Definition Multimedia Interface, interfejs multimedialny wysokiej rozdzielczo\u015bci) 2.1 (8K \/ 60 Hz), DisplayPort 2.1 (8K \/ 60 Hz) oraz dwa porty USB4 (USB-C) \u2013 mo\u017cesz wi\u0119c pod\u0142\u0105czy\u0107 nawet cztery monitory jednocze\u015bnie. Z\u0142\u0105cza USB4 obs\u0142uguj\u0105 zasilanie (PD, Power Delivery), transfer danych z pr\u0119dko\u015bci\u0105 do 40 GB\/s oraz przesy\u0142 obrazu i d\u017awi\u0119ku, dzi\u0119ki czemu b\u0119d\u0105 idealnym rozwi\u0105zaniem do stacji dokuj\u0105cych, ekran\u00f3w 4K i szybkich dysk\u00f3w zewn\u0119trznych. Do dyspozycji masz tak\u017ce dwa porty USB 3.2 Gen2, dwa porty USB 2.0, z\u0142\u0105cze s\u0142uchawkowe 3,5 mm, OcuLink oraz Kensington Lock. Ponadto dwa porty sieciowe RJ45 Intel i226V zapewniaj\u0105 pr\u0119dko\u015b\u0107 odczytu i zapisu si\u0119gaj\u0105c\u0105 2,5 Gbps.<\/p>\n<p>\n<img decoding=\"async\" src=\"https:\/\/assets.innpro.pl\/13827\/17071\/3.jpg\" border=\"0\" alt=\"Dwa mini PC GMKtec z kolorowym pod\u015bwietleniem RGB na ciemnym tle z liniami \u015bwietlnymi\" \/>\n<\/p>\n<h3>Gotowy na grafik\u0119 z zewn\u0105trz \u2013 port OcuLink PCIe 4.0 x4<\/h3>\n<p>K11 zosta\u0142 wyposa\u017cony w port OcuLink (PCIe 4.0 x4), kt\u00f3ry umo\u017cliwia pod\u0142\u0105czenie zewn\u0119trznej karty graficznej (eGPU, external Graphics Processing Unit \u2013 zewn\u0119trzny procesor graficzny). To idealne rozwi\u0105zanie dla graczy, tw\u00f3rc\u00f3w wideo, grafik\u00f3w i nie tylko! Uwaga: interfejs OcuLink nie obs\u0142uguje hot swappingu. Przed od\u0142\u0105czeniem lub pod\u0142\u0105czeniem karty nale\u017cy wy\u0142\u0105czy\u0107 komputer.<\/p>\n<p>\n<img decoding=\"async\" src=\"https:\/\/assets.innpro.pl\/13827\/17071\/5.jpg\" border=\"0\" alt=\"Mini PC GMKtec na biurku gamingowym z kart\u0105 graficzn\u0105, klawiatur\u0105 i mysz\u0105 z zielonym pod\u015bwietleniem\" \/>\n<\/p>\n<h3>Kompaktowy, przeno\u015bny, gotowy do monta\u017cu VESA<\/h3>\n<p>Obudowa o wymiarach oko\u0142o 13,2 \u00d7 12,7 \u00d7 5,8 cm sprawia, \u017ce GMKtec K11 zajmuje bardzo niewiele miejsca i jest wygodny w przenoszeniu. Sprawdzi si\u0119 nawet na ma\u0142ym biurku! W zestawie znajduje si\u0119 tak\u017ce uchwyt VESA (Video Electronics Standards Association, standard monta\u017cu ekran\u00f3w), kt\u00f3ry pozwala zainstalowa\u0107 go na przyk\u0142ad bezpo\u015brednio za monitorem \u2013 dzi\u0119ki temu zaoszcz\u0119dzisz cenn\u0105 przestrze\u0144 i zadbasz o estetyk\u0119 stanowiska pracy.<\/p>\n<p>\n<img decoding=\"async\" src=\"https:\/\/assets.innpro.pl\/13827\/17071\/1.jpg\" border=\"0\" alt=\"mini PC przymocowany z ty\u0142u monitora\" \/>\n<\/p>\n<h3>System operacyjny na pok\u0142adzie<\/h3>\n<p>Mini PC GMKtec K11 dzia\u0142a w oparciu o system operacyjny Windows 11 Pro. Dzi\u0119ki temu nie musisz traci\u0107 czasu na skomplikowan\u0105 konfiguracj\u0119 \u2013 urz\u0105dzenie b\u0119dzie szybko gotowe do pracy. To doskona\u0142y wyb\u00f3r do domowego biura, firmy i nie tylko!<\/p>\n<p>\n<img decoding=\"async\" src=\"https:\/\/assets.innpro.pl\/13827\/17071\/10.jpg\" border=\"0\" alt=\"dwa mini PC, jeden stoj\u0105cy, drugi le\u017c\u0105cy, na ciemnym tle\" \/>\n<\/p>\n<h3>W zestawie<\/h3>\n<ul class=\"list-disc pl-5\">\n<li>Mini PC<\/li>\n<li>Zasilacz z kablem zasilaj\u0105cym<\/li>\n<li>Instrukcja obs\u0142ugi<\/li>\n<li>Kabel HDMI<\/li>\n<li>Uchwyt VESA i \u015bruby<\/li>\n<\/ul>\n<div class=\"table-wrapper\">\n<p>\u00a0<\/p>\n<h3><\/h3>\n<table>\n<tbody>\n<tr>\n<th>Producent<\/th>\n<td>GMKtec<\/td>\n<\/tr>\n<tr>\n<th>Model<\/th>\n<td>K11<\/td>\n<\/tr>\n<tr>\n<th>Wymiary<\/th>\n<td>132 x 125 x 58 mm<\/td>\n<\/tr>\n<tr>\n<th>Materia\u0142 obudowy<\/th>\n<td>Plastik<\/td>\n<\/tr>\n<tr>\n<th>Waga<\/th>\n<td>600 g<\/td>\n<\/tr>\n<tr>\n<th>Procesor<\/th>\n<td>AMD Ryzen 9 8945HS<\/td>\n<\/tr>\n<tr>\n<th>Maks. taktowanie<\/th>\n<td>5,2 GHz<\/td>\n<\/tr>\n<tr>\n<th>Pob\u00f3r mocy<\/th>\n<td>70 W<\/td>\n<\/tr>\n<tr>\n<th>Pami\u0119\u0107 RAM<\/th>\n<td>DDR5 5600<\/td>\n<\/tr>\n<tr>\n<th>Pojemno\u015b\u0107 pami\u0119ci RAM<\/th>\n<td>32 GB<\/td>\n<\/tr>\n<tr>\n<th>EMMC <\/th>\n<td>Nie<\/td>\n<\/tr>\n<tr>\n<th>SSD <\/th>\n<td>1 TB SSD M.2 2280 w zestawie, obs\u0142uga dw\u00f3ch dysk\u00f3w M.2 2280 (maks. 4 TB ka\u017cdy)<\/td>\n<\/tr>\n<tr>\n<th>Obs\u0142uga dysku 2.5&#8243; HDD\/SSD <\/th>\n<td>Nie<\/td>\n<\/tr>\n<tr>\n<th>Czytnik kart TF <\/th>\n<td>Nie<\/td>\n<\/tr>\n<tr>\n<th>Start zegara czasu rzeczywistego<\/th>\n<td>Obs\u0142ugiwany<\/td>\n<\/tr>\n<tr>\n<th>Obs\u0142uga BIOS <\/th>\n<td>Tak<\/td>\n<\/tr>\n<tr>\n<th>TPM <\/th>\n<td>Obs\u0142uga TPM 2.0<\/td>\n<\/tr>\n<tr>\n<th>Wyj\u015bcia wideo <\/th>\n<td>HDMI x1, DP x1, USB-C x2<\/td>\n<\/tr>\n<tr>\n<th>Wska\u017anik stanu <\/th>\n<td>Dioda statusu zasilania<\/td>\n<\/tr>\n<tr>\n<th>Wi-Fi<\/th>\n<td>Wi-Fi 6<\/td>\n<\/tr>\n<tr>\n<th>Typ interfejsu <\/th>\n<td>PCIe<\/td>\n<\/tr>\n<tr>\n<th>Bluetooth <\/th>\n<td>Bluetooth 5.2<\/td>\n<\/tr>\n<tr>\n<th>Interfejs Bluetooth <\/th>\n<td>USB 2.0<\/td>\n<\/tr>\n<tr>\n<th>Wbudowane Wi-Fi <\/th>\n<td>Tak (przez PCIe)<\/td>\n<\/tr>\n<tr>\n<th>Wbudowany Bluetooth <\/th>\n<td>Tak (przez USB 2.0)<\/td>\n<\/tr>\n<tr>\n<th>LAN <\/th>\n<td>Giga LAN x2 (2500M\/ 1000M \/ 100M \/ 10M)<\/td>\n<\/tr>\n<tr>\n<th>USB 2.0 <\/th>\n<td>USB-A x2<\/td>\n<\/tr>\n<tr>\n<th>USB 3.2 <\/th>\n<td>USB-A x2<\/td>\n<\/tr>\n<tr>\n<th>Rozszerzenie pami\u0119ci zewn\u0119trznej <\/th>\n<td>Nie<\/td>\n<\/tr>\n<tr>\n<th>Wyj\u015bcia audio\/wideo <\/th>\n<td>HDMI 2.1 x1<\/td>\n<\/tr>\n<tr>\n<th>Porty Ethernet <\/th>\n<td>2x RJ45<\/td>\n<\/tr>\n<tr>\n<th>Transfer danych <\/th>\n<td>Tak<\/td>\n<\/tr>\n<tr>\n<th>Przyciski <\/th>\n<td>Przycisk zasilania x1<\/td>\n<\/tr>\n<tr>\n<th>DC IN<\/th>\n<td>Tak<\/td>\n<\/tr>\n<tr>\n<th>Wej\u015bcie\/wyj\u015bcie audio <\/th>\n<td>3,5 mm jack x1<\/td>\n<\/tr>\n<tr>\n<th>Anteny<\/th>\n<td>FPC Wi-Fi + BT x1, FPC Wi-Fi x1<\/td>\n<\/tr>\n<tr>\n<th>System operacyjny <\/th>\n<td>Zainstalowany Windows 11 Pro, obs\u0142uguje Linux<\/td>\n<\/tr>\n<tr>\n<th>Temperatura robocza <\/th>\n<td>Od 0\u00b0C do 40\u00b0C<\/td>\n<\/tr>\n<tr>\n<th>Temperatura przechowywania <\/th>\n<td>Nie dotyczy<\/td>\n<\/tr>\n<tr>\n<th>Wilgotno\u015b\u0107 <\/th>\n<td>10-90%RH<\/td>\n<\/tr>\n<tr>\n<th>Zasilanie<\/th>\n<td>DC IN, wej\u015bcie 100-240 V 50\/60 Hz, wyj\u015bcie 19 V \/ 6,32 A 120 W, DC 5,5 \/ 2,5 mm<\/td>\n<\/tr>\n<tr>\n<th>Zdalne sterowanie IR<\/th>\n<td>Nie<\/td>\n<\/tr>\n<tr>\n<th>VESA <\/th>\n<td>Tak<\/td>\n<\/tr>\n<tr>\n<th>Pasma radiowe<\/th>\n<td>Wi-Fi 2.4G \/ Wi-Fi 5G \/ BT<\/td>\n<\/tr>\n<tr>\n<th>Maks. moc nadawcza<\/th>\n<td>20 dBm \/ 23 dBm \/ 9,7 dBm<\/td>\n<\/tr>\n<\/tbody>\n<\/table>\n<\/div>\n","protected":false},"excerpt":{"rendered":"<p>Mini PC GMKtec K11 AMD Ryzen 9 8945HS 32GB RAM + 1TB SSD WIN 11 Pro GMKtec K11 to wydajny<\/p>\n","protected":false},"featured_media":47403,"comment_status":"closed","ping_status":"open","template":"","meta":{"_acf_changed":false},"product_brand":[],"product_cat":[5929,6006],"product_tag":[],"class_list":{"0":"post-60343","1":"product","2":"type-product","3":"status-publish","4":"has-post-thumbnail","6":"product_cat-akcesoria-it","7":"product_cat-mini-pc","8":"pa_okres-gwarancji-5754","9":"pa_producent-gmktec","11":"first","12":"outofstock","13":"taxable","14":"shipping-taxable","15":"purchasable","16":"product-type-simple"},"acf":[],"yoast_head":"<!-- This site is optimized with the Yoast SEO plugin v27.2 - https:\/\/yoast.com\/product\/yoast-seo-wordpress\/ -->\n<title>Mini PC GMKtec K11 Ryzen 9 8945HS 32GB\/1TB Win11 Pro - IRONSKY.PL Sklep z Dronami<\/title>\n<meta name=\"description\" content=\"Mini PC GMKtec K11 Ryzen 9 8945HS 32GB\/1TB Win11 Pro - \u2705 sklep z dronami i fachowym doradztwem. \u2705 Tutaj kupisz produkty DJI, Yuneec, Parrot, Syma i wiele innych, a tak\u017ce kursy i licencje na operatora drona.\" \/>\n<meta name=\"robots\" content=\"index, follow, max-snippet:-1, max-image-preview:large, max-video-preview:-1\" \/>\n<link rel=\"canonical\" href=\"https:\/\/ironsky.pl\/sklep\/produkt\/mini-pc-gmktec-k11-ryzen-9-8945hs-32gb-1tb-win11-pro\/\" \/>\n<meta property=\"og:locale\" content=\"pl_PL\" \/>\n<meta property=\"og:type\" content=\"article\" \/>\n<meta property=\"og:title\" content=\"Mini PC GMKtec K11 Ryzen 9 8945HS 32GB\/1TB Win11 Pro - IRONSKY.PL Sklep z Dronami\" \/>\n<meta property=\"og:description\" content=\"Mini PC GMKtec K11 Ryzen 9 8945HS 32GB\/1TB Win11 Pro - \u2705 sklep z dronami i fachowym doradztwem. \u2705 Tutaj kupisz produkty DJI, Yuneec, Parrot, Syma i wiele innych, a tak\u017ce kursy i licencje na operatora drona.\" \/>\n<meta property=\"og:url\" content=\"https:\/\/ironsky.pl\/sklep\/produkt\/mini-pc-gmktec-k11-ryzen-9-8945hs-32gb-1tb-win11-pro\/\" \/>\n<meta property=\"og:site_name\" content=\"IRONSKY.PL Sklep z Dronami\" \/>\n<meta property=\"article:modified_time\" content=\"2026-04-15T09:00:43+00:00\" \/>\n<meta property=\"og:image\" content=\"https:\/\/ironsky.pl\/sklep\/wp-content\/uploads\/2025\/06\/51821_2.jpg\" \/>\n\t<meta property=\"og:image:width\" content=\"800\" \/>\n\t<meta property=\"og:image:height\" content=\"800\" \/>\n\t<meta property=\"og:image:type\" content=\"image\/jpeg\" \/>\n<meta name=\"twitter:card\" content=\"summary_large_image\" \/>\n<meta name=\"twitter:label1\" content=\"Szacowany czas czytania\" \/>\n\t<meta name=\"twitter:data1\" content=\"5 minut\" \/>\n<script type=\"application\/ld+json\" class=\"yoast-schema-graph\">{\"@context\":\"https:\/\/schema.org\",\"@graph\":[{\"@type\":\"WebPage\",\"@id\":\"https:\/\/ironsky.pl\/sklep\/produkt\/mini-pc-gmktec-k11-ryzen-9-8945hs-32gb-1tb-win11-pro\/\",\"url\":\"https:\/\/ironsky.pl\/sklep\/produkt\/mini-pc-gmktec-k11-ryzen-9-8945hs-32gb-1tb-win11-pro\/\",\"name\":\"Mini PC GMKtec K11 Ryzen 9 8945HS 32GB\/1TB Win11 Pro - IRONSKY.PL Sklep z Dronami\",\"isPartOf\":{\"@id\":\"https:\/\/ironsky.pl\/sklep\/#website\"},\"primaryImageOfPage\":{\"@id\":\"https:\/\/ironsky.pl\/sklep\/produkt\/mini-pc-gmktec-k11-ryzen-9-8945hs-32gb-1tb-win11-pro\/#primaryimage\"},\"image\":{\"@id\":\"https:\/\/ironsky.pl\/sklep\/produkt\/mini-pc-gmktec-k11-ryzen-9-8945hs-32gb-1tb-win11-pro\/#primaryimage\"},\"thumbnailUrl\":\"https:\/\/ironsky.pl\/sklep\/wp-content\/uploads\/2025\/06\/51821_2.jpg\",\"datePublished\":\"2026-04-15T09:00:41+00:00\",\"dateModified\":\"2026-04-15T09:00:43+00:00\",\"description\":\"Mini PC GMKtec K11 Ryzen 9 8945HS 32GB\/1TB Win11 Pro - \u2705 sklep z dronami i fachowym doradztwem. \u2705 Tutaj kupisz produkty DJI, Yuneec, Parrot, Syma i wiele innych, a tak\u017ce kursy i licencje na operatora drona.\",\"breadcrumb\":{\"@id\":\"https:\/\/ironsky.pl\/sklep\/produkt\/mini-pc-gmktec-k11-ryzen-9-8945hs-32gb-1tb-win11-pro\/#breadcrumb\"},\"inLanguage\":\"pl-PL\",\"potentialAction\":[{\"@type\":\"ReadAction\",\"target\":[\"https:\/\/ironsky.pl\/sklep\/produkt\/mini-pc-gmktec-k11-ryzen-9-8945hs-32gb-1tb-win11-pro\/\"]}]},{\"@type\":\"ImageObject\",\"inLanguage\":\"pl-PL\",\"@id\":\"https:\/\/ironsky.pl\/sklep\/produkt\/mini-pc-gmktec-k11-ryzen-9-8945hs-32gb-1tb-win11-pro\/#primaryimage\",\"url\":\"https:\/\/ironsky.pl\/sklep\/wp-content\/uploads\/2025\/06\/51821_2.jpg\",\"contentUrl\":\"https:\/\/ironsky.pl\/sklep\/wp-content\/uploads\/2025\/06\/51821_2.jpg\",\"width\":800,\"height\":800},{\"@type\":\"BreadcrumbList\",\"@id\":\"https:\/\/ironsky.pl\/sklep\/produkt\/mini-pc-gmktec-k11-ryzen-9-8945hs-32gb-1tb-win11-pro\/#breadcrumb\",\"itemListElement\":[{\"@type\":\"ListItem\",\"position\":1,\"name\":\"Strona g\u0142\u00f3wna\",\"item\":\"https:\/\/ironsky.pl\/sklep\/\"},{\"@type\":\"ListItem\",\"position\":2,\"name\":\"Wszystkie produkty\",\"item\":\"https:\/\/ironsky.pl\/sklep\/produkty\/\"},{\"@type\":\"ListItem\",\"position\":3,\"name\":\"Mini PC GMKtec K11 Ryzen 9 8945HS 32GB\/1TB Win11 Pro\"}]},{\"@type\":\"WebSite\",\"@id\":\"https:\/\/ironsky.pl\/sklep\/#website\",\"url\":\"https:\/\/ironsky.pl\/sklep\/\",\"name\":\"IRONSKY.PL Sklep z Dronami\",\"description\":\"IRONSKY.PL Sklep z Dronami\",\"potentialAction\":[{\"@type\":\"SearchAction\",\"target\":{\"@type\":\"EntryPoint\",\"urlTemplate\":\"https:\/\/ironsky.pl\/sklep\/?s={search_term_string}\"},\"query-input\":{\"@type\":\"PropertyValueSpecification\",\"valueRequired\":true,\"valueName\":\"search_term_string\"}}],\"inLanguage\":\"pl-PL\"}]}<\/script>\n<!-- \/ Yoast SEO plugin. -->","yoast_head_json":{"title":"Mini PC GMKtec K11 Ryzen 9 8945HS 32GB\/1TB Win11 Pro - IRONSKY.PL Sklep z Dronami","description":"Mini PC GMKtec K11 Ryzen 9 8945HS 32GB\/1TB Win11 Pro - \u2705 sklep z dronami i fachowym doradztwem. \u2705 Tutaj kupisz produkty DJI, Yuneec, Parrot, Syma i wiele innych, a tak\u017ce kursy i licencje na operatora drona.","robots":{"index":"index","follow":"follow","max-snippet":"max-snippet:-1","max-image-preview":"max-image-preview:large","max-video-preview":"max-video-preview:-1"},"canonical":"https:\/\/ironsky.pl\/sklep\/produkt\/mini-pc-gmktec-k11-ryzen-9-8945hs-32gb-1tb-win11-pro\/","og_locale":"pl_PL","og_type":"article","og_title":"Mini PC GMKtec K11 Ryzen 9 8945HS 32GB\/1TB Win11 Pro - IRONSKY.PL Sklep z Dronami","og_description":"Mini PC GMKtec K11 Ryzen 9 8945HS 32GB\/1TB Win11 Pro - \u2705 sklep z dronami i fachowym doradztwem. \u2705 Tutaj kupisz produkty DJI, Yuneec, Parrot, Syma i wiele innych, a tak\u017ce kursy i licencje na operatora drona.","og_url":"https:\/\/ironsky.pl\/sklep\/produkt\/mini-pc-gmktec-k11-ryzen-9-8945hs-32gb-1tb-win11-pro\/","og_site_name":"IRONSKY.PL Sklep z Dronami","article_modified_time":"2026-04-15T09:00:43+00:00","og_image":[{"width":800,"height":800,"url":"https:\/\/ironsky.pl\/sklep\/wp-content\/uploads\/2025\/06\/51821_2.jpg","type":"image\/jpeg"}],"twitter_card":"summary_large_image","twitter_misc":{"Szacowany czas czytania":"5 minut"},"schema":{"@context":"https:\/\/schema.org","@graph":[{"@type":"WebPage","@id":"https:\/\/ironsky.pl\/sklep\/produkt\/mini-pc-gmktec-k11-ryzen-9-8945hs-32gb-1tb-win11-pro\/","url":"https:\/\/ironsky.pl\/sklep\/produkt\/mini-pc-gmktec-k11-ryzen-9-8945hs-32gb-1tb-win11-pro\/","name":"Mini PC GMKtec K11 Ryzen 9 8945HS 32GB\/1TB Win11 Pro - IRONSKY.PL Sklep z Dronami","isPartOf":{"@id":"https:\/\/ironsky.pl\/sklep\/#website"},"primaryImageOfPage":{"@id":"https:\/\/ironsky.pl\/sklep\/produkt\/mini-pc-gmktec-k11-ryzen-9-8945hs-32gb-1tb-win11-pro\/#primaryimage"},"image":{"@id":"https:\/\/ironsky.pl\/sklep\/produkt\/mini-pc-gmktec-k11-ryzen-9-8945hs-32gb-1tb-win11-pro\/#primaryimage"},"thumbnailUrl":"https:\/\/ironsky.pl\/sklep\/wp-content\/uploads\/2025\/06\/51821_2.jpg","datePublished":"2026-04-15T09:00:41+00:00","dateModified":"2026-04-15T09:00:43+00:00","description":"Mini PC GMKtec K11 Ryzen 9 8945HS 32GB\/1TB Win11 Pro - \u2705 sklep z dronami i fachowym doradztwem. \u2705 Tutaj kupisz produkty DJI, Yuneec, Parrot, Syma i wiele innych, a tak\u017ce kursy i licencje na operatora drona.","breadcrumb":{"@id":"https:\/\/ironsky.pl\/sklep\/produkt\/mini-pc-gmktec-k11-ryzen-9-8945hs-32gb-1tb-win11-pro\/#breadcrumb"},"inLanguage":"pl-PL","potentialAction":[{"@type":"ReadAction","target":["https:\/\/ironsky.pl\/sklep\/produkt\/mini-pc-gmktec-k11-ryzen-9-8945hs-32gb-1tb-win11-pro\/"]}]},{"@type":"ImageObject","inLanguage":"pl-PL","@id":"https:\/\/ironsky.pl\/sklep\/produkt\/mini-pc-gmktec-k11-ryzen-9-8945hs-32gb-1tb-win11-pro\/#primaryimage","url":"https:\/\/ironsky.pl\/sklep\/wp-content\/uploads\/2025\/06\/51821_2.jpg","contentUrl":"https:\/\/ironsky.pl\/sklep\/wp-content\/uploads\/2025\/06\/51821_2.jpg","width":800,"height":800},{"@type":"BreadcrumbList","@id":"https:\/\/ironsky.pl\/sklep\/produkt\/mini-pc-gmktec-k11-ryzen-9-8945hs-32gb-1tb-win11-pro\/#breadcrumb","itemListElement":[{"@type":"ListItem","position":1,"name":"Strona g\u0142\u00f3wna","item":"https:\/\/ironsky.pl\/sklep\/"},{"@type":"ListItem","position":2,"name":"Wszystkie produkty","item":"https:\/\/ironsky.pl\/sklep\/produkty\/"},{"@type":"ListItem","position":3,"name":"Mini PC GMKtec K11 Ryzen 9 8945HS 32GB\/1TB Win11 Pro"}]},{"@type":"WebSite","@id":"https:\/\/ironsky.pl\/sklep\/#website","url":"https:\/\/ironsky.pl\/sklep\/","name":"IRONSKY.PL Sklep z Dronami","description":"IRONSKY.PL Sklep z Dronami","potentialAction":[{"@type":"SearchAction","target":{"@type":"EntryPoint","urlTemplate":"https:\/\/ironsky.pl\/sklep\/?s={search_term_string}"},"query-input":{"@type":"PropertyValueSpecification","valueRequired":true,"valueName":"search_term_string"}}],"inLanguage":"pl-PL"}]}},"_links":{"self":[{"href":"https:\/\/ironsky.pl\/sklep\/wp-json\/wp\/v2\/product\/60343","targetHints":{"allow":["GET"]}}],"collection":[{"href":"https:\/\/ironsky.pl\/sklep\/wp-json\/wp\/v2\/product"}],"about":[{"href":"https:\/\/ironsky.pl\/sklep\/wp-json\/wp\/v2\/types\/product"}],"replies":[{"embeddable":true,"href":"https:\/\/ironsky.pl\/sklep\/wp-json\/wp\/v2\/comments?post=60343"}],"wp:featuredmedia":[{"embeddable":true,"href":"https:\/\/ironsky.pl\/sklep\/wp-json\/wp\/v2\/media\/47403"}],"wp:attachment":[{"href":"https:\/\/ironsky.pl\/sklep\/wp-json\/wp\/v2\/media?parent=60343"}],"wp:term":[{"taxonomy":"product_brand","embeddable":true,"href":"https:\/\/ironsky.pl\/sklep\/wp-json\/wp\/v2\/product_brand?post=60343"},{"taxonomy":"product_cat","embeddable":true,"href":"https:\/\/ironsky.pl\/sklep\/wp-json\/wp\/v2\/product_cat?post=60343"},{"taxonomy":"product_tag","embeddable":true,"href":"https:\/\/ironsky.pl\/sklep\/wp-json\/wp\/v2\/product_tag?post=60343"}],"curies":[{"name":"wp","href":"https:\/\/api.w.org\/{rel}","templated":true}]}}