{"id":60341,"date":"2026-04-15T11:00:13","date_gmt":"2026-04-15T09:00:13","guid":{"rendered":"https:\/\/ironsky.pl\/sklep\/produkt\/mini-pc-gmktec-g3-plus-intel-n150-16gb-512gb-win11-pro\/"},"modified":"2026-04-15T11:00:40","modified_gmt":"2026-04-15T09:00:40","slug":"mini-pc-gmktec-g3-plus-intel-n150-16gb-512gb-win11-pro","status":"publish","type":"product","link":"https:\/\/ironsky.pl\/sklep\/produkt\/mini-pc-gmktec-g3-plus-intel-n150-16gb-512gb-win11-pro\/","title":{"rendered":"Mini PC GMKtec G3 PLUS Intel N150 16GB\/512GB Win11 Pro"},"content":{"rendered":"<h3>Mini PC GMKtec G3 PLUS Intel N150 16GB RAM + 512GB SSD WIN 11 Pro<\/h3>\n<p>GMKtec G3 PLUS to kompaktowy komputer, kt\u00f3ry bez trudu zmie\u015bci si\u0119 na ka\u017cdym biurku. Wyposa\u017cony w wydajny procesor Intel N150, z pami\u0119ci\u0105 RAM do 32 GB i szybkim dyskiem SSD M.2, sprawdzi si\u0119 zar\u00f3wno w pracy biurowej, jak i w domu. Oferuje tak\u017ce r\u00f3\u017cne porty umo\u017cliwiaj\u0105ce pod\u0142\u0105czenie urz\u0105dze\u0144 peryferyjnych oraz \u0142\u0105czno\u015b\u0107 bezprzewodow\u0105 Wi-Fi i Bluetooth 5.2. Ca\u0142o\u015b\u0107 zosta\u0142a zamkni\u0119ta w niewielkiej konstrukcji 114 \u00d7 106 \u00d7 42,5 mm i wa\u017c\u0105cej 266 g.<\/p>\n<p>\n<img decoding=\"async\" src=\"https:\/\/assets.innpro.pl\/13856\/17106\/1b (2).jpg\" border=\"0\" alt=\"\" \/>\n<\/p>\n<h3>Wydajny procesor Intel N150<\/h3>\n<p>Sercem urz\u0105dzenia jest procesor Intel Alder Lake N150, wyposa\u017cony w 4 rdzenie i 4 w\u0105tki oraz taktowanie si\u0119gaj\u0105ce 3,4 GHz. Oferuje znacznie lepsz\u0105 wydajno\u015b\u0107 w por\u00f3wnaniu z wcze\u015bniejszymi modelami \u2013 jak N100 czy N5095 \u2013 zar\u00f3wno w zadaniach jedno-, jak i wielow\u0105tkowych. Dzi\u0119ki 6 MB pami\u0119ci cache oraz niskiemu poborowi mocy (TDP 15W), komputer dzia\u0142a szybko i energooszcz\u0119dnie.<\/p>\n<p>\n<img decoding=\"async\" src=\"https:\/\/assets.innpro.pl\/13856\/17106\/1b (1).jpg\" border=\"0\" alt=\"\" \/>\n<\/p>\n<h3>Pami\u0119\u0107 z mo\u017cliwo\u015bci\u0105 rozbudowy<\/h3>\n<p>Model G3 Plus oferuje 16 GB pami\u0119ci DDR4 3200 MHz, co ju\u017c na starcie zapewnia stabiln\u0105 i p\u0142ynn\u0105 prac\u0119 systemu. Przewidziano r\u00f3wnie\u017c mo\u017cliwo\u015b\u0107 rozszerzenia RAM do 32 GB, co pozwoli na jeszcze szybsz\u0105 obs\u0142ug\u0119 wielu aplikacji jednocze\u015bnie i lepsze dzia\u0142anie program\u00f3w wymagaj\u0105cych wi\u0119kszych zasob\u00f3w.<\/p>\n<p>\n<img decoding=\"async\" src=\"https:\/\/assets.innpro.pl\/13856\/17106\/1b (6).jpg\" border=\"0\" alt=\"\" \/>\n<\/p>\n<h3>Pojemna i szybka pami\u0119\u0107 masowa<\/h3>\n<p>Standardowo komputer wyposa\u017cony jest w szybki dysk SSD M.2 2280, z mo\u017cliwo\u015bci\u0105 rozszerzenia do 4 TB. Dodatkowo dost\u0119pne jest drugie gniazdo M.2 2242 SATA (do 2 TB), co pozwala na \u0142atwe dodanie drugiego dysku bez konieczno\u015bci wymiany obecnego. Dzi\u0119ki temu masz pe\u0142n\u0105 kontrol\u0119 nad przestrzeni\u0105 na dane i mo\u017cesz dopasowa\u0107 komputer do w\u0142asnych potrzeb.<\/p>\n<p>\n<img decoding=\"async\" src=\"https:\/\/assets.innpro.pl\/13856\/17106\/1b (8).jpg\" border=\"0\" alt=\"\" \/>\n<\/p>\n<h3>Podw\u00f3jny ekran 4K \u2013 wi\u0119cej miejsca na prac\u0119 i rozrywk\u0119<\/h3>\n<p>Z Mini PC mo\u017cesz po\u0142\u0105czy\u0107 2 monitory w rozdzielczo\u015bci 4K@60Hz dzi\u0119ki z\u0142\u0105czom HDMI 2.0. Taka konfiguracja umo\u017cliwia wygodn\u0105 prac\u0119 wielozadaniow\u0105, lepsze zarz\u0105dzanie aplikacjami i p\u0142ynne odtwarzanie tre\u015bci w wysokiej rozdzielczo\u015bci. To dobre rozwi\u0105zanie zar\u00f3wno dla u\u017cytkownik\u00f3w biznesowych, jak i do u\u017cytku domowego.<\/p>\n<p>\n<img decoding=\"async\" src=\"https:\/\/assets.innpro.pl\/13856\/17106\/1b (4).jpg\" border=\"0\" alt=\"\" \/>\n<\/p>\n<h3>Szybkie po\u0142\u0105czenie<\/h3>\n<p>Dzi\u0119ki obs\u0142udze Wi-Fi 6 komputer zapewnia szybkie i stabilne po\u0142\u0105czenie z sieci\u0105 bezprzewodow\u0105, a Bluetooth 5.2 umo\u017cliwia bezproblemowe parowanie z urz\u0105dzeniami peryferyjnymi \u2013 jak s\u0142uchawki, klawiatury czy drukarki. Dost\u0119pny jest r\u00f3wnie\u017c port Ethernet RJ45 o przepustowo\u015bci do 2500 Mbps, co daje niezawodne po\u0142\u0105czenie przewodowe, przydatne np. w biurze lub podczas pracy zdalnej.<\/p>\n<p>\n<img decoding=\"async\" src=\"https:\/\/assets.innpro.pl\/13856\/17106\/1b (3).jpg\" border=\"0\" alt=\"\" \/>\n<\/p>\n<h3>Wbudowane porty<\/h3>\n<p>G3 Plus zosta\u0142 wyposa\u017cony w 4 porty USB 3.2 i wej\u015bcie audio 3,5 mm Takie zestawienie pozwala pod\u0142\u0105czy\u0107 wi\u0119kszo\u015b\u0107 niezb\u0119dnych akcesori\u00f3w i urz\u0105dze\u0144 zewn\u0119trznych bez potrzeby u\u017cywania dodatkowych przej\u015bci\u00f3wek.<\/p>\n<p>\n<img decoding=\"async\" src=\"https:\/\/assets.innpro.pl\/13856\/17106\/1b (9).jpg\" border=\"0\" alt=\"\" \/>\n<\/p>\n<h3>Ciche i efektywne ch\u0142odzenie<\/h3>\n<p>Za stabiln\u0105 temperatur\u0119 pracy odpowiada system ch\u0142odzenia z wentylatorem i otworami wentylacyjnymi, wspierany przez miedziane rurki termiczne. Dzi\u0119ki temu urz\u0105dzenie pracuje stabilnie nawet przy wi\u0119kszym obci\u0105\u017ceniu, a jednocze\u015bnie jest ciche i nie zak\u0142\u00f3ca pracy czy ogl\u0105dania film\u00f3w.<\/p>\n<p>\n<img decoding=\"async\" src=\"https:\/\/assets.innpro.pl\/13856\/17106\/1b (5).jpg\" border=\"0\" alt=\"\" \/>\n<\/p>\n<h3>Windows 11 Pro i wsparcie dla Linuxa<\/h3>\n<p>Komputer dzia\u0142a na systemie Windows 11 Pro. Dodatkowo urz\u0105dzenie wspiera tak\u017ce systemy Windows 10, Linux, co daje wi\u0119cej swobody zaawansowanym u\u017cytkownikom i programistom.<\/p>\n<p>\n<img decoding=\"async\" src=\"https:\/\/assets.innpro.pl\/13856\/17106\/1b (7).jpg\" border=\"0\" alt=\"\" \/>\n<\/p>\n<h3>W zestawie<\/h3>\n<ul class=\"list-disc pl-5\">\n<li>mini PC<\/li>\n<li>zasilacz i kabel zasilania<\/li>\n<li>kabel HDMI<\/li>\n<li>mocowanie VESA i \u015bruby<\/li>\n<li>instrukcja obs\u0142ugi<\/li>\n<\/ul>\n<div class=\"table-wrapper\">\n<p>\u00a0<\/p>\n<h3><\/h3>\n<table>\n<tbody>\n<tr>\n<th>Producent <\/th>\n<td>GMKtec<\/td>\n<\/tr>\n<tr>\n<th>Model <\/th>\n<td>G3 Plus<\/td>\n<\/tr>\n<tr>\n<th>Wymiary <\/th>\n<td>114 x 106 x 42.5 mm<\/td>\n<\/tr>\n<tr>\n<th>Materia\u0142 obudowy <\/th>\n<td>plastik<\/td>\n<\/tr>\n<tr>\n<th>Waga <\/th>\n<td>266 g<\/td>\n<\/tr>\n<tr>\n<th>Procesor <\/th>\n<td>Intel N150 <\/td>\n<\/tr>\n<tr>\n<th>Maks. taktowanie <\/th>\n<td>3.6 GHz<\/td>\n<\/tr>\n<tr>\n<th>Pob\u00f3r mocy <\/th>\n<td>15 W<\/td>\n<\/tr>\n<tr>\n<th>Pami\u0119\u0107 RAM <\/th>\n<td>DDR4 3200 MHz<\/td>\n<\/tr>\n<tr>\n<th>Pojemno\u015b\u0107 pami\u0119ci RAM <\/th>\n<td>16GB<\/td>\n<\/tr>\n<tr>\n<th>EMMC <\/th>\n<td>Nie<\/td>\n<\/tr>\n<tr>\n<th>SSD <\/th>\n<td>512 GB M.2 2280 (maks. 4 TB), plus dodatkowy slot M.2 2242 SATA (maks. 2 TB)<\/td>\n<\/tr>\n<tr>\n<th>Obs\u0142uga dysku 2,5&#8243; HDD\/SSD <\/th>\n<td>Nie<\/td>\n<\/tr>\n<tr>\n<th>Czytnik kart TF <\/th>\n<td>Nie<\/td>\n<\/tr>\n<tr>\n<th>Start zegara czasu rzeczywistego <\/th>\n<td>Tak<\/td>\n<\/tr>\n<tr>\n<th>Obs\u0142uga BIOS <\/th>\n<td>Tak<\/td>\n<\/tr>\n<tr>\n<th>TPM <\/th>\n<td>Tak (obs\u0142uga TPM 2.0)<\/td>\n<\/tr>\n<tr>\n<th>Wyj\u015bcia wideo <\/th>\n<td>2x HDMI 2.0<\/td>\n<\/tr>\n<tr>\n<th>Wska\u017anik stanu<\/th>\n<td>bia\u0142y wska\u017anik zasilania<\/td>\n<\/tr>\n<tr>\n<th>Wi-Fi <\/th>\n<td>Wi-Fi 6<\/td>\n<\/tr>\n<tr>\n<th>Typ Interfejsu <\/th>\n<td>PCIe<\/td>\n<\/tr>\n<tr>\n<th>Bluetooth <\/th>\n<td>5.2<\/td>\n<\/tr>\n<tr>\n<th>Interfejs Bluetooth<\/th>\n<td>USB 2.0<\/td>\n<\/tr>\n<tr>\n<th>Wbudowane Wi-Fi <\/th>\n<td>Nie<\/td>\n<\/tr>\n<tr>\n<th>Wbudowany Bluetooth <\/th>\n<td>Nie<\/td>\n<\/tr>\n<tr>\n<th>LAN <\/th>\n<td>1x Giga LAN (2500M\/1000M\/100M\/10M)<\/td>\n<\/tr>\n<tr>\n<th>USB 2.0 <\/th>\n<td>Nie<\/td>\n<\/tr>\n<tr>\n<th>USB 3.2<\/th>\n<td>4x USB-A 3.2<\/td>\n<\/tr>\n<tr>\n<th>Rozszerzenie pami\u0119ci zewn\u0119trznej <\/th>\n<td>Nie<\/td>\n<\/tr>\n<tr>\n<th>Wyj\u015bcia audio\/wideo <\/th>\n<td>2x HDMI 2.0<\/td>\n<\/tr>\n<tr>\n<th>Porty Ethernet <\/th>\n<td>1x RJ45<\/td>\n<\/tr>\n<tr>\n<th>Transfer danych <\/th>\n<td>Nie<\/td>\n<\/tr>\n<tr>\n<th>Przyciski <\/th>\n<td>Przycisk zasilania<\/td>\n<\/tr>\n<tr>\n<th>DC IN<\/th>\n<td>Tak<\/td>\n<\/tr>\n<tr>\n<th>Wej\u015bcie\/wyj\u015bcie audio <\/th>\n<td>1x gniazdo s\u0142uchawkowe 3.5 mm<\/td>\n<\/tr>\n<tr>\n<th>Anteny <\/th>\n<td>FPC Wi-Fi + BT; FPC Wi-Fi<\/td>\n<\/tr>\n<tr>\n<th>System operacyjny <\/th>\n<td>Windows 11 Pro (zainstalowany), obs\u0142uga Linux<\/td>\n<\/tr>\n<tr>\n<th>Temperatura robocza<\/th>\n<td>0-40\u00b0C<\/td>\n<\/tr>\n<tr>\n<th>Temperatura przechowywania<\/th>\n<td>0-40\u00b0C<\/td>\n<\/tr>\n<tr>\n<th>Wilgotno\u015b\u0107 <\/th>\n<td>10-90%RH<\/td>\n<\/tr>\n<tr>\n<th>Zasilanie<\/th>\n<td>wej\u015bcie 100~240V 50\/60Hz, wyj\u015bcie 12V\/3A,36W, DC 5.5\/2.5mm<\/td>\n<\/tr>\n<tr>\n<th>Zdalne sterowanie IR <\/th>\n<td>Nie<\/td>\n<\/tr>\n<tr>\n<th>VESA <\/th>\n<td>Tak<\/td>\n<\/tr>\n<tr>\n<th>Pasma radiowe <\/th>\n<td>2.4G \/ 5G \/ BT<\/td>\n<\/tr>\n<tr>\n<th>Maks. moc nadawcza <\/th>\n<td>17dBm \/ 14dBm \/ 6dBm<\/td>\n<\/tr>\n<\/tbody>\n<\/table>\n<\/div>\n","protected":false},"excerpt":{"rendered":"<p>Mini PC GMKtec G3 PLUS Intel N150 16GB RAM + 512GB SSD WIN 11 Pro GMKtec G3 PLUS to kompaktowy<\/p>\n","protected":false},"featured_media":47376,"comment_status":"closed","ping_status":"open","template":"","meta":{"_acf_changed":false},"product_brand":[],"product_cat":[5929,6006],"product_tag":[],"class_list":{"0":"post-60341","1":"product","2":"type-product","3":"status-publish","4":"has-post-thumbnail","6":"product_cat-akcesoria-it","7":"product_cat-mini-pc","8":"pa_okres-gwarancji-5754","9":"pa_producent-gmktec","11":"first","12":"outofstock","13":"taxable","14":"shipping-taxable","15":"purchasable","16":"product-type-simple"},"acf":[],"yoast_head":"<!-- This site is optimized with the Yoast SEO plugin v27.2 - https:\/\/yoast.com\/product\/yoast-seo-wordpress\/ -->\n<title>Mini PC GMKtec G3 PLUS Intel N150 16GB\/512GB Win11 Pro - IRONSKY.PL Sklep z Dronami<\/title>\n<meta name=\"description\" content=\"Mini PC GMKtec G3 PLUS Intel N150 16GB\/512GB Win11 Pro - \u2705 sklep z dronami i fachowym doradztwem. \u2705 Tutaj kupisz produkty DJI, Yuneec, Parrot, Syma i wiele innych, a tak\u017ce kursy i licencje na operatora drona.\" \/>\n<meta name=\"robots\" content=\"index, follow, max-snippet:-1, max-image-preview:large, max-video-preview:-1\" \/>\n<link rel=\"canonical\" href=\"https:\/\/ironsky.pl\/sklep\/produkt\/mini-pc-gmktec-g3-plus-intel-n150-16gb-512gb-win11-pro\/\" \/>\n<meta property=\"og:locale\" content=\"pl_PL\" \/>\n<meta property=\"og:type\" content=\"article\" \/>\n<meta property=\"og:title\" content=\"Mini PC GMKtec G3 PLUS Intel N150 16GB\/512GB Win11 Pro - IRONSKY.PL Sklep z Dronami\" \/>\n<meta property=\"og:description\" content=\"Mini PC GMKtec G3 PLUS Intel N150 16GB\/512GB Win11 Pro - \u2705 sklep z dronami i fachowym doradztwem. \u2705 Tutaj kupisz produkty DJI, Yuneec, Parrot, Syma i wiele innych, a tak\u017ce kursy i licencje na operatora drona.\" \/>\n<meta property=\"og:url\" content=\"https:\/\/ironsky.pl\/sklep\/produkt\/mini-pc-gmktec-g3-plus-intel-n150-16gb-512gb-win11-pro\/\" \/>\n<meta property=\"og:site_name\" content=\"IRONSKY.PL Sklep z Dronami\" \/>\n<meta property=\"article:modified_time\" content=\"2026-04-15T09:00:40+00:00\" \/>\n<meta property=\"og:image\" content=\"https:\/\/ironsky.pl\/sklep\/wp-content\/uploads\/2025\/06\/51814_2.jpg\" \/>\n\t<meta property=\"og:image:width\" content=\"800\" \/>\n\t<meta property=\"og:image:height\" content=\"800\" \/>\n\t<meta property=\"og:image:type\" content=\"image\/jpeg\" \/>\n<meta name=\"twitter:card\" content=\"summary_large_image\" \/>\n<meta name=\"twitter:label1\" content=\"Szacowany czas czytania\" \/>\n\t<meta name=\"twitter:data1\" content=\"4 minuty\" \/>\n<script type=\"application\/ld+json\" class=\"yoast-schema-graph\">{\"@context\":\"https:\/\/schema.org\",\"@graph\":[{\"@type\":\"WebPage\",\"@id\":\"https:\/\/ironsky.pl\/sklep\/produkt\/mini-pc-gmktec-g3-plus-intel-n150-16gb-512gb-win11-pro\/\",\"url\":\"https:\/\/ironsky.pl\/sklep\/produkt\/mini-pc-gmktec-g3-plus-intel-n150-16gb-512gb-win11-pro\/\",\"name\":\"Mini PC GMKtec G3 PLUS Intel N150 16GB\/512GB Win11 Pro - IRONSKY.PL Sklep z Dronami\",\"isPartOf\":{\"@id\":\"https:\/\/ironsky.pl\/sklep\/#website\"},\"primaryImageOfPage\":{\"@id\":\"https:\/\/ironsky.pl\/sklep\/produkt\/mini-pc-gmktec-g3-plus-intel-n150-16gb-512gb-win11-pro\/#primaryimage\"},\"image\":{\"@id\":\"https:\/\/ironsky.pl\/sklep\/produkt\/mini-pc-gmktec-g3-plus-intel-n150-16gb-512gb-win11-pro\/#primaryimage\"},\"thumbnailUrl\":\"https:\/\/ironsky.pl\/sklep\/wp-content\/uploads\/2025\/06\/51814_2.jpg\",\"datePublished\":\"2026-04-15T09:00:13+00:00\",\"dateModified\":\"2026-04-15T09:00:40+00:00\",\"description\":\"Mini PC GMKtec G3 PLUS Intel N150 16GB\/512GB Win11 Pro - \u2705 sklep z dronami i fachowym doradztwem. \u2705 Tutaj kupisz produkty DJI, Yuneec, Parrot, Syma i wiele innych, a tak\u017ce kursy i licencje na operatora drona.\",\"breadcrumb\":{\"@id\":\"https:\/\/ironsky.pl\/sklep\/produkt\/mini-pc-gmktec-g3-plus-intel-n150-16gb-512gb-win11-pro\/#breadcrumb\"},\"inLanguage\":\"pl-PL\",\"potentialAction\":[{\"@type\":\"ReadAction\",\"target\":[\"https:\/\/ironsky.pl\/sklep\/produkt\/mini-pc-gmktec-g3-plus-intel-n150-16gb-512gb-win11-pro\/\"]}]},{\"@type\":\"ImageObject\",\"inLanguage\":\"pl-PL\",\"@id\":\"https:\/\/ironsky.pl\/sklep\/produkt\/mini-pc-gmktec-g3-plus-intel-n150-16gb-512gb-win11-pro\/#primaryimage\",\"url\":\"https:\/\/ironsky.pl\/sklep\/wp-content\/uploads\/2025\/06\/51814_2.jpg\",\"contentUrl\":\"https:\/\/ironsky.pl\/sklep\/wp-content\/uploads\/2025\/06\/51814_2.jpg\",\"width\":800,\"height\":800},{\"@type\":\"BreadcrumbList\",\"@id\":\"https:\/\/ironsky.pl\/sklep\/produkt\/mini-pc-gmktec-g3-plus-intel-n150-16gb-512gb-win11-pro\/#breadcrumb\",\"itemListElement\":[{\"@type\":\"ListItem\",\"position\":1,\"name\":\"Strona g\u0142\u00f3wna\",\"item\":\"https:\/\/ironsky.pl\/sklep\/\"},{\"@type\":\"ListItem\",\"position\":2,\"name\":\"Wszystkie produkty\",\"item\":\"https:\/\/ironsky.pl\/sklep\/produkty\/\"},{\"@type\":\"ListItem\",\"position\":3,\"name\":\"Mini PC GMKtec G3 PLUS Intel N150 16GB\/512GB Win11 Pro\"}]},{\"@type\":\"WebSite\",\"@id\":\"https:\/\/ironsky.pl\/sklep\/#website\",\"url\":\"https:\/\/ironsky.pl\/sklep\/\",\"name\":\"IRONSKY.PL Sklep z Dronami\",\"description\":\"IRONSKY.PL Sklep z Dronami\",\"potentialAction\":[{\"@type\":\"SearchAction\",\"target\":{\"@type\":\"EntryPoint\",\"urlTemplate\":\"https:\/\/ironsky.pl\/sklep\/?s={search_term_string}\"},\"query-input\":{\"@type\":\"PropertyValueSpecification\",\"valueRequired\":true,\"valueName\":\"search_term_string\"}}],\"inLanguage\":\"pl-PL\"}]}<\/script>\n<!-- \/ Yoast SEO plugin. -->","yoast_head_json":{"title":"Mini PC GMKtec G3 PLUS Intel N150 16GB\/512GB Win11 Pro - IRONSKY.PL Sklep z Dronami","description":"Mini PC GMKtec G3 PLUS Intel N150 16GB\/512GB Win11 Pro - \u2705 sklep z dronami i fachowym doradztwem. \u2705 Tutaj kupisz produkty DJI, Yuneec, Parrot, Syma i wiele innych, a tak\u017ce kursy i licencje na operatora drona.","robots":{"index":"index","follow":"follow","max-snippet":"max-snippet:-1","max-image-preview":"max-image-preview:large","max-video-preview":"max-video-preview:-1"},"canonical":"https:\/\/ironsky.pl\/sklep\/produkt\/mini-pc-gmktec-g3-plus-intel-n150-16gb-512gb-win11-pro\/","og_locale":"pl_PL","og_type":"article","og_title":"Mini PC GMKtec G3 PLUS Intel N150 16GB\/512GB Win11 Pro - IRONSKY.PL Sklep z Dronami","og_description":"Mini PC GMKtec G3 PLUS Intel N150 16GB\/512GB Win11 Pro - \u2705 sklep z dronami i fachowym doradztwem. \u2705 Tutaj kupisz produkty DJI, Yuneec, Parrot, Syma i wiele innych, a tak\u017ce kursy i licencje na operatora drona.","og_url":"https:\/\/ironsky.pl\/sklep\/produkt\/mini-pc-gmktec-g3-plus-intel-n150-16gb-512gb-win11-pro\/","og_site_name":"IRONSKY.PL Sklep z Dronami","article_modified_time":"2026-04-15T09:00:40+00:00","og_image":[{"width":800,"height":800,"url":"https:\/\/ironsky.pl\/sklep\/wp-content\/uploads\/2025\/06\/51814_2.jpg","type":"image\/jpeg"}],"twitter_card":"summary_large_image","twitter_misc":{"Szacowany czas czytania":"4 minuty"},"schema":{"@context":"https:\/\/schema.org","@graph":[{"@type":"WebPage","@id":"https:\/\/ironsky.pl\/sklep\/produkt\/mini-pc-gmktec-g3-plus-intel-n150-16gb-512gb-win11-pro\/","url":"https:\/\/ironsky.pl\/sklep\/produkt\/mini-pc-gmktec-g3-plus-intel-n150-16gb-512gb-win11-pro\/","name":"Mini PC GMKtec G3 PLUS Intel N150 16GB\/512GB Win11 Pro - IRONSKY.PL Sklep z Dronami","isPartOf":{"@id":"https:\/\/ironsky.pl\/sklep\/#website"},"primaryImageOfPage":{"@id":"https:\/\/ironsky.pl\/sklep\/produkt\/mini-pc-gmktec-g3-plus-intel-n150-16gb-512gb-win11-pro\/#primaryimage"},"image":{"@id":"https:\/\/ironsky.pl\/sklep\/produkt\/mini-pc-gmktec-g3-plus-intel-n150-16gb-512gb-win11-pro\/#primaryimage"},"thumbnailUrl":"https:\/\/ironsky.pl\/sklep\/wp-content\/uploads\/2025\/06\/51814_2.jpg","datePublished":"2026-04-15T09:00:13+00:00","dateModified":"2026-04-15T09:00:40+00:00","description":"Mini PC GMKtec G3 PLUS Intel N150 16GB\/512GB Win11 Pro - \u2705 sklep z dronami i fachowym doradztwem. \u2705 Tutaj kupisz produkty DJI, Yuneec, Parrot, Syma i wiele innych, a tak\u017ce kursy i licencje na operatora drona.","breadcrumb":{"@id":"https:\/\/ironsky.pl\/sklep\/produkt\/mini-pc-gmktec-g3-plus-intel-n150-16gb-512gb-win11-pro\/#breadcrumb"},"inLanguage":"pl-PL","potentialAction":[{"@type":"ReadAction","target":["https:\/\/ironsky.pl\/sklep\/produkt\/mini-pc-gmktec-g3-plus-intel-n150-16gb-512gb-win11-pro\/"]}]},{"@type":"ImageObject","inLanguage":"pl-PL","@id":"https:\/\/ironsky.pl\/sklep\/produkt\/mini-pc-gmktec-g3-plus-intel-n150-16gb-512gb-win11-pro\/#primaryimage","url":"https:\/\/ironsky.pl\/sklep\/wp-content\/uploads\/2025\/06\/51814_2.jpg","contentUrl":"https:\/\/ironsky.pl\/sklep\/wp-content\/uploads\/2025\/06\/51814_2.jpg","width":800,"height":800},{"@type":"BreadcrumbList","@id":"https:\/\/ironsky.pl\/sklep\/produkt\/mini-pc-gmktec-g3-plus-intel-n150-16gb-512gb-win11-pro\/#breadcrumb","itemListElement":[{"@type":"ListItem","position":1,"name":"Strona g\u0142\u00f3wna","item":"https:\/\/ironsky.pl\/sklep\/"},{"@type":"ListItem","position":2,"name":"Wszystkie produkty","item":"https:\/\/ironsky.pl\/sklep\/produkty\/"},{"@type":"ListItem","position":3,"name":"Mini PC GMKtec G3 PLUS Intel N150 16GB\/512GB Win11 Pro"}]},{"@type":"WebSite","@id":"https:\/\/ironsky.pl\/sklep\/#website","url":"https:\/\/ironsky.pl\/sklep\/","name":"IRONSKY.PL Sklep z Dronami","description":"IRONSKY.PL Sklep z Dronami","potentialAction":[{"@type":"SearchAction","target":{"@type":"EntryPoint","urlTemplate":"https:\/\/ironsky.pl\/sklep\/?s={search_term_string}"},"query-input":{"@type":"PropertyValueSpecification","valueRequired":true,"valueName":"search_term_string"}}],"inLanguage":"pl-PL"}]}},"_links":{"self":[{"href":"https:\/\/ironsky.pl\/sklep\/wp-json\/wp\/v2\/product\/60341","targetHints":{"allow":["GET"]}}],"collection":[{"href":"https:\/\/ironsky.pl\/sklep\/wp-json\/wp\/v2\/product"}],"about":[{"href":"https:\/\/ironsky.pl\/sklep\/wp-json\/wp\/v2\/types\/product"}],"replies":[{"embeddable":true,"href":"https:\/\/ironsky.pl\/sklep\/wp-json\/wp\/v2\/comments?post=60341"}],"wp:featuredmedia":[{"embeddable":true,"href":"https:\/\/ironsky.pl\/sklep\/wp-json\/wp\/v2\/media\/47376"}],"wp:attachment":[{"href":"https:\/\/ironsky.pl\/sklep\/wp-json\/wp\/v2\/media?parent=60341"}],"wp:term":[{"taxonomy":"product_brand","embeddable":true,"href":"https:\/\/ironsky.pl\/sklep\/wp-json\/wp\/v2\/product_brand?post=60341"},{"taxonomy":"product_cat","embeddable":true,"href":"https:\/\/ironsky.pl\/sklep\/wp-json\/wp\/v2\/product_cat?post=60341"},{"taxonomy":"product_tag","embeddable":true,"href":"https:\/\/ironsky.pl\/sklep\/wp-json\/wp\/v2\/product_tag?post=60341"}],"curies":[{"name":"wp","href":"https:\/\/api.w.org\/{rel}","templated":true}]}}