{"id":60334,"date":"2026-04-15T11:00:13","date_gmt":"2026-04-15T09:00:13","guid":{"rendered":"https:\/\/ironsky.pl\/sklep\/produkt\/karta-sieciowa-usb-ugreen-cm763-wi-fi-6-2-4-5ghz\/"},"modified":"2026-04-15T11:00:31","modified_gmt":"2026-04-15T09:00:31","slug":"karta-sieciowa-usb-ugreen-cm763-wi-fi-6-2-4-5ghz","status":"publish","type":"product","link":"https:\/\/ironsky.pl\/sklep\/produkt\/karta-sieciowa-usb-ugreen-cm763-wi-fi-6-2-4-5ghz\/","title":{"rendered":"Karta sieciowa USB UGREEN CM763 Wi-Fi 6 2.4\/5GHz"},"content":{"rendered":"<h3>Karta sieciowa USB \/ Adapter Wi-Fi UGREEN CM763, 2.4\/5GHz<\/h3>\n<p>Adapter USB UGREEN CM763 to niezawodne rozwi\u0105zanie dla os\u00f3b, kt\u00f3re chc\u0105 cieszy\u0107 si\u0119 stabilnym i szybkim dost\u0119pem do sieci bez konieczno\u015bci wymiany ca\u0142ego sprz\u0119tu. Obs\u0142uguje technologi\u0119 Wi-Fi 6 i pracuje w dw\u00f3ch pasmach \u2013 2.4 GHz (287 Mb\/s) i 5 GHz (600 Mb\/s), co pozwala na komfortowe przegl\u0105danie internetu, granie online, streamowanie czy prowadzenie wideorozm\u00f3w. Dodatkowo zastosowanie technologii MU-MIMO i OFDMA zwi\u0119ksza przepustowo\u015b\u0107 sieci i umo\u017cliwia p\u0142ynne dzia\u0142anie nawet przy pod\u0142\u0105czeniu wielu urz\u0105dze\u0144 jednocze\u015bnie.<\/p>\n<p>\n<img decoding=\"async\" src=\"https:\/\/assets.innpro.pl\/13900\/17228\/2.jpg\" border=\"0\" alt=\"\" \/>\n<\/p>\n<h3>Bezpiecze\u0144stwo i elastyczno\u015b\u0107 u\u017cytkowania<\/h3>\n<p>UGREEN CM763 dzia\u0142a zar\u00f3wno jako odbiornik, jak i nadajnik Wi-Fi \u2013 wystarczy pod\u0142\u0105czy\u0107 go do komputera, by korzysta\u0107 z internetu lub stworzy\u0107 w\u0142asny hotspot. Dzi\u0119ki szerokiej kompatybilno\u015bci (Windows 10\/11, Linux) i wbudowanym zabezpieczeniom (<a href=\"http:\/\/m.in\">m.in<\/a>. przed pr\u00f3bami w\u0142ama\u0144, przechwytywaniem danych i trojanami), adapter zapewnia nie tylko wygod\u0119, ale i pe\u0142n\u0105 ochron\u0119 po\u0142\u0105czenia. Kompaktowa konstrukcja zewn\u0119trzna z ruchom\u0105 anten\u0105 zwi\u0119ksza zasi\u0119g sygna\u0142u i u\u0142atwia ustawienie optymalnej pozycji.<\/p>\n<p>\n<img decoding=\"async\" src=\"https:\/\/assets.innpro.pl\/13900\/17228\/1.jpg\" border=\"0\" alt=\"\" \/>\n<\/p>\n<div class=\"table-wrapper\">\n<p>\u00a0<\/p>\n<h3><\/h3>\n<table>\n<tbody>\n<tr>\n<th>Producent<\/th>\n<td>Ugreen<\/td>\n<\/tr>\n<tr>\n<th>Model<\/th>\n<td>CM763 35265<\/td>\n<\/tr>\n<tr>\n<th>Kompatybilno\u015b\u0107<\/th>\n<td>Windows 10\/11; Linux<\/td>\n<\/tr>\n<tr>\n<th>Pr\u0119dko\u015b\u0107 transmisji<\/th>\n<td>5G = 600 Mbps; 2.4G = 287 Mbps<\/td>\n<\/tr>\n<\/tbody>\n<\/table>\n<\/div>\n","protected":false},"excerpt":{"rendered":"<p>Karta sieciowa USB \/ Adapter Wi-Fi UGREEN CM763, 2.4\/5GHz Adapter USB UGREEN CM763 to niezawodne rozwi\u0105zanie dla os\u00f3b, kt\u00f3re chc\u0105<\/p>\n","protected":false},"featured_media":47320,"comment_status":"closed","ping_status":"open","template":"","meta":{"_acf_changed":false},"product_brand":[],"product_cat":[5930,5929],"product_tag":[],"class_list":{"0":"post-60334","1":"product","2":"type-product","3":"status-publish","4":"has-post-thumbnail","6":"product_cat-adaptery-przejsciowki-konwertery","7":"product_cat-akcesoria-it","8":"pa_okres-gwarancji-5757","9":"pa_producent-ugreen","11":"first","12":"outofstock","13":"taxable","14":"shipping-taxable","15":"purchasable","16":"product-type-simple"},"acf":[],"yoast_head":"<!-- This site is optimized with the Yoast SEO plugin v27.2 - https:\/\/yoast.com\/product\/yoast-seo-wordpress\/ -->\n<title>Karta sieciowa USB UGREEN CM763 Wi-Fi 6 2.4\/5GHz - IRONSKY.PL Sklep z Dronami<\/title>\n<meta name=\"description\" content=\"Karta sieciowa USB UGREEN CM763 Wi-Fi 6 2.4\/5GHz - \u2705 sklep z dronami i fachowym doradztwem. \u2705 Tutaj kupisz produkty DJI, Yuneec, Parrot, Syma i wiele innych, a tak\u017ce kursy i licencje na operatora drona.\" \/>\n<meta name=\"robots\" content=\"index, follow, max-snippet:-1, max-image-preview:large, max-video-preview:-1\" \/>\n<link rel=\"canonical\" href=\"https:\/\/ironsky.pl\/sklep\/produkt\/karta-sieciowa-usb-ugreen-cm763-wi-fi-6-2-4-5ghz\/\" \/>\n<meta property=\"og:locale\" content=\"pl_PL\" \/>\n<meta property=\"og:type\" content=\"article\" \/>\n<meta property=\"og:title\" content=\"Karta sieciowa USB UGREEN CM763 Wi-Fi 6 2.4\/5GHz - IRONSKY.PL Sklep z Dronami\" \/>\n<meta property=\"og:description\" content=\"Karta sieciowa USB UGREEN CM763 Wi-Fi 6 2.4\/5GHz - \u2705 sklep z dronami i fachowym doradztwem. \u2705 Tutaj kupisz produkty DJI, Yuneec, Parrot, Syma i wiele innych, a tak\u017ce kursy i licencje na operatora drona.\" \/>\n<meta property=\"og:url\" content=\"https:\/\/ironsky.pl\/sklep\/produkt\/karta-sieciowa-usb-ugreen-cm763-wi-fi-6-2-4-5ghz\/\" \/>\n<meta property=\"og:site_name\" content=\"IRONSKY.PL Sklep z Dronami\" \/>\n<meta property=\"article:modified_time\" content=\"2026-04-15T09:00:31+00:00\" \/>\n<meta property=\"og:image\" content=\"https:\/\/ironsky.pl\/sklep\/wp-content\/uploads\/2025\/06\/51609_1.jpg\" \/>\n\t<meta property=\"og:image:width\" content=\"800\" \/>\n\t<meta property=\"og:image:height\" content=\"800\" \/>\n\t<meta property=\"og:image:type\" content=\"image\/jpeg\" \/>\n<meta name=\"twitter:card\" content=\"summary_large_image\" \/>\n<meta name=\"twitter:label1\" content=\"Szacowany czas czytania\" \/>\n\t<meta name=\"twitter:data1\" content=\"1 minuta\" \/>\n<script type=\"application\/ld+json\" class=\"yoast-schema-graph\">{\"@context\":\"https:\/\/schema.org\",\"@graph\":[{\"@type\":\"WebPage\",\"@id\":\"https:\/\/ironsky.pl\/sklep\/produkt\/karta-sieciowa-usb-ugreen-cm763-wi-fi-6-2-4-5ghz\/\",\"url\":\"https:\/\/ironsky.pl\/sklep\/produkt\/karta-sieciowa-usb-ugreen-cm763-wi-fi-6-2-4-5ghz\/\",\"name\":\"Karta sieciowa USB UGREEN CM763 Wi-Fi 6 2.4\/5GHz - IRONSKY.PL Sklep z Dronami\",\"isPartOf\":{\"@id\":\"https:\/\/ironsky.pl\/sklep\/#website\"},\"primaryImageOfPage\":{\"@id\":\"https:\/\/ironsky.pl\/sklep\/produkt\/karta-sieciowa-usb-ugreen-cm763-wi-fi-6-2-4-5ghz\/#primaryimage\"},\"image\":{\"@id\":\"https:\/\/ironsky.pl\/sklep\/produkt\/karta-sieciowa-usb-ugreen-cm763-wi-fi-6-2-4-5ghz\/#primaryimage\"},\"thumbnailUrl\":\"https:\/\/ironsky.pl\/sklep\/wp-content\/uploads\/2025\/06\/51609_1.jpg\",\"datePublished\":\"2026-04-15T09:00:13+00:00\",\"dateModified\":\"2026-04-15T09:00:31+00:00\",\"description\":\"Karta sieciowa USB UGREEN CM763 Wi-Fi 6 2.4\/5GHz - \u2705 sklep z dronami i fachowym doradztwem. \u2705 Tutaj kupisz produkty DJI, Yuneec, Parrot, Syma i wiele innych, a tak\u017ce kursy i licencje na operatora drona.\",\"breadcrumb\":{\"@id\":\"https:\/\/ironsky.pl\/sklep\/produkt\/karta-sieciowa-usb-ugreen-cm763-wi-fi-6-2-4-5ghz\/#breadcrumb\"},\"inLanguage\":\"pl-PL\",\"potentialAction\":[{\"@type\":\"ReadAction\",\"target\":[\"https:\/\/ironsky.pl\/sklep\/produkt\/karta-sieciowa-usb-ugreen-cm763-wi-fi-6-2-4-5ghz\/\"]}]},{\"@type\":\"ImageObject\",\"inLanguage\":\"pl-PL\",\"@id\":\"https:\/\/ironsky.pl\/sklep\/produkt\/karta-sieciowa-usb-ugreen-cm763-wi-fi-6-2-4-5ghz\/#primaryimage\",\"url\":\"https:\/\/ironsky.pl\/sklep\/wp-content\/uploads\/2025\/06\/51609_1.jpg\",\"contentUrl\":\"https:\/\/ironsky.pl\/sklep\/wp-content\/uploads\/2025\/06\/51609_1.jpg\",\"width\":800,\"height\":800},{\"@type\":\"BreadcrumbList\",\"@id\":\"https:\/\/ironsky.pl\/sklep\/produkt\/karta-sieciowa-usb-ugreen-cm763-wi-fi-6-2-4-5ghz\/#breadcrumb\",\"itemListElement\":[{\"@type\":\"ListItem\",\"position\":1,\"name\":\"Strona g\u0142\u00f3wna\",\"item\":\"https:\/\/ironsky.pl\/sklep\/\"},{\"@type\":\"ListItem\",\"position\":2,\"name\":\"Wszystkie produkty\",\"item\":\"https:\/\/ironsky.pl\/sklep\/produkty\/\"},{\"@type\":\"ListItem\",\"position\":3,\"name\":\"Karta sieciowa USB UGREEN CM763 Wi-Fi 6 2.4\/5GHz\"}]},{\"@type\":\"WebSite\",\"@id\":\"https:\/\/ironsky.pl\/sklep\/#website\",\"url\":\"https:\/\/ironsky.pl\/sklep\/\",\"name\":\"IRONSKY.PL Sklep z Dronami\",\"description\":\"IRONSKY.PL Sklep z Dronami\",\"potentialAction\":[{\"@type\":\"SearchAction\",\"target\":{\"@type\":\"EntryPoint\",\"urlTemplate\":\"https:\/\/ironsky.pl\/sklep\/?s={search_term_string}\"},\"query-input\":{\"@type\":\"PropertyValueSpecification\",\"valueRequired\":true,\"valueName\":\"search_term_string\"}}],\"inLanguage\":\"pl-PL\"}]}<\/script>\n<!-- \/ Yoast SEO plugin. -->","yoast_head_json":{"title":"Karta sieciowa USB UGREEN CM763 Wi-Fi 6 2.4\/5GHz - IRONSKY.PL Sklep z Dronami","description":"Karta sieciowa USB UGREEN CM763 Wi-Fi 6 2.4\/5GHz - \u2705 sklep z dronami i fachowym doradztwem. \u2705 Tutaj kupisz produkty DJI, Yuneec, Parrot, Syma i wiele innych, a tak\u017ce kursy i licencje na operatora drona.","robots":{"index":"index","follow":"follow","max-snippet":"max-snippet:-1","max-image-preview":"max-image-preview:large","max-video-preview":"max-video-preview:-1"},"canonical":"https:\/\/ironsky.pl\/sklep\/produkt\/karta-sieciowa-usb-ugreen-cm763-wi-fi-6-2-4-5ghz\/","og_locale":"pl_PL","og_type":"article","og_title":"Karta sieciowa USB UGREEN CM763 Wi-Fi 6 2.4\/5GHz - IRONSKY.PL Sklep z Dronami","og_description":"Karta sieciowa USB UGREEN CM763 Wi-Fi 6 2.4\/5GHz - \u2705 sklep z dronami i fachowym doradztwem. \u2705 Tutaj kupisz produkty DJI, Yuneec, Parrot, Syma i wiele innych, a tak\u017ce kursy i licencje na operatora drona.","og_url":"https:\/\/ironsky.pl\/sklep\/produkt\/karta-sieciowa-usb-ugreen-cm763-wi-fi-6-2-4-5ghz\/","og_site_name":"IRONSKY.PL Sklep z Dronami","article_modified_time":"2026-04-15T09:00:31+00:00","og_image":[{"width":800,"height":800,"url":"https:\/\/ironsky.pl\/sklep\/wp-content\/uploads\/2025\/06\/51609_1.jpg","type":"image\/jpeg"}],"twitter_card":"summary_large_image","twitter_misc":{"Szacowany czas czytania":"1 minuta"},"schema":{"@context":"https:\/\/schema.org","@graph":[{"@type":"WebPage","@id":"https:\/\/ironsky.pl\/sklep\/produkt\/karta-sieciowa-usb-ugreen-cm763-wi-fi-6-2-4-5ghz\/","url":"https:\/\/ironsky.pl\/sklep\/produkt\/karta-sieciowa-usb-ugreen-cm763-wi-fi-6-2-4-5ghz\/","name":"Karta sieciowa USB UGREEN CM763 Wi-Fi 6 2.4\/5GHz - IRONSKY.PL Sklep z Dronami","isPartOf":{"@id":"https:\/\/ironsky.pl\/sklep\/#website"},"primaryImageOfPage":{"@id":"https:\/\/ironsky.pl\/sklep\/produkt\/karta-sieciowa-usb-ugreen-cm763-wi-fi-6-2-4-5ghz\/#primaryimage"},"image":{"@id":"https:\/\/ironsky.pl\/sklep\/produkt\/karta-sieciowa-usb-ugreen-cm763-wi-fi-6-2-4-5ghz\/#primaryimage"},"thumbnailUrl":"https:\/\/ironsky.pl\/sklep\/wp-content\/uploads\/2025\/06\/51609_1.jpg","datePublished":"2026-04-15T09:00:13+00:00","dateModified":"2026-04-15T09:00:31+00:00","description":"Karta sieciowa USB UGREEN CM763 Wi-Fi 6 2.4\/5GHz - \u2705 sklep z dronami i fachowym doradztwem. \u2705 Tutaj kupisz produkty DJI, Yuneec, Parrot, Syma i wiele innych, a tak\u017ce kursy i licencje na operatora drona.","breadcrumb":{"@id":"https:\/\/ironsky.pl\/sklep\/produkt\/karta-sieciowa-usb-ugreen-cm763-wi-fi-6-2-4-5ghz\/#breadcrumb"},"inLanguage":"pl-PL","potentialAction":[{"@type":"ReadAction","target":["https:\/\/ironsky.pl\/sklep\/produkt\/karta-sieciowa-usb-ugreen-cm763-wi-fi-6-2-4-5ghz\/"]}]},{"@type":"ImageObject","inLanguage":"pl-PL","@id":"https:\/\/ironsky.pl\/sklep\/produkt\/karta-sieciowa-usb-ugreen-cm763-wi-fi-6-2-4-5ghz\/#primaryimage","url":"https:\/\/ironsky.pl\/sklep\/wp-content\/uploads\/2025\/06\/51609_1.jpg","contentUrl":"https:\/\/ironsky.pl\/sklep\/wp-content\/uploads\/2025\/06\/51609_1.jpg","width":800,"height":800},{"@type":"BreadcrumbList","@id":"https:\/\/ironsky.pl\/sklep\/produkt\/karta-sieciowa-usb-ugreen-cm763-wi-fi-6-2-4-5ghz\/#breadcrumb","itemListElement":[{"@type":"ListItem","position":1,"name":"Strona g\u0142\u00f3wna","item":"https:\/\/ironsky.pl\/sklep\/"},{"@type":"ListItem","position":2,"name":"Wszystkie produkty","item":"https:\/\/ironsky.pl\/sklep\/produkty\/"},{"@type":"ListItem","position":3,"name":"Karta sieciowa USB UGREEN CM763 Wi-Fi 6 2.4\/5GHz"}]},{"@type":"WebSite","@id":"https:\/\/ironsky.pl\/sklep\/#website","url":"https:\/\/ironsky.pl\/sklep\/","name":"IRONSKY.PL Sklep z Dronami","description":"IRONSKY.PL Sklep z Dronami","potentialAction":[{"@type":"SearchAction","target":{"@type":"EntryPoint","urlTemplate":"https:\/\/ironsky.pl\/sklep\/?s={search_term_string}"},"query-input":{"@type":"PropertyValueSpecification","valueRequired":true,"valueName":"search_term_string"}}],"inLanguage":"pl-PL"}]}},"_links":{"self":[{"href":"https:\/\/ironsky.pl\/sklep\/wp-json\/wp\/v2\/product\/60334","targetHints":{"allow":["GET"]}}],"collection":[{"href":"https:\/\/ironsky.pl\/sklep\/wp-json\/wp\/v2\/product"}],"about":[{"href":"https:\/\/ironsky.pl\/sklep\/wp-json\/wp\/v2\/types\/product"}],"replies":[{"embeddable":true,"href":"https:\/\/ironsky.pl\/sklep\/wp-json\/wp\/v2\/comments?post=60334"}],"wp:featuredmedia":[{"embeddable":true,"href":"https:\/\/ironsky.pl\/sklep\/wp-json\/wp\/v2\/media\/47320"}],"wp:attachment":[{"href":"https:\/\/ironsky.pl\/sklep\/wp-json\/wp\/v2\/media?parent=60334"}],"wp:term":[{"taxonomy":"product_brand","embeddable":true,"href":"https:\/\/ironsky.pl\/sklep\/wp-json\/wp\/v2\/product_brand?post=60334"},{"taxonomy":"product_cat","embeddable":true,"href":"https:\/\/ironsky.pl\/sklep\/wp-json\/wp\/v2\/product_cat?post=60334"},{"taxonomy":"product_tag","embeddable":true,"href":"https:\/\/ironsky.pl\/sklep\/wp-json\/wp\/v2\/product_tag?post=60334"}],"curies":[{"name":"wp","href":"https:\/\/api.w.org\/{rel}","templated":true}]}}