{"id":60329,"date":"2026-04-15T11:00:13","date_gmt":"2026-04-15T09:00:13","guid":{"rendered":"https:\/\/ironsky.pl\/sklep\/produkt\/ramka-cyfrowa-arzopa-d156-156-brazowa\/"},"modified":"2026-04-15T11:00:25","modified_gmt":"2026-04-15T09:00:25","slug":"ramka-cyfrowa-arzopa-d156-156-brazowa","status":"publish","type":"product","link":"https:\/\/ironsky.pl\/sklep\/produkt\/ramka-cyfrowa-arzopa-d156-156-brazowa\/","title":{"rendered":"Ramka cyfrowa ARZOPA D156 15,6&#8243; (br\u0105zowa)"},"content":{"rendered":"<h3>Cyfrowa ramka na zdj\u0119cia Arzopa D156 (br\u0105zowa) 15,6&#8243;<\/h3>\n<p>Cyfrowa ramka Arzopa D156 z ekranem dotykowym to nowoczesny spos\u00f3b na wy\u015bwietlanie Twoich wspomnie\u0144. Wiernie oddaje emocje zamkni\u0119te w zdj\u0119ciach na du\u017cym 15,6-calowym ekranie Full HD. Wyposa\u017cona w Wi-Fi, 32 GB wbudowanej pami\u0119ci i czytnik kart microSD, pozwala na szybkie przesy\u0142anie multimedi\u00f3w bezpo\u015brednio z telefonu \u2013 z dowolnego miejsca na \u015bwiecie. Obs\u0142uguje zdj\u0119cia, wideo i muzyk\u0119, a tak\u017ce automatyczn\u0105 rotacj\u0119, pozwalaj\u0105c wy\u015bwietla\u0107 zdj\u0119cia w dowolnej orientacji. Dzi\u0119ki minimalistycznej obudowie idealnie sprawdzi si\u0119 jako ozdoba domu lub prezent na ka\u017cd\u0105 okazj\u0119.<\/p>\n<p>\n<img decoding=\"async\" src=\"https:\/\/assets.innpro.pl\/14200\/17703\/1.jpg\" border=\"0\" alt=\"Pionowy i poziomy ekran cyfrowej ramki z t\u0105 sam\u0105 fotografi\u0105 kobiety trzymaj\u0105cej dziecko na tle kwitn\u0105cych drzew\" \/>\n<\/p>\n<h3>Wspomnienia na du\u017cym ekranie<\/h3>\n<p>Wy\u015bwietlaj zdj\u0119cia i filmy na du\u017cym, 15,6-calowym ekranie LCD w rozdzielczo\u015bci Full HD (1920 \u00d7 1080). Format 16:9 i kontrast 1000:1 sprawiaj\u0105, \u017ce obraz jest wyra\u017any i pe\u0142en kolor\u00f3w. Dzi\u0119ki temu ka\u017cda fotografia prezentuje si\u0119 wyrazi\u015bcie. Rodzinne chwile, nagrania z wakacji i wa\u017cne momenty zostan\u0105 z Tob\u0105 na d\u0142u\u017cej.<\/p>\n<p>\n<img decoding=\"async\" src=\"https:\/\/assets.innpro.pl\/14200\/17703\/2.jpg\" border=\"0\" alt=\"Zbli\u017cenie na cyfrow\u0105 ramk\u0119 z fotografi\u0105 kobiety trzymaj\u0105cej u\u015bmiechni\u0119te dziecko na tle kwitn\u0105cych drzew\" \/>\n<\/p>\n<h3>Udost\u0119pniaj zdj\u0119cia z dowolnego miejsca<\/h3>\n<p>Dzi\u0119ki wbudowanemu Wi-Fi i intuicyjnej aplikacji ARZOPA (dost\u0119pnej na Android i iOS), mo\u017cesz przesy\u0142a\u0107 zdj\u0119cia i wideo bezpo\u015brednio ze swojego telefonu \u2013 natychmiast i bez kabli. To \u015bwietne rozwi\u0105zanie, je\u015bli chcesz regularnie dzieli\u0107 si\u0119 nowinkami z babci\u0105, rodzicami czy przyjaci\u00f3\u0142mi \u2013 wystarczy jedno klikni\u0119cie.<\/p>\n<p>\n<img decoding=\"async\" src=\"https:\/\/assets.innpro.pl\/14200\/17703\/3.jpg\" border=\"0\" alt=\"Cyfrowa ramka wisz\u0105ca pionowo z fotografi\u0105 kobiety i dziecka przytulonych pod kwitn\u0105cym drzewem\" \/>\n<\/p>\n<h3>Pion, poziom? Automatyczna rotacja<\/h3>\n<p>Ramka sama rozpoznaje orientacj\u0119 zdj\u0119cia i dopasowuje jego u\u0142o\u017cenie \u2013 funkcja automatycznego obracania zapewnia, \u017ce ka\u017cde uj\u0119cie wygl\u0105da idealnie, niezale\u017cnie od tego, czy stawiasz ramk\u0119 pionowo, czy poziomo. Mo\u017cesz postawi\u0107 j\u0105 na p\u00f3\u0142ce, biurku czy komodzie \u2013 wsz\u0119dzie b\u0119dzie wygl\u0105da\u0107 elegancko.<\/p>\n<p>\n<img decoding=\"async\" src=\"https:\/\/assets.innpro.pl\/14200\/17703\/4.jpg\" border=\"0\" alt=\"Cyfrowa ramka z fotografi\u0105 dw\u00f3ch u\u015bmiechni\u0119tych dziewczynek na pla\u017cy i smartfonem z aplikacj\u0105 do przesy\u0142ania zdj\u0119\u0107\" \/>\n<\/p>\n<h3>Nie tylko zdj\u0119cia \u2013 odtwarzacz multimedialny<\/h3>\n<p>Ta ramka to wi\u0119cej ni\u017c tylko pokaz slajd\u00f3w. Obs\u0142uguje muzyk\u0119 (MP3), filmy (MP4, 3GP) i pokaz zdj\u0119\u0107 z podk\u0142adem d\u017awi\u0119kowym \u2013 wystarczy wgra\u0107 pliki przez czytnik kart pami\u0119ci (do 128 GB) lub z pami\u0119ci wbudowanej 32 GB. Dwa g\u0142o\u015bniki sprawiaj\u0105, \u017ce prezentacja nabiera jeszcze wi\u0119cej \u017cycia.<\/p>\n<p>\n<img decoding=\"async\" src=\"https:\/\/assets.innpro.pl\/14200\/17703\/5.jpg\" border=\"0\" alt=\"Cyfrowa ramka z fotografi\u0105 grupy weselnej z balonami i dymem kolorowym, ustawiona przed zapakowanym prezentem\" \/>\n<\/p>\n<h3>Nowoczesna funkcjonalno\u015b\u0107 i styl<\/h3>\n<p>Dzi\u0119ki funkcji automatycznego wy\u0142\u0105czania i timera mo\u017cesz ustawi\u0107 kiedy ramka ma si\u0119 uruchamia\u0107 i wy\u0142\u0105cza\u0107 \u2013 np. rano i wieczorem. Minimalistyczne obramowanie w kolorze ciemnego br\u0105zu wpisuje si\u0119 w ka\u017cdy wystr\u00f3j wn\u0119trza.<\/p>\n<p>\n<img decoding=\"async\" src=\"https:\/\/assets.innpro.pl\/14200\/17703\/6.jpg\" border=\"0\" alt=\"Cyfrowa ramka z fotografi\u0105 pary m\u0142odej i go\u015bci weselnych trzymaj\u0105cych kolorowe race na zielonej trawie\" \/>\n<\/p>\n<h3>W zestawie<\/h3>\n<ul class=\"list-disc pl-5\">\n<li>Ramka<\/li>\n<li>Zasilacz (5V\/2A)<\/li>\n<li>Wspornik<\/li>\n<li>Instrukcja obs\u0142ugi<\/li>\n<\/ul>\n<div class=\"table-wrapper\">\n<p>\u00a0<\/p>\n<h3><\/h3>\n<table>\n<tbody>\n<tr>\n<th>Producent<\/th>\n<td>Arzopa<\/td>\n<\/tr>\n<tr>\n<th>Model<\/th>\n<td>D156<\/td>\n<\/tr>\n<tr>\n<th>Kolor<\/th>\n<td>Ciemny br\u0105z<\/td>\n<\/tr>\n<tr>\n<th>Aplikacja<\/th>\n<td>ARZOPA (Android\/iOS)<\/td>\n<\/tr>\n<tr>\n<th>Przek\u0105tna ekranu<\/th>\n<td>15,6&#8243;<\/td>\n<\/tr>\n<tr>\n<th>Rozdzielczo\u015b\u0107<\/th>\n<td>1920\u00d71080 (Full HD)<\/td>\n<\/tr>\n<tr>\n<th>Typ ekranu<\/th>\n<td>LCD<\/td>\n<\/tr>\n<tr>\n<th>Format obrazu<\/th>\n<td>16:9<\/td>\n<\/tr>\n<tr>\n<th>Rotacja<\/th>\n<td>89\/89\/89\/89<\/td>\n<\/tr>\n<tr>\n<th>Pami\u0119\u0107 wbudowana<\/th>\n<td>32 GB<\/td>\n<\/tr>\n<tr>\n<th>Czytnik kart pami\u0119ci<\/th>\n<td>Tak (TF do 128 GB)<\/td>\n<\/tr>\n<tr>\n<th>\u0141\u0105czno\u015b\u0107<\/th>\n<td>WiFi<\/td>\n<\/tr>\n<tr>\n<th>G\u0142o\u015bniki<\/th>\n<td>2 wbudowane<\/td>\n<\/tr>\n<tr>\n<th>Zasilanie<\/th>\n<td>12V 1.5A<\/td>\n<\/tr>\n<tr>\n<th>Jasno\u015b\u0107<\/th>\n<td>250 cd\/m\u00b2<\/td>\n<\/tr>\n<tr>\n<th>Kontrast<\/th>\n<td>1000:1<\/td>\n<\/tr>\n<tr>\n<th>Obs\u0142uga plik\u00f3w<\/th>\n<td>MP4, 3GP, JPG, JPEG, PNG, WEBP<\/td>\n<\/tr>\n<tr>\n<th>Dodatkowe funkcje<\/th>\n<td>odtwarzanie muzyki i wideo, pokaz zdj\u0119\u0107 z muzyk\u0105, timer, automatyczna rotacja<\/td>\n<\/tr>\n<\/tbody>\n<\/table>\n<\/div>\n","protected":false},"excerpt":{"rendered":"<p>Cyfrowa ramka na zdj\u0119cia Arzopa D156 (br\u0105zowa) 15,6&#8243; Cyfrowa ramka Arzopa D156 z ekranem dotykowym to nowoczesny spos\u00f3b na wy\u015bwietlanie<\/p>\n","protected":false},"featured_media":49074,"comment_status":"closed","ping_status":"open","template":"","meta":{"_acf_changed":false},"product_brand":[],"product_cat":[5929,5968],"product_tag":[],"class_list":{"0":"post-60329","1":"product","2":"type-product","3":"status-publish","4":"has-post-thumbnail","6":"product_cat-akcesoria-it","7":"product_cat-monitory-przenosne","8":"pa_okres-gwarancji-5754","9":"pa_producent-arzopa","11":"first","12":"outofstock","13":"taxable","14":"shipping-taxable","15":"purchasable","16":"product-type-simple"},"acf":[],"yoast_head":"<!-- This site is optimized with the Yoast SEO plugin v27.2 - https:\/\/yoast.com\/product\/yoast-seo-wordpress\/ -->\n<title>Ramka cyfrowa ARZOPA D156 15,6&quot; (br\u0105zowa) - IRONSKY.PL Sklep z Dronami<\/title>\n<meta name=\"description\" content=\"Ramka cyfrowa ARZOPA D156 15,6&quot; (br\u0105zowa) - \u2705 sklep z dronami i fachowym doradztwem. \u2705 Tutaj kupisz produkty DJI, Yuneec, Parrot, Syma i wiele innych, a tak\u017ce kursy i licencje na operatora drona.\" \/>\n<meta name=\"robots\" content=\"index, follow, max-snippet:-1, max-image-preview:large, max-video-preview:-1\" \/>\n<link rel=\"canonical\" href=\"https:\/\/ironsky.pl\/sklep\/produkt\/ramka-cyfrowa-arzopa-d156-156-brazowa\/\" \/>\n<meta property=\"og:locale\" content=\"pl_PL\" \/>\n<meta property=\"og:type\" content=\"article\" \/>\n<meta property=\"og:title\" content=\"Ramka cyfrowa ARZOPA D156 15,6&quot; (br\u0105zowa) - IRONSKY.PL Sklep z Dronami\" \/>\n<meta property=\"og:description\" content=\"Ramka cyfrowa ARZOPA D156 15,6&quot; (br\u0105zowa) - \u2705 sklep z dronami i fachowym doradztwem. \u2705 Tutaj kupisz produkty DJI, Yuneec, Parrot, Syma i wiele innych, a tak\u017ce kursy i licencje na operatora drona.\" \/>\n<meta property=\"og:url\" content=\"https:\/\/ironsky.pl\/sklep\/produkt\/ramka-cyfrowa-arzopa-d156-156-brazowa\/\" \/>\n<meta property=\"og:site_name\" content=\"IRONSKY.PL Sklep z Dronami\" \/>\n<meta property=\"article:modified_time\" content=\"2026-04-15T09:00:25+00:00\" \/>\n<meta property=\"og:image\" content=\"https:\/\/ironsky.pl\/sklep\/wp-content\/uploads\/2025\/10\/51600_3.jpg\" \/>\n\t<meta property=\"og:image:width\" content=\"800\" \/>\n\t<meta property=\"og:image:height\" content=\"800\" \/>\n\t<meta property=\"og:image:type\" content=\"image\/jpeg\" \/>\n<meta name=\"twitter:card\" content=\"summary_large_image\" \/>\n<meta name=\"twitter:label1\" content=\"Szacowany czas czytania\" \/>\n\t<meta name=\"twitter:data1\" content=\"2 minuty\" \/>\n<script type=\"application\/ld+json\" class=\"yoast-schema-graph\">{\"@context\":\"https:\/\/schema.org\",\"@graph\":[{\"@type\":\"WebPage\",\"@id\":\"https:\/\/ironsky.pl\/sklep\/produkt\/ramka-cyfrowa-arzopa-d156-156-brazowa\/\",\"url\":\"https:\/\/ironsky.pl\/sklep\/produkt\/ramka-cyfrowa-arzopa-d156-156-brazowa\/\",\"name\":\"Ramka cyfrowa ARZOPA D156 15,6\\\" (br\u0105zowa) - IRONSKY.PL Sklep z Dronami\",\"isPartOf\":{\"@id\":\"https:\/\/ironsky.pl\/sklep\/#website\"},\"primaryImageOfPage\":{\"@id\":\"https:\/\/ironsky.pl\/sklep\/produkt\/ramka-cyfrowa-arzopa-d156-156-brazowa\/#primaryimage\"},\"image\":{\"@id\":\"https:\/\/ironsky.pl\/sklep\/produkt\/ramka-cyfrowa-arzopa-d156-156-brazowa\/#primaryimage\"},\"thumbnailUrl\":\"https:\/\/ironsky.pl\/sklep\/wp-content\/uploads\/2025\/10\/51600_3.jpg\",\"datePublished\":\"2026-04-15T09:00:13+00:00\",\"dateModified\":\"2026-04-15T09:00:25+00:00\",\"description\":\"Ramka cyfrowa ARZOPA D156 15,6\\\" (br\u0105zowa) - \u2705 sklep z dronami i fachowym doradztwem. \u2705 Tutaj kupisz produkty DJI, Yuneec, Parrot, Syma i wiele innych, a tak\u017ce kursy i licencje na operatora drona.\",\"breadcrumb\":{\"@id\":\"https:\/\/ironsky.pl\/sklep\/produkt\/ramka-cyfrowa-arzopa-d156-156-brazowa\/#breadcrumb\"},\"inLanguage\":\"pl-PL\",\"potentialAction\":[{\"@type\":\"ReadAction\",\"target\":[\"https:\/\/ironsky.pl\/sklep\/produkt\/ramka-cyfrowa-arzopa-d156-156-brazowa\/\"]}]},{\"@type\":\"ImageObject\",\"inLanguage\":\"pl-PL\",\"@id\":\"https:\/\/ironsky.pl\/sklep\/produkt\/ramka-cyfrowa-arzopa-d156-156-brazowa\/#primaryimage\",\"url\":\"https:\/\/ironsky.pl\/sklep\/wp-content\/uploads\/2025\/10\/51600_3.jpg\",\"contentUrl\":\"https:\/\/ironsky.pl\/sklep\/wp-content\/uploads\/2025\/10\/51600_3.jpg\",\"width\":800,\"height\":800},{\"@type\":\"BreadcrumbList\",\"@id\":\"https:\/\/ironsky.pl\/sklep\/produkt\/ramka-cyfrowa-arzopa-d156-156-brazowa\/#breadcrumb\",\"itemListElement\":[{\"@type\":\"ListItem\",\"position\":1,\"name\":\"Strona g\u0142\u00f3wna\",\"item\":\"https:\/\/ironsky.pl\/sklep\/\"},{\"@type\":\"ListItem\",\"position\":2,\"name\":\"Wszystkie produkty\",\"item\":\"https:\/\/ironsky.pl\/sklep\/produkty\/\"},{\"@type\":\"ListItem\",\"position\":3,\"name\":\"Ramka cyfrowa ARZOPA D156 15,6&#8243; (br\u0105zowa)\"}]},{\"@type\":\"WebSite\",\"@id\":\"https:\/\/ironsky.pl\/sklep\/#website\",\"url\":\"https:\/\/ironsky.pl\/sklep\/\",\"name\":\"IRONSKY.PL Sklep z Dronami\",\"description\":\"IRONSKY.PL Sklep z Dronami\",\"potentialAction\":[{\"@type\":\"SearchAction\",\"target\":{\"@type\":\"EntryPoint\",\"urlTemplate\":\"https:\/\/ironsky.pl\/sklep\/?s={search_term_string}\"},\"query-input\":{\"@type\":\"PropertyValueSpecification\",\"valueRequired\":true,\"valueName\":\"search_term_string\"}}],\"inLanguage\":\"pl-PL\"}]}<\/script>\n<!-- \/ Yoast SEO plugin. -->","yoast_head_json":{"title":"Ramka cyfrowa ARZOPA D156 15,6\" (br\u0105zowa) - IRONSKY.PL Sklep z Dronami","description":"Ramka cyfrowa ARZOPA D156 15,6\" (br\u0105zowa) - \u2705 sklep z dronami i fachowym doradztwem. \u2705 Tutaj kupisz produkty DJI, Yuneec, Parrot, Syma i wiele innych, a tak\u017ce kursy i licencje na operatora drona.","robots":{"index":"index","follow":"follow","max-snippet":"max-snippet:-1","max-image-preview":"max-image-preview:large","max-video-preview":"max-video-preview:-1"},"canonical":"https:\/\/ironsky.pl\/sklep\/produkt\/ramka-cyfrowa-arzopa-d156-156-brazowa\/","og_locale":"pl_PL","og_type":"article","og_title":"Ramka cyfrowa ARZOPA D156 15,6\" (br\u0105zowa) - IRONSKY.PL Sklep z Dronami","og_description":"Ramka cyfrowa ARZOPA D156 15,6\" (br\u0105zowa) - \u2705 sklep z dronami i fachowym doradztwem. \u2705 Tutaj kupisz produkty DJI, Yuneec, Parrot, Syma i wiele innych, a tak\u017ce kursy i licencje na operatora drona.","og_url":"https:\/\/ironsky.pl\/sklep\/produkt\/ramka-cyfrowa-arzopa-d156-156-brazowa\/","og_site_name":"IRONSKY.PL Sklep z Dronami","article_modified_time":"2026-04-15T09:00:25+00:00","og_image":[{"width":800,"height":800,"url":"https:\/\/ironsky.pl\/sklep\/wp-content\/uploads\/2025\/10\/51600_3.jpg","type":"image\/jpeg"}],"twitter_card":"summary_large_image","twitter_misc":{"Szacowany czas czytania":"2 minuty"},"schema":{"@context":"https:\/\/schema.org","@graph":[{"@type":"WebPage","@id":"https:\/\/ironsky.pl\/sklep\/produkt\/ramka-cyfrowa-arzopa-d156-156-brazowa\/","url":"https:\/\/ironsky.pl\/sklep\/produkt\/ramka-cyfrowa-arzopa-d156-156-brazowa\/","name":"Ramka cyfrowa ARZOPA D156 15,6\" (br\u0105zowa) - IRONSKY.PL Sklep z Dronami","isPartOf":{"@id":"https:\/\/ironsky.pl\/sklep\/#website"},"primaryImageOfPage":{"@id":"https:\/\/ironsky.pl\/sklep\/produkt\/ramka-cyfrowa-arzopa-d156-156-brazowa\/#primaryimage"},"image":{"@id":"https:\/\/ironsky.pl\/sklep\/produkt\/ramka-cyfrowa-arzopa-d156-156-brazowa\/#primaryimage"},"thumbnailUrl":"https:\/\/ironsky.pl\/sklep\/wp-content\/uploads\/2025\/10\/51600_3.jpg","datePublished":"2026-04-15T09:00:13+00:00","dateModified":"2026-04-15T09:00:25+00:00","description":"Ramka cyfrowa ARZOPA D156 15,6\" (br\u0105zowa) - \u2705 sklep z dronami i fachowym doradztwem. \u2705 Tutaj kupisz produkty DJI, Yuneec, Parrot, Syma i wiele innych, a tak\u017ce kursy i licencje na operatora drona.","breadcrumb":{"@id":"https:\/\/ironsky.pl\/sklep\/produkt\/ramka-cyfrowa-arzopa-d156-156-brazowa\/#breadcrumb"},"inLanguage":"pl-PL","potentialAction":[{"@type":"ReadAction","target":["https:\/\/ironsky.pl\/sklep\/produkt\/ramka-cyfrowa-arzopa-d156-156-brazowa\/"]}]},{"@type":"ImageObject","inLanguage":"pl-PL","@id":"https:\/\/ironsky.pl\/sklep\/produkt\/ramka-cyfrowa-arzopa-d156-156-brazowa\/#primaryimage","url":"https:\/\/ironsky.pl\/sklep\/wp-content\/uploads\/2025\/10\/51600_3.jpg","contentUrl":"https:\/\/ironsky.pl\/sklep\/wp-content\/uploads\/2025\/10\/51600_3.jpg","width":800,"height":800},{"@type":"BreadcrumbList","@id":"https:\/\/ironsky.pl\/sklep\/produkt\/ramka-cyfrowa-arzopa-d156-156-brazowa\/#breadcrumb","itemListElement":[{"@type":"ListItem","position":1,"name":"Strona g\u0142\u00f3wna","item":"https:\/\/ironsky.pl\/sklep\/"},{"@type":"ListItem","position":2,"name":"Wszystkie produkty","item":"https:\/\/ironsky.pl\/sklep\/produkty\/"},{"@type":"ListItem","position":3,"name":"Ramka cyfrowa ARZOPA D156 15,6&#8243; (br\u0105zowa)"}]},{"@type":"WebSite","@id":"https:\/\/ironsky.pl\/sklep\/#website","url":"https:\/\/ironsky.pl\/sklep\/","name":"IRONSKY.PL Sklep z Dronami","description":"IRONSKY.PL Sklep z Dronami","potentialAction":[{"@type":"SearchAction","target":{"@type":"EntryPoint","urlTemplate":"https:\/\/ironsky.pl\/sklep\/?s={search_term_string}"},"query-input":{"@type":"PropertyValueSpecification","valueRequired":true,"valueName":"search_term_string"}}],"inLanguage":"pl-PL"}]}},"_links":{"self":[{"href":"https:\/\/ironsky.pl\/sklep\/wp-json\/wp\/v2\/product\/60329","targetHints":{"allow":["GET"]}}],"collection":[{"href":"https:\/\/ironsky.pl\/sklep\/wp-json\/wp\/v2\/product"}],"about":[{"href":"https:\/\/ironsky.pl\/sklep\/wp-json\/wp\/v2\/types\/product"}],"replies":[{"embeddable":true,"href":"https:\/\/ironsky.pl\/sklep\/wp-json\/wp\/v2\/comments?post=60329"}],"wp:featuredmedia":[{"embeddable":true,"href":"https:\/\/ironsky.pl\/sklep\/wp-json\/wp\/v2\/media\/49074"}],"wp:attachment":[{"href":"https:\/\/ironsky.pl\/sklep\/wp-json\/wp\/v2\/media?parent=60329"}],"wp:term":[{"taxonomy":"product_brand","embeddable":true,"href":"https:\/\/ironsky.pl\/sklep\/wp-json\/wp\/v2\/product_brand?post=60329"},{"taxonomy":"product_cat","embeddable":true,"href":"https:\/\/ironsky.pl\/sklep\/wp-json\/wp\/v2\/product_cat?post=60329"},{"taxonomy":"product_tag","embeddable":true,"href":"https:\/\/ironsky.pl\/sklep\/wp-json\/wp\/v2\/product_tag?post=60329"}],"curies":[{"name":"wp","href":"https:\/\/api.w.org\/{rel}","templated":true}]}}