{"id":60322,"date":"2026-04-15T11:00:13","date_gmt":"2026-04-15T09:00:13","guid":{"rendered":"https:\/\/ironsky.pl\/sklep\/produkt\/dji-spotlight-agras-t25-t50-2\/"},"modified":"2026-04-15T11:00:16","modified_gmt":"2026-04-15T09:00:16","slug":"dji-spotlight-agras-t25-t50-2","status":"publish","type":"product","link":"https:\/\/ironsky.pl\/sklep\/produkt\/dji-spotlight-agras-t25-t50-2\/","title":{"rendered":"DJI Spotlight Agras T25\/T50"},"content":{"rendered":"<h3>Zwi\u0119kszona widoczno\u015b\u0107 w warunkach s\u0142abego o\u015bwietlenia<\/h3>\n<p>DJI Spotlight to reflektor zaprojektowany z my\u015bl\u0105 o dronach DJI Agras T25\/T50. Jest niezast\u0105pionym narz\u0119dziem do operacji wymagaj\u0105cych dodatkowego \u015bwiat\u0142a. Niezale\u017cnie od tego, czy pracujesz wcze\u015bnie rano, czy p\u00f3\u017ano w nocy, reflektor DJI Spotlight zapewni odpowiednie o\u015bwietlenie, pozwalaj\u0105c na precyzyjne wykonywanie zada\u0144.<\/p>\n<p>\u00a0<\/p>\n<h3>\u0141atwa instalacja<\/h3>\n<p>Reflektor jest \u0142atwy w instalacji, co umo\u017cliwia szybkie rozpocz\u0119cie pracy. Dzi\u0119ki mocy 75 wat\u00f3w zapewnia wystarczaj\u0105co du\u017co \u015bwiat\u0142a, aby umo\u017cliwi\u0107 skuteczn\u0105 prac\u0119 nawet w trudnych warunkach o\u015bwietleniowych.<\/p>\n<h2>\u00a0<\/h2>\n","protected":false},"excerpt":{"rendered":"<p>Zwi\u0119kszona widoczno\u015b\u0107 w warunkach s\u0142abego o\u015bwietlenia DJI Spotlight to reflektor zaprojektowany z my\u015bl\u0105 o dronach DJI Agras T25\/T50. Jest niezast\u0105pionym<\/p>\n","protected":false},"featured_media":39725,"comment_status":"closed","ping_status":"open","template":"","meta":{"_acf_changed":false},"product_brand":[],"product_cat":[6169,1088,1105],"product_tag":[],"class_list":{"0":"post-60322","1":"product","2":"type-product","3":"status-publish","4":"has-post-thumbnail","6":"product_cat-akcesoria-i-czesci","7":"product_cat-drony","8":"product_cat-przemyslowe","9":"pa_brak-5770","10":"pa_producent-dji-agriculture","12":"first","13":"outofstock","14":"taxable","15":"shipping-taxable","16":"purchasable","17":"product-type-simple"},"acf":[],"yoast_head":"<!-- This site is optimized with the Yoast SEO plugin v27.2 - https:\/\/yoast.com\/product\/yoast-seo-wordpress\/ -->\n<title>DJI Spotlight Agras T25\/T50 - IRONSKY.PL Sklep z Dronami<\/title>\n<meta name=\"description\" content=\"DJI Spotlight Agras T25\/T50 - \u2705 sklep z dronami i fachowym doradztwem. \u2705 Tutaj kupisz produkty DJI, Yuneec, Parrot, Syma i wiele innych, a tak\u017ce kursy i licencje na operatora drona.\" \/>\n<meta name=\"robots\" content=\"index, follow, max-snippet:-1, max-image-preview:large, max-video-preview:-1\" \/>\n<link rel=\"canonical\" href=\"https:\/\/ironsky.pl\/sklep\/produkt\/dji-spotlight-agras-t25-t50-2\/\" \/>\n<meta property=\"og:locale\" content=\"pl_PL\" \/>\n<meta property=\"og:type\" content=\"article\" \/>\n<meta property=\"og:title\" content=\"DJI Spotlight Agras T25\/T50 - IRONSKY.PL Sklep z Dronami\" \/>\n<meta property=\"og:description\" content=\"DJI Spotlight Agras T25\/T50 - \u2705 sklep z dronami i fachowym doradztwem. \u2705 Tutaj kupisz produkty DJI, Yuneec, Parrot, Syma i wiele innych, a tak\u017ce kursy i licencje na operatora drona.\" \/>\n<meta property=\"og:url\" content=\"https:\/\/ironsky.pl\/sklep\/produkt\/dji-spotlight-agras-t25-t50-2\/\" \/>\n<meta property=\"og:site_name\" content=\"IRONSKY.PL Sklep z Dronami\" \/>\n<meta property=\"article:modified_time\" content=\"2026-04-15T09:00:16+00:00\" \/>\n<meta property=\"og:image\" content=\"https:\/\/ironsky.pl\/sklep\/wp-content\/uploads\/2025\/04\/51543_1.png\" \/>\n\t<meta property=\"og:image:width\" content=\"798\" \/>\n\t<meta property=\"og:image:height\" content=\"798\" \/>\n\t<meta property=\"og:image:type\" content=\"image\/png\" \/>\n<meta name=\"twitter:card\" content=\"summary_large_image\" \/>\n<script type=\"application\/ld+json\" class=\"yoast-schema-graph\">{\"@context\":\"https:\/\/schema.org\",\"@graph\":[{\"@type\":\"WebPage\",\"@id\":\"https:\/\/ironsky.pl\/sklep\/produkt\/dji-spotlight-agras-t25-t50-2\/\",\"url\":\"https:\/\/ironsky.pl\/sklep\/produkt\/dji-spotlight-agras-t25-t50-2\/\",\"name\":\"DJI Spotlight Agras T25\/T50 - IRONSKY.PL Sklep z Dronami\",\"isPartOf\":{\"@id\":\"https:\/\/ironsky.pl\/sklep\/#website\"},\"primaryImageOfPage\":{\"@id\":\"https:\/\/ironsky.pl\/sklep\/produkt\/dji-spotlight-agras-t25-t50-2\/#primaryimage\"},\"image\":{\"@id\":\"https:\/\/ironsky.pl\/sklep\/produkt\/dji-spotlight-agras-t25-t50-2\/#primaryimage\"},\"thumbnailUrl\":\"https:\/\/ironsky.pl\/sklep\/wp-content\/uploads\/2025\/04\/51543_1.png\",\"datePublished\":\"2026-04-15T09:00:13+00:00\",\"dateModified\":\"2026-04-15T09:00:16+00:00\",\"description\":\"DJI Spotlight Agras T25\/T50 - \u2705 sklep z dronami i fachowym doradztwem. \u2705 Tutaj kupisz produkty DJI, Yuneec, Parrot, Syma i wiele innych, a tak\u017ce kursy i licencje na operatora drona.\",\"breadcrumb\":{\"@id\":\"https:\/\/ironsky.pl\/sklep\/produkt\/dji-spotlight-agras-t25-t50-2\/#breadcrumb\"},\"inLanguage\":\"pl-PL\",\"potentialAction\":[{\"@type\":\"ReadAction\",\"target\":[\"https:\/\/ironsky.pl\/sklep\/produkt\/dji-spotlight-agras-t25-t50-2\/\"]}]},{\"@type\":\"ImageObject\",\"inLanguage\":\"pl-PL\",\"@id\":\"https:\/\/ironsky.pl\/sklep\/produkt\/dji-spotlight-agras-t25-t50-2\/#primaryimage\",\"url\":\"https:\/\/ironsky.pl\/sklep\/wp-content\/uploads\/2025\/04\/51543_1.png\",\"contentUrl\":\"https:\/\/ironsky.pl\/sklep\/wp-content\/uploads\/2025\/04\/51543_1.png\",\"width\":798,\"height\":798},{\"@type\":\"BreadcrumbList\",\"@id\":\"https:\/\/ironsky.pl\/sklep\/produkt\/dji-spotlight-agras-t25-t50-2\/#breadcrumb\",\"itemListElement\":[{\"@type\":\"ListItem\",\"position\":1,\"name\":\"Strona g\u0142\u00f3wna\",\"item\":\"https:\/\/ironsky.pl\/sklep\/\"},{\"@type\":\"ListItem\",\"position\":2,\"name\":\"Wszystkie produkty\",\"item\":\"https:\/\/ironsky.pl\/sklep\/produkty\/\"},{\"@type\":\"ListItem\",\"position\":3,\"name\":\"DJI Spotlight Agras T25\/T50\"}]},{\"@type\":\"WebSite\",\"@id\":\"https:\/\/ironsky.pl\/sklep\/#website\",\"url\":\"https:\/\/ironsky.pl\/sklep\/\",\"name\":\"IRONSKY.PL Sklep z Dronami\",\"description\":\"IRONSKY.PL Sklep z Dronami\",\"potentialAction\":[{\"@type\":\"SearchAction\",\"target\":{\"@type\":\"EntryPoint\",\"urlTemplate\":\"https:\/\/ironsky.pl\/sklep\/?s={search_term_string}\"},\"query-input\":{\"@type\":\"PropertyValueSpecification\",\"valueRequired\":true,\"valueName\":\"search_term_string\"}}],\"inLanguage\":\"pl-PL\"}]}<\/script>\n<!-- \/ Yoast SEO plugin. -->","yoast_head_json":{"title":"DJI Spotlight Agras T25\/T50 - IRONSKY.PL Sklep z Dronami","description":"DJI Spotlight Agras T25\/T50 - \u2705 sklep z dronami i fachowym doradztwem. \u2705 Tutaj kupisz produkty DJI, Yuneec, Parrot, Syma i wiele innych, a tak\u017ce kursy i licencje na operatora drona.","robots":{"index":"index","follow":"follow","max-snippet":"max-snippet:-1","max-image-preview":"max-image-preview:large","max-video-preview":"max-video-preview:-1"},"canonical":"https:\/\/ironsky.pl\/sklep\/produkt\/dji-spotlight-agras-t25-t50-2\/","og_locale":"pl_PL","og_type":"article","og_title":"DJI Spotlight Agras T25\/T50 - IRONSKY.PL Sklep z Dronami","og_description":"DJI Spotlight Agras T25\/T50 - \u2705 sklep z dronami i fachowym doradztwem. \u2705 Tutaj kupisz produkty DJI, Yuneec, Parrot, Syma i wiele innych, a tak\u017ce kursy i licencje na operatora drona.","og_url":"https:\/\/ironsky.pl\/sklep\/produkt\/dji-spotlight-agras-t25-t50-2\/","og_site_name":"IRONSKY.PL Sklep z Dronami","article_modified_time":"2026-04-15T09:00:16+00:00","og_image":[{"width":798,"height":798,"url":"https:\/\/ironsky.pl\/sklep\/wp-content\/uploads\/2025\/04\/51543_1.png","type":"image\/png"}],"twitter_card":"summary_large_image","schema":{"@context":"https:\/\/schema.org","@graph":[{"@type":"WebPage","@id":"https:\/\/ironsky.pl\/sklep\/produkt\/dji-spotlight-agras-t25-t50-2\/","url":"https:\/\/ironsky.pl\/sklep\/produkt\/dji-spotlight-agras-t25-t50-2\/","name":"DJI Spotlight Agras T25\/T50 - IRONSKY.PL Sklep z Dronami","isPartOf":{"@id":"https:\/\/ironsky.pl\/sklep\/#website"},"primaryImageOfPage":{"@id":"https:\/\/ironsky.pl\/sklep\/produkt\/dji-spotlight-agras-t25-t50-2\/#primaryimage"},"image":{"@id":"https:\/\/ironsky.pl\/sklep\/produkt\/dji-spotlight-agras-t25-t50-2\/#primaryimage"},"thumbnailUrl":"https:\/\/ironsky.pl\/sklep\/wp-content\/uploads\/2025\/04\/51543_1.png","datePublished":"2026-04-15T09:00:13+00:00","dateModified":"2026-04-15T09:00:16+00:00","description":"DJI Spotlight Agras T25\/T50 - \u2705 sklep z dronami i fachowym doradztwem. \u2705 Tutaj kupisz produkty DJI, Yuneec, Parrot, Syma i wiele innych, a tak\u017ce kursy i licencje na operatora drona.","breadcrumb":{"@id":"https:\/\/ironsky.pl\/sklep\/produkt\/dji-spotlight-agras-t25-t50-2\/#breadcrumb"},"inLanguage":"pl-PL","potentialAction":[{"@type":"ReadAction","target":["https:\/\/ironsky.pl\/sklep\/produkt\/dji-spotlight-agras-t25-t50-2\/"]}]},{"@type":"ImageObject","inLanguage":"pl-PL","@id":"https:\/\/ironsky.pl\/sklep\/produkt\/dji-spotlight-agras-t25-t50-2\/#primaryimage","url":"https:\/\/ironsky.pl\/sklep\/wp-content\/uploads\/2025\/04\/51543_1.png","contentUrl":"https:\/\/ironsky.pl\/sklep\/wp-content\/uploads\/2025\/04\/51543_1.png","width":798,"height":798},{"@type":"BreadcrumbList","@id":"https:\/\/ironsky.pl\/sklep\/produkt\/dji-spotlight-agras-t25-t50-2\/#breadcrumb","itemListElement":[{"@type":"ListItem","position":1,"name":"Strona g\u0142\u00f3wna","item":"https:\/\/ironsky.pl\/sklep\/"},{"@type":"ListItem","position":2,"name":"Wszystkie produkty","item":"https:\/\/ironsky.pl\/sklep\/produkty\/"},{"@type":"ListItem","position":3,"name":"DJI Spotlight Agras T25\/T50"}]},{"@type":"WebSite","@id":"https:\/\/ironsky.pl\/sklep\/#website","url":"https:\/\/ironsky.pl\/sklep\/","name":"IRONSKY.PL Sklep z Dronami","description":"IRONSKY.PL Sklep z Dronami","potentialAction":[{"@type":"SearchAction","target":{"@type":"EntryPoint","urlTemplate":"https:\/\/ironsky.pl\/sklep\/?s={search_term_string}"},"query-input":{"@type":"PropertyValueSpecification","valueRequired":true,"valueName":"search_term_string"}}],"inLanguage":"pl-PL"}]}},"_links":{"self":[{"href":"https:\/\/ironsky.pl\/sklep\/wp-json\/wp\/v2\/product\/60322","targetHints":{"allow":["GET"]}}],"collection":[{"href":"https:\/\/ironsky.pl\/sklep\/wp-json\/wp\/v2\/product"}],"about":[{"href":"https:\/\/ironsky.pl\/sklep\/wp-json\/wp\/v2\/types\/product"}],"replies":[{"embeddable":true,"href":"https:\/\/ironsky.pl\/sklep\/wp-json\/wp\/v2\/comments?post=60322"}],"wp:featuredmedia":[{"embeddable":true,"href":"https:\/\/ironsky.pl\/sklep\/wp-json\/wp\/v2\/media\/39725"}],"wp:attachment":[{"href":"https:\/\/ironsky.pl\/sklep\/wp-json\/wp\/v2\/media?parent=60322"}],"wp:term":[{"taxonomy":"product_brand","embeddable":true,"href":"https:\/\/ironsky.pl\/sklep\/wp-json\/wp\/v2\/product_brand?post=60322"},{"taxonomy":"product_cat","embeddable":true,"href":"https:\/\/ironsky.pl\/sklep\/wp-json\/wp\/v2\/product_cat?post=60322"},{"taxonomy":"product_tag","embeddable":true,"href":"https:\/\/ironsky.pl\/sklep\/wp-json\/wp\/v2\/product_tag?post=60322"}],"curies":[{"name":"wp","href":"https:\/\/api.w.org\/{rel}","templated":true}]}}