{"id":60318,"date":"2026-04-15T10:59:42","date_gmt":"2026-04-15T08:59:42","guid":{"rendered":"https:\/\/ironsky.pl\/sklep\/produkt\/mini-pc-geekom-a5-ryzen-7-5825u-16gb-ram-512gb-win11-pro-2\/"},"modified":"2026-04-15T11:00:07","modified_gmt":"2026-04-15T09:00:07","slug":"mini-pc-geekom-a5-ryzen-7-5825u-16gb-ram-512gb-win11-pro-2","status":"publish","type":"product","link":"https:\/\/ironsky.pl\/sklep\/produkt\/mini-pc-geekom-a5-ryzen-7-5825u-16gb-ram-512gb-win11-pro-2\/","title":{"rendered":"Mini PC GEEKOM A5 Ryzen 7 5825U 16GB RAM 512GB + Win11 Pro"},"content":{"rendered":"<h3>Mini PC GEEKOM A5 Ryzen 7 5825U 16GB RAM 512GB + Win11 Pro<\/h3>\n<p>GEEKOM A5 to idealne rozwi\u0105zanie dla os\u00f3b, kt\u00f3re potrzebuj\u0105 wydajnego komputera, a jednocze\u015bnie chc\u0105 zaoszcz\u0119dzi\u0107 miejsce na biurku. Ten praktyczny Mini-PC wyr\u00f3\u017cnia si\u0119 kompaktowym rozmiarem, a dzi\u0119ki wchodz\u0105cemu w sk\u0142ad zestawu uchwytowi VESA mo\u017ce by\u0107 stabilnie zamontowany w dowolnym miejscu. Zosta\u0142 wyposa\u017cony w 8-rdzeniowy procesor AMD Ryzen\u2122 7 5825U, 16 GB pami\u0119ci RAM DDR4 oraz ultraszybki dysk SSD o pojemno\u015bci 512 GB. Wbudowana grafika AMD Radeon\u2122 Vega 8 zapewnia p\u0142ynne dzia\u0142anie w programach graficznych, podczas edycji wideo czy rozgrywki w popularnych tytu\u0142ach, a zainstalowany system Windows 11 Pro sprawia, \u017ce komputer jest gotowy do dzia\u0142ania niemal od razu po wyj\u0119ciu z pude\u0142ka.<\/p>\n<p>\n<img decoding=\"async\" src=\"https:\/\/assets.innpro.pl\/13568\/16679\/4.jpg\" border=\"0\" alt=\"\" \/>\n<\/p>\n<h3>Mocny procesor do zada\u0144 specjalnych<\/h3>\n<p>GEEKOM A5 nap\u0119dzany jest przez 8-rdzeniowy i 16-w\u0105tkowy procesor AMD Ryzen\u2122 7 5825U, kt\u00f3ry osi\u0105ga taktowanie maksymalne do 4,5 GHz. Dzi\u0119ki architekturze Zen 3 i technologii TSMC 7nm FinFET oferuje wysok\u0105 efektywno\u015b\u0107 energetyczn\u0105 i \u015bwietn\u0105 wydajno\u015b\u0107 w r\u00f3\u017cnych zadaniach \u2013 od codziennej pracy biurowej, przez edycj\u0119 wideo, po sesje gamingowe.<\/p>\n<p>\n<img decoding=\"async\" src=\"https:\/\/assets.innpro.pl\/13568\/16679\/6.jpg\" border=\"0\" alt=\"\" \/>\n<\/p>\n<h3>Szybka pami\u0119\u0107 RAM i dysk SSD<\/h3>\n<p>Mini-PC A5 zosta\u0142 wyposa\u017cony w 16 GB pami\u0119ci RAM DDR4 3200 MHz, co pozwala na p\u0142ynne prze\u0142\u0105czanie si\u0119 mi\u0119dzy aplikacjami i komfortow\u0105 prac\u0119. Do dyspozycji masz tak\u017ce dysk SSD M.2 2280 PCIe Gen 3 x4 o pojemno\u015bci 512 GB, kt\u00f3ry zapewnia b\u0142yskawiczne uruchamianie systemu, szybkie wczytywanie program\u00f3w i ekspresowy transfer plik\u00f3w.<\/p>\n<p>\n<img decoding=\"async\" src=\"https:\/\/assets.innpro.pl\/13568\/16679\/3.jpg\" border=\"0\" alt=\"\" \/>\n<\/p>\n<h3>Bogaty zestaw port\u00f3w \u2013 pod\u0142\u0105cz wszystko, czego potrzebujesz<\/h3>\n<p>GEEKOM A5 oferuje szeroki wyb\u00f3r port\u00f3w, w tym trzy porty USB-A 3.2 Gen 2, dwa porty USB-C 3.2 Gen 2, jeden port USB-A 2.0, jedno z\u0142\u0105cze s\u0142uchawkowe 3,5 mm jack, jeden port RJ45 LAN 2.5G, jeden czytnik kart SD i jeden DC jack, Mo\u017cesz wi\u0119c swobodnie pod\u0142\u0105cza\u0107 do komputera urz\u0105dzenia peryferyjne, no\u015bniki danych czy monitory. A je\u015bli chcesz dodatkowo zabezpieczy\u0107 sw\u00f3j sprz\u0119t przed kradzie\u017c\u0105, skorzystaj z gniazda Kensington Lock.<\/p>\n<p>\n<img decoding=\"async\" src=\"https:\/\/assets.innpro.pl\/13568\/16679\/10.jpg\" border=\"0\" alt=\"\" \/>\n<\/p>\n<h3>\u0141\u0105czno\u015b\u0107 na najwy\u017cszym poziomie<\/h3>\n<p>Model A5 zosta\u0142 wyposa\u017cony w modu\u0142 Wi-Fi 6E, kt\u00f3ry zapewnia szybk\u0105 i stabiln\u0105 transmisj\u0119 internetow\u0105 nawet w zat\u0142oczonych sieciach. Co wi\u0119cej, dzi\u0119ki Bluetooth 5.2 mo\u017cesz bezprzewodowo pod\u0142\u0105czy\u0107 do niego s\u0142uchawki, klawiatur\u0119, myszk\u0119 czy inne akcesoria \u2013 bez op\u00f3\u017anie\u0144 i zak\u0142\u00f3ce\u0144. Natomiast port RJ45 2.5 GbE gwarantuje niezawodne po\u0142\u0105czenie przewodowe, idealne do pracy w sieci lokalnej, przesy\u0142ania du\u017cych plik\u00f3w czy gier online.<\/p>\n<p>\n<img decoding=\"async\" src=\"https:\/\/assets.innpro.pl\/13568\/16679\/1.jpg\" border=\"0\" alt=\"\" \/>\n<\/p>\n<h3>Kompaktowa forma i elastyczno\u015b\u0107 monta\u017cu<\/h3>\n<p>GEEKOM A5 \u0142\u0105czy imponuj\u0105c\u0105 wydajno\u015b\u0107 z kompaktowym rozmiarem \u2013 nie zajmie zbyt wiele cennej przestrzeni i sprawdzi si\u0119 nawet na ma\u0142ym biurku. Mo\u017cesz te\u017c zamontowa\u0107 go za monitorem, korzystaj\u0105c z do\u0142\u0105czonego do zestawu uchwytu VESA. Minimalistyczny, elegancki design sprawia, \u017ce urz\u0105dzenie idealnie wpasuje si\u0119 w ka\u017cde miejsce pracy.<\/p>\n<p>\n<img decoding=\"async\" src=\"https:\/\/assets.innpro.pl\/13568\/16679\/5.jpg\" border=\"0\" alt=\"\" \/>\n<\/p>\n<h3>Windows 11 Pro \u2013 wydajno\u015b\u0107 i bezpiecze\u0144stwo<\/h3>\n<p>Mini-PC GEEKOM A5 ma domy\u015blnie zainstalowany system Windows 11 Pro. Dzi\u0119ki temu jest gotowy do u\u017cycia niemal od razu po rozpakowaniu i pod\u0142\u0105czeniu. Nie musisz kupowa\u0107 dodatkowego oprogramowania ani traci\u0107 czasu na skomplikowan\u0105 konfiguracj\u0119!<\/p>\n<p>\n<img decoding=\"async\" src=\"https:\/\/assets.innpro.pl\/13568\/16679\/2.jpg\" border=\"0\" alt=\"\" \/>\n<\/p>\n<h3>W zestawie<\/h3>\n<ul class=\"list-disc pl-5\">\n<li>Mini PC<\/li>\n<li>Uchwyt VESA<\/li>\n<li>Zasilacz<\/li>\n<li>Kabel HDMI<\/li>\n<li>Instrukcja obs\u0142ugi<\/li>\n<\/ul>\n<div class=\"table-wrapper\">\n<p>\u00a0<\/p>\n<h3><\/h3>\n<table>\n<tbody>\n<tr>\n<th>Producent<\/th>\n<td>GEEKOM<\/td>\n<\/tr>\n<tr>\n<th>Model<\/th>\n<td>A5<\/td>\n<\/tr>\n<tr>\n<th>Procesor<\/th>\n<td>Ryzen 7 5825U<\/td>\n<\/tr>\n<tr>\n<th>Architektura CPU<\/th>\n<td>Zen 3<\/td>\n<\/tr>\n<tr>\n<th>Liczba rdzeni<\/th>\n<td>8<\/td>\n<\/tr>\n<tr>\n<th>Liczba w\u0105tk\u00f3w<\/th>\n<td>16<\/td>\n<\/tr>\n<tr>\n<th>Maks. taktowanie przy niskim poziomie mocy<\/th>\n<td>2,5 GHz<\/td>\n<\/tr>\n<tr>\n<th>Taktowanie bazowe<\/th>\n<td>2,5 GHz<\/td>\n<\/tr>\n<tr>\n<th>Maksymalne taktowanie<\/th>\n<td>4,5 GHz<\/td>\n<\/tr>\n<tr>\n<th>Technologia procesora<\/th>\n<td>TSMC 7nm FinFET<\/td>\n<\/tr>\n<tr>\n<th>Typ RAM (DDR)<\/th>\n<td>DDR4<\/td>\n<\/tr>\n<tr>\n<th>Pojemno\u015b\u0107 RAM<\/th>\n<td>16 GB<\/td>\n<\/tr>\n<tr>\n<th>Cz\u0119stotliwo\u015b\u0107 RAM<\/th>\n<td>3200 MHz<\/td>\n<\/tr>\n<tr>\n<th>Typ SSD<\/th>\n<td>M.2 2280 PCIe Gen 3 x4<\/td>\n<\/tr>\n<tr>\n<th>Pojemno\u015b\u0107 SSD<\/th>\n<td>512 GB<\/td>\n<\/tr>\n<tr>\n<th>Zintegrowana karta graficzna<\/th>\n<td>AMD Radeon Vega 8<\/td>\n<\/tr>\n<tr>\n<th>\u0141\u0105czno\u015b\u0107<\/th>\n<td>Wi-Fi 6E AX211, Bluetooth 5.2<\/td>\n<\/tr>\n<tr>\n<th>Porty i przyciski<\/th>\n<td>3x USB-A 3.2 Gen 2, 2x USB-C 3.2 Gen 2, 1x USB-A 2.0, 2x HDMI 2.0, 1x z\u0142\u0105cze s\u0142uchawkowe 3,5 mm jack, 1x RJ45 2.5G LAN, 1x czytnik kart SD, 1x DC jack, 1x przycisk zasilania, 1x Kensington Lock<\/td>\n<\/tr>\n<tr>\n<th>System operacyjny<\/th>\n<td>Windows 11 Pro<\/td>\n<\/tr>\n<tr>\n<th>System ch\u0142odzenia<\/th>\n<td>Nie dotyczy<\/td>\n<\/tr>\n<tr>\n<th>Mocowanie<\/th>\n<td>VESA<\/td>\n<\/tr>\n<tr>\n<th>Zasilacz<\/th>\n<td>W zestawie<\/td>\n<\/tr>\n<\/tbody>\n<\/table>\n<\/div>\n","protected":false},"excerpt":{"rendered":"<p>Mini PC GEEKOM A5 Ryzen 7 5825U 16GB RAM 512GB + Win11 Pro GEEKOM A5 to idealne rozwi\u0105zanie dla os\u00f3b,<\/p>\n","protected":false},"featured_media":47251,"comment_status":"closed","ping_status":"open","template":"","meta":{"_acf_changed":false},"product_brand":[],"product_cat":[5929,6006],"product_tag":[],"class_list":{"0":"post-60318","1":"product","2":"type-product","3":"status-publish","4":"has-post-thumbnail","6":"product_cat-akcesoria-it","7":"product_cat-mini-pc","8":"pa_okres-gwarancji-5757","9":"pa_producent-geekom","11":"first","12":"outofstock","13":"taxable","14":"shipping-taxable","15":"purchasable","16":"product-type-simple"},"acf":[],"yoast_head":"<!-- This site is optimized with the Yoast SEO plugin v27.2 - https:\/\/yoast.com\/product\/yoast-seo-wordpress\/ -->\n<title>Mini PC GEEKOM A5 Ryzen 7 5825U 16GB RAM 512GB + Win11 Pro - IRONSKY.PL Sklep z Dronami<\/title>\n<meta name=\"description\" content=\"Mini PC GEEKOM A5 Ryzen 7 5825U 16GB RAM 512GB + Win11 Pro - \u2705 sklep z dronami i fachowym doradztwem. \u2705 Tutaj kupisz produkty DJI, Yuneec, Parrot, Syma i wiele innych, a tak\u017ce kursy i licencje na operatora drona.\" \/>\n<meta name=\"robots\" content=\"index, follow, max-snippet:-1, max-image-preview:large, max-video-preview:-1\" \/>\n<link rel=\"canonical\" href=\"https:\/\/ironsky.pl\/sklep\/produkt\/mini-pc-geekom-a5-ryzen-7-5825u-16gb-ram-512gb-win11-pro-2\/\" \/>\n<meta property=\"og:locale\" content=\"pl_PL\" \/>\n<meta property=\"og:type\" content=\"article\" \/>\n<meta property=\"og:title\" content=\"Mini PC GEEKOM A5 Ryzen 7 5825U 16GB RAM 512GB + Win11 Pro - IRONSKY.PL Sklep z Dronami\" \/>\n<meta property=\"og:description\" content=\"Mini PC GEEKOM A5 Ryzen 7 5825U 16GB RAM 512GB + Win11 Pro - \u2705 sklep z dronami i fachowym doradztwem. \u2705 Tutaj kupisz produkty DJI, Yuneec, Parrot, Syma i wiele innych, a tak\u017ce kursy i licencje na operatora drona.\" \/>\n<meta property=\"og:url\" content=\"https:\/\/ironsky.pl\/sklep\/produkt\/mini-pc-geekom-a5-ryzen-7-5825u-16gb-ram-512gb-win11-pro-2\/\" \/>\n<meta property=\"og:site_name\" content=\"IRONSKY.PL Sklep z Dronami\" \/>\n<meta property=\"article:modified_time\" content=\"2026-04-15T09:00:07+00:00\" \/>\n<meta property=\"og:image\" content=\"https:\/\/ironsky.pl\/sklep\/wp-content\/uploads\/2025\/06\/51534_1.jpg\" \/>\n\t<meta property=\"og:image:width\" content=\"800\" \/>\n\t<meta property=\"og:image:height\" content=\"800\" \/>\n\t<meta property=\"og:image:type\" content=\"image\/jpeg\" \/>\n<meta name=\"twitter:card\" content=\"summary_large_image\" \/>\n<meta name=\"twitter:label1\" content=\"Szacowany czas czytania\" \/>\n\t<meta name=\"twitter:data1\" content=\"3 minuty\" \/>\n<script type=\"application\/ld+json\" class=\"yoast-schema-graph\">{\"@context\":\"https:\/\/schema.org\",\"@graph\":[{\"@type\":\"WebPage\",\"@id\":\"https:\/\/ironsky.pl\/sklep\/produkt\/mini-pc-geekom-a5-ryzen-7-5825u-16gb-ram-512gb-win11-pro-2\/\",\"url\":\"https:\/\/ironsky.pl\/sklep\/produkt\/mini-pc-geekom-a5-ryzen-7-5825u-16gb-ram-512gb-win11-pro-2\/\",\"name\":\"Mini PC GEEKOM A5 Ryzen 7 5825U 16GB RAM 512GB + Win11 Pro - IRONSKY.PL Sklep z Dronami\",\"isPartOf\":{\"@id\":\"https:\/\/ironsky.pl\/sklep\/#website\"},\"primaryImageOfPage\":{\"@id\":\"https:\/\/ironsky.pl\/sklep\/produkt\/mini-pc-geekom-a5-ryzen-7-5825u-16gb-ram-512gb-win11-pro-2\/#primaryimage\"},\"image\":{\"@id\":\"https:\/\/ironsky.pl\/sklep\/produkt\/mini-pc-geekom-a5-ryzen-7-5825u-16gb-ram-512gb-win11-pro-2\/#primaryimage\"},\"thumbnailUrl\":\"https:\/\/ironsky.pl\/sklep\/wp-content\/uploads\/2025\/06\/51534_1.jpg\",\"datePublished\":\"2026-04-15T08:59:42+00:00\",\"dateModified\":\"2026-04-15T09:00:07+00:00\",\"description\":\"Mini PC GEEKOM A5 Ryzen 7 5825U 16GB RAM 512GB + Win11 Pro - \u2705 sklep z dronami i fachowym doradztwem. \u2705 Tutaj kupisz produkty DJI, Yuneec, Parrot, Syma i wiele innych, a tak\u017ce kursy i licencje na operatora drona.\",\"breadcrumb\":{\"@id\":\"https:\/\/ironsky.pl\/sklep\/produkt\/mini-pc-geekom-a5-ryzen-7-5825u-16gb-ram-512gb-win11-pro-2\/#breadcrumb\"},\"inLanguage\":\"pl-PL\",\"potentialAction\":[{\"@type\":\"ReadAction\",\"target\":[\"https:\/\/ironsky.pl\/sklep\/produkt\/mini-pc-geekom-a5-ryzen-7-5825u-16gb-ram-512gb-win11-pro-2\/\"]}]},{\"@type\":\"ImageObject\",\"inLanguage\":\"pl-PL\",\"@id\":\"https:\/\/ironsky.pl\/sklep\/produkt\/mini-pc-geekom-a5-ryzen-7-5825u-16gb-ram-512gb-win11-pro-2\/#primaryimage\",\"url\":\"https:\/\/ironsky.pl\/sklep\/wp-content\/uploads\/2025\/06\/51534_1.jpg\",\"contentUrl\":\"https:\/\/ironsky.pl\/sklep\/wp-content\/uploads\/2025\/06\/51534_1.jpg\",\"width\":800,\"height\":800},{\"@type\":\"BreadcrumbList\",\"@id\":\"https:\/\/ironsky.pl\/sklep\/produkt\/mini-pc-geekom-a5-ryzen-7-5825u-16gb-ram-512gb-win11-pro-2\/#breadcrumb\",\"itemListElement\":[{\"@type\":\"ListItem\",\"position\":1,\"name\":\"Strona g\u0142\u00f3wna\",\"item\":\"https:\/\/ironsky.pl\/sklep\/\"},{\"@type\":\"ListItem\",\"position\":2,\"name\":\"Wszystkie produkty\",\"item\":\"https:\/\/ironsky.pl\/sklep\/produkty\/\"},{\"@type\":\"ListItem\",\"position\":3,\"name\":\"Mini PC GEEKOM A5 Ryzen 7 5825U 16GB RAM 512GB + Win11 Pro\"}]},{\"@type\":\"WebSite\",\"@id\":\"https:\/\/ironsky.pl\/sklep\/#website\",\"url\":\"https:\/\/ironsky.pl\/sklep\/\",\"name\":\"IRONSKY.PL Sklep z Dronami\",\"description\":\"IRONSKY.PL Sklep z Dronami\",\"potentialAction\":[{\"@type\":\"SearchAction\",\"target\":{\"@type\":\"EntryPoint\",\"urlTemplate\":\"https:\/\/ironsky.pl\/sklep\/?s={search_term_string}\"},\"query-input\":{\"@type\":\"PropertyValueSpecification\",\"valueRequired\":true,\"valueName\":\"search_term_string\"}}],\"inLanguage\":\"pl-PL\"}]}<\/script>\n<!-- \/ Yoast SEO plugin. -->","yoast_head_json":{"title":"Mini PC GEEKOM A5 Ryzen 7 5825U 16GB RAM 512GB + Win11 Pro - IRONSKY.PL Sklep z Dronami","description":"Mini PC GEEKOM A5 Ryzen 7 5825U 16GB RAM 512GB + Win11 Pro - \u2705 sklep z dronami i fachowym doradztwem. \u2705 Tutaj kupisz produkty DJI, Yuneec, Parrot, Syma i wiele innych, a tak\u017ce kursy i licencje na operatora drona.","robots":{"index":"index","follow":"follow","max-snippet":"max-snippet:-1","max-image-preview":"max-image-preview:large","max-video-preview":"max-video-preview:-1"},"canonical":"https:\/\/ironsky.pl\/sklep\/produkt\/mini-pc-geekom-a5-ryzen-7-5825u-16gb-ram-512gb-win11-pro-2\/","og_locale":"pl_PL","og_type":"article","og_title":"Mini PC GEEKOM A5 Ryzen 7 5825U 16GB RAM 512GB + Win11 Pro - IRONSKY.PL Sklep z Dronami","og_description":"Mini PC GEEKOM A5 Ryzen 7 5825U 16GB RAM 512GB + Win11 Pro - \u2705 sklep z dronami i fachowym doradztwem. \u2705 Tutaj kupisz produkty DJI, Yuneec, Parrot, Syma i wiele innych, a tak\u017ce kursy i licencje na operatora drona.","og_url":"https:\/\/ironsky.pl\/sklep\/produkt\/mini-pc-geekom-a5-ryzen-7-5825u-16gb-ram-512gb-win11-pro-2\/","og_site_name":"IRONSKY.PL Sklep z Dronami","article_modified_time":"2026-04-15T09:00:07+00:00","og_image":[{"width":800,"height":800,"url":"https:\/\/ironsky.pl\/sklep\/wp-content\/uploads\/2025\/06\/51534_1.jpg","type":"image\/jpeg"}],"twitter_card":"summary_large_image","twitter_misc":{"Szacowany czas czytania":"3 minuty"},"schema":{"@context":"https:\/\/schema.org","@graph":[{"@type":"WebPage","@id":"https:\/\/ironsky.pl\/sklep\/produkt\/mini-pc-geekom-a5-ryzen-7-5825u-16gb-ram-512gb-win11-pro-2\/","url":"https:\/\/ironsky.pl\/sklep\/produkt\/mini-pc-geekom-a5-ryzen-7-5825u-16gb-ram-512gb-win11-pro-2\/","name":"Mini PC GEEKOM A5 Ryzen 7 5825U 16GB RAM 512GB + Win11 Pro - IRONSKY.PL Sklep z Dronami","isPartOf":{"@id":"https:\/\/ironsky.pl\/sklep\/#website"},"primaryImageOfPage":{"@id":"https:\/\/ironsky.pl\/sklep\/produkt\/mini-pc-geekom-a5-ryzen-7-5825u-16gb-ram-512gb-win11-pro-2\/#primaryimage"},"image":{"@id":"https:\/\/ironsky.pl\/sklep\/produkt\/mini-pc-geekom-a5-ryzen-7-5825u-16gb-ram-512gb-win11-pro-2\/#primaryimage"},"thumbnailUrl":"https:\/\/ironsky.pl\/sklep\/wp-content\/uploads\/2025\/06\/51534_1.jpg","datePublished":"2026-04-15T08:59:42+00:00","dateModified":"2026-04-15T09:00:07+00:00","description":"Mini PC GEEKOM A5 Ryzen 7 5825U 16GB RAM 512GB + Win11 Pro - \u2705 sklep z dronami i fachowym doradztwem. \u2705 Tutaj kupisz produkty DJI, Yuneec, Parrot, Syma i wiele innych, a tak\u017ce kursy i licencje na operatora drona.","breadcrumb":{"@id":"https:\/\/ironsky.pl\/sklep\/produkt\/mini-pc-geekom-a5-ryzen-7-5825u-16gb-ram-512gb-win11-pro-2\/#breadcrumb"},"inLanguage":"pl-PL","potentialAction":[{"@type":"ReadAction","target":["https:\/\/ironsky.pl\/sklep\/produkt\/mini-pc-geekom-a5-ryzen-7-5825u-16gb-ram-512gb-win11-pro-2\/"]}]},{"@type":"ImageObject","inLanguage":"pl-PL","@id":"https:\/\/ironsky.pl\/sklep\/produkt\/mini-pc-geekom-a5-ryzen-7-5825u-16gb-ram-512gb-win11-pro-2\/#primaryimage","url":"https:\/\/ironsky.pl\/sklep\/wp-content\/uploads\/2025\/06\/51534_1.jpg","contentUrl":"https:\/\/ironsky.pl\/sklep\/wp-content\/uploads\/2025\/06\/51534_1.jpg","width":800,"height":800},{"@type":"BreadcrumbList","@id":"https:\/\/ironsky.pl\/sklep\/produkt\/mini-pc-geekom-a5-ryzen-7-5825u-16gb-ram-512gb-win11-pro-2\/#breadcrumb","itemListElement":[{"@type":"ListItem","position":1,"name":"Strona g\u0142\u00f3wna","item":"https:\/\/ironsky.pl\/sklep\/"},{"@type":"ListItem","position":2,"name":"Wszystkie produkty","item":"https:\/\/ironsky.pl\/sklep\/produkty\/"},{"@type":"ListItem","position":3,"name":"Mini PC GEEKOM A5 Ryzen 7 5825U 16GB RAM 512GB + Win11 Pro"}]},{"@type":"WebSite","@id":"https:\/\/ironsky.pl\/sklep\/#website","url":"https:\/\/ironsky.pl\/sklep\/","name":"IRONSKY.PL Sklep z Dronami","description":"IRONSKY.PL Sklep z Dronami","potentialAction":[{"@type":"SearchAction","target":{"@type":"EntryPoint","urlTemplate":"https:\/\/ironsky.pl\/sklep\/?s={search_term_string}"},"query-input":{"@type":"PropertyValueSpecification","valueRequired":true,"valueName":"search_term_string"}}],"inLanguage":"pl-PL"}]}},"_links":{"self":[{"href":"https:\/\/ironsky.pl\/sklep\/wp-json\/wp\/v2\/product\/60318","targetHints":{"allow":["GET"]}}],"collection":[{"href":"https:\/\/ironsky.pl\/sklep\/wp-json\/wp\/v2\/product"}],"about":[{"href":"https:\/\/ironsky.pl\/sklep\/wp-json\/wp\/v2\/types\/product"}],"replies":[{"embeddable":true,"href":"https:\/\/ironsky.pl\/sklep\/wp-json\/wp\/v2\/comments?post=60318"}],"wp:featuredmedia":[{"embeddable":true,"href":"https:\/\/ironsky.pl\/sklep\/wp-json\/wp\/v2\/media\/47251"}],"wp:attachment":[{"href":"https:\/\/ironsky.pl\/sklep\/wp-json\/wp\/v2\/media?parent=60318"}],"wp:term":[{"taxonomy":"product_brand","embeddable":true,"href":"https:\/\/ironsky.pl\/sklep\/wp-json\/wp\/v2\/product_brand?post=60318"},{"taxonomy":"product_cat","embeddable":true,"href":"https:\/\/ironsky.pl\/sklep\/wp-json\/wp\/v2\/product_cat?post=60318"},{"taxonomy":"product_tag","embeddable":true,"href":"https:\/\/ironsky.pl\/sklep\/wp-json\/wp\/v2\/product_tag?post=60318"}],"curies":[{"name":"wp","href":"https:\/\/api.w.org\/{rel}","templated":true}]}}