{"id":60317,"date":"2026-04-15T10:59:42","date_gmt":"2026-04-15T08:59:42","guid":{"rendered":"https:\/\/ironsky.pl\/sklep\/produkt\/projektor-blitzwolf-bw-v1-2\/"},"modified":"2026-04-15T11:00:03","modified_gmt":"2026-04-15T09:00:03","slug":"projektor-blitzwolf-bw-v1-2","status":"publish","type":"product","link":"https:\/\/ironsky.pl\/sklep\/produkt\/projektor-blitzwolf-bw-v1-2\/","title":{"rendered":"Projektor BLITZWOLF BW-V1"},"content":{"rendered":"<h3>Projektor Blitzwolf BW-V1<\/h3>\n<p>BlitzWolf BW-V1 to przeno\u015bny projektor, kt\u00f3ry \u0142\u0105czy wysok\u0105 jako\u015b\u0107 obrazu, szerok\u0105 kompatybilno\u015b\u0107, wygodn\u0105 instalacj\u0119 i kompaktowy rozmiar. Dzi\u0119ki obs\u0142udze rozdzielczo\u015bci 1080p i imponuj\u0105cemu kontrastowi oferuje realistyczne i szczeg\u00f3\u0142owe obrazy, zar\u00f3wno w domu, jak i na zewn\u0105trz. Mo\u017cliwo\u015b\u0107 wy\u015bwietlania obrazu o przek\u0105tnej do 200 cali sprawia, \u017ce doskonale nadaje si\u0119 do filmowych seans\u00f3w, gier czy prezentacji, a d\u0142uga \u017cywotno\u015b\u0107 lampy zapewnia niezawodne dzia\u0142anie na lata. Ponadto projektor wyr\u00f3\u017cnia si\u0119 elastycznymi opcjami monta\u017cu i prost\u0105 obs\u0142ug\u0105 \u2013 w sk\u0142ad zestawu wchodzi mi\u0119dzy innymi pilot zdalnego sterowania.<\/p>\n<p>\n<img decoding=\"async\" src=\"https:\/\/assets.innpro.pl\/13534\/16640\/2.jpg\" border=\"0\" alt=\"\" \/>\n<\/p>\n<h3>Kinowa jako\u015b\u0107 obrazu w Twoim domu<\/h3>\n<p>BlitzWolf BW-V1 zapewnia wyrazisty, szczeg\u00f3\u0142owy obraz, kt\u00f3ry przenosi domow\u0105 rozrywk\u0119 na wy\u017cszy poziom. Obs\u0142uga rozdzielczo\u015bci 1080p i wysoki kontrast sprawiaj\u0105, \u017ce ka\u017cdy detal jest doskonale widoczny. Co wi\u0119cej, dzi\u0119ki szerokiemu zakresowi barw nie musisz obawia\u0107 si\u0119 efektu wyblak\u0142ych kolor\u00f3w. Na uwag\u0119 zas\u0142uguje r\u00f3wnie\u017c jasno\u015b\u0107 si\u0119gaj\u0105ca 180 ANSI lumen\u00f3w, kt\u00f3ra pozwala wygodnie ogl\u0105da\u0107 filmy w r\u00f3\u017cnych warunkach o\u015bwietleniowych.<\/p>\n<p>\n<img decoding=\"async\" src=\"https:\/\/assets.innpro.pl\/13534\/16640\/4.jpg\" border=\"0\" alt=\"\" \/>\n<\/p>\n<h3>Ogromny obraz do 200 cali<\/h3>\n<p>Projektor oferuje regulowany rozmiar projekcji do nawet 200 cali, dzi\u0119ki czemu mo\u017cesz dostosowa\u0107 obraz do w\u0142asnych potrzeb. Niezale\u017cnie od tego, czy planujesz kameralny seans w sypialni, czy plenerowe kino na \u015bwie\u017cym powietrzu, BW-V1 dostarczy Ci niezapomnianych wra\u017ce\u0144!<\/p>\n<p>\n<img decoding=\"async\" src=\"https:\/\/assets.innpro.pl\/13534\/16640\/3.jpg\" border=\"0\" alt=\"\" \/>\n<\/p>\n<h3>Kompatybilno\u015b\u0107 z wieloma urz\u0105dzeniami<\/h3>\n<p>Projektor zosta\u0142 wyposa\u017cony w porty HDMI i USB, co umo\u017cliwia pod\u0142\u0105czanie r\u00f3\u017cnych urz\u0105dze\u0144, takich jak laptopy, konsole do gier, TV Sticki czy odtwarzacze multimedialne. To sprawia, \u017ce mo\u017cesz wygodnie ogl\u0105da\u0107 swoje ulubione tre\u015bci na du\u017cym ekranie \u2013 na przyk\u0142ad seriale z Netflixa czy wideo na YouTube.<\/p>\n<p>\n<img decoding=\"async\" src=\"https:\/\/assets.innpro.pl\/13534\/16640\/5.jpg\" border=\"0\" alt=\"\" \/>\n<\/p>\n<h3>Kilka opcji monta\u017cu, przeno\u015bna konstrukcja<\/h3>\n<p>Model BW-V1 jest lekki, kompaktowy i \u0142atwy w transporcie, dzi\u0119ki czemu mo\u017cesz zabra\u0107 go wsz\u0119dzie tam, gdzie potrzebujesz du\u017cego ekranu. Jego wymiary to tylko oko\u0142o 141,5 x 112 x 63,5 mm, a waga wynosi oko\u0142o 370 g. Ponadto urz\u0105dzenie oferuje kilka metod instalacji \u2013 mo\u017cna na przyk\u0142ad umie\u015bci\u0107 je na stole, zamontowa\u0107 na statywie lub przymocowa\u0107 do sufitu.<\/p>\n<p>\n<img decoding=\"async\" src=\"https:\/\/assets.innpro.pl\/13534\/16640\/1.jpg\" border=\"0\" alt=\"\" \/>\n<\/p>\n<h3>W zestawie<\/h3>\n<ul class=\"list-disc pl-5\">\n<li>Projektor<\/li>\n<li>Adapter zasilania<\/li>\n<li>Kabel HDMI<\/li>\n<li>Pilot zdalnego sterowania<\/li>\n<li>Instrukcja obs\u0142ugi<\/li>\n<\/ul>\n<div class=\"table-wrapper\">\n<p>\u00a0<\/p>\n<h3><\/h3>\n<table>\n<tbody>\n<tr>\n<th>Producent<\/th>\n<td>Blitzwolf<\/td>\n<\/tr>\n<tr>\n<th>Model<\/th>\n<td>BW-V1<\/td>\n<\/tr>\n<tr>\n<th>Technologia obrazowania<\/th>\n<td>LCD<\/td>\n<\/tr>\n<tr>\n<th>Rodzaj \u017ar\u00f3d\u0142a \u015bwiat\u0142a<\/th>\n<td>LED<\/td>\n<\/tr>\n<tr>\n<th>Jasno\u015b\u0107 projekcji<\/th>\n<td>Do 180 ANSI lumen\u00f3w<\/td>\n<\/tr>\n<tr>\n<th>Rozdzielczo\u015b\u0107 fizyczna<\/th>\n<td>1280\u00d7720p<\/td>\n<\/tr>\n<tr>\n<th>Maksymalna rozdzielczo\u015b\u0107 dekodowania<\/th>\n<td>1920\u00d71080p<\/td>\n<\/tr>\n<tr>\n<th>\u017bywotno\u015b\u0107 \u017ar\u00f3d\u0142a \u015bwiat\u0142a<\/th>\n<td>\u2265 20000 h<\/td>\n<\/tr>\n<tr>\n<th>Soczewka<\/th>\n<td>Wielowarstwowa soczewka z pow\u0142ok\u0105 (F80)<\/td>\n<\/tr>\n<tr>\n<th>Metoda regulacji<\/th>\n<td>Mechaniczna<\/td>\n<\/tr>\n<tr>\n<th>Odleg\u0142o\u015b\u0107 rzutu<\/th>\n<td>0,83-3 m<\/td>\n<\/tr>\n<tr>\n<th>Rozmiar projektora<\/th>\n<td>22-140 cali<\/td>\n<\/tr>\n<tr>\n<th>Format obrazu<\/th>\n<td>4:3 \/ 16:9<\/td>\n<\/tr>\n<tr>\n<th>Wsp\u00f3\u0142czynnik projekcji<\/th>\n<td>1,6:1<\/td>\n<\/tr>\n<tr>\n<th>Kontrast<\/th>\n<td>1000:1<\/td>\n<\/tr>\n<tr>\n<th>Kolory projekcji<\/th>\n<td>16,77 miliona<\/td>\n<\/tr>\n<tr>\n<th>Korekcja trapezowa<\/th>\n<td>Brak<\/td>\n<\/tr>\n<tr>\n<th>Napi\u0119cie<\/th>\n<td>DC 12 V 2,5A<\/td>\n<\/tr>\n<tr>\n<th>Ca\u0142kowite zu\u017cycie energii<\/th>\n<td>27 W \u00b1 3 W<\/td>\n<\/tr>\n<tr>\n<th>G\u0142\u00f3wny interfejs<\/th>\n<td> HDMI \u00d71, USB \u00d71<\/td>\n<\/tr>\n<tr>\n<th>Wyj\u015bcie s\u0142uchawkowe<\/th>\n<td>Z\u0142\u0105cze 3,5 mm<\/td>\n<\/tr>\n<tr>\n<th>Wbudowany g\u0142o\u015bnik<\/th>\n<td>3 W \/ 4\u03a9<\/td>\n<\/tr>\n<tr>\n<th>Obs\u0142ugiwane j\u0119zyki<\/th>\n<td>21 j\u0119zyk\u00f3w (m.in. angielski, chi\u0144ski, francuski, hiszpa\u0144ski, niemiecki, w\u0142oski, japo\u0144ski)<\/td>\n<\/tr>\n<tr>\n<th>Wymiary<\/th>\n<td>141,5 \u00d7 112 \u00d7 63,5 mm<\/td>\n<\/tr>\n<tr>\n<th>Waga<\/th>\n<td>Ok. 370 g<\/td>\n<\/tr>\n<tr>\n<th>Przyciski<\/th>\n<td>Przycisk w\u0142\u0105cz \/ wy\u0142\u0105cz<\/td>\n<\/tr>\n<tr>\n<th>Bluetooth<\/th>\n<td>Brak<\/td>\n<\/tr>\n<tr>\n<th>R\u00f3wnomierno\u015b\u0107<\/th>\n<td>60%<\/td>\n<\/tr>\n<\/tbody>\n<\/table>\n<\/div>\n","protected":false},"excerpt":{"rendered":"<p>Projektor Blitzwolf BW-V1 BlitzWolf BW-V1 to przeno\u015bny projektor, kt\u00f3ry \u0142\u0105czy wysok\u0105 jako\u015b\u0107 obrazu, szerok\u0105 kompatybilno\u015b\u0107, wygodn\u0105 instalacj\u0119 i kompaktowy rozmiar.<\/p>\n","protected":false},"featured_media":47189,"comment_status":"closed","ping_status":"open","template":"","meta":{"_acf_changed":false},"product_brand":[],"product_cat":[5929,5954,5953],"product_tag":[],"class_list":{"0":"post-60317","1":"product","2":"type-product","3":"status-publish","4":"has-post-thumbnail","6":"product_cat-akcesoria-it","7":"product_cat-projektory","8":"product_cat-projekcja","9":"pa_okres-gwarancji-5768","10":"pa_producent-blitzwolf","12":"first","13":"outofstock","14":"taxable","15":"shipping-taxable","16":"purchasable","17":"product-type-simple"},"acf":[],"yoast_head":"<!-- This site is optimized with the Yoast SEO plugin v27.2 - https:\/\/yoast.com\/product\/yoast-seo-wordpress\/ -->\n<title>Projektor BLITZWOLF BW-V1 - IRONSKY.PL Sklep z Dronami<\/title>\n<meta name=\"description\" content=\"Projektor BLITZWOLF BW-V1 - \u2705 sklep z dronami i fachowym doradztwem. \u2705 Tutaj kupisz produkty DJI, Yuneec, Parrot, Syma i wiele innych, a tak\u017ce kursy i licencje na operatora drona.\" \/>\n<meta name=\"robots\" content=\"index, follow, max-snippet:-1, max-image-preview:large, max-video-preview:-1\" \/>\n<link rel=\"canonical\" href=\"https:\/\/ironsky.pl\/sklep\/produkt\/projektor-blitzwolf-bw-v1-2\/\" \/>\n<meta property=\"og:locale\" content=\"pl_PL\" \/>\n<meta property=\"og:type\" content=\"article\" \/>\n<meta property=\"og:title\" content=\"Projektor BLITZWOLF BW-V1 - IRONSKY.PL Sklep z Dronami\" \/>\n<meta property=\"og:description\" content=\"Projektor BLITZWOLF BW-V1 - \u2705 sklep z dronami i fachowym doradztwem. \u2705 Tutaj kupisz produkty DJI, Yuneec, Parrot, Syma i wiele innych, a tak\u017ce kursy i licencje na operatora drona.\" \/>\n<meta property=\"og:url\" content=\"https:\/\/ironsky.pl\/sklep\/produkt\/projektor-blitzwolf-bw-v1-2\/\" \/>\n<meta property=\"og:site_name\" content=\"IRONSKY.PL Sklep z Dronami\" \/>\n<meta property=\"article:modified_time\" content=\"2026-04-15T09:00:03+00:00\" \/>\n<meta property=\"og:image\" content=\"https:\/\/ironsky.pl\/sklep\/wp-content\/uploads\/2025\/06\/51513_1.jpg\" \/>\n\t<meta property=\"og:image:width\" content=\"800\" \/>\n\t<meta property=\"og:image:height\" content=\"800\" \/>\n\t<meta property=\"og:image:type\" content=\"image\/jpeg\" \/>\n<meta name=\"twitter:card\" content=\"summary_large_image\" \/>\n<meta name=\"twitter:label1\" content=\"Szacowany czas czytania\" \/>\n\t<meta name=\"twitter:data1\" content=\"2 minuty\" \/>\n<script type=\"application\/ld+json\" class=\"yoast-schema-graph\">{\"@context\":\"https:\/\/schema.org\",\"@graph\":[{\"@type\":\"WebPage\",\"@id\":\"https:\/\/ironsky.pl\/sklep\/produkt\/projektor-blitzwolf-bw-v1-2\/\",\"url\":\"https:\/\/ironsky.pl\/sklep\/produkt\/projektor-blitzwolf-bw-v1-2\/\",\"name\":\"Projektor BLITZWOLF BW-V1 - IRONSKY.PL Sklep z Dronami\",\"isPartOf\":{\"@id\":\"https:\/\/ironsky.pl\/sklep\/#website\"},\"primaryImageOfPage\":{\"@id\":\"https:\/\/ironsky.pl\/sklep\/produkt\/projektor-blitzwolf-bw-v1-2\/#primaryimage\"},\"image\":{\"@id\":\"https:\/\/ironsky.pl\/sklep\/produkt\/projektor-blitzwolf-bw-v1-2\/#primaryimage\"},\"thumbnailUrl\":\"https:\/\/ironsky.pl\/sklep\/wp-content\/uploads\/2025\/06\/51513_1.jpg\",\"datePublished\":\"2026-04-15T08:59:42+00:00\",\"dateModified\":\"2026-04-15T09:00:03+00:00\",\"description\":\"Projektor BLITZWOLF BW-V1 - \u2705 sklep z dronami i fachowym doradztwem. \u2705 Tutaj kupisz produkty DJI, Yuneec, Parrot, Syma i wiele innych, a tak\u017ce kursy i licencje na operatora drona.\",\"breadcrumb\":{\"@id\":\"https:\/\/ironsky.pl\/sklep\/produkt\/projektor-blitzwolf-bw-v1-2\/#breadcrumb\"},\"inLanguage\":\"pl-PL\",\"potentialAction\":[{\"@type\":\"ReadAction\",\"target\":[\"https:\/\/ironsky.pl\/sklep\/produkt\/projektor-blitzwolf-bw-v1-2\/\"]}]},{\"@type\":\"ImageObject\",\"inLanguage\":\"pl-PL\",\"@id\":\"https:\/\/ironsky.pl\/sklep\/produkt\/projektor-blitzwolf-bw-v1-2\/#primaryimage\",\"url\":\"https:\/\/ironsky.pl\/sklep\/wp-content\/uploads\/2025\/06\/51513_1.jpg\",\"contentUrl\":\"https:\/\/ironsky.pl\/sklep\/wp-content\/uploads\/2025\/06\/51513_1.jpg\",\"width\":800,\"height\":800},{\"@type\":\"BreadcrumbList\",\"@id\":\"https:\/\/ironsky.pl\/sklep\/produkt\/projektor-blitzwolf-bw-v1-2\/#breadcrumb\",\"itemListElement\":[{\"@type\":\"ListItem\",\"position\":1,\"name\":\"Strona g\u0142\u00f3wna\",\"item\":\"https:\/\/ironsky.pl\/sklep\/\"},{\"@type\":\"ListItem\",\"position\":2,\"name\":\"Wszystkie produkty\",\"item\":\"https:\/\/ironsky.pl\/sklep\/produkty\/\"},{\"@type\":\"ListItem\",\"position\":3,\"name\":\"Projektor BLITZWOLF BW-V1\"}]},{\"@type\":\"WebSite\",\"@id\":\"https:\/\/ironsky.pl\/sklep\/#website\",\"url\":\"https:\/\/ironsky.pl\/sklep\/\",\"name\":\"IRONSKY.PL Sklep z Dronami\",\"description\":\"IRONSKY.PL Sklep z Dronami\",\"potentialAction\":[{\"@type\":\"SearchAction\",\"target\":{\"@type\":\"EntryPoint\",\"urlTemplate\":\"https:\/\/ironsky.pl\/sklep\/?s={search_term_string}\"},\"query-input\":{\"@type\":\"PropertyValueSpecification\",\"valueRequired\":true,\"valueName\":\"search_term_string\"}}],\"inLanguage\":\"pl-PL\"}]}<\/script>\n<!-- \/ Yoast SEO plugin. -->","yoast_head_json":{"title":"Projektor BLITZWOLF BW-V1 - IRONSKY.PL Sklep z Dronami","description":"Projektor BLITZWOLF BW-V1 - \u2705 sklep z dronami i fachowym doradztwem. \u2705 Tutaj kupisz produkty DJI, Yuneec, Parrot, Syma i wiele innych, a tak\u017ce kursy i licencje na operatora drona.","robots":{"index":"index","follow":"follow","max-snippet":"max-snippet:-1","max-image-preview":"max-image-preview:large","max-video-preview":"max-video-preview:-1"},"canonical":"https:\/\/ironsky.pl\/sklep\/produkt\/projektor-blitzwolf-bw-v1-2\/","og_locale":"pl_PL","og_type":"article","og_title":"Projektor BLITZWOLF BW-V1 - IRONSKY.PL Sklep z Dronami","og_description":"Projektor BLITZWOLF BW-V1 - \u2705 sklep z dronami i fachowym doradztwem. \u2705 Tutaj kupisz produkty DJI, Yuneec, Parrot, Syma i wiele innych, a tak\u017ce kursy i licencje na operatora drona.","og_url":"https:\/\/ironsky.pl\/sklep\/produkt\/projektor-blitzwolf-bw-v1-2\/","og_site_name":"IRONSKY.PL Sklep z Dronami","article_modified_time":"2026-04-15T09:00:03+00:00","og_image":[{"width":800,"height":800,"url":"https:\/\/ironsky.pl\/sklep\/wp-content\/uploads\/2025\/06\/51513_1.jpg","type":"image\/jpeg"}],"twitter_card":"summary_large_image","twitter_misc":{"Szacowany czas czytania":"2 minuty"},"schema":{"@context":"https:\/\/schema.org","@graph":[{"@type":"WebPage","@id":"https:\/\/ironsky.pl\/sklep\/produkt\/projektor-blitzwolf-bw-v1-2\/","url":"https:\/\/ironsky.pl\/sklep\/produkt\/projektor-blitzwolf-bw-v1-2\/","name":"Projektor BLITZWOLF BW-V1 - IRONSKY.PL Sklep z Dronami","isPartOf":{"@id":"https:\/\/ironsky.pl\/sklep\/#website"},"primaryImageOfPage":{"@id":"https:\/\/ironsky.pl\/sklep\/produkt\/projektor-blitzwolf-bw-v1-2\/#primaryimage"},"image":{"@id":"https:\/\/ironsky.pl\/sklep\/produkt\/projektor-blitzwolf-bw-v1-2\/#primaryimage"},"thumbnailUrl":"https:\/\/ironsky.pl\/sklep\/wp-content\/uploads\/2025\/06\/51513_1.jpg","datePublished":"2026-04-15T08:59:42+00:00","dateModified":"2026-04-15T09:00:03+00:00","description":"Projektor BLITZWOLF BW-V1 - \u2705 sklep z dronami i fachowym doradztwem. \u2705 Tutaj kupisz produkty DJI, Yuneec, Parrot, Syma i wiele innych, a tak\u017ce kursy i licencje na operatora drona.","breadcrumb":{"@id":"https:\/\/ironsky.pl\/sklep\/produkt\/projektor-blitzwolf-bw-v1-2\/#breadcrumb"},"inLanguage":"pl-PL","potentialAction":[{"@type":"ReadAction","target":["https:\/\/ironsky.pl\/sklep\/produkt\/projektor-blitzwolf-bw-v1-2\/"]}]},{"@type":"ImageObject","inLanguage":"pl-PL","@id":"https:\/\/ironsky.pl\/sklep\/produkt\/projektor-blitzwolf-bw-v1-2\/#primaryimage","url":"https:\/\/ironsky.pl\/sklep\/wp-content\/uploads\/2025\/06\/51513_1.jpg","contentUrl":"https:\/\/ironsky.pl\/sklep\/wp-content\/uploads\/2025\/06\/51513_1.jpg","width":800,"height":800},{"@type":"BreadcrumbList","@id":"https:\/\/ironsky.pl\/sklep\/produkt\/projektor-blitzwolf-bw-v1-2\/#breadcrumb","itemListElement":[{"@type":"ListItem","position":1,"name":"Strona g\u0142\u00f3wna","item":"https:\/\/ironsky.pl\/sklep\/"},{"@type":"ListItem","position":2,"name":"Wszystkie produkty","item":"https:\/\/ironsky.pl\/sklep\/produkty\/"},{"@type":"ListItem","position":3,"name":"Projektor BLITZWOLF BW-V1"}]},{"@type":"WebSite","@id":"https:\/\/ironsky.pl\/sklep\/#website","url":"https:\/\/ironsky.pl\/sklep\/","name":"IRONSKY.PL Sklep z Dronami","description":"IRONSKY.PL Sklep z Dronami","potentialAction":[{"@type":"SearchAction","target":{"@type":"EntryPoint","urlTemplate":"https:\/\/ironsky.pl\/sklep\/?s={search_term_string}"},"query-input":{"@type":"PropertyValueSpecification","valueRequired":true,"valueName":"search_term_string"}}],"inLanguage":"pl-PL"}]}},"_links":{"self":[{"href":"https:\/\/ironsky.pl\/sklep\/wp-json\/wp\/v2\/product\/60317","targetHints":{"allow":["GET"]}}],"collection":[{"href":"https:\/\/ironsky.pl\/sklep\/wp-json\/wp\/v2\/product"}],"about":[{"href":"https:\/\/ironsky.pl\/sklep\/wp-json\/wp\/v2\/types\/product"}],"replies":[{"embeddable":true,"href":"https:\/\/ironsky.pl\/sklep\/wp-json\/wp\/v2\/comments?post=60317"}],"wp:featuredmedia":[{"embeddable":true,"href":"https:\/\/ironsky.pl\/sklep\/wp-json\/wp\/v2\/media\/47189"}],"wp:attachment":[{"href":"https:\/\/ironsky.pl\/sklep\/wp-json\/wp\/v2\/media?parent=60317"}],"wp:term":[{"taxonomy":"product_brand","embeddable":true,"href":"https:\/\/ironsky.pl\/sklep\/wp-json\/wp\/v2\/product_brand?post=60317"},{"taxonomy":"product_cat","embeddable":true,"href":"https:\/\/ironsky.pl\/sklep\/wp-json\/wp\/v2\/product_cat?post=60317"},{"taxonomy":"product_tag","embeddable":true,"href":"https:\/\/ironsky.pl\/sklep\/wp-json\/wp\/v2\/product_tag?post=60317"}],"curies":[{"name":"wp","href":"https:\/\/api.w.org\/{rel}","templated":true}]}}