{"id":60315,"date":"2026-04-15T10:59:42","date_gmt":"2026-04-15T08:59:42","guid":{"rendered":"https:\/\/ironsky.pl\/sklep\/produkt\/switch-imou-sg108c-8-portowy\/"},"modified":"2026-04-15T10:59:59","modified_gmt":"2026-04-15T08:59:59","slug":"switch-imou-sg108c-8-portowy","status":"publish","type":"product","link":"https:\/\/ironsky.pl\/sklep\/produkt\/switch-imou-sg108c-8-portowy\/","title":{"rendered":"Switch IMOU SG108C 8-portowy"},"content":{"rendered":"<h3>Switch LAN 8-portowy IMOU SG108C<\/h3>\n<p>Switch LAN IMOU SG108C oferuje 8 port\u00f3w typu RJ45, zapewniaj\u0105c szybk\u0105 i stabiln\u0105 \u0142\u0105czno\u015b\u0107 sieciow\u0105. Obs\u0142uguje automatyczne negocjacje pr\u0119dko\u015bci w zakresie 10\/100\/1000 Mbps, a funkcja Auto MDI\/MDIX eliminuje potrzeb\u0119 u\u017cywania krosowanych kabli. Dodatkowo protok\u00f3\u0142 802.3X Flow Control zapewnia efektywn\u0105 kontrol\u0119 przep\u0142ywu danych. Monta\u017c urz\u0105dzenia odbywa si\u0119 szybko i bezproblemowo, a funkcja Plug &amp; Play zwi\u0119ksza wygod\u0119 u\u017cytkowania.<\/p>\n<p>\n<img decoding=\"async\" src=\"https:\/\/assets.innpro.pl\/13520\/16619\/4.jpg\" border=\"0\" alt=\"\" \/>\n<\/p>\n<h3>Szybkie po\u0142\u0105czenie<\/h3>\n<p>Ciesz si\u0119 wygod\u0105 wynikaj\u0105c\u0105 z wysokiej przepustowo\u015bci i elastyczno\u015bci po\u0142\u0105cze\u0144, kt\u00f3re zapewnia switch LAN IMOU SG108C. Dzi\u0119ki 8 portom RJ45 urz\u0105dzenie to jest idealne do zarz\u0105dzania intensywnym ruchem danych i zapewnia wydajno\u015b\u0107 niezb\u0119dn\u0105 dla nowoczesnych aplikacji sieciowych. Ka\u017cdy z port\u00f3w wspiera Auto-Negotiation, umo\u017cliwiaj\u0105c automatyczne dostosowanie pr\u0119dko\u015bci przesy\u0142u danych w zakresie od 10 do 1000 Mbps. W efekcie switch jest szeroko kompatybilny z r\u00f3\u017cnorodnym sprz\u0119tem i pozwala na optymalizacj\u0119 pr\u0119dko\u015bci po\u0142\u0105czenia zale\u017cnie od aktualnych potrzeb, zapewniaj\u0105c Ci p\u0142ynn\u0105 i efektywn\u0105 prac\u0105 w sieci, bez wzgl\u0119du na to, czy przesy\u0142asz du\u017ce pliki, strumieniujesz wideo w wysokiej rozdzielczo\u015bci, czy korzystasz z zaawansowanych aplikacji.<\/p>\n<p>\n<img decoding=\"async\" src=\"https:\/\/assets.innpro.pl\/13520\/16619\/5.jpg\" border=\"0\" alt=\"\" \/>\n<\/p>\n<h3>Zoptymalizowany przep\u0142yw danych<\/h3>\n<p>Zaawansowana funkcja 802.3X Flow Control, kt\u00f3r\u0105 oferuje switch IMOU, zapewnia stabilno\u015b\u0107 i efektywno\u015b\u0107 przep\u0142ywu danych w sieci. Ten mechanizm kontroli przep\u0142ywu pozwala na zarz\u0105dzanie i koordynowanie transmisj\u0105 danych pomi\u0119dzy switchem a pod\u0142\u0105czonymi urz\u0105dzeniami, co jest szczeg\u00f3lnie wa\u017cne w sytuacjach du\u017cego obci\u0105\u017cenia sieci. Dzi\u0119ki temu urz\u0105dzenie jest w stanie zapobiega\u0107 utracie pakiet\u00f3w danych i zmniejsza\u0107 ryzyko zator\u00f3w w sieci \u2013 jest wi\u0119c doskona\u0142ym rozwi\u0105zaniem zar\u00f3wno dla wymagaj\u0105cych u\u017cytkownik\u00f3w biznesowych, jak i dla zaawansowanych zastosowa\u0144 domowych.<\/p>\n<p>\n<img decoding=\"async\" src=\"https:\/\/assets.innpro.pl\/13520\/16619\/6.jpg\" border=\"0\" alt=\"\" \/>\n<\/p>\n<h3>Imponuj\u0105ca wydajno\u015b\u0107<\/h3>\n<p>Switch jest niezarz\u0105dzalny, co przek\u0142ada si\u0119 na prostot\u0119 w u\u017cyciu bez konieczno\u015bci skomplikowanej konfiguracji. Oferuje \u0142\u0105czn\u0105 przepustowo\u015b\u0107 16 Gbps oraz szybko\u015b\u0107 przesy\u0142ania pakiet\u00f3w wynosz\u0105c\u0105 1.488 Mpps na port. Pami\u0119\u0107 bufora pakiet\u00f3w wynosi 4 Mb, co wspomaga efektywn\u0105 obs\u0142ug\u0119 ruchu sieciowego. Urz\u0105dzenie obs\u0142uguje ramki Jumbo do 15K i posiada tablic\u0119 MAC z 8K wpisami. Zapewnia tak\u017ce ochron\u0119 przed przepi\u0119ciami do 2 KV w trybie wsp\u00f3lnym i 1 KV w trybie r\u00f3\u017cnicowym.<\/p>\n<p>\n<img decoding=\"async\" src=\"https:\/\/assets.innpro.pl\/13520\/16619\/1.jpg\" border=\"0\" alt=\"\" \/>\n<\/p>\n<h3>Bezproblemowa konfiguracja<\/h3>\n<p>Dzi\u0119ki obs\u0142udze funkcji Auto MDI\/MDIX switch IMOU automatycznie rozpoznaje typ pod\u0142\u0105czonego kabla, co eliminuje konieczno\u015b\u0107 stosowania specjalnych kabli krosowych. Zastosowane rozwi\u0105zanie znacznie upraszcza proces konfiguracji sieci. Dodatkowym atutem jest Plug &amp; Play, czyli funkcja gwarantuj\u0105ca natychmiastowe dzia\u0142anie urz\u0105dzenia \u2013 nie musisz instalowa\u0107 dodatkowych sterownik\u00f3w.<\/p>\n<p>\n<img decoding=\"async\" src=\"https:\/\/assets.innpro.pl\/13520\/16619\/2.jpg\" border=\"0\" alt=\"\" \/>\n<\/p>\n<h3>Dopracowana konstrukcja<\/h3>\n<p>Obudow\u0119 urz\u0105dzenia wykonano z wysokiej jako\u015bci tworzywa sztucznego, co przek\u0142ada si\u0119 na lekko\u015b\u0107 (79 g) i trwa\u0142o\u015b\u0107. Wymiary switcha wynosz\u0105 zaledwie 133.2 x 62 x 21 mm, dzi\u0119ki czemu mo\u017cesz swobodnie postawi\u0107 go na biurku lub zamontowa\u0107 na \u015bcianie.<\/p>\n<p>\n<img decoding=\"async\" src=\"https:\/\/assets.innpro.pl\/13520\/16619\/3.jpg\" border=\"0\" alt=\"\" \/>\n<\/p>\n<div class=\"table-wrapper\">\n<p>\u00a0<\/p>\n<h3><\/h3>\n<table>\n<tbody>\n<tr>\n<th>Producent<\/th>\n<td>IMOU<\/td>\n<\/tr>\n<tr>\n<th>Model<\/th>\n<td>SG108C<\/td>\n<\/tr>\n<tr>\n<th>Port sieciowy<\/th>\n<td>8 port\u00f3w 10\/100\/1000 Mb\/s<\/td>\n<\/tr>\n<tr>\n<th>Obs\u0142uga PoE<\/th>\n<td>Nie<\/td>\n<\/tr>\n<tr>\n<th>Temperatura robocza<\/th>\n<td>od 0\u2103 do 40\u2103<\/td>\n<\/tr>\n<tr>\n<th>Wilgotno\u015b\u0107 robocza<\/th>\n<td>od 10 do 90%<\/td>\n<\/tr>\n<tr>\n<th>Zu\u017cycie energii<\/th>\n<td>3W<\/td>\n<\/tr>\n<tr>\n<th>Wska\u017anik LED<\/th>\n<td>1x zasilanie, 8x Link\/Ack<\/td>\n<\/tr>\n<tr>\n<th>Kategoria<\/th>\n<td>Prze\u0142\u0105cznik niezarz\u0105dzalny<\/td>\n<\/tr>\n<tr>\n<th>Przepustowo\u015b\u0107 prze\u0142\u0105czania<\/th>\n<td>16 Gbps<\/td>\n<\/tr>\n<tr>\n<th>Szybko\u015b\u0107 przekazywania pakiet\u00f3w<\/th>\n<td>1.488Mpps*8<\/td>\n<\/tr>\n<tr>\n<th>Pami\u0119\u0107 bufora pakiet\u00f3w<\/th>\n<td>4Mb<\/td>\n<\/tr>\n<tr>\n<th>Ramka Jumbo<\/th>\n<td>15K<\/td>\n<\/tr>\n<tr>\n<th>Rozmiar tabeli MAC<\/th>\n<td>8K<\/td>\n<\/tr>\n<tr>\n<th>Ochrona przeciwprzepi\u0119ciowa<\/th>\n<td>Tryb wsp\u00f3lny: 2 KV; Tryb r\u00f3\u017cnicowy: 1 KV<\/td>\n<\/tr>\n<tr>\n<th>Zasilacz<\/th>\n<td>DC5V1A<\/td>\n<\/tr>\n<tr>\n<th>Materia\u0142 obudowy<\/th>\n<td>Tworzywo sztuczne<\/td>\n<\/tr>\n<tr>\n<th>Metoda instalacji<\/th>\n<td>Biurko\/monta\u017c \u015bcienny<\/td>\n<\/tr>\n<tr>\n<th>Wymiary<\/th>\n<td>133.2 x 62 x 21 mm<\/td>\n<\/tr>\n<tr>\n<th>Waga<\/th>\n<td>79 g<\/td>\n<\/tr>\n<\/tbody>\n<\/table>\n<\/div>\n","protected":false},"excerpt":{"rendered":"<p>Switch LAN 8-portowy IMOU SG108C Switch LAN IMOU SG108C oferuje 8 port\u00f3w typu RJ45, zapewniaj\u0105c szybk\u0105 i stabiln\u0105 \u0142\u0105czno\u015b\u0107 sieciow\u0105.<\/p>\n","protected":false},"featured_media":47186,"comment_status":"closed","ping_status":"open","template":"","meta":{"_acf_changed":false},"product_brand":[],"product_cat":[5929,5962],"product_tag":[],"class_list":{"0":"post-60315","1":"product","2":"type-product","3":"status-publish","4":"has-post-thumbnail","6":"product_cat-akcesoria-it","7":"product_cat-pozostale-akcesoria-it","8":"pa_okres-gwarancji-5775","9":"pa_producent-imou","11":"first","12":"outofstock","13":"taxable","14":"shipping-taxable","15":"purchasable","16":"product-type-simple"},"acf":[],"yoast_head":"<!-- This site is optimized with the Yoast SEO plugin v27.2 - https:\/\/yoast.com\/product\/yoast-seo-wordpress\/ -->\n<title>Switch IMOU SG108C 8-portowy - IRONSKY.PL Sklep z Dronami<\/title>\n<meta name=\"description\" content=\"Switch IMOU SG108C 8-portowy - \u2705 sklep z dronami i fachowym doradztwem. \u2705 Tutaj kupisz produkty DJI, Yuneec, Parrot, Syma i wiele innych, a tak\u017ce kursy i licencje na operatora drona.\" \/>\n<meta name=\"robots\" content=\"index, follow, max-snippet:-1, max-image-preview:large, max-video-preview:-1\" \/>\n<link rel=\"canonical\" href=\"https:\/\/ironsky.pl\/sklep\/produkt\/switch-imou-sg108c-8-portowy\/\" \/>\n<meta property=\"og:locale\" content=\"pl_PL\" \/>\n<meta property=\"og:type\" content=\"article\" \/>\n<meta property=\"og:title\" content=\"Switch IMOU SG108C 8-portowy - IRONSKY.PL Sklep z Dronami\" \/>\n<meta property=\"og:description\" content=\"Switch IMOU SG108C 8-portowy - \u2705 sklep z dronami i fachowym doradztwem. \u2705 Tutaj kupisz produkty DJI, Yuneec, Parrot, Syma i wiele innych, a tak\u017ce kursy i licencje na operatora drona.\" \/>\n<meta property=\"og:url\" content=\"https:\/\/ironsky.pl\/sklep\/produkt\/switch-imou-sg108c-8-portowy\/\" \/>\n<meta property=\"og:site_name\" content=\"IRONSKY.PL Sklep z Dronami\" \/>\n<meta property=\"article:modified_time\" content=\"2026-04-15T08:59:59+00:00\" \/>\n<meta property=\"og:image\" content=\"https:\/\/ironsky.pl\/sklep\/wp-content\/uploads\/2025\/06\/51347_1.jpg\" \/>\n\t<meta property=\"og:image:width\" content=\"800\" \/>\n\t<meta property=\"og:image:height\" content=\"800\" \/>\n\t<meta property=\"og:image:type\" content=\"image\/jpeg\" \/>\n<meta name=\"twitter:card\" content=\"summary_large_image\" \/>\n<meta name=\"twitter:label1\" content=\"Szacowany czas czytania\" \/>\n\t<meta name=\"twitter:data1\" content=\"3 minuty\" \/>\n<script type=\"application\/ld+json\" class=\"yoast-schema-graph\">{\"@context\":\"https:\/\/schema.org\",\"@graph\":[{\"@type\":\"WebPage\",\"@id\":\"https:\/\/ironsky.pl\/sklep\/produkt\/switch-imou-sg108c-8-portowy\/\",\"url\":\"https:\/\/ironsky.pl\/sklep\/produkt\/switch-imou-sg108c-8-portowy\/\",\"name\":\"Switch IMOU SG108C 8-portowy - IRONSKY.PL Sklep z Dronami\",\"isPartOf\":{\"@id\":\"https:\/\/ironsky.pl\/sklep\/#website\"},\"primaryImageOfPage\":{\"@id\":\"https:\/\/ironsky.pl\/sklep\/produkt\/switch-imou-sg108c-8-portowy\/#primaryimage\"},\"image\":{\"@id\":\"https:\/\/ironsky.pl\/sklep\/produkt\/switch-imou-sg108c-8-portowy\/#primaryimage\"},\"thumbnailUrl\":\"https:\/\/ironsky.pl\/sklep\/wp-content\/uploads\/2025\/06\/51347_1.jpg\",\"datePublished\":\"2026-04-15T08:59:42+00:00\",\"dateModified\":\"2026-04-15T08:59:59+00:00\",\"description\":\"Switch IMOU SG108C 8-portowy - \u2705 sklep z dronami i fachowym doradztwem. \u2705 Tutaj kupisz produkty DJI, Yuneec, Parrot, Syma i wiele innych, a tak\u017ce kursy i licencje na operatora drona.\",\"breadcrumb\":{\"@id\":\"https:\/\/ironsky.pl\/sklep\/produkt\/switch-imou-sg108c-8-portowy\/#breadcrumb\"},\"inLanguage\":\"pl-PL\",\"potentialAction\":[{\"@type\":\"ReadAction\",\"target\":[\"https:\/\/ironsky.pl\/sklep\/produkt\/switch-imou-sg108c-8-portowy\/\"]}]},{\"@type\":\"ImageObject\",\"inLanguage\":\"pl-PL\",\"@id\":\"https:\/\/ironsky.pl\/sklep\/produkt\/switch-imou-sg108c-8-portowy\/#primaryimage\",\"url\":\"https:\/\/ironsky.pl\/sklep\/wp-content\/uploads\/2025\/06\/51347_1.jpg\",\"contentUrl\":\"https:\/\/ironsky.pl\/sklep\/wp-content\/uploads\/2025\/06\/51347_1.jpg\",\"width\":800,\"height\":800},{\"@type\":\"BreadcrumbList\",\"@id\":\"https:\/\/ironsky.pl\/sklep\/produkt\/switch-imou-sg108c-8-portowy\/#breadcrumb\",\"itemListElement\":[{\"@type\":\"ListItem\",\"position\":1,\"name\":\"Strona g\u0142\u00f3wna\",\"item\":\"https:\/\/ironsky.pl\/sklep\/\"},{\"@type\":\"ListItem\",\"position\":2,\"name\":\"Wszystkie produkty\",\"item\":\"https:\/\/ironsky.pl\/sklep\/produkty\/\"},{\"@type\":\"ListItem\",\"position\":3,\"name\":\"Switch IMOU SG108C 8-portowy\"}]},{\"@type\":\"WebSite\",\"@id\":\"https:\/\/ironsky.pl\/sklep\/#website\",\"url\":\"https:\/\/ironsky.pl\/sklep\/\",\"name\":\"IRONSKY.PL Sklep z Dronami\",\"description\":\"IRONSKY.PL Sklep z Dronami\",\"potentialAction\":[{\"@type\":\"SearchAction\",\"target\":{\"@type\":\"EntryPoint\",\"urlTemplate\":\"https:\/\/ironsky.pl\/sklep\/?s={search_term_string}\"},\"query-input\":{\"@type\":\"PropertyValueSpecification\",\"valueRequired\":true,\"valueName\":\"search_term_string\"}}],\"inLanguage\":\"pl-PL\"}]}<\/script>\n<!-- \/ Yoast SEO plugin. -->","yoast_head_json":{"title":"Switch IMOU SG108C 8-portowy - IRONSKY.PL Sklep z Dronami","description":"Switch IMOU SG108C 8-portowy - \u2705 sklep z dronami i fachowym doradztwem. \u2705 Tutaj kupisz produkty DJI, Yuneec, Parrot, Syma i wiele innych, a tak\u017ce kursy i licencje na operatora drona.","robots":{"index":"index","follow":"follow","max-snippet":"max-snippet:-1","max-image-preview":"max-image-preview:large","max-video-preview":"max-video-preview:-1"},"canonical":"https:\/\/ironsky.pl\/sklep\/produkt\/switch-imou-sg108c-8-portowy\/","og_locale":"pl_PL","og_type":"article","og_title":"Switch IMOU SG108C 8-portowy - IRONSKY.PL Sklep z Dronami","og_description":"Switch IMOU SG108C 8-portowy - \u2705 sklep z dronami i fachowym doradztwem. \u2705 Tutaj kupisz produkty DJI, Yuneec, Parrot, Syma i wiele innych, a tak\u017ce kursy i licencje na operatora drona.","og_url":"https:\/\/ironsky.pl\/sklep\/produkt\/switch-imou-sg108c-8-portowy\/","og_site_name":"IRONSKY.PL Sklep z Dronami","article_modified_time":"2026-04-15T08:59:59+00:00","og_image":[{"width":800,"height":800,"url":"https:\/\/ironsky.pl\/sklep\/wp-content\/uploads\/2025\/06\/51347_1.jpg","type":"image\/jpeg"}],"twitter_card":"summary_large_image","twitter_misc":{"Szacowany czas czytania":"3 minuty"},"schema":{"@context":"https:\/\/schema.org","@graph":[{"@type":"WebPage","@id":"https:\/\/ironsky.pl\/sklep\/produkt\/switch-imou-sg108c-8-portowy\/","url":"https:\/\/ironsky.pl\/sklep\/produkt\/switch-imou-sg108c-8-portowy\/","name":"Switch IMOU SG108C 8-portowy - IRONSKY.PL Sklep z Dronami","isPartOf":{"@id":"https:\/\/ironsky.pl\/sklep\/#website"},"primaryImageOfPage":{"@id":"https:\/\/ironsky.pl\/sklep\/produkt\/switch-imou-sg108c-8-portowy\/#primaryimage"},"image":{"@id":"https:\/\/ironsky.pl\/sklep\/produkt\/switch-imou-sg108c-8-portowy\/#primaryimage"},"thumbnailUrl":"https:\/\/ironsky.pl\/sklep\/wp-content\/uploads\/2025\/06\/51347_1.jpg","datePublished":"2026-04-15T08:59:42+00:00","dateModified":"2026-04-15T08:59:59+00:00","description":"Switch IMOU SG108C 8-portowy - \u2705 sklep z dronami i fachowym doradztwem. \u2705 Tutaj kupisz produkty DJI, Yuneec, Parrot, Syma i wiele innych, a tak\u017ce kursy i licencje na operatora drona.","breadcrumb":{"@id":"https:\/\/ironsky.pl\/sklep\/produkt\/switch-imou-sg108c-8-portowy\/#breadcrumb"},"inLanguage":"pl-PL","potentialAction":[{"@type":"ReadAction","target":["https:\/\/ironsky.pl\/sklep\/produkt\/switch-imou-sg108c-8-portowy\/"]}]},{"@type":"ImageObject","inLanguage":"pl-PL","@id":"https:\/\/ironsky.pl\/sklep\/produkt\/switch-imou-sg108c-8-portowy\/#primaryimage","url":"https:\/\/ironsky.pl\/sklep\/wp-content\/uploads\/2025\/06\/51347_1.jpg","contentUrl":"https:\/\/ironsky.pl\/sklep\/wp-content\/uploads\/2025\/06\/51347_1.jpg","width":800,"height":800},{"@type":"BreadcrumbList","@id":"https:\/\/ironsky.pl\/sklep\/produkt\/switch-imou-sg108c-8-portowy\/#breadcrumb","itemListElement":[{"@type":"ListItem","position":1,"name":"Strona g\u0142\u00f3wna","item":"https:\/\/ironsky.pl\/sklep\/"},{"@type":"ListItem","position":2,"name":"Wszystkie produkty","item":"https:\/\/ironsky.pl\/sklep\/produkty\/"},{"@type":"ListItem","position":3,"name":"Switch IMOU SG108C 8-portowy"}]},{"@type":"WebSite","@id":"https:\/\/ironsky.pl\/sklep\/#website","url":"https:\/\/ironsky.pl\/sklep\/","name":"IRONSKY.PL Sklep z Dronami","description":"IRONSKY.PL Sklep z Dronami","potentialAction":[{"@type":"SearchAction","target":{"@type":"EntryPoint","urlTemplate":"https:\/\/ironsky.pl\/sklep\/?s={search_term_string}"},"query-input":{"@type":"PropertyValueSpecification","valueRequired":true,"valueName":"search_term_string"}}],"inLanguage":"pl-PL"}]}},"_links":{"self":[{"href":"https:\/\/ironsky.pl\/sklep\/wp-json\/wp\/v2\/product\/60315","targetHints":{"allow":["GET"]}}],"collection":[{"href":"https:\/\/ironsky.pl\/sklep\/wp-json\/wp\/v2\/product"}],"about":[{"href":"https:\/\/ironsky.pl\/sklep\/wp-json\/wp\/v2\/types\/product"}],"replies":[{"embeddable":true,"href":"https:\/\/ironsky.pl\/sklep\/wp-json\/wp\/v2\/comments?post=60315"}],"wp:featuredmedia":[{"embeddable":true,"href":"https:\/\/ironsky.pl\/sklep\/wp-json\/wp\/v2\/media\/47186"}],"wp:attachment":[{"href":"https:\/\/ironsky.pl\/sklep\/wp-json\/wp\/v2\/media?parent=60315"}],"wp:term":[{"taxonomy":"product_brand","embeddable":true,"href":"https:\/\/ironsky.pl\/sklep\/wp-json\/wp\/v2\/product_brand?post=60315"},{"taxonomy":"product_cat","embeddable":true,"href":"https:\/\/ironsky.pl\/sklep\/wp-json\/wp\/v2\/product_cat?post=60315"},{"taxonomy":"product_tag","embeddable":true,"href":"https:\/\/ironsky.pl\/sklep\/wp-json\/wp\/v2\/product_tag?post=60315"}],"curies":[{"name":"wp","href":"https:\/\/api.w.org\/{rel}","templated":true}]}}