{"id":60312,"date":"2026-04-15T10:59:42","date_gmt":"2026-04-15T08:59:42","guid":{"rendered":"https:\/\/ironsky.pl\/sklep\/produkt\/grawerka-laserowa-laserpecker-laserpecker-5-deluxe\/"},"modified":"2026-04-15T10:59:56","modified_gmt":"2026-04-15T08:59:56","slug":"grawerka-laserowa-laserpecker-laserpecker-5-deluxe","status":"publish","type":"product","link":"https:\/\/ironsky.pl\/sklep\/produkt\/grawerka-laserowa-laserpecker-laserpecker-5-deluxe\/","title":{"rendered":"Grawerka laserowa LASERPECKER LaserPecker 5 Deluxe"},"content":{"rendered":"<h3>Grawerka Laserowa LaserPecker 5 wersja Deluxe<\/h3>\n<p>LaserPecker 5 Deluxe to zaawansowana grawerka laserowa, kt\u00f3ra \u0142\u0105czy wysok\u0105 moc, wszechstronno\u015b\u0107 i mobilno\u015b\u0107. Dzi\u0119ki podw\u00f3jnym \u017ar\u00f3d\u0142om lasera (20W \u015bwiat\u0142owodowy i 20W diodowy), umo\u017cliwia precyzyjne grawerowanie na szerokiej gamie materia\u0142\u00f3w, takich jak metal, drewno, sk\u00f3ra czy szk\u0142o. Charakteryzuje si\u0119 mo\u017cliwo\u015bci\u0105 g\u0142\u0119bokiego grawerowania, ci\u0119cia metali oraz grawerowania w pe\u0142nym kolorze. Kompaktowa i przeno\u015bna, idealna do pracy w r\u00f3\u017cnych warunkach, od warsztatu po otwart\u0105 przestrze\u0144. Dzi\u0119ki do\u0142\u0105czonym do zestawu przystawkom Slide i Rotary Extension mo\u017cesz dostosowa\u0107 grawerowanie do swoich potrzeb. Dodatkowo urz\u0105dzenie oferuje szereg mechanizm\u00f3w bezpiecze\u0144stwa, w tym zaawansowan\u0105 filtracj\u0119 \u015bwiat\u0142a, zapewniaj\u0105c pe\u0142n\u0105 ochron\u0119 podczas grawerowania. Prostota obs\u0142ugi, inteligentne oprogramowanie oraz szybkie tempo pracy sprawiaj\u0105, \u017ce LaserPecker 5 Deluxe to narz\u0119dzie idealne zar\u00f3wno dla profesjonalist\u00f3w, jak i zaczynaj\u0105cych swoj\u0105 przygod\u0119 z grawerunkiem.<\/p>\n<p>\n<img decoding=\"async\" src=\"https:\/\/assets.innpro.pl\/13501\/16600\/7.jpg\" border=\"0\" alt=\"\" \/>\n<\/p>\n<h3>Wszechstronne zastosowania<\/h3>\n<p>LaserPecker 5 Deluxe oferuje dwie r\u00f3\u017cne technologie laserowe, kt\u00f3re otwieraj\u0105 przed u\u017cytkownikami szeroki wachlarz mo\u017cliwo\u015bci. Laser \u015bwiat\u0142owodowy o mocy 20W jest doskona\u0142y do pracy z metalami, takimi jak stal nierdzewna, aluminium, mosi\u0105dz, srebro, platyna, tytan oraz z\u0142oto. Laser diodowy o mocy 20W idealnie pracuje na drewnie, akrylu, sk\u00f3rze, szkle, kamieniu, papierze, gumie, a tak\u017ce na \u017cywno\u015bci, co daje ogromn\u0105 elastyczno\u015b\u0107 w projektach artystycznych i przemys\u0142owych. Dzi\u0119ki tak szerokim mo\u017cliwo\u015bciom materia\u0142owym LaserPecker 5 Deluxe staje si\u0119 niezast\u0105pionym narz\u0119dziem w warsztatach, ma\u0142ych firmach i dla artyst\u00f3w.<\/p>\n<p>\n<img decoding=\"async\" src=\"https:\/\/assets.innpro.pl\/13501\/16600\/3.jpg\" border=\"0\" alt=\"\" \/>\n<\/p>\n<h3>G\u0142\u0119bokie grawerowanie i precyzyjne ci\u0119cie<\/h3>\n<p>LaserPecker 5 to maszyna, kt\u00f3ra umo\u017cliwia osi\u0105ganie g\u0142\u0119bokich i wyra\u017anych grawer\u00f3w w jednym przebiegu. Kraw\u0119dzie s\u0105 czyste, a detale precyzyjnie odwzorowane. Ta grawerka jest idealnym rozwi\u0105zaniem do tworzenia bardziej zaawansowanych projekt\u00f3w, w kt\u00f3rych wymagane s\u0105 szczeg\u00f3\u0142y i g\u0142\u0119boko\u015b\u0107. Dzi\u0119ki kontroli k\u0105t\u00f3w ci\u0119cia i geometrii, LaserPecker 5 pozwala na ci\u0119cie metali, takich jak mosi\u0105dz, stal nierdzewna, aluminium oraz tytan, z dok\u0142adno\u015bci\u0105 do 1 mm, co wykracza poza mo\u017cliwo\u015bci tradycyjnych urz\u0105dze\u0144.<\/p>\n<p>\n<img decoding=\"async\" src=\"https:\/\/assets.innpro.pl\/13501\/16600\/19.jpg\" border=\"0\" alt=\"\" \/>\n<\/p>\n<h3>Innowacyjna technologia kolorowego grawerowania<\/h3>\n<p>W odr\u00f3\u017cnieniu od innych urz\u0105dze\u0144, kt\u00f3re ograniczaj\u0105 do tworzenia tylko monochromatycznych projekt\u00f3w, LaserPecker 5 Deluxe umo\u017cliwia eksperymentowanie z kolorami poprzez kontrolowanie temperatury i utleniania. Odkryj rado\u015b\u0107 z tworzenia grawer\u00f3w w pe\u0142nej gamie kolorystycznej, co otwiera nowe mo\u017cliwo\u015bci w zakresie personalizacji produkt\u00f3w.<\/p>\n<p>\n<img decoding=\"async\" src=\"https:\/\/assets.innpro.pl\/13501\/16600\/9.jpg\" border=\"0\" alt=\"\" \/>\n<\/p>\n<h3>Bezkompromisowa mobilno\u015b\u0107 i wydajno\u015b\u0107<\/h3>\n<p>LaserPecker 5 \u0142\u0105czy niesamowit\u0105 moc z por\u0119czno\u015bci\u0105. Jest to najl\u017cejsza i najbardziej kompaktowa grawerka w swojej klasie, co czyni j\u0105 idealnym rozwi\u0105zaniem do pracy w r\u00f3\u017cnych warunkach. Dzi\u0119ki mobilno\u015bci urz\u0105dzenia mo\u017cesz korzysta\u0107 z niego w warsztacie, w terenie, czy w ka\u017cdym miejscu, kt\u00f3re Ci\u0119 inspiruje. Praca z LaserPecker 5 nie wymaga stacjonarnego stanowiska. Od teraz mo\u017cesz tworzy\u0107 w ka\u017cdym miejscu \u2014 na budowie, w warsztacie, a nawet na \u015bwie\u017cym powietrzu.<\/p>\n<p>\n<img decoding=\"async\" src=\"https:\/\/assets.innpro.pl\/13501\/16600\/6.jpg\" border=\"0\" alt=\"\" \/>\n<\/p>\n<h3>Szybka i efektywna praca <\/h3>\n<p>LaserPecker 5 to maszyna, kt\u00f3ra mo\u017ce pracowa\u0107 z pr\u0119dko\u015bci\u0105 do 10 000 mm\/s, oferuj\u0105c rezultaty por\u00f3wnywalne z przemys\u0142owymi urz\u0105dzeniami. Dzi\u0119ki tej wydajno\u015bci mo\u017cesz szybko przej\u015b\u0107 do realizacji swoich projekt\u00f3w, nie rezygnuj\u0105c z jako\u015bci. Kiedy zlecenia wymagaj\u0105 wi\u0119kszej produkcji, rozszerzenie Slide pomo\u017ce zwi\u0119kszy\u0107 wydajno\u015b\u0107, umo\u017cliwiaj\u0105c szybsz\u0105 obr\u00f3bk\u0119. Przystawka Slide Extension pozwala na powi\u0119kszenie obszaru roboczego, natomiast Rotary Extension umo\u017cliwia grawerunek na cylindrycznych przedmiotach, takich jak kubki, szklanki, bransoletki czy pier\u015bcionki, osi\u0105gaj\u0105c precyzyjne efekty.<\/p>\n<p>\n<img decoding=\"async\" src=\"https:\/\/assets.innpro.pl\/13501\/16600\/13.jpg\" border=\"0\" alt=\"\" \/>\n<\/p>\n<h3>Inteligentne grawerowanie<\/h3>\n<p>LaserPecker 5 to urz\u0105dzenie, kt\u00f3re \u0142\u0105czy prostot\u0119 obs\u0142ugi z zaawansowan\u0105 funkcjonalno\u015bci\u0105. Dzi\u0119ki inteligentnemu wype\u0142nianiu system rozpozna kszta\u0142t i rozmiar materia\u0142\u00f3w, a Ty b\u0119dziesz m\u00f3g\u0142 skoncentrowa\u0107 si\u0119 na samej kreatywno\u015bci. Dzi\u0119ki wbudowanej kamerze zyskujesz kontrol\u0119 nad ca\u0142ym procesem, eliminuj\u0105c ryzyko pojawiania si\u0119 b\u0142\u0119d\u00f3w.\u00a0<\/p>\n<p>\n<img decoding=\"async\" src=\"https:\/\/assets.innpro.pl\/13501\/16600\/17.jpg\" border=\"0\" alt=\"\" \/>\n<\/p>\n<h3>Zaawansowane funkcje bezpiecze\u0144stwa<\/h3>\n<p>Bezpiecze\u0144stwo jest priorytetem, dlatego LaserPecker 5 Deluxe zosta\u0142a rygorystycznie przetestowana i certyfikowana, spe\u0142niaj\u0105c normy unijne. Posiada wiele mechanizm\u00f3w zabezpieczaj\u0105cych, takich jak filtracj\u0119 \u015bwiat\u0142a (zastosowane materia\u0142y filtruj\u0105ce blokuj\u0105 99,99% szkodliwego \u015bwiat\u0142a, chroni\u0105c Twoje oczy), oraz wentylator wydmuchowy (zapewnia odpowiedni\u0105 wentylacj\u0119, usuwaj\u0105c py\u0142y i opary ze strefy roboczej). Ochrona przed przegrzaniem i przycisk awaryjny to dodatkowe zabezpieczenia, kt\u00f3re zapewniaj\u0105 ochron\u0119 i pe\u0142n\u0105 kontrol\u0119 nad procesem grawerowania.<\/p>\n<p>\n<img decoding=\"async\" src=\"https:\/\/assets.innpro.pl\/13501\/16600\/1.jpg\" border=\"0\" alt=\"\" \/>\n<\/p>\n<h3>Intuicyjne oprogramowanie dla pe\u0142nej kontroli<\/h3>\n<p>LaserPecker 5 Deluxe wsp\u00f3\u0142pracuje z intuicyjnym oprogramowaniem na komputer oraz aplikacj\u0105 mobiln\u0105, kt\u00f3re pozwalaj\u0105 na pe\u0142n\u0105 kontrol\u0119 nad procesem grawerowania. Uzyskaj idealne grawerowanie dzi\u0119ki dw\u00f3m czerwonym punktom ustawiania ostro\u015bci i bezpo\u015brednim bezpiecznym opcjom podgl\u0105du.<\/p>\n<p>\n<img decoding=\"async\" src=\"https:\/\/assets.innpro.pl\/13501\/16600\/5.jpg\" border=\"0\" alt=\"\" \/>\n<\/p>\n<h3>W zestawie<\/h3>\n<ul class=\"list-disc pl-5\">\n<li>grawerka laserowa<\/li>\n<li>kabel zasilaj\u0105cy<\/li>\n<li>adapter zasilaj\u0105cy<\/li>\n<li>kabel 1.5 m<\/li>\n<li>kabel 0.6 m<\/li>\n<li>rurka<\/li>\n<li>adapter do rurki<\/li>\n<li>pendrive USB<\/li>\n<li>pozycjoner w kszta\u0142cie litery L x2<\/li>\n<li>okulary ochronne<\/li>\n<li>zestaw z materia\u0142ami<\/li>\n<li>przystawka Slide Extension<\/li>\n<li>przystawka Rotary Extension<\/li>\n<li>instrukcja obs\u0142ugi<\/li>\n<\/ul>\n<div class=\"table-wrapper\">\n<p>\u00a0<\/p>\n<h3><\/h3>\n<table>\n<tbody>\n<tr>\n<th>Producent<\/th>\n<td>LaserPecker<\/td>\n<\/tr>\n<tr>\n<th>Model<\/th>\n<td>5 Deluxe<\/td>\n<\/tr>\n<tr>\n<th>Wymiary<\/th>\n<td>Jednostka lasera: 255 x 98 x 183 mm; stojak elektryczny: 198 x 286 x 323 mm; sto\u017ckowa os\u0142ona ochronna: 167 x 231 x 160 mm<\/td>\n<\/tr>\n<tr>\n<th>Waga <\/th>\n<td>Jednostka lasera: 3,36 kg; stojak elektryczny: 2,28 kg; sto\u017ckowa os\u0142ona ochronna: 0,38 kg<\/td>\n<\/tr>\n<tr>\n<th>Waga ca\u0142kowita<\/th>\n<td>6,02 kg<\/td>\n<\/tr>\n<tr>\n<th>Moc lasera i \u017ar\u00f3d\u0142o lasera:<\/th>\n<td>20W 450nm laser diodowy niebieski; 20W 1064nm laser \u015bwiat\u0142owodowy<\/td>\n<\/tr>\n<tr>\n<th>Obszar roboczy<\/th>\n<td>120 x 160 mm (elipsa); 100 x 100 mm (kwadrat); 160 x 300 mm (z rozszerzeniem Slide)<\/td>\n<\/tr>\n<tr>\n<th>Rozmiar plamki lasera<\/th>\n<td>0,08 x 0,1 mm (laser diodowy 20W); 0,06 x 0,06 mm (laser \u015bwiat\u0142owodowy 20W)<\/td>\n<\/tr>\n<tr>\n<th>Maksymalna pr\u0119dko\u015b\u0107 robocza<\/th>\n<td>10000 mm\/s<\/td>\n<\/tr>\n<tr>\n<th>Precyzja grawerowania<\/th>\n<td>0,0027 mm<\/td>\n<\/tr>\n<tr>\n<th>Tryb podgl\u0105du<\/th>\n<td>Podgl\u0105d prostok\u0105ta \/ Podgl\u0105d obrysu \/ Podgl\u0105d punktu centralnego<\/td>\n<\/tr>\n<tr>\n<th>Obs\u0142ugiwane formaty plik\u00f3w<\/th>\n<td>Oprogramowanie na PC: G-code \/ JPG \/ PNG \/ BMP \/ SVG \/ DXF itp.; aplikacja mobilna: G-code \/ JPG \/ PNG \/ SVG<\/td>\n<\/tr>\n<tr>\n<th>\u0141\u0105czno\u015b\u0107<\/th>\n<td>USB, Wi-Fi<\/td>\n<\/tr>\n<tr>\n<th>Obs\u0142ugiwane systemy operacyjne<\/th>\n<td>iOS 9.0+, Android 7.0+, macOS 10+, Windows 10+ Kompatybilne z LightBurn<\/td>\n<\/tr>\n<tr>\n<th>Certyfikaty bezpiecze\u0144stwa<\/th>\n<td>CE \/ ROHS \/ FCC \/ FDA \/ NCC \/ KC \/ UKCA \/ TELEC \/ SRRC<\/td>\n<\/tr>\n<\/tbody>\n<\/table>\n<\/div>\n","protected":false},"excerpt":{"rendered":"<p>Grawerka Laserowa LaserPecker 5 wersja Deluxe LaserPecker 5 Deluxe to zaawansowana grawerka laserowa, kt\u00f3ra \u0142\u0105czy wysok\u0105 moc, wszechstronno\u015b\u0107 i mobilno\u015b\u0107.<\/p>\n","protected":false},"featured_media":47182,"comment_status":"closed","ping_status":"open","template":"","meta":{"_acf_changed":false},"product_brand":[],"product_cat":[6218,6217,6219],"product_tag":[],"class_list":{"0":"post-60312","1":"product","2":"type-product","3":"status-publish","4":"has-post-thumbnail","6":"product_cat-grawerki-i-wycinarki-laserowe","7":"product_cat-technologie-kreatywne","8":"product_cat-urzadzenia","9":"pa_okres-gwarancji-5754","10":"pa_producent-laserpecker","12":"first","13":"outofstock","14":"taxable","15":"shipping-taxable","16":"purchasable","17":"product-type-simple"},"acf":[],"yoast_head":"<!-- This site is optimized with the Yoast SEO plugin v27.2 - https:\/\/yoast.com\/product\/yoast-seo-wordpress\/ -->\n<title>Grawerka laserowa LASERPECKER LaserPecker 5 Deluxe - IRONSKY.PL Sklep z Dronami<\/title>\n<meta name=\"description\" content=\"Grawerka laserowa LASERPECKER LaserPecker 5 Deluxe - \u2705 sklep z dronami i fachowym doradztwem. \u2705 Tutaj kupisz produkty DJI, Yuneec, Parrot, Syma i wiele innych, a tak\u017ce kursy i licencje na operatora drona.\" \/>\n<meta name=\"robots\" content=\"index, follow, max-snippet:-1, max-image-preview:large, max-video-preview:-1\" \/>\n<link rel=\"canonical\" href=\"https:\/\/ironsky.pl\/sklep\/produkt\/grawerka-laserowa-laserpecker-laserpecker-5-deluxe\/\" \/>\n<meta property=\"og:locale\" content=\"pl_PL\" \/>\n<meta property=\"og:type\" content=\"article\" \/>\n<meta property=\"og:title\" content=\"Grawerka laserowa LASERPECKER LaserPecker 5 Deluxe - IRONSKY.PL Sklep z Dronami\" \/>\n<meta property=\"og:description\" content=\"Grawerka laserowa LASERPECKER LaserPecker 5 Deluxe - \u2705 sklep z dronami i fachowym doradztwem. \u2705 Tutaj kupisz produkty DJI, Yuneec, Parrot, Syma i wiele innych, a tak\u017ce kursy i licencje na operatora drona.\" \/>\n<meta property=\"og:url\" content=\"https:\/\/ironsky.pl\/sklep\/produkt\/grawerka-laserowa-laserpecker-laserpecker-5-deluxe\/\" \/>\n<meta property=\"og:site_name\" content=\"IRONSKY.PL Sklep z Dronami\" \/>\n<meta property=\"article:modified_time\" content=\"2026-04-15T08:59:56+00:00\" \/>\n<meta property=\"og:image\" content=\"https:\/\/ironsky.pl\/sklep\/wp-content\/uploads\/2025\/06\/51339_1.jpg\" \/>\n\t<meta property=\"og:image:width\" content=\"800\" \/>\n\t<meta property=\"og:image:height\" content=\"800\" \/>\n\t<meta property=\"og:image:type\" content=\"image\/jpeg\" \/>\n<meta name=\"twitter:card\" content=\"summary_large_image\" \/>\n<meta name=\"twitter:label1\" content=\"Szacowany czas czytania\" \/>\n\t<meta name=\"twitter:data1\" content=\"5 minut\" \/>\n<script type=\"application\/ld+json\" class=\"yoast-schema-graph\">{\"@context\":\"https:\/\/schema.org\",\"@graph\":[{\"@type\":\"WebPage\",\"@id\":\"https:\/\/ironsky.pl\/sklep\/produkt\/grawerka-laserowa-laserpecker-laserpecker-5-deluxe\/\",\"url\":\"https:\/\/ironsky.pl\/sklep\/produkt\/grawerka-laserowa-laserpecker-laserpecker-5-deluxe\/\",\"name\":\"Grawerka laserowa LASERPECKER LaserPecker 5 Deluxe - IRONSKY.PL Sklep z Dronami\",\"isPartOf\":{\"@id\":\"https:\/\/ironsky.pl\/sklep\/#website\"},\"primaryImageOfPage\":{\"@id\":\"https:\/\/ironsky.pl\/sklep\/produkt\/grawerka-laserowa-laserpecker-laserpecker-5-deluxe\/#primaryimage\"},\"image\":{\"@id\":\"https:\/\/ironsky.pl\/sklep\/produkt\/grawerka-laserowa-laserpecker-laserpecker-5-deluxe\/#primaryimage\"},\"thumbnailUrl\":\"https:\/\/ironsky.pl\/sklep\/wp-content\/uploads\/2025\/06\/51339_1.jpg\",\"datePublished\":\"2026-04-15T08:59:42+00:00\",\"dateModified\":\"2026-04-15T08:59:56+00:00\",\"description\":\"Grawerka laserowa LASERPECKER LaserPecker 5 Deluxe - \u2705 sklep z dronami i fachowym doradztwem. \u2705 Tutaj kupisz produkty DJI, Yuneec, Parrot, Syma i wiele innych, a tak\u017ce kursy i licencje na operatora drona.\",\"breadcrumb\":{\"@id\":\"https:\/\/ironsky.pl\/sklep\/produkt\/grawerka-laserowa-laserpecker-laserpecker-5-deluxe\/#breadcrumb\"},\"inLanguage\":\"pl-PL\",\"potentialAction\":[{\"@type\":\"ReadAction\",\"target\":[\"https:\/\/ironsky.pl\/sklep\/produkt\/grawerka-laserowa-laserpecker-laserpecker-5-deluxe\/\"]}]},{\"@type\":\"ImageObject\",\"inLanguage\":\"pl-PL\",\"@id\":\"https:\/\/ironsky.pl\/sklep\/produkt\/grawerka-laserowa-laserpecker-laserpecker-5-deluxe\/#primaryimage\",\"url\":\"https:\/\/ironsky.pl\/sklep\/wp-content\/uploads\/2025\/06\/51339_1.jpg\",\"contentUrl\":\"https:\/\/ironsky.pl\/sklep\/wp-content\/uploads\/2025\/06\/51339_1.jpg\",\"width\":800,\"height\":800},{\"@type\":\"BreadcrumbList\",\"@id\":\"https:\/\/ironsky.pl\/sklep\/produkt\/grawerka-laserowa-laserpecker-laserpecker-5-deluxe\/#breadcrumb\",\"itemListElement\":[{\"@type\":\"ListItem\",\"position\":1,\"name\":\"Strona g\u0142\u00f3wna\",\"item\":\"https:\/\/ironsky.pl\/sklep\/\"},{\"@type\":\"ListItem\",\"position\":2,\"name\":\"Wszystkie produkty\",\"item\":\"https:\/\/ironsky.pl\/sklep\/produkty\/\"},{\"@type\":\"ListItem\",\"position\":3,\"name\":\"Grawerka laserowa LASERPECKER LaserPecker 5 Deluxe\"}]},{\"@type\":\"WebSite\",\"@id\":\"https:\/\/ironsky.pl\/sklep\/#website\",\"url\":\"https:\/\/ironsky.pl\/sklep\/\",\"name\":\"IRONSKY.PL Sklep z Dronami\",\"description\":\"IRONSKY.PL Sklep z Dronami\",\"potentialAction\":[{\"@type\":\"SearchAction\",\"target\":{\"@type\":\"EntryPoint\",\"urlTemplate\":\"https:\/\/ironsky.pl\/sklep\/?s={search_term_string}\"},\"query-input\":{\"@type\":\"PropertyValueSpecification\",\"valueRequired\":true,\"valueName\":\"search_term_string\"}}],\"inLanguage\":\"pl-PL\"}]}<\/script>\n<!-- \/ Yoast SEO plugin. -->","yoast_head_json":{"title":"Grawerka laserowa LASERPECKER LaserPecker 5 Deluxe - IRONSKY.PL Sklep z Dronami","description":"Grawerka laserowa LASERPECKER LaserPecker 5 Deluxe - \u2705 sklep z dronami i fachowym doradztwem. \u2705 Tutaj kupisz produkty DJI, Yuneec, Parrot, Syma i wiele innych, a tak\u017ce kursy i licencje na operatora drona.","robots":{"index":"index","follow":"follow","max-snippet":"max-snippet:-1","max-image-preview":"max-image-preview:large","max-video-preview":"max-video-preview:-1"},"canonical":"https:\/\/ironsky.pl\/sklep\/produkt\/grawerka-laserowa-laserpecker-laserpecker-5-deluxe\/","og_locale":"pl_PL","og_type":"article","og_title":"Grawerka laserowa LASERPECKER LaserPecker 5 Deluxe - IRONSKY.PL Sklep z Dronami","og_description":"Grawerka laserowa LASERPECKER LaserPecker 5 Deluxe - \u2705 sklep z dronami i fachowym doradztwem. \u2705 Tutaj kupisz produkty DJI, Yuneec, Parrot, Syma i wiele innych, a tak\u017ce kursy i licencje na operatora drona.","og_url":"https:\/\/ironsky.pl\/sklep\/produkt\/grawerka-laserowa-laserpecker-laserpecker-5-deluxe\/","og_site_name":"IRONSKY.PL Sklep z Dronami","article_modified_time":"2026-04-15T08:59:56+00:00","og_image":[{"width":800,"height":800,"url":"https:\/\/ironsky.pl\/sklep\/wp-content\/uploads\/2025\/06\/51339_1.jpg","type":"image\/jpeg"}],"twitter_card":"summary_large_image","twitter_misc":{"Szacowany czas czytania":"5 minut"},"schema":{"@context":"https:\/\/schema.org","@graph":[{"@type":"WebPage","@id":"https:\/\/ironsky.pl\/sklep\/produkt\/grawerka-laserowa-laserpecker-laserpecker-5-deluxe\/","url":"https:\/\/ironsky.pl\/sklep\/produkt\/grawerka-laserowa-laserpecker-laserpecker-5-deluxe\/","name":"Grawerka laserowa LASERPECKER LaserPecker 5 Deluxe - IRONSKY.PL Sklep z Dronami","isPartOf":{"@id":"https:\/\/ironsky.pl\/sklep\/#website"},"primaryImageOfPage":{"@id":"https:\/\/ironsky.pl\/sklep\/produkt\/grawerka-laserowa-laserpecker-laserpecker-5-deluxe\/#primaryimage"},"image":{"@id":"https:\/\/ironsky.pl\/sklep\/produkt\/grawerka-laserowa-laserpecker-laserpecker-5-deluxe\/#primaryimage"},"thumbnailUrl":"https:\/\/ironsky.pl\/sklep\/wp-content\/uploads\/2025\/06\/51339_1.jpg","datePublished":"2026-04-15T08:59:42+00:00","dateModified":"2026-04-15T08:59:56+00:00","description":"Grawerka laserowa LASERPECKER LaserPecker 5 Deluxe - \u2705 sklep z dronami i fachowym doradztwem. \u2705 Tutaj kupisz produkty DJI, Yuneec, Parrot, Syma i wiele innych, a tak\u017ce kursy i licencje na operatora drona.","breadcrumb":{"@id":"https:\/\/ironsky.pl\/sklep\/produkt\/grawerka-laserowa-laserpecker-laserpecker-5-deluxe\/#breadcrumb"},"inLanguage":"pl-PL","potentialAction":[{"@type":"ReadAction","target":["https:\/\/ironsky.pl\/sklep\/produkt\/grawerka-laserowa-laserpecker-laserpecker-5-deluxe\/"]}]},{"@type":"ImageObject","inLanguage":"pl-PL","@id":"https:\/\/ironsky.pl\/sklep\/produkt\/grawerka-laserowa-laserpecker-laserpecker-5-deluxe\/#primaryimage","url":"https:\/\/ironsky.pl\/sklep\/wp-content\/uploads\/2025\/06\/51339_1.jpg","contentUrl":"https:\/\/ironsky.pl\/sklep\/wp-content\/uploads\/2025\/06\/51339_1.jpg","width":800,"height":800},{"@type":"BreadcrumbList","@id":"https:\/\/ironsky.pl\/sklep\/produkt\/grawerka-laserowa-laserpecker-laserpecker-5-deluxe\/#breadcrumb","itemListElement":[{"@type":"ListItem","position":1,"name":"Strona g\u0142\u00f3wna","item":"https:\/\/ironsky.pl\/sklep\/"},{"@type":"ListItem","position":2,"name":"Wszystkie produkty","item":"https:\/\/ironsky.pl\/sklep\/produkty\/"},{"@type":"ListItem","position":3,"name":"Grawerka laserowa LASERPECKER LaserPecker 5 Deluxe"}]},{"@type":"WebSite","@id":"https:\/\/ironsky.pl\/sklep\/#website","url":"https:\/\/ironsky.pl\/sklep\/","name":"IRONSKY.PL Sklep z Dronami","description":"IRONSKY.PL Sklep z Dronami","potentialAction":[{"@type":"SearchAction","target":{"@type":"EntryPoint","urlTemplate":"https:\/\/ironsky.pl\/sklep\/?s={search_term_string}"},"query-input":{"@type":"PropertyValueSpecification","valueRequired":true,"valueName":"search_term_string"}}],"inLanguage":"pl-PL"}]}},"_links":{"self":[{"href":"https:\/\/ironsky.pl\/sklep\/wp-json\/wp\/v2\/product\/60312","targetHints":{"allow":["GET"]}}],"collection":[{"href":"https:\/\/ironsky.pl\/sklep\/wp-json\/wp\/v2\/product"}],"about":[{"href":"https:\/\/ironsky.pl\/sklep\/wp-json\/wp\/v2\/types\/product"}],"replies":[{"embeddable":true,"href":"https:\/\/ironsky.pl\/sklep\/wp-json\/wp\/v2\/comments?post=60312"}],"wp:featuredmedia":[{"embeddable":true,"href":"https:\/\/ironsky.pl\/sklep\/wp-json\/wp\/v2\/media\/47182"}],"wp:attachment":[{"href":"https:\/\/ironsky.pl\/sklep\/wp-json\/wp\/v2\/media?parent=60312"}],"wp:term":[{"taxonomy":"product_brand","embeddable":true,"href":"https:\/\/ironsky.pl\/sklep\/wp-json\/wp\/v2\/product_brand?post=60312"},{"taxonomy":"product_cat","embeddable":true,"href":"https:\/\/ironsky.pl\/sklep\/wp-json\/wp\/v2\/product_cat?post=60312"},{"taxonomy":"product_tag","embeddable":true,"href":"https:\/\/ironsky.pl\/sklep\/wp-json\/wp\/v2\/product_tag?post=60312"}],"curies":[{"name":"wp","href":"https:\/\/api.w.org\/{rel}","templated":true}]}}