{"id":60306,"date":"2026-04-15T10:59:42","date_gmt":"2026-04-15T08:59:42","guid":{"rendered":"https:\/\/ironsky.pl\/sklep\/produkt\/stacja-zasilania-ecoflow-delta-pro-3600wh-powerstream-800w\/"},"modified":"2026-04-15T10:59:48","modified_gmt":"2026-04-15T08:59:48","slug":"stacja-zasilania-ecoflow-delta-pro-3600wh-powerstream-800w","status":"publish","type":"product","link":"https:\/\/ironsky.pl\/sklep\/produkt\/stacja-zasilania-ecoflow-delta-pro-3600wh-powerstream-800w\/","title":{"rendered":"Stacja zasilania ECOFLOW DELTA Pro 3600Wh + PowerStream 800W"},"content":{"rendered":"<h3>Zestaw EcoFlow Delta Pro + mikroinwerter PowerStream 800W<\/h3>\n<p>Zyskaj pe\u0142n\u0105 niezale\u017cno\u015b\u0107 energetyczn\u0105 i obni\u017c rachunki za pr\u0105d dzi\u0119ki zestawowi EcoFlow, pozwalaj\u0105cemu efektywnie wykorzystywa\u0107 energi\u0119 s\u0142oneczn\u0105, magazynowa\u0107 jej nadwy\u017cki oraz inteligentnie zarz\u0105dza\u0107 zasilaniem w domu. Dzi\u0119ki mikroinwerterowi PowerStream mo\u017cesz pod\u0142\u0105czy\u0107 panele fotowoltaiczne o mocy do 800 W, a nadmiar wyprodukowanej energii przechowywa\u0107 w przeno\u015bnej stacji zasilania DELTA Pro o pojemno\u015bci 3600 Wh. W ten spos\u00f3b uniezale\u017cniasz si\u0119 od sieci energetycznej i zoptymalizujesz zu\u017cycie energii zgodnie z w\u0142asnymi potrzebami. Dzi\u0119ki inteligentnym gniazdkom Smart Plug (dost\u0119pnym w oddzielnej sprzeda\u017cy) mo\u017cesz wygodniej monitorowa\u0107 i optymalizowa\u0107 zu\u017cycie energii w czasie rzeczywistym.<\/p>\n<p>\n<img decoding=\"async\" src=\"https:\/\/assets.innpro.pl\/13349\/16432\/7.jpg\" border=\"0\" alt=\"\" \/>\n<\/p>\n<h3>Energia zawsze tam, gdzie jej potrzebujesz<\/h3>\n<p>EcoFlow DELTA Pro o pojemno\u015bci 3600 Wh (rozszerzalnej do 25 kWh) to mobilna i wydajna stacja zasilania, kt\u00f3ra zapewnia pr\u0105d w ka\u017cdej sytuacji \u2013 zar\u00f3wno w codziennym u\u017cytkowaniu, jak i podczas awarii. Moc wyj\u015bciowa do 4500 W (z funkcj\u0105 X-Boost) pozwala zasila\u0107 99,99% domowych urz\u0105dze\u0144, w tym sprz\u0119ty AGD, elektronarz\u0119dzia i systemy grzewcze. Dzi\u0119ki mikroinwerterowi PowerStream energia z paneli fotowoltaicznych jest automatycznie kierowana do zasilania urz\u0105dze\u0144 domowych lub magazynowana w DELTA Pro. W ten spos\u00f3b mo\u017cesz korzysta\u0107 z darmowej energii s\u0142onecznej w godzinach najwi\u0119kszego zu\u017cycia pr\u0105du, oszcz\u0119dzaj\u0105c na rachunkach.<\/p>\n<p>\n<img decoding=\"async\" src=\"https:\/\/assets.innpro.pl\/13349\/16432\/2.jpg\" border=\"0\" alt=\"\" \/>\n<\/p>\n<h3>Szybkie \u0142adowanie i wiele mo\u017cliwo\u015bci<\/h3>\n<p>Dzi\u0119ki technologii MultiCharge EcoFlow DELTA Pro osi\u0105ga niespotykan\u0105 dot\u0105d moc \u0142adowania \u2013 nawet do 6500 W. Zastosowany w niej system X-Stream gwarantuje b\u0142yskawiczne odnawianie energii, a przy tym dba o bezpiecze\u0144stwo i \u017cywotno\u015b\u0107 ogniw. Pe\u0142ne na\u0142adowanie z gniazdka trwa zaledwie 1,9 godziny, a mo\u017cliwo\u015b\u0107 \u0142adowania z publicznych stacji EV (do 3000 W) daje wygodny dost\u0119p do energii w podr\u00f3\u017cy. Stacja obs\u0142uguje r\u00f3wnie\u017c \u0142adowanie s\u0142oneczne, pozwalaj\u0105c na pe\u0142ne na\u0142adowanie w 2,8 \u2013 5,6 godziny w zale\u017cno\u015bci od warunk\u00f3w pogodowych. A kiedy pogoda staje si\u0119 nieprzewidywalna, inteligentny system \u015bledzenia punktu maksymalnej mocy (MPPT) automatycznie dostosowuje si\u0119, maksymalizuj\u0105c generowanie energii s\u0142onecznej o ka\u017cdej porze dnia.<\/p>\n<p>\n<img decoding=\"async\" src=\"https:\/\/assets.innpro.pl\/13349\/16432\/6.jpg\" border=\"0\" alt=\"\" \/>\n<\/p>\n<h3>Awaryjne zasilanie dzi\u0119ki inteligentnemu agregatowi pr\u0105dotw\u00f3rczemu EcoFlow<\/h3>\n<p>Inteligentny agregat pr\u0105dotw\u00f3rczy EcoFlow idealnie integruje si\u0119 z ekosystemem DELTA Pro. Uruchamia si\u0119 on automatycznie, gdy poziom na\u0142adowania Twojej DELTA Pro jest niski, \u0142aduje ponownie DELTA Pro i samodzielnie ko\u0144czy prac\u0119 silnika, gdy DELTA Pro osi\u0105gnie pe\u0142ne na\u0142adowanie. W por\u00f3wnaniu z tradycyjnymi rozwi\u0105zaniami inteligentny generator EcoFlow zapewnia mniejsze straty energii, szybsze \u0142adowanie i wy\u017csz\u0105 wydajno\u015b\u0107.<\/p>\n<p>\n<img decoding=\"async\" src=\"https:\/\/assets.innpro.pl\/13349\/16432\/9.jpg\" border=\"0\" alt=\"\" \/>\n<\/p>\n<h3>Akumulator, kt\u00f3ry zapewni sprawno\u015b\u0107 wiele lat<\/h3>\n<p>DELTA Pro jest wyposa\u017cona w ca\u0142kowicie nowy akumulator LFP o \u017cywotno\u015bci 6500 cykli, co oznacza, \u017ce mo\u017cesz u\u017cywa\u0107 DELTA Pro przez wiele lat, zanim Twoje urz\u0105dzenie osi\u0105gnie 50% oryginalnej pojemno\u015bci. System zarz\u0105dzania akumulatorem EcoFlow zapewnia analiz\u0119 i regulacj\u0119 napi\u0119cia, pr\u0105du i temperatury w czasie rzeczywistym. Ten unikalny mechanizm ochrony sprawia, \u017ce DELTA Pro jest niewiarygodnie bezpiecznym i wydajnym akumulatorem do zastosowa\u0144 domowych.<\/p>\n<p>\n<img decoding=\"async\" src=\"https:\/\/assets.innpro.pl\/13349\/16432\/8.jpg\" border=\"0\" alt=\"\" \/>\n<\/p>\n<h3>Kontrola i monitorowanie na wiele sposob\u00f3w<\/h3>\n<p>Kontroluj DELTA Pro za pomoc\u0105 samego urz\u0105dzenia, pilota zdalnego sterowania lub odblokuj mn\u00f3stwo mo\u017cliwo\u015bci personalizacji za pomoc\u0105 aplikacji EcoFlow. W aplikacji mo\u017cna uzyska\u0107 dost\u0119p do ustawie\u0144 zasilania, takich jak poziomy \u0142adowania i roz\u0142adowywania, pr\u0119dko\u015bci \u0142adowania pr\u0105dem zmiennym, sterowanie inteligentnym agregatem pr\u0105dotw\u00f3rczym i wiele innych.<\/p>\n<p>\n<img decoding=\"async\" src=\"https:\/\/assets.innpro.pl\/13349\/16432\/17.jpg\" border=\"0\" alt=\"\" \/>\n<\/p>\n<h3>Pierwszy na \u015bwiecie przeno\u015bny ekosystem domowych stacji zasilania<\/h3>\n<p>Ekosystem DELTA Pro zapewnia zasilanie podczas przerw w dostawie pr\u0105du, mo\u017cliwo\u015b\u0107 dostosowania energii przez ca\u0142\u0105 dob\u0119, rozbudow\u0119 o kolejne stacje zasilania oraz ni\u017csze rachunki za energi\u0119. Jak to wszystko osi\u0105gn\u0105\u0107? Dzi\u0119ki mo\u017cliwo\u015bci wyboru dodatkowych akumulator\u00f3w, inteligentnych agregat\u00f3w pr\u0105dotw\u00f3rczych, tracker\u00f3w s\u0142onecznych, turbin wiatrowych, paneli dla inteligentnych dom\u00f3w i nie tylko. Ekosystem DELTA Pro mo\u017cna dostosowa\u0107 do swoich potrzeb \u2013 od zasilania awaryjnego po obni\u017cenie rachunk\u00f3w z pr\u0105d, a wszystko to dzi\u0119ki ekologicznym alternatywom.<\/p>\n<p>\n<img decoding=\"async\" src=\"https:\/\/assets.innpro.pl\/13349\/16432\/15.jpg\" border=\"0\" alt=\"\" \/>\n<\/p>\n<h3>Niezale\u017cno\u015b\u0107 i wygoda podczas wycieczek kamperem<\/h3>\n<p>Dzi\u0119ki stacji zasilania DELTA Pro mo\u017cesz wybra\u0107 si\u0119 w podr\u00f3\u017c, gdziekolwiek zechcesz. Urz\u0105dzenie jest wyposa\u017cone w k\u00f3\u0142ka i wysuwany uchwyt przypominaj\u0105cy walizk\u0119, co u\u0142atwia jego transport. A je\u015bli szukasz kompletnego rozwi\u0105zania w zakresie zasilania na wyprawy kamperem i przygody na \u015bwie\u017cym powietrzu, DELTA Pro jest wyposa\u017cona w gniazdo elektryczne, ma dedykowany port Andersona 30A i mo\u017ce by\u0107 zasilana zar\u00f3wno z sieci, jak i za pomoc\u0105 paneli s\u0142onecznych.<\/p>\n<p>\n<img decoding=\"async\" src=\"https:\/\/assets.innpro.pl\/13349\/16432\/11.jpg\" border=\"0\" alt=\"\" \/>\n<\/p>\n<h3>Szybka instalacja i elastyczna rozbudowa<\/h3>\n<p>Zestaw zosta\u0142 zaprojektowany z my\u015bl\u0105 o prostocie u\u017cytkowania. Dzi\u0119ki dedykowanemu kablowi z \u0142atwo\u015bci\u0105 pod\u0142\u0105czysz DELT\u0118 Pro do mikroinwertera PowerStream. Mo\u017cesz \u0142atwo rozbudowa\u0107 system, dodaj\u0105c panele fotowoltaiczne (do 800 W), kolejne stacje zasilania lub inteligentne akcesoria, aby dostosowa\u0107 go do swoich potrzeb.<\/p>\n<p>\n<img decoding=\"async\" src=\"https:\/\/assets.innpro.pl\/13349\/16432\/4.jpg\" border=\"0\" alt=\"\" \/>\n<\/p>\n<h3>W zestawie:<\/h3>\n<ul class=\"list-disc pl-5\">\n<li>Przeno\u015bna stacja zasilania EcoFlow DELTA Pro<\/li>\n<li>Kabel \u0142adowania AC<\/li>\n<li>Kabel \u0142adowania do zapalniczki samochodowej<\/li>\n<li>Kabel DC5521 do DC5525<\/li>\n<li>Os\u0142ona uchwytu<\/li>\n<li>Mikroinwerter PowerStream<\/li>\n<li>Os\u0142ona zabezpieczaj\u0105ca<\/li>\n<li>Klucz do od\u0142\u0105czania przewod\u00f3w<\/li>\n<li>Kabel do paneli PV (MC4) 1m<\/li>\n<li>Kabel sieciowy AC 1,5m<\/li>\n<li>P\u0142ytka do monta\u017cu na \u015bcianie<\/li>\n<li>Ko\u0142ek rozporowy M5*40<\/li>\n<li>\u015aruba M5*12<\/li>\n<li>\u015aruba ST5.5*25<\/li>\n<li>\u015aruba M6*20<\/li>\n<li>Nakr\u0119tka M6<\/li>\n<li>PowerStream kabel do stacji EcoFlow DELTA PRO<\/li>\n<li>Instrukcja obs\u0142ugi<\/li>\n<\/ul>\n<div class=\"table-wrapper\">\n<p>\u00a0<\/p>\n<h3>Przeno\u015bna stacja zasilania EcoFlow DELTA Pro<\/h3>\n<table>\n<tbody>\n<tr>\n<th>Producent <\/th>\n<td>EcoFlow<\/td>\n<\/tr>\n<tr>\n<th>Model <\/th>\n<td>DELTA Pro<\/td>\n<\/tr>\n<tr>\n<th>Kolor <\/th>\n<td>Czarny<\/td>\n<\/tr>\n<tr>\n<th>Materia\u0142 <\/th>\n<td>Stop aluminium + plastik<\/td>\n<\/tr>\n<tr>\n<th>Pojemno\u015b\u0107 <\/th>\n<td>3600 Wh<\/td>\n<\/tr>\n<tr>\n<th>Wyj\u015bcie AC (x4) <\/th>\n<td>3600 W \u0142\u0105cznie (zabezpieczenie przeciwprzepi\u0119ciowe 7200 W)<\/td>\n<\/tr>\n<tr>\n<th>Maks. moc urz\u0105dze\u0144 obs\u0142ugiwana przez X-Boost <\/th>\n<td>4500 W<\/td>\n<\/tr>\n<tr>\n<th>Wyj\u015bcie USB-A (x2) <\/th>\n<td>5 V, 2,4 A, 12 W maks.<\/td>\n<\/tr>\n<tr>\n<th>Port szybkiego \u0142adowania USB-A (x2) <\/th>\n<td>5 V, 2,4 A \/ 9 V, 2 A \/ 12 V, 1,5 A, 18 W maks.<\/td>\n<\/tr>\n<tr>\n<th>Wyj\u015bcie USB-C (x2) <\/th>\n<td>5 \/ 9 \/ 12 \/ 15 \/ 20 V, 5 A, 100 W maks.<\/td>\n<\/tr>\n<tr>\n<th>Wyj\u015bcie zasilania samochodu <\/th>\n<td>12,6 V, 10 A, 126 W maks.<\/td>\n<\/tr>\n<tr>\n<th>DC5521 (x2) <\/th>\n<td>12,6 V, 3 A<\/td>\n<\/tr>\n<tr>\n<th>Port Andersona <\/th>\n<td>12,6 V, 30 A<\/td>\n<\/tr>\n<tr>\n<th>Wej\u015bcie \u0142adowania AC <\/th>\n<td>230 V &#8211; 12,5 A, 2900 W<\/td>\n<\/tr>\n<tr>\n<th>Wej\u015bcie \u0142adowania s\u0142onecznego <\/th>\n<td>1600 W maks., 11-150 Vdc, 15 A<\/td>\n<\/tr>\n<tr>\n<th>Wej\u015bcie \u0142adowarki samochodowej <\/th>\n<td>Obs\u0142uguje akumulatory 12 \/ 24 V, domy\u015blnie 8 A<\/td>\n<\/tr>\n<tr>\n<th>Akumulator <\/th>\n<td>LFP<\/td>\n<\/tr>\n<tr>\n<th>\u017bywotno\u015b\u0107 <\/th>\n<td>3500 cykli do 80%+ pojemno\u015bci<\/td>\n<\/tr>\n<tr>\n<th>Okres przechowywania <\/th>\n<td>Ok. 1 rok<\/td>\n<\/tr>\n<tr>\n<th>\u0141\u0105czno\u015b\u0107 <\/th>\n<td>Wi-Fi, Bluetooth, po\u0142\u0105czenie przewodowe<\/td>\n<\/tr>\n<tr>\n<th>Wymiary <\/th>\n<td>63,5 x 28,5 x 41,6 cm<\/td>\n<\/tr>\n<tr>\n<th>Waga <\/th>\n<td>45 kg<\/td>\n<\/tr>\n<\/tbody>\n<\/table>\n<p>\u00a0<\/p>\n<h3>Mikroinwerter EcoFlow PowerStream<\/h3>\n<table>\n<tbody>\n<tr>\n<th>Og\u00f3lne<\/th>\n<\/tr>\n<tr>\n<th>Producent <\/th>\n<td>EcoFlow<\/td>\n<\/tr>\n<tr>\n<th>Model <\/th>\n<td>EFWN511<\/td>\n<\/tr>\n<tr>\n<th>Wymiary <\/th>\n<td>242 \u00d7 169 \u00d7 33 (mm)<\/td>\n<\/tr>\n<tr>\n<th>Waga <\/th>\n<td>Ok. 3 kg<\/td>\n<\/tr>\n<tr>\n<th>Komunikacja <\/th>\n<td>Wi-Fi i Bluetooth<\/td>\n<\/tr>\n<tr>\n<th>Maks. moc \u0142adowania i roz\u0142adowywania <\/th>\n<td>600 W<\/td>\n<\/tr>\n<tr>\n<th>Port PV<\/th>\n<\/tr>\n<tr>\n<th>Napi\u0119cie pracy <\/th>\n<td>11 &#8211; 55 Vd.c.<\/td>\n<\/tr>\n<tr>\n<th>Maksymalne napi\u0119cie wej\u015bciowe <\/th>\n<td>55 Vd.c.<\/td>\n<\/tr>\n<tr>\n<th>Maksymalny pr\u0105d wyj\u015bciowy <\/th>\n<td>13 A<\/td>\n<\/tr>\n<tr>\n<th>Pocz\u0105tkowe napi\u0119cie wej\u015bciowe <\/th>\n<td>15 Vd.c.<\/td>\n<\/tr>\n<tr>\n<th>Zabezpieczenie przed odwrotnym po\u0142\u0105czeniem <\/th>\n<td>Dost\u0119pne<\/td>\n<\/tr>\n<tr>\n<th>Klasa ochrony przed pora\u017ceniem <\/th>\n<td>II<\/td>\n<\/tr>\n<tr>\n<th>Maksymalny pr\u0105d zwarciowy PV (Isc PV) <\/th>\n<td>14 A<\/td>\n<\/tr>\n<tr>\n<th>Maksymalny pr\u0105d zwrotny inwertera do uk\u0142adu <\/th>\n<td>0 A<\/td>\n<\/tr>\n<tr>\n<th>Port baterii \/ Port DC<\/th>\n<\/tr>\n<tr>\n<th>Maksymalny pr\u0105d wej\u015bciowy <\/th>\n<td>13 A<\/td>\n<\/tr>\n<tr>\n<th>Napi\u0119cie wej\u015bciowe <\/th>\n<td>11 -15 Vd.c. , 40 &#8211; 59 Vd.c.<\/td>\n<\/tr>\n<tr>\n<th>Maksymalne napi\u0119cie wej\u015bciowe <\/th>\n<td>59 Vd.c.<\/td>\n<\/tr>\n<tr>\n<th>Napi\u0119cie \u0142adowania <\/th>\n<td>30 &#8211; 58 Vd.c.<\/td>\n<\/tr>\n<tr>\n<th>Maksymalny pr\u0105d \u0142adowania <\/th>\n<td>13 A<\/td>\n<\/tr>\n<tr>\n<th>Znamionowe napi\u0119cie \u0142adowania <\/th>\n<td>48 Vd.c.<\/td>\n<\/tr>\n<tr>\n<th>Klasa ochrony przed pora\u017ceniem <\/th>\n<td>II<\/td>\n<\/tr>\n<tr>\n<th>Znamionowy pr\u0105d zwarcia na wej\u015bciu baterii <\/th>\n<td>20 A<\/td>\n<\/tr>\n<tr>\n<th>Port AC<\/th>\n<\/tr>\n<tr>\n<th>Napi\u0119cie wyj\u015bciowe <\/th>\n<td>220\/230\/240 Va.c.<\/td>\n<\/tr>\n<tr>\n<th>Cz\u0119stotliwo\u015b\u0107 na wyj\u015bciu <\/th>\n<td>50 Hz<\/td>\n<\/tr>\n<tr>\n<th>Wsp\u00f3\u0142czynnik mocy wyj\u015bciowej <\/th>\n<td>\u00b10.8 ~ 1<\/td>\n<\/tr>\n<tr>\n<th>Maksymalny pr\u0105d wyj\u015bciowy <\/th>\n<td>3.6 A<\/td>\n<\/tr>\n<tr>\n<th>Maksymalny wyj\u015bciowy pr\u0105d zwarciowy <\/th>\n<td>18.4 A<\/td>\n<\/tr>\n<tr>\n<th>Maksymalne zabezpieczenie przeciwprzepi\u0119ciowe wyj\u015bcia <\/th>\n<td>4 A<\/td>\n<\/tr>\n<tr>\n<th>THDI <\/th>\n<td>&lt;=3% przy 100% obci\u0105\u017ceniu<\/td>\n<\/tr>\n<tr>\n<th>Klasa ochrony przed pora\u017ceniem <\/th>\n<td>III<\/td>\n<\/tr>\n<tr>\n<th>Pozosta\u0142e<\/th>\n<\/tr>\n<tr>\n<th>Miejsce instalacji <\/th>\n<td>W domu lub poza domem<\/td>\n<\/tr>\n<tr>\n<th>Stopie\u0144 zanieczyszczenia warunk\u00f3w \u015brodowiskowych <\/th>\n<td>PD3<\/td>\n<\/tr>\n<tr>\n<th>Stopie\u0144 ochrony IP <\/th>\n<td>IP67<\/td>\n<\/tr>\n<tr>\n<th>Temperatura pracy <\/th>\n<td>-40\u00b0C to 50\u00b0C<\/td>\n<\/tr>\n<tr>\n<th>Wilgotno\u015b\u0107 <\/th>\n<td>0 % to 100 %<\/td>\n<\/tr>\n<tr>\n<th>Wysoko\u015b\u0107 instalacji <\/th>\n<td>\u22642000 m<\/td>\n<\/tr>\n<tr>\n<th>Instalacja w warunkach podwy\u017cszonej wilgotno\u015bci <\/th>\n<td>Tak<\/td>\n<\/tr>\n<tr>\n<th>Typ inwertera <\/th>\n<td>Izolowany<\/td>\n<\/tr>\n<tr>\n<th>Kategoria ochrony <\/th>\n<td>1<\/td>\n<\/tr>\n<tr>\n<th>Zakres cz\u0119stotliwo\u015bci Wi-Fi (2.4G) <\/th>\n<td>20M: 2412 &#8211; 2472 MHz \/ 40M: 2422- 2462 MHz<\/td>\n<\/tr>\n<tr>\n<th>Maksymalna moc wyj\u015bciowa Wi-Fi <\/th>\n<td>\u2264 20 dBm<\/td>\n<\/tr>\n<tr>\n<th>Zakres cz\u0119stotliwo\u015bci Bluetooth <\/th>\n<td>2402-2480 MHz<\/td>\n<\/tr>\n<tr>\n<th>Maksymalna moc wyj\u015bciowa Bluetooth <\/th>\n<td>\u2264 20 dBm<\/td>\n<\/tr>\n<\/tbody>\n<\/table>\n<p>\u00a0<\/p>\n<h3>PowerStream kabel do stacji EcoFlow DELTA PRO<\/h3>\n<table>\n<tbody>\n<tr>\n<th>Producent <\/th>\n<td>EcoFlow<\/td>\n<\/tr>\n<tr>\n<th>D\u0142ugo\u015b\u0107 kabla <\/th>\n<td>0,5 m<\/td>\n<\/tr>\n<tr>\n<th>Kompatybilno\u015b\u0107 <\/th>\n<td>Stacja zasilania EcoFlow DELTA Pro<\/td>\n<\/tr>\n<\/tbody>\n<\/table>\n<\/div>\n","protected":false},"excerpt":{"rendered":"<p>Zestaw EcoFlow Delta Pro + mikroinwerter PowerStream 800W Zyskaj pe\u0142n\u0105 niezale\u017cno\u015b\u0107 energetyczn\u0105 i obni\u017c rachunki za pr\u0105d dzi\u0119ki zestawowi EcoFlow,<\/p>\n","protected":false},"featured_media":39674,"comment_status":"closed","ping_status":"open","template":"","meta":{"_acf_changed":false},"product_brand":[],"product_cat":[1108,6199,1111],"product_tag":[],"class_list":{"0":"post-60306","1":"product","2":"type-product","3":"status-publish","4":"has-post-thumbnail","6":"product_cat-energia","7":"product_cat-stacje-zasilania-stacje-zasilania","8":"product_cat-stacje-zasilania","9":"pa_60-m-5771","10":"pa_producent-ecoflow","12":"first","13":"outofstock","14":"taxable","15":"shipping-taxable","16":"purchasable","17":"product-type-simple"},"acf":[],"yoast_head":"<!-- This site is optimized with the Yoast SEO plugin v27.2 - https:\/\/yoast.com\/product\/yoast-seo-wordpress\/ -->\n<title>Stacja zasilania ECOFLOW DELTA Pro 3600Wh + PowerStream 800W - IRONSKY.PL Sklep z Dronami<\/title>\n<meta name=\"description\" content=\"Stacja zasilania ECOFLOW DELTA Pro 3600Wh + PowerStream 800W - \u2705 sklep z dronami i fachowym doradztwem. \u2705 Tutaj kupisz produkty DJI, Yuneec, Parrot, Syma i wiele innych, a tak\u017ce kursy i licencje na operatora drona.\" \/>\n<meta name=\"robots\" content=\"index, follow, max-snippet:-1, max-image-preview:large, max-video-preview:-1\" \/>\n<link rel=\"canonical\" href=\"https:\/\/ironsky.pl\/sklep\/produkt\/stacja-zasilania-ecoflow-delta-pro-3600wh-powerstream-800w\/\" \/>\n<meta property=\"og:locale\" content=\"pl_PL\" \/>\n<meta property=\"og:type\" content=\"article\" \/>\n<meta property=\"og:title\" content=\"Stacja zasilania ECOFLOW DELTA Pro 3600Wh + PowerStream 800W - IRONSKY.PL Sklep z Dronami\" \/>\n<meta property=\"og:description\" content=\"Stacja zasilania ECOFLOW DELTA Pro 3600Wh + PowerStream 800W - \u2705 sklep z dronami i fachowym doradztwem. \u2705 Tutaj kupisz produkty DJI, Yuneec, Parrot, Syma i wiele innych, a tak\u017ce kursy i licencje na operatora drona.\" \/>\n<meta property=\"og:url\" content=\"https:\/\/ironsky.pl\/sklep\/produkt\/stacja-zasilania-ecoflow-delta-pro-3600wh-powerstream-800w\/\" \/>\n<meta property=\"og:site_name\" content=\"IRONSKY.PL Sklep z Dronami\" \/>\n<meta property=\"article:modified_time\" content=\"2026-04-15T08:59:48+00:00\" \/>\n<meta property=\"og:image\" content=\"https:\/\/ironsky.pl\/sklep\/wp-content\/uploads\/2025\/04\/51212_9.jpg\" \/>\n\t<meta property=\"og:image:width\" content=\"800\" \/>\n\t<meta property=\"og:image:height\" content=\"800\" \/>\n\t<meta property=\"og:image:type\" content=\"image\/jpeg\" \/>\n<meta name=\"twitter:card\" content=\"summary_large_image\" \/>\n<meta name=\"twitter:label1\" content=\"Szacowany czas czytania\" \/>\n\t<meta name=\"twitter:data1\" content=\"6 minut\" \/>\n<script type=\"application\/ld+json\" class=\"yoast-schema-graph\">{\"@context\":\"https:\/\/schema.org\",\"@graph\":[{\"@type\":\"WebPage\",\"@id\":\"https:\/\/ironsky.pl\/sklep\/produkt\/stacja-zasilania-ecoflow-delta-pro-3600wh-powerstream-800w\/\",\"url\":\"https:\/\/ironsky.pl\/sklep\/produkt\/stacja-zasilania-ecoflow-delta-pro-3600wh-powerstream-800w\/\",\"name\":\"Stacja zasilania ECOFLOW DELTA Pro 3600Wh + PowerStream 800W - IRONSKY.PL Sklep z Dronami\",\"isPartOf\":{\"@id\":\"https:\/\/ironsky.pl\/sklep\/#website\"},\"primaryImageOfPage\":{\"@id\":\"https:\/\/ironsky.pl\/sklep\/produkt\/stacja-zasilania-ecoflow-delta-pro-3600wh-powerstream-800w\/#primaryimage\"},\"image\":{\"@id\":\"https:\/\/ironsky.pl\/sklep\/produkt\/stacja-zasilania-ecoflow-delta-pro-3600wh-powerstream-800w\/#primaryimage\"},\"thumbnailUrl\":\"https:\/\/ironsky.pl\/sklep\/wp-content\/uploads\/2025\/04\/51212_9.jpg\",\"datePublished\":\"2026-04-15T08:59:42+00:00\",\"dateModified\":\"2026-04-15T08:59:48+00:00\",\"description\":\"Stacja zasilania ECOFLOW DELTA Pro 3600Wh + PowerStream 800W - \u2705 sklep z dronami i fachowym doradztwem. \u2705 Tutaj kupisz produkty DJI, Yuneec, Parrot, Syma i wiele innych, a tak\u017ce kursy i licencje na operatora drona.\",\"breadcrumb\":{\"@id\":\"https:\/\/ironsky.pl\/sklep\/produkt\/stacja-zasilania-ecoflow-delta-pro-3600wh-powerstream-800w\/#breadcrumb\"},\"inLanguage\":\"pl-PL\",\"potentialAction\":[{\"@type\":\"ReadAction\",\"target\":[\"https:\/\/ironsky.pl\/sklep\/produkt\/stacja-zasilania-ecoflow-delta-pro-3600wh-powerstream-800w\/\"]}]},{\"@type\":\"ImageObject\",\"inLanguage\":\"pl-PL\",\"@id\":\"https:\/\/ironsky.pl\/sklep\/produkt\/stacja-zasilania-ecoflow-delta-pro-3600wh-powerstream-800w\/#primaryimage\",\"url\":\"https:\/\/ironsky.pl\/sklep\/wp-content\/uploads\/2025\/04\/51212_9.jpg\",\"contentUrl\":\"https:\/\/ironsky.pl\/sklep\/wp-content\/uploads\/2025\/04\/51212_9.jpg\",\"width\":800,\"height\":800},{\"@type\":\"BreadcrumbList\",\"@id\":\"https:\/\/ironsky.pl\/sklep\/produkt\/stacja-zasilania-ecoflow-delta-pro-3600wh-powerstream-800w\/#breadcrumb\",\"itemListElement\":[{\"@type\":\"ListItem\",\"position\":1,\"name\":\"Strona g\u0142\u00f3wna\",\"item\":\"https:\/\/ironsky.pl\/sklep\/\"},{\"@type\":\"ListItem\",\"position\":2,\"name\":\"Wszystkie produkty\",\"item\":\"https:\/\/ironsky.pl\/sklep\/produkty\/\"},{\"@type\":\"ListItem\",\"position\":3,\"name\":\"Stacja zasilania ECOFLOW DELTA Pro 3600Wh + PowerStream 800W\"}]},{\"@type\":\"WebSite\",\"@id\":\"https:\/\/ironsky.pl\/sklep\/#website\",\"url\":\"https:\/\/ironsky.pl\/sklep\/\",\"name\":\"IRONSKY.PL Sklep z Dronami\",\"description\":\"IRONSKY.PL Sklep z Dronami\",\"potentialAction\":[{\"@type\":\"SearchAction\",\"target\":{\"@type\":\"EntryPoint\",\"urlTemplate\":\"https:\/\/ironsky.pl\/sklep\/?s={search_term_string}\"},\"query-input\":{\"@type\":\"PropertyValueSpecification\",\"valueRequired\":true,\"valueName\":\"search_term_string\"}}],\"inLanguage\":\"pl-PL\"}]}<\/script>\n<!-- \/ Yoast SEO plugin. -->","yoast_head_json":{"title":"Stacja zasilania ECOFLOW DELTA Pro 3600Wh + PowerStream 800W - IRONSKY.PL Sklep z Dronami","description":"Stacja zasilania ECOFLOW DELTA Pro 3600Wh + PowerStream 800W - \u2705 sklep z dronami i fachowym doradztwem. \u2705 Tutaj kupisz produkty DJI, Yuneec, Parrot, Syma i wiele innych, a tak\u017ce kursy i licencje na operatora drona.","robots":{"index":"index","follow":"follow","max-snippet":"max-snippet:-1","max-image-preview":"max-image-preview:large","max-video-preview":"max-video-preview:-1"},"canonical":"https:\/\/ironsky.pl\/sklep\/produkt\/stacja-zasilania-ecoflow-delta-pro-3600wh-powerstream-800w\/","og_locale":"pl_PL","og_type":"article","og_title":"Stacja zasilania ECOFLOW DELTA Pro 3600Wh + PowerStream 800W - IRONSKY.PL Sklep z Dronami","og_description":"Stacja zasilania ECOFLOW DELTA Pro 3600Wh + PowerStream 800W - \u2705 sklep z dronami i fachowym doradztwem. \u2705 Tutaj kupisz produkty DJI, Yuneec, Parrot, Syma i wiele innych, a tak\u017ce kursy i licencje na operatora drona.","og_url":"https:\/\/ironsky.pl\/sklep\/produkt\/stacja-zasilania-ecoflow-delta-pro-3600wh-powerstream-800w\/","og_site_name":"IRONSKY.PL Sklep z Dronami","article_modified_time":"2026-04-15T08:59:48+00:00","og_image":[{"width":800,"height":800,"url":"https:\/\/ironsky.pl\/sklep\/wp-content\/uploads\/2025\/04\/51212_9.jpg","type":"image\/jpeg"}],"twitter_card":"summary_large_image","twitter_misc":{"Szacowany czas czytania":"6 minut"},"schema":{"@context":"https:\/\/schema.org","@graph":[{"@type":"WebPage","@id":"https:\/\/ironsky.pl\/sklep\/produkt\/stacja-zasilania-ecoflow-delta-pro-3600wh-powerstream-800w\/","url":"https:\/\/ironsky.pl\/sklep\/produkt\/stacja-zasilania-ecoflow-delta-pro-3600wh-powerstream-800w\/","name":"Stacja zasilania ECOFLOW DELTA Pro 3600Wh + PowerStream 800W - IRONSKY.PL Sklep z Dronami","isPartOf":{"@id":"https:\/\/ironsky.pl\/sklep\/#website"},"primaryImageOfPage":{"@id":"https:\/\/ironsky.pl\/sklep\/produkt\/stacja-zasilania-ecoflow-delta-pro-3600wh-powerstream-800w\/#primaryimage"},"image":{"@id":"https:\/\/ironsky.pl\/sklep\/produkt\/stacja-zasilania-ecoflow-delta-pro-3600wh-powerstream-800w\/#primaryimage"},"thumbnailUrl":"https:\/\/ironsky.pl\/sklep\/wp-content\/uploads\/2025\/04\/51212_9.jpg","datePublished":"2026-04-15T08:59:42+00:00","dateModified":"2026-04-15T08:59:48+00:00","description":"Stacja zasilania ECOFLOW DELTA Pro 3600Wh + PowerStream 800W - \u2705 sklep z dronami i fachowym doradztwem. \u2705 Tutaj kupisz produkty DJI, Yuneec, Parrot, Syma i wiele innych, a tak\u017ce kursy i licencje na operatora drona.","breadcrumb":{"@id":"https:\/\/ironsky.pl\/sklep\/produkt\/stacja-zasilania-ecoflow-delta-pro-3600wh-powerstream-800w\/#breadcrumb"},"inLanguage":"pl-PL","potentialAction":[{"@type":"ReadAction","target":["https:\/\/ironsky.pl\/sklep\/produkt\/stacja-zasilania-ecoflow-delta-pro-3600wh-powerstream-800w\/"]}]},{"@type":"ImageObject","inLanguage":"pl-PL","@id":"https:\/\/ironsky.pl\/sklep\/produkt\/stacja-zasilania-ecoflow-delta-pro-3600wh-powerstream-800w\/#primaryimage","url":"https:\/\/ironsky.pl\/sklep\/wp-content\/uploads\/2025\/04\/51212_9.jpg","contentUrl":"https:\/\/ironsky.pl\/sklep\/wp-content\/uploads\/2025\/04\/51212_9.jpg","width":800,"height":800},{"@type":"BreadcrumbList","@id":"https:\/\/ironsky.pl\/sklep\/produkt\/stacja-zasilania-ecoflow-delta-pro-3600wh-powerstream-800w\/#breadcrumb","itemListElement":[{"@type":"ListItem","position":1,"name":"Strona g\u0142\u00f3wna","item":"https:\/\/ironsky.pl\/sklep\/"},{"@type":"ListItem","position":2,"name":"Wszystkie produkty","item":"https:\/\/ironsky.pl\/sklep\/produkty\/"},{"@type":"ListItem","position":3,"name":"Stacja zasilania ECOFLOW DELTA Pro 3600Wh + PowerStream 800W"}]},{"@type":"WebSite","@id":"https:\/\/ironsky.pl\/sklep\/#website","url":"https:\/\/ironsky.pl\/sklep\/","name":"IRONSKY.PL Sklep z Dronami","description":"IRONSKY.PL Sklep z Dronami","potentialAction":[{"@type":"SearchAction","target":{"@type":"EntryPoint","urlTemplate":"https:\/\/ironsky.pl\/sklep\/?s={search_term_string}"},"query-input":{"@type":"PropertyValueSpecification","valueRequired":true,"valueName":"search_term_string"}}],"inLanguage":"pl-PL"}]}},"_links":{"self":[{"href":"https:\/\/ironsky.pl\/sklep\/wp-json\/wp\/v2\/product\/60306","targetHints":{"allow":["GET"]}}],"collection":[{"href":"https:\/\/ironsky.pl\/sklep\/wp-json\/wp\/v2\/product"}],"about":[{"href":"https:\/\/ironsky.pl\/sklep\/wp-json\/wp\/v2\/types\/product"}],"replies":[{"embeddable":true,"href":"https:\/\/ironsky.pl\/sklep\/wp-json\/wp\/v2\/comments?post=60306"}],"wp:featuredmedia":[{"embeddable":true,"href":"https:\/\/ironsky.pl\/sklep\/wp-json\/wp\/v2\/media\/39674"}],"wp:attachment":[{"href":"https:\/\/ironsky.pl\/sklep\/wp-json\/wp\/v2\/media?parent=60306"}],"wp:term":[{"taxonomy":"product_brand","embeddable":true,"href":"https:\/\/ironsky.pl\/sklep\/wp-json\/wp\/v2\/product_brand?post=60306"},{"taxonomy":"product_cat","embeddable":true,"href":"https:\/\/ironsky.pl\/sklep\/wp-json\/wp\/v2\/product_cat?post=60306"},{"taxonomy":"product_tag","embeddable":true,"href":"https:\/\/ironsky.pl\/sklep\/wp-json\/wp\/v2\/product_tag?post=60306"}],"curies":[{"name":"wp","href":"https:\/\/api.w.org\/{rel}","templated":true}]}}