{"id":60290,"date":"2026-04-15T10:59:17","date_gmt":"2026-04-15T08:59:17","guid":{"rendered":"https:\/\/ironsky.pl\/sklep\/produkt\/stacja-dokujaca-dji-dock-3-2\/"},"modified":"2026-04-15T10:59:34","modified_gmt":"2026-04-15T08:59:34","slug":"stacja-dokujaca-dji-dock-3-2","status":"publish","type":"product","link":"https:\/\/ironsky.pl\/sklep\/produkt\/stacja-dokujaca-dji-dock-3-2\/","title":{"rendered":"Stacja dokuj\u0105ca DJI Dock 3"},"content":{"rendered":"<p><img decoding=\"async\" src=\"https:\/\/b2b.innpro.pl\/data\/include\/cms\/enterprise\/dock3\/Vehicle-Mounted_Flexible_Deployment_2.webp?v=1741175951499\" border=\"0\" alt=\"\" width=\"100%\" height=\"NaN\" \/><\/p>\n<h3>DJI Dock 3<\/h3>\n<p>Pierwsza stacja dokuj\u0105ca przystosowana do monta\u017cu w pojazdach.<\/p>\n<p><img decoding=\"async\" src=\"https:\/\/b2b.innpro.pl\/data\/include\/cms\/enterprise\/dock3\/ed3be51a370d22aa9e0c65c8b6034408.webp?v=1741176126247\" border=\"0\" alt=\"\" width=\"100%\" height=\"NaN\" \/><\/p>\n<h3>Pe\u0142na kontrola w ka\u017cdych warunkach<\/h3>\n<p>DJI Dock 3 to wytrzyma\u0142e i niezawodne urz\u0105dzenie posiadaj\u0105ce stopie\u0144 ochrony IP56, kt\u00f3re sprosta nawet\u00a0ekstremalnym warunkom wietrznym do 12\/ms, temperaturze od -30\u00b0C do 50\u00b0C, zapewniaj\u0105c niezr\u00f3wnan\u0105 wydajno\u015b\u0107 i niezawodno\u015b\u0107 w ka\u017cdym \u015brodowisku.<\/p>\n<p><img decoding=\"async\" src=\"https:\/\/b2b.innpro.pl\/data\/include\/cms\/enterprise\/dock3\/f1d7623c70c7ffa24a895ac36989c2e1origin.webp?v=1741177525766\" border=\"0\" alt=\"\" width=\"100%\" height=\"NaN\" \/><\/p>\n<h3>\u0141atwo\u015b\u0107 wdro\u017cenia, stabilna transmisja danych<\/h3>\n<p>DJI Dock 3 rewolucjonizuje operacje dronowe, oferuj\u0105c b\u0142yskawiczn\u0105 mo\u017cliwo\u015b\u0107 wdro\u017cenia, w tym monta\u017c na pojazdach, zaawansowan\u0105 technologi\u0119 D-RTK 3 Relay dla lepszej jako\u015bci sygna\u0142u oraz \u0142atw\u0105 konfiguracj\u0119 za pomoc\u0105 smartfona, co przek\u0142ada si\u0119 na niezr\u00f3wnan\u0105 efektywno\u015b\u0107 w misjach i inspekcjach na du\u017cych odleg\u0142o\u015bciach.\u00a0<\/p>\n<p><img decoding=\"async\" src=\"https:\/\/b2b.innpro.pl\/data\/include\/cms\/enterprise\/dock3\/Outdoor_RTK_Deployment.webp?v=1741178005287\" border=\"0\" alt=\"\" width=\"100%\" height=\"NaN\" \/><\/p>\n<h3>Instalacja stacjonarna modu\u0142u D-RTK3<\/h3>\n<p>Nowa wersja D-RTK 3 Relay Fixed Deployment, rewolucjonizuje transmisj\u0119 wideo i pozycjonowanie satelitarne, umo\u017cliwiaj\u0105c elastyczne rozmieszczenie stacji dokuj\u0105cej DJI Dock 3 zapewniaj\u0105c niezr\u00f3wnan\u0105 wydajno\u015b\u0107 na odleg\u0142o\u015b\u0107 do 25 km w trudnych warunkach terenowych.<\/p>\n<p><img decoding=\"async\" src=\"https:\/\/b2b.innpro.pl\/data\/include\/cms\/enterprise\/dock3\/e2f5e0bdeabb21b18e0ab4b7ca7575dborigin.webp?v=1741181365747\" border=\"0\" alt=\"\" width=\"100%\" height=\"NaN\" \/><\/p>\n<h3>Nowa linia dron\u00f3w DJI Matrice 4D series<\/h3>\n<p>Odkryj rewolucyjne drony DJI Matrice 4D i 4TD, stworzone specjalnie dla DJI Dock 3, oferuj\u0105ce niezr\u00f3wnan\u0105 wydajno\u015b\u0107, zaawansowane systemy kamer i wszechstronne zastosowania &#8211; od precyzyjnego mapowania po kluczowe misje bezpiecze\u0144stwa publicznego.<\/p>\n<p><img decoding=\"async\" src=\"https:\/\/b2b.innpro.pl\/data\/include\/cms\/enterprise\/dock3\/Obstacle_Sensing_Module_-_Powerline.webp?v=1741183656207\" border=\"0\" alt=\"\" width=\"100%\" height=\"NaN\" \/><\/p>\n<h3>Wykrywanie przeszk\u00f3d w technologii LiDAR<\/h3>\n<p>Opcjonalny modu\u0142 wykrywania przeszk\u00f3d, \u0142\u0105czy technologie LiDAR\u00a0z falami elektromagnetycznymi\u00a0o d\u0142ugo\u015bci od 1 do 10 mm, zapewniaj\u0105c precyzyjne unikanie niewielkich przeszk\u00f3d takich jak przewody wysokiego napi\u0119cia przy pr\u0119dko\u015bci do 15 m\/s, gwarantuj\u0105c bezpiecze\u0144stwo operacyjne w skomplikowanych \u015brodowiskach takich jak inspekcje sieci energetycznych i podstacji.<\/p>\n<p><img decoding=\"async\" src=\"https:\/\/b2b.innpro.pl\/data\/include\/cms\/enterprise\/dock3\/Excels_in_Low-Light.webp?v=1741184430387\" border=\"0\" alt=\"\" width=\"100%\" height=\"NaN\" \/><\/p>\n<h3>Przejrzysto\u015b\u0107 i precyzja w ka\u017cdym zadaniu i o ka\u017cdej porze<\/h3>\n<p>Rewolucyjne drony Matrice 4D Series oferuj\u0105 prze\u0142omowe mo\u017cliwo\u015bci precyzyjnego pozycjonowania i obserwacji w warunkach s\u0142abego o\u015bwietlenia, zapewniaj\u0105c niezr\u00f3wnane mo\u017cliwo\u015bci operacyjne\u00a0o ka\u017cdej porze dnia i nocy.<\/p>\n<p><img decoding=\"async\" src=\"https:\/\/b2b.innpro.pl\/data\/include\/cms\/enterprise\/dock3\/Clear_Vision_and_Stable_Images.webp?v=1741184653787\" border=\"0\" alt=\"\" width=\"100%\" height=\"NaN\" \/><\/p>\n<h3>Stabilny obraz na du\u017cych odleg\u0142o\u015bciach<\/h3>\n<p>Drony Matrice 4D Series, wyposa\u017cone w zaawansowane kamery z teleobiektywem ze stabilizacj\u0105 pierwszego planu, rewolucjonizuj\u0105 inspekcje na odleg\u0142o\u015b\u0107, umo\u017cliwiaj\u0105c precyzyjne wykrywanie defekt\u00f3w i odczyt danych z niespotykan\u0105 dot\u0105d\u00a0jako\u015bci\u0105.<\/p>\n<p><img decoding=\"async\" src=\"https:\/\/b2b.innpro.pl\/data\/include\/cms\/enterprise\/dock3\/High-Precision_Surveying.webp?v=1741185017167\" border=\"0\" alt=\"\" width=\"100%\" height=\"NaN\" \/><\/p>\n<h3>Precyzyjne pomiary geodezyjne<\/h3>\n<p>Drony Matrice 4D Series oferuj\u0105c zaawansowane funkcje fotografii uko\u015bnej i ortofotografii, wraz z inteligentnym planowaniem tras lotu, zapewniaj\u0105c niezr\u00f3wnan\u0105 efektywno\u015b\u0107 i szczeg\u00f3\u0142owo\u015b\u0107 w modelowaniu terenu.<\/p>\n<p><img decoding=\"async\" src=\"https:\/\/b2b.innpro.pl\/data\/include\/cms\/enterprise\/dock3\/Seamless_Airborne_Relay.webp?v=1741185401789\" border=\"0\" alt=\"\" width=\"100%\" height=\"NaN\" \/><\/p>\n<h3>Bezproblemowa \u0142\u0105czno\u015b\u0107\u00a0w terenie g\u00f3rzystym<\/h3>\n<p>Innowacyjna seria dron\u00f3w Matrice 4D, wyposa\u017cona w zaawansowan\u0105 technologi\u0119 przeka\u017anikow\u0105 DJI Relay, znacz\u0105co poszerza zasi\u0119g i mo\u017cliwo\u015bci operacyjne, umo\u017cliwiaj\u0105c bezproblemowe misje poszukiwawczo-ratownicze i inspekcje nawet w skomplikowanych warunkach terenowych.<\/p>\n<div class=\"table-wrapper\">\n<table>\n<tbody>\n<tr>\n<th>OG\u00d3LNE<\/th>\n<td>\u00a0<\/td>\n<\/tr>\n<tr>\n<th>Model<\/th>\n<td>DJI Dock 3<\/td>\n<\/tr>\n<tr>\n<th>Masa ca\u0142kowita<\/th>\n<td>55 kg (bez drona)<\/td>\n<\/tr>\n<tr>\n<th>Wymiary<\/th>\n<td>Otwarta pokrywa: 1760\u00d7745\u00d7485 mm (d\u0142.\u00d7szer.\u00d7wys.)<br \/>Zamkni\u0119te pokrywa: 640\u00d7745\u00d7770 mm (d\u0142.\u00d7szer.\u00d7wys.)<\/td>\n<\/tr>\n<tr>\n<th>Napi\u0119cie wej\u015bciowe<\/th>\n<td>100-240 V (AC), 50\/60 Hz<\/td>\n<\/tr>\n<tr>\n<th>Moc wej\u015bciowa<\/th>\n<td>Max 800 W<\/td>\n<\/tr>\n<tr>\n<th>Temperatura pracy<\/th>\n<td>-30\u00b0 do 50\u00b0 C<\/td>\n<\/tr>\n<tr>\n<th>Stopie\u0144 ochrony<\/th>\n<td>IP56<\/td>\n<\/tr>\n<tr>\n<th>Liczba dron\u00f3w, kt\u00f3re mo\u017cna\u00a0pomie\u015bci\u0107<\/th>\n<td>1<\/td>\n<\/tr>\n<tr>\n<th>Maksymalna dopuszczalna pr\u0119dko\u015b\u0107 wiatru przy l\u0105dowaniu<\/th>\n<td>12 m\/s<\/td>\n<\/tr>\n<tr>\n<th>Maksymalna wysoko\u015b\u0107 operacyjna<\/th>\n<td>4500 m<\/td>\n<\/tr>\n<tr>\n<th>Cz\u0119stotliwo\u015b\u0107 stacji bazowej RTK<\/th>\n<td>Jednoczesny odbi\u00f3r:<br \/>GPS: L1 C\/A, L2, L5<br \/>BeiDou: B1l, B2l, B3l, B2a, B2b, B1C<br \/>GLONASS: F1, F2<br \/>Galileo: E1, E5a, E5b, E6<br \/>QZSS: L1, L2, L5<\/td>\n<\/tr>\n<tr>\n<th>Dok\u0142adno\u015b\u0107 pozycjonowania stacji bazowej RTK<\/th>\n<td>Poziomo: 1 cm + 1 ppm (RMS)<br \/>Pionowo: 2 cm + 1 ppm (RMS)<\/td>\n<\/tr>\n<tr>\n<th>PARAMETRY \u0141ADOWANIA<\/th>\n<td>\u00a0<\/td>\n<\/tr>\n<tr>\n<th>Napi\u0119cie wyj\u015bciowe<\/th>\n<td>35 V DC<\/td>\n<\/tr>\n<tr>\n<th>Czas \u0142adowania<\/th>\n<td>27 minut<\/td>\n<\/tr>\n<tr>\n<th>TRANSMISJA WIDEO<\/th>\n<td>\u00a0<\/td>\n<\/tr>\n<tr>\n<th>Cz\u0119stotliwo\u015b\u0107 pracy<\/th>\n<td>2.400-2.4835 GHz<br \/>5.150-5.250 GHz (CE: 5.170-5.250 GHz)<br \/>5.725-5.850 GHz<\/td>\n<\/tr>\n<tr>\n<th>Antena<\/th>\n<td>Wbudowane 9 anten, 2T4R, obs\u0142uguje funkcj\u0119 inteligentnego prze\u0142\u0105czania<\/td>\n<\/tr>\n<tr>\n<th>Moc nadajnika (EIRP)<\/th>\n<td>2.4 GHz: &lt; 33 dBm (FCC), &lt; 20 dBm (CE\/SRRC\/MIC)<br \/>5.2 GHz (CE: 5.170-5.250 GHz): &lt; 23 dBm (FCC\/CE)<br \/>5.8 GHz: &lt; 33 dBm (FCC); &lt; 14 dBm (CE); &lt; 30 dBm (SRRC)<\/td>\n<\/tr>\n<tr>\n<th>SYSTEM CH\u0141ODZENIA<\/th>\n<td>\u00a0<\/td>\n<\/tr>\n<tr>\n<th>Napi\u0119cie operacyjne<\/th>\n<td>48 V DC<\/td>\n<\/tr>\n<tr>\n<th>Typ<\/th>\n<td>Uk\u0142ad ch\u0142odzenia ze spr\u0119\u017cark\u0105<\/td>\n<\/tr>\n<tr>\n<th>AKUMULATOR AWARYJNY<\/th>\n<td>\u00a0<\/td>\n<\/tr>\n<tr>\n<th>Pojemno\u015b\u0107<\/th>\n<td>12 Ah<\/td>\n<\/tr>\n<tr>\n<th>Napi\u0119cie wyj\u015bciowe<\/th>\n<td>12 V<\/td>\n<\/tr>\n<tr>\n<th>Typ ogniwa<\/th>\n<td>Akumulator kwasowo-o\u0142owiowy<\/td>\n<\/tr>\n<tr>\n<th>Czas pracy<\/th>\n<td>4 h<\/td>\n<\/tr>\n<tr>\n<th>DOST\u0118P DO SIECI<\/th>\n<td>\u00a0<\/td>\n<\/tr>\n<tr>\n<th>Ethernet<\/th>\n<td>Adaptacyjny port Ethernet 10\/100\/1000 Mb\/s<\/td>\n<\/tr>\n<tr>\n<th>4G<\/th>\n<td>Wymagany klucz sprz\u0119towy DJI Cellular Dongle 2<\/td>\n<\/tr>\n<tr>\n<th>CZUJNIKI<\/th>\n<td>\u00a0<\/td>\n<\/tr>\n<tr>\n<th>Czujnik pr\u0119dko\u015bci wiatru<\/th>\n<td>Tak<\/td>\n<\/tr>\n<tr>\n<th>Czujnik deszczu<\/th>\n<td><span>Tak<\/span><\/td>\n<\/tr>\n<tr>\n<th>Czujnik temperatury otoczenia<\/th>\n<td><span>Tak<\/span><\/td>\n<\/tr>\n<tr>\n<th>Czujnik zanurzenia w wodzie<\/th>\n<td><span>Tak<\/span><\/td>\n<\/tr>\n<tr>\n<th>Czujnik temperatury w\u00a0obudowie<\/th>\n<td><span>Tak<\/span><\/td>\n<\/tr>\n<tr>\n<th>Czujnik wilgotno\u015bci w\u00a0obudowie<\/th>\n<td><span>Tak<\/span><\/td>\n<\/tr>\n<tr>\n<th>KAMERA BEZPIECZE\u0143STWA (ZEWN\u0118TRZNA)<\/th>\n<td>\u00a0<\/td>\n<\/tr>\n<tr>\n<th>Rozdzielczo\u015b\u0107<\/th>\n<td>1920&#215;1080<\/td>\n<\/tr>\n<tr>\n<th>Pole widzenia (FOV)<\/th>\n<td>151\u00b0<\/td>\n<\/tr>\n<tr>\n<th>\u015awiat\u0142o pomocnicze<\/th>\n<td>Bia\u0142e<\/td>\n<\/tr>\n<tr>\n<th>KAMERA BEZPIECZE\u0143STWA (WEWN\u0118TRZNA)<\/th>\n<td>\u00a0<\/td>\n<\/tr>\n<tr>\n<th>Rozdzielczo\u015b\u0107<\/th>\n<td>1920&#215;1080<\/td>\n<\/tr>\n<tr>\n<th>Pole widzenia (FOV)<\/th>\n<td>151\u00b0<\/td>\n<\/tr>\n<tr>\n<th>\u015awiat\u0142o pomocnicze<\/th>\n<td>Bia\u0142e<\/td>\n<\/tr>\n<tr>\n<th>OCHRONA ODGROMOWA<\/th>\n<td>\u00a0<\/td>\n<\/tr>\n<tr>\n<th>Port zasilania AC<\/th>\n<td>20 kA (warto\u015b\u0107 znamionowa), spe\u0142nia wymagania EN 61643-11 Typ 2 i IEC 61643-1 Klasa \u2161 poziomu ochrony<\/td>\n<\/tr>\n<tr>\n<th>Port Ethernet<\/th>\n<td>10 kA (\u0142\u0105cznie), spe\u0142nia wymagania normy EN\/IEC 61643-21 dla kategorii C poziomu ochrony<\/td>\n<\/tr>\n<tr>\n<th>WSPIERANE OPROGRAMOWANIE<\/th>\n<td>\u00a0<\/td>\n<\/tr>\n<tr>\n<th>Aplikacje<\/th>\n<td>Aplikacja DJI Enterprise (u\u017cywana z telefonami z systemem Android do wdra\u017cania i uruchamiania)<\/td>\n<\/tr>\n<tr>\n<th>Platforma w Chmurze<\/th>\n<td>FlightHub 2<br \/>FlightHub 2 On-Premises Version<br \/>FlightHub 2 FlightHub Sync<br \/>DJI Cloud API<\/td>\n<\/tr>\n<tr>\n<th>MO\u017bLIWO\u015aCI ROZBUDOWY<\/th>\n<td>\u00a0<\/td>\n<\/tr>\n<tr>\n<th>Technologia\u00a0Edge Computing<\/th>\n<td>Obs\u0142uguje komunikacj\u0119 danych z zewn\u0119trznymi prze\u0142\u0105cznikami sieciowymi<\/td>\n<\/tr>\n<\/tbody>\n<\/table>\n<div><\/div>\n<\/div>\n","protected":false},"excerpt":{"rendered":"<p>DJI Dock 3 Pierwsza stacja dokuj\u0105ca przystosowana do monta\u017cu w pojazdach. Pe\u0142na kontrola w ka\u017cdych warunkach DJI Dock 3 to<\/p>\n","protected":false},"featured_media":39634,"comment_status":"closed","ping_status":"open","template":"","meta":{"_acf_changed":false},"product_brand":[],"product_cat":[1088,6221,1105],"product_tag":[],"class_list":{"0":"post-60290","1":"product","2":"type-product","3":"status-publish","4":"has-post-thumbnail","6":"product_cat-drony","7":"product_cat-drony-przemyslowe","8":"product_cat-przemyslowe","9":"pa_producent-dji-enterprise","11":"first","12":"outofstock","13":"taxable","14":"shipping-taxable","15":"purchasable","16":"product-type-simple"},"acf":[],"yoast_head":"<!-- This site is optimized with the Yoast SEO plugin v27.2 - https:\/\/yoast.com\/product\/yoast-seo-wordpress\/ -->\n<title>Stacja dokuj\u0105ca DJI Dock 3 - IRONSKY.PL Sklep z Dronami<\/title>\n<meta name=\"description\" content=\"Stacja dokuj\u0105ca DJI Dock 3 - \u2705 sklep z dronami i fachowym doradztwem. \u2705 Tutaj kupisz produkty DJI, Yuneec, Parrot, Syma i wiele innych, a tak\u017ce kursy i licencje na operatora drona.\" \/>\n<meta name=\"robots\" content=\"index, follow, max-snippet:-1, max-image-preview:large, max-video-preview:-1\" \/>\n<link rel=\"canonical\" href=\"https:\/\/ironsky.pl\/sklep\/produkt\/stacja-dokujaca-dji-dock-3-2\/\" \/>\n<meta property=\"og:locale\" content=\"pl_PL\" \/>\n<meta property=\"og:type\" content=\"article\" \/>\n<meta property=\"og:title\" content=\"Stacja dokuj\u0105ca DJI Dock 3 - IRONSKY.PL Sklep z Dronami\" \/>\n<meta property=\"og:description\" content=\"Stacja dokuj\u0105ca DJI Dock 3 - \u2705 sklep z dronami i fachowym doradztwem. \u2705 Tutaj kupisz produkty DJI, Yuneec, Parrot, Syma i wiele innych, a tak\u017ce kursy i licencje na operatora drona.\" \/>\n<meta property=\"og:url\" content=\"https:\/\/ironsky.pl\/sklep\/produkt\/stacja-dokujaca-dji-dock-3-2\/\" \/>\n<meta property=\"og:site_name\" content=\"IRONSKY.PL Sklep z Dronami\" \/>\n<meta property=\"article:modified_time\" content=\"2026-04-15T08:59:34+00:00\" \/>\n<meta property=\"og:image\" content=\"https:\/\/ironsky.pl\/sklep\/wp-content\/uploads\/2025\/04\/51057_15.jpg\" \/>\n\t<meta property=\"og:image:width\" content=\"800\" \/>\n\t<meta property=\"og:image:height\" content=\"800\" \/>\n\t<meta property=\"og:image:type\" content=\"image\/jpeg\" \/>\n<meta name=\"twitter:card\" content=\"summary_large_image\" \/>\n<meta name=\"twitter:label1\" content=\"Szacowany czas czytania\" \/>\n\t<meta name=\"twitter:data1\" content=\"4 minuty\" \/>\n<script type=\"application\/ld+json\" class=\"yoast-schema-graph\">{\"@context\":\"https:\/\/schema.org\",\"@graph\":[{\"@type\":\"WebPage\",\"@id\":\"https:\/\/ironsky.pl\/sklep\/produkt\/stacja-dokujaca-dji-dock-3-2\/\",\"url\":\"https:\/\/ironsky.pl\/sklep\/produkt\/stacja-dokujaca-dji-dock-3-2\/\",\"name\":\"Stacja dokuj\u0105ca DJI Dock 3 - IRONSKY.PL Sklep z Dronami\",\"isPartOf\":{\"@id\":\"https:\/\/ironsky.pl\/sklep\/#website\"},\"primaryImageOfPage\":{\"@id\":\"https:\/\/ironsky.pl\/sklep\/produkt\/stacja-dokujaca-dji-dock-3-2\/#primaryimage\"},\"image\":{\"@id\":\"https:\/\/ironsky.pl\/sklep\/produkt\/stacja-dokujaca-dji-dock-3-2\/#primaryimage\"},\"thumbnailUrl\":\"https:\/\/ironsky.pl\/sklep\/wp-content\/uploads\/2025\/04\/51057_15.jpg\",\"datePublished\":\"2026-04-15T08:59:17+00:00\",\"dateModified\":\"2026-04-15T08:59:34+00:00\",\"description\":\"Stacja dokuj\u0105ca DJI Dock 3 - \u2705 sklep z dronami i fachowym doradztwem. \u2705 Tutaj kupisz produkty DJI, Yuneec, Parrot, Syma i wiele innych, a tak\u017ce kursy i licencje na operatora drona.\",\"breadcrumb\":{\"@id\":\"https:\/\/ironsky.pl\/sklep\/produkt\/stacja-dokujaca-dji-dock-3-2\/#breadcrumb\"},\"inLanguage\":\"pl-PL\",\"potentialAction\":[{\"@type\":\"ReadAction\",\"target\":[\"https:\/\/ironsky.pl\/sklep\/produkt\/stacja-dokujaca-dji-dock-3-2\/\"]}]},{\"@type\":\"ImageObject\",\"inLanguage\":\"pl-PL\",\"@id\":\"https:\/\/ironsky.pl\/sklep\/produkt\/stacja-dokujaca-dji-dock-3-2\/#primaryimage\",\"url\":\"https:\/\/ironsky.pl\/sklep\/wp-content\/uploads\/2025\/04\/51057_15.jpg\",\"contentUrl\":\"https:\/\/ironsky.pl\/sklep\/wp-content\/uploads\/2025\/04\/51057_15.jpg\",\"width\":800,\"height\":800},{\"@type\":\"BreadcrumbList\",\"@id\":\"https:\/\/ironsky.pl\/sklep\/produkt\/stacja-dokujaca-dji-dock-3-2\/#breadcrumb\",\"itemListElement\":[{\"@type\":\"ListItem\",\"position\":1,\"name\":\"Strona g\u0142\u00f3wna\",\"item\":\"https:\/\/ironsky.pl\/sklep\/\"},{\"@type\":\"ListItem\",\"position\":2,\"name\":\"Wszystkie produkty\",\"item\":\"https:\/\/ironsky.pl\/sklep\/produkty\/\"},{\"@type\":\"ListItem\",\"position\":3,\"name\":\"Stacja dokuj\u0105ca DJI Dock 3\"}]},{\"@type\":\"WebSite\",\"@id\":\"https:\/\/ironsky.pl\/sklep\/#website\",\"url\":\"https:\/\/ironsky.pl\/sklep\/\",\"name\":\"IRONSKY.PL Sklep z Dronami\",\"description\":\"IRONSKY.PL Sklep z Dronami\",\"potentialAction\":[{\"@type\":\"SearchAction\",\"target\":{\"@type\":\"EntryPoint\",\"urlTemplate\":\"https:\/\/ironsky.pl\/sklep\/?s={search_term_string}\"},\"query-input\":{\"@type\":\"PropertyValueSpecification\",\"valueRequired\":true,\"valueName\":\"search_term_string\"}}],\"inLanguage\":\"pl-PL\"}]}<\/script>\n<!-- \/ Yoast SEO plugin. -->","yoast_head_json":{"title":"Stacja dokuj\u0105ca DJI Dock 3 - IRONSKY.PL Sklep z Dronami","description":"Stacja dokuj\u0105ca DJI Dock 3 - \u2705 sklep z dronami i fachowym doradztwem. \u2705 Tutaj kupisz produkty DJI, Yuneec, Parrot, Syma i wiele innych, a tak\u017ce kursy i licencje na operatora drona.","robots":{"index":"index","follow":"follow","max-snippet":"max-snippet:-1","max-image-preview":"max-image-preview:large","max-video-preview":"max-video-preview:-1"},"canonical":"https:\/\/ironsky.pl\/sklep\/produkt\/stacja-dokujaca-dji-dock-3-2\/","og_locale":"pl_PL","og_type":"article","og_title":"Stacja dokuj\u0105ca DJI Dock 3 - IRONSKY.PL Sklep z Dronami","og_description":"Stacja dokuj\u0105ca DJI Dock 3 - \u2705 sklep z dronami i fachowym doradztwem. \u2705 Tutaj kupisz produkty DJI, Yuneec, Parrot, Syma i wiele innych, a tak\u017ce kursy i licencje na operatora drona.","og_url":"https:\/\/ironsky.pl\/sklep\/produkt\/stacja-dokujaca-dji-dock-3-2\/","og_site_name":"IRONSKY.PL Sklep z Dronami","article_modified_time":"2026-04-15T08:59:34+00:00","og_image":[{"width":800,"height":800,"url":"https:\/\/ironsky.pl\/sklep\/wp-content\/uploads\/2025\/04\/51057_15.jpg","type":"image\/jpeg"}],"twitter_card":"summary_large_image","twitter_misc":{"Szacowany czas czytania":"4 minuty"},"schema":{"@context":"https:\/\/schema.org","@graph":[{"@type":"WebPage","@id":"https:\/\/ironsky.pl\/sklep\/produkt\/stacja-dokujaca-dji-dock-3-2\/","url":"https:\/\/ironsky.pl\/sklep\/produkt\/stacja-dokujaca-dji-dock-3-2\/","name":"Stacja dokuj\u0105ca DJI Dock 3 - IRONSKY.PL Sklep z Dronami","isPartOf":{"@id":"https:\/\/ironsky.pl\/sklep\/#website"},"primaryImageOfPage":{"@id":"https:\/\/ironsky.pl\/sklep\/produkt\/stacja-dokujaca-dji-dock-3-2\/#primaryimage"},"image":{"@id":"https:\/\/ironsky.pl\/sklep\/produkt\/stacja-dokujaca-dji-dock-3-2\/#primaryimage"},"thumbnailUrl":"https:\/\/ironsky.pl\/sklep\/wp-content\/uploads\/2025\/04\/51057_15.jpg","datePublished":"2026-04-15T08:59:17+00:00","dateModified":"2026-04-15T08:59:34+00:00","description":"Stacja dokuj\u0105ca DJI Dock 3 - \u2705 sklep z dronami i fachowym doradztwem. \u2705 Tutaj kupisz produkty DJI, Yuneec, Parrot, Syma i wiele innych, a tak\u017ce kursy i licencje na operatora drona.","breadcrumb":{"@id":"https:\/\/ironsky.pl\/sklep\/produkt\/stacja-dokujaca-dji-dock-3-2\/#breadcrumb"},"inLanguage":"pl-PL","potentialAction":[{"@type":"ReadAction","target":["https:\/\/ironsky.pl\/sklep\/produkt\/stacja-dokujaca-dji-dock-3-2\/"]}]},{"@type":"ImageObject","inLanguage":"pl-PL","@id":"https:\/\/ironsky.pl\/sklep\/produkt\/stacja-dokujaca-dji-dock-3-2\/#primaryimage","url":"https:\/\/ironsky.pl\/sklep\/wp-content\/uploads\/2025\/04\/51057_15.jpg","contentUrl":"https:\/\/ironsky.pl\/sklep\/wp-content\/uploads\/2025\/04\/51057_15.jpg","width":800,"height":800},{"@type":"BreadcrumbList","@id":"https:\/\/ironsky.pl\/sklep\/produkt\/stacja-dokujaca-dji-dock-3-2\/#breadcrumb","itemListElement":[{"@type":"ListItem","position":1,"name":"Strona g\u0142\u00f3wna","item":"https:\/\/ironsky.pl\/sklep\/"},{"@type":"ListItem","position":2,"name":"Wszystkie produkty","item":"https:\/\/ironsky.pl\/sklep\/produkty\/"},{"@type":"ListItem","position":3,"name":"Stacja dokuj\u0105ca DJI Dock 3"}]},{"@type":"WebSite","@id":"https:\/\/ironsky.pl\/sklep\/#website","url":"https:\/\/ironsky.pl\/sklep\/","name":"IRONSKY.PL Sklep z Dronami","description":"IRONSKY.PL Sklep z Dronami","potentialAction":[{"@type":"SearchAction","target":{"@type":"EntryPoint","urlTemplate":"https:\/\/ironsky.pl\/sklep\/?s={search_term_string}"},"query-input":{"@type":"PropertyValueSpecification","valueRequired":true,"valueName":"search_term_string"}}],"inLanguage":"pl-PL"}]}},"_links":{"self":[{"href":"https:\/\/ironsky.pl\/sklep\/wp-json\/wp\/v2\/product\/60290","targetHints":{"allow":["GET"]}}],"collection":[{"href":"https:\/\/ironsky.pl\/sklep\/wp-json\/wp\/v2\/product"}],"about":[{"href":"https:\/\/ironsky.pl\/sklep\/wp-json\/wp\/v2\/types\/product"}],"replies":[{"embeddable":true,"href":"https:\/\/ironsky.pl\/sklep\/wp-json\/wp\/v2\/comments?post=60290"}],"wp:featuredmedia":[{"embeddable":true,"href":"https:\/\/ironsky.pl\/sklep\/wp-json\/wp\/v2\/media\/39634"}],"wp:attachment":[{"href":"https:\/\/ironsky.pl\/sklep\/wp-json\/wp\/v2\/media?parent=60290"}],"wp:term":[{"taxonomy":"product_brand","embeddable":true,"href":"https:\/\/ironsky.pl\/sklep\/wp-json\/wp\/v2\/product_brand?post=60290"},{"taxonomy":"product_cat","embeddable":true,"href":"https:\/\/ironsky.pl\/sklep\/wp-json\/wp\/v2\/product_cat?post=60290"},{"taxonomy":"product_tag","embeddable":true,"href":"https:\/\/ironsky.pl\/sklep\/wp-json\/wp\/v2\/product_tag?post=60290"}],"curies":[{"name":"wp","href":"https:\/\/api.w.org\/{rel}","templated":true}]}}