{"id":60287,"date":"2026-04-15T10:59:17","date_gmt":"2026-04-15T08:59:17","guid":{"rendered":"https:\/\/ironsky.pl\/sklep\/produkt\/drukarka-3d-creality-hi-2\/"},"modified":"2026-04-15T10:59:29","modified_gmt":"2026-04-15T08:59:29","slug":"drukarka-3d-creality-hi-2","status":"publish","type":"product","link":"https:\/\/ironsky.pl\/sklep\/produkt\/drukarka-3d-creality-hi-2\/","title":{"rendered":"Drukarka 3D CREALITY Hi"},"content":{"rendered":"<h3>Creality Hi<\/h3>\n<p>Creality Hi to innowacyjna drukarka 3D, kt\u00f3ra wyposa\u017cona jest w zaawansowane funkcje, takie jak automatyczne poziomowanie, szybkie nagrzewanie sto\u0142u, czy aktywne t\u0142umienie drga\u0144. Zapewnia wyj\u0105tkow\u0105 precyzj\u0119 i p\u0142ynn\u0105 prac\u0119 nawet przy ekstremalnych pr\u0119dko\u015bciach. Metalowa konstrukcja, cicha praca (&lt;48 dB), oraz systemy Creality OS i Creality Print sprawiaj\u0105, \u017ce to idealne rozwi\u0105zanie zar\u00f3wno dla profesjonalist\u00f3w, jak i rozpoczynaj\u0105cych swoj\u0105 przygod\u0119 z drukiem 3D. Drukarka umo\u017cliwia r\u00f3wnie\u017c opcjonalny druk wielokolorowy \u2014 wystarczy wyposa\u017cy\u0107 si\u0119 w system CFS, dost\u0119pny w oddzielnej sprzeda\u017cy.<\/p>\n<p>\n<img decoding=\"async\" src=\"https:\/\/assets.innpro.pl\/13267\/16294\/2.jpg\" border=\"0\" alt=\"\" \/>\n<\/p>\n<h3>Perfekcyjna pierwsza warstwa<\/h3>\n<p>Doskona\u0142y wydruk zaczyna si\u0119 od idealnie wypoziomowanego sto\u0142u. Creality Hi oferuje zaawansowany system automatycznego poziomowania, kt\u00f3ry gwarantuje perfekcyjne przyklejenie pierwszej warstwy do platformy. Dwie niezale\u017cnie sterowane \u015bruby nap\u0119dowe dostosowuj\u0105 pozycj\u0119 osi X, a precyzyjny czujnik nacisku w g\u0142owicy automatycznie skanuje powierzchni\u0119 robocz\u0105, zapewniaj\u0105c idealn\u0105 siatk\u0119 kalibracyjn\u0105.<\/p>\n<p>\n<img decoding=\"async\" src=\"https:\/\/assets.innpro.pl\/13267\/16294\/1.jpg\" border=\"0\" alt=\"\" \/>\n<\/p>\n<h3>Prosta i szybka praca<\/h3>\n<p>Drukarka zosta\u0142a wyposa\u017cona w 1000W podgrzewany st\u00f3\u0142 roboczy, kt\u00f3ry osi\u0105ga temperatur\u0119 60\u00b0C w 30 sekund i 100\u00b0C w 90 sekund. Tak szybkie nagrzewanie skraca czas przygotowania do druku, zwi\u0119kszaj\u0105c wydajno\u015b\u0107 pracy i umo\u017cliwiaj\u0105c stabilne przyklejenie filamentu do powierzchni. Ca\u0142y proces odbywa si\u0119 p\u0142ynnie i bezproblemowo, oszcz\u0119dzaj\u0105c czas i eliminuj\u0105c ryzyko b\u0142\u0119d\u00f3w.<\/p>\n<p>\n<img decoding=\"async\" src=\"https:\/\/assets.innpro.pl\/13267\/16294\/3.jpg\" border=\"0\" alt=\"\" \/>\n<\/p>\n<h3>Ekspresowy monta\u017c i powiadomienia d\u017awi\u0119kowe<\/h3>\n<p>Zapomnij o d\u0142ugotrwa\u0142ym sk\u0142adaniu drukarki \u2013 Creality Hi jest w 95% zmontowana, a do jej uruchomienia wystarczy dokr\u0119cenie siedmiu \u015brub i pod\u0142\u0105czenie kilku przewod\u00f3w. Szybki monta\u017c sprawia, \u017ce jest jedn\u0105 z najbardziej intuicyjnych dla u\u017cytkownika drukark\u0105 typu bed slinger. Dodatkowo, w trosce o Tw\u00f3j komfort, Creality Hi informuje o zako\u0144czeniu zadania lub nieoczekiwanej przerwie w pracy za pomoc\u0105 wbudowanego brz\u0119czyka. Dzi\u0119ki temu nie musisz stale monitorowa\u0107 procesu druku, co pozwala na wi\u0119ksz\u0105 swobod\u0119 podczas pracy.<\/p>\n<p>\n<img decoding=\"async\" src=\"https:\/\/assets.innpro.pl\/13267\/16294\/9.jpg\" border=\"0\" alt=\"\" \/>\n<\/p>\n<h3>Sk\u0142adany dotykowy ekran i wbudowana kamera<\/h3>\n<p>Drukarka wyposa\u017cona jest w 3,2-calowy dotykowy ekran, kt\u00f3ry reaguje b\u0142yskawicznie na dotyk, a do tego mo\u017cna go \u0142atwo schowa\u0107, aby zmniejszy\u0107 zajmowan\u0105 przestrze\u0144. Zoptymalizowane po\u0142\u0105czenie kablowe zwi\u0119ksza stabilno\u015b\u0107 i niezawodno\u015b\u0107 dzia\u0142ania. Wbudowana kamera pozwala na \u015bledzenie post\u0119p\u00f3w oraz udost\u0119pnianie film\u00f3w poklatkowych jednym klikni\u0119ciem. Je\u015bli cenisz sobie prywatno\u015b\u0107, mo\u017cesz skorzysta\u0107 z os\u0142ony ochronnej na kamer\u0119, zapewniaj\u0105c sobie pe\u0142n\u0105 kontrol\u0119 nad nagraniami.<\/p>\n<p>\n<img decoding=\"async\" src=\"https:\/\/assets.innpro.pl\/13267\/16294\/6.jpg\" border=\"0\" alt=\"\" \/>\n<\/p>\n<h3>Cicha i precyzyjna praca<\/h3>\n<p>Dzi\u0119ki dynamicznie wywa\u017conym wentylatorom, bezoporowej prowadnicy liniowej oraz g\u0142adkim pr\u0119tom liniowym, Creality Hi pracuje niezwykle cicho. W trybie Silent Mode ha\u0142as nie przekracza 48 dB, co sprawia, \u017ce mo\u017cesz drukowa\u0107 nawet w nocy bez zak\u0142\u00f3cania spokoju domownik\u00f3w. Drukarka zachwyca nie tylko stylistyk\u0105 i cichym dzia\u0142aniem, ale i stabilno\u015bci\u0105. Metalowa konstrukcja z odlewanymi elementami z aluminium minimalizuje wibracje, a prowadnica liniowa na osi X i podw\u00f3jne pr\u0119ty na osi Y zapewniaj\u0105 niezr\u00f3wnan\u0105 precyzj\u0119 i doskona\u0142\u0105 jako\u015b\u0107 wydruk\u00f3w.\u00a0<\/p>\n<p>\n<img decoding=\"async\" src=\"https:\/\/assets.innpro.pl\/13267\/16294\/5.jpg\" border=\"0\" alt=\"\" \/>\n<\/p>\n<h3>Aktywna kompensacja drga\u0144<\/h3>\n<p>Zastosowanie autorskiego algorytmu kompensacji drga\u0144 pozwala na analiz\u0119 wibracji w r\u00f3\u017cnych pr\u0119dko\u015bciach druku i ich aktywne eliminowanie. Dzi\u0119ki temu wydruki s\u0105 szybsze, pozbawione efektu \u201edzwonienia\u201d i maj\u0105 idealnie g\u0142adk\u0105 powierzchni\u0119.\u00a0<\/p>\n<p>\n<img decoding=\"async\" src=\"https:\/\/assets.innpro.pl\/13267\/16294\/7.jpg\" border=\"0\" alt=\"\" \/>\n<\/p>\n<h3>Intuicyjne oprogramowanie i dost\u0119p do aplikacji<\/h3>\n<p>Najbardziej zaawansowana wersja Creality OS oferuje zarz\u0105dzanie filamentami, tryb eksperta dla pe\u0142nej kontroli nad drukiem oraz kompatybilno\u015b\u0107 z FLUIDD WebUI, u\u0142atwiaj\u0105c\u0105 obs\u0142ug\u0119 z poziomu przegl\u0105darki internetowej. Ca\u0142kowicie przebudowane oprogramowanie Creality Print oferuje 40+ predefiniowanych ustawie\u0144 dla filament\u00f3w, obs\u0142ug\u0119 modeli 3MF oraz mo\u017cliwo\u015b\u0107 sterowania wieloma drukarkami przez LAN. Natomiast Creality Cloud daje dost\u0119p do biblioteki modeli 3D, umo\u017cliwia zdalne drukowanie i pozwala na interakcj\u0119 z innymi pasjonatami druku.<\/p>\n<p>\n<img decoding=\"async\" src=\"https:\/\/assets.innpro.pl\/13267\/16294\/11.jpg\" border=\"0\" alt=\"\" \/>\n<\/p>\n<h3>Zaawansowane funkcje i pot\u0119\u017cna moc silnika<\/h3>\n<p>Creality Hi jest wyposa\u017cona w metalowe ko\u0142a z\u0119bate ekstrudera, kt\u00f3re zapewniaj\u0105 wyj\u0105tkow\u0105 trwa\u0142o\u015b\u0107, automatyczny n\u00f3\u017c do filamentu, kt\u00f3ry pozwala na szybkie i czyste ci\u0119cie, oraz zintegrowan\u0105 dysz\u0119, kt\u00f3ra redukuje ryzyko zapychania i umo\u017cliwia b\u0142yskawiczn\u0105 wymian\u0119. Dzi\u0119ki silnikom krokowym z algorytmem FOC Creality Hi zapewnia p\u0142ynn\u0105 i precyzyjn\u0105 prac\u0119 nawet przy ekstremalnych pr\u0119dko\u015bciach \u2013 500 mm\/s maksymalnej pr\u0119dko\u015bci druku i 12000 mm\/s\u00b2 maksymalnego przyspieszenia.<\/p>\n<p>\n<img decoding=\"async\" src=\"https:\/\/assets.innpro.pl\/13267\/16294\/4.jpg\" border=\"0\" alt=\"\" \/>\n<\/p>\n<h3>W zestawie<\/h3>\n<ul class=\"list-disc pl-5\">\n<li>drukarka<\/li>\n<li>rurka teflonowa<\/li>\n<li>os\u0142ona silnika osi Z x2<\/li>\n<li>kabel zasilaj\u0105cy<\/li>\n<li>\u015bruba M4x8 z \u0142bem kulistym i gniazdem imbusowym x4<\/li>\n<li>\u015bruba M3x8 z \u0142bem kulistym i gniazdem imbusowym x2<\/li>\n<li>wkr\u0119t samogwintuj\u0105cy M3x5 z \u0142bem p\u0142askim<\/li>\n<li>klucz imbusowy<\/li>\n<li>klucz nasadowy<\/li>\n<li>filament<\/li>\n<li>szczypce do ci\u0119cia<\/li>\n<li>\u015brodek do czyszczenia dysz<\/li>\n<li>instrukcja obs\u0142ugi<\/li>\n<\/ul>\n<div class=\"table-wrapper\">\n<p>\u00a0<\/p>\n<h3><\/h3>\n<table>\n<tbody>\n<tr>\n<th>Producent<\/th>\n<td>Creality<\/td>\n<\/tr>\n<tr>\n<th>Model<\/th>\n<td>Hi <\/td>\n<\/tr>\n<tr>\n<th>Technologia druku<\/th>\n<td>Fused Deposition Modeling (FDM)<\/td>\n<\/tr>\n<tr>\n<th>Silniki XYZE<\/th>\n<td>Silnik krokowy z serwomechanizmem dla osi X\/Y; silnik krokowy dla pozosta\u0142ych osi<\/td>\n<\/tr>\n<tr>\n<th>Obszar roboczy<\/th>\n<td>260 \u00d7 260 \u00d7 300 mm<\/td>\n<\/tr>\n<tr>\n<th>Wymiary drukarki <\/th>\n<td>409 \u00d7 392 \u00d7 477 mm<\/td>\n<\/tr>\n<tr>\n<th>Przesy\u0142 plik\u00f3w<\/th>\n<td>Dysk USB \/ Wi-Fi<\/td>\n<\/tr>\n<tr>\n<th>Ekran<\/th>\n<td>Kolorowy ekran dotykowy 3,2&#8243;<\/td>\n<\/tr>\n<tr>\n<th>Waga <\/th>\n<td>8.75 kg<\/td>\n<\/tr>\n<tr>\n<th>Kamera monitoruj\u0105ca<\/th>\n<td>Tak<\/td>\n<\/tr>\n<tr>\n<th>Automatyczna zmiana filamentu<\/th>\n<td>Nie<\/td>\n<\/tr>\n<tr>\n<th>Czujnik ko\u0144ca filamentu<\/th>\n<td>Tak<\/td>\n<\/tr>\n<tr>\n<th>Wykrywanie spl\u0105tania filamentu<\/th>\n<td>Tak<\/td>\n<\/tr>\n<tr>\n<th>Input Shaping (czujnik G-sensor)<\/th>\n<td>Tak<\/td>\n<\/tr>\n<tr>\n<th>O\u015bwietlenie robocze<\/th>\n<td>Tak<\/td>\n<\/tr>\n<tr>\n<th>Pr\u0119dko\u015b\u0107 druku<\/th>\n<td>300 mm\/s (typowa); 500 mm\/s (maksymalna)<\/td>\n<\/tr>\n<tr>\n<th>Napi\u0119cie znamionowe<\/th>\n<td>AC 100\u2013240V \/ 50 Hz<\/td>\n<\/tr>\n<tr>\n<th>Przyspieszenie<\/th>\n<td> \u2264 12000 mm\/s\u00b2<\/td>\n<\/tr>\n<tr>\n<th>Moc znamionowa<\/th>\n<td>1150W@220V; 390W@110V<\/td>\n<\/tr>\n<tr>\n<th>Dok\u0142adno\u015b\u0107 druku<\/th>\n<td>100\u00b10,1 mm<\/td>\n<\/tr>\n<tr>\n<th>Obs\u0142ugiwane materia\u0142y<\/th>\n<td>Hyper-PLA, PLA, PETG, ABS, PLA-CF<\/td>\n<\/tr>\n<tr>\n<th>Wysoko\u015b\u0107 warstwy<\/th>\n<td>0,1\u20130,35 mm<\/td>\n<\/tr>\n<tr>\n<th>Oprogramowanie do ci\u0119cia modeli<\/th>\n<td>Creality Print 5.1 i nowsze wersje<\/td>\n<\/tr>\n<tr>\n<th>Ekstruder<\/th>\n<td>Bezpo\u015bredni ekstruder (Direct Drive)<\/td>\n<\/tr>\n<tr>\n<th>Maksymalna liczba filament\u00f3w<\/th>\n<td>1 <\/td>\n<\/tr>\n<tr>\n<th>\u015arednica filamentu<\/th>\n<td>1,75 mm<\/td>\n<\/tr>\n<tr>\n<th>J\u0119zyki interfejsu u\u017cytkownika<\/th>\n<td>Angielski, niemiecki, hiszpa\u0144ski, francuski, w\u0142oski, portugalski, turecki, rosyjski, japo\u0144ski, chi\u0144ski<\/td>\n<\/tr>\n<tr>\n<th>Typ dyszy<\/th>\n<td>Tr\u00f3jmetalowa, trwa\u0142a dysza<\/td>\n<\/tr>\n<tr>\n<th>Filament RFID <\/th>\n<td>Nie<\/td>\n<\/tr>\n<tr>\n<th>\u015arednica dyszy<\/th>\n<td>0,4 mm (kompatybilna z 0,6\/0,8 mm)<\/td>\n<\/tr>\n<tr>\n<th>Obs\u0142ugiwane formaty plik\u00f3w<\/th>\n<td>G-code, 3MF<\/td>\n<\/tr>\n<tr>\n<th>Temperatura dyszy <\/th>\n<td>\u2264 300\u00b0C<\/td>\n<\/tr>\n<tr>\n<th>CFS<\/th>\n<td>Nie<\/td>\n<\/tr>\n<tr>\n<th>Temperatura sto\u0142u grzewczego<\/th>\n<td>\u2264 100\u00b0C<\/td>\n<\/tr>\n<tr>\n<th>Powierzchnia robocza<\/th>\n<td>Dwustronna elastyczna p\u0142yta epoksydowa<\/td>\n<\/tr>\n<tr>\n<th>Aplikacja do druku w chmurze<\/th>\n<td>Creality Cloud<\/td>\n<\/tr>\n<tr>\n<th>Tryb poziomowania<\/th>\n<td>Pe\u0142na automatyczna kalibracja<\/td>\n<\/tr>\n<tr>\n<th>Pami\u0119\u0107 plik\u00f3w<\/th>\n<td>8 GB EMMC<\/td>\n<\/tr>\n<\/tbody>\n<\/table>\n<\/div>\n","protected":false},"excerpt":{"rendered":"<p>Creality Hi Creality Hi to innowacyjna drukarka 3D, kt\u00f3ra wyposa\u017cona jest w zaawansowane funkcje, takie jak automatyczne poziomowanie, szybkie nagrzewanie<\/p>\n","protected":false},"featured_media":47669,"comment_status":"closed","ping_status":"open","template":"","meta":{"_acf_changed":false},"product_brand":[],"product_cat":[6222,6223,6217],"product_tag":[],"class_list":{"0":"post-60287","1":"product","2":"type-product","3":"status-publish","4":"has-post-thumbnail","6":"product_cat-druk-3d-technologie-kreatywne","7":"product_cat-drukarki-3d","8":"product_cat-technologie-kreatywne","9":"pa_okres-gwarancji-5754","10":"pa_producent-creality","12":"first","13":"outofstock","14":"taxable","15":"shipping-taxable","16":"purchasable","17":"product-type-simple"},"acf":[],"yoast_head":"<!-- This site is optimized with the Yoast SEO plugin v27.2 - https:\/\/yoast.com\/product\/yoast-seo-wordpress\/ -->\n<title>Drukarka 3D CREALITY Hi - IRONSKY.PL Sklep z Dronami<\/title>\n<meta name=\"description\" content=\"Drukarka 3D CREALITY Hi - \u2705 sklep z dronami i fachowym doradztwem. \u2705 Tutaj kupisz produkty DJI, Yuneec, Parrot, Syma i wiele innych, a tak\u017ce kursy i licencje na operatora drona.\" \/>\n<meta name=\"robots\" content=\"index, follow, max-snippet:-1, max-image-preview:large, max-video-preview:-1\" \/>\n<link rel=\"canonical\" href=\"https:\/\/ironsky.pl\/sklep\/produkt\/drukarka-3d-creality-hi-2\/\" \/>\n<meta property=\"og:locale\" content=\"pl_PL\" \/>\n<meta property=\"og:type\" content=\"article\" \/>\n<meta property=\"og:title\" content=\"Drukarka 3D CREALITY Hi - IRONSKY.PL Sklep z Dronami\" \/>\n<meta property=\"og:description\" content=\"Drukarka 3D CREALITY Hi - \u2705 sklep z dronami i fachowym doradztwem. \u2705 Tutaj kupisz produkty DJI, Yuneec, Parrot, Syma i wiele innych, a tak\u017ce kursy i licencje na operatora drona.\" \/>\n<meta property=\"og:url\" content=\"https:\/\/ironsky.pl\/sklep\/produkt\/drukarka-3d-creality-hi-2\/\" \/>\n<meta property=\"og:site_name\" content=\"IRONSKY.PL Sklep z Dronami\" \/>\n<meta property=\"article:modified_time\" content=\"2026-04-15T08:59:29+00:00\" \/>\n<meta property=\"og:image\" content=\"https:\/\/ironsky.pl\/sklep\/wp-content\/uploads\/2025\/06\/51026_4.jpg\" \/>\n\t<meta property=\"og:image:width\" content=\"800\" \/>\n\t<meta property=\"og:image:height\" content=\"800\" \/>\n\t<meta property=\"og:image:type\" content=\"image\/jpeg\" \/>\n<meta name=\"twitter:card\" content=\"summary_large_image\" \/>\n<meta name=\"twitter:label1\" content=\"Szacowany czas czytania\" \/>\n\t<meta name=\"twitter:data1\" content=\"5 minut\" \/>\n<script type=\"application\/ld+json\" class=\"yoast-schema-graph\">{\"@context\":\"https:\/\/schema.org\",\"@graph\":[{\"@type\":\"WebPage\",\"@id\":\"https:\/\/ironsky.pl\/sklep\/produkt\/drukarka-3d-creality-hi-2\/\",\"url\":\"https:\/\/ironsky.pl\/sklep\/produkt\/drukarka-3d-creality-hi-2\/\",\"name\":\"Drukarka 3D CREALITY Hi - IRONSKY.PL Sklep z Dronami\",\"isPartOf\":{\"@id\":\"https:\/\/ironsky.pl\/sklep\/#website\"},\"primaryImageOfPage\":{\"@id\":\"https:\/\/ironsky.pl\/sklep\/produkt\/drukarka-3d-creality-hi-2\/#primaryimage\"},\"image\":{\"@id\":\"https:\/\/ironsky.pl\/sklep\/produkt\/drukarka-3d-creality-hi-2\/#primaryimage\"},\"thumbnailUrl\":\"https:\/\/ironsky.pl\/sklep\/wp-content\/uploads\/2025\/06\/51026_4.jpg\",\"datePublished\":\"2026-04-15T08:59:17+00:00\",\"dateModified\":\"2026-04-15T08:59:29+00:00\",\"description\":\"Drukarka 3D CREALITY Hi - \u2705 sklep z dronami i fachowym doradztwem. \u2705 Tutaj kupisz produkty DJI, Yuneec, Parrot, Syma i wiele innych, a tak\u017ce kursy i licencje na operatora drona.\",\"breadcrumb\":{\"@id\":\"https:\/\/ironsky.pl\/sklep\/produkt\/drukarka-3d-creality-hi-2\/#breadcrumb\"},\"inLanguage\":\"pl-PL\",\"potentialAction\":[{\"@type\":\"ReadAction\",\"target\":[\"https:\/\/ironsky.pl\/sklep\/produkt\/drukarka-3d-creality-hi-2\/\"]}]},{\"@type\":\"ImageObject\",\"inLanguage\":\"pl-PL\",\"@id\":\"https:\/\/ironsky.pl\/sklep\/produkt\/drukarka-3d-creality-hi-2\/#primaryimage\",\"url\":\"https:\/\/ironsky.pl\/sklep\/wp-content\/uploads\/2025\/06\/51026_4.jpg\",\"contentUrl\":\"https:\/\/ironsky.pl\/sklep\/wp-content\/uploads\/2025\/06\/51026_4.jpg\",\"width\":800,\"height\":800},{\"@type\":\"BreadcrumbList\",\"@id\":\"https:\/\/ironsky.pl\/sklep\/produkt\/drukarka-3d-creality-hi-2\/#breadcrumb\",\"itemListElement\":[{\"@type\":\"ListItem\",\"position\":1,\"name\":\"Strona g\u0142\u00f3wna\",\"item\":\"https:\/\/ironsky.pl\/sklep\/\"},{\"@type\":\"ListItem\",\"position\":2,\"name\":\"Wszystkie produkty\",\"item\":\"https:\/\/ironsky.pl\/sklep\/produkty\/\"},{\"@type\":\"ListItem\",\"position\":3,\"name\":\"Drukarka 3D CREALITY Hi\"}]},{\"@type\":\"WebSite\",\"@id\":\"https:\/\/ironsky.pl\/sklep\/#website\",\"url\":\"https:\/\/ironsky.pl\/sklep\/\",\"name\":\"IRONSKY.PL Sklep z Dronami\",\"description\":\"IRONSKY.PL Sklep z Dronami\",\"potentialAction\":[{\"@type\":\"SearchAction\",\"target\":{\"@type\":\"EntryPoint\",\"urlTemplate\":\"https:\/\/ironsky.pl\/sklep\/?s={search_term_string}\"},\"query-input\":{\"@type\":\"PropertyValueSpecification\",\"valueRequired\":true,\"valueName\":\"search_term_string\"}}],\"inLanguage\":\"pl-PL\"}]}<\/script>\n<!-- \/ Yoast SEO plugin. -->","yoast_head_json":{"title":"Drukarka 3D CREALITY Hi - IRONSKY.PL Sklep z Dronami","description":"Drukarka 3D CREALITY Hi - \u2705 sklep z dronami i fachowym doradztwem. \u2705 Tutaj kupisz produkty DJI, Yuneec, Parrot, Syma i wiele innych, a tak\u017ce kursy i licencje na operatora drona.","robots":{"index":"index","follow":"follow","max-snippet":"max-snippet:-1","max-image-preview":"max-image-preview:large","max-video-preview":"max-video-preview:-1"},"canonical":"https:\/\/ironsky.pl\/sklep\/produkt\/drukarka-3d-creality-hi-2\/","og_locale":"pl_PL","og_type":"article","og_title":"Drukarka 3D CREALITY Hi - IRONSKY.PL Sklep z Dronami","og_description":"Drukarka 3D CREALITY Hi - \u2705 sklep z dronami i fachowym doradztwem. \u2705 Tutaj kupisz produkty DJI, Yuneec, Parrot, Syma i wiele innych, a tak\u017ce kursy i licencje na operatora drona.","og_url":"https:\/\/ironsky.pl\/sklep\/produkt\/drukarka-3d-creality-hi-2\/","og_site_name":"IRONSKY.PL Sklep z Dronami","article_modified_time":"2026-04-15T08:59:29+00:00","og_image":[{"width":800,"height":800,"url":"https:\/\/ironsky.pl\/sklep\/wp-content\/uploads\/2025\/06\/51026_4.jpg","type":"image\/jpeg"}],"twitter_card":"summary_large_image","twitter_misc":{"Szacowany czas czytania":"5 minut"},"schema":{"@context":"https:\/\/schema.org","@graph":[{"@type":"WebPage","@id":"https:\/\/ironsky.pl\/sklep\/produkt\/drukarka-3d-creality-hi-2\/","url":"https:\/\/ironsky.pl\/sklep\/produkt\/drukarka-3d-creality-hi-2\/","name":"Drukarka 3D CREALITY Hi - IRONSKY.PL Sklep z Dronami","isPartOf":{"@id":"https:\/\/ironsky.pl\/sklep\/#website"},"primaryImageOfPage":{"@id":"https:\/\/ironsky.pl\/sklep\/produkt\/drukarka-3d-creality-hi-2\/#primaryimage"},"image":{"@id":"https:\/\/ironsky.pl\/sklep\/produkt\/drukarka-3d-creality-hi-2\/#primaryimage"},"thumbnailUrl":"https:\/\/ironsky.pl\/sklep\/wp-content\/uploads\/2025\/06\/51026_4.jpg","datePublished":"2026-04-15T08:59:17+00:00","dateModified":"2026-04-15T08:59:29+00:00","description":"Drukarka 3D CREALITY Hi - \u2705 sklep z dronami i fachowym doradztwem. \u2705 Tutaj kupisz produkty DJI, Yuneec, Parrot, Syma i wiele innych, a tak\u017ce kursy i licencje na operatora drona.","breadcrumb":{"@id":"https:\/\/ironsky.pl\/sklep\/produkt\/drukarka-3d-creality-hi-2\/#breadcrumb"},"inLanguage":"pl-PL","potentialAction":[{"@type":"ReadAction","target":["https:\/\/ironsky.pl\/sklep\/produkt\/drukarka-3d-creality-hi-2\/"]}]},{"@type":"ImageObject","inLanguage":"pl-PL","@id":"https:\/\/ironsky.pl\/sklep\/produkt\/drukarka-3d-creality-hi-2\/#primaryimage","url":"https:\/\/ironsky.pl\/sklep\/wp-content\/uploads\/2025\/06\/51026_4.jpg","contentUrl":"https:\/\/ironsky.pl\/sklep\/wp-content\/uploads\/2025\/06\/51026_4.jpg","width":800,"height":800},{"@type":"BreadcrumbList","@id":"https:\/\/ironsky.pl\/sklep\/produkt\/drukarka-3d-creality-hi-2\/#breadcrumb","itemListElement":[{"@type":"ListItem","position":1,"name":"Strona g\u0142\u00f3wna","item":"https:\/\/ironsky.pl\/sklep\/"},{"@type":"ListItem","position":2,"name":"Wszystkie produkty","item":"https:\/\/ironsky.pl\/sklep\/produkty\/"},{"@type":"ListItem","position":3,"name":"Drukarka 3D CREALITY Hi"}]},{"@type":"WebSite","@id":"https:\/\/ironsky.pl\/sklep\/#website","url":"https:\/\/ironsky.pl\/sklep\/","name":"IRONSKY.PL Sklep z Dronami","description":"IRONSKY.PL Sklep z Dronami","potentialAction":[{"@type":"SearchAction","target":{"@type":"EntryPoint","urlTemplate":"https:\/\/ironsky.pl\/sklep\/?s={search_term_string}"},"query-input":{"@type":"PropertyValueSpecification","valueRequired":true,"valueName":"search_term_string"}}],"inLanguage":"pl-PL"}]}},"_links":{"self":[{"href":"https:\/\/ironsky.pl\/sklep\/wp-json\/wp\/v2\/product\/60287","targetHints":{"allow":["GET"]}}],"collection":[{"href":"https:\/\/ironsky.pl\/sklep\/wp-json\/wp\/v2\/product"}],"about":[{"href":"https:\/\/ironsky.pl\/sklep\/wp-json\/wp\/v2\/types\/product"}],"replies":[{"embeddable":true,"href":"https:\/\/ironsky.pl\/sklep\/wp-json\/wp\/v2\/comments?post=60287"}],"wp:featuredmedia":[{"embeddable":true,"href":"https:\/\/ironsky.pl\/sklep\/wp-json\/wp\/v2\/media\/47669"}],"wp:attachment":[{"href":"https:\/\/ironsky.pl\/sklep\/wp-json\/wp\/v2\/media?parent=60287"}],"wp:term":[{"taxonomy":"product_brand","embeddable":true,"href":"https:\/\/ironsky.pl\/sklep\/wp-json\/wp\/v2\/product_brand?post=60287"},{"taxonomy":"product_cat","embeddable":true,"href":"https:\/\/ironsky.pl\/sklep\/wp-json\/wp\/v2\/product_cat?post=60287"},{"taxonomy":"product_tag","embeddable":true,"href":"https:\/\/ironsky.pl\/sklep\/wp-json\/wp\/v2\/product_tag?post=60287"}],"curies":[{"name":"wp","href":"https:\/\/api.w.org\/{rel}","templated":true}]}}