{"id":60282,"date":"2026-04-15T10:59:17","date_gmt":"2026-04-15T08:59:17","guid":{"rendered":"https:\/\/ironsky.pl\/sklep\/produkt\/klamra-magnetyczna-dji-do-om-4-om-5-osmo-mobile-6-se-7-7p\/"},"modified":"2026-04-15T10:59:24","modified_gmt":"2026-04-15T08:59:24","slug":"klamra-magnetyczna-dji-do-om-4-om-5-osmo-mobile-6-se-7-7p","status":"publish","type":"product","link":"https:\/\/ironsky.pl\/sklep\/produkt\/klamra-magnetyczna-dji-do-om-4-om-5-osmo-mobile-6-se-7-7p\/","title":{"rendered":"Klamra magnetyczna DJI do OM 4\/OM 5\/Osmo Mobile 6\/SE\/7\/7P"},"content":{"rendered":"<h3>Magnetyczna klamra smartfona DJI OM 4 \/ OM 5 \/ Osmo Mobile 6 \/ Osmo Mobile SE \/ Osmo Mobile 7\/7P<\/h3>\n<p>Zyskaj maksymaln\u0105 wygod\u0119 podczas nagrywania dzi\u0119ki magnetycznej klamrze DJI, zaprojektowanej z my\u015bl\u0105 o seriach Osmo Mobile i DJI OM. Lekka konstrukcja pozwala na b\u0142yskawiczne zamocowanie smartfona na gimbalu \u2013 jednym ruchem, bez skomplikowanego ustawiania. Solidne mocowanie sprawia, \u017ce telefon pozostaje stabilny nawet podczas dynamicznych uj\u0119\u0107, a precyzyjnie dopasowane wymiary zapewniaj\u0105 kompatybilno\u015b\u0107 z szerok\u0105 gam\u0105 smartfon\u00f3w. Klamra wa\u017cy zaledwie 22 g, dzi\u0119ki czemu nie obci\u0105\u017ca urz\u0105dzenia, a jednocze\u015bnie gwarantuje pewne trzymanie telefonu o szeroko\u015bci od 67 do 84 mm i grubo\u015bci od 6,9 do 10 mm.<\/p>\n<p>\n<img decoding=\"async\" src=\"https:\/\/assets.innpro.pl\/13209\/16202\/1.jpg\" border=\"0\" alt=\"\" \/>\n<\/p>\n<div class=\"table-wrapper\">\n<p>\u00a0<\/p>\n<h3><\/h3>\n<table>\n<tbody>\n<tr>\n<th>Producent<\/th>\n<td>DJI<\/td>\n<\/tr>\n<tr>\n<th>Kod producenta<\/th>\n<td>CP.OS.00000405.01<\/td>\n<\/tr>\n<tr>\n<th>Waga<\/th>\n<td>oko\u0142o 22 g<\/td>\n<\/tr>\n<tr>\n<th>Kompatybilna szeroko\u015b\u0107 telefonu<\/th>\n<td>67\u201384 mm<\/td>\n<\/tr>\n<tr>\n<th>Kompatybilna grubo\u015b\u0107 telefonu<\/th>\n<td>6,9\u201310 mm<\/td>\n<\/tr>\n<tr>\n<th>Obs\u0142ugiwana waga telefonu<\/th>\n<td>170\u2013300 g<\/td>\n<\/tr>\n<tr>\n<th>Kompatybilno\u015b\u0107:<\/th>\n<td>Osmo Mobile 7 \/ 7P, Osmo Mobile 6, Osmo Mobile SE, DJI OM 5, DJI OM 4 \/ 4 SE<\/td>\n<\/tr>\n<\/tbody>\n<\/table>\n<\/div>\n","protected":false},"excerpt":{"rendered":"<p>Magnetyczna klamra smartfona DJI OM 4 \/ OM 5 \/ Osmo Mobile 6 \/ Osmo Mobile SE \/ Osmo Mobile<\/p>\n","protected":false},"featured_media":39064,"comment_status":"closed","ping_status":"open","template":"","meta":{"_acf_changed":false},"product_brand":[],"product_cat":[1130,6208,1128],"product_tag":[],"class_list":{"0":"post-60282","1":"product","2":"type-product","3":"status-publish","4":"has-post-thumbnail","6":"product_cat-akcesoria-foto","7":"product_cat-do-gimbali","8":"product_cat-foto-wideo","9":"pa_okres-gwarancji-5757","10":"pa_producent-dji","12":"first","13":"outofstock","14":"taxable","15":"shipping-taxable","16":"purchasable","17":"product-type-simple"},"acf":[],"yoast_head":"<!-- This site is optimized with the Yoast SEO plugin v27.2 - https:\/\/yoast.com\/product\/yoast-seo-wordpress\/ -->\n<title>Klamra magnetyczna DJI do OM 4\/OM 5\/Osmo Mobile 6\/SE\/7\/7P - IRONSKY.PL Sklep z Dronami<\/title>\n<meta name=\"description\" content=\"Klamra magnetyczna DJI do OM 4\/OM 5\/Osmo Mobile 6\/SE\/7\/7P - \u2705 sklep z dronami i fachowym doradztwem. \u2705 Tutaj kupisz produkty DJI, Yuneec, Parrot, Syma i wiele innych, a tak\u017ce kursy i licencje na operatora drona.\" \/>\n<meta name=\"robots\" content=\"index, follow, max-snippet:-1, max-image-preview:large, max-video-preview:-1\" \/>\n<link rel=\"canonical\" href=\"https:\/\/ironsky.pl\/sklep\/produkt\/klamra-magnetyczna-dji-do-om-4-om-5-osmo-mobile-6-se-7-7p\/\" \/>\n<meta property=\"og:locale\" content=\"pl_PL\" \/>\n<meta property=\"og:type\" content=\"article\" \/>\n<meta property=\"og:title\" content=\"Klamra magnetyczna DJI do OM 4\/OM 5\/Osmo Mobile 6\/SE\/7\/7P - IRONSKY.PL Sklep z Dronami\" \/>\n<meta property=\"og:description\" content=\"Klamra magnetyczna DJI do OM 4\/OM 5\/Osmo Mobile 6\/SE\/7\/7P - \u2705 sklep z dronami i fachowym doradztwem. \u2705 Tutaj kupisz produkty DJI, Yuneec, Parrot, Syma i wiele innych, a tak\u017ce kursy i licencje na operatora drona.\" \/>\n<meta property=\"og:url\" content=\"https:\/\/ironsky.pl\/sklep\/produkt\/klamra-magnetyczna-dji-do-om-4-om-5-osmo-mobile-6-se-7-7p\/\" \/>\n<meta property=\"og:site_name\" content=\"IRONSKY.PL Sklep z Dronami\" \/>\n<meta property=\"article:modified_time\" content=\"2026-04-15T08:59:24+00:00\" \/>\n<meta property=\"og:image\" content=\"https:\/\/ironsky.pl\/sklep\/wp-content\/uploads\/2025\/03\/50896_1.jpg\" \/>\n\t<meta property=\"og:image:width\" content=\"800\" \/>\n\t<meta property=\"og:image:height\" content=\"800\" \/>\n\t<meta property=\"og:image:type\" content=\"image\/jpeg\" \/>\n<meta name=\"twitter:card\" content=\"summary_large_image\" \/>\n<meta name=\"twitter:label1\" content=\"Szacowany czas czytania\" \/>\n\t<meta name=\"twitter:data1\" content=\"1 minuta\" \/>\n<script type=\"application\/ld+json\" class=\"yoast-schema-graph\">{\"@context\":\"https:\/\/schema.org\",\"@graph\":[{\"@type\":\"WebPage\",\"@id\":\"https:\/\/ironsky.pl\/sklep\/produkt\/klamra-magnetyczna-dji-do-om-4-om-5-osmo-mobile-6-se-7-7p\/\",\"url\":\"https:\/\/ironsky.pl\/sklep\/produkt\/klamra-magnetyczna-dji-do-om-4-om-5-osmo-mobile-6-se-7-7p\/\",\"name\":\"Klamra magnetyczna DJI do OM 4\/OM 5\/Osmo Mobile 6\/SE\/7\/7P - IRONSKY.PL Sklep z Dronami\",\"isPartOf\":{\"@id\":\"https:\/\/ironsky.pl\/sklep\/#website\"},\"primaryImageOfPage\":{\"@id\":\"https:\/\/ironsky.pl\/sklep\/produkt\/klamra-magnetyczna-dji-do-om-4-om-5-osmo-mobile-6-se-7-7p\/#primaryimage\"},\"image\":{\"@id\":\"https:\/\/ironsky.pl\/sklep\/produkt\/klamra-magnetyczna-dji-do-om-4-om-5-osmo-mobile-6-se-7-7p\/#primaryimage\"},\"thumbnailUrl\":\"https:\/\/ironsky.pl\/sklep\/wp-content\/uploads\/2025\/03\/50896_1.jpg\",\"datePublished\":\"2026-04-15T08:59:17+00:00\",\"dateModified\":\"2026-04-15T08:59:24+00:00\",\"description\":\"Klamra magnetyczna DJI do OM 4\/OM 5\/Osmo Mobile 6\/SE\/7\/7P - \u2705 sklep z dronami i fachowym doradztwem. \u2705 Tutaj kupisz produkty DJI, Yuneec, Parrot, Syma i wiele innych, a tak\u017ce kursy i licencje na operatora drona.\",\"breadcrumb\":{\"@id\":\"https:\/\/ironsky.pl\/sklep\/produkt\/klamra-magnetyczna-dji-do-om-4-om-5-osmo-mobile-6-se-7-7p\/#breadcrumb\"},\"inLanguage\":\"pl-PL\",\"potentialAction\":[{\"@type\":\"ReadAction\",\"target\":[\"https:\/\/ironsky.pl\/sklep\/produkt\/klamra-magnetyczna-dji-do-om-4-om-5-osmo-mobile-6-se-7-7p\/\"]}]},{\"@type\":\"ImageObject\",\"inLanguage\":\"pl-PL\",\"@id\":\"https:\/\/ironsky.pl\/sklep\/produkt\/klamra-magnetyczna-dji-do-om-4-om-5-osmo-mobile-6-se-7-7p\/#primaryimage\",\"url\":\"https:\/\/ironsky.pl\/sklep\/wp-content\/uploads\/2025\/03\/50896_1.jpg\",\"contentUrl\":\"https:\/\/ironsky.pl\/sklep\/wp-content\/uploads\/2025\/03\/50896_1.jpg\",\"width\":800,\"height\":800},{\"@type\":\"BreadcrumbList\",\"@id\":\"https:\/\/ironsky.pl\/sklep\/produkt\/klamra-magnetyczna-dji-do-om-4-om-5-osmo-mobile-6-se-7-7p\/#breadcrumb\",\"itemListElement\":[{\"@type\":\"ListItem\",\"position\":1,\"name\":\"Strona g\u0142\u00f3wna\",\"item\":\"https:\/\/ironsky.pl\/sklep\/\"},{\"@type\":\"ListItem\",\"position\":2,\"name\":\"Wszystkie produkty\",\"item\":\"https:\/\/ironsky.pl\/sklep\/produkty\/\"},{\"@type\":\"ListItem\",\"position\":3,\"name\":\"Klamra magnetyczna DJI do OM 4\/OM 5\/Osmo Mobile 6\/SE\/7\/7P\"}]},{\"@type\":\"WebSite\",\"@id\":\"https:\/\/ironsky.pl\/sklep\/#website\",\"url\":\"https:\/\/ironsky.pl\/sklep\/\",\"name\":\"IRONSKY.PL Sklep z Dronami\",\"description\":\"IRONSKY.PL Sklep z Dronami\",\"potentialAction\":[{\"@type\":\"SearchAction\",\"target\":{\"@type\":\"EntryPoint\",\"urlTemplate\":\"https:\/\/ironsky.pl\/sklep\/?s={search_term_string}\"},\"query-input\":{\"@type\":\"PropertyValueSpecification\",\"valueRequired\":true,\"valueName\":\"search_term_string\"}}],\"inLanguage\":\"pl-PL\"}]}<\/script>\n<!-- \/ Yoast SEO plugin. -->","yoast_head_json":{"title":"Klamra magnetyczna DJI do OM 4\/OM 5\/Osmo Mobile 6\/SE\/7\/7P - IRONSKY.PL Sklep z Dronami","description":"Klamra magnetyczna DJI do OM 4\/OM 5\/Osmo Mobile 6\/SE\/7\/7P - \u2705 sklep z dronami i fachowym doradztwem. \u2705 Tutaj kupisz produkty DJI, Yuneec, Parrot, Syma i wiele innych, a tak\u017ce kursy i licencje na operatora drona.","robots":{"index":"index","follow":"follow","max-snippet":"max-snippet:-1","max-image-preview":"max-image-preview:large","max-video-preview":"max-video-preview:-1"},"canonical":"https:\/\/ironsky.pl\/sklep\/produkt\/klamra-magnetyczna-dji-do-om-4-om-5-osmo-mobile-6-se-7-7p\/","og_locale":"pl_PL","og_type":"article","og_title":"Klamra magnetyczna DJI do OM 4\/OM 5\/Osmo Mobile 6\/SE\/7\/7P - IRONSKY.PL Sklep z Dronami","og_description":"Klamra magnetyczna DJI do OM 4\/OM 5\/Osmo Mobile 6\/SE\/7\/7P - \u2705 sklep z dronami i fachowym doradztwem. \u2705 Tutaj kupisz produkty DJI, Yuneec, Parrot, Syma i wiele innych, a tak\u017ce kursy i licencje na operatora drona.","og_url":"https:\/\/ironsky.pl\/sklep\/produkt\/klamra-magnetyczna-dji-do-om-4-om-5-osmo-mobile-6-se-7-7p\/","og_site_name":"IRONSKY.PL Sklep z Dronami","article_modified_time":"2026-04-15T08:59:24+00:00","og_image":[{"width":800,"height":800,"url":"https:\/\/ironsky.pl\/sklep\/wp-content\/uploads\/2025\/03\/50896_1.jpg","type":"image\/jpeg"}],"twitter_card":"summary_large_image","twitter_misc":{"Szacowany czas czytania":"1 minuta"},"schema":{"@context":"https:\/\/schema.org","@graph":[{"@type":"WebPage","@id":"https:\/\/ironsky.pl\/sklep\/produkt\/klamra-magnetyczna-dji-do-om-4-om-5-osmo-mobile-6-se-7-7p\/","url":"https:\/\/ironsky.pl\/sklep\/produkt\/klamra-magnetyczna-dji-do-om-4-om-5-osmo-mobile-6-se-7-7p\/","name":"Klamra magnetyczna DJI do OM 4\/OM 5\/Osmo Mobile 6\/SE\/7\/7P - IRONSKY.PL Sklep z Dronami","isPartOf":{"@id":"https:\/\/ironsky.pl\/sklep\/#website"},"primaryImageOfPage":{"@id":"https:\/\/ironsky.pl\/sklep\/produkt\/klamra-magnetyczna-dji-do-om-4-om-5-osmo-mobile-6-se-7-7p\/#primaryimage"},"image":{"@id":"https:\/\/ironsky.pl\/sklep\/produkt\/klamra-magnetyczna-dji-do-om-4-om-5-osmo-mobile-6-se-7-7p\/#primaryimage"},"thumbnailUrl":"https:\/\/ironsky.pl\/sklep\/wp-content\/uploads\/2025\/03\/50896_1.jpg","datePublished":"2026-04-15T08:59:17+00:00","dateModified":"2026-04-15T08:59:24+00:00","description":"Klamra magnetyczna DJI do OM 4\/OM 5\/Osmo Mobile 6\/SE\/7\/7P - \u2705 sklep z dronami i fachowym doradztwem. \u2705 Tutaj kupisz produkty DJI, Yuneec, Parrot, Syma i wiele innych, a tak\u017ce kursy i licencje na operatora drona.","breadcrumb":{"@id":"https:\/\/ironsky.pl\/sklep\/produkt\/klamra-magnetyczna-dji-do-om-4-om-5-osmo-mobile-6-se-7-7p\/#breadcrumb"},"inLanguage":"pl-PL","potentialAction":[{"@type":"ReadAction","target":["https:\/\/ironsky.pl\/sklep\/produkt\/klamra-magnetyczna-dji-do-om-4-om-5-osmo-mobile-6-se-7-7p\/"]}]},{"@type":"ImageObject","inLanguage":"pl-PL","@id":"https:\/\/ironsky.pl\/sklep\/produkt\/klamra-magnetyczna-dji-do-om-4-om-5-osmo-mobile-6-se-7-7p\/#primaryimage","url":"https:\/\/ironsky.pl\/sklep\/wp-content\/uploads\/2025\/03\/50896_1.jpg","contentUrl":"https:\/\/ironsky.pl\/sklep\/wp-content\/uploads\/2025\/03\/50896_1.jpg","width":800,"height":800},{"@type":"BreadcrumbList","@id":"https:\/\/ironsky.pl\/sklep\/produkt\/klamra-magnetyczna-dji-do-om-4-om-5-osmo-mobile-6-se-7-7p\/#breadcrumb","itemListElement":[{"@type":"ListItem","position":1,"name":"Strona g\u0142\u00f3wna","item":"https:\/\/ironsky.pl\/sklep\/"},{"@type":"ListItem","position":2,"name":"Wszystkie produkty","item":"https:\/\/ironsky.pl\/sklep\/produkty\/"},{"@type":"ListItem","position":3,"name":"Klamra magnetyczna DJI do OM 4\/OM 5\/Osmo Mobile 6\/SE\/7\/7P"}]},{"@type":"WebSite","@id":"https:\/\/ironsky.pl\/sklep\/#website","url":"https:\/\/ironsky.pl\/sklep\/","name":"IRONSKY.PL Sklep z Dronami","description":"IRONSKY.PL Sklep z Dronami","potentialAction":[{"@type":"SearchAction","target":{"@type":"EntryPoint","urlTemplate":"https:\/\/ironsky.pl\/sklep\/?s={search_term_string}"},"query-input":{"@type":"PropertyValueSpecification","valueRequired":true,"valueName":"search_term_string"}}],"inLanguage":"pl-PL"}]}},"_links":{"self":[{"href":"https:\/\/ironsky.pl\/sklep\/wp-json\/wp\/v2\/product\/60282","targetHints":{"allow":["GET"]}}],"collection":[{"href":"https:\/\/ironsky.pl\/sklep\/wp-json\/wp\/v2\/product"}],"about":[{"href":"https:\/\/ironsky.pl\/sklep\/wp-json\/wp\/v2\/types\/product"}],"replies":[{"embeddable":true,"href":"https:\/\/ironsky.pl\/sklep\/wp-json\/wp\/v2\/comments?post=60282"}],"wp:featuredmedia":[{"embeddable":true,"href":"https:\/\/ironsky.pl\/sklep\/wp-json\/wp\/v2\/media\/39064"}],"wp:attachment":[{"href":"https:\/\/ironsky.pl\/sklep\/wp-json\/wp\/v2\/media?parent=60282"}],"wp:term":[{"taxonomy":"product_brand","embeddable":true,"href":"https:\/\/ironsky.pl\/sklep\/wp-json\/wp\/v2\/product_brand?post=60282"},{"taxonomy":"product_cat","embeddable":true,"href":"https:\/\/ironsky.pl\/sklep\/wp-json\/wp\/v2\/product_cat?post=60282"},{"taxonomy":"product_tag","embeddable":true,"href":"https:\/\/ironsky.pl\/sklep\/wp-json\/wp\/v2\/product_tag?post=60282"}],"curies":[{"name":"wp","href":"https:\/\/api.w.org\/{rel}","templated":true}]}}