{"id":60278,"date":"2026-04-15T10:59:17","date_gmt":"2026-04-15T08:59:17","guid":{"rendered":"https:\/\/ironsky.pl\/sklep\/produkt\/zestaw-sledzenia-dji-osmo-mobile-7-tracking-kit\/"},"modified":"2026-04-15T10:59:19","modified_gmt":"2026-04-15T08:59:19","slug":"zestaw-sledzenia-dji-osmo-mobile-7-tracking-kit","status":"publish","type":"product","link":"https:\/\/ironsky.pl\/sklep\/produkt\/zestaw-sledzenia-dji-osmo-mobile-7-tracking-kit\/","title":{"rendered":"Zestaw \u015bledzenia DJI Osmo Mobile 7 Tracking Kit"},"content":{"rendered":"<h3>Zestaw \u015bledz\u0105cy Tracking Kit DJI Osmo Mobile 7<\/h3>\n<p>Tw\u00f3rz jeszcze lepsze materia\u0142y wideo, niezale\u017cnie od tego, czy nagrywasz vlogi, relacje na \u017cywo, czy kr\u0119cisz dynamiczne uj\u0119cia w ruchu. Zestaw \u015bledz\u0105cy DJI Osmo Mobile 7 Tracking Kit otwiera przed Tob\u0105 nowe mo\u017cliwo\u015bci \u2013 automatyczne \u015bledzenie, precyzyjne nagrywanie d\u017awi\u0119ku i dodatkowe o\u015bwietlenie sprawiaj\u0105, \u017ce ka\u017cda scena staje si\u0119 bardziej profesjonalna. Dzi\u0119ki magnetycznemu systemowi monta\u017cu ca\u0142a konfiguracja zajmuje sekundy, a inteligentne sterowanie gestami pozwala na pe\u0142n\u0105 swobod\u0119 tw\u00f3rcz\u0105, bez potrzeby pomocy drugiej osoby. To sprz\u0119t stworzony dla kreatywnych, kt\u00f3rzy ceni\u0105 sobie wygod\u0119 i najwy\u017csz\u0105 jako\u015b\u0107.<\/p>\n<p>\n<img decoding=\"async\" src=\"https:\/\/assets.innpro.pl\/13208\/16200\/1.jpg\" border=\"0\" alt=\"\" \/>\n<\/p>\n<h3>Nagrywaj, jak chcesz<\/h3>\n<p>Pracujesz w pojedynk\u0119? Nie ma problemu! Dzi\u0119ki obs\u0142udze sterowania gestami mo\u017cesz bez trudu rozpocz\u0105\u0107 nagrywanie lub zmienia\u0107 ustawienia, nawet gdy pracujesz w pojedynk\u0119. Zintegrowane o\u015bwietlenie w module wielofunkcyjnym o nat\u0119\u017ceniu do 40 luks\u00f3w pozwala na dopasowanie warunk\u00f3w do sceny, niezale\u017cnie od tego, czy nagrywasz w domu, czy w plenerze. Regulacja temperatury barwowej w zakresie 2500\u20136000 K sprawia, \u017ce ka\u017cde uj\u0119cie nabiera odpowiedniego nastroju, podkre\u015blaj\u0105c detale i naturalne kolory.<\/p>\n<p>\n<img decoding=\"async\" src=\"https:\/\/assets.innpro.pl\/13208\/16200\/2.jpg\" border=\"0\" alt=\"\" \/>\n<\/p>\n<h3>Stabilno\u015b\u0107 i d\u017awi\u0119k<\/h3>\n<p>Magnetyczny uchwyt do telefonu DJI OM 7 Series pewnie trzyma smartfon o szeroko\u015bci od 67 do 84 mm i wadze do 300 g, zapewniaj\u0105c stabilizacj\u0119 w ka\u017cdym uj\u0119ciu. Do\u0142\u0105czony kabel USB-C umo\u017cliwia jednoczesne \u0142adowanie i nagrywanie d\u017awi\u0119ku, eliminuj\u0105c przerwy w pracy i pozwalaj\u0105c skupi\u0107 si\u0119 na procesie tw\u00f3rczym.<\/p>\n<p>\n<img decoding=\"async\" src=\"https:\/\/assets.innpro.pl\/13208\/16200\/3.jpg\" border=\"0\" alt=\"\" \/>\n<\/p>\n<h3>W zestawie<\/h3>\n<ul class=\"list-disc pl-5\">\n<li>Modu\u0142 wielofunkcyjny DJI OM \u00d7 1<\/li>\n<li>Magnetyczny uchwyt do telefonu DJI OM 7 Series \u00d7 1<\/li>\n<li>Kabel USB-C do USB-C (15 cm) \u00d7 1<\/li>\n<\/ul>\n<div class=\"table-wrapper\">\n<p>\u00a0<\/p>\n<h3><\/h3>\n<table>\n<tbody>\n<tr>\n<th>Producent<\/th>\n<td>DJI<\/td>\n<\/tr>\n<tr>\n<th>Kod producenta<\/th>\n<td>CP.OS.00000399.01<\/td>\n<\/tr>\n<tr>\n<th>Kompatybilno\u015b\u0107<\/th>\n<td>Osmo Mobile 7P, Osmo Mobile 7<\/td>\n<\/tr>\n<\/tbody>\n<\/table>\n<p>\u00a0<\/p>\n<h3>Modu\u0142 wielofunkcyjny DJI OM<\/h3>\n<table>\n<tbody>\n<tr>\n<th>Waga<\/th>\n<td>Ok. 19 g<\/td>\n<\/tr>\n<tr>\n<th>GFSK<\/th>\n<td>2 Mbps<\/td>\n<\/tr>\n<tr>\n<th>Moc nadajnika GFSK (EIRP)<\/th>\n<td>&lt; 16 dBm<\/td>\n<\/tr>\n<tr>\n<th>Cz\u0119stotliwo\u015b\u0107 robocza GFSK<\/th>\n<td>2,4000-2,4835 GHz<\/td>\n<\/tr>\n<tr>\n<th>Protok\u00f3\u0142 Bluetooth<\/th>\n<td>Bluetooth 5.3<\/td>\n<\/tr>\n<tr>\n<th>Moc nadajnika Bluetooth (EIRP)<\/th>\n<td>&lt; 16 dBm<\/td>\n<\/tr>\n<tr>\n<th>Cz\u0119stotliwo\u015b\u0107 pracy Bluetooth<\/th>\n<td>2,4000-2,4835 GHz<\/td>\n<\/tr>\n<tr>\n<th>Nat\u0119\u017cenie \u015bwiat\u0142a wype\u0142niaj\u0105cego<\/th>\n<td>40 luks\u00f3w*<\/td>\n<\/tr>\n<tr>\n<th>Temperatura barwowa \u015bwiat\u0142a wype\u0142niaj\u0105cego<\/th>\n<td>2500-6000 K * Jest to maksymalna jasno\u015b\u0107 mierzona w odleg\u0142o\u015bci 0,6 metra od obiektu i powinna by\u0107 u\u017cywana wy\u0142\u0105cznie jako odniesienie.<\/td>\n<\/tr>\n<\/tbody>\n<\/table>\n<p>\u00a0<\/p>\n<h3>Magnetyczny uchwyt do telefonu DJI OM 7 Series<\/h3>\n<table>\n<tbody>\n<tr>\n<th>Waga<\/th>\n<td>Oko\u0142o 26 g<\/td>\n<\/tr>\n<tr>\n<th>Szeroko\u015b\u0107 kompatybilnego telefonu<\/th>\n<td>67-84 mm<\/td>\n<\/tr>\n<tr>\n<th>Grubo\u015b\u0107 kompatybilnego telefonu<\/th>\n<td>6,9-10 mm<\/td>\n<\/tr>\n<tr>\n<th>Waga kompatybilnego telefonu<\/th>\n<td>170-300 g<\/td>\n<\/tr>\n<\/tbody>\n<\/table>\n<\/div>\n","protected":false},"excerpt":{"rendered":"<p>Zestaw \u015bledz\u0105cy Tracking Kit DJI Osmo Mobile 7 Tw\u00f3rz jeszcze lepsze materia\u0142y wideo, niezale\u017cnie od tego, czy nagrywasz vlogi, relacje<\/p>\n","protected":false},"featured_media":39054,"comment_status":"closed","ping_status":"open","template":"","meta":{"_acf_changed":false},"product_brand":[],"product_cat":[1128,1129],"product_tag":[],"class_list":{"0":"post-60278","1":"product","2":"type-product","3":"status-publish","4":"has-post-thumbnail","6":"product_cat-foto-wideo","7":"product_cat-gimbale-i-stabilizatory","8":"pa_okres-gwarancji-5757","9":"pa_producent-dji","11":"first","12":"outofstock","13":"taxable","14":"shipping-taxable","15":"purchasable","16":"product-type-simple"},"acf":[],"yoast_head":"<!-- This site is optimized with the Yoast SEO plugin v27.2 - https:\/\/yoast.com\/product\/yoast-seo-wordpress\/ -->\n<title>Zestaw \u015bledzenia DJI Osmo Mobile 7 Tracking Kit - IRONSKY.PL Sklep z Dronami<\/title>\n<meta name=\"description\" content=\"Zestaw \u015bledzenia DJI Osmo Mobile 7 Tracking Kit - \u2705 sklep z dronami i fachowym doradztwem. \u2705 Tutaj kupisz produkty DJI, Yuneec, Parrot, Syma i wiele innych, a tak\u017ce kursy i licencje na operatora drona.\" \/>\n<meta name=\"robots\" content=\"index, follow, max-snippet:-1, max-image-preview:large, max-video-preview:-1\" \/>\n<link rel=\"canonical\" href=\"https:\/\/ironsky.pl\/sklep\/produkt\/zestaw-sledzenia-dji-osmo-mobile-7-tracking-kit\/\" \/>\n<meta property=\"og:locale\" content=\"pl_PL\" \/>\n<meta property=\"og:type\" content=\"article\" \/>\n<meta property=\"og:title\" content=\"Zestaw \u015bledzenia DJI Osmo Mobile 7 Tracking Kit - IRONSKY.PL Sklep z Dronami\" \/>\n<meta property=\"og:description\" content=\"Zestaw \u015bledzenia DJI Osmo Mobile 7 Tracking Kit - \u2705 sklep z dronami i fachowym doradztwem. \u2705 Tutaj kupisz produkty DJI, Yuneec, Parrot, Syma i wiele innych, a tak\u017ce kursy i licencje na operatora drona.\" \/>\n<meta property=\"og:url\" content=\"https:\/\/ironsky.pl\/sklep\/produkt\/zestaw-sledzenia-dji-osmo-mobile-7-tracking-kit\/\" \/>\n<meta property=\"og:site_name\" content=\"IRONSKY.PL Sklep z Dronami\" \/>\n<meta property=\"article:modified_time\" content=\"2026-04-15T08:59:19+00:00\" \/>\n<meta property=\"og:image\" content=\"https:\/\/ironsky.pl\/sklep\/wp-content\/uploads\/2025\/03\/50890_1.jpg\" \/>\n\t<meta property=\"og:image:width\" content=\"800\" \/>\n\t<meta property=\"og:image:height\" content=\"800\" \/>\n\t<meta property=\"og:image:type\" content=\"image\/jpeg\" \/>\n<meta name=\"twitter:card\" content=\"summary_large_image\" \/>\n<meta name=\"twitter:label1\" content=\"Szacowany czas czytania\" \/>\n\t<meta name=\"twitter:data1\" content=\"2 minuty\" \/>\n<script type=\"application\/ld+json\" class=\"yoast-schema-graph\">{\"@context\":\"https:\/\/schema.org\",\"@graph\":[{\"@type\":\"WebPage\",\"@id\":\"https:\/\/ironsky.pl\/sklep\/produkt\/zestaw-sledzenia-dji-osmo-mobile-7-tracking-kit\/\",\"url\":\"https:\/\/ironsky.pl\/sklep\/produkt\/zestaw-sledzenia-dji-osmo-mobile-7-tracking-kit\/\",\"name\":\"Zestaw \u015bledzenia DJI Osmo Mobile 7 Tracking Kit - IRONSKY.PL Sklep z Dronami\",\"isPartOf\":{\"@id\":\"https:\/\/ironsky.pl\/sklep\/#website\"},\"primaryImageOfPage\":{\"@id\":\"https:\/\/ironsky.pl\/sklep\/produkt\/zestaw-sledzenia-dji-osmo-mobile-7-tracking-kit\/#primaryimage\"},\"image\":{\"@id\":\"https:\/\/ironsky.pl\/sklep\/produkt\/zestaw-sledzenia-dji-osmo-mobile-7-tracking-kit\/#primaryimage\"},\"thumbnailUrl\":\"https:\/\/ironsky.pl\/sklep\/wp-content\/uploads\/2025\/03\/50890_1.jpg\",\"datePublished\":\"2026-04-15T08:59:17+00:00\",\"dateModified\":\"2026-04-15T08:59:19+00:00\",\"description\":\"Zestaw \u015bledzenia DJI Osmo Mobile 7 Tracking Kit - \u2705 sklep z dronami i fachowym doradztwem. \u2705 Tutaj kupisz produkty DJI, Yuneec, Parrot, Syma i wiele innych, a tak\u017ce kursy i licencje na operatora drona.\",\"breadcrumb\":{\"@id\":\"https:\/\/ironsky.pl\/sklep\/produkt\/zestaw-sledzenia-dji-osmo-mobile-7-tracking-kit\/#breadcrumb\"},\"inLanguage\":\"pl-PL\",\"potentialAction\":[{\"@type\":\"ReadAction\",\"target\":[\"https:\/\/ironsky.pl\/sklep\/produkt\/zestaw-sledzenia-dji-osmo-mobile-7-tracking-kit\/\"]}]},{\"@type\":\"ImageObject\",\"inLanguage\":\"pl-PL\",\"@id\":\"https:\/\/ironsky.pl\/sklep\/produkt\/zestaw-sledzenia-dji-osmo-mobile-7-tracking-kit\/#primaryimage\",\"url\":\"https:\/\/ironsky.pl\/sklep\/wp-content\/uploads\/2025\/03\/50890_1.jpg\",\"contentUrl\":\"https:\/\/ironsky.pl\/sklep\/wp-content\/uploads\/2025\/03\/50890_1.jpg\",\"width\":800,\"height\":800},{\"@type\":\"BreadcrumbList\",\"@id\":\"https:\/\/ironsky.pl\/sklep\/produkt\/zestaw-sledzenia-dji-osmo-mobile-7-tracking-kit\/#breadcrumb\",\"itemListElement\":[{\"@type\":\"ListItem\",\"position\":1,\"name\":\"Strona g\u0142\u00f3wna\",\"item\":\"https:\/\/ironsky.pl\/sklep\/\"},{\"@type\":\"ListItem\",\"position\":2,\"name\":\"Wszystkie produkty\",\"item\":\"https:\/\/ironsky.pl\/sklep\/produkty\/\"},{\"@type\":\"ListItem\",\"position\":3,\"name\":\"Zestaw \u015bledzenia DJI Osmo Mobile 7 Tracking Kit\"}]},{\"@type\":\"WebSite\",\"@id\":\"https:\/\/ironsky.pl\/sklep\/#website\",\"url\":\"https:\/\/ironsky.pl\/sklep\/\",\"name\":\"IRONSKY.PL Sklep z Dronami\",\"description\":\"IRONSKY.PL Sklep z Dronami\",\"potentialAction\":[{\"@type\":\"SearchAction\",\"target\":{\"@type\":\"EntryPoint\",\"urlTemplate\":\"https:\/\/ironsky.pl\/sklep\/?s={search_term_string}\"},\"query-input\":{\"@type\":\"PropertyValueSpecification\",\"valueRequired\":true,\"valueName\":\"search_term_string\"}}],\"inLanguage\":\"pl-PL\"}]}<\/script>\n<!-- \/ Yoast SEO plugin. -->","yoast_head_json":{"title":"Zestaw \u015bledzenia DJI Osmo Mobile 7 Tracking Kit - IRONSKY.PL Sklep z Dronami","description":"Zestaw \u015bledzenia DJI Osmo Mobile 7 Tracking Kit - \u2705 sklep z dronami i fachowym doradztwem. \u2705 Tutaj kupisz produkty DJI, Yuneec, Parrot, Syma i wiele innych, a tak\u017ce kursy i licencje na operatora drona.","robots":{"index":"index","follow":"follow","max-snippet":"max-snippet:-1","max-image-preview":"max-image-preview:large","max-video-preview":"max-video-preview:-1"},"canonical":"https:\/\/ironsky.pl\/sklep\/produkt\/zestaw-sledzenia-dji-osmo-mobile-7-tracking-kit\/","og_locale":"pl_PL","og_type":"article","og_title":"Zestaw \u015bledzenia DJI Osmo Mobile 7 Tracking Kit - IRONSKY.PL Sklep z Dronami","og_description":"Zestaw \u015bledzenia DJI Osmo Mobile 7 Tracking Kit - \u2705 sklep z dronami i fachowym doradztwem. \u2705 Tutaj kupisz produkty DJI, Yuneec, Parrot, Syma i wiele innych, a tak\u017ce kursy i licencje na operatora drona.","og_url":"https:\/\/ironsky.pl\/sklep\/produkt\/zestaw-sledzenia-dji-osmo-mobile-7-tracking-kit\/","og_site_name":"IRONSKY.PL Sklep z Dronami","article_modified_time":"2026-04-15T08:59:19+00:00","og_image":[{"width":800,"height":800,"url":"https:\/\/ironsky.pl\/sklep\/wp-content\/uploads\/2025\/03\/50890_1.jpg","type":"image\/jpeg"}],"twitter_card":"summary_large_image","twitter_misc":{"Szacowany czas czytania":"2 minuty"},"schema":{"@context":"https:\/\/schema.org","@graph":[{"@type":"WebPage","@id":"https:\/\/ironsky.pl\/sklep\/produkt\/zestaw-sledzenia-dji-osmo-mobile-7-tracking-kit\/","url":"https:\/\/ironsky.pl\/sklep\/produkt\/zestaw-sledzenia-dji-osmo-mobile-7-tracking-kit\/","name":"Zestaw \u015bledzenia DJI Osmo Mobile 7 Tracking Kit - IRONSKY.PL Sklep z Dronami","isPartOf":{"@id":"https:\/\/ironsky.pl\/sklep\/#website"},"primaryImageOfPage":{"@id":"https:\/\/ironsky.pl\/sklep\/produkt\/zestaw-sledzenia-dji-osmo-mobile-7-tracking-kit\/#primaryimage"},"image":{"@id":"https:\/\/ironsky.pl\/sklep\/produkt\/zestaw-sledzenia-dji-osmo-mobile-7-tracking-kit\/#primaryimage"},"thumbnailUrl":"https:\/\/ironsky.pl\/sklep\/wp-content\/uploads\/2025\/03\/50890_1.jpg","datePublished":"2026-04-15T08:59:17+00:00","dateModified":"2026-04-15T08:59:19+00:00","description":"Zestaw \u015bledzenia DJI Osmo Mobile 7 Tracking Kit - \u2705 sklep z dronami i fachowym doradztwem. \u2705 Tutaj kupisz produkty DJI, Yuneec, Parrot, Syma i wiele innych, a tak\u017ce kursy i licencje na operatora drona.","breadcrumb":{"@id":"https:\/\/ironsky.pl\/sklep\/produkt\/zestaw-sledzenia-dji-osmo-mobile-7-tracking-kit\/#breadcrumb"},"inLanguage":"pl-PL","potentialAction":[{"@type":"ReadAction","target":["https:\/\/ironsky.pl\/sklep\/produkt\/zestaw-sledzenia-dji-osmo-mobile-7-tracking-kit\/"]}]},{"@type":"ImageObject","inLanguage":"pl-PL","@id":"https:\/\/ironsky.pl\/sklep\/produkt\/zestaw-sledzenia-dji-osmo-mobile-7-tracking-kit\/#primaryimage","url":"https:\/\/ironsky.pl\/sklep\/wp-content\/uploads\/2025\/03\/50890_1.jpg","contentUrl":"https:\/\/ironsky.pl\/sklep\/wp-content\/uploads\/2025\/03\/50890_1.jpg","width":800,"height":800},{"@type":"BreadcrumbList","@id":"https:\/\/ironsky.pl\/sklep\/produkt\/zestaw-sledzenia-dji-osmo-mobile-7-tracking-kit\/#breadcrumb","itemListElement":[{"@type":"ListItem","position":1,"name":"Strona g\u0142\u00f3wna","item":"https:\/\/ironsky.pl\/sklep\/"},{"@type":"ListItem","position":2,"name":"Wszystkie produkty","item":"https:\/\/ironsky.pl\/sklep\/produkty\/"},{"@type":"ListItem","position":3,"name":"Zestaw \u015bledzenia DJI Osmo Mobile 7 Tracking Kit"}]},{"@type":"WebSite","@id":"https:\/\/ironsky.pl\/sklep\/#website","url":"https:\/\/ironsky.pl\/sklep\/","name":"IRONSKY.PL Sklep z Dronami","description":"IRONSKY.PL Sklep z Dronami","potentialAction":[{"@type":"SearchAction","target":{"@type":"EntryPoint","urlTemplate":"https:\/\/ironsky.pl\/sklep\/?s={search_term_string}"},"query-input":{"@type":"PropertyValueSpecification","valueRequired":true,"valueName":"search_term_string"}}],"inLanguage":"pl-PL"}]}},"_links":{"self":[{"href":"https:\/\/ironsky.pl\/sklep\/wp-json\/wp\/v2\/product\/60278","targetHints":{"allow":["GET"]}}],"collection":[{"href":"https:\/\/ironsky.pl\/sklep\/wp-json\/wp\/v2\/product"}],"about":[{"href":"https:\/\/ironsky.pl\/sklep\/wp-json\/wp\/v2\/types\/product"}],"replies":[{"embeddable":true,"href":"https:\/\/ironsky.pl\/sklep\/wp-json\/wp\/v2\/comments?post=60278"}],"wp:featuredmedia":[{"embeddable":true,"href":"https:\/\/ironsky.pl\/sklep\/wp-json\/wp\/v2\/media\/39054"}],"wp:attachment":[{"href":"https:\/\/ironsky.pl\/sklep\/wp-json\/wp\/v2\/media?parent=60278"}],"wp:term":[{"taxonomy":"product_brand","embeddable":true,"href":"https:\/\/ironsky.pl\/sklep\/wp-json\/wp\/v2\/product_brand?post=60278"},{"taxonomy":"product_cat","embeddable":true,"href":"https:\/\/ironsky.pl\/sklep\/wp-json\/wp\/v2\/product_cat?post=60278"},{"taxonomy":"product_tag","embeddable":true,"href":"https:\/\/ironsky.pl\/sklep\/wp-json\/wp\/v2\/product_tag?post=60278"}],"curies":[{"name":"wp","href":"https:\/\/api.w.org\/{rel}","templated":true}]}}