{"id":60277,"date":"2026-04-15T10:59:17","date_gmt":"2026-04-15T08:59:17","guid":{"rendered":"https:\/\/ironsky.pl\/sklep\/produkt\/uchwyt-magnetyczny-dji-osmo-mobile-7-do-telefonu\/"},"modified":"2026-04-15T10:59:18","modified_gmt":"2026-04-15T08:59:18","slug":"uchwyt-magnetyczny-dji-osmo-mobile-7-do-telefonu","status":"publish","type":"product","link":"https:\/\/ironsky.pl\/sklep\/produkt\/uchwyt-magnetyczny-dji-osmo-mobile-7-do-telefonu\/","title":{"rendered":"Uchwyt magnetyczny DJI Osmo Mobile 7 do telefonu"},"content":{"rendered":"<h3>Magnetyczny uchwyt do telefonu DJI Osmo Mobile 7<\/h3>\n<p>To idealne akcesorium dla os\u00f3b, kt\u00f3re ceni\u0105 sobie szybko\u015b\u0107 dzia\u0142ania i niezawodno\u015b\u0107. Zaprojektowany z my\u015bl\u0105 o bezproblemowej wsp\u00f3\u0142pracy z gimbalami Osmo Mobile 7 i 7P, pozwala na b\u0142yskawiczne mocowanie smartfona \u2013 wystarczy jedno klikni\u0119cie, by telefon by\u0142 gotowy do rejestrowania perfekcyjnych uj\u0119\u0107. Nie tra\u0107 cennych chwil na zb\u0119dne przygotowania!<\/p>\n<p>\n<img decoding=\"async\" src=\"https:\/\/assets.innpro.pl\/13205\/16195\/1.jpg\" border=\"0\" alt=\"\" \/>\n<\/p>\n<h3>Lekki i niezawodny<\/h3>\n<p>Kompaktowa konstrukcja wa\u017c\u0105ca zaledwie 26 gram\u00f3w sprawia, \u017ce uchwyt nie obci\u0105\u017ca urz\u0105dzenia, a jednocze\u015bnie gwarantuje stabilno\u015b\u0107 nawet podczas dynamicznych uj\u0119\u0107. Smuk\u0142y design i precyzyjne wymiary zapewniaj\u0105 kompatybilno\u015b\u0107 ze smartfonami o szeroko\u015bci od 67 do 84 mm, grubo\u015bci od 6,9 do 10 mm i wadze od 170 do 300 g. Niezale\u017cnie od modelu telefonu, uchwyt DJI zapewnia pewne i bezpieczne mocowanie bez ryzyka przypadkowego wysuni\u0119cia. Uwaga: zachowaj ostro\u017cno\u015b\u0107 w pobli\u017cu urz\u0105dze\u0144 wra\u017cliwych na pole magnetyczne, takich jak karty p\u0142atnicze, dyski twarde czy rozruszniki serca.<\/p>\n<p>\n<img decoding=\"async\" src=\"https:\/\/assets.innpro.pl\/13205\/16195\/2.jpg\" border=\"0\" alt=\"\" \/>\n<\/p>\n<div class=\"table-wrapper\">\n<p>\u00a0<\/p>\n<h3><\/h3>\n<table>\n<tbody>\n<tr>\n<th>Producent<\/th>\n<td>DJI<\/td>\n<\/tr>\n<tr>\n<th>Kod producenta<\/th>\n<td>CP.OS.00000400.01<\/td>\n<\/tr>\n<tr>\n<th>Waga<\/th>\n<td>26 g<\/td>\n<\/tr>\n<tr>\n<th>Kompatybilna szeroko\u015b\u0107 telefonu<\/th>\n<td>67\u201384 mm<\/td>\n<\/tr>\n<tr>\n<th>Kompatybilna grubo\u015b\u0107 telefonu<\/th>\n<td>6,9\u201310 mm<\/td>\n<\/tr>\n<tr>\n<th>Kompatybilna waga telefonu<\/th>\n<td>170\u2013300 g<\/td>\n<\/tr>\n<tr>\n<th>Kompatybilno\u015b\u0107<\/th>\n<td>DJI Osmo Mobile 7, DJI Osmo Mobile 7P<\/td>\n<\/tr>\n<\/tbody>\n<\/table>\n<\/div>\n","protected":false},"excerpt":{"rendered":"<p>Magnetyczny uchwyt do telefonu DJI Osmo Mobile 7 To idealne akcesorium dla os\u00f3b, kt\u00f3re ceni\u0105 sobie szybko\u015b\u0107 dzia\u0142ania i niezawodno\u015b\u0107.<\/p>\n","protected":false},"featured_media":39050,"comment_status":"closed","ping_status":"open","template":"","meta":{"_acf_changed":false},"product_brand":[],"product_cat":[1130,6208,1128],"product_tag":[],"class_list":{"0":"post-60277","1":"product","2":"type-product","3":"status-publish","4":"has-post-thumbnail","6":"product_cat-akcesoria-foto","7":"product_cat-do-gimbali","8":"product_cat-foto-wideo","9":"pa_okres-gwarancji-5757","10":"pa_producent-dji","12":"first","13":"outofstock","14":"taxable","15":"shipping-taxable","16":"purchasable","17":"product-type-simple"},"acf":[],"yoast_head":"<!-- This site is optimized with the Yoast SEO plugin v27.2 - https:\/\/yoast.com\/product\/yoast-seo-wordpress\/ -->\n<title>Uchwyt magnetyczny DJI Osmo Mobile 7 do telefonu - IRONSKY.PL Sklep z Dronami<\/title>\n<meta name=\"description\" content=\"Uchwyt magnetyczny DJI Osmo Mobile 7 do telefonu - \u2705 sklep z dronami i fachowym doradztwem. \u2705 Tutaj kupisz produkty DJI, Yuneec, Parrot, Syma i wiele innych, a tak\u017ce kursy i licencje na operatora drona.\" \/>\n<meta name=\"robots\" content=\"index, follow, max-snippet:-1, max-image-preview:large, max-video-preview:-1\" \/>\n<link rel=\"canonical\" href=\"https:\/\/ironsky.pl\/sklep\/produkt\/uchwyt-magnetyczny-dji-osmo-mobile-7-do-telefonu\/\" \/>\n<meta property=\"og:locale\" content=\"pl_PL\" \/>\n<meta property=\"og:type\" content=\"article\" \/>\n<meta property=\"og:title\" content=\"Uchwyt magnetyczny DJI Osmo Mobile 7 do telefonu - IRONSKY.PL Sklep z Dronami\" \/>\n<meta property=\"og:description\" content=\"Uchwyt magnetyczny DJI Osmo Mobile 7 do telefonu - \u2705 sklep z dronami i fachowym doradztwem. \u2705 Tutaj kupisz produkty DJI, Yuneec, Parrot, Syma i wiele innych, a tak\u017ce kursy i licencje na operatora drona.\" \/>\n<meta property=\"og:url\" content=\"https:\/\/ironsky.pl\/sklep\/produkt\/uchwyt-magnetyczny-dji-osmo-mobile-7-do-telefonu\/\" \/>\n<meta property=\"og:site_name\" content=\"IRONSKY.PL Sklep z Dronami\" \/>\n<meta property=\"article:modified_time\" content=\"2026-04-15T08:59:18+00:00\" \/>\n<meta property=\"og:image\" content=\"https:\/\/ironsky.pl\/sklep\/wp-content\/uploads\/2025\/03\/50889_1.jpg\" \/>\n\t<meta property=\"og:image:width\" content=\"800\" \/>\n\t<meta property=\"og:image:height\" content=\"800\" \/>\n\t<meta property=\"og:image:type\" content=\"image\/jpeg\" \/>\n<meta name=\"twitter:card\" content=\"summary_large_image\" \/>\n<meta name=\"twitter:label1\" content=\"Szacowany czas czytania\" \/>\n\t<meta name=\"twitter:data1\" content=\"1 minuta\" \/>\n<script type=\"application\/ld+json\" class=\"yoast-schema-graph\">{\"@context\":\"https:\/\/schema.org\",\"@graph\":[{\"@type\":\"WebPage\",\"@id\":\"https:\/\/ironsky.pl\/sklep\/produkt\/uchwyt-magnetyczny-dji-osmo-mobile-7-do-telefonu\/\",\"url\":\"https:\/\/ironsky.pl\/sklep\/produkt\/uchwyt-magnetyczny-dji-osmo-mobile-7-do-telefonu\/\",\"name\":\"Uchwyt magnetyczny DJI Osmo Mobile 7 do telefonu - IRONSKY.PL Sklep z Dronami\",\"isPartOf\":{\"@id\":\"https:\/\/ironsky.pl\/sklep\/#website\"},\"primaryImageOfPage\":{\"@id\":\"https:\/\/ironsky.pl\/sklep\/produkt\/uchwyt-magnetyczny-dji-osmo-mobile-7-do-telefonu\/#primaryimage\"},\"image\":{\"@id\":\"https:\/\/ironsky.pl\/sklep\/produkt\/uchwyt-magnetyczny-dji-osmo-mobile-7-do-telefonu\/#primaryimage\"},\"thumbnailUrl\":\"https:\/\/ironsky.pl\/sklep\/wp-content\/uploads\/2025\/03\/50889_1.jpg\",\"datePublished\":\"2026-04-15T08:59:17+00:00\",\"dateModified\":\"2026-04-15T08:59:18+00:00\",\"description\":\"Uchwyt magnetyczny DJI Osmo Mobile 7 do telefonu - \u2705 sklep z dronami i fachowym doradztwem. \u2705 Tutaj kupisz produkty DJI, Yuneec, Parrot, Syma i wiele innych, a tak\u017ce kursy i licencje na operatora drona.\",\"breadcrumb\":{\"@id\":\"https:\/\/ironsky.pl\/sklep\/produkt\/uchwyt-magnetyczny-dji-osmo-mobile-7-do-telefonu\/#breadcrumb\"},\"inLanguage\":\"pl-PL\",\"potentialAction\":[{\"@type\":\"ReadAction\",\"target\":[\"https:\/\/ironsky.pl\/sklep\/produkt\/uchwyt-magnetyczny-dji-osmo-mobile-7-do-telefonu\/\"]}]},{\"@type\":\"ImageObject\",\"inLanguage\":\"pl-PL\",\"@id\":\"https:\/\/ironsky.pl\/sklep\/produkt\/uchwyt-magnetyczny-dji-osmo-mobile-7-do-telefonu\/#primaryimage\",\"url\":\"https:\/\/ironsky.pl\/sklep\/wp-content\/uploads\/2025\/03\/50889_1.jpg\",\"contentUrl\":\"https:\/\/ironsky.pl\/sklep\/wp-content\/uploads\/2025\/03\/50889_1.jpg\",\"width\":800,\"height\":800},{\"@type\":\"BreadcrumbList\",\"@id\":\"https:\/\/ironsky.pl\/sklep\/produkt\/uchwyt-magnetyczny-dji-osmo-mobile-7-do-telefonu\/#breadcrumb\",\"itemListElement\":[{\"@type\":\"ListItem\",\"position\":1,\"name\":\"Strona g\u0142\u00f3wna\",\"item\":\"https:\/\/ironsky.pl\/sklep\/\"},{\"@type\":\"ListItem\",\"position\":2,\"name\":\"Wszystkie produkty\",\"item\":\"https:\/\/ironsky.pl\/sklep\/produkty\/\"},{\"@type\":\"ListItem\",\"position\":3,\"name\":\"Uchwyt magnetyczny DJI Osmo Mobile 7 do telefonu\"}]},{\"@type\":\"WebSite\",\"@id\":\"https:\/\/ironsky.pl\/sklep\/#website\",\"url\":\"https:\/\/ironsky.pl\/sklep\/\",\"name\":\"IRONSKY.PL Sklep z Dronami\",\"description\":\"IRONSKY.PL Sklep z Dronami\",\"potentialAction\":[{\"@type\":\"SearchAction\",\"target\":{\"@type\":\"EntryPoint\",\"urlTemplate\":\"https:\/\/ironsky.pl\/sklep\/?s={search_term_string}\"},\"query-input\":{\"@type\":\"PropertyValueSpecification\",\"valueRequired\":true,\"valueName\":\"search_term_string\"}}],\"inLanguage\":\"pl-PL\"}]}<\/script>\n<!-- \/ Yoast SEO plugin. -->","yoast_head_json":{"title":"Uchwyt magnetyczny DJI Osmo Mobile 7 do telefonu - IRONSKY.PL Sklep z Dronami","description":"Uchwyt magnetyczny DJI Osmo Mobile 7 do telefonu - \u2705 sklep z dronami i fachowym doradztwem. \u2705 Tutaj kupisz produkty DJI, Yuneec, Parrot, Syma i wiele innych, a tak\u017ce kursy i licencje na operatora drona.","robots":{"index":"index","follow":"follow","max-snippet":"max-snippet:-1","max-image-preview":"max-image-preview:large","max-video-preview":"max-video-preview:-1"},"canonical":"https:\/\/ironsky.pl\/sklep\/produkt\/uchwyt-magnetyczny-dji-osmo-mobile-7-do-telefonu\/","og_locale":"pl_PL","og_type":"article","og_title":"Uchwyt magnetyczny DJI Osmo Mobile 7 do telefonu - IRONSKY.PL Sklep z Dronami","og_description":"Uchwyt magnetyczny DJI Osmo Mobile 7 do telefonu - \u2705 sklep z dronami i fachowym doradztwem. \u2705 Tutaj kupisz produkty DJI, Yuneec, Parrot, Syma i wiele innych, a tak\u017ce kursy i licencje na operatora drona.","og_url":"https:\/\/ironsky.pl\/sklep\/produkt\/uchwyt-magnetyczny-dji-osmo-mobile-7-do-telefonu\/","og_site_name":"IRONSKY.PL Sklep z Dronami","article_modified_time":"2026-04-15T08:59:18+00:00","og_image":[{"width":800,"height":800,"url":"https:\/\/ironsky.pl\/sklep\/wp-content\/uploads\/2025\/03\/50889_1.jpg","type":"image\/jpeg"}],"twitter_card":"summary_large_image","twitter_misc":{"Szacowany czas czytania":"1 minuta"},"schema":{"@context":"https:\/\/schema.org","@graph":[{"@type":"WebPage","@id":"https:\/\/ironsky.pl\/sklep\/produkt\/uchwyt-magnetyczny-dji-osmo-mobile-7-do-telefonu\/","url":"https:\/\/ironsky.pl\/sklep\/produkt\/uchwyt-magnetyczny-dji-osmo-mobile-7-do-telefonu\/","name":"Uchwyt magnetyczny DJI Osmo Mobile 7 do telefonu - IRONSKY.PL Sklep z Dronami","isPartOf":{"@id":"https:\/\/ironsky.pl\/sklep\/#website"},"primaryImageOfPage":{"@id":"https:\/\/ironsky.pl\/sklep\/produkt\/uchwyt-magnetyczny-dji-osmo-mobile-7-do-telefonu\/#primaryimage"},"image":{"@id":"https:\/\/ironsky.pl\/sklep\/produkt\/uchwyt-magnetyczny-dji-osmo-mobile-7-do-telefonu\/#primaryimage"},"thumbnailUrl":"https:\/\/ironsky.pl\/sklep\/wp-content\/uploads\/2025\/03\/50889_1.jpg","datePublished":"2026-04-15T08:59:17+00:00","dateModified":"2026-04-15T08:59:18+00:00","description":"Uchwyt magnetyczny DJI Osmo Mobile 7 do telefonu - \u2705 sklep z dronami i fachowym doradztwem. \u2705 Tutaj kupisz produkty DJI, Yuneec, Parrot, Syma i wiele innych, a tak\u017ce kursy i licencje na operatora drona.","breadcrumb":{"@id":"https:\/\/ironsky.pl\/sklep\/produkt\/uchwyt-magnetyczny-dji-osmo-mobile-7-do-telefonu\/#breadcrumb"},"inLanguage":"pl-PL","potentialAction":[{"@type":"ReadAction","target":["https:\/\/ironsky.pl\/sklep\/produkt\/uchwyt-magnetyczny-dji-osmo-mobile-7-do-telefonu\/"]}]},{"@type":"ImageObject","inLanguage":"pl-PL","@id":"https:\/\/ironsky.pl\/sklep\/produkt\/uchwyt-magnetyczny-dji-osmo-mobile-7-do-telefonu\/#primaryimage","url":"https:\/\/ironsky.pl\/sklep\/wp-content\/uploads\/2025\/03\/50889_1.jpg","contentUrl":"https:\/\/ironsky.pl\/sklep\/wp-content\/uploads\/2025\/03\/50889_1.jpg","width":800,"height":800},{"@type":"BreadcrumbList","@id":"https:\/\/ironsky.pl\/sklep\/produkt\/uchwyt-magnetyczny-dji-osmo-mobile-7-do-telefonu\/#breadcrumb","itemListElement":[{"@type":"ListItem","position":1,"name":"Strona g\u0142\u00f3wna","item":"https:\/\/ironsky.pl\/sklep\/"},{"@type":"ListItem","position":2,"name":"Wszystkie produkty","item":"https:\/\/ironsky.pl\/sklep\/produkty\/"},{"@type":"ListItem","position":3,"name":"Uchwyt magnetyczny DJI Osmo Mobile 7 do telefonu"}]},{"@type":"WebSite","@id":"https:\/\/ironsky.pl\/sklep\/#website","url":"https:\/\/ironsky.pl\/sklep\/","name":"IRONSKY.PL Sklep z Dronami","description":"IRONSKY.PL Sklep z Dronami","potentialAction":[{"@type":"SearchAction","target":{"@type":"EntryPoint","urlTemplate":"https:\/\/ironsky.pl\/sklep\/?s={search_term_string}"},"query-input":{"@type":"PropertyValueSpecification","valueRequired":true,"valueName":"search_term_string"}}],"inLanguage":"pl-PL"}]}},"_links":{"self":[{"href":"https:\/\/ironsky.pl\/sklep\/wp-json\/wp\/v2\/product\/60277","targetHints":{"allow":["GET"]}}],"collection":[{"href":"https:\/\/ironsky.pl\/sklep\/wp-json\/wp\/v2\/product"}],"about":[{"href":"https:\/\/ironsky.pl\/sklep\/wp-json\/wp\/v2\/types\/product"}],"replies":[{"embeddable":true,"href":"https:\/\/ironsky.pl\/sklep\/wp-json\/wp\/v2\/comments?post=60277"}],"wp:featuredmedia":[{"embeddable":true,"href":"https:\/\/ironsky.pl\/sklep\/wp-json\/wp\/v2\/media\/39050"}],"wp:attachment":[{"href":"https:\/\/ironsky.pl\/sklep\/wp-json\/wp\/v2\/media?parent=60277"}],"wp:term":[{"taxonomy":"product_brand","embeddable":true,"href":"https:\/\/ironsky.pl\/sklep\/wp-json\/wp\/v2\/product_brand?post=60277"},{"taxonomy":"product_cat","embeddable":true,"href":"https:\/\/ironsky.pl\/sklep\/wp-json\/wp\/v2\/product_cat?post=60277"},{"taxonomy":"product_tag","embeddable":true,"href":"https:\/\/ironsky.pl\/sklep\/wp-json\/wp\/v2\/product_tag?post=60277"}],"curies":[{"name":"wp","href":"https:\/\/api.w.org\/{rel}","templated":true}]}}