{"id":60263,"date":"2026-04-15T10:58:49","date_gmt":"2026-04-15T08:58:49","guid":{"rendered":"https:\/\/ironsky.pl\/sklep\/produkt\/uchwyt-insta360-bullet-time-2-0\/"},"modified":"2026-04-15T10:59:00","modified_gmt":"2026-04-15T08:59:00","slug":"uchwyt-insta360-bullet-time-2-0","status":"publish","type":"product","link":"https:\/\/ironsky.pl\/sklep\/produkt\/uchwyt-insta360-bullet-time-2-0\/","title":{"rendered":"Uchwyt INSTA360 Bullet Time 2.0"},"content":{"rendered":"<h3>Uchwyt Insta360 Bullet Time 2.0<\/h3>\n<p>Uchwyt Insta360 Bullet Time 2.0 otwiera przed tw\u00f3rcami wideo zupe\u0142nie nowe mo\u017cliwo\u015bci. Sprawdzi si\u0119 zar\u00f3wno w roli klasycznego selfie sticka, jak i jako narz\u0119dzie do efektownych uj\u0119\u0107 Bullet Time. Rozk\u0142ada si\u0119 na d\u0142ugo\u015b\u0107 do 120 cm i pozwala wybiera\u0107 spo\u015br\u00f3d trzech k\u0105t\u00f3w obrotu, dzi\u0119ki czemu zapewnia du\u017c\u0105 elastyczno\u015b\u0107 i swobod\u0119 podczas nagrywania. Prze\u0142\u0105czanie si\u0119 mi\u0119dzy trybami jest szybkie i intuicyjne \u2013 nie musisz korzysta\u0107 z dodatkowych akcesori\u00f3w. Uchwyt wyr\u00f3\u017cnia si\u0119 tak\u017ce lekk\u0105, ale solidn\u0105 konstrukcj\u0105 \u2013 wa\u017c\u0105c tylko 250 g, mo\u017ce obs\u0142u\u017cy\u0107 urz\u0105dzenia o masie do 300 g.<\/p>\n<p>\n<img decoding=\"async\" src=\"https:\/\/assets.innpro.pl\/13506\/16605\/6.jpg\" border=\"0\" alt=\"\" \/>\n<\/p>\n<h3>Uj\u0119cia jak z drona<\/h3>\n<p>Nagraj wideo w 360\u00b0 i w prosty spos\u00f3b usu\u0144 selfie stick z gotowego filmu. Dzi\u0119ki temu z \u0142atwo\u015bci\u0105 uzyskasz wyj\u0105tkowy kadr przypominaj\u0105cy uj\u0119cia z drona! Ciesz si\u0119 swobod\u0105 tw\u00f3rcz\u0105 i bez wysi\u0142ku osi\u0105gaj fantastyczne rezultaty.<\/p>\n<p>\n<img decoding=\"async\" src=\"https:\/\/assets.innpro.pl\/13506\/16605\/3.jpg\" border=\"0\" alt=\"\" \/>\n<\/p>\n<h3>Zmieniaj k\u0105ty, \u0142ap wi\u0119cej<\/h3>\n<p>Nowy design umo\u017cliwia wyb\u00f3r spo\u015br\u00f3d trzech k\u0105t\u00f3w obrotu: 65\u00b0, 75\u00b0 i 90\u00b0. To pozwala na jeszcze precyzyjniejsze kadrowanie i u\u0142atwia uchwycenie wszystkich uczestnik\u00f3w sceny, nawet w dynamicznych sytuacjach.<\/p>\n<p>\n<img decoding=\"async\" src=\"https:\/\/assets.innpro.pl\/13506\/16605\/2.jpg\" border=\"0\" alt=\"\" \/>\n<\/p>\n<h3>Solidny monta\u017c i pe\u0142na kompatybilno\u015b\u0107<\/h3>\n<p>Uchwyt wyposa\u017cono w standardowy gwint 1\/4\u201d na spodzie, kt\u00f3ry pozwala na \u0142atwe przymocowanie go do statywu lub innych akcesori\u00f3w. Uwaga: nie nale\u017cy stosowa\u0107 dodatkowego sprz\u0119tu podczas intensywnych aktywno\u015bci.<\/p>\n<p>\n<img decoding=\"async\" src=\"https:\/\/assets.innpro.pl\/13506\/16605\/5.jpg\" border=\"0\" alt=\"\" \/>\n<\/p>\n<div class=\"table-wrapper\">\n<p>\u00a0<\/p>\n<h3><\/h3>\n<table>\n<tbody>\n<tr>\n<th>Producent<\/th>\n<td>Insta360<\/td>\n<\/tr>\n<tr>\n<th>Nazwa<\/th>\n<td>Bullet Time Selfie Stick 2.0<\/td>\n<\/tr>\n<tr>\n<th>Model<\/th>\n<td>CINSCAVK<\/td>\n<\/tr>\n<tr>\n<th>D\u0142ugo\u015b\u0107<\/th>\n<td>29,7-120 cm<\/td>\n<\/tr>\n<tr>\n<th>Waga<\/th>\n<td>250 g<\/td>\n<\/tr>\n<tr>\n<th>Ud\u017awig<\/th>\n<td>Do 300 g<\/td>\n<\/tr>\n<tr>\n<th>Materia\u0142<\/th>\n<td>Stop aluminium, plastik, silikon<\/td>\n<\/tr>\n<tr>\n<th>Kompatybilno\u015b\u0107<\/th>\n<td>Kamery Insta360 X5, X4, X3, ONE X2, ONE RS (Twin\/4K), ONE X, ONE R<\/td>\n<\/tr>\n<\/tbody>\n<\/table>\n<\/div>\n","protected":false},"excerpt":{"rendered":"<p>Uchwyt Insta360 Bullet Time 2.0 Uchwyt Insta360 Bullet Time 2.0 otwiera przed tw\u00f3rcami wideo zupe\u0142nie nowe mo\u017cliwo\u015bci. Sprawdzi si\u0119 zar\u00f3wno<\/p>\n","protected":false},"featured_media":60264,"comment_status":"closed","ping_status":"open","template":"","meta":{"_acf_changed":false},"product_brand":[],"product_cat":[1128,6178,6176,6177,1138,6179],"product_tag":[],"class_list":{"0":"post-60263","1":"product","2":"type-product","3":"status-publish","4":"has-post-thumbnail","6":"product_cat-foto-wideo","7":"product_cat-mocowania","8":"product_cat-selfie-stiki","9":"product_cat-statywy-selfie-stiki","10":"product_cat-wysiegniki","11":"product_cat-wysiegniki-i-uchwyty-selfie","12":"pa_okres-gwarancji-5757","13":"pa_producent-insta360","15":"first","16":"outofstock","17":"taxable","18":"shipping-taxable","19":"purchasable","20":"product-type-simple"},"acf":[],"yoast_head":"<!-- This site is optimized with the Yoast SEO plugin v27.2 - https:\/\/yoast.com\/product\/yoast-seo-wordpress\/ -->\n<title>Uchwyt INSTA360 Bullet Time 2.0 - IRONSKY.PL Sklep z Dronami<\/title>\n<meta name=\"description\" content=\"Uchwyt INSTA360 Bullet Time 2.0 - \u2705 sklep z dronami i fachowym doradztwem. \u2705 Tutaj kupisz produkty DJI, Yuneec, Parrot, Syma i wiele innych, a tak\u017ce kursy i licencje na operatora drona.\" \/>\n<meta name=\"robots\" content=\"index, follow, max-snippet:-1, max-image-preview:large, max-video-preview:-1\" \/>\n<link rel=\"canonical\" href=\"https:\/\/ironsky.pl\/sklep\/produkt\/uchwyt-insta360-bullet-time-2-0\/\" \/>\n<meta property=\"og:locale\" content=\"pl_PL\" \/>\n<meta property=\"og:type\" content=\"article\" \/>\n<meta property=\"og:title\" content=\"Uchwyt INSTA360 Bullet Time 2.0 - IRONSKY.PL Sklep z Dronami\" \/>\n<meta property=\"og:description\" content=\"Uchwyt INSTA360 Bullet Time 2.0 - \u2705 sklep z dronami i fachowym doradztwem. \u2705 Tutaj kupisz produkty DJI, Yuneec, Parrot, Syma i wiele innych, a tak\u017ce kursy i licencje na operatora drona.\" \/>\n<meta property=\"og:url\" content=\"https:\/\/ironsky.pl\/sklep\/produkt\/uchwyt-insta360-bullet-time-2-0\/\" \/>\n<meta property=\"og:site_name\" content=\"IRONSKY.PL Sklep z Dronami\" \/>\n<meta property=\"article:modified_time\" content=\"2026-04-15T08:59:00+00:00\" \/>\n<meta property=\"og:image\" content=\"https:\/\/ironsky.pl\/sklep\/wp-content\/uploads\/2026\/04\/50826_1.jpg\" \/>\n\t<meta property=\"og:image:width\" content=\"800\" \/>\n\t<meta property=\"og:image:height\" content=\"800\" \/>\n\t<meta property=\"og:image:type\" content=\"image\/jpeg\" \/>\n<meta name=\"twitter:card\" content=\"summary_large_image\" \/>\n<meta name=\"twitter:label1\" content=\"Szacowany czas czytania\" \/>\n\t<meta name=\"twitter:data1\" content=\"1 minuta\" \/>\n<script type=\"application\/ld+json\" class=\"yoast-schema-graph\">{\"@context\":\"https:\/\/schema.org\",\"@graph\":[{\"@type\":\"WebPage\",\"@id\":\"https:\/\/ironsky.pl\/sklep\/produkt\/uchwyt-insta360-bullet-time-2-0\/\",\"url\":\"https:\/\/ironsky.pl\/sklep\/produkt\/uchwyt-insta360-bullet-time-2-0\/\",\"name\":\"Uchwyt INSTA360 Bullet Time 2.0 - IRONSKY.PL Sklep z Dronami\",\"isPartOf\":{\"@id\":\"https:\/\/ironsky.pl\/sklep\/#website\"},\"primaryImageOfPage\":{\"@id\":\"https:\/\/ironsky.pl\/sklep\/produkt\/uchwyt-insta360-bullet-time-2-0\/#primaryimage\"},\"image\":{\"@id\":\"https:\/\/ironsky.pl\/sklep\/produkt\/uchwyt-insta360-bullet-time-2-0\/#primaryimage\"},\"thumbnailUrl\":\"https:\/\/ironsky.pl\/sklep\/wp-content\/uploads\/2026\/04\/50826_1.jpg\",\"datePublished\":\"2026-04-15T08:58:49+00:00\",\"dateModified\":\"2026-04-15T08:59:00+00:00\",\"description\":\"Uchwyt INSTA360 Bullet Time 2.0 - \u2705 sklep z dronami i fachowym doradztwem. \u2705 Tutaj kupisz produkty DJI, Yuneec, Parrot, Syma i wiele innych, a tak\u017ce kursy i licencje na operatora drona.\",\"breadcrumb\":{\"@id\":\"https:\/\/ironsky.pl\/sklep\/produkt\/uchwyt-insta360-bullet-time-2-0\/#breadcrumb\"},\"inLanguage\":\"pl-PL\",\"potentialAction\":[{\"@type\":\"ReadAction\",\"target\":[\"https:\/\/ironsky.pl\/sklep\/produkt\/uchwyt-insta360-bullet-time-2-0\/\"]}]},{\"@type\":\"ImageObject\",\"inLanguage\":\"pl-PL\",\"@id\":\"https:\/\/ironsky.pl\/sklep\/produkt\/uchwyt-insta360-bullet-time-2-0\/#primaryimage\",\"url\":\"https:\/\/ironsky.pl\/sklep\/wp-content\/uploads\/2026\/04\/50826_1.jpg\",\"contentUrl\":\"https:\/\/ironsky.pl\/sklep\/wp-content\/uploads\/2026\/04\/50826_1.jpg\",\"width\":800,\"height\":800},{\"@type\":\"BreadcrumbList\",\"@id\":\"https:\/\/ironsky.pl\/sklep\/produkt\/uchwyt-insta360-bullet-time-2-0\/#breadcrumb\",\"itemListElement\":[{\"@type\":\"ListItem\",\"position\":1,\"name\":\"Strona g\u0142\u00f3wna\",\"item\":\"https:\/\/ironsky.pl\/sklep\/\"},{\"@type\":\"ListItem\",\"position\":2,\"name\":\"Wszystkie produkty\",\"item\":\"https:\/\/ironsky.pl\/sklep\/produkty\/\"},{\"@type\":\"ListItem\",\"position\":3,\"name\":\"Uchwyt INSTA360 Bullet Time 2.0\"}]},{\"@type\":\"WebSite\",\"@id\":\"https:\/\/ironsky.pl\/sklep\/#website\",\"url\":\"https:\/\/ironsky.pl\/sklep\/\",\"name\":\"IRONSKY.PL Sklep z Dronami\",\"description\":\"IRONSKY.PL Sklep z Dronami\",\"potentialAction\":[{\"@type\":\"SearchAction\",\"target\":{\"@type\":\"EntryPoint\",\"urlTemplate\":\"https:\/\/ironsky.pl\/sklep\/?s={search_term_string}\"},\"query-input\":{\"@type\":\"PropertyValueSpecification\",\"valueRequired\":true,\"valueName\":\"search_term_string\"}}],\"inLanguage\":\"pl-PL\"}]}<\/script>\n<!-- \/ Yoast SEO plugin. -->","yoast_head_json":{"title":"Uchwyt INSTA360 Bullet Time 2.0 - IRONSKY.PL Sklep z Dronami","description":"Uchwyt INSTA360 Bullet Time 2.0 - \u2705 sklep z dronami i fachowym doradztwem. \u2705 Tutaj kupisz produkty DJI, Yuneec, Parrot, Syma i wiele innych, a tak\u017ce kursy i licencje na operatora drona.","robots":{"index":"index","follow":"follow","max-snippet":"max-snippet:-1","max-image-preview":"max-image-preview:large","max-video-preview":"max-video-preview:-1"},"canonical":"https:\/\/ironsky.pl\/sklep\/produkt\/uchwyt-insta360-bullet-time-2-0\/","og_locale":"pl_PL","og_type":"article","og_title":"Uchwyt INSTA360 Bullet Time 2.0 - IRONSKY.PL Sklep z Dronami","og_description":"Uchwyt INSTA360 Bullet Time 2.0 - \u2705 sklep z dronami i fachowym doradztwem. \u2705 Tutaj kupisz produkty DJI, Yuneec, Parrot, Syma i wiele innych, a tak\u017ce kursy i licencje na operatora drona.","og_url":"https:\/\/ironsky.pl\/sklep\/produkt\/uchwyt-insta360-bullet-time-2-0\/","og_site_name":"IRONSKY.PL Sklep z Dronami","article_modified_time":"2026-04-15T08:59:00+00:00","og_image":[{"width":800,"height":800,"url":"https:\/\/ironsky.pl\/sklep\/wp-content\/uploads\/2026\/04\/50826_1.jpg","type":"image\/jpeg"}],"twitter_card":"summary_large_image","twitter_misc":{"Szacowany czas czytania":"1 minuta"},"schema":{"@context":"https:\/\/schema.org","@graph":[{"@type":"WebPage","@id":"https:\/\/ironsky.pl\/sklep\/produkt\/uchwyt-insta360-bullet-time-2-0\/","url":"https:\/\/ironsky.pl\/sklep\/produkt\/uchwyt-insta360-bullet-time-2-0\/","name":"Uchwyt INSTA360 Bullet Time 2.0 - IRONSKY.PL Sklep z Dronami","isPartOf":{"@id":"https:\/\/ironsky.pl\/sklep\/#website"},"primaryImageOfPage":{"@id":"https:\/\/ironsky.pl\/sklep\/produkt\/uchwyt-insta360-bullet-time-2-0\/#primaryimage"},"image":{"@id":"https:\/\/ironsky.pl\/sklep\/produkt\/uchwyt-insta360-bullet-time-2-0\/#primaryimage"},"thumbnailUrl":"https:\/\/ironsky.pl\/sklep\/wp-content\/uploads\/2026\/04\/50826_1.jpg","datePublished":"2026-04-15T08:58:49+00:00","dateModified":"2026-04-15T08:59:00+00:00","description":"Uchwyt INSTA360 Bullet Time 2.0 - \u2705 sklep z dronami i fachowym doradztwem. \u2705 Tutaj kupisz produkty DJI, Yuneec, Parrot, Syma i wiele innych, a tak\u017ce kursy i licencje na operatora drona.","breadcrumb":{"@id":"https:\/\/ironsky.pl\/sklep\/produkt\/uchwyt-insta360-bullet-time-2-0\/#breadcrumb"},"inLanguage":"pl-PL","potentialAction":[{"@type":"ReadAction","target":["https:\/\/ironsky.pl\/sklep\/produkt\/uchwyt-insta360-bullet-time-2-0\/"]}]},{"@type":"ImageObject","inLanguage":"pl-PL","@id":"https:\/\/ironsky.pl\/sklep\/produkt\/uchwyt-insta360-bullet-time-2-0\/#primaryimage","url":"https:\/\/ironsky.pl\/sklep\/wp-content\/uploads\/2026\/04\/50826_1.jpg","contentUrl":"https:\/\/ironsky.pl\/sklep\/wp-content\/uploads\/2026\/04\/50826_1.jpg","width":800,"height":800},{"@type":"BreadcrumbList","@id":"https:\/\/ironsky.pl\/sklep\/produkt\/uchwyt-insta360-bullet-time-2-0\/#breadcrumb","itemListElement":[{"@type":"ListItem","position":1,"name":"Strona g\u0142\u00f3wna","item":"https:\/\/ironsky.pl\/sklep\/"},{"@type":"ListItem","position":2,"name":"Wszystkie produkty","item":"https:\/\/ironsky.pl\/sklep\/produkty\/"},{"@type":"ListItem","position":3,"name":"Uchwyt INSTA360 Bullet Time 2.0"}]},{"@type":"WebSite","@id":"https:\/\/ironsky.pl\/sklep\/#website","url":"https:\/\/ironsky.pl\/sklep\/","name":"IRONSKY.PL Sklep z Dronami","description":"IRONSKY.PL Sklep z Dronami","potentialAction":[{"@type":"SearchAction","target":{"@type":"EntryPoint","urlTemplate":"https:\/\/ironsky.pl\/sklep\/?s={search_term_string}"},"query-input":{"@type":"PropertyValueSpecification","valueRequired":true,"valueName":"search_term_string"}}],"inLanguage":"pl-PL"}]}},"_links":{"self":[{"href":"https:\/\/ironsky.pl\/sklep\/wp-json\/wp\/v2\/product\/60263","targetHints":{"allow":["GET"]}}],"collection":[{"href":"https:\/\/ironsky.pl\/sklep\/wp-json\/wp\/v2\/product"}],"about":[{"href":"https:\/\/ironsky.pl\/sklep\/wp-json\/wp\/v2\/types\/product"}],"replies":[{"embeddable":true,"href":"https:\/\/ironsky.pl\/sklep\/wp-json\/wp\/v2\/comments?post=60263"}],"wp:featuredmedia":[{"embeddable":true,"href":"https:\/\/ironsky.pl\/sklep\/wp-json\/wp\/v2\/media\/60264"}],"wp:attachment":[{"href":"https:\/\/ironsky.pl\/sklep\/wp-json\/wp\/v2\/media?parent=60263"}],"wp:term":[{"taxonomy":"product_brand","embeddable":true,"href":"https:\/\/ironsky.pl\/sklep\/wp-json\/wp\/v2\/product_brand?post=60263"},{"taxonomy":"product_cat","embeddable":true,"href":"https:\/\/ironsky.pl\/sklep\/wp-json\/wp\/v2\/product_cat?post=60263"},{"taxonomy":"product_tag","embeddable":true,"href":"https:\/\/ironsky.pl\/sklep\/wp-json\/wp\/v2\/product_tag?post=60263"}],"curies":[{"name":"wp","href":"https:\/\/api.w.org\/{rel}","templated":true}]}}