{"id":60262,"date":"2026-04-15T10:58:49","date_gmt":"2026-04-15T08:58:49","guid":{"rendered":"https:\/\/ironsky.pl\/sklep\/produkt\/zacisk-magnetyczny-insta360-flow-2-pro-do-telefonu-bialy\/"},"modified":"2026-04-15T10:58:58","modified_gmt":"2026-04-15T08:58:58","slug":"zacisk-magnetyczny-insta360-flow-2-pro-do-telefonu-bialy","status":"publish","type":"product","link":"https:\/\/ironsky.pl\/sklep\/produkt\/zacisk-magnetyczny-insta360-flow-2-pro-do-telefonu-bialy\/","title":{"rendered":"Zacisk magnetyczny INSTA360 Flow 2 Pro do telefonu (bia\u0142y)"},"content":{"rendered":"<h3>Magnetyczny zacisk do telefonu Insta360 Flow 2 Pro (bia\u0142y)<\/h3>\n<p>Magnetyczny zacisk do telefonu Insta360 Flow 2 Pro to praktyczne akcesorium, kt\u00f3re umo\u017cliwia b\u0142yskawiczne mocowanie smartfona do gimbala. Silny magnes zapewnia stabilno\u015b\u0107, a prosty mechanizm sprawia, \u017ce wystarczy jedna chwila, aby telefon by\u0142 gotowy do nagrywania.<\/p>\n<p>\n<img decoding=\"async\" src=\"https:\/\/assets.innpro.pl\/13146\/16094\/4.jpg\" border=\"0\" alt=\"\" \/>\n<\/p>\n<h3>Kompatybilno\u015b\u0107 z wi\u0119kszo\u015bci\u0105 smartfon\u00f3w<\/h3>\n<p>Dzi\u0119ki regulowanemu zakresowi zacisku od 64 do 84 mm uchwyt pasuje do wi\u0119kszo\u015bci nowoczesnych telefon\u00f3w, niezale\u017cnie od ich wielko\u015bci. Lekka konstrukcja wa\u017c\u0105ca zaledwie 25 g nie obci\u0105\u017ca gimbala, co pozwala na d\u0142u\u017csze i bardziej komfortowe u\u017cytkowanie.<\/p>\n<p>\n<img decoding=\"async\" src=\"https:\/\/assets.innpro.pl\/13146\/16094\/1.jpg\" border=\"0\" alt=\"\" \/>\n<\/p>\n<h3>Trwa\u0142a i lekka konstrukcja<\/h3>\n<p>Wykonanie ze stopu aluminium gwarantuje wytrzyma\u0142o\u015b\u0107 i odporno\u015b\u0107 na uszkodzenia. Jeden zacisk znajduje si\u0119 ju\u017c w zestawie z Insta360 Flow 2 Pro, ale dodatkowy egzemplarz sprawdzi si\u0119 jako zapas lub wymiana w razie potrzeby.<\/p>\n<p>\n<img decoding=\"async\" src=\"https:\/\/assets.innpro.pl\/13146\/16094\/2.jpg\" border=\"0\" alt=\"\" \/>\n<\/p>\n<div class=\"table-wrapper\">\n<p>\u00a0<\/p>\n<h3><\/h3>\n<table>\n<tbody>\n<tr>\n<th>Producent<\/th>\n<td>Insta 360<\/td>\n<\/tr>\n<tr>\n<th>Nazwa<\/th>\n<td>Insta360 Flow 2 Pro Magnetic Clamp<\/td>\n<\/tr>\n<tr>\n<th>Model<\/th>\n<td>CINSBBQD<\/td>\n<\/tr>\n<tr>\n<th>Kolor<\/th>\n<td>Bia\u0142y<\/td>\n<\/tr>\n<tr>\n<th>Wymiary<\/th>\n<td>71,2 x 33 x 20,7 mm<\/td>\n<\/tr>\n<tr>\n<th>Minimalna szeroko\u015b\u0107 zacisku<\/th>\n<td>64 mm<\/td>\n<\/tr>\n<tr>\n<th>Maksymalna szeroko\u015b\u0107 zacisku<\/th>\n<td>84 mm<\/td>\n<\/tr>\n<tr>\n<th>Waga<\/th>\n<td>25 g<\/td>\n<\/tr>\n<tr>\n<th>Materia\u0142<\/th>\n<td>Stop aluminium<\/td>\n<\/tr>\n<\/tbody>\n<\/table>\n<\/div>\n","protected":false},"excerpt":{"rendered":"<p>Magnetyczny zacisk do telefonu Insta360 Flow 2 Pro (bia\u0142y) Magnetyczny zacisk do telefonu Insta360 Flow 2 Pro to praktyczne akcesorium,<\/p>\n","protected":false},"featured_media":46997,"comment_status":"closed","ping_status":"open","template":"","meta":{"_acf_changed":false},"product_brand":[],"product_cat":[1128,6178,6176,6177,6181,1138],"product_tag":[],"class_list":{"0":"post-60262","1":"product","2":"type-product","3":"status-publish","4":"has-post-thumbnail","6":"product_cat-foto-wideo","7":"product_cat-mocowania","8":"product_cat-selfie-stiki","9":"product_cat-statywy-selfie-stiki","10":"product_cat-szelki-mocowania-i-uchwyty","11":"product_cat-wysiegniki","12":"pa_okres-gwarancji-5757","13":"pa_producent-insta360","15":"first","16":"outofstock","17":"taxable","18":"shipping-taxable","19":"purchasable","20":"product-type-simple"},"acf":[],"yoast_head":"<!-- This site is optimized with the Yoast SEO plugin v27.2 - https:\/\/yoast.com\/product\/yoast-seo-wordpress\/ -->\n<title>Zacisk magnetyczny INSTA360 Flow 2 Pro do telefonu (bia\u0142y) - IRONSKY.PL Sklep z Dronami<\/title>\n<meta name=\"description\" content=\"Zacisk magnetyczny INSTA360 Flow 2 Pro do telefonu (bia\u0142y) - \u2705 sklep z dronami i fachowym doradztwem. \u2705 Tutaj kupisz produkty DJI, Yuneec, Parrot, Syma i wiele innych, a tak\u017ce kursy i licencje na operatora drona.\" \/>\n<meta name=\"robots\" content=\"index, follow, max-snippet:-1, max-image-preview:large, max-video-preview:-1\" \/>\n<link rel=\"canonical\" href=\"https:\/\/ironsky.pl\/sklep\/produkt\/zacisk-magnetyczny-insta360-flow-2-pro-do-telefonu-bialy\/\" \/>\n<meta property=\"og:locale\" content=\"pl_PL\" \/>\n<meta property=\"og:type\" content=\"article\" \/>\n<meta property=\"og:title\" content=\"Zacisk magnetyczny INSTA360 Flow 2 Pro do telefonu (bia\u0142y) - IRONSKY.PL Sklep z Dronami\" \/>\n<meta property=\"og:description\" content=\"Zacisk magnetyczny INSTA360 Flow 2 Pro do telefonu (bia\u0142y) - \u2705 sklep z dronami i fachowym doradztwem. \u2705 Tutaj kupisz produkty DJI, Yuneec, Parrot, Syma i wiele innych, a tak\u017ce kursy i licencje na operatora drona.\" \/>\n<meta property=\"og:url\" content=\"https:\/\/ironsky.pl\/sklep\/produkt\/zacisk-magnetyczny-insta360-flow-2-pro-do-telefonu-bialy\/\" \/>\n<meta property=\"og:site_name\" content=\"IRONSKY.PL Sklep z Dronami\" \/>\n<meta property=\"article:modified_time\" content=\"2026-04-15T08:58:58+00:00\" \/>\n<meta property=\"og:image\" content=\"https:\/\/ironsky.pl\/sklep\/wp-content\/uploads\/2025\/06\/50811_2.jpg\" \/>\n\t<meta property=\"og:image:width\" content=\"800\" \/>\n\t<meta property=\"og:image:height\" content=\"800\" \/>\n\t<meta property=\"og:image:type\" content=\"image\/jpeg\" \/>\n<meta name=\"twitter:card\" content=\"summary_large_image\" \/>\n<meta name=\"twitter:label1\" content=\"Szacowany czas czytania\" \/>\n\t<meta name=\"twitter:data1\" content=\"1 minuta\" \/>\n<script type=\"application\/ld+json\" class=\"yoast-schema-graph\">{\"@context\":\"https:\/\/schema.org\",\"@graph\":[{\"@type\":\"WebPage\",\"@id\":\"https:\/\/ironsky.pl\/sklep\/produkt\/zacisk-magnetyczny-insta360-flow-2-pro-do-telefonu-bialy\/\",\"url\":\"https:\/\/ironsky.pl\/sklep\/produkt\/zacisk-magnetyczny-insta360-flow-2-pro-do-telefonu-bialy\/\",\"name\":\"Zacisk magnetyczny INSTA360 Flow 2 Pro do telefonu (bia\u0142y) - IRONSKY.PL Sklep z Dronami\",\"isPartOf\":{\"@id\":\"https:\/\/ironsky.pl\/sklep\/#website\"},\"primaryImageOfPage\":{\"@id\":\"https:\/\/ironsky.pl\/sklep\/produkt\/zacisk-magnetyczny-insta360-flow-2-pro-do-telefonu-bialy\/#primaryimage\"},\"image\":{\"@id\":\"https:\/\/ironsky.pl\/sklep\/produkt\/zacisk-magnetyczny-insta360-flow-2-pro-do-telefonu-bialy\/#primaryimage\"},\"thumbnailUrl\":\"https:\/\/ironsky.pl\/sklep\/wp-content\/uploads\/2025\/06\/50811_2.jpg\",\"datePublished\":\"2026-04-15T08:58:49+00:00\",\"dateModified\":\"2026-04-15T08:58:58+00:00\",\"description\":\"Zacisk magnetyczny INSTA360 Flow 2 Pro do telefonu (bia\u0142y) - \u2705 sklep z dronami i fachowym doradztwem. \u2705 Tutaj kupisz produkty DJI, Yuneec, Parrot, Syma i wiele innych, a tak\u017ce kursy i licencje na operatora drona.\",\"breadcrumb\":{\"@id\":\"https:\/\/ironsky.pl\/sklep\/produkt\/zacisk-magnetyczny-insta360-flow-2-pro-do-telefonu-bialy\/#breadcrumb\"},\"inLanguage\":\"pl-PL\",\"potentialAction\":[{\"@type\":\"ReadAction\",\"target\":[\"https:\/\/ironsky.pl\/sklep\/produkt\/zacisk-magnetyczny-insta360-flow-2-pro-do-telefonu-bialy\/\"]}]},{\"@type\":\"ImageObject\",\"inLanguage\":\"pl-PL\",\"@id\":\"https:\/\/ironsky.pl\/sklep\/produkt\/zacisk-magnetyczny-insta360-flow-2-pro-do-telefonu-bialy\/#primaryimage\",\"url\":\"https:\/\/ironsky.pl\/sklep\/wp-content\/uploads\/2025\/06\/50811_2.jpg\",\"contentUrl\":\"https:\/\/ironsky.pl\/sklep\/wp-content\/uploads\/2025\/06\/50811_2.jpg\",\"width\":800,\"height\":800},{\"@type\":\"BreadcrumbList\",\"@id\":\"https:\/\/ironsky.pl\/sklep\/produkt\/zacisk-magnetyczny-insta360-flow-2-pro-do-telefonu-bialy\/#breadcrumb\",\"itemListElement\":[{\"@type\":\"ListItem\",\"position\":1,\"name\":\"Strona g\u0142\u00f3wna\",\"item\":\"https:\/\/ironsky.pl\/sklep\/\"},{\"@type\":\"ListItem\",\"position\":2,\"name\":\"Wszystkie produkty\",\"item\":\"https:\/\/ironsky.pl\/sklep\/produkty\/\"},{\"@type\":\"ListItem\",\"position\":3,\"name\":\"Zacisk magnetyczny INSTA360 Flow 2 Pro do telefonu (bia\u0142y)\"}]},{\"@type\":\"WebSite\",\"@id\":\"https:\/\/ironsky.pl\/sklep\/#website\",\"url\":\"https:\/\/ironsky.pl\/sklep\/\",\"name\":\"IRONSKY.PL Sklep z Dronami\",\"description\":\"IRONSKY.PL Sklep z Dronami\",\"potentialAction\":[{\"@type\":\"SearchAction\",\"target\":{\"@type\":\"EntryPoint\",\"urlTemplate\":\"https:\/\/ironsky.pl\/sklep\/?s={search_term_string}\"},\"query-input\":{\"@type\":\"PropertyValueSpecification\",\"valueRequired\":true,\"valueName\":\"search_term_string\"}}],\"inLanguage\":\"pl-PL\"}]}<\/script>\n<!-- \/ Yoast SEO plugin. -->","yoast_head_json":{"title":"Zacisk magnetyczny INSTA360 Flow 2 Pro do telefonu (bia\u0142y) - IRONSKY.PL Sklep z Dronami","description":"Zacisk magnetyczny INSTA360 Flow 2 Pro do telefonu (bia\u0142y) - \u2705 sklep z dronami i fachowym doradztwem. \u2705 Tutaj kupisz produkty DJI, Yuneec, Parrot, Syma i wiele innych, a tak\u017ce kursy i licencje na operatora drona.","robots":{"index":"index","follow":"follow","max-snippet":"max-snippet:-1","max-image-preview":"max-image-preview:large","max-video-preview":"max-video-preview:-1"},"canonical":"https:\/\/ironsky.pl\/sklep\/produkt\/zacisk-magnetyczny-insta360-flow-2-pro-do-telefonu-bialy\/","og_locale":"pl_PL","og_type":"article","og_title":"Zacisk magnetyczny INSTA360 Flow 2 Pro do telefonu (bia\u0142y) - IRONSKY.PL Sklep z Dronami","og_description":"Zacisk magnetyczny INSTA360 Flow 2 Pro do telefonu (bia\u0142y) - \u2705 sklep z dronami i fachowym doradztwem. \u2705 Tutaj kupisz produkty DJI, Yuneec, Parrot, Syma i wiele innych, a tak\u017ce kursy i licencje na operatora drona.","og_url":"https:\/\/ironsky.pl\/sklep\/produkt\/zacisk-magnetyczny-insta360-flow-2-pro-do-telefonu-bialy\/","og_site_name":"IRONSKY.PL Sklep z Dronami","article_modified_time":"2026-04-15T08:58:58+00:00","og_image":[{"width":800,"height":800,"url":"https:\/\/ironsky.pl\/sklep\/wp-content\/uploads\/2025\/06\/50811_2.jpg","type":"image\/jpeg"}],"twitter_card":"summary_large_image","twitter_misc":{"Szacowany czas czytania":"1 minuta"},"schema":{"@context":"https:\/\/schema.org","@graph":[{"@type":"WebPage","@id":"https:\/\/ironsky.pl\/sklep\/produkt\/zacisk-magnetyczny-insta360-flow-2-pro-do-telefonu-bialy\/","url":"https:\/\/ironsky.pl\/sklep\/produkt\/zacisk-magnetyczny-insta360-flow-2-pro-do-telefonu-bialy\/","name":"Zacisk magnetyczny INSTA360 Flow 2 Pro do telefonu (bia\u0142y) - IRONSKY.PL Sklep z Dronami","isPartOf":{"@id":"https:\/\/ironsky.pl\/sklep\/#website"},"primaryImageOfPage":{"@id":"https:\/\/ironsky.pl\/sklep\/produkt\/zacisk-magnetyczny-insta360-flow-2-pro-do-telefonu-bialy\/#primaryimage"},"image":{"@id":"https:\/\/ironsky.pl\/sklep\/produkt\/zacisk-magnetyczny-insta360-flow-2-pro-do-telefonu-bialy\/#primaryimage"},"thumbnailUrl":"https:\/\/ironsky.pl\/sklep\/wp-content\/uploads\/2025\/06\/50811_2.jpg","datePublished":"2026-04-15T08:58:49+00:00","dateModified":"2026-04-15T08:58:58+00:00","description":"Zacisk magnetyczny INSTA360 Flow 2 Pro do telefonu (bia\u0142y) - \u2705 sklep z dronami i fachowym doradztwem. \u2705 Tutaj kupisz produkty DJI, Yuneec, Parrot, Syma i wiele innych, a tak\u017ce kursy i licencje na operatora drona.","breadcrumb":{"@id":"https:\/\/ironsky.pl\/sklep\/produkt\/zacisk-magnetyczny-insta360-flow-2-pro-do-telefonu-bialy\/#breadcrumb"},"inLanguage":"pl-PL","potentialAction":[{"@type":"ReadAction","target":["https:\/\/ironsky.pl\/sklep\/produkt\/zacisk-magnetyczny-insta360-flow-2-pro-do-telefonu-bialy\/"]}]},{"@type":"ImageObject","inLanguage":"pl-PL","@id":"https:\/\/ironsky.pl\/sklep\/produkt\/zacisk-magnetyczny-insta360-flow-2-pro-do-telefonu-bialy\/#primaryimage","url":"https:\/\/ironsky.pl\/sklep\/wp-content\/uploads\/2025\/06\/50811_2.jpg","contentUrl":"https:\/\/ironsky.pl\/sklep\/wp-content\/uploads\/2025\/06\/50811_2.jpg","width":800,"height":800},{"@type":"BreadcrumbList","@id":"https:\/\/ironsky.pl\/sklep\/produkt\/zacisk-magnetyczny-insta360-flow-2-pro-do-telefonu-bialy\/#breadcrumb","itemListElement":[{"@type":"ListItem","position":1,"name":"Strona g\u0142\u00f3wna","item":"https:\/\/ironsky.pl\/sklep\/"},{"@type":"ListItem","position":2,"name":"Wszystkie produkty","item":"https:\/\/ironsky.pl\/sklep\/produkty\/"},{"@type":"ListItem","position":3,"name":"Zacisk magnetyczny INSTA360 Flow 2 Pro do telefonu (bia\u0142y)"}]},{"@type":"WebSite","@id":"https:\/\/ironsky.pl\/sklep\/#website","url":"https:\/\/ironsky.pl\/sklep\/","name":"IRONSKY.PL Sklep z Dronami","description":"IRONSKY.PL Sklep z Dronami","potentialAction":[{"@type":"SearchAction","target":{"@type":"EntryPoint","urlTemplate":"https:\/\/ironsky.pl\/sklep\/?s={search_term_string}"},"query-input":{"@type":"PropertyValueSpecification","valueRequired":true,"valueName":"search_term_string"}}],"inLanguage":"pl-PL"}]}},"_links":{"self":[{"href":"https:\/\/ironsky.pl\/sklep\/wp-json\/wp\/v2\/product\/60262","targetHints":{"allow":["GET"]}}],"collection":[{"href":"https:\/\/ironsky.pl\/sklep\/wp-json\/wp\/v2\/product"}],"about":[{"href":"https:\/\/ironsky.pl\/sklep\/wp-json\/wp\/v2\/types\/product"}],"replies":[{"embeddable":true,"href":"https:\/\/ironsky.pl\/sklep\/wp-json\/wp\/v2\/comments?post=60262"}],"wp:featuredmedia":[{"embeddable":true,"href":"https:\/\/ironsky.pl\/sklep\/wp-json\/wp\/v2\/media\/46997"}],"wp:attachment":[{"href":"https:\/\/ironsky.pl\/sklep\/wp-json\/wp\/v2\/media?parent=60262"}],"wp:term":[{"taxonomy":"product_brand","embeddable":true,"href":"https:\/\/ironsky.pl\/sklep\/wp-json\/wp\/v2\/product_brand?post=60262"},{"taxonomy":"product_cat","embeddable":true,"href":"https:\/\/ironsky.pl\/sklep\/wp-json\/wp\/v2\/product_cat?post=60262"},{"taxonomy":"product_tag","embeddable":true,"href":"https:\/\/ironsky.pl\/sklep\/wp-json\/wp\/v2\/product_tag?post=60262"}],"curies":[{"name":"wp","href":"https:\/\/api.w.org\/{rel}","templated":true}]}}