{"id":60252,"date":"2026-04-15T10:58:20","date_gmt":"2026-04-15T08:58:20","guid":{"rendered":"https:\/\/ironsky.pl\/sklep\/produkt\/stacja-zasilania-ecoflow-river-3-max-plus-858wh\/"},"modified":"2026-04-15T10:58:46","modified_gmt":"2026-04-15T08:58:46","slug":"stacja-zasilania-ecoflow-river-3-max-plus-858wh","status":"publish","type":"product","link":"https:\/\/ironsky.pl\/sklep\/produkt\/stacja-zasilania-ecoflow-river-3-max-plus-858wh\/","title":{"rendered":"Stacja zasilania ECOFLOW River 3 Max Plus 858Wh"},"content":{"rendered":"<h3>Przeno\u015bna stacja zasilania EcoFlow River 3 Max Plus<\/h3>\n<p>RIVER 3 Max Plus to po\u0142\u0105czenie stacji zasilania EcoFlow RIVER 3 Plus i dodatkowego akumulatora, kt\u00f3re zapewnia ca\u0142kowit\u0105 pojemno\u015b\u0107 a\u017c 858 Wh. Dzi\u0119ki mocy wyj\u015bciowej do 600 W (lub do 1200 W w trybie X-Boost) mo\u017cesz bez problemu dostarcza\u0107 energi\u0119 wielu r\u00f3\u017cnym urz\u0105dzeniom, a wykorzystanie p\u00f3\u0142przewodnika nowej generacji GaN (azotek galu) zapewnia doskona\u0142\u0105 wydajno\u015b\u0107 energetyczn\u0105 i ni\u017csze straty ciep\u0142a. Ponadto lekka i wytrzyma\u0142a konstrukcja sprawia, \u017ce produkt \u015bwietnie sprawdzi si\u0119 podczas podr\u00f3\u017cy. Na uwag\u0119 zas\u0142uguje tak\u017ce funkcja UPS, kt\u00f3ra umo\u017cliwia prze\u0142\u0105czanie si\u0119 na zasilanie awaryjne w ci\u0105gu mniej 10 ms.<\/p>\n<p>\n<img decoding=\"async\" src=\"https:\/\/assets.innpro.pl\/13384\/16471\/5.jpg\" border=\"0\" alt=\"\" \/>\n<\/p>\n<h3>Bezproblemowe zasilanie niezb\u0119dnych urz\u0105dze\u0144<\/h3>\n<p>Stacja RIVER 3 Max Plus wyr\u00f3\u017cnia si\u0119 moc\u0105 si\u0119gaj\u0105c\u0105 600 W, a dzi\u0119ki dost\u0119pnemu trybowi X-Boost poradzi sobie r\u00f3wnie\u017c z obci\u0105\u017ceniem do 1200 W. Mo\u017cesz wi\u0119c bez przeszk\u00f3d pod\u0142\u0105cza\u0107 do niej wi\u0119kszo\u015b\u0107 potrzebnych urz\u0105dze\u0144 \u2013 od smartfon\u00f3w i laptop\u00f3w, przez lampy, a\u017c po lod\u00f3wki turystyczne.<\/p>\n<p>\n<img decoding=\"async\" src=\"https:\/\/assets.innpro.pl\/13384\/16471\/1.jpg\" border=\"0\" alt=\"\" \/>\n<\/p>\n<h3>Wykorzystaj zalety technologii GaN<\/h3>\n<p>Urz\u0105dzenia z serii RIVER 3 korzystaj\u0105 z innowacyjnych p\u00f3\u0142przewodnik\u00f3w GaN, dzi\u0119ki czemu oferuj\u0105 lepsz\u0105 wydajno\u015b\u0107 ni\u017c standardowe urz\u0105dzenia dzia\u0142aj\u0105ce w oparciu o krzem. Azotek galu zapewnia wysok\u0105 efektywno\u015b\u0107 energetyczn\u0105 i doskona\u0142e przewodnictwo, a dodatkowo minimalizuje ryzyko przegrzewania si\u0119 sprz\u0119tu i pozwala zachowa\u0107 jego niewielkie rozmiary. Dodatkow\u0105 zalet\u0105 zastosowanej technologii jest cicha praca \u2013 poziom ha\u0142asu modelu RIVER 3 Max Plus wynosi tylko oko\u0142o 30 dB, czyli mniej wi\u0119cej tyle, co w przypadku szeptu lub tykania zegara. Mo\u017cesz wi\u0119c swobodnie korzysta\u0107 ze stacji r\u00f3wnie\u017c w nocy!<\/p>\n<p>\n<img decoding=\"async\" src=\"https:\/\/assets.innpro.pl\/13384\/16471\/7.jpg\" border=\"0\" alt=\"\" \/>\n<\/p>\n<h3>Kilka dost\u0119pnych gniazdek<\/h3>\n<p>Potrzebujesz pod\u0142\u0105czy\u0107 do stacji wi\u0119ksz\u0105 liczb\u0119 urz\u0105dze\u0144? \u017baden problem! Model RIVER 3 Max Plus zosta\u0142 wyposa\u017cony w trzy gniazda AC o mocy 600 W (lub 1200 W z X-Boost), dwa porty USB-A o \u0142\u0105cznej mocy 24 W, jeden port USB-C 100 W, jeden port USB-C 140 W i jedno gniazdo samochodowe 12,6 V 126 W. Mo\u017cesz wi\u0119c wygodnie \u0142adowa\u0107 smartfony i laptopy, korzysta\u0107 z o\u015bwietlenia i nie tylko!<\/p>\n<p>\n<img decoding=\"async\" src=\"https:\/\/assets.innpro.pl\/13384\/16471\/9.jpg\" border=\"0\" alt=\"\" \/>\n<\/p>\n<h3>Zasilanie awaryjne UPS<\/h3>\n<p>Przygotuj si\u0119 na ewentualne przerwy w dostawie pr\u0105du. RIVER 3 Max Plus oferuje funkcj\u0119 UPS, dzi\u0119ki kt\u00f3rej mo\u017ce w ci\u0105gu mniej ni\u017c 10 ms prze\u0142\u0105czy\u0107 si\u0119 na zasilanie awaryjne. Teraz z \u0142atwo\u015bci\u0105 zadbasz o nieprzerwane dzia\u0142anie lod\u00f3wki czy komputera! Co wi\u0119cej, gdy stacja b\u0119dzie bliska roz\u0142adowania, mo\u017ce powiadomi\u0107 o tym serwer NAS lub PC, aby zd\u0105\u017cy\u0142 zapisa\u0107 dane i bezpiecznie si\u0119 wy\u0142\u0105czy\u0107. Takie rozwi\u0105zanie \u015bwietnie sprawdzi si\u0119 w domowym biurze!<\/p>\n<p>\n<img decoding=\"async\" src=\"https:\/\/assets.innpro.pl\/13384\/16471\/6.jpg\" border=\"0\" alt=\"\" \/>\n<\/p>\n<h3>Kilka mo\u017cliwo\u015bci \u0142adowania<\/h3>\n<p>Stacja EcoFlow RIVER 3 Max Plus mo\u017ce by\u0107 \u0142adowana na kilka sposob\u00f3w. Za pomoc\u0105 gniazdka AC na\u0142adujesz j\u0105 ju\u017c w oko\u0142o 2,3 godziny. Mniej wi\u0119cej tyle samo czasu wystarczy w przypadku generatora pr\u0105du. Istnieje r\u00f3wnie\u017c mo\u017cliwo\u015b\u0107 pod\u0142\u0105czenia urz\u0105dzenia do paneli fotowoltaicznych o mocy do 220 W lub \u0142adowarki samochodowej. Takie rozwi\u0105zanie \u015bwietnie sprawdzi si\u0119 podczas podr\u00f3\u017cy! Mo\u017cesz te\u017c \u0142adowa\u0107 RIVER 3 Max Plus przez USB-C. Tak du\u017ca elastyczno\u015b\u0107 sprawia, \u017ce bez problemu przygotujesz stacj\u0119 do pracy w niemal ka\u017cdych okoliczno\u015bciach!<\/p>\n<p>\n<img decoding=\"async\" src=\"https:\/\/assets.innpro.pl\/13384\/16471\/8.jpg\" border=\"0\" alt=\"\" \/>\n<\/p>\n<h3>Pos\u0142u\u017cy Ci przez d\u0142ugi czas<\/h3>\n<p>Model RIVER 3 Max Plus zosta\u0142 wyposa\u017cony w akumulator LiFePO4, kt\u00f3ry zapewnia oko\u0142o 3000 cykli \u0142adowania (do 80% pierwotnej pojemno\u015bci). To przek\u0142ada si\u0119 nawet na 10 lat u\u017cytkowania! Co wi\u0119cej, technologia X-Guard gwarantuje niezawodn\u0105 ochron\u0119 przed prze\u0142adowaniem, zwarciem, przepi\u0119ciem i innymi zagro\u017ceniami. Akumulator wyr\u00f3\u017cnia si\u0119 tak\u017ce klas\u0105 szczelno\u015bci IP54 \u2013 niestraszna mu woda czy py\u0142. Stacja jest te\u017c odporna na upadki z wysoko\u015bci do 1,5 m \u2013 nie obawiaj si\u0119 jej szybkiego uszkodzenia.<\/p>\n<p>\n<img decoding=\"async\" src=\"https:\/\/assets.innpro.pl\/13384\/16471\/2.jpg\" border=\"0\" alt=\"\" \/>\n<\/p>\n<h3>Wygodna obs\u0142uga<\/h3>\n<p>Stacja jest kompatybilna z aplikacj\u0105 EcoFlow, kt\u00f3ra pozwala kontrolowa\u0107 j\u0105 zdalnie. Za jej pomoc\u0105 mo\u017cesz na przyk\u0142ad sprawdza\u0107 poziom na\u0142adowania, moc wyj\u015bciow\u0105 i pozosta\u0142y czas pracy, a tak\u017ce regulowa\u0107 ustawienia. B\u0119dziesz te\u017c otrzymywa\u0107 przydatne powiadomienia, dotycz\u0105ce na przyk\u0142ad awarii zasilania. RIVER 3 Max Plus ma r\u00f3wnie\u017c wbudowany kolorowy ekran, kt\u00f3ry zapewnia wygodny dost\u0119p do najwa\u017cniejszych informacji zwi\u0105zanych z jej dzia\u0142aniem.<\/p>\n<p>\n<img decoding=\"async\" src=\"https:\/\/assets.innpro.pl\/13384\/16471\/3.jpg\" border=\"0\" alt=\"\" \/>\n<\/p>\n<h3>Du\u017ca pojemno\u015b\u0107, przeno\u015bna konstrukcja<\/h3>\n<p>Pojemno\u015b\u0107 stacji RIVER 3 Max Plus wynosi a\u017c 858 Wh, co pozwala zasila\u0107 niezb\u0119dne urz\u0105dzenia przez d\u0142ugi czas. Produkt jest przy tym zaskakuj\u0105co lekki i niewielki \u2013 wa\u017cy tylko oko\u0142o 10,3 kg, a jego wymiary to 234 x 224 x 304 mm. Mo\u017cesz wi\u0119c bez problemu zabra\u0107 go do ogrodu, do kampera czy na biwak!<\/p>\n<p>\n<img decoding=\"async\" src=\"https:\/\/assets.innpro.pl\/13384\/16471\/4.jpg\" border=\"0\" alt=\"\" \/>\n<\/p>\n<h3>W zestawie<\/h3>\n<ul class=\"list-disc pl-5\">\n<li>Stacja zasilania RIVER 3 Max Plus<\/li>\n<li>Kabel do \u0142adowania z gniazdka AC<\/li>\n<li>Kabel do \u0142adowania w samochodzie<\/li>\n<li>Kabel USB-B do USB-A UPS<\/li>\n<li>Skr\u00f3cona instrukcja obs\u0142ugi<\/li>\n<\/ul>\n<div class=\"table-wrapper\">\n<p>\u00a0<\/p>\n<h3>Og\u00f3lne<\/h3>\n<table>\n<tbody>\n<tr>\n<th>Producent<\/th>\n<td>EcoFlow<\/td>\n<\/tr>\n<tr>\n<th>Model<\/th>\n<td>RIVER 3 Max Plus<\/td>\n<\/tr>\n<tr>\n<th>Pojemno\u015b\u0107<\/th>\n<td>858 Wh \/ 268800 mAh<\/td>\n<\/tr>\n<tr>\n<th>Wymiary<\/th>\n<td>234 x 224 x 304 mm<\/td>\n<\/tr>\n<tr>\n<th>Waga<\/th>\n<td>10,3 kg<\/td>\n<\/tr>\n<\/tbody>\n<\/table>\n<p>\u00a0<\/p>\n<h3>Akumulator<\/h3>\n<table>\n<tbody>\n<tr>\n<th>Rodzaj<\/th>\n<td>LFP (LiFePO4)<\/td>\n<\/tr>\n<tr>\n<th>\u017bywotno\u015b\u0107<\/th>\n<td>Ok. 3000 cykli (do 80% pojemno\u015bci)<\/td>\n<\/tr>\n<\/tbody>\n<\/table>\n<p>\u00a0<\/p>\n<h3>Wyj\u015bcia<\/h3>\n<table>\n<tbody>\n<tr>\n<th>AC<\/th>\n<td>3x 230 V ~50 Hz, 600 W maks. (do 1200 W w trybie X-Boost)<\/td>\n<\/tr>\n<tr>\n<th>USB-A<\/th>\n<td>2x 5 V = 2,4 A, 12 W na ka\u017cdy port, \u0142\u0105cznie 24 W<\/td>\n<\/tr>\n<tr>\n<th>USB-C<\/th>\n<td>1x 100 W 5\/9\/12\/15 V = 3 A maks., 20 V = 5 A maks.; 1x 140 W 5\/9\/12\/15 V = 3 A maks., 20\/28 V = 5 A maks.<\/td>\n<\/tr>\n<tr>\n<th>Wyj\u015bcie samochodowe<\/th>\n<td>1x 12,6 V, 10 A, 126 W maks.<\/td>\n<\/tr>\n<\/tbody>\n<\/table>\n<p>\u00a0<\/p>\n<h3>Wej\u015bcia<\/h3>\n<table>\n<tbody>\n<tr>\n<th>\u0141adowanie AC<\/th>\n<td>200-240 V, 3 A maks., 50\/60 Hz, 650 W, 0-100% w ok. 2,3 h<\/td>\n<\/tr>\n<tr>\n<th>\u0141adowanie za pomoc\u0105 paneli fotowoltaicznych<\/th>\n<td>11-55 V, 13 A, 220 W maks., 0-100% w ok. 4,8 h (45 W \u2013 0-100% w ok. 23,5 h, 60 W \u2013 0-100% w ok. 17,6 h, 110 W \u2013 0-100% w ok. 9,6 h)<\/td>\n<\/tr>\n<tr>\n<th>\u0141adowanie w samochodzie<\/th>\n<td>11-55 V, 8 A maks., 220 W maks., 0-100% w ok. 9,6 h<\/td>\n<\/tr>\n<tr>\n<th>\u0141adowanie za pomoc\u0105 generatora pr\u0105du<\/th>\n<td>200-240 V, 3 A maks., 50\/60 Hz, 650 W, 0-100% w ok. 2,3 h<\/td>\n<\/tr>\n<tr>\n<th>\u0141adowanie przez USB-C<\/th>\n<td>5\/9\/12\/15 V = 3 A  maks., 20\/28 V = 5 A maks., 140 W maks., 0-100% w ok. 10,5 h<\/td>\n<\/tr>\n<\/tbody>\n<\/table>\n<p>\u00a0<\/p>\n<h3>Inne<\/h3>\n<table>\n<tbody>\n<tr>\n<th>UPS<\/th>\n<td>&lt; 10 ms<\/td>\n<\/tr>\n<tr>\n<th>Dodatkowy akumulator<\/th>\n<td>B600 (572 Wh)<\/td>\n<\/tr>\n<tr>\n<th>Aplikacja<\/th>\n<td>EcoFlow, po\u0142\u0105czenie przez Wi-Fi i Bluetooth<\/td>\n<\/tr>\n<tr>\n<th>Poziom ha\u0142asu<\/th>\n<td>Ok. 30 dB<\/td>\n<\/tr>\n<tr>\n<th>Klasa szczelno\u015bci<\/th>\n<td>IP54 (tylko akumulator, ca\u0142a stacja nie jest wodoodporna)<\/td>\n<\/tr>\n<\/tbody>\n<\/table>\n<p>\u00a0<\/p>\n<h3>Warunki pracy<\/h3>\n<table>\n<tbody>\n<tr>\n<th>Optymalna temperatura pracy<\/th>\n<td>Od 20\u00b0C do 30\u00b0C<\/td>\n<\/tr>\n<tr>\n<th>Temperatura \u0142adowania<\/th>\n<td>Od 0\u00b0C do 45\u00b0C<\/td>\n<\/tr>\n<tr>\n<th>Temperatura roz\u0142adowania<\/th>\n<td>Od -10\u00b0C do 45\u00b0C<\/td>\n<\/tr>\n<tr>\n<th>Temperatura przechowywania<\/th>\n<td>Od 20\u00b0C do 30\u00b0C<\/td>\n<\/tr>\n<tr>\n<th>Wysoko\u015b\u0107 pracy<\/th>\n<td>\u2264 2000 m<\/td>\n<\/tr>\n<\/tbody>\n<\/table>\n<\/div>\n","protected":false},"excerpt":{"rendered":"<p>Przeno\u015bna stacja zasilania EcoFlow River 3 Max Plus RIVER 3 Max Plus to po\u0142\u0105czenie stacji zasilania EcoFlow RIVER 3 Plus<\/p>\n","protected":false},"featured_media":40249,"comment_status":"closed","ping_status":"open","template":"","meta":{"_acf_changed":false},"product_brand":[],"product_cat":[1108,1111,6199],"product_tag":[],"class_list":{"0":"post-60252","1":"product","2":"type-product","3":"status-publish","4":"has-post-thumbnail","6":"product_cat-energia","7":"product_cat-stacje-zasilania","8":"product_cat-stacje-zasilania-stacje-zasilania","9":"pa_60-m-5771","10":"pa_producent-ecoflow","12":"first","13":"outofstock","14":"taxable","15":"shipping-taxable","16":"purchasable","17":"product-type-simple"},"acf":[],"yoast_head":"<!-- This site is optimized with the Yoast SEO plugin v27.2 - https:\/\/yoast.com\/product\/yoast-seo-wordpress\/ -->\n<title>Stacja zasilania ECOFLOW River 3 Max Plus 858Wh - IRONSKY.PL Sklep z Dronami<\/title>\n<meta name=\"description\" content=\"Stacja zasilania ECOFLOW River 3 Max Plus 858Wh - \u2705 sklep z dronami i fachowym doradztwem. \u2705 Tutaj kupisz produkty DJI, Yuneec, Parrot, Syma i wiele innych, a tak\u017ce kursy i licencje na operatora drona.\" \/>\n<meta name=\"robots\" content=\"index, follow, max-snippet:-1, max-image-preview:large, max-video-preview:-1\" \/>\n<link rel=\"canonical\" href=\"https:\/\/ironsky.pl\/sklep\/produkt\/stacja-zasilania-ecoflow-river-3-max-plus-858wh\/\" \/>\n<meta property=\"og:locale\" content=\"pl_PL\" \/>\n<meta property=\"og:type\" content=\"article\" \/>\n<meta property=\"og:title\" content=\"Stacja zasilania ECOFLOW River 3 Max Plus 858Wh - IRONSKY.PL Sklep z Dronami\" \/>\n<meta property=\"og:description\" content=\"Stacja zasilania ECOFLOW River 3 Max Plus 858Wh - \u2705 sklep z dronami i fachowym doradztwem. \u2705 Tutaj kupisz produkty DJI, Yuneec, Parrot, Syma i wiele innych, a tak\u017ce kursy i licencje na operatora drona.\" \/>\n<meta property=\"og:url\" content=\"https:\/\/ironsky.pl\/sklep\/produkt\/stacja-zasilania-ecoflow-river-3-max-plus-858wh\/\" \/>\n<meta property=\"og:site_name\" content=\"IRONSKY.PL Sklep z Dronami\" \/>\n<meta property=\"article:modified_time\" content=\"2026-04-15T08:58:46+00:00\" \/>\n<meta property=\"og:image\" content=\"https:\/\/ironsky.pl\/sklep\/wp-content\/uploads\/2025\/05\/50761_1.jpg\" \/>\n\t<meta property=\"og:image:width\" content=\"800\" \/>\n\t<meta property=\"og:image:height\" content=\"800\" \/>\n\t<meta property=\"og:image:type\" content=\"image\/jpeg\" \/>\n<meta name=\"twitter:card\" content=\"summary_large_image\" \/>\n<meta name=\"twitter:label1\" content=\"Szacowany czas czytania\" \/>\n\t<meta name=\"twitter:data1\" content=\"5 minut\" \/>\n<script type=\"application\/ld+json\" class=\"yoast-schema-graph\">{\"@context\":\"https:\/\/schema.org\",\"@graph\":[{\"@type\":\"WebPage\",\"@id\":\"https:\/\/ironsky.pl\/sklep\/produkt\/stacja-zasilania-ecoflow-river-3-max-plus-858wh\/\",\"url\":\"https:\/\/ironsky.pl\/sklep\/produkt\/stacja-zasilania-ecoflow-river-3-max-plus-858wh\/\",\"name\":\"Stacja zasilania ECOFLOW River 3 Max Plus 858Wh - IRONSKY.PL Sklep z Dronami\",\"isPartOf\":{\"@id\":\"https:\/\/ironsky.pl\/sklep\/#website\"},\"primaryImageOfPage\":{\"@id\":\"https:\/\/ironsky.pl\/sklep\/produkt\/stacja-zasilania-ecoflow-river-3-max-plus-858wh\/#primaryimage\"},\"image\":{\"@id\":\"https:\/\/ironsky.pl\/sklep\/produkt\/stacja-zasilania-ecoflow-river-3-max-plus-858wh\/#primaryimage\"},\"thumbnailUrl\":\"https:\/\/ironsky.pl\/sklep\/wp-content\/uploads\/2025\/05\/50761_1.jpg\",\"datePublished\":\"2026-04-15T08:58:20+00:00\",\"dateModified\":\"2026-04-15T08:58:46+00:00\",\"description\":\"Stacja zasilania ECOFLOW River 3 Max Plus 858Wh - \u2705 sklep z dronami i fachowym doradztwem. \u2705 Tutaj kupisz produkty DJI, Yuneec, Parrot, Syma i wiele innych, a tak\u017ce kursy i licencje na operatora drona.\",\"breadcrumb\":{\"@id\":\"https:\/\/ironsky.pl\/sklep\/produkt\/stacja-zasilania-ecoflow-river-3-max-plus-858wh\/#breadcrumb\"},\"inLanguage\":\"pl-PL\",\"potentialAction\":[{\"@type\":\"ReadAction\",\"target\":[\"https:\/\/ironsky.pl\/sklep\/produkt\/stacja-zasilania-ecoflow-river-3-max-plus-858wh\/\"]}]},{\"@type\":\"ImageObject\",\"inLanguage\":\"pl-PL\",\"@id\":\"https:\/\/ironsky.pl\/sklep\/produkt\/stacja-zasilania-ecoflow-river-3-max-plus-858wh\/#primaryimage\",\"url\":\"https:\/\/ironsky.pl\/sklep\/wp-content\/uploads\/2025\/05\/50761_1.jpg\",\"contentUrl\":\"https:\/\/ironsky.pl\/sklep\/wp-content\/uploads\/2025\/05\/50761_1.jpg\",\"width\":800,\"height\":800},{\"@type\":\"BreadcrumbList\",\"@id\":\"https:\/\/ironsky.pl\/sklep\/produkt\/stacja-zasilania-ecoflow-river-3-max-plus-858wh\/#breadcrumb\",\"itemListElement\":[{\"@type\":\"ListItem\",\"position\":1,\"name\":\"Strona g\u0142\u00f3wna\",\"item\":\"https:\/\/ironsky.pl\/sklep\/\"},{\"@type\":\"ListItem\",\"position\":2,\"name\":\"Wszystkie produkty\",\"item\":\"https:\/\/ironsky.pl\/sklep\/produkty\/\"},{\"@type\":\"ListItem\",\"position\":3,\"name\":\"Stacja zasilania ECOFLOW River 3 Max Plus 858Wh\"}]},{\"@type\":\"WebSite\",\"@id\":\"https:\/\/ironsky.pl\/sklep\/#website\",\"url\":\"https:\/\/ironsky.pl\/sklep\/\",\"name\":\"IRONSKY.PL Sklep z Dronami\",\"description\":\"IRONSKY.PL Sklep z Dronami\",\"potentialAction\":[{\"@type\":\"SearchAction\",\"target\":{\"@type\":\"EntryPoint\",\"urlTemplate\":\"https:\/\/ironsky.pl\/sklep\/?s={search_term_string}\"},\"query-input\":{\"@type\":\"PropertyValueSpecification\",\"valueRequired\":true,\"valueName\":\"search_term_string\"}}],\"inLanguage\":\"pl-PL\"}]}<\/script>\n<!-- \/ Yoast SEO plugin. -->","yoast_head_json":{"title":"Stacja zasilania ECOFLOW River 3 Max Plus 858Wh - IRONSKY.PL Sklep z Dronami","description":"Stacja zasilania ECOFLOW River 3 Max Plus 858Wh - \u2705 sklep z dronami i fachowym doradztwem. \u2705 Tutaj kupisz produkty DJI, Yuneec, Parrot, Syma i wiele innych, a tak\u017ce kursy i licencje na operatora drona.","robots":{"index":"index","follow":"follow","max-snippet":"max-snippet:-1","max-image-preview":"max-image-preview:large","max-video-preview":"max-video-preview:-1"},"canonical":"https:\/\/ironsky.pl\/sklep\/produkt\/stacja-zasilania-ecoflow-river-3-max-plus-858wh\/","og_locale":"pl_PL","og_type":"article","og_title":"Stacja zasilania ECOFLOW River 3 Max Plus 858Wh - IRONSKY.PL Sklep z Dronami","og_description":"Stacja zasilania ECOFLOW River 3 Max Plus 858Wh - \u2705 sklep z dronami i fachowym doradztwem. \u2705 Tutaj kupisz produkty DJI, Yuneec, Parrot, Syma i wiele innych, a tak\u017ce kursy i licencje na operatora drona.","og_url":"https:\/\/ironsky.pl\/sklep\/produkt\/stacja-zasilania-ecoflow-river-3-max-plus-858wh\/","og_site_name":"IRONSKY.PL Sklep z Dronami","article_modified_time":"2026-04-15T08:58:46+00:00","og_image":[{"width":800,"height":800,"url":"https:\/\/ironsky.pl\/sklep\/wp-content\/uploads\/2025\/05\/50761_1.jpg","type":"image\/jpeg"}],"twitter_card":"summary_large_image","twitter_misc":{"Szacowany czas czytania":"5 minut"},"schema":{"@context":"https:\/\/schema.org","@graph":[{"@type":"WebPage","@id":"https:\/\/ironsky.pl\/sklep\/produkt\/stacja-zasilania-ecoflow-river-3-max-plus-858wh\/","url":"https:\/\/ironsky.pl\/sklep\/produkt\/stacja-zasilania-ecoflow-river-3-max-plus-858wh\/","name":"Stacja zasilania ECOFLOW River 3 Max Plus 858Wh - IRONSKY.PL Sklep z Dronami","isPartOf":{"@id":"https:\/\/ironsky.pl\/sklep\/#website"},"primaryImageOfPage":{"@id":"https:\/\/ironsky.pl\/sklep\/produkt\/stacja-zasilania-ecoflow-river-3-max-plus-858wh\/#primaryimage"},"image":{"@id":"https:\/\/ironsky.pl\/sklep\/produkt\/stacja-zasilania-ecoflow-river-3-max-plus-858wh\/#primaryimage"},"thumbnailUrl":"https:\/\/ironsky.pl\/sklep\/wp-content\/uploads\/2025\/05\/50761_1.jpg","datePublished":"2026-04-15T08:58:20+00:00","dateModified":"2026-04-15T08:58:46+00:00","description":"Stacja zasilania ECOFLOW River 3 Max Plus 858Wh - \u2705 sklep z dronami i fachowym doradztwem. \u2705 Tutaj kupisz produkty DJI, Yuneec, Parrot, Syma i wiele innych, a tak\u017ce kursy i licencje na operatora drona.","breadcrumb":{"@id":"https:\/\/ironsky.pl\/sklep\/produkt\/stacja-zasilania-ecoflow-river-3-max-plus-858wh\/#breadcrumb"},"inLanguage":"pl-PL","potentialAction":[{"@type":"ReadAction","target":["https:\/\/ironsky.pl\/sklep\/produkt\/stacja-zasilania-ecoflow-river-3-max-plus-858wh\/"]}]},{"@type":"ImageObject","inLanguage":"pl-PL","@id":"https:\/\/ironsky.pl\/sklep\/produkt\/stacja-zasilania-ecoflow-river-3-max-plus-858wh\/#primaryimage","url":"https:\/\/ironsky.pl\/sklep\/wp-content\/uploads\/2025\/05\/50761_1.jpg","contentUrl":"https:\/\/ironsky.pl\/sklep\/wp-content\/uploads\/2025\/05\/50761_1.jpg","width":800,"height":800},{"@type":"BreadcrumbList","@id":"https:\/\/ironsky.pl\/sklep\/produkt\/stacja-zasilania-ecoflow-river-3-max-plus-858wh\/#breadcrumb","itemListElement":[{"@type":"ListItem","position":1,"name":"Strona g\u0142\u00f3wna","item":"https:\/\/ironsky.pl\/sklep\/"},{"@type":"ListItem","position":2,"name":"Wszystkie produkty","item":"https:\/\/ironsky.pl\/sklep\/produkty\/"},{"@type":"ListItem","position":3,"name":"Stacja zasilania ECOFLOW River 3 Max Plus 858Wh"}]},{"@type":"WebSite","@id":"https:\/\/ironsky.pl\/sklep\/#website","url":"https:\/\/ironsky.pl\/sklep\/","name":"IRONSKY.PL Sklep z Dronami","description":"IRONSKY.PL Sklep z Dronami","potentialAction":[{"@type":"SearchAction","target":{"@type":"EntryPoint","urlTemplate":"https:\/\/ironsky.pl\/sklep\/?s={search_term_string}"},"query-input":{"@type":"PropertyValueSpecification","valueRequired":true,"valueName":"search_term_string"}}],"inLanguage":"pl-PL"}]}},"_links":{"self":[{"href":"https:\/\/ironsky.pl\/sklep\/wp-json\/wp\/v2\/product\/60252","targetHints":{"allow":["GET"]}}],"collection":[{"href":"https:\/\/ironsky.pl\/sklep\/wp-json\/wp\/v2\/product"}],"about":[{"href":"https:\/\/ironsky.pl\/sklep\/wp-json\/wp\/v2\/types\/product"}],"replies":[{"embeddable":true,"href":"https:\/\/ironsky.pl\/sklep\/wp-json\/wp\/v2\/comments?post=60252"}],"wp:featuredmedia":[{"embeddable":true,"href":"https:\/\/ironsky.pl\/sklep\/wp-json\/wp\/v2\/media\/40249"}],"wp:attachment":[{"href":"https:\/\/ironsky.pl\/sklep\/wp-json\/wp\/v2\/media?parent=60252"}],"wp:term":[{"taxonomy":"product_brand","embeddable":true,"href":"https:\/\/ironsky.pl\/sklep\/wp-json\/wp\/v2\/product_brand?post=60252"},{"taxonomy":"product_cat","embeddable":true,"href":"https:\/\/ironsky.pl\/sklep\/wp-json\/wp\/v2\/product_cat?post=60252"},{"taxonomy":"product_tag","embeddable":true,"href":"https:\/\/ironsky.pl\/sklep\/wp-json\/wp\/v2\/product_tag?post=60252"}],"curies":[{"name":"wp","href":"https:\/\/api.w.org\/{rel}","templated":true}]}}