{"id":60249,"date":"2026-04-15T10:58:20","date_gmt":"2026-04-15T08:58:20","guid":{"rendered":"https:\/\/ironsky.pl\/sklep\/produkt\/zestaw-filtrow-telesin-nd8-16-32-do-gopro-hero-13-black\/"},"modified":"2026-04-15T10:58:43","modified_gmt":"2026-04-15T08:58:43","slug":"zestaw-filtrow-telesin-nd8-16-32-do-gopro-hero-13-black","status":"publish","type":"product","link":"https:\/\/ironsky.pl\/sklep\/produkt\/zestaw-filtrow-telesin-nd8-16-32-do-gopro-hero-13-black\/","title":{"rendered":"Zestaw filtr\u00f3w TELESIN ND8\/16\/32 do GoPro Hero 13 Black"},"content":{"rendered":"<h3>Zestaw 3 filtr\u00f3w Telesin ND 8\/16\/32 do GoPro GoPro Hero 13 Black (S5-FLT-12-TGP)<\/h3>\n<p>Zestaw filtr\u00f3w Telesin ND8\/16\/32 to idealne rozwi\u0105zanie dla tw\u00f3rc\u00f3w, kt\u00f3rzy chc\u0105 poprawi\u0107 jako\u015b\u0107 swoich nagra\u0144 i zdj\u0119\u0107 wykonanych kamer\u0105 GoPro Hero 13 Black. Filtry poprawiaj\u0105 kontrast i kontroluj\u0105 ilo\u015b\u0107 \u015bwiat\u0142a docieraj\u0105cego do matrycy, co przek\u0142ada si\u0119 na profesjonalne efekty w ka\u017cdych warunkach o\u015bwietleniowych.<\/p>\n<p>\n<img decoding=\"async\" src=\"https:\/\/assets.innpro.pl\/13131\/16061\/2.jpg\" border=\"0\" alt=\"\" \/>\n<\/p>\n<h3>Wysoka jako\u015b\u0107 wykonania i skuteczna ochrona<\/h3>\n<p>Ka\u017cdy filtr wykonano z lekkiego, ale wytrzyma\u0142ego aluminium oraz szk\u0142a Corning Glass, kt\u00f3re zapewnia wysok\u0105 odporno\u015b\u0107 na zarysowania, wod\u0119 i olej. Dzi\u0119ki temu filtry s\u0105 trwa\u0142e i niezawodne nawet w ekstremalnych warunkach. Precyzyjne dopasowanie do kamery GoPro Hero 13 Black gwarantuje \u0142atwy monta\u017c i stabilno\u015b\u0107 podczas u\u017cytkowania.<\/p>\n<p>\n<img decoding=\"async\" src=\"https:\/\/assets.innpro.pl\/13131\/16061\/4.jpg\" border=\"0\" alt=\"\" \/>\n<\/p>\n<h3>Wszechstronno\u015b\u0107 w ka\u017cdej sytuacji<\/h3>\n<p>Filtry ND8, ND16 i ND32 ograniczaj\u0105 ilo\u015b\u0107 \u015bwiat\u0142a wpadaj\u0105cego do obiektywu, umo\u017cliwiaj\u0105c p\u0142ynniejsze nagrania i lepsz\u0105 kontrol\u0119 nad ekspozycj\u0105 w r\u00f3\u017cnych warunkach pogodowych. To idealne narz\u0119dzie dla mi\u0142o\u015bnik\u00f3w dynamicznych uj\u0119\u0107 i kinowego efektu rozmycia ruchu.<\/p>\n<p>\n<img decoding=\"async\" src=\"https:\/\/assets.innpro.pl\/13131\/16061\/3.jpg\" border=\"0\" alt=\"\" \/>\n<\/p>\n<h3>W zestawie<\/h3>\n<ul class=\"list-disc pl-5\">\n<li>3 filtry: ND8, ND16, ND32<\/li>\n<li>Etui ochronne<\/li>\n<li>\u015aciereczka do czyszczenia x1<\/li>\n<\/ul>\n<div class=\"table-wrapper\">\n<p>\u00a0<\/p>\n<h3><\/h3>\n<table>\n<tbody>\n<tr>\n<th>Producent<\/th>\n<td>Telesin<\/td>\n<\/tr>\n<tr>\n<th>Kod producenta<\/th>\n<td>S5-FLT-12-TGP<\/td>\n<\/tr>\n<tr>\n<th>Kompatybilno\u015b\u0107<\/th>\n<td>GoPro Hero 13 Black<\/td>\n<\/tr>\n<tr>\n<th>Materia\u0142<\/th>\n<td>Aluminium + szk\u0142o Corning<\/td>\n<\/tr>\n<tr>\n<th>Filtry w zestawie<\/th>\n<td>ND8, ND16, ND32<\/td>\n<\/tr>\n<tr>\n<th>Odporno\u015b\u0107<\/th>\n<td>Woda, olej, zarysowania<\/td>\n<\/tr>\n<tr>\n<th>Waga<\/th>\n<td>5.9 \u2013 6.7 g na sztuk\u0119<\/td>\n<\/tr>\n<tr>\n<th>Wymiary<\/th>\n<td>38.1 \u00d7 38.1 \u00d7 5.9 mm<\/td>\n<\/tr>\n<\/tbody>\n<\/table>\n<\/div>\n","protected":false},"excerpt":{"rendered":"<p>Zestaw 3 filtr\u00f3w Telesin ND 8\/16\/32 do GoPro GoPro Hero 13 Black (S5-FLT-12-TGP) Zestaw filtr\u00f3w Telesin ND8\/16\/32 to idealne rozwi\u0105zanie<\/p>\n","protected":false},"featured_media":40245,"comment_status":"closed","ping_status":"open","template":"","meta":{"_acf_changed":false},"product_brand":[],"product_cat":[6224,6211,1128],"product_tag":[],"class_list":{"0":"post-60249","1":"product","2":"type-product","3":"status-publish","4":"has-post-thumbnail","6":"product_cat-do-kamer-sportowych-filtry","7":"product_cat-filtry","8":"product_cat-foto-wideo","9":"pa_okres-gwarancji-5754","10":"pa_producent-telesin","12":"first","13":"outofstock","14":"taxable","15":"shipping-taxable","16":"purchasable","17":"product-type-simple"},"acf":[],"yoast_head":"<!-- This site is optimized with the Yoast SEO plugin v27.2 - https:\/\/yoast.com\/product\/yoast-seo-wordpress\/ -->\n<title>Zestaw filtr\u00f3w TELESIN ND8\/16\/32 do GoPro Hero 13 Black - IRONSKY.PL Sklep z Dronami<\/title>\n<meta name=\"description\" content=\"Zestaw filtr\u00f3w TELESIN ND8\/16\/32 do GoPro Hero 13 Black - \u2705 sklep z dronami i fachowym doradztwem. \u2705 Tutaj kupisz produkty DJI, Yuneec, Parrot, Syma i wiele innych, a tak\u017ce kursy i licencje na operatora drona.\" \/>\n<meta name=\"robots\" content=\"index, follow, max-snippet:-1, max-image-preview:large, max-video-preview:-1\" \/>\n<link rel=\"canonical\" href=\"https:\/\/ironsky.pl\/sklep\/produkt\/zestaw-filtrow-telesin-nd8-16-32-do-gopro-hero-13-black\/\" \/>\n<meta property=\"og:locale\" content=\"pl_PL\" \/>\n<meta property=\"og:type\" content=\"article\" \/>\n<meta property=\"og:title\" content=\"Zestaw filtr\u00f3w TELESIN ND8\/16\/32 do GoPro Hero 13 Black - IRONSKY.PL Sklep z Dronami\" \/>\n<meta property=\"og:description\" content=\"Zestaw filtr\u00f3w TELESIN ND8\/16\/32 do GoPro Hero 13 Black - \u2705 sklep z dronami i fachowym doradztwem. \u2705 Tutaj kupisz produkty DJI, Yuneec, Parrot, Syma i wiele innych, a tak\u017ce kursy i licencje na operatora drona.\" \/>\n<meta property=\"og:url\" content=\"https:\/\/ironsky.pl\/sklep\/produkt\/zestaw-filtrow-telesin-nd8-16-32-do-gopro-hero-13-black\/\" \/>\n<meta property=\"og:site_name\" content=\"IRONSKY.PL Sklep z Dronami\" \/>\n<meta property=\"article:modified_time\" content=\"2026-04-15T08:58:43+00:00\" \/>\n<meta property=\"og:image\" content=\"https:\/\/ironsky.pl\/sklep\/wp-content\/uploads\/2025\/05\/50729_1.jpg\" \/>\n\t<meta property=\"og:image:width\" content=\"800\" \/>\n\t<meta property=\"og:image:height\" content=\"800\" \/>\n\t<meta property=\"og:image:type\" content=\"image\/jpeg\" \/>\n<meta name=\"twitter:card\" content=\"summary_large_image\" \/>\n<meta name=\"twitter:label1\" content=\"Szacowany czas czytania\" \/>\n\t<meta name=\"twitter:data1\" content=\"1 minuta\" \/>\n<script type=\"application\/ld+json\" class=\"yoast-schema-graph\">{\"@context\":\"https:\/\/schema.org\",\"@graph\":[{\"@type\":\"WebPage\",\"@id\":\"https:\/\/ironsky.pl\/sklep\/produkt\/zestaw-filtrow-telesin-nd8-16-32-do-gopro-hero-13-black\/\",\"url\":\"https:\/\/ironsky.pl\/sklep\/produkt\/zestaw-filtrow-telesin-nd8-16-32-do-gopro-hero-13-black\/\",\"name\":\"Zestaw filtr\u00f3w TELESIN ND8\/16\/32 do GoPro Hero 13 Black - IRONSKY.PL Sklep z Dronami\",\"isPartOf\":{\"@id\":\"https:\/\/ironsky.pl\/sklep\/#website\"},\"primaryImageOfPage\":{\"@id\":\"https:\/\/ironsky.pl\/sklep\/produkt\/zestaw-filtrow-telesin-nd8-16-32-do-gopro-hero-13-black\/#primaryimage\"},\"image\":{\"@id\":\"https:\/\/ironsky.pl\/sklep\/produkt\/zestaw-filtrow-telesin-nd8-16-32-do-gopro-hero-13-black\/#primaryimage\"},\"thumbnailUrl\":\"https:\/\/ironsky.pl\/sklep\/wp-content\/uploads\/2025\/05\/50729_1.jpg\",\"datePublished\":\"2026-04-15T08:58:20+00:00\",\"dateModified\":\"2026-04-15T08:58:43+00:00\",\"description\":\"Zestaw filtr\u00f3w TELESIN ND8\/16\/32 do GoPro Hero 13 Black - \u2705 sklep z dronami i fachowym doradztwem. \u2705 Tutaj kupisz produkty DJI, Yuneec, Parrot, Syma i wiele innych, a tak\u017ce kursy i licencje na operatora drona.\",\"breadcrumb\":{\"@id\":\"https:\/\/ironsky.pl\/sklep\/produkt\/zestaw-filtrow-telesin-nd8-16-32-do-gopro-hero-13-black\/#breadcrumb\"},\"inLanguage\":\"pl-PL\",\"potentialAction\":[{\"@type\":\"ReadAction\",\"target\":[\"https:\/\/ironsky.pl\/sklep\/produkt\/zestaw-filtrow-telesin-nd8-16-32-do-gopro-hero-13-black\/\"]}]},{\"@type\":\"ImageObject\",\"inLanguage\":\"pl-PL\",\"@id\":\"https:\/\/ironsky.pl\/sklep\/produkt\/zestaw-filtrow-telesin-nd8-16-32-do-gopro-hero-13-black\/#primaryimage\",\"url\":\"https:\/\/ironsky.pl\/sklep\/wp-content\/uploads\/2025\/05\/50729_1.jpg\",\"contentUrl\":\"https:\/\/ironsky.pl\/sklep\/wp-content\/uploads\/2025\/05\/50729_1.jpg\",\"width\":800,\"height\":800},{\"@type\":\"BreadcrumbList\",\"@id\":\"https:\/\/ironsky.pl\/sklep\/produkt\/zestaw-filtrow-telesin-nd8-16-32-do-gopro-hero-13-black\/#breadcrumb\",\"itemListElement\":[{\"@type\":\"ListItem\",\"position\":1,\"name\":\"Strona g\u0142\u00f3wna\",\"item\":\"https:\/\/ironsky.pl\/sklep\/\"},{\"@type\":\"ListItem\",\"position\":2,\"name\":\"Wszystkie produkty\",\"item\":\"https:\/\/ironsky.pl\/sklep\/produkty\/\"},{\"@type\":\"ListItem\",\"position\":3,\"name\":\"Zestaw filtr\u00f3w TELESIN ND8\/16\/32 do GoPro Hero 13 Black\"}]},{\"@type\":\"WebSite\",\"@id\":\"https:\/\/ironsky.pl\/sklep\/#website\",\"url\":\"https:\/\/ironsky.pl\/sklep\/\",\"name\":\"IRONSKY.PL Sklep z Dronami\",\"description\":\"IRONSKY.PL Sklep z Dronami\",\"potentialAction\":[{\"@type\":\"SearchAction\",\"target\":{\"@type\":\"EntryPoint\",\"urlTemplate\":\"https:\/\/ironsky.pl\/sklep\/?s={search_term_string}\"},\"query-input\":{\"@type\":\"PropertyValueSpecification\",\"valueRequired\":true,\"valueName\":\"search_term_string\"}}],\"inLanguage\":\"pl-PL\"}]}<\/script>\n<!-- \/ Yoast SEO plugin. -->","yoast_head_json":{"title":"Zestaw filtr\u00f3w TELESIN ND8\/16\/32 do GoPro Hero 13 Black - IRONSKY.PL Sklep z Dronami","description":"Zestaw filtr\u00f3w TELESIN ND8\/16\/32 do GoPro Hero 13 Black - \u2705 sklep z dronami i fachowym doradztwem. \u2705 Tutaj kupisz produkty DJI, Yuneec, Parrot, Syma i wiele innych, a tak\u017ce kursy i licencje na operatora drona.","robots":{"index":"index","follow":"follow","max-snippet":"max-snippet:-1","max-image-preview":"max-image-preview:large","max-video-preview":"max-video-preview:-1"},"canonical":"https:\/\/ironsky.pl\/sklep\/produkt\/zestaw-filtrow-telesin-nd8-16-32-do-gopro-hero-13-black\/","og_locale":"pl_PL","og_type":"article","og_title":"Zestaw filtr\u00f3w TELESIN ND8\/16\/32 do GoPro Hero 13 Black - IRONSKY.PL Sklep z Dronami","og_description":"Zestaw filtr\u00f3w TELESIN ND8\/16\/32 do GoPro Hero 13 Black - \u2705 sklep z dronami i fachowym doradztwem. \u2705 Tutaj kupisz produkty DJI, Yuneec, Parrot, Syma i wiele innych, a tak\u017ce kursy i licencje na operatora drona.","og_url":"https:\/\/ironsky.pl\/sklep\/produkt\/zestaw-filtrow-telesin-nd8-16-32-do-gopro-hero-13-black\/","og_site_name":"IRONSKY.PL Sklep z Dronami","article_modified_time":"2026-04-15T08:58:43+00:00","og_image":[{"width":800,"height":800,"url":"https:\/\/ironsky.pl\/sklep\/wp-content\/uploads\/2025\/05\/50729_1.jpg","type":"image\/jpeg"}],"twitter_card":"summary_large_image","twitter_misc":{"Szacowany czas czytania":"1 minuta"},"schema":{"@context":"https:\/\/schema.org","@graph":[{"@type":"WebPage","@id":"https:\/\/ironsky.pl\/sklep\/produkt\/zestaw-filtrow-telesin-nd8-16-32-do-gopro-hero-13-black\/","url":"https:\/\/ironsky.pl\/sklep\/produkt\/zestaw-filtrow-telesin-nd8-16-32-do-gopro-hero-13-black\/","name":"Zestaw filtr\u00f3w TELESIN ND8\/16\/32 do GoPro Hero 13 Black - IRONSKY.PL Sklep z Dronami","isPartOf":{"@id":"https:\/\/ironsky.pl\/sklep\/#website"},"primaryImageOfPage":{"@id":"https:\/\/ironsky.pl\/sklep\/produkt\/zestaw-filtrow-telesin-nd8-16-32-do-gopro-hero-13-black\/#primaryimage"},"image":{"@id":"https:\/\/ironsky.pl\/sklep\/produkt\/zestaw-filtrow-telesin-nd8-16-32-do-gopro-hero-13-black\/#primaryimage"},"thumbnailUrl":"https:\/\/ironsky.pl\/sklep\/wp-content\/uploads\/2025\/05\/50729_1.jpg","datePublished":"2026-04-15T08:58:20+00:00","dateModified":"2026-04-15T08:58:43+00:00","description":"Zestaw filtr\u00f3w TELESIN ND8\/16\/32 do GoPro Hero 13 Black - \u2705 sklep z dronami i fachowym doradztwem. \u2705 Tutaj kupisz produkty DJI, Yuneec, Parrot, Syma i wiele innych, a tak\u017ce kursy i licencje na operatora drona.","breadcrumb":{"@id":"https:\/\/ironsky.pl\/sklep\/produkt\/zestaw-filtrow-telesin-nd8-16-32-do-gopro-hero-13-black\/#breadcrumb"},"inLanguage":"pl-PL","potentialAction":[{"@type":"ReadAction","target":["https:\/\/ironsky.pl\/sklep\/produkt\/zestaw-filtrow-telesin-nd8-16-32-do-gopro-hero-13-black\/"]}]},{"@type":"ImageObject","inLanguage":"pl-PL","@id":"https:\/\/ironsky.pl\/sklep\/produkt\/zestaw-filtrow-telesin-nd8-16-32-do-gopro-hero-13-black\/#primaryimage","url":"https:\/\/ironsky.pl\/sklep\/wp-content\/uploads\/2025\/05\/50729_1.jpg","contentUrl":"https:\/\/ironsky.pl\/sklep\/wp-content\/uploads\/2025\/05\/50729_1.jpg","width":800,"height":800},{"@type":"BreadcrumbList","@id":"https:\/\/ironsky.pl\/sklep\/produkt\/zestaw-filtrow-telesin-nd8-16-32-do-gopro-hero-13-black\/#breadcrumb","itemListElement":[{"@type":"ListItem","position":1,"name":"Strona g\u0142\u00f3wna","item":"https:\/\/ironsky.pl\/sklep\/"},{"@type":"ListItem","position":2,"name":"Wszystkie produkty","item":"https:\/\/ironsky.pl\/sklep\/produkty\/"},{"@type":"ListItem","position":3,"name":"Zestaw filtr\u00f3w TELESIN ND8\/16\/32 do GoPro Hero 13 Black"}]},{"@type":"WebSite","@id":"https:\/\/ironsky.pl\/sklep\/#website","url":"https:\/\/ironsky.pl\/sklep\/","name":"IRONSKY.PL Sklep z Dronami","description":"IRONSKY.PL Sklep z Dronami","potentialAction":[{"@type":"SearchAction","target":{"@type":"EntryPoint","urlTemplate":"https:\/\/ironsky.pl\/sklep\/?s={search_term_string}"},"query-input":{"@type":"PropertyValueSpecification","valueRequired":true,"valueName":"search_term_string"}}],"inLanguage":"pl-PL"}]}},"_links":{"self":[{"href":"https:\/\/ironsky.pl\/sklep\/wp-json\/wp\/v2\/product\/60249","targetHints":{"allow":["GET"]}}],"collection":[{"href":"https:\/\/ironsky.pl\/sklep\/wp-json\/wp\/v2\/product"}],"about":[{"href":"https:\/\/ironsky.pl\/sklep\/wp-json\/wp\/v2\/types\/product"}],"replies":[{"embeddable":true,"href":"https:\/\/ironsky.pl\/sklep\/wp-json\/wp\/v2\/comments?post=60249"}],"wp:featuredmedia":[{"embeddable":true,"href":"https:\/\/ironsky.pl\/sklep\/wp-json\/wp\/v2\/media\/40245"}],"wp:attachment":[{"href":"https:\/\/ironsky.pl\/sklep\/wp-json\/wp\/v2\/media?parent=60249"}],"wp:term":[{"taxonomy":"product_brand","embeddable":true,"href":"https:\/\/ironsky.pl\/sklep\/wp-json\/wp\/v2\/product_brand?post=60249"},{"taxonomy":"product_cat","embeddable":true,"href":"https:\/\/ironsky.pl\/sklep\/wp-json\/wp\/v2\/product_cat?post=60249"},{"taxonomy":"product_tag","embeddable":true,"href":"https:\/\/ironsky.pl\/sklep\/wp-json\/wp\/v2\/product_tag?post=60249"}],"curies":[{"name":"wp","href":"https:\/\/api.w.org\/{rel}","templated":true}]}}