{"id":60243,"date":"2026-04-15T10:58:20","date_gmt":"2026-04-15T08:58:20","guid":{"rendered":"https:\/\/ironsky.pl\/sklep\/produkt\/szklo-hartowane-3w1-telesin-do-gopro-hero-13-black\/"},"modified":"2026-04-15T10:58:35","modified_gmt":"2026-04-15T08:58:35","slug":"szklo-hartowane-3w1-telesin-do-gopro-hero-13-black","status":"publish","type":"product","link":"https:\/\/ironsky.pl\/sklep\/produkt\/szklo-hartowane-3w1-telesin-do-gopro-hero-13-black\/","title":{"rendered":"Szk\u0142o hartowane 3w1 TELESIN do GoPro Hero 13 Black"},"content":{"rendered":"<h3>Szk\u0142o hartowane 3w1 do GoPro Hero 13 Black Telesin (S6-FLM-07-TGP)<\/h3>\n<p>W sk\u0142ad zestawu wchodz\u0105 trzy szk\u0142a hartowane do GoPro Hero 13 \u2013 na przedni ekran, na tylny ekran i na obiektyw. Dzi\u0119ki precyzyjnemu dopasowaniu i twardo\u015bci 9H skutecznie chroni\u0105 przed zarysowaniami, zabrudzeniami i drobnymi uderzeniami, zapewniaj\u0105c maksymalne bezpiecze\u0144stwo urz\u0105dzenia w ka\u017cdych warunkach. Akcesoria nie wp\u0142ywaj\u0105 te\u017c na komfort u\u017cytkowania kamery ani na jako\u015b\u0107 obrazu.<\/p>\n<p>\n<img decoding=\"async\" src=\"https:\/\/assets.innpro.pl\/13040\/15918\/5.jpg\" border=\"0\" alt=\"\" \/>\n<\/p>\n<h3>Odporno\u015b\u0107 na uszkodzenia<\/h3>\n<p>Wysoka jako\u015b\u0107 materia\u0142u i twardo\u015b\u0107 9H sprawiaj\u0105, \u017ce szk\u0142o skutecznie chroni przed uszkodzeniami mechanicznymi \u2013 doskonale sprawdzi si\u0119 w plenerze. Zadbaj o bezpiecze\u0144stwo swojej kamery i nie obawiaj si\u0119, \u017ce co\u015b p\u00f3jdzie niezgodnie z planem!<\/p>\n<p>\n<img decoding=\"async\" src=\"https:\/\/assets.innpro.pl\/13040\/15918\/7.jpg\" border=\"0\" alt=\"\" \/>\n<\/p>\n<h3>Wygodna obs\u0142uga, \u015bwietna jako\u015b\u0107 obrazu<\/h3>\n<p>Szk\u0142o hartowane Telesin charakteryzuje si\u0119 przepuszczalno\u015bci\u0105 \u015bwiat\u0142a na poziomie 99%, co gwarantuje zachowanie oryginalnej jako\u015bci obrazu i \u017cywych kolor\u00f3w. Technologia elektrostatycznej adsorpcji u\u0142atwia bezproblemow\u0105 instalacj\u0119, eliminuj\u0105c p\u0119cherzyki powietrza, a dzi\u0119ki konstrukcji 2.5D kraw\u0119dzie akcesorium s\u0105 delikatnie zaokr\u0105glone, co podnosi komfort u\u017cytkowania i nadaje elegancki wygl\u0105d. Co wi\u0119cej, precyzyjne dopasowanie do ekran\u00f3w kamery sprawia, \u017ce szk\u0142o nie wp\u0142ywa na czu\u0142o\u015b\u0107 dotyku.<\/p>\n<p>\n<img decoding=\"async\" src=\"https:\/\/assets.innpro.pl\/13040\/15918\/6.jpg\" border=\"0\" alt=\"\" \/>\n<\/p>\n<h3>W zestawie<\/h3>\n<ul class=\"list-disc pl-5\">\n<li>Szk\u0142o hartowane na przedni ekran<\/li>\n<li>Szk\u0142o hartowane na tylny ekran<\/li>\n<li>Szk\u0142o hartowane na obiektyw<\/li>\n<\/ul>\n<div class=\"table-wrapper\">\n<p>\u00a0<\/p>\n<h3><\/h3>\n<table>\n<tbody>\n<tr>\n<th>Producent<\/th>\n<td>Telesin<\/td>\n<\/tr>\n<tr>\n<th>Nazwa<\/th>\n<td>For Hero 13 tempered film<\/td>\n<\/tr>\n<tr>\n<th>Model<\/th>\n<td>S6-FLM-07-TGP<\/td>\n<\/tr>\n<tr>\n<th>Materia\u0142<\/th>\n<td>Szk\u0142o hartowane<\/td>\n<\/tr>\n<tr>\n<th>Wymiary szk\u0142a na przedni ekran<\/th>\n<td>40 mm \u00d7 30 mm<\/td>\n<\/tr>\n<tr>\n<th>Wymiary szk\u0142a na obiektyw<\/th>\n<td>27,5 mm \u00d7 27,5 mm<\/td>\n<\/tr>\n<tr>\n<th>Wymiary szk\u0142a na tylny ekran<\/th>\n<td>62,4 mm \u00d7 41,4 mm<\/td>\n<\/tr>\n<tr>\n<th>Twardo\u015b\u0107<\/th>\n<td>9H<\/td>\n<\/tr>\n<tr>\n<th>Kompatybilno\u015b\u0107<\/th>\n<td>GoPro Hero 13<\/td>\n<\/tr>\n<\/tbody>\n<\/table>\n<\/div>\n","protected":false},"excerpt":{"rendered":"<p>Szk\u0142o hartowane 3w1 do GoPro Hero 13 Black Telesin (S6-FLM-07-TGP) W sk\u0142ad zestawu wchodz\u0105 trzy szk\u0142a hartowane do GoPro Hero<\/p>\n","protected":false},"featured_media":40230,"comment_status":"closed","ping_status":"open","template":"","meta":{"_acf_changed":false},"product_brand":[],"product_cat":[1130,1137,1128],"product_tag":[],"class_list":{"0":"post-60243","1":"product","2":"type-product","3":"status-publish","4":"has-post-thumbnail","6":"product_cat-akcesoria-foto","7":"product_cat-do-kamer-sportowych","8":"product_cat-foto-wideo","9":"pa_okres-gwarancji-5754","10":"pa_producent-telesin","12":"first","13":"outofstock","14":"taxable","15":"shipping-taxable","16":"purchasable","17":"product-type-simple"},"acf":[],"yoast_head":"<!-- This site is optimized with the Yoast SEO plugin v27.2 - https:\/\/yoast.com\/product\/yoast-seo-wordpress\/ -->\n<title>Szk\u0142o hartowane 3w1 TELESIN do GoPro Hero 13 Black - IRONSKY.PL Sklep z Dronami<\/title>\n<meta name=\"description\" content=\"Szk\u0142o hartowane 3w1 TELESIN do GoPro Hero 13 Black - \u2705 sklep z dronami i fachowym doradztwem. \u2705 Tutaj kupisz produkty DJI, Yuneec, Parrot, Syma i wiele innych, a tak\u017ce kursy i licencje na operatora drona.\" \/>\n<meta name=\"robots\" content=\"index, follow, max-snippet:-1, max-image-preview:large, max-video-preview:-1\" \/>\n<link rel=\"canonical\" href=\"https:\/\/ironsky.pl\/sklep\/produkt\/szklo-hartowane-3w1-telesin-do-gopro-hero-13-black\/\" \/>\n<meta property=\"og:locale\" content=\"pl_PL\" \/>\n<meta property=\"og:type\" content=\"article\" \/>\n<meta property=\"og:title\" content=\"Szk\u0142o hartowane 3w1 TELESIN do GoPro Hero 13 Black - IRONSKY.PL Sklep z Dronami\" \/>\n<meta property=\"og:description\" content=\"Szk\u0142o hartowane 3w1 TELESIN do GoPro Hero 13 Black - \u2705 sklep z dronami i fachowym doradztwem. \u2705 Tutaj kupisz produkty DJI, Yuneec, Parrot, Syma i wiele innych, a tak\u017ce kursy i licencje na operatora drona.\" \/>\n<meta property=\"og:url\" content=\"https:\/\/ironsky.pl\/sklep\/produkt\/szklo-hartowane-3w1-telesin-do-gopro-hero-13-black\/\" \/>\n<meta property=\"og:site_name\" content=\"IRONSKY.PL Sklep z Dronami\" \/>\n<meta property=\"article:modified_time\" content=\"2026-04-15T08:58:35+00:00\" \/>\n<meta property=\"og:image\" content=\"https:\/\/ironsky.pl\/sklep\/wp-content\/uploads\/2025\/05\/50722_1.jpg\" \/>\n\t<meta property=\"og:image:width\" content=\"800\" \/>\n\t<meta property=\"og:image:height\" content=\"800\" \/>\n\t<meta property=\"og:image:type\" content=\"image\/jpeg\" \/>\n<meta name=\"twitter:card\" content=\"summary_large_image\" \/>\n<meta name=\"twitter:label1\" content=\"Szacowany czas czytania\" \/>\n\t<meta name=\"twitter:data1\" content=\"1 minuta\" \/>\n<script type=\"application\/ld+json\" class=\"yoast-schema-graph\">{\"@context\":\"https:\/\/schema.org\",\"@graph\":[{\"@type\":\"WebPage\",\"@id\":\"https:\/\/ironsky.pl\/sklep\/produkt\/szklo-hartowane-3w1-telesin-do-gopro-hero-13-black\/\",\"url\":\"https:\/\/ironsky.pl\/sklep\/produkt\/szklo-hartowane-3w1-telesin-do-gopro-hero-13-black\/\",\"name\":\"Szk\u0142o hartowane 3w1 TELESIN do GoPro Hero 13 Black - IRONSKY.PL Sklep z Dronami\",\"isPartOf\":{\"@id\":\"https:\/\/ironsky.pl\/sklep\/#website\"},\"primaryImageOfPage\":{\"@id\":\"https:\/\/ironsky.pl\/sklep\/produkt\/szklo-hartowane-3w1-telesin-do-gopro-hero-13-black\/#primaryimage\"},\"image\":{\"@id\":\"https:\/\/ironsky.pl\/sklep\/produkt\/szklo-hartowane-3w1-telesin-do-gopro-hero-13-black\/#primaryimage\"},\"thumbnailUrl\":\"https:\/\/ironsky.pl\/sklep\/wp-content\/uploads\/2025\/05\/50722_1.jpg\",\"datePublished\":\"2026-04-15T08:58:20+00:00\",\"dateModified\":\"2026-04-15T08:58:35+00:00\",\"description\":\"Szk\u0142o hartowane 3w1 TELESIN do GoPro Hero 13 Black - \u2705 sklep z dronami i fachowym doradztwem. \u2705 Tutaj kupisz produkty DJI, Yuneec, Parrot, Syma i wiele innych, a tak\u017ce kursy i licencje na operatora drona.\",\"breadcrumb\":{\"@id\":\"https:\/\/ironsky.pl\/sklep\/produkt\/szklo-hartowane-3w1-telesin-do-gopro-hero-13-black\/#breadcrumb\"},\"inLanguage\":\"pl-PL\",\"potentialAction\":[{\"@type\":\"ReadAction\",\"target\":[\"https:\/\/ironsky.pl\/sklep\/produkt\/szklo-hartowane-3w1-telesin-do-gopro-hero-13-black\/\"]}]},{\"@type\":\"ImageObject\",\"inLanguage\":\"pl-PL\",\"@id\":\"https:\/\/ironsky.pl\/sklep\/produkt\/szklo-hartowane-3w1-telesin-do-gopro-hero-13-black\/#primaryimage\",\"url\":\"https:\/\/ironsky.pl\/sklep\/wp-content\/uploads\/2025\/05\/50722_1.jpg\",\"contentUrl\":\"https:\/\/ironsky.pl\/sklep\/wp-content\/uploads\/2025\/05\/50722_1.jpg\",\"width\":800,\"height\":800},{\"@type\":\"BreadcrumbList\",\"@id\":\"https:\/\/ironsky.pl\/sklep\/produkt\/szklo-hartowane-3w1-telesin-do-gopro-hero-13-black\/#breadcrumb\",\"itemListElement\":[{\"@type\":\"ListItem\",\"position\":1,\"name\":\"Strona g\u0142\u00f3wna\",\"item\":\"https:\/\/ironsky.pl\/sklep\/\"},{\"@type\":\"ListItem\",\"position\":2,\"name\":\"Wszystkie produkty\",\"item\":\"https:\/\/ironsky.pl\/sklep\/produkty\/\"},{\"@type\":\"ListItem\",\"position\":3,\"name\":\"Szk\u0142o hartowane 3w1 TELESIN do GoPro Hero 13 Black\"}]},{\"@type\":\"WebSite\",\"@id\":\"https:\/\/ironsky.pl\/sklep\/#website\",\"url\":\"https:\/\/ironsky.pl\/sklep\/\",\"name\":\"IRONSKY.PL Sklep z Dronami\",\"description\":\"IRONSKY.PL Sklep z Dronami\",\"potentialAction\":[{\"@type\":\"SearchAction\",\"target\":{\"@type\":\"EntryPoint\",\"urlTemplate\":\"https:\/\/ironsky.pl\/sklep\/?s={search_term_string}\"},\"query-input\":{\"@type\":\"PropertyValueSpecification\",\"valueRequired\":true,\"valueName\":\"search_term_string\"}}],\"inLanguage\":\"pl-PL\"}]}<\/script>\n<!-- \/ Yoast SEO plugin. -->","yoast_head_json":{"title":"Szk\u0142o hartowane 3w1 TELESIN do GoPro Hero 13 Black - IRONSKY.PL Sklep z Dronami","description":"Szk\u0142o hartowane 3w1 TELESIN do GoPro Hero 13 Black - \u2705 sklep z dronami i fachowym doradztwem. \u2705 Tutaj kupisz produkty DJI, Yuneec, Parrot, Syma i wiele innych, a tak\u017ce kursy i licencje na operatora drona.","robots":{"index":"index","follow":"follow","max-snippet":"max-snippet:-1","max-image-preview":"max-image-preview:large","max-video-preview":"max-video-preview:-1"},"canonical":"https:\/\/ironsky.pl\/sklep\/produkt\/szklo-hartowane-3w1-telesin-do-gopro-hero-13-black\/","og_locale":"pl_PL","og_type":"article","og_title":"Szk\u0142o hartowane 3w1 TELESIN do GoPro Hero 13 Black - IRONSKY.PL Sklep z Dronami","og_description":"Szk\u0142o hartowane 3w1 TELESIN do GoPro Hero 13 Black - \u2705 sklep z dronami i fachowym doradztwem. \u2705 Tutaj kupisz produkty DJI, Yuneec, Parrot, Syma i wiele innych, a tak\u017ce kursy i licencje na operatora drona.","og_url":"https:\/\/ironsky.pl\/sklep\/produkt\/szklo-hartowane-3w1-telesin-do-gopro-hero-13-black\/","og_site_name":"IRONSKY.PL Sklep z Dronami","article_modified_time":"2026-04-15T08:58:35+00:00","og_image":[{"width":800,"height":800,"url":"https:\/\/ironsky.pl\/sklep\/wp-content\/uploads\/2025\/05\/50722_1.jpg","type":"image\/jpeg"}],"twitter_card":"summary_large_image","twitter_misc":{"Szacowany czas czytania":"1 minuta"},"schema":{"@context":"https:\/\/schema.org","@graph":[{"@type":"WebPage","@id":"https:\/\/ironsky.pl\/sklep\/produkt\/szklo-hartowane-3w1-telesin-do-gopro-hero-13-black\/","url":"https:\/\/ironsky.pl\/sklep\/produkt\/szklo-hartowane-3w1-telesin-do-gopro-hero-13-black\/","name":"Szk\u0142o hartowane 3w1 TELESIN do GoPro Hero 13 Black - IRONSKY.PL Sklep z Dronami","isPartOf":{"@id":"https:\/\/ironsky.pl\/sklep\/#website"},"primaryImageOfPage":{"@id":"https:\/\/ironsky.pl\/sklep\/produkt\/szklo-hartowane-3w1-telesin-do-gopro-hero-13-black\/#primaryimage"},"image":{"@id":"https:\/\/ironsky.pl\/sklep\/produkt\/szklo-hartowane-3w1-telesin-do-gopro-hero-13-black\/#primaryimage"},"thumbnailUrl":"https:\/\/ironsky.pl\/sklep\/wp-content\/uploads\/2025\/05\/50722_1.jpg","datePublished":"2026-04-15T08:58:20+00:00","dateModified":"2026-04-15T08:58:35+00:00","description":"Szk\u0142o hartowane 3w1 TELESIN do GoPro Hero 13 Black - \u2705 sklep z dronami i fachowym doradztwem. \u2705 Tutaj kupisz produkty DJI, Yuneec, Parrot, Syma i wiele innych, a tak\u017ce kursy i licencje na operatora drona.","breadcrumb":{"@id":"https:\/\/ironsky.pl\/sklep\/produkt\/szklo-hartowane-3w1-telesin-do-gopro-hero-13-black\/#breadcrumb"},"inLanguage":"pl-PL","potentialAction":[{"@type":"ReadAction","target":["https:\/\/ironsky.pl\/sklep\/produkt\/szklo-hartowane-3w1-telesin-do-gopro-hero-13-black\/"]}]},{"@type":"ImageObject","inLanguage":"pl-PL","@id":"https:\/\/ironsky.pl\/sklep\/produkt\/szklo-hartowane-3w1-telesin-do-gopro-hero-13-black\/#primaryimage","url":"https:\/\/ironsky.pl\/sklep\/wp-content\/uploads\/2025\/05\/50722_1.jpg","contentUrl":"https:\/\/ironsky.pl\/sklep\/wp-content\/uploads\/2025\/05\/50722_1.jpg","width":800,"height":800},{"@type":"BreadcrumbList","@id":"https:\/\/ironsky.pl\/sklep\/produkt\/szklo-hartowane-3w1-telesin-do-gopro-hero-13-black\/#breadcrumb","itemListElement":[{"@type":"ListItem","position":1,"name":"Strona g\u0142\u00f3wna","item":"https:\/\/ironsky.pl\/sklep\/"},{"@type":"ListItem","position":2,"name":"Wszystkie produkty","item":"https:\/\/ironsky.pl\/sklep\/produkty\/"},{"@type":"ListItem","position":3,"name":"Szk\u0142o hartowane 3w1 TELESIN do GoPro Hero 13 Black"}]},{"@type":"WebSite","@id":"https:\/\/ironsky.pl\/sklep\/#website","url":"https:\/\/ironsky.pl\/sklep\/","name":"IRONSKY.PL Sklep z Dronami","description":"IRONSKY.PL Sklep z Dronami","potentialAction":[{"@type":"SearchAction","target":{"@type":"EntryPoint","urlTemplate":"https:\/\/ironsky.pl\/sklep\/?s={search_term_string}"},"query-input":{"@type":"PropertyValueSpecification","valueRequired":true,"valueName":"search_term_string"}}],"inLanguage":"pl-PL"}]}},"_links":{"self":[{"href":"https:\/\/ironsky.pl\/sklep\/wp-json\/wp\/v2\/product\/60243","targetHints":{"allow":["GET"]}}],"collection":[{"href":"https:\/\/ironsky.pl\/sklep\/wp-json\/wp\/v2\/product"}],"about":[{"href":"https:\/\/ironsky.pl\/sklep\/wp-json\/wp\/v2\/types\/product"}],"replies":[{"embeddable":true,"href":"https:\/\/ironsky.pl\/sklep\/wp-json\/wp\/v2\/comments?post=60243"}],"wp:featuredmedia":[{"embeddable":true,"href":"https:\/\/ironsky.pl\/sklep\/wp-json\/wp\/v2\/media\/40230"}],"wp:attachment":[{"href":"https:\/\/ironsky.pl\/sklep\/wp-json\/wp\/v2\/media?parent=60243"}],"wp:term":[{"taxonomy":"product_brand","embeddable":true,"href":"https:\/\/ironsky.pl\/sklep\/wp-json\/wp\/v2\/product_brand?post=60243"},{"taxonomy":"product_cat","embeddable":true,"href":"https:\/\/ironsky.pl\/sklep\/wp-json\/wp\/v2\/product_cat?post=60243"},{"taxonomy":"product_tag","embeddable":true,"href":"https:\/\/ironsky.pl\/sklep\/wp-json\/wp\/v2\/product_tag?post=60243"}],"curies":[{"name":"wp","href":"https:\/\/api.w.org\/{rel}","templated":true}]}}