{"id":60240,"date":"2026-04-15T10:58:20","date_gmt":"2026-04-15T08:58:20","guid":{"rendered":"https:\/\/ironsky.pl\/sklep\/produkt\/gimbal-dji-rs-4-mini-combo\/"},"modified":"2026-04-15T10:58:31","modified_gmt":"2026-04-15T08:58:31","slug":"gimbal-dji-rs-4-mini-combo","status":"publish","type":"product","link":"https:\/\/ironsky.pl\/sklep\/produkt\/gimbal-dji-rs-4-mini-combo\/","title":{"rendered":"Gimbal DJI RS 4 Mini Combo"},"content":{"rendered":"<h3>DJI RS 4 Mini\u00a0 Combo<\/h3>\n<p>Kiedy tworzysz, chcesz mie\u0107 sprz\u0119t, kt\u00f3ry dzia\u0142a szybko, p\u0142ynnie i bez zb\u0119dnych komplikacji. DJI RS 4 Mini to kompaktowy, lekki gimbal, kt\u00f3ry w kilka sekund pozwala Ci przej\u015b\u0107 od pomys\u0142u do realizacji. Automatyczne blokady osi sprawiaj\u0105, \u017ce sprz\u0119t jest gotowy do pracy od razu po uruchomieniu, a po wy\u0142\u0105czeniu samoczynnie si\u0119 zabezpiecza. Ulepszona konstrukcja z warstwami z Teflonu\u2122 u\u0142atwia wywa\u017canie, a natywne filmowanie w pionie trzeciej generacji pozwala b\u0142yskawicznie prze\u0142\u0105cza\u0107 si\u0119 mi\u0119dzy uj\u0119ciami poziomymi i pionowymi. Mo\u017cesz swobodnie korzysta\u0107 z profesjonalnych kamer i smartfon\u00f3w, a nowy tryb Responsive Follow b\u0142yskawicznie reaguje na Twoje ruchy, by ka\u017cde uj\u0119cie wygl\u0105da\u0142o dok\u0142adnie tak, jak sobie wymarzysz. Je\u015bli chcesz jeszcze wi\u0119kszej kontroli, wypr\u00f3buj DJI RS (w zestawie) \u2014 inteligentny modu\u0142 \u015bledzenia, kt\u00f3ry utrzyma obiekt w kadrze i u\u0142atwi prowadzenie kamery. To wszystko, czego potrzebujesz, by nagrywa\u0107 bez frustracji i zb\u0119dnych ustawie\u0144.<\/p>\n<p>\n<img decoding=\"async\" src=\"https:\/\/assets.innpro.pl\/12946\/15768\/1.jpg\" border=\"0\" alt=\"\" \/>\n<\/p>\n<h3>Zawsze w centrum kadru \u2014 modu\u0142 DJI RS w zestawie<\/h3>\n<p>Nagrywasz dynamiczne uj\u0119cia, ale chcesz mie\u0107 pewno\u015b\u0107, \u017ce obiekt zawsze b\u0119dzie w centrum kadru? Do\u0142\u0105czony do zestawu modu\u0142 inteligentnego \u015bledzenia DJI RS automatycznie pod\u0105\u017ca za wybranym celem, utrzymuj\u0105c idealn\u0105 kompozycj\u0119. Dzia\u0142a w odleg\u0142o\u015bci do 10 m, sprawdzaj\u0105c si\u0119 nawet w t\u0142umie. Nawet je\u015bli obiekt na chwil\u0119 opu\u015bci kadr, gimbal go odnajdzie i wznowi \u015bledzenie! Monta\u017c modu\u0142u jest b\u0142yskawiczny \u2013 wystarczy magnetyczne mocowanie i jedno klikni\u0119cie, by rozpocz\u0105\u0107 nagrywanie.<\/p>\n<p>\n<img decoding=\"async\" src=\"https:\/\/assets.innpro.pl\/12946\/15768\/9.jpg\" border=\"0\" alt=\"\" \/>\n<\/p>\n<h3>Od pomys\u0142u do nagrania w kilka sekund<\/h3>\n<p>Czas to luksus, kt\u00f3rego nie chcesz marnowa\u0107. DJI RS 4 Mini pozwala Ci przej\u015b\u0107 do dzia\u0142ania niemal natychmiast \u2013 automatyczne blokady osi same si\u0119 odblokuj\u0105 po uruchomieniu gimbala, a po wy\u0142\u0105czeniu wszystko wr\u00f3ci na swoje miejsce. Dzi\u0119ki sk\u0142adanej konstrukcji wrzucisz go do torby w kilka sekund. Potrzebujesz nagra\u0107 co\u015b do social medi\u00f3w? To najszybszy gimbal do prze\u0142\u0105czania si\u0119 na pionowe filmowanie \u2013 10 sekund i gotowe! Ju\u017c nie musisz \u017conglowa\u0107 ustawieniami, wystarczy jedno klikni\u0119cie, by tworzy\u0107 tre\u015bci dostosowane do TikToka czy Instagrama.<\/p>\n<p>\n<img decoding=\"async\" src=\"https:\/\/assets.innpro.pl\/12946\/15768\/6.jpg\" border=\"0\" alt=\"\" \/>\n<\/p>\n<h3>Koniec z walk\u0105 ze sprz\u0119tem<\/h3>\n<p>Nie tra\u0107 czasu na walk\u0119 z wywa\u017ceniem kamery. Nowe warstwy z Teflonu\u2122 eliminuj\u0105 tarcie, dzi\u0119ki czemu regulacja przebiega p\u0142ynnie i bez wysi\u0142ku. Dodatkowe pokr\u0119t\u0142o regulacji na osi tilt pozwala Ci przesun\u0105\u0107 kamer\u0119 z precyzj\u0105 do milimetra, co oznacza, \u017ce dostosowanie ustawie\u0144 do Twojego sprz\u0119tu staje si\u0119 dziecinnie proste. G\u00f3rna p\u0142ytka monta\u017cowa oferuje trzy gniazda pozycjonuj\u0105ce, kt\u00f3re pozwalaj\u0105 idealnie dopasowa\u0107 kamer\u0119 w zale\u017cno\u015bci od jej modelu. W efekcie monta\u017c jest szybki i wygodny, a ka\u017cde kolejne nagranie zaczynasz bez stresu.<\/p>\n<p>\n<img decoding=\"async\" src=\"https:\/\/assets.innpro.pl\/12946\/15768\/5.jpg\" border=\"0\" alt=\"\" \/>\n<\/p>\n<h3>Pe\u0142na swoboda w tworzeniu<\/h3>\n<p>Cho\u0107 wa\u017cy zaledwie 890 g, DJI RS 4 Mini bez problemu radzi sobie z kamerami o wadze do 2 kg. Bez wzgl\u0119du na to, czy filmujesz Sony A7 z obiektywem 24-70 mm, czy korzystasz z profesjonalnych aparat\u00f3w Canon, Nikon czy Panasonic, ten gimbal zapewni p\u0142ynno\u015b\u0107 i stabilno\u015b\u0107 ka\u017cdego ruchu. Nawet po pod\u0142\u0105czeniu mikrofonu czy o\u015bwietlenia, wci\u0105\u017c masz pe\u0142n\u0105 kontrol\u0119 nad uj\u0119ciem. Chcesz nagrywa\u0107 smartfonem? W kilka chwil mo\u017cesz prze\u0142\u0105czy\u0107 si\u0119 na nagrywanie telefonem, wystarczy dokupi\u0107 uchwyt (sprzedawany osobno) i cieszy\u0107 si\u0119 pe\u0142n\u0105 elastyczno\u015bci\u0105. Dzi\u0119ki silnikom o wysokim momencie obrotowym gimbal utrzymuje stabilno\u015b\u0107 nawet przy maksymalnym zoomie, bez konieczno\u015bci ponownego wywa\u017cania \u2013 wystarczy zamontowa\u0107 sprz\u0119t i dzia\u0142a\u0107 (w przypadku zalecanych konfiguracji sprz\u0119tu, takich jak Canon R5 + RF 24-70 mm F2.8, Sony A7S3 + FE 24-70 mm F2.8 GM2, Nikon Z7 2 + Z 24-70 mm F2.8, Panasonic S5 + L 20-60 mm F3.5-5.6).<\/p>\n<p>\n<img decoding=\"async\" src=\"https:\/\/assets.innpro.pl\/12946\/15768\/4.jpg\" border=\"0\" alt=\"\" \/>\n<\/p>\n<h3>Nagrywaj bez kabli \u2013 po prostu kliknij i dzia\u0142aj<\/h3>\n<p>Ka\u017cda sekunda si\u0119 liczy, dlatego DJI RS 4 Mini obs\u0142uguje bezprzewodowe sterowanie nagrywaniem. Po sparowaniu z kamer\u0105 przez Bluetooth mo\u017cesz jednym przyciskiem rozpocz\u0105\u0107 nagranie \u2013 bez kabli, bez ba\u0142aganu, bez zb\u0119dnych krok\u00f3w. Nowa funkcja sterowania zoomem pozwala kontrolowa\u0107 Power Zoom i Clear Image Zoom, co oznacza, \u017ce mo\u017cesz p\u0142ynnie dostosowa\u0107 ogniskow\u0105 bez potrzeby dotykania kamery. Raz sparowane urz\u0105dzenie automatycznie po\u0142\u0105czy si\u0119 przy ka\u017cdym kolejnym u\u017cyciu, wi\u0119c nie tracisz czasu na konfiguracj\u0119.<\/p>\n<p>\n<img decoding=\"async\" src=\"https:\/\/assets.innpro.pl\/12946\/15768\/7.jpg\" border=\"0\" alt=\"\" \/>\n<\/p>\n<h3>Intuicyjny interfejs<\/h3>\n<p>Udoskonalony dotykowy ekran wy\u015bwietla czytelne ikony i wygodne sterowanie, a przednie pokr\u0119t\u0142o umo\u017cliwia b\u0142yskawiczn\u0105 regulacj\u0119 parametr\u00f3w. Mo\u017cesz tak\u017ce zablokowa\u0107 ekran, aby zapobiec przypadkowym dotkni\u0119ciom i wyd\u0142u\u017cy\u0107 czas pracy akumulatora. Wszystko zaprojektowane tak, by obs\u0142uga by\u0142a tak prosta, jak to tylko mo\u017cliwe \u2013 bo Twoje miejsce jest za kamer\u0105, a nie w menu ustawie\u0144.<\/p>\n<p>\n<img decoding=\"async\" src=\"https:\/\/assets.innpro.pl\/12946\/15768\/8.jpg\" border=\"0\" alt=\"\" \/>\n<\/p>\n<h3>Tryb Responsive Follow \u2013 dla tych, kt\u00f3rzy kochaj\u0105 dynamik\u0119<\/h3>\n<p>Chcesz nagra\u0107 co\u015b naprawd\u0119 spektakularnego? Tryb Responsive Follow sprawia, \u017ce gimbal b\u0142yskawicznie reaguje na Twoje ruchy, co pozwala uchwyci\u0107 ka\u017cd\u0105 dynamiczn\u0105 akcj\u0119. To idealne rozwi\u0105zanie do nagrywania sportu, ruchu ulicznego czy eksplorowania nowych miejsc. Mo\u017cesz te\u017c prze\u0142\u0105czy\u0107 si\u0119 na klasyczny tryb Smooth Follow, kt\u00f3ry zapewnia bardziej p\u0142ynne i stabilne ruchy \u2013 \u015bwietne do nagrywania wywiad\u00f3w, vlog\u00f3w i spokojniejszych uj\u0119\u0107. Wyb\u00f3r nale\u017cy do Ciebie!<\/p>\n<p>\n<img decoding=\"async\" src=\"https:\/\/assets.innpro.pl\/12946\/15768\/3.jpg\" border=\"0\" alt=\"\" \/>\n<\/p>\n<h3>Stabilizacja nowej generacji\u00a0<\/h3>\n<p>DJI RS 4 Mini wykorzystuje czwart\u0105 generacj\u0119 algorytmu stabilizacji, kt\u00f3ry zapewnia doskona\u0142\u0105 r\u00f3wnowag\u0119 mi\u0119dzy stabilno\u015bci\u0105 a naturalnym ruchem kamery. Nawet podczas biegu, dynamicznych ruch\u00f3w czy nagrywania pod nietypowym k\u0105tem, uj\u0119cie pozostaje perfekcyjnie p\u0142ynne. To gimbal, kt\u00f3ry nad\u0105\u017ca za Twoimi pomys\u0142ami \u2013 nie musisz si\u0119 martwi\u0107 o drgania czy rozmycie obrazu.<\/p>\n<p>\n<img decoding=\"async\" src=\"https:\/\/assets.innpro.pl\/12946\/15768\/11.jpg\" border=\"0\" alt=\"\" \/>\n<\/p>\n<h3>Wi\u0119cej czasu na nagrywanie<\/h3>\n<p>Gimbal gotowy do dzia\u0142ania ca\u0142y dzie\u0144, bez przerw na szukanie gniazdka? Brzmi \u015bwietnie! DJI RS 4 Mini oferuje a\u017c 13 godzin pracy na jednym \u0142adowaniu \u2013 to o 30% wi\u0119cej ni\u017c poprzednia generacja. Potrzebujesz wi\u0119cej czasu? RS 4 Mini obs\u0142uguje szybkie \u0142adowanie a to oznacza, \u017ce ju\u017c 30 minut wystarczy na kolejne 5 godzin pracy.<\/p>\n<p>\n<img decoding=\"async\" src=\"https:\/\/assets.innpro.pl\/12946\/15768\/10.jpg\" border=\"0\" alt=\"\" \/>\n<\/p>\n<h3>W zestawie<\/h3>\n<ul class=\"list-disc pl-5\">\n<li>Gimbal x 1<\/li>\n<li>P\u0142ytka szybkiego monta\u017cu x 1<\/li>\n<li>Statyw RS 4 Mini x 1<\/li>\n<li>Kabel MCC w kszta\u0142cie litery L (USB-C, 30 cm) x 1<\/li>\n<li>Kabel do \u0142adowania USB-C (40 cm) x 1<\/li>\n<li>Zestaw \u015brub x 1<\/li>\n<li>Modu\u0142 inteligentnego \u015bledzenia RS x 1<\/li>\n<li>Uchwyt RS 4 Mini Briefcase Handle x 1<\/li>\n<\/ul>\n<div class=\"table-wrapper\">\n<p>\u00a0<\/p>\n<h3>Peryferia<\/h3>\n<table>\n<tbody>\n<tr>\n<th>Port akcesori\u00f3w <\/th>\n<td>Port NATO, Otw\u00f3r monta\u017cowy 1\/4&#8243;-20, Port sterowania kamer\u0105  RSS (USB-C), Pogo Pin (kompatybilny z modu\u0142em inteligentnego \u015bledzenia DJI RS)<\/td>\n<\/tr>\n<tr>\n<th>Akumulator <\/th>\n<td>Model: BHX724-3100-7.2; Typ: LiPo 2S; Pojemno\u015b\u0107: 3100 mAh; Energia: 22,32 Wh; Maks. czas pracy: 13 h (przy braku ruchu)*; Specyfikacja \u0142adowania: 9 V\/2,5 A; Czas \u0142adowania: ok. 1 h i 50 min**; Zalecana temperatura \u0142adowania: od 5\u00b0C do 40\u00b0C *Zmierzono, gdy urz\u0105dzenie by\u0142o wypoziomowane i nieruchome, a gimbal wywa\u017cony. Gdy gimbal jest w ruchu, czas pracy zostaje skr\u00f3cony. **Przetestowano w temperaturze 25\u00b0C podczas \u0142adowania za pomoc\u0105 \u0142adowarki 30 W.<\/td>\n<\/tr>\n<tr>\n<th>Po\u0142\u0105czenia <\/th>\n<td>Bluetooth 5.1<\/td>\n<\/tr>\n<tr>\n<th>Port \u0142adowania <\/th>\n<td>USB-C<\/td>\n<\/tr>\n<tr>\n<th>Wymagania aplikacji Ronin <\/th>\n<td>iOS 14.0 i nowsze, Android 9.0 i nowsze<\/td>\n<\/tr>\n<tr>\n<th>J\u0119zyki obs\u0142ugiwane przez ekran dotykowy <\/th>\n<td>Angielski, chi\u0144ski uproszczony, chi\u0144ski tradycyjny, niemiecki, francuski, korea\u0144ski, japo\u0144ski, hiszpa\u0144ski, portugalski (Brazylia), rosyjski, tajski<\/td>\n<\/tr>\n<\/tbody>\n<\/table>\n<p>\u00a0<\/p>\n<h3>Wydajno\u015b\u0107 pracy<\/h3>\n<table>\n<tbody>\n<tr>\n<th>Testowany ud\u017awig <\/th>\n<td>0,4-2 kg<\/td>\n<\/tr>\n<tr>\n<th>Maksymalna kontrolowana pr\u0119dko\u015b\u0107 obrotu <\/th>\n<td>Pan: 360\u00b0\/s; Tilt: 360\u00b0\/s; Roll: 360\u00b0\/s<\/td>\n<\/tr>\n<tr>\n<th>Zakres mechaniczny <\/th>\n<td>O\u015b pan: ci\u0105g\u0142y obr\u00f3t o 360\u00b0; O\u015b roll: od -95\u00b0 do +235\u00b0; O\u015b tilt: od -110\u00b0 do +210\u00b0<\/td>\n<\/tr>\n<tr>\n<th>Blokady osi <\/th>\n<td>Automatyczne<\/td>\n<\/tr>\n<tr>\n<th>Filmowanie w pionie <\/th>\n<td>Obs\u0142ugiwane<\/td>\n<\/tr>\n<\/tbody>\n<\/table>\n<p>\u00a0<\/p>\n<h3>W\u0142a\u015bciwo\u015bci mechaniczne i elektryczne<\/h3>\n<table>\n<tbody>\n<tr>\n<th>Cz\u0119stotliwo\u015b\u0107 robocza <\/th>\n<td>2,4000-2,4835 GHz<\/td>\n<\/tr>\n<tr>\n<th>Moc nadajnika Bluetooth <\/th>\n<td>&lt; 4 dBm<\/td>\n<\/tr>\n<tr>\n<th>Temperatura pracy <\/th>\n<td>Od -10\u00b0C do 45\u00b0C<\/td>\n<\/tr>\n<tr>\n<th>Waga <\/th>\n<td>Gimbal: ok. 890 g (z p\u0142ytk\u0105 szybkiego monta\u017cu, bez statywu); Uchwyt przed\u0142u\u017caj\u0105cy\/statyw: ok. 140 g<\/td>\n<\/tr>\n<tr>\n<th>Wymiary <\/th>\n<td>Z\u0142o\u017cony: 236\u00d764\u00d7316 mm (D\u00d7S\u00d7W, bez statywu i p\u0142ytki szybkiego monta\u017cu); Roz\u0142o\u017cony: 175\u00d7182\u00d7338 mm (D\u00d7S\u00d7W, bez kamery, statywu i p\u0142ytki szybkiego monta\u017cu)<\/td>\n<\/tr>\n<\/tbody>\n<\/table>\n<p>\u00a0<\/p>\n<h3>Akcesoria<\/h3>\n<table>\n<tbody>\n<tr>\n<th>Modu\u0142 inteligentnego \u015bledzenia DJI RS <\/th>\n<td>Waga: 19 g; Wymiary: 33,5\u00d717,5\u00d738,5 mm (D\u00d7S\u00d7W); Zasi\u0119g \u015bledzenia: 0,5-10 m; \u015arodowisko pracy: nat\u0119\u017cenie \u015bwiat\u0142a &gt; 20 lux; Tryby wyzwalania: spust gimbala, gest; Funkcje gest\u00f3w: rozpocz\u0119cie\/zatrzymanie \u015bledzenia, rozpocz\u0119cie\/zatrzymanie nagrywania, regulacja kadrowania; Pob\u00f3r mocy: &lt; 1 W; Temperatura pracy: od -10\u00b0C do 45\u00b0C; Spos\u00f3b monta\u017cu: mocowanie magnetyczne<\/td>\n<\/tr>\n<tr>\n<th>Uchwyt na telefon <\/th>\n<td>DJI RS 4 Mini Waga: 92,5 g; Wymiary: 50\u00d748\u00d795,15 mm (D\u00d7S\u00d7W)<\/td>\n<\/tr>\n<\/tbody>\n<\/table>\n<\/div>\n","protected":false},"excerpt":{"rendered":"<p>DJI RS 4 Mini\u00a0 Combo Kiedy tworzysz, chcesz mie\u0107 sprz\u0119t, kt\u00f3ry dzia\u0142a szybko, p\u0142ynnie i bez zb\u0119dnych komplikacji. DJI RS<\/p>\n","protected":false},"featured_media":38949,"comment_status":"closed","ping_status":"open","template":"","meta":{"_acf_changed":false},"product_brand":[],"product_cat":[1128,1129],"product_tag":[],"class_list":{"0":"post-60240","1":"product","2":"type-product","3":"status-publish","4":"has-post-thumbnail","6":"product_cat-foto-wideo","7":"product_cat-gimbale-i-stabilizatory","8":"pa_okres-gwarancji-5757","9":"pa_producent-dji","11":"first","12":"outofstock","13":"taxable","14":"shipping-taxable","15":"purchasable","16":"product-type-simple"},"acf":[],"yoast_head":"<!-- This site is optimized with the Yoast SEO plugin v27.2 - https:\/\/yoast.com\/product\/yoast-seo-wordpress\/ -->\n<title>Gimbal DJI RS 4 Mini Combo - IRONSKY.PL Sklep z Dronami<\/title>\n<meta name=\"description\" content=\"Gimbal DJI RS 4 Mini Combo - \u2705 sklep z dronami i fachowym doradztwem. \u2705 Tutaj kupisz produkty DJI, Yuneec, Parrot, Syma i wiele innych, a tak\u017ce kursy i licencje na operatora drona.\" \/>\n<meta name=\"robots\" content=\"index, follow, max-snippet:-1, max-image-preview:large, max-video-preview:-1\" \/>\n<link rel=\"canonical\" href=\"https:\/\/ironsky.pl\/sklep\/produkt\/gimbal-dji-rs-4-mini-combo\/\" \/>\n<meta property=\"og:locale\" content=\"pl_PL\" \/>\n<meta property=\"og:type\" content=\"article\" \/>\n<meta property=\"og:title\" content=\"Gimbal DJI RS 4 Mini Combo - IRONSKY.PL Sklep z Dronami\" \/>\n<meta property=\"og:description\" content=\"Gimbal DJI RS 4 Mini Combo - \u2705 sklep z dronami i fachowym doradztwem. \u2705 Tutaj kupisz produkty DJI, Yuneec, Parrot, Syma i wiele innych, a tak\u017ce kursy i licencje na operatora drona.\" \/>\n<meta property=\"og:url\" content=\"https:\/\/ironsky.pl\/sklep\/produkt\/gimbal-dji-rs-4-mini-combo\/\" \/>\n<meta property=\"og:site_name\" content=\"IRONSKY.PL Sklep z Dronami\" \/>\n<meta property=\"article:modified_time\" content=\"2026-04-15T08:58:31+00:00\" \/>\n<meta property=\"og:image\" content=\"https:\/\/ironsky.pl\/sklep\/wp-content\/uploads\/2025\/03\/50719_5.webp\" \/>\n\t<meta property=\"og:image:width\" content=\"800\" \/>\n\t<meta property=\"og:image:height\" content=\"800\" \/>\n\t<meta property=\"og:image:type\" content=\"image\/webp\" \/>\n<meta name=\"twitter:card\" content=\"summary_large_image\" \/>\n<meta name=\"twitter:label1\" content=\"Szacowany czas czytania\" \/>\n\t<meta name=\"twitter:data1\" content=\"7 minut\" \/>\n<script type=\"application\/ld+json\" class=\"yoast-schema-graph\">{\"@context\":\"https:\/\/schema.org\",\"@graph\":[{\"@type\":\"WebPage\",\"@id\":\"https:\/\/ironsky.pl\/sklep\/produkt\/gimbal-dji-rs-4-mini-combo\/\",\"url\":\"https:\/\/ironsky.pl\/sklep\/produkt\/gimbal-dji-rs-4-mini-combo\/\",\"name\":\"Gimbal DJI RS 4 Mini Combo - IRONSKY.PL Sklep z Dronami\",\"isPartOf\":{\"@id\":\"https:\/\/ironsky.pl\/sklep\/#website\"},\"primaryImageOfPage\":{\"@id\":\"https:\/\/ironsky.pl\/sklep\/produkt\/gimbal-dji-rs-4-mini-combo\/#primaryimage\"},\"image\":{\"@id\":\"https:\/\/ironsky.pl\/sklep\/produkt\/gimbal-dji-rs-4-mini-combo\/#primaryimage\"},\"thumbnailUrl\":\"https:\/\/ironsky.pl\/sklep\/wp-content\/uploads\/2025\/03\/50719_5.webp\",\"datePublished\":\"2026-04-15T08:58:20+00:00\",\"dateModified\":\"2026-04-15T08:58:31+00:00\",\"description\":\"Gimbal DJI RS 4 Mini Combo - \u2705 sklep z dronami i fachowym doradztwem. \u2705 Tutaj kupisz produkty DJI, Yuneec, Parrot, Syma i wiele innych, a tak\u017ce kursy i licencje na operatora drona.\",\"breadcrumb\":{\"@id\":\"https:\/\/ironsky.pl\/sklep\/produkt\/gimbal-dji-rs-4-mini-combo\/#breadcrumb\"},\"inLanguage\":\"pl-PL\",\"potentialAction\":[{\"@type\":\"ReadAction\",\"target\":[\"https:\/\/ironsky.pl\/sklep\/produkt\/gimbal-dji-rs-4-mini-combo\/\"]}]},{\"@type\":\"ImageObject\",\"inLanguage\":\"pl-PL\",\"@id\":\"https:\/\/ironsky.pl\/sklep\/produkt\/gimbal-dji-rs-4-mini-combo\/#primaryimage\",\"url\":\"https:\/\/ironsky.pl\/sklep\/wp-content\/uploads\/2025\/03\/50719_5.webp\",\"contentUrl\":\"https:\/\/ironsky.pl\/sklep\/wp-content\/uploads\/2025\/03\/50719_5.webp\",\"width\":800,\"height\":800},{\"@type\":\"BreadcrumbList\",\"@id\":\"https:\/\/ironsky.pl\/sklep\/produkt\/gimbal-dji-rs-4-mini-combo\/#breadcrumb\",\"itemListElement\":[{\"@type\":\"ListItem\",\"position\":1,\"name\":\"Strona g\u0142\u00f3wna\",\"item\":\"https:\/\/ironsky.pl\/sklep\/\"},{\"@type\":\"ListItem\",\"position\":2,\"name\":\"Wszystkie produkty\",\"item\":\"https:\/\/ironsky.pl\/sklep\/produkty\/\"},{\"@type\":\"ListItem\",\"position\":3,\"name\":\"Gimbal DJI RS 4 Mini Combo\"}]},{\"@type\":\"WebSite\",\"@id\":\"https:\/\/ironsky.pl\/sklep\/#website\",\"url\":\"https:\/\/ironsky.pl\/sklep\/\",\"name\":\"IRONSKY.PL Sklep z Dronami\",\"description\":\"IRONSKY.PL Sklep z Dronami\",\"potentialAction\":[{\"@type\":\"SearchAction\",\"target\":{\"@type\":\"EntryPoint\",\"urlTemplate\":\"https:\/\/ironsky.pl\/sklep\/?s={search_term_string}\"},\"query-input\":{\"@type\":\"PropertyValueSpecification\",\"valueRequired\":true,\"valueName\":\"search_term_string\"}}],\"inLanguage\":\"pl-PL\"}]}<\/script>\n<!-- \/ Yoast SEO plugin. -->","yoast_head_json":{"title":"Gimbal DJI RS 4 Mini Combo - IRONSKY.PL Sklep z Dronami","description":"Gimbal DJI RS 4 Mini Combo - \u2705 sklep z dronami i fachowym doradztwem. \u2705 Tutaj kupisz produkty DJI, Yuneec, Parrot, Syma i wiele innych, a tak\u017ce kursy i licencje na operatora drona.","robots":{"index":"index","follow":"follow","max-snippet":"max-snippet:-1","max-image-preview":"max-image-preview:large","max-video-preview":"max-video-preview:-1"},"canonical":"https:\/\/ironsky.pl\/sklep\/produkt\/gimbal-dji-rs-4-mini-combo\/","og_locale":"pl_PL","og_type":"article","og_title":"Gimbal DJI RS 4 Mini Combo - IRONSKY.PL Sklep z Dronami","og_description":"Gimbal DJI RS 4 Mini Combo - \u2705 sklep z dronami i fachowym doradztwem. \u2705 Tutaj kupisz produkty DJI, Yuneec, Parrot, Syma i wiele innych, a tak\u017ce kursy i licencje na operatora drona.","og_url":"https:\/\/ironsky.pl\/sklep\/produkt\/gimbal-dji-rs-4-mini-combo\/","og_site_name":"IRONSKY.PL Sklep z Dronami","article_modified_time":"2026-04-15T08:58:31+00:00","og_image":[{"width":800,"height":800,"url":"https:\/\/ironsky.pl\/sklep\/wp-content\/uploads\/2025\/03\/50719_5.webp","type":"image\/webp"}],"twitter_card":"summary_large_image","twitter_misc":{"Szacowany czas czytania":"7 minut"},"schema":{"@context":"https:\/\/schema.org","@graph":[{"@type":"WebPage","@id":"https:\/\/ironsky.pl\/sklep\/produkt\/gimbal-dji-rs-4-mini-combo\/","url":"https:\/\/ironsky.pl\/sklep\/produkt\/gimbal-dji-rs-4-mini-combo\/","name":"Gimbal DJI RS 4 Mini Combo - IRONSKY.PL Sklep z Dronami","isPartOf":{"@id":"https:\/\/ironsky.pl\/sklep\/#website"},"primaryImageOfPage":{"@id":"https:\/\/ironsky.pl\/sklep\/produkt\/gimbal-dji-rs-4-mini-combo\/#primaryimage"},"image":{"@id":"https:\/\/ironsky.pl\/sklep\/produkt\/gimbal-dji-rs-4-mini-combo\/#primaryimage"},"thumbnailUrl":"https:\/\/ironsky.pl\/sklep\/wp-content\/uploads\/2025\/03\/50719_5.webp","datePublished":"2026-04-15T08:58:20+00:00","dateModified":"2026-04-15T08:58:31+00:00","description":"Gimbal DJI RS 4 Mini Combo - \u2705 sklep z dronami i fachowym doradztwem. \u2705 Tutaj kupisz produkty DJI, Yuneec, Parrot, Syma i wiele innych, a tak\u017ce kursy i licencje na operatora drona.","breadcrumb":{"@id":"https:\/\/ironsky.pl\/sklep\/produkt\/gimbal-dji-rs-4-mini-combo\/#breadcrumb"},"inLanguage":"pl-PL","potentialAction":[{"@type":"ReadAction","target":["https:\/\/ironsky.pl\/sklep\/produkt\/gimbal-dji-rs-4-mini-combo\/"]}]},{"@type":"ImageObject","inLanguage":"pl-PL","@id":"https:\/\/ironsky.pl\/sklep\/produkt\/gimbal-dji-rs-4-mini-combo\/#primaryimage","url":"https:\/\/ironsky.pl\/sklep\/wp-content\/uploads\/2025\/03\/50719_5.webp","contentUrl":"https:\/\/ironsky.pl\/sklep\/wp-content\/uploads\/2025\/03\/50719_5.webp","width":800,"height":800},{"@type":"BreadcrumbList","@id":"https:\/\/ironsky.pl\/sklep\/produkt\/gimbal-dji-rs-4-mini-combo\/#breadcrumb","itemListElement":[{"@type":"ListItem","position":1,"name":"Strona g\u0142\u00f3wna","item":"https:\/\/ironsky.pl\/sklep\/"},{"@type":"ListItem","position":2,"name":"Wszystkie produkty","item":"https:\/\/ironsky.pl\/sklep\/produkty\/"},{"@type":"ListItem","position":3,"name":"Gimbal DJI RS 4 Mini Combo"}]},{"@type":"WebSite","@id":"https:\/\/ironsky.pl\/sklep\/#website","url":"https:\/\/ironsky.pl\/sklep\/","name":"IRONSKY.PL Sklep z Dronami","description":"IRONSKY.PL Sklep z Dronami","potentialAction":[{"@type":"SearchAction","target":{"@type":"EntryPoint","urlTemplate":"https:\/\/ironsky.pl\/sklep\/?s={search_term_string}"},"query-input":{"@type":"PropertyValueSpecification","valueRequired":true,"valueName":"search_term_string"}}],"inLanguage":"pl-PL"}]}},"_links":{"self":[{"href":"https:\/\/ironsky.pl\/sklep\/wp-json\/wp\/v2\/product\/60240","targetHints":{"allow":["GET"]}}],"collection":[{"href":"https:\/\/ironsky.pl\/sklep\/wp-json\/wp\/v2\/product"}],"about":[{"href":"https:\/\/ironsky.pl\/sklep\/wp-json\/wp\/v2\/types\/product"}],"replies":[{"embeddable":true,"href":"https:\/\/ironsky.pl\/sklep\/wp-json\/wp\/v2\/comments?post=60240"}],"wp:featuredmedia":[{"embeddable":true,"href":"https:\/\/ironsky.pl\/sklep\/wp-json\/wp\/v2\/media\/38949"}],"wp:attachment":[{"href":"https:\/\/ironsky.pl\/sklep\/wp-json\/wp\/v2\/media?parent=60240"}],"wp:term":[{"taxonomy":"product_brand","embeddable":true,"href":"https:\/\/ironsky.pl\/sklep\/wp-json\/wp\/v2\/product_brand?post=60240"},{"taxonomy":"product_cat","embeddable":true,"href":"https:\/\/ironsky.pl\/sklep\/wp-json\/wp\/v2\/product_cat?post=60240"},{"taxonomy":"product_tag","embeddable":true,"href":"https:\/\/ironsky.pl\/sklep\/wp-json\/wp\/v2\/product_tag?post=60240"}],"curies":[{"name":"wp","href":"https:\/\/api.w.org\/{rel}","templated":true}]}}