{"id":60222,"date":"2026-04-15T10:57:52","date_gmt":"2026-04-15T08:57:52","guid":{"rendered":"https:\/\/ironsky.pl\/sklep\/produkt\/karta-dzwiekowa-maono-g1-neo-biala-2\/"},"modified":"2026-04-15T10:58:10","modified_gmt":"2026-04-15T08:58:10","slug":"karta-dzwiekowa-maono-g1-neo-biala-2","status":"publish","type":"product","link":"https:\/\/ironsky.pl\/sklep\/produkt\/karta-dzwiekowa-maono-g1-neo-biala-2\/","title":{"rendered":"Karta d\u017awi\u0119kowa MAONO G1 Neo (bia\u0142a)"},"content":{"rendered":"<h3>Karta d\u017awi\u0119kowa Maono G1 Neo (bia\u0142a)<\/h3>\n<p>Maono G1 Neo to wszechstronna karta d\u017awi\u0119kowa, kt\u00f3ra podniesie jako\u015b\u0107 Twoich transmisji i nagra\u0144, zapewniaj\u0105c profesjonalny d\u017awi\u0119k, intuicyjn\u0105 kontrol\u0119 oraz efektowne o\u015bwietlenie RGB. Kompaktowa konstrukcja sprawia, \u017ce z \u0142atwo\u015bci\u0105 zmie\u015bcisz j\u0105 na swoim biurku, a wej\u015bcie XLR pozwala na szybk\u0105 instalacj\u0119 mikrofonu.<\/p>\n<p>\n<img decoding=\"async\" src=\"https:\/\/assets.innpro.pl\/16041\/20229\/2.jpg\" border=\"0\" alt=\"\" \/>\n<\/p>\n<h3>\u015awietna jako\u015b\u0107 d\u017awi\u0119ku<\/h3>\n<p>Karta d\u017awi\u0119kowa Maono G1 Neo zapewnia najwy\u017csz\u0105 jako\u015b\u0107 d\u017awi\u0119ku dzi\u0119ki wbudowanemu przedwzmacniaczowi oraz zasilaniu phantom 48 V, kt\u00f3re maksymalizuj\u0105 potencja\u0142 Twojego mikrofonu XLR. Ponadto precyzyjna kontrola gainu i g\u0142o\u015bno\u015bci gwarantuje, \u017ce Twoi widzowie us\u0142ysz\u0105 Ci\u0119 g\u0142o\u015bno i wyra\u017anie.<\/p>\n<p>\n<img decoding=\"async\" src=\"https:\/\/assets.innpro.pl\/16041\/20229\/8.jpg\" border=\"0\" alt=\"\" \/>\n<\/p>\n<h3>Idealna dla streamer\u00f3w<\/h3>\n<p>Funkcje wyciszania mikrofonu lub muzyki jednym klikni\u0119ciem umo\u017cliwiaj\u0105 precyzyjn\u0105 kontrol\u0119 nad d\u017awi\u0119kiem. Co wi\u0119cej, dwupoziomowa redukcja szum\u00f3w (do 20 dB i do 30 dB) zapewnia czyste brzmienie i pozwala odci\u0105\u0107 si\u0119 od ha\u0142asu. Dzi\u0119ki temu mo\u017cesz bez problemu prowadzi\u0107 anga\u017cuj\u0105ce streamy lub wsp\u00f3lnie z dru\u017cyn\u0105 ustala\u0107 strategi\u0119 na kolejne pojedynki w grze sieciowej.<\/p>\n<p>\n<img decoding=\"async\" src=\"https:\/\/assets.innpro.pl\/16041\/20229\/6.jpg\" border=\"0\" alt=\"\" \/>\n<\/p>\n<h3>U\u0142atwione sterowanie<\/h3>\n<p>Maono G1 Neo oferuje wyj\u0105tkowo proste i intuicyjne sterowanie d\u017awi\u0119kiem podczas streamowania. Ta praktyczna karta obs\u0142uguje funkcje takie jak Loopback oraz Direct Monitor, co pozwoli Ci s\u0142ysze\u0107 Tw\u00f3j g\u0142os w czasie rzeczywistym. Dzi\u0119ki temu mo\u017cesz bez problemu kontrolowa\u0107 audio! To jednak nie koniec \u2013 wygodn\u0105 obs\u0142ug\u0119 urz\u0105dzenia umo\u017cliwiaj\u0105 wbudowane prze\u0142\u0105czniki.<\/p>\n<p>\n<img decoding=\"async\" src=\"https:\/\/assets.innpro.pl\/16041\/20229\/5.jpg\" border=\"0\" alt=\"\" \/>\n<\/p>\n<h3>Z Maono brzmisz tak, jak chcesz<\/h3>\n<p>Karta d\u017awi\u0119kowa oferuje funkcj\u0119 zmiany g\u0142osu \u2013 teraz mo\u017cesz bez wysi\u0142ku brzmie\u0107 jak robot czy dziecko! Jej dodatkowym atutem s\u0105 personalizowane przyciski, kt\u00f3re umo\u017cliwiaj\u0105 tworzenie unikalnych efekt\u00f3w, dzi\u0119ki kt\u00f3rym z \u0142atwo\u015bci\u0105 zaskoczysz swoich obserwator\u00f3w. Dost\u0119pna jest r\u00f3wnie\u017c funkcja pog\u0142osu oraz sidechain, co przyda si\u0119 na przyk\u0142ad podczas \u015bpiewania.<\/p>\n<p>\n<img decoding=\"async\" src=\"https:\/\/assets.innpro.pl\/16041\/20229\/4.jpg\" border=\"0\" alt=\"\" \/>\n<\/p>\n<h3>Kolorowe pod\u015bwietlenie RGB<\/h3>\n<p>Produkt wyr\u00f3\u017cnia si\u0119 tak\u017ce osza\u0142amiaj\u0105cym pod\u015bwietleniem RGB, kt\u00f3re nadaje mu unikalny, gamingowy charakter. Mo\u017cesz te\u017c dostosowa\u0107 je do wystroju pomieszczenia, w kt\u00f3rym streamujesz, wybieraj\u0105c spo\u015br\u00f3d 11 oryginalnych tryb\u00f3w. Przyciski i paski \u015bwietlne na obudowie da si\u0119 personalizowa\u0107, wykorzystuj\u0105c jednolite kolory, gradienty, a nawet efekty t\u0119czy.<\/p>\n<p>\n<img decoding=\"async\" src=\"https:\/\/assets.innpro.pl\/16041\/20229\/7.jpg\" border=\"0\" alt=\"\" \/>\n<\/p>\n<h3>Szeroka kompatybilno\u015b\u0107<\/h3>\n<p>Karta d\u017awi\u0119kowa Maono G1 Neo jest kompatybilna z telefonami, komputerami i tabletami. Umo\u017cliwia bezproblemowe nagrywanie przy u\u017cyciu wi\u0119kszo\u015bci popularnych program\u00f3w, takich jak OBS Studio, Discord, Twitch, TikTok, YouTube, Facebook, Streamlabs, StreamYard czy Zoom. To oznacza, \u017ce doskonale sprawdzi si\u0119 w wielu zastosowaniach! Produkt obs\u0142uguje r\u00f3wnie\u017c standard Bluetooth 4.2, umo\u017cliwiaj\u0105c szybkie nawi\u0105zanie po\u0142\u0105czenia z wybranym sprz\u0119tem.<\/p>\n<p>\n<img decoding=\"async\" src=\"https:\/\/assets.innpro.pl\/16041\/20229\/3.jpg\" border=\"0\" alt=\"\" \/>\n<\/p>\n<h3>W zestawie<\/h3>\n<ul class=\"list-disc pl-5\">\n<li>karta d\u017awi\u0119kowa<\/li>\n<li>kabel USB-A\/USB-C do USB-C<\/li>\n<li>kabel 3.5 mm TRS<\/li>\n<li>instrukcja obs\u0142ugi<\/li>\n<\/ul>\n<div class=\"table-wrapper\">\n<p>\u00a0<\/p>\n<h3><\/h3>\n<table>\n<tbody>\n<tr>\n<th>Producent <\/th>\n<td>Maono<\/td>\n<\/tr>\n<tr>\n<th>Model <\/th>\n<td>G1 Neo<\/td>\n<\/tr>\n<tr>\n<th>Kolor<\/th>\n<td>bia\u0142y<\/td>\n<\/tr>\n<tr>\n<th>Pasmo przenoszenia <\/th>\n<td>20 Hz &#8211; 20 kHz<\/td>\n<\/tr>\n<tr>\n<th>THD <\/th>\n<td>&lt; 0,05% 1 kHz<\/td>\n<\/tr>\n<tr>\n<th>Cz\u0119stotliwo\u015b\u0107 pr\u00f3bkowania <\/th>\n<td>48 kHz \/ 16 bit<\/td>\n<\/tr>\n<tr>\n<th>\u0141\u0105czno\u015b\u0107 bezprzewodowa <\/th>\n<td>Bluetooth 4.2<\/td>\n<\/tr>\n<tr>\n<th>Wyj\u015bcie s\u0142uchawkowe<\/th>\n<td>20 mW, 32\u03a9 (1kHz, THD + N=1%)<\/td>\n<\/tr>\n<\/tbody>\n<\/table>\n<\/div>\n","protected":false},"excerpt":{"rendered":"<p>Karta d\u017awi\u0119kowa Maono G1 Neo (bia\u0142a) Maono G1 Neo to wszechstronna karta d\u017awi\u0119kowa, kt\u00f3ra podniesie jako\u015b\u0107 Twoich transmisji i nagra\u0144,<\/p>\n","protected":false},"featured_media":49015,"comment_status":"closed","ping_status":"open","template":"","meta":{"_acf_changed":false},"product_brand":[],"product_cat":[5929,5935],"product_tag":[],"class_list":{"0":"post-60222","1":"product","2":"type-product","3":"status-publish","4":"has-post-thumbnail","6":"product_cat-akcesoria-it","7":"product_cat-zewnetrzne-karty-dzwiekowe","8":"pa_okres-gwarancji-5754","9":"pa_producent-maono","11":"first","12":"outofstock","13":"taxable","14":"shipping-taxable","15":"purchasable","16":"product-type-simple"},"acf":[],"yoast_head":"<!-- This site is optimized with the Yoast SEO plugin v27.2 - https:\/\/yoast.com\/product\/yoast-seo-wordpress\/ -->\n<title>Karta d\u017awi\u0119kowa MAONO G1 Neo (bia\u0142a) - IRONSKY.PL Sklep z Dronami<\/title>\n<meta name=\"description\" content=\"Karta d\u017awi\u0119kowa MAONO G1 Neo (bia\u0142a) - \u2705 sklep z dronami i fachowym doradztwem. \u2705 Tutaj kupisz produkty DJI, Yuneec, Parrot, Syma i wiele innych, a tak\u017ce kursy i licencje na operatora drona.\" \/>\n<meta name=\"robots\" content=\"index, follow, max-snippet:-1, max-image-preview:large, max-video-preview:-1\" \/>\n<link rel=\"canonical\" href=\"https:\/\/ironsky.pl\/sklep\/produkt\/karta-dzwiekowa-maono-g1-neo-biala-2\/\" \/>\n<meta property=\"og:locale\" content=\"pl_PL\" \/>\n<meta property=\"og:type\" content=\"article\" \/>\n<meta property=\"og:title\" content=\"Karta d\u017awi\u0119kowa MAONO G1 Neo (bia\u0142a) - IRONSKY.PL Sklep z Dronami\" \/>\n<meta property=\"og:description\" content=\"Karta d\u017awi\u0119kowa MAONO G1 Neo (bia\u0142a) - \u2705 sklep z dronami i fachowym doradztwem. \u2705 Tutaj kupisz produkty DJI, Yuneec, Parrot, Syma i wiele innych, a tak\u017ce kursy i licencje na operatora drona.\" \/>\n<meta property=\"og:url\" content=\"https:\/\/ironsky.pl\/sklep\/produkt\/karta-dzwiekowa-maono-g1-neo-biala-2\/\" \/>\n<meta property=\"og:site_name\" content=\"IRONSKY.PL Sklep z Dronami\" \/>\n<meta property=\"article:modified_time\" content=\"2026-04-15T08:58:10+00:00\" \/>\n<meta property=\"og:image\" content=\"https:\/\/ironsky.pl\/sklep\/wp-content\/uploads\/2025\/10\/50673_1.jpg\" \/>\n\t<meta property=\"og:image:width\" content=\"800\" \/>\n\t<meta property=\"og:image:height\" content=\"800\" \/>\n\t<meta property=\"og:image:type\" content=\"image\/jpeg\" \/>\n<meta name=\"twitter:card\" content=\"summary_large_image\" \/>\n<meta name=\"twitter:label1\" content=\"Szacowany czas czytania\" \/>\n\t<meta name=\"twitter:data1\" content=\"2 minuty\" \/>\n<script type=\"application\/ld+json\" class=\"yoast-schema-graph\">{\"@context\":\"https:\/\/schema.org\",\"@graph\":[{\"@type\":\"WebPage\",\"@id\":\"https:\/\/ironsky.pl\/sklep\/produkt\/karta-dzwiekowa-maono-g1-neo-biala-2\/\",\"url\":\"https:\/\/ironsky.pl\/sklep\/produkt\/karta-dzwiekowa-maono-g1-neo-biala-2\/\",\"name\":\"Karta d\u017awi\u0119kowa MAONO G1 Neo (bia\u0142a) - IRONSKY.PL Sklep z Dronami\",\"isPartOf\":{\"@id\":\"https:\/\/ironsky.pl\/sklep\/#website\"},\"primaryImageOfPage\":{\"@id\":\"https:\/\/ironsky.pl\/sklep\/produkt\/karta-dzwiekowa-maono-g1-neo-biala-2\/#primaryimage\"},\"image\":{\"@id\":\"https:\/\/ironsky.pl\/sklep\/produkt\/karta-dzwiekowa-maono-g1-neo-biala-2\/#primaryimage\"},\"thumbnailUrl\":\"https:\/\/ironsky.pl\/sklep\/wp-content\/uploads\/2025\/10\/50673_1.jpg\",\"datePublished\":\"2026-04-15T08:57:52+00:00\",\"dateModified\":\"2026-04-15T08:58:10+00:00\",\"description\":\"Karta d\u017awi\u0119kowa MAONO G1 Neo (bia\u0142a) - \u2705 sklep z dronami i fachowym doradztwem. \u2705 Tutaj kupisz produkty DJI, Yuneec, Parrot, Syma i wiele innych, a tak\u017ce kursy i licencje na operatora drona.\",\"breadcrumb\":{\"@id\":\"https:\/\/ironsky.pl\/sklep\/produkt\/karta-dzwiekowa-maono-g1-neo-biala-2\/#breadcrumb\"},\"inLanguage\":\"pl-PL\",\"potentialAction\":[{\"@type\":\"ReadAction\",\"target\":[\"https:\/\/ironsky.pl\/sklep\/produkt\/karta-dzwiekowa-maono-g1-neo-biala-2\/\"]}]},{\"@type\":\"ImageObject\",\"inLanguage\":\"pl-PL\",\"@id\":\"https:\/\/ironsky.pl\/sklep\/produkt\/karta-dzwiekowa-maono-g1-neo-biala-2\/#primaryimage\",\"url\":\"https:\/\/ironsky.pl\/sklep\/wp-content\/uploads\/2025\/10\/50673_1.jpg\",\"contentUrl\":\"https:\/\/ironsky.pl\/sklep\/wp-content\/uploads\/2025\/10\/50673_1.jpg\",\"width\":800,\"height\":800},{\"@type\":\"BreadcrumbList\",\"@id\":\"https:\/\/ironsky.pl\/sklep\/produkt\/karta-dzwiekowa-maono-g1-neo-biala-2\/#breadcrumb\",\"itemListElement\":[{\"@type\":\"ListItem\",\"position\":1,\"name\":\"Strona g\u0142\u00f3wna\",\"item\":\"https:\/\/ironsky.pl\/sklep\/\"},{\"@type\":\"ListItem\",\"position\":2,\"name\":\"Wszystkie produkty\",\"item\":\"https:\/\/ironsky.pl\/sklep\/produkty\/\"},{\"@type\":\"ListItem\",\"position\":3,\"name\":\"Karta d\u017awi\u0119kowa MAONO G1 Neo (bia\u0142a)\"}]},{\"@type\":\"WebSite\",\"@id\":\"https:\/\/ironsky.pl\/sklep\/#website\",\"url\":\"https:\/\/ironsky.pl\/sklep\/\",\"name\":\"IRONSKY.PL Sklep z Dronami\",\"description\":\"IRONSKY.PL Sklep z Dronami\",\"potentialAction\":[{\"@type\":\"SearchAction\",\"target\":{\"@type\":\"EntryPoint\",\"urlTemplate\":\"https:\/\/ironsky.pl\/sklep\/?s={search_term_string}\"},\"query-input\":{\"@type\":\"PropertyValueSpecification\",\"valueRequired\":true,\"valueName\":\"search_term_string\"}}],\"inLanguage\":\"pl-PL\"}]}<\/script>\n<!-- \/ Yoast SEO plugin. -->","yoast_head_json":{"title":"Karta d\u017awi\u0119kowa MAONO G1 Neo (bia\u0142a) - IRONSKY.PL Sklep z Dronami","description":"Karta d\u017awi\u0119kowa MAONO G1 Neo (bia\u0142a) - \u2705 sklep z dronami i fachowym doradztwem. \u2705 Tutaj kupisz produkty DJI, Yuneec, Parrot, Syma i wiele innych, a tak\u017ce kursy i licencje na operatora drona.","robots":{"index":"index","follow":"follow","max-snippet":"max-snippet:-1","max-image-preview":"max-image-preview:large","max-video-preview":"max-video-preview:-1"},"canonical":"https:\/\/ironsky.pl\/sklep\/produkt\/karta-dzwiekowa-maono-g1-neo-biala-2\/","og_locale":"pl_PL","og_type":"article","og_title":"Karta d\u017awi\u0119kowa MAONO G1 Neo (bia\u0142a) - IRONSKY.PL Sklep z Dronami","og_description":"Karta d\u017awi\u0119kowa MAONO G1 Neo (bia\u0142a) - \u2705 sklep z dronami i fachowym doradztwem. \u2705 Tutaj kupisz produkty DJI, Yuneec, Parrot, Syma i wiele innych, a tak\u017ce kursy i licencje na operatora drona.","og_url":"https:\/\/ironsky.pl\/sklep\/produkt\/karta-dzwiekowa-maono-g1-neo-biala-2\/","og_site_name":"IRONSKY.PL Sklep z Dronami","article_modified_time":"2026-04-15T08:58:10+00:00","og_image":[{"width":800,"height":800,"url":"https:\/\/ironsky.pl\/sklep\/wp-content\/uploads\/2025\/10\/50673_1.jpg","type":"image\/jpeg"}],"twitter_card":"summary_large_image","twitter_misc":{"Szacowany czas czytania":"2 minuty"},"schema":{"@context":"https:\/\/schema.org","@graph":[{"@type":"WebPage","@id":"https:\/\/ironsky.pl\/sklep\/produkt\/karta-dzwiekowa-maono-g1-neo-biala-2\/","url":"https:\/\/ironsky.pl\/sklep\/produkt\/karta-dzwiekowa-maono-g1-neo-biala-2\/","name":"Karta d\u017awi\u0119kowa MAONO G1 Neo (bia\u0142a) - IRONSKY.PL Sklep z Dronami","isPartOf":{"@id":"https:\/\/ironsky.pl\/sklep\/#website"},"primaryImageOfPage":{"@id":"https:\/\/ironsky.pl\/sklep\/produkt\/karta-dzwiekowa-maono-g1-neo-biala-2\/#primaryimage"},"image":{"@id":"https:\/\/ironsky.pl\/sklep\/produkt\/karta-dzwiekowa-maono-g1-neo-biala-2\/#primaryimage"},"thumbnailUrl":"https:\/\/ironsky.pl\/sklep\/wp-content\/uploads\/2025\/10\/50673_1.jpg","datePublished":"2026-04-15T08:57:52+00:00","dateModified":"2026-04-15T08:58:10+00:00","description":"Karta d\u017awi\u0119kowa MAONO G1 Neo (bia\u0142a) - \u2705 sklep z dronami i fachowym doradztwem. \u2705 Tutaj kupisz produkty DJI, Yuneec, Parrot, Syma i wiele innych, a tak\u017ce kursy i licencje na operatora drona.","breadcrumb":{"@id":"https:\/\/ironsky.pl\/sklep\/produkt\/karta-dzwiekowa-maono-g1-neo-biala-2\/#breadcrumb"},"inLanguage":"pl-PL","potentialAction":[{"@type":"ReadAction","target":["https:\/\/ironsky.pl\/sklep\/produkt\/karta-dzwiekowa-maono-g1-neo-biala-2\/"]}]},{"@type":"ImageObject","inLanguage":"pl-PL","@id":"https:\/\/ironsky.pl\/sklep\/produkt\/karta-dzwiekowa-maono-g1-neo-biala-2\/#primaryimage","url":"https:\/\/ironsky.pl\/sklep\/wp-content\/uploads\/2025\/10\/50673_1.jpg","contentUrl":"https:\/\/ironsky.pl\/sklep\/wp-content\/uploads\/2025\/10\/50673_1.jpg","width":800,"height":800},{"@type":"BreadcrumbList","@id":"https:\/\/ironsky.pl\/sklep\/produkt\/karta-dzwiekowa-maono-g1-neo-biala-2\/#breadcrumb","itemListElement":[{"@type":"ListItem","position":1,"name":"Strona g\u0142\u00f3wna","item":"https:\/\/ironsky.pl\/sklep\/"},{"@type":"ListItem","position":2,"name":"Wszystkie produkty","item":"https:\/\/ironsky.pl\/sklep\/produkty\/"},{"@type":"ListItem","position":3,"name":"Karta d\u017awi\u0119kowa MAONO G1 Neo (bia\u0142a)"}]},{"@type":"WebSite","@id":"https:\/\/ironsky.pl\/sklep\/#website","url":"https:\/\/ironsky.pl\/sklep\/","name":"IRONSKY.PL Sklep z Dronami","description":"IRONSKY.PL Sklep z Dronami","potentialAction":[{"@type":"SearchAction","target":{"@type":"EntryPoint","urlTemplate":"https:\/\/ironsky.pl\/sklep\/?s={search_term_string}"},"query-input":{"@type":"PropertyValueSpecification","valueRequired":true,"valueName":"search_term_string"}}],"inLanguage":"pl-PL"}]}},"_links":{"self":[{"href":"https:\/\/ironsky.pl\/sklep\/wp-json\/wp\/v2\/product\/60222","targetHints":{"allow":["GET"]}}],"collection":[{"href":"https:\/\/ironsky.pl\/sklep\/wp-json\/wp\/v2\/product"}],"about":[{"href":"https:\/\/ironsky.pl\/sklep\/wp-json\/wp\/v2\/types\/product"}],"replies":[{"embeddable":true,"href":"https:\/\/ironsky.pl\/sklep\/wp-json\/wp\/v2\/comments?post=60222"}],"wp:featuredmedia":[{"embeddable":true,"href":"https:\/\/ironsky.pl\/sklep\/wp-json\/wp\/v2\/media\/49015"}],"wp:attachment":[{"href":"https:\/\/ironsky.pl\/sklep\/wp-json\/wp\/v2\/media?parent=60222"}],"wp:term":[{"taxonomy":"product_brand","embeddable":true,"href":"https:\/\/ironsky.pl\/sklep\/wp-json\/wp\/v2\/product_brand?post=60222"},{"taxonomy":"product_cat","embeddable":true,"href":"https:\/\/ironsky.pl\/sklep\/wp-json\/wp\/v2\/product_cat?post=60222"},{"taxonomy":"product_tag","embeddable":true,"href":"https:\/\/ironsky.pl\/sklep\/wp-json\/wp\/v2\/product_tag?post=60222"}],"curies":[{"name":"wp","href":"https:\/\/api.w.org\/{rel}","templated":true}]}}