{"id":60219,"date":"2026-04-15T10:57:52","date_gmt":"2026-04-15T08:57:52","guid":{"rendered":"https:\/\/ironsky.pl\/sklep\/produkt\/gimbal-dji-osmo-mobile-7\/"},"modified":"2026-04-24T13:22:36","modified_gmt":"2026-04-24T11:22:36","slug":"gimbal-dji-osmo-mobile-7","status":"publish","type":"product","link":"https:\/\/ironsky.pl\/sklep\/produkt\/gimbal-dji-osmo-mobile-7\/","title":{"rendered":"Gimbal DJI Osmo Mobile 7"},"content":{"rendered":"<h3><strong>DJI Osmo Mobile 7 \u2013 Skup si\u0119 na ka\u017cdym ruchu<\/strong><\/h3>\n<p>Tw\u00f3rz profesjonalne nagrania swoim smartfonem z DJI Osmo Mobile 7! To gimbal wyposa\u017cony w zaawansowan\u0105 3-osiow\u0105 stabilizacj\u0119 DJI si\u00f3dmej generacji, kt\u00f3ra skutecznie eliminuje drgania, zapewniaj\u0105c nieskazitelnie p\u0142ynne uj\u0119cia. Bez wzgl\u0119du na to, czy dopiero zaczynasz przygod\u0119 z filmowaniem, czy jeste\u015b do\u015bwiadczonym tw\u00f3rc\u0105, tryb ActiveTrack 7.0, intuicyjne samouczki i mo\u017cliwo\u015b\u0107 edycji za pomoc\u0105 jednego klikni\u0119cia sprawiaj\u0105, \u017ce nagrywanie efektownych materia\u0142\u00f3w wideo jest prostsze ni\u017c kiedykolwiek. Wbudowany statyw, czas pracy si\u0119gaj\u0105cy 10 godzin i natychmiastowa gotowo\u015b\u0107 do dzia\u0142ania to tylko niekt\u00f3re z zalet, dzi\u0119ki kt\u00f3rym praca z Osmo Mobile 7 jest wyj\u0105tkowo przyjemnym do\u015bwiadczeniem.<\/p>\n<p><img decoding=\"async\" src=\"https:\/\/assets.innpro.pl\/12752\/15471\/1.jpg\" alt=\"\" border=\"0\" \/><\/p>\n<h3>Inteligentny tryb \u015bledzenia ActiveTrack 7.0<\/h3>\n<p>Utrzymanie obiektu w kadrze nigdy nie by\u0142o tak \u0142atwe! Dzi\u0119ki trybowi ActiveTrack 7.0 gimbal automatycznie \u015bledzi wybrane cele, niezale\u017cnie od ich ruchu czy kierunku. Funkcja ta sprawdza si\u0119 \u015bwietnie w dynamicznych scenach, takich jak taniec czy sport, a inteligentne algorytmy pozwalaj\u0105 na szybkie prze\u0142\u0105czanie mi\u0119dzy wybranymi obiektami. Nawet je\u015bli Tw\u00f3j cel na chwil\u0119 zniknie z pola widzenia, DJI Osmo Mobile 7 bez trudu ponownie za nim nad\u0105\u017cy. Dziel si\u0119 p\u0142ynnymi, profesjonalnymi nagraniami z ka\u017cdego wydarzenia!<\/p>\n<p><img decoding=\"async\" src=\"https:\/\/assets.innpro.pl\/12752\/15471\/12.jpg\" alt=\"\" border=\"0\" \/><\/p>\n<h3><strong>Intuicyjne narz\u0119dzie dla ka\u017cdego<\/strong><\/h3>\n<p>Niewa\u017cne, czy dopiero zaczynasz zabaw\u0119 z filmowaniem, czy robisz to od dawna! DJI Osmo Mobile 7 to doskona\u0142e narz\u0119dzie w r\u0119kach ka\u017cdego tw\u00f3rcy \u2014 nawet pocz\u0105tkuj\u0105cego! Funkcja ShotGuides automatycznie analizuje scenariusz filmowania i oferuje sugestie dotycz\u0105ce najlepszych uj\u0119\u0107, uzupe\u0142nione instrukcjami krok po kroku. Dost\u0119pne w aplikacji DJI Mimo szablony oraz funkcja edycji wspierana przez sztuczn\u0105 inteligencj\u0119 pozwalaj\u0105 na tworzenie imponuj\u0105cych film\u00f3w w mgnieniu oka. Modu\u0142 wielofunkcyjny (dost\u0119pny w osobnej sprzeda\u017cy) obs\u0142uguje r\u00f3wnie\u017c sterowanie gestami, co umo\u017cliwia wygodne wykonywanie zdj\u0119\u0107, rozpoczynanie nagrywania czy kadrowanie \u2013 wszystko to bez dotykania urz\u0105dzenia.<\/p>\n<p><img decoding=\"async\" src=\"https:\/\/assets.innpro.pl\/12752\/15471\/4 \u2014 kopia.jpg\" alt=\"\" border=\"0\" \/><\/p>\n<h3><strong>Wi\u0119ksza stabilno\u015b\u0107 ze statywem<\/strong><\/h3>\n<p>Nagrywasz vlogi, tutoriale lub wydarzenia sportowe? Nie potrzebujesz do tego dodatkowych akcesori\u00f3w! DJI Osmo Mobile 7 zosta\u0142 wyposa\u017cony w kompaktowy, wbudowany statyw, kt\u00f3ry mo\u017cesz ustawi\u0107 na ka\u017cdej p\u0142askiej powierzchni. Wystarczy roz\u0142o\u017cy\u0107 jego n\u00f3\u017cki, aby uzyska\u0107 niezb\u0119dn\u0105 stabilno\u015b\u0107. Po zako\u0144czeniu nagra\u0144 statyw szybko z\u0142o\u017cysz i wygodnie schowasz gimbala w torbie. To proste rozwi\u0105zanie, kt\u00f3re nie zabiera cennej przestrzeni!<\/p>\n<p><img decoding=\"async\" src=\"https:\/\/assets.innpro.pl\/12752\/15471\/2.jpg\" alt=\"\" border=\"0\" \/><\/p>\n<h3><strong>Wszechstronny modu\u0142 dodatkowy<\/strong><\/h3>\n<p>DJI Osmo Mobile 7 wsp\u00f3\u0142pracuje z wielofunkcyjnym modu\u0142em DJI (dost\u0119pny w oddzielnej sprzeda\u017cy), kt\u00f3ry otwiera nowe mo\u017cliwo\u015bci nagrywania. Dzi\u0119ki niemu mo\u017cesz korzysta\u0107 z funkcji \u015bledzenia obiekt\u00f3w bez konieczno\u015bci uruchamiania aplikacji DJI Mimo \u2013 wystarczy gest d\u0142oni lub naci\u015bni\u0119cie spustu. Modu\u0142 umo\u017cliwia r\u00f3wnie\u017c wsp\u00f3\u0142prac\u0119 z natywnymi aplikacjami aparatu smartfona czy programami do transmisji na \u017cywo, co idealnie sprawdzi si\u0119 w dynamicznych scenach, takich jak mecze, czy wy\u015bcigi. Dodatkowo modu\u0142 pe\u0142ni funkcj\u0119 odbiornika dla nadajnika DJI Mic Mini, pozwalaj\u0105c Ci rejestrowa\u0107 profesjonalnej jako\u015bci d\u017awi\u0119k w nagraniach. Zintegrowane o\u015bwietlenie z regulacj\u0105 jasno\u015bci i temperatury barwowej zapewni natomiast doskona\u0142e efekty wizualne nawet przy s\u0142abym o\u015bwietleniu.<\/p>\n<p><img decoding=\"async\" src=\"https:\/\/assets.innpro.pl\/12752\/15471\/6.jpg\" alt=\"\" border=\"0\" \/><\/p>\n<h3>Niezawodny pod ka\u017cdym wzgl\u0119dem<\/h3>\n<p>Nagrywaj bez obaw o nag\u0142e roz\u0142adowanie urz\u0105dzenia! DJI Osmo Mobile 7 wykorzystuje akumulator o \u017cywotno\u015bci do 10 godzin, pozwalaj\u0105c na tworzenie rozbudowanych materia\u0142\u00f3w. Dodatkowo port USB-C gimbala umo\u017cliwia \u0142adowanie smartfona w trakcie filmowania, dzi\u0119ki czemu masz pewno\u015b\u0107, \u017ce nie zabraknie mu energii w najmniej odpowiednim momencie. Ale to nie wszystko! Je\u015bli korzystasz z modu\u0142u wielofunkcyjnego w roli odbiornika do DJI Mic Mini, on r\u00f3wnie\u017c mo\u017ce pos\u0142u\u017cy\u0107 Ci jako dodatkowe \u017ar\u00f3d\u0142o energii dla telefonu!<\/p>\n<p><img decoding=\"async\" src=\"https:\/\/assets.innpro.pl\/12752\/15471\/7.jpg\" alt=\"\" border=\"0\" \/><\/p>\n<h3><strong>Gotowy do pracy w mgnieniu oka<\/strong><\/h3>\n<p>Nie tra\u0107 ani chwili! DJI Osmo Mobile 7 charakteryzuje si\u0119 magnetyczn\u0105 konstrukcj\u0105, dzi\u0119ki kt\u00f3rej monta\u017c smartfona jest ekstremalnie szybki, a do tego prosty. Po roz\u0142o\u017ceniu gimbala urz\u0105dzenie automatycznie si\u0119 w\u0142\u0105cza, a w przypadku sparowanych iPhone\u2019\u00f3w na ekranie pojawi si\u0119 okno aplikacji DJI Mimo, co dodatkowo skraca czas konfiguracji. To idealne rozwi\u0105zanie dla tw\u00f3rc\u00f3w, kt\u00f3rzy ceni\u0105 sobie mo\u017cliwo\u015b\u0107 b\u0142yskawicznego rozpocz\u0119cia pracy, szczeg\u00f3lnie w sytuacjach, gdy liczy si\u0119 ka\u017cda sekunda.<\/p>\n<p><img decoding=\"async\" src=\"https:\/\/assets.innpro.pl\/12752\/15471\/8.jpg\" alt=\"\" border=\"0\" \/><\/p>\n<h3><strong>Inteligentne tryby nagrywania<\/strong><\/h3>\n<p>Rozwi\u0144 swoj\u0105 kreatywno\u015b\u0107 i wypr\u00f3buj inteligentne funkcje DJI Osmo Mobile 7. Tw\u00f3rz spektakularne nagrania w trybach Timelapse, Motionlapse lub Hyperlapse, wykorzystaj DynamicZoom dla efekt\u00f3w filmowych lub eksperymentuj z r\u00f3\u017cnymi opcjami Panoramy, w tym 3&#215;3, 240\u00b0 oraz CloneMe. Tryb Parents &amp; Kids pozwoli zarejestrowa\u0107 sielankowe, rodzinne chwile, wspieraj\u0105c automatyczn\u0105 obs\u0142ug\u0119 r\u00f3\u017cnorodnych ruch\u00f3w kamery. Vlogujesz? Z pewno\u015bci\u0105 docenisz funkcj\u0119 szybkiego odwracania kamery smartfona \u2014 trzy naci\u015bni\u0119cia spustu i rozpoczynasz wysokiej rozdzielczo\u015bci nagrywanie w trybie selfie!<\/p>\n<p><img decoding=\"async\" src=\"https:\/\/assets.innpro.pl\/12752\/15471\/11.jpg\" alt=\"\" border=\"0\" \/><\/p>\n<h3><strong>Dopasowany do Twoich urz\u0105dze\u0144<\/strong><\/h3>\n<p>DJI Osmo Mobile 7 wyposa\u017cono w magnetyczny uchwyt pasuj\u0105cy do wi\u0119kszo\u015bci smartfon\u00f3w, w tym tych z du\u017cymi wyspami aparat\u00f3w. Co wi\u0119cej, urz\u0105dzenie jest kompatybilne z Apple Watchami, kt\u00f3re po sparowaniu z aplikacj\u0105 DJI Mimo mo\u017cna wykorzysta\u0107 do podgl\u0105du wideo, robienia zdj\u0119\u0107 i sterowania funkcjami gimbala. Dla u\u017cytkownik\u00f3w iPhone\u2019\u00f3w dost\u0119pne jest r\u00f3wnie\u017c magnetyczne mocowanie DJI OM Magnetic Quick-Release Mount (brak w zestawie), kt\u00f3re umo\u017cliwia szybki monta\u017c i demonta\u017c smartfona.<\/p>\n<p><img decoding=\"async\" src=\"https:\/\/assets.innpro.pl\/12752\/15471\/9.jpg\" alt=\"\" border=\"0\" \/><\/p>\n<h3><strong>Perfekcyjnie stabilne uj\u0119cia<\/strong><\/h3>\n<p>Zapomnij o niechcianych drganiach i ciesz si\u0119 p\u0142ynno\u015bci\u0105 ka\u017cdego kadru! DJI Osmo Mobile 7 wykorzystuje technologi\u0119 stabilizacji si\u00f3dmej generacji, kt\u00f3ra precyzyjnie redukuje wstrz\u0105sy, zapewniaj\u0105c profesjonaln\u0105 jako\u015b\u0107 obrazu. Obs\u0142uguje smartfony o masie do 300 g, dzi\u0119ki czemu sprawdzi si\u0119 z wi\u0119kszo\u015bci\u0105 modeli. Do wyboru masz kilka tryb\u00f3w, kt\u00f3re dopasujesz do ka\u017cdego uj\u0119cia. W trybie PTF kamera p\u0142ynnie pod\u0105\u017ca za Twoimi ruchami w pionie i poziomie \u2013 \u015bwietnie sprawdzi si\u0119 do nagrywania dynamicznych przej\u015b\u0107 mi\u0119dzy planami, uj\u0119\u0107 od do\u0142u czy szerokich panoram. Tryb PF \u015bledzi ruchy na boki, co pozwala na p\u0142ynne rejestrowanie obiekt\u00f3w w ruchu, np. przejazdu samochodu lub spaceru po mie\u015bcie. Potrzebujesz efektu pierwszoosobowej perspektywy? Wybierz tryb FPV, dzi\u0119ki kt\u00f3remu kamera pod\u0105\u017cy za ka\u017cdym Twoim ruchem, idealnym do nagrywania sportowych akcji czy eksploracji przestrzeni. Chcesz, aby by\u0142o jeszcze ciekawiej? Wypr\u00f3buj tryb SpinShot \u2013 obracaj kamer\u0105 joystickiem i tw\u00f3rz efektowne przej\u015bcia oraz dynamiczne uj\u0119cia rodem z teledysk\u00f3w.<\/p>\n<p><img decoding=\"async\" src=\"https:\/\/assets.innpro.pl\/12752\/15471\/3.jpg\" alt=\"\" border=\"0\" \/><\/p>\n<h3><strong>Wypr\u00f3buj dodatkowe akcesoria<\/strong><\/h3>\n<p>Rozszerz mo\u017cliwo\u015bci DJI Osmo Mobile 7 dzi\u0119ki dodatkowym akcesoriom. Statyw DJI OM Grip Tripod z antypo\u015blizgowym uchwytem zapewnia jeszcze wi\u0119ksz\u0105 stabilno\u015b\u0107, natomiast nadajnik DJI Mic Mini gwarantuje wyra\u017any d\u017awi\u0119k o profesjonalnej jako\u015bci. Czujesz, \u017ce wielofunkcyjny modu\u0142 jest dla Ciebie? Znajdziesz go w zestawie DJI OM 7 Series Tracking Kit. Wyra\u017a siebie w ka\u017cdym uj\u0119ciu!<\/p>\n<p><img decoding=\"async\" src=\"https:\/\/assets.innpro.pl\/12752\/15471\/5.jpg\" alt=\"\" border=\"0\" \/><\/p>\n<h3>W zestawie<\/h3>\n<ul class=\"list-disc pl-5\">\n<li>DJI Osmo Mobile 7 x 1<\/li>\n<li>Magnetyczny uchwyt na telefon DJI OM Magnetic Phone Clamp 4 x 1<\/li>\n<li>Kabel zasilaj\u0105cy (USB-C do USB-C, 50 cm) x 1<\/li>\n<li>Etui x 1<\/li>\n<\/ul>\n<h3>Przypisy do specyfikacji<\/h3>\n<p>Przypisy:<\/p>\n<p>*Dane zosta\u0142y zebrane w kontrolowanych warunkach. Rzeczywiste do\u015bwiadczenie mo\u017ce si\u0119 r\u00f3\u017cni\u0107. Szczeg\u00f3\u0142owe informacje znajdziesz w odpowiedniej sekcji produktu na oficjalnej stronie internetowej DJI.<\/p>\n<p>&nbsp;<\/p>\n<p>1. Pomiary wykonano z wywa\u017conym gimbalem w stanie poziomym i nieruchomym, bez dodatkowych akcesori\u00f3w.<\/p>\n<p>2. ActiveTrack 7.0 jest dost\u0119pny tylko w aplikac<\/p>\n","protected":false},"excerpt":{"rendered":"<p>DJI Osmo Mobile 7 \u2013 Skup si\u0119 na ka\u017cdym ruchu Tw\u00f3rz profesjonalne nagrania swoim smartfonem z DJI Osmo Mobile 7!<\/p>\n","protected":false},"featured_media":38932,"comment_status":"closed","ping_status":"closed","template":"","meta":{"_acf_changed":false},"product_brand":[],"product_cat":[1128,1129],"product_tag":[],"class_list":{"0":"post-60219","1":"product","2":"type-product","3":"status-publish","4":"has-post-thumbnail","6":"product_cat-foto-wideo","7":"product_cat-gimbale-i-stabilizatory","9":"first","10":"outofstock","11":"sale","12":"taxable","13":"shipping-taxable","14":"purchasable","15":"product-type-simple"},"acf":[],"yoast_head":"<!-- This site is optimized with the Yoast SEO plugin v27.2 - https:\/\/yoast.com\/product\/yoast-seo-wordpress\/ -->\n<title>Gimbal DJI Osmo Mobile 7 - IRONSKY.PL Sklep z Dronami<\/title>\n<meta name=\"description\" content=\"Gimbal DJI Osmo Mobile 7 - \u2705 sklep z dronami i fachowym doradztwem. \u2705 Tutaj kupisz produkty DJI, Yuneec, Parrot, Syma i wiele innych, a tak\u017ce kursy i licencje na operatora drona.\" \/>\n<meta name=\"robots\" content=\"index, follow, max-snippet:-1, max-image-preview:large, max-video-preview:-1\" \/>\n<link rel=\"canonical\" href=\"https:\/\/ironsky.pl\/sklep\/produkt\/gimbal-dji-osmo-mobile-7\/\" \/>\n<meta property=\"og:locale\" content=\"pl_PL\" \/>\n<meta property=\"og:type\" content=\"article\" \/>\n<meta property=\"og:title\" content=\"Gimbal DJI Osmo Mobile 7 - IRONSKY.PL Sklep z Dronami\" \/>\n<meta property=\"og:description\" content=\"Gimbal DJI Osmo Mobile 7 - \u2705 sklep z dronami i fachowym doradztwem. \u2705 Tutaj kupisz produkty DJI, Yuneec, Parrot, Syma i wiele innych, a tak\u017ce kursy i licencje na operatora drona.\" \/>\n<meta property=\"og:url\" content=\"https:\/\/ironsky.pl\/sklep\/produkt\/gimbal-dji-osmo-mobile-7\/\" \/>\n<meta property=\"og:site_name\" content=\"IRONSKY.PL Sklep z Dronami\" \/>\n<meta property=\"article:modified_time\" content=\"2026-04-24T11:22:36+00:00\" \/>\n<meta property=\"og:image\" content=\"https:\/\/ironsky.pl\/sklep\/wp-content\/uploads\/2025\/03\/50511_1.webp\" \/>\n\t<meta property=\"og:image:width\" content=\"800\" \/>\n\t<meta property=\"og:image:height\" content=\"800\" \/>\n\t<meta property=\"og:image:type\" content=\"image\/webp\" \/>\n<meta name=\"twitter:card\" content=\"summary_large_image\" \/>\n<meta name=\"twitter:label1\" content=\"Szacowany czas czytania\" \/>\n\t<meta name=\"twitter:data1\" content=\"9 minut\" \/>\n<script type=\"application\/ld+json\" class=\"yoast-schema-graph\">{\"@context\":\"https:\/\/schema.org\",\"@graph\":[{\"@type\":\"WebPage\",\"@id\":\"https:\/\/ironsky.pl\/sklep\/produkt\/gimbal-dji-osmo-mobile-7\/\",\"url\":\"https:\/\/ironsky.pl\/sklep\/produkt\/gimbal-dji-osmo-mobile-7\/\",\"name\":\"Gimbal DJI Osmo Mobile 7 - IRONSKY.PL Sklep z Dronami\",\"isPartOf\":{\"@id\":\"https:\/\/ironsky.pl\/sklep\/#website\"},\"primaryImageOfPage\":{\"@id\":\"https:\/\/ironsky.pl\/sklep\/produkt\/gimbal-dji-osmo-mobile-7\/#primaryimage\"},\"image\":{\"@id\":\"https:\/\/ironsky.pl\/sklep\/produkt\/gimbal-dji-osmo-mobile-7\/#primaryimage\"},\"thumbnailUrl\":\"https:\/\/ironsky.pl\/sklep\/wp-content\/uploads\/2025\/03\/50511_1.webp\",\"datePublished\":\"2026-04-15T08:57:52+00:00\",\"dateModified\":\"2026-04-24T11:22:36+00:00\",\"description\":\"Gimbal DJI Osmo Mobile 7 - \u2705 sklep z dronami i fachowym doradztwem. \u2705 Tutaj kupisz produkty DJI, Yuneec, Parrot, Syma i wiele innych, a tak\u017ce kursy i licencje na operatora drona.\",\"breadcrumb\":{\"@id\":\"https:\/\/ironsky.pl\/sklep\/produkt\/gimbal-dji-osmo-mobile-7\/#breadcrumb\"},\"inLanguage\":\"pl-PL\",\"potentialAction\":[{\"@type\":\"ReadAction\",\"target\":[\"https:\/\/ironsky.pl\/sklep\/produkt\/gimbal-dji-osmo-mobile-7\/\"]}]},{\"@type\":\"ImageObject\",\"inLanguage\":\"pl-PL\",\"@id\":\"https:\/\/ironsky.pl\/sklep\/produkt\/gimbal-dji-osmo-mobile-7\/#primaryimage\",\"url\":\"https:\/\/ironsky.pl\/sklep\/wp-content\/uploads\/2025\/03\/50511_1.webp\",\"contentUrl\":\"https:\/\/ironsky.pl\/sklep\/wp-content\/uploads\/2025\/03\/50511_1.webp\",\"width\":800,\"height\":800},{\"@type\":\"BreadcrumbList\",\"@id\":\"https:\/\/ironsky.pl\/sklep\/produkt\/gimbal-dji-osmo-mobile-7\/#breadcrumb\",\"itemListElement\":[{\"@type\":\"ListItem\",\"position\":1,\"name\":\"Strona g\u0142\u00f3wna\",\"item\":\"https:\/\/ironsky.pl\/sklep\/\"},{\"@type\":\"ListItem\",\"position\":2,\"name\":\"Wszystkie produkty\",\"item\":\"https:\/\/ironsky.pl\/sklep\/produkty\/\"},{\"@type\":\"ListItem\",\"position\":3,\"name\":\"Gimbal DJI Osmo Mobile 7\"}]},{\"@type\":\"WebSite\",\"@id\":\"https:\/\/ironsky.pl\/sklep\/#website\",\"url\":\"https:\/\/ironsky.pl\/sklep\/\",\"name\":\"IRONSKY.PL Sklep z Dronami\",\"description\":\"IRONSKY.PL Sklep z Dronami\",\"potentialAction\":[{\"@type\":\"SearchAction\",\"target\":{\"@type\":\"EntryPoint\",\"urlTemplate\":\"https:\/\/ironsky.pl\/sklep\/?s={search_term_string}\"},\"query-input\":{\"@type\":\"PropertyValueSpecification\",\"valueRequired\":true,\"valueName\":\"search_term_string\"}}],\"inLanguage\":\"pl-PL\"}]}<\/script>\n<!-- \/ Yoast SEO plugin. -->","yoast_head_json":{"title":"Gimbal DJI Osmo Mobile 7 - IRONSKY.PL Sklep z Dronami","description":"Gimbal DJI Osmo Mobile 7 - \u2705 sklep z dronami i fachowym doradztwem. \u2705 Tutaj kupisz produkty DJI, Yuneec, Parrot, Syma i wiele innych, a tak\u017ce kursy i licencje na operatora drona.","robots":{"index":"index","follow":"follow","max-snippet":"max-snippet:-1","max-image-preview":"max-image-preview:large","max-video-preview":"max-video-preview:-1"},"canonical":"https:\/\/ironsky.pl\/sklep\/produkt\/gimbal-dji-osmo-mobile-7\/","og_locale":"pl_PL","og_type":"article","og_title":"Gimbal DJI Osmo Mobile 7 - IRONSKY.PL Sklep z Dronami","og_description":"Gimbal DJI Osmo Mobile 7 - \u2705 sklep z dronami i fachowym doradztwem. \u2705 Tutaj kupisz produkty DJI, Yuneec, Parrot, Syma i wiele innych, a tak\u017ce kursy i licencje na operatora drona.","og_url":"https:\/\/ironsky.pl\/sklep\/produkt\/gimbal-dji-osmo-mobile-7\/","og_site_name":"IRONSKY.PL Sklep z Dronami","article_modified_time":"2026-04-24T11:22:36+00:00","og_image":[{"width":800,"height":800,"url":"https:\/\/ironsky.pl\/sklep\/wp-content\/uploads\/2025\/03\/50511_1.webp","type":"image\/webp"}],"twitter_card":"summary_large_image","twitter_misc":{"Szacowany czas czytania":"9 minut"},"schema":{"@context":"https:\/\/schema.org","@graph":[{"@type":"WebPage","@id":"https:\/\/ironsky.pl\/sklep\/produkt\/gimbal-dji-osmo-mobile-7\/","url":"https:\/\/ironsky.pl\/sklep\/produkt\/gimbal-dji-osmo-mobile-7\/","name":"Gimbal DJI Osmo Mobile 7 - IRONSKY.PL Sklep z Dronami","isPartOf":{"@id":"https:\/\/ironsky.pl\/sklep\/#website"},"primaryImageOfPage":{"@id":"https:\/\/ironsky.pl\/sklep\/produkt\/gimbal-dji-osmo-mobile-7\/#primaryimage"},"image":{"@id":"https:\/\/ironsky.pl\/sklep\/produkt\/gimbal-dji-osmo-mobile-7\/#primaryimage"},"thumbnailUrl":"https:\/\/ironsky.pl\/sklep\/wp-content\/uploads\/2025\/03\/50511_1.webp","datePublished":"2026-04-15T08:57:52+00:00","dateModified":"2026-04-24T11:22:36+00:00","description":"Gimbal DJI Osmo Mobile 7 - \u2705 sklep z dronami i fachowym doradztwem. \u2705 Tutaj kupisz produkty DJI, Yuneec, Parrot, Syma i wiele innych, a tak\u017ce kursy i licencje na operatora drona.","breadcrumb":{"@id":"https:\/\/ironsky.pl\/sklep\/produkt\/gimbal-dji-osmo-mobile-7\/#breadcrumb"},"inLanguage":"pl-PL","potentialAction":[{"@type":"ReadAction","target":["https:\/\/ironsky.pl\/sklep\/produkt\/gimbal-dji-osmo-mobile-7\/"]}]},{"@type":"ImageObject","inLanguage":"pl-PL","@id":"https:\/\/ironsky.pl\/sklep\/produkt\/gimbal-dji-osmo-mobile-7\/#primaryimage","url":"https:\/\/ironsky.pl\/sklep\/wp-content\/uploads\/2025\/03\/50511_1.webp","contentUrl":"https:\/\/ironsky.pl\/sklep\/wp-content\/uploads\/2025\/03\/50511_1.webp","width":800,"height":800},{"@type":"BreadcrumbList","@id":"https:\/\/ironsky.pl\/sklep\/produkt\/gimbal-dji-osmo-mobile-7\/#breadcrumb","itemListElement":[{"@type":"ListItem","position":1,"name":"Strona g\u0142\u00f3wna","item":"https:\/\/ironsky.pl\/sklep\/"},{"@type":"ListItem","position":2,"name":"Wszystkie produkty","item":"https:\/\/ironsky.pl\/sklep\/produkty\/"},{"@type":"ListItem","position":3,"name":"Gimbal DJI Osmo Mobile 7"}]},{"@type":"WebSite","@id":"https:\/\/ironsky.pl\/sklep\/#website","url":"https:\/\/ironsky.pl\/sklep\/","name":"IRONSKY.PL Sklep z Dronami","description":"IRONSKY.PL Sklep z Dronami","potentialAction":[{"@type":"SearchAction","target":{"@type":"EntryPoint","urlTemplate":"https:\/\/ironsky.pl\/sklep\/?s={search_term_string}"},"query-input":{"@type":"PropertyValueSpecification","valueRequired":true,"valueName":"search_term_string"}}],"inLanguage":"pl-PL"}]}},"_links":{"self":[{"href":"https:\/\/ironsky.pl\/sklep\/wp-json\/wp\/v2\/product\/60219","targetHints":{"allow":["GET"]}}],"collection":[{"href":"https:\/\/ironsky.pl\/sklep\/wp-json\/wp\/v2\/product"}],"about":[{"href":"https:\/\/ironsky.pl\/sklep\/wp-json\/wp\/v2\/types\/product"}],"replies":[{"embeddable":true,"href":"https:\/\/ironsky.pl\/sklep\/wp-json\/wp\/v2\/comments?post=60219"}],"wp:featuredmedia":[{"embeddable":true,"href":"https:\/\/ironsky.pl\/sklep\/wp-json\/wp\/v2\/media\/38932"}],"wp:attachment":[{"href":"https:\/\/ironsky.pl\/sklep\/wp-json\/wp\/v2\/media?parent=60219"}],"wp:term":[{"taxonomy":"product_brand","embeddable":true,"href":"https:\/\/ironsky.pl\/sklep\/wp-json\/wp\/v2\/product_brand?post=60219"},{"taxonomy":"product_cat","embeddable":true,"href":"https:\/\/ironsky.pl\/sklep\/wp-json\/wp\/v2\/product_cat?post=60219"},{"taxonomy":"product_tag","embeddable":true,"href":"https:\/\/ironsky.pl\/sklep\/wp-json\/wp\/v2\/product_tag?post=60219"}],"curies":[{"name":"wp","href":"https:\/\/api.w.org\/{rel}","templated":true}]}}