{"id":60218,"date":"2026-04-15T10:57:52","date_gmt":"2026-04-15T08:57:52","guid":{"rendered":"https:\/\/ironsky.pl\/sklep\/produkt\/gimbal-dji-osmo-mobile-7p\/"},"modified":"2026-04-15T10:58:03","modified_gmt":"2026-04-15T08:58:03","slug":"gimbal-dji-osmo-mobile-7p","status":"publish","type":"product","link":"https:\/\/ironsky.pl\/sklep\/produkt\/gimbal-dji-osmo-mobile-7p\/","title":{"rendered":"Gimbal DJI Osmo Mobile 7P"},"content":{"rendered":"<h3>DJI Osmo Mobile 7P &#8211; Skup si\u0119 na ka\u017cdym ruchu<\/h3>\n<p>Tw\u00f3rz p\u0142ynne, profesjonalne uj\u0119cia bez wysi\u0142ku! DJI Osmo Mobile 7P to zaawansowany 3-osiowy gimbal, kt\u00f3ry wykorzystuje technologi\u0119 stabilizacji DJI si\u00f3dmej generacji. Zapewnia perfekcyjnie p\u0142ynne nagrania bez zb\u0119dnych drga\u0144. Dzi\u0119ki ulepszonemu trybowi ActiveTrack 7.0 z \u0142atwo\u015bci\u0105 utrzymasz obiekt w kadrze, a intuicyjne samouczki i funkcja edycji wideo jednym klikni\u0119ciem sprawiaj\u0105, \u017ce ka\u017cdy \u2013 niezale\u017cnie od do\u015bwiadczenia \u2013 mo\u017ce tworzy\u0107 profesjonalne materia\u0142y. Wbudowany wysi\u0119gnik teleskopowy i statyw zapewniaj\u0105 jeszcze wi\u0119ksz\u0105 swobod\u0119, a solidny akumulator pozwala nawet na 10 godzin nagrywania. W zestawie znajdziesz te\u017c wielofunkcyjny modu\u0142 z wbudowanym o\u015bwietleniem, kt\u00f3ry umo\u017cliwia \u015bledzenie obiekt\u00f3w bez aplikacji DJI Mimo oraz pe\u0142ni rol\u0119 odbiornika DJI Mic Mini. Gotowy na filmowe rewolucje?<\/p>\n<p>\n<img decoding=\"async\" src=\"https:\/\/assets.innpro.pl\/12753\/15472\/1.jpg\" border=\"0\" alt=\"\" \/>\n<\/p>\n<h3>Wypr\u00f3buj wielofunkcyjny modu\u0142<\/h3>\n<p>W zestawie z gimbalem otrzymujesz wielofunkcyjny modu\u0142, kt\u00f3ry otwiera przed Tob\u0105 zupe\u0142nie nowe mo\u017cliwo\u015bci filmowania. Dzi\u0119ki niemu mo\u017cesz \u015bledzi\u0107 obiekty bez konieczno\u015bci u\u017cywania aplikacji DJI Mimo \u2013 wystarczy gest d\u0142oni lub naci\u015bni\u0119cie spustu, aby utrzyma\u0107 ostro\u015b\u0107 na poruszaj\u0105cym si\u0119 celu, niezale\u017cnie od tego, czy nagrywasz dynamiczne sceny sportowe, vlogi czy transmisje na \u017cywo. Modu\u0142 dzia\u0142a tak\u017ce jako odbiornik DJI Mic Mini, umo\u017cliwiaj\u0105c nagrywanie d\u017awi\u0119ku w najwy\u017cszej jako\u015bci. Dodatkowo wbudowane o\u015bwietlenie z regulacj\u0105 jasno\u015bci i temperatury barwowej pozwala na uzyskanie perfekcyjnego obrazu nawet w trudnych warunkach o\u015bwietleniowych.<\/p>\n<p>\n<img decoding=\"async\" src=\"https:\/\/assets.innpro.pl\/12753\/15472\/3.jpg\" border=\"0\" alt=\"\" \/>\n<\/p>\n<h3>Kreatywno\u015b\u0107 bez granic<\/h3>\n<p>Z DJI Osmo Mobile 7P mo\u017cesz eksperymentowa\u0107 z r\u00f3\u017cnymi perspektywami! Wbudowany wysi\u0119gnik teleskopowy o d\u0142ugo\u015bci 215 mm pozwala na uj\u0119cia z szerszej perspektywy, idealne do selfie, zdj\u0119\u0107 grupowych czy dynamicznych nagra\u0144 w ruchu. Gimbal jest te\u017c wyposa\u017cony w kompaktowy, sk\u0142adany statyw, kt\u00f3ry umo\u017cliwia stabilne nagrywanie vlog\u00f3w, tutoriali czy transmisji. Po zako\u0144czeniu filmowania mo\u017cesz go szybko z\u0142o\u017cy\u0107. Nie potrzebujesz dodatkowych akcesori\u00f3w, kt\u00f3re zajmuj\u0105 miejsce w Twoim plecaku!<\/p>\n<p>\n<img decoding=\"async\" src=\"https:\/\/assets.innpro.pl\/12753\/15472\/7.jpg\" border=\"0\" alt=\"\" \/>\n<\/p>\n<h3>Nagrywaj bez zb\u0119dnych przerw<\/h3>\n<p>Nie pozw\u00f3l, aby roz\u0142adowany akumulator przerwa\u0142 perfekcyjne uj\u0119cie! DJI Osmo Mobile 7P oferuje do 10 godzin pracy, pozwalaj\u0105c na swobodne nagrywanie przez ca\u0142y dzie\u0144. Je\u015bli Tw\u00f3j smartfon zaczyna si\u0119 roz\u0142adowywa\u0107, wystarczy pod\u0142\u0105czy\u0107 go do gimbala przez port USB-C i kontynuowa\u0107 nagranie bez obaw. Korzystasz z wielofunkcyjnego modu\u0142u jako odbiornika DJI Mic Mini? Do niego r\u00f3wnie\u017c mo\u017cesz pod\u0142\u0105czy\u0107 telefon, zyskuj\u0105c dodatkowe \u017ar\u00f3d\u0142o energii. To zestaw stworzony do pracy w terenie!<\/p>\n<p>\n<img decoding=\"async\" src=\"https:\/\/assets.innpro.pl\/12753\/15472\/5.jpg\" border=\"0\" alt=\"\" \/>\n<\/p>\n<h3>Gotowy do akcji w kilka sekund<\/h3>\n<p>Nie tra\u0107 czasu na konfiguracj\u0119! DJI Osmo Mobile 7P wyr\u00f3\u017cnia si\u0119 magnetycznym systemem mocowania, dzi\u0119ki czemu monta\u017c telefonu trwa dos\u0142ownie chwil\u0119. Gimbal uruchamia si\u0119 natychmiast po roz\u0142o\u017ceniu, a je\u015bli korzystasz z iPhone\u2019a, aplikacja DJI Mimo otworzy si\u0119 automatycznie, umo\u017cliwiaj\u0105c natychmiastowe rozpocz\u0119cie nagrywania. To idealne rozwi\u0105zanie dla tw\u00f3rc\u00f3w, kt\u00f3rzy ceni\u0105 sobie spontaniczno\u015b\u0107 i b\u0142yskawiczn\u0105 gotowo\u015b\u0107 do dzia\u0142ania.<\/p>\n<p>\n<img decoding=\"async\" src=\"https:\/\/assets.innpro.pl\/12753\/15472\/6.jpg\" border=\"0\" alt=\"\" \/>\n<\/p>\n<h3>Zawsze w centrum kadru<\/h3>\n<p>Bez wzgl\u0119du na to, jak szybko si\u0119 poruszasz, ulepszony ActiveTrack 7.0 sprawi, \u017ce zawsze pozostaniesz w centrum uwagi. Gimbal precyzyjnie pod\u0105\u017ca za Twoimi ruchami, a na dodatek inteligentnie wykrywa obiekty, umo\u017cliwiaj\u0105c p\u0142ynne prze\u0142\u0105czanie mi\u0119dzy nimi. Nawet je\u015bli Tw\u00f3j cel na chwil\u0119 zniknie z kadru, DJI Osmo Mobile 7P szybko go odnajdzie, zapewniaj\u0105c nieprzerwan\u0105 dynamik\u0119 uj\u0119\u0107.<\/p>\n<p>\n<img decoding=\"async\" src=\"https:\/\/assets.innpro.pl\/12753\/15472\/10.jpg\" border=\"0\" alt=\"\" \/>\n<\/p>\n<h3>Intuicyjna obs\u0142uga i sterowanie gestami<\/h3>\n<p>Wielofunkcyjny modu\u0142 (w zestawie) obs\u0142uguje sterowanie gestami, daj\u0105c Ci pe\u0142n\u0105 swobod\u0119 dzia\u0142ania. Wystarczy ruch d\u0142oni, aby aktywowa\u0107 \u015bledzenie obiekt\u00f3w, wykona\u0107 zdj\u0119cie gestem \u201cV\u201d lub dostosowa\u0107 kadr za pomoc\u0105 gestu \u201cDouble L\u201d. Je\u015bli dopiero zaczynasz swoj\u0105 przygod\u0119 z filmowaniem, wypr\u00f3buj funkcj\u0119 ShotGuides \u2013 gimbal przeanalizuje scen\u0119 i zaproponuje najlepsz\u0105 sekwencj\u0119 uj\u0119\u0107 wraz z instrukcj\u0105 wykonania. W aplikacji DJI Mimo znajdziesz te\u017c wykorzystuj\u0105ce AI narz\u0119dzia do edycji, kt\u00f3re pomog\u0105 Ci stworzy\u0107 gotowy film dos\u0142ownie jednym klikni\u0119ciem. Za regulacj\u0119 ogniskowej, zbli\u017ce\u0144, ostro\u015bci i o\u015bwietlenia modu\u0142u odpowiada praktyczne pokr\u0119t\u0142o umieszczone w bocznej cz\u0119\u015bci gimbala.<\/p>\n<p>\n<img decoding=\"async\" src=\"https:\/\/assets.innpro.pl\/12753\/15472\/8.jpg\" border=\"0\" alt=\"\" \/>\n<\/p>\n<h3>Baw si\u0119 profesjonalnymi efektami<\/h3>\n<p>DJI Osmo Mobile 7P oferuje wiele tryb\u00f3w, kt\u00f3re pozwol\u0105 Ci nagrywa\u0107 jak zawodowiec. Tw\u00f3rz imponuj\u0105ce nagrania w trybach Timelapse, Motionlapse i Hyperlapse, uzyskaj kinowy efekt dzi\u0119ki DynamicZoom, a je\u015bli chcesz doda\u0107 oryginalnego charakteru swoim zdj\u0119ciom, skorzystaj z tryb\u00f3w Panoramy \u2013 3&#215;3, 240\u00b0 lub CloneMe. Dla rodzin przygotowano tryb Parents &amp; Kids, kt\u00f3ry automatycznie dopasowuje ruchy kamery, rejestruj\u0105c chwile, kt\u00f3re warto zapami\u0119ta\u0107. Chcesz stworzy\u0107 dynamiczny film na swojego vloga? Wystarczy trzykrotne naci\u015bni\u0119cie spustu, aby kamera smartfona natychmiast obr\u00f3ci\u0142a si\u0119 w Twoj\u0105 stron\u0119 i rozpocz\u0119\u0142a wysokiej rozdzielczo\u015bci nagranie w trybie selfie.<\/p>\n<p>\n<img decoding=\"async\" src=\"https:\/\/assets.innpro.pl\/12753\/15472\/9.jpg\" border=\"0\" alt=\"\" \/>\n<\/p>\n<h3>Dostosowany do Twoich urz\u0105dze\u0144<\/h3>\n<p>Magnetyczny uchwyt DJI Osmo Mobile 7P wsp\u00f3\u0142pracuje z wi\u0119kszo\u015bci\u0105 smartfon\u00f3w, w tym tak\u017ce z modelami Android, wyposa\u017conymi w du\u017ce wyspy aparat\u00f3w. Gimbal obs\u0142uguje te\u017c Apple Watch. Po sparowaniu smartwatcha z aplikacj\u0105 DJI Mimo mo\u017cesz sterowa\u0107 nagrywaniem, prze\u0142\u0105cza\u0107 tryby czy robi\u0107 zdj\u0119cia bez konieczno\u015bci dotykania telefonu. Korzystasz z iPhone\u2019a? Wypr\u00f3buj magnetyczne mocowanie DJI OM Magnetic Quick-Release Mount, kt\u00f3re pozwala na szybki monta\u017c i demonta\u017c smartfona (do zakupienia oddzielnie).<\/p>\n<p>\n<img decoding=\"async\" src=\"https:\/\/assets.innpro.pl\/12753\/15472\/2.jpg\" border=\"0\" alt=\"\" \/>\n<\/p>\n<h3>Stabilizacja, na kt\u00f3rej mo\u017cesz polega\u0107<\/h3>\n<p>Nie pozw\u00f3l, aby drgania zepsu\u0142y Twoje nagrania. DJI Osmo Mobile 7P wykorzystuje technologi\u0119 stabilizacji si\u00f3dmej generacji, kt\u00f3ra skutecznie eliminuje wstrz\u0105sy i zapewnia p\u0142ynny obraz. Obs\u0142uguje smartfony o wadze do 300 g i oferuje tryby pracy dostosowane do wszystkich Twoich potrzeb. Tryb PTF \u015bledzi ruchy w pionie i poziomie \u2013 idealny do nagra\u0144 pod r\u00f3\u017cnymi k\u0105tami. Tryb PF sprawdzi si\u0119 przy filmowaniu w poziomie, np. podczas nagrywania spacer\u00f3w czy przejazd\u00f3w. Tryb FPV pozwala uzyska\u0107 pe\u0142n\u0105 immersj\u0119, rejestruj\u0105c ruchy we wszystkich kierunkach \u2013 doskona\u0142y do dynamicznych scen akcji. Z kolei SpinShot umo\u017cliwia p\u0142ynne obracanie kamery za pomoc\u0105 joysticka, tworz\u0105c efektowne przej\u015bcia i kinowe uj\u0119cia.<\/p>\n<p>\n<img decoding=\"async\" src=\"https:\/\/assets.innpro.pl\/12753\/15472\/12.jpg\" border=\"0\" alt=\"\" \/>\n<\/p>\n<h3>Dodatkowe akcesoria dla pe\u0142nej kontroli<\/h3>\n<p>Rozszerz mo\u017cliwo\u015bci DJI Osmo Mobile 7P dzi\u0119ki dedykowanym akcesoriom! Nadajnik DJI Mic Mini zapewni Ci krystalicznie czysty d\u017awi\u0119k, a statyw DJI OM Grip Tripod wyposa\u017cony w antypo\u015blizgowy uchwyt zagwarantuje pe\u0142n\u0105 stabilno\u015b\u0107 nagra\u0144 w ekstremalnych sytuacjach. Mo\u017cesz te\u017c dokupi\u0107 zestaw DJI OM 7 Series Tracking Kit z wielofunkcyjnym modu\u0142em.<\/p>\n<p>\n<img decoding=\"async\" src=\"https:\/\/assets.innpro.pl\/12753\/15472\/4.jpg\" border=\"0\" alt=\"\" \/>\n<\/p>\n<h3>W zestawie<\/h3>\n<ul class=\"list-disc pl-5\">\n<li>DJI Osmo Mobile 7P x 1<\/li>\n<li>Magnetyczny uchwyt na telefon DJI OM 7 Series x 1<\/li>\n<li>Wielofunkcyjny modu\u0142 DJI OM x 1<\/li>\n<li>Kabel zasilaj\u0105cy (USB-C do USB-C, 50 cm) x 1<\/li>\n<li>Kabel do \u0142adowania telefonu \/ kabel do nagrywania d\u017awi\u0119ku (USB-C do USB-C, 15 cm) x 1<\/li>\n<li>Etui x 1<\/li>\n<\/ul>\n<h3>Przypisy do specyfikacji<\/h3>\n<p>1. Dane zebrano w kontrolowanych warunkach. Rzeczywiste warto\u015bci mog\u0105 si\u0119 r\u00f3\u017cni\u0107.<\/p>\n<p>2. Z w\u0142\u0105czon\u0105 funkcj\u0105 inteligentnego \u015bledzenia w module wielofunkcyjnym i wy\u0142\u0105czonym o\u015bwietleniem czas pracy wynosi ok. 5 h. Przy maksymalnej jasno\u015bci o\u015bwietlenia czas pracy wynosi ok. 4 h.<\/p>\n<p>3. Jest to maksymalna jasno\u015b\u0107 zmierzona w odleg\u0142o\u015bci 0,6 metra od obiektu i powinna by\u0107 traktowana wy\u0142\u0105cznie jako odniesienie.<\/p>\n<p>\u00a0<\/p>\n<p>Przypisy:<\/p>\n<p>*Dane zosta\u0142y zebrane w kontrolowanych warunkach. Rzeczywiste do\u015bwiadczenie mo\u017ce si\u0119 r\u00f3\u017cni\u0107. Szczeg\u00f3\u0142owe informacje znajdziesz w odpowiedniej sekcji produktu na oficjalnej stronie internetowej DJI.<\/p>\n<p>\u00a0<\/p>\n<p>1. Pomiary wykonano z wywa\u017conym gimbalem w stanie poziomym i nieruchomym, bez dodatkowych akcesori\u00f3w.<\/p>\n<p>2. Wielofunkcyjny modu\u0142 DJI jest wymagany do \u015bledzenia, odbioru d\u017awi\u0119ku (kompatybilno\u015b\u0107 z nadajnikiem DJI Mic Mini) oraz funkcji zwi\u0105zanych z o\u015bwietleniem. Urz\u0105dzenie obs\u0142uguje tylko \u015bledzenie os\u00f3b.<\/p>\n<p>3. Zestaw DJI Osmo Mobile 7 nie zawiera wielofunkcyjnego modu\u0142u DJI. Aby uzyska\u0107 odpowiednie akcesoria, mo\u017cesz kupi\u0107 DJI OM 7 Series Tracking Kit.<\/p>\n<p>4. W oddzielnej sprzeda\u017cy.<\/p>\n<p>5. Wbudowany statyw sprawdza si\u0119 na stabilnych, poziomych powierzchniach i w bezwietrznych warunkach.<\/p>\n<p>6. Automatyczne wyskakuj\u0105ce okienka w aplikacji DJI Mimo s\u0105 obs\u0142ugiwane wy\u0142\u0105cznie na iPhone\u2019ach i mog\u0105 r\u00f3\u017cni\u0107 si\u0119 w zale\u017cno\u015bci od rzeczywistych warunk\u00f3w. Przy pierwszym u\u017cyciu nale\u017cy przeprowadzi\u0107 parowanie urz\u0105dzenia, w\u0142\u0105czy\u0107 funkcj\u0119 Quick Launch w aplikacji i post\u0119powa\u0107 zgodnie z instrukcjami, aby przej\u015b\u0107 przez proces autoryzacji.<\/p>\n<p>7. ActiveTrack 7.0 jest dost\u0119pny tylko w aplikacji DJI Mimo.<\/p>\n<p>8. Aplikacja DJI Mimo r\u00f3wnie\u017c obs\u0142uguje sterowanie gestami, ale istniej\u0105 pewne r\u00f3\u017cnice. Szczeg\u00f3\u0142owe informacje znajdziesz w odpowiednim filmie instrukta\u017cowym.<\/p>\n<p>9. Wi\u0119cej informacji znajdziesz na li\u015bcie kompatybilnych smartfon\u00f3w.<\/p>\n<p>10. Obecnie obs\u0142ugiwane s\u0105 wy\u0142\u0105cznie Apple Watche. List\u0119 kompatybilnych modeli i szczeg\u00f3\u0142owe instrukcje dotycz\u0105ce korzystania z aplikacji znajdziesz w sekcji FAQ.<\/p>\n<p>11. Obs\u0142ugiwane s\u0105 wy\u0142\u0105cznie iPhone\u2019y 12 i nowsze. Produkt jest kompatybilny z oryginalnymi etui Apple z MagSafe, kt\u00f3re umo\u017cliwiaj\u0105 wygodne u\u017cytkowanie bez konieczno\u015bci ich zdejmowania.<\/p>\n<div class=\"table-wrapper\">\n<p>\u00a0<\/p>\n<h3>Og\u00f3lne<\/h3>\n<table>\n<tbody>\n<tr>\n<th>Wymiary <\/th>\n<td>DJI Osmo Mobile 7P:<br \/> Roz\u0142o\u017cony: 288\u00d7107\u00d796 mm (D\u00d7S\u00d7W);<br \/> Z\u0142o\u017cony: 190\u00d795\u00d746 mm (D\u00d7S\u00d7W); <br \/>DJI Osmo Mobile 7: <br \/>Roz\u0142o\u017cony: 278\u00d7107\u00d793 mm (D\u00d7S\u00d7W); <br \/>Z\u0142o\u017cony: 179\u00d795\u00d739 mm (D\u00d7S\u00d7W);<\/td>\n<\/tr>\n<tr>\n<th>Waga <\/th>\n<td>DJI Osmo Mobile 7P: <br \/>Gimbal + wbudowany statyw + magnetyczny uchwyt na telefon + modu\u0142 wielofunkcyjny: ok. 368 g; <br \/>DJI Osmo Mobile 7: <br \/>Gimbal + wbudowany statyw + magnetyczny uchwyt na telefon: ok. 300 g; <sup>1<\/sup><\/td>\n<\/tr>\n<tr>\n<th>Wysi\u0119gnik teleskopowy <\/th>\n<td>DJI Osmo Mobile 7P: <br \/>Wbudowany wysi\u0119gnik teleskopowy: <br \/>Maksymalna d\u0142ugo\u015b\u0107: 215 mm;  <br \/>DJI Osmo Mobile 7: <br \/>Brak wbudowanego wysi\u0119gnika;<\/td>\n<\/tr>\n<tr>\n<th>Waga kompatybilnych smartfon\u00f3w<\/th>\n<td>170-300 g<\/td>\n<\/tr>\n<tr>\n<th>Grubo\u015b\u0107 kompatybilnych smartfon\u00f3w<\/th>\n<td>6,9-10 mm<\/td>\n<\/tr>\n<tr>\n<th>Szeroko\u015b\u0107 kompatybilnych smartfon\u00f3w<\/th>\n<td>67-84 mm<\/td>\n<\/tr>\n<tr>\n<th>Dolny port <\/th>\n<td>Otw\u00f3r pod gwint 1\/4&#8243;<\/td>\n<\/tr>\n<\/tbody>\n<\/table>\n<p>\u00a0<\/p>\n<h3>Akumulator<\/h3>\n<table>\n<tbody>\n<tr>\n<th>Typ <\/th>\n<td>Li-Po 1S<\/td>\n<\/tr>\n<tr>\n<th>Pojemno\u015b\u0107 <\/th>\n<td>3350 mAh<\/td>\n<\/tr>\n<tr>\n<th>Energia <\/th>\n<td>12,06 Wh<\/td>\n<\/tr>\n<tr>\n<th>Temperatura \u0142adowania <\/th>\n<td>Od 5\u00b0C do 40\u00b0C (od 41\u00b0F do 104\u00b0F)<\/td>\n<\/tr>\n<tr>\n<th>Temperatura pracy <\/th>\n<td>Od 0\u00b0C do 40\u00b0C (od 32\u00b0F do 104\u00b0F)<\/td>\n<\/tr>\n<tr>\n<th>Czas pracy <\/th>\n<td>DJI Osmo Mobile 7P: Ok. 10 h (Zmierzono z wywa\u017conym gimbalem w stanie poziomym i nieruchomym, bez dodatkowych akcesori\u00f3w)  DJI Osmo Mobile 7: Ok. 10 h (Zmierzono z wywa\u017conym gimbalem w stanie poziomym i nieruchomym, bez dodatkowych akcesori\u00f3w)<sup>2<\/sup><\/td>\n<\/tr>\n<tr>\n<th>Czas \u0142adowania <\/th>\n<td>Ok. 2,5 h (zmierzono podczas \u0142adowania za pomoc\u0105 \u0142adowarki 10 W USB-C)<\/td>\n<\/tr>\n<tr>\n<th>Port \u0142adowania gimbala <\/th>\n<td>USB-C<\/td>\n<\/tr>\n<tr>\n<th>\u0141adowanie telefonu <\/th>\n<td>Obs\u0142ugiwane<\/td>\n<\/tr>\n<\/tbody>\n<\/table>\n<p>\u00a0<\/p>\n<h3>Gimbal<\/h3>\n<table>\n<tbody>\n<tr>\n<th>Zakres kontroli <\/th>\n<td>Pan: od -99\u00b0 do 210\u00b0 <br \/>Roll: od -67\u00b0 do 245\u00b0 <br \/>Tilt: od -20\u00b0 do 40\u00b0  <\/td>\n<\/tr>\n<tr>\n<th>Zakres mechaniczny <\/th>\n<td>Pan: od -109\u00b0 do 222\u00b0 <br \/>Roll: od -77\u00b0 do 255\u00b0 <br \/>Tilt: od -224\u00b0 do 100\u00b0<\/td>\n<\/tr>\n<tr>\n<th>Maks. pr\u0119dko\u015b\u0107 kontroli <\/th>\n<td>120\u00b0\/s<\/td>\n<\/tr>\n<\/tbody>\n<\/table>\n<p>\u00a0<\/p>\n<h3>Tryb bezprzewodowy<\/h3>\n<table>\n<tbody>\n<tr>\n<th>Model<\/th>\n<td>Bluetooth 5.3<\/td>\n<\/tr>\n<\/tbody>\n<\/table>\n<p>\u00a0<\/p>\n<h3>Oprogramowanie<\/h3>\n<table>\n<tbody>\n<tr>\n<th>Aplikacja<\/th>\n<td>DJI Mimo<\/td>\n<\/tr>\n<\/tbody>\n<\/table>\n<p>\u00a0<\/p>\n<h3>Statyw<\/h3>\n<table>\n<tbody>\n<tr>\n<th>Wymiary<\/th>\n<td>Wbudowany statyw: <br \/>D\u0142ugo\u015b\u0107: 67 mm<\/td>\n<\/tr>\n<\/tbody>\n<\/table>\n<p>\u00a0<\/p>\n<h3>Wielofunkcyjny modu\u0142<\/h3>\n<table>\n<tbody>\n<tr>\n<th>Kompatybilno\u015b\u0107 <\/th>\n<td>DJI Osmo Mobile 7P: Obs\u0142ugiwany (standard)  DJI Osmo Mobile 7: Obs\u0142ugiwany (opcjonalnie)<\/td>\n<\/tr>\n<tr>\n<th>GFSK <\/th>\n<td>2 Mbps<\/td>\n<\/tr>\n<tr>\n<th>Moc nadajnika GFSK (EIRP) <\/th>\n<td>&lt; 16 dBm<\/td>\n<\/tr>\n<tr>\n<th>Cz\u0119stotliwo\u015b\u0107 robocza GFSK <\/th>\n<td>2,4000-2,4835 GHz<\/td>\n<\/tr>\n<tr>\n<th>Protok\u00f3\u0142 Bluetooth <\/th>\n<td>Bluetooth 5.3<\/td>\n<\/tr>\n<tr>\n<th>Moc nadajnika Bluetooth (EIRP) <\/th>\n<td>&lt; 16 dBm<\/td>\n<\/tr>\n<tr>\n<th>Cz\u0119stotliwo\u015b\u0107 robocza Bluetooth <\/th>\n<td>2,4000-2,4835 GHz<\/td>\n<\/tr>\n<tr>\n<th>Jasno\u015b\u0107 o\u015bwietlenia <\/th>\n<td>40 lux<sup>3<\/sup><\/td>\n<\/tr>\n<tr>\n<th>Temperatura barwowa o\u015bwietlenia <\/th>\n<td>2500-6000 K<\/td>\n<\/tr>\n<\/tbody>\n<\/table>\n<\/div>\n","protected":false},"excerpt":{"rendered":"<p>DJI Osmo Mobile 7P &#8211; Skup si\u0119 na ka\u017cdym ruchu Tw\u00f3rz p\u0142ynne, profesjonalne uj\u0119cia bez wysi\u0142ku! DJI Osmo Mobile 7P<\/p>\n","protected":false},"featured_media":38922,"comment_status":"closed","ping_status":"open","template":"","meta":{"_acf_changed":false},"product_brand":[],"product_cat":[1128,1129],"product_tag":[],"class_list":{"0":"post-60218","1":"product","2":"type-product","3":"status-publish","4":"has-post-thumbnail","6":"product_cat-foto-wideo","7":"product_cat-gimbale-i-stabilizatory","8":"pa_okres-gwarancji-5757","9":"pa_producent-dji","11":"first","12":"outofstock","13":"taxable","14":"shipping-taxable","15":"purchasable","16":"product-type-simple"},"acf":[],"yoast_head":"<!-- This site is optimized with the Yoast SEO plugin v27.2 - https:\/\/yoast.com\/product\/yoast-seo-wordpress\/ -->\n<title>Gimbal DJI Osmo Mobile 7P - IRONSKY.PL Sklep z Dronami<\/title>\n<meta name=\"description\" content=\"Gimbal DJI Osmo Mobile 7P - \u2705 sklep z dronami i fachowym doradztwem. \u2705 Tutaj kupisz produkty DJI, Yuneec, Parrot, Syma i wiele innych, a tak\u017ce kursy i licencje na operatora drona.\" \/>\n<meta name=\"robots\" content=\"index, follow, max-snippet:-1, max-image-preview:large, max-video-preview:-1\" \/>\n<link rel=\"canonical\" href=\"https:\/\/ironsky.pl\/sklep\/produkt\/gimbal-dji-osmo-mobile-7p\/\" \/>\n<meta property=\"og:locale\" content=\"pl_PL\" \/>\n<meta property=\"og:type\" content=\"article\" \/>\n<meta property=\"og:title\" content=\"Gimbal DJI Osmo Mobile 7P - IRONSKY.PL Sklep z Dronami\" \/>\n<meta property=\"og:description\" content=\"Gimbal DJI Osmo Mobile 7P - \u2705 sklep z dronami i fachowym doradztwem. \u2705 Tutaj kupisz produkty DJI, Yuneec, Parrot, Syma i wiele innych, a tak\u017ce kursy i licencje na operatora drona.\" \/>\n<meta property=\"og:url\" content=\"https:\/\/ironsky.pl\/sklep\/produkt\/gimbal-dji-osmo-mobile-7p\/\" \/>\n<meta property=\"og:site_name\" content=\"IRONSKY.PL Sklep z Dronami\" \/>\n<meta property=\"article:modified_time\" content=\"2026-04-15T08:58:03+00:00\" \/>\n<meta property=\"og:image\" content=\"https:\/\/ironsky.pl\/sklep\/wp-content\/uploads\/2025\/03\/50510_8.webp\" \/>\n\t<meta property=\"og:image:width\" content=\"800\" \/>\n\t<meta property=\"og:image:height\" content=\"800\" \/>\n\t<meta property=\"og:image:type\" content=\"image\/webp\" \/>\n<meta name=\"twitter:card\" content=\"summary_large_image\" \/>\n<meta name=\"twitter:label1\" content=\"Szacowany czas czytania\" \/>\n\t<meta name=\"twitter:data1\" content=\"9 minut\" \/>\n<script type=\"application\/ld+json\" class=\"yoast-schema-graph\">{\"@context\":\"https:\/\/schema.org\",\"@graph\":[{\"@type\":\"WebPage\",\"@id\":\"https:\/\/ironsky.pl\/sklep\/produkt\/gimbal-dji-osmo-mobile-7p\/\",\"url\":\"https:\/\/ironsky.pl\/sklep\/produkt\/gimbal-dji-osmo-mobile-7p\/\",\"name\":\"Gimbal DJI Osmo Mobile 7P - IRONSKY.PL Sklep z Dronami\",\"isPartOf\":{\"@id\":\"https:\/\/ironsky.pl\/sklep\/#website\"},\"primaryImageOfPage\":{\"@id\":\"https:\/\/ironsky.pl\/sklep\/produkt\/gimbal-dji-osmo-mobile-7p\/#primaryimage\"},\"image\":{\"@id\":\"https:\/\/ironsky.pl\/sklep\/produkt\/gimbal-dji-osmo-mobile-7p\/#primaryimage\"},\"thumbnailUrl\":\"https:\/\/ironsky.pl\/sklep\/wp-content\/uploads\/2025\/03\/50510_8.webp\",\"datePublished\":\"2026-04-15T08:57:52+00:00\",\"dateModified\":\"2026-04-15T08:58:03+00:00\",\"description\":\"Gimbal DJI Osmo Mobile 7P - \u2705 sklep z dronami i fachowym doradztwem. \u2705 Tutaj kupisz produkty DJI, Yuneec, Parrot, Syma i wiele innych, a tak\u017ce kursy i licencje na operatora drona.\",\"breadcrumb\":{\"@id\":\"https:\/\/ironsky.pl\/sklep\/produkt\/gimbal-dji-osmo-mobile-7p\/#breadcrumb\"},\"inLanguage\":\"pl-PL\",\"potentialAction\":[{\"@type\":\"ReadAction\",\"target\":[\"https:\/\/ironsky.pl\/sklep\/produkt\/gimbal-dji-osmo-mobile-7p\/\"]}]},{\"@type\":\"ImageObject\",\"inLanguage\":\"pl-PL\",\"@id\":\"https:\/\/ironsky.pl\/sklep\/produkt\/gimbal-dji-osmo-mobile-7p\/#primaryimage\",\"url\":\"https:\/\/ironsky.pl\/sklep\/wp-content\/uploads\/2025\/03\/50510_8.webp\",\"contentUrl\":\"https:\/\/ironsky.pl\/sklep\/wp-content\/uploads\/2025\/03\/50510_8.webp\",\"width\":800,\"height\":800},{\"@type\":\"BreadcrumbList\",\"@id\":\"https:\/\/ironsky.pl\/sklep\/produkt\/gimbal-dji-osmo-mobile-7p\/#breadcrumb\",\"itemListElement\":[{\"@type\":\"ListItem\",\"position\":1,\"name\":\"Strona g\u0142\u00f3wna\",\"item\":\"https:\/\/ironsky.pl\/sklep\/\"},{\"@type\":\"ListItem\",\"position\":2,\"name\":\"Wszystkie produkty\",\"item\":\"https:\/\/ironsky.pl\/sklep\/produkty\/\"},{\"@type\":\"ListItem\",\"position\":3,\"name\":\"Gimbal DJI Osmo Mobile 7P\"}]},{\"@type\":\"WebSite\",\"@id\":\"https:\/\/ironsky.pl\/sklep\/#website\",\"url\":\"https:\/\/ironsky.pl\/sklep\/\",\"name\":\"IRONSKY.PL Sklep z Dronami\",\"description\":\"IRONSKY.PL Sklep z Dronami\",\"potentialAction\":[{\"@type\":\"SearchAction\",\"target\":{\"@type\":\"EntryPoint\",\"urlTemplate\":\"https:\/\/ironsky.pl\/sklep\/?s={search_term_string}\"},\"query-input\":{\"@type\":\"PropertyValueSpecification\",\"valueRequired\":true,\"valueName\":\"search_term_string\"}}],\"inLanguage\":\"pl-PL\"}]}<\/script>\n<!-- \/ Yoast SEO plugin. -->","yoast_head_json":{"title":"Gimbal DJI Osmo Mobile 7P - IRONSKY.PL Sklep z Dronami","description":"Gimbal DJI Osmo Mobile 7P - \u2705 sklep z dronami i fachowym doradztwem. \u2705 Tutaj kupisz produkty DJI, Yuneec, Parrot, Syma i wiele innych, a tak\u017ce kursy i licencje na operatora drona.","robots":{"index":"index","follow":"follow","max-snippet":"max-snippet:-1","max-image-preview":"max-image-preview:large","max-video-preview":"max-video-preview:-1"},"canonical":"https:\/\/ironsky.pl\/sklep\/produkt\/gimbal-dji-osmo-mobile-7p\/","og_locale":"pl_PL","og_type":"article","og_title":"Gimbal DJI Osmo Mobile 7P - IRONSKY.PL Sklep z Dronami","og_description":"Gimbal DJI Osmo Mobile 7P - \u2705 sklep z dronami i fachowym doradztwem. \u2705 Tutaj kupisz produkty DJI, Yuneec, Parrot, Syma i wiele innych, a tak\u017ce kursy i licencje na operatora drona.","og_url":"https:\/\/ironsky.pl\/sklep\/produkt\/gimbal-dji-osmo-mobile-7p\/","og_site_name":"IRONSKY.PL Sklep z Dronami","article_modified_time":"2026-04-15T08:58:03+00:00","og_image":[{"width":800,"height":800,"url":"https:\/\/ironsky.pl\/sklep\/wp-content\/uploads\/2025\/03\/50510_8.webp","type":"image\/webp"}],"twitter_card":"summary_large_image","twitter_misc":{"Szacowany czas czytania":"9 minut"},"schema":{"@context":"https:\/\/schema.org","@graph":[{"@type":"WebPage","@id":"https:\/\/ironsky.pl\/sklep\/produkt\/gimbal-dji-osmo-mobile-7p\/","url":"https:\/\/ironsky.pl\/sklep\/produkt\/gimbal-dji-osmo-mobile-7p\/","name":"Gimbal DJI Osmo Mobile 7P - IRONSKY.PL Sklep z Dronami","isPartOf":{"@id":"https:\/\/ironsky.pl\/sklep\/#website"},"primaryImageOfPage":{"@id":"https:\/\/ironsky.pl\/sklep\/produkt\/gimbal-dji-osmo-mobile-7p\/#primaryimage"},"image":{"@id":"https:\/\/ironsky.pl\/sklep\/produkt\/gimbal-dji-osmo-mobile-7p\/#primaryimage"},"thumbnailUrl":"https:\/\/ironsky.pl\/sklep\/wp-content\/uploads\/2025\/03\/50510_8.webp","datePublished":"2026-04-15T08:57:52+00:00","dateModified":"2026-04-15T08:58:03+00:00","description":"Gimbal DJI Osmo Mobile 7P - \u2705 sklep z dronami i fachowym doradztwem. \u2705 Tutaj kupisz produkty DJI, Yuneec, Parrot, Syma i wiele innych, a tak\u017ce kursy i licencje na operatora drona.","breadcrumb":{"@id":"https:\/\/ironsky.pl\/sklep\/produkt\/gimbal-dji-osmo-mobile-7p\/#breadcrumb"},"inLanguage":"pl-PL","potentialAction":[{"@type":"ReadAction","target":["https:\/\/ironsky.pl\/sklep\/produkt\/gimbal-dji-osmo-mobile-7p\/"]}]},{"@type":"ImageObject","inLanguage":"pl-PL","@id":"https:\/\/ironsky.pl\/sklep\/produkt\/gimbal-dji-osmo-mobile-7p\/#primaryimage","url":"https:\/\/ironsky.pl\/sklep\/wp-content\/uploads\/2025\/03\/50510_8.webp","contentUrl":"https:\/\/ironsky.pl\/sklep\/wp-content\/uploads\/2025\/03\/50510_8.webp","width":800,"height":800},{"@type":"BreadcrumbList","@id":"https:\/\/ironsky.pl\/sklep\/produkt\/gimbal-dji-osmo-mobile-7p\/#breadcrumb","itemListElement":[{"@type":"ListItem","position":1,"name":"Strona g\u0142\u00f3wna","item":"https:\/\/ironsky.pl\/sklep\/"},{"@type":"ListItem","position":2,"name":"Wszystkie produkty","item":"https:\/\/ironsky.pl\/sklep\/produkty\/"},{"@type":"ListItem","position":3,"name":"Gimbal DJI Osmo Mobile 7P"}]},{"@type":"WebSite","@id":"https:\/\/ironsky.pl\/sklep\/#website","url":"https:\/\/ironsky.pl\/sklep\/","name":"IRONSKY.PL Sklep z Dronami","description":"IRONSKY.PL Sklep z Dronami","potentialAction":[{"@type":"SearchAction","target":{"@type":"EntryPoint","urlTemplate":"https:\/\/ironsky.pl\/sklep\/?s={search_term_string}"},"query-input":{"@type":"PropertyValueSpecification","valueRequired":true,"valueName":"search_term_string"}}],"inLanguage":"pl-PL"}]}},"_links":{"self":[{"href":"https:\/\/ironsky.pl\/sklep\/wp-json\/wp\/v2\/product\/60218","targetHints":{"allow":["GET"]}}],"collection":[{"href":"https:\/\/ironsky.pl\/sklep\/wp-json\/wp\/v2\/product"}],"about":[{"href":"https:\/\/ironsky.pl\/sklep\/wp-json\/wp\/v2\/types\/product"}],"replies":[{"embeddable":true,"href":"https:\/\/ironsky.pl\/sklep\/wp-json\/wp\/v2\/comments?post=60218"}],"wp:featuredmedia":[{"embeddable":true,"href":"https:\/\/ironsky.pl\/sklep\/wp-json\/wp\/v2\/media\/38922"}],"wp:attachment":[{"href":"https:\/\/ironsky.pl\/sklep\/wp-json\/wp\/v2\/media?parent=60218"}],"wp:term":[{"taxonomy":"product_brand","embeddable":true,"href":"https:\/\/ironsky.pl\/sklep\/wp-json\/wp\/v2\/product_brand?post=60218"},{"taxonomy":"product_cat","embeddable":true,"href":"https:\/\/ironsky.pl\/sklep\/wp-json\/wp\/v2\/product_cat?post=60218"},{"taxonomy":"product_tag","embeddable":true,"href":"https:\/\/ironsky.pl\/sklep\/wp-json\/wp\/v2\/product_tag?post=60218"}],"curies":[{"name":"wp","href":"https:\/\/api.w.org\/{rel}","templated":true}]}}