{"id":60207,"date":"2026-04-15T10:57:52","date_gmt":"2026-04-15T08:57:52","guid":{"rendered":"https:\/\/ironsky.pl\/sklep\/produkt\/dongle-dji-power-2\/"},"modified":"2026-04-15T10:57:54","modified_gmt":"2026-04-15T08:57:54","slug":"dongle-dji-power-2","status":"publish","type":"product","link":"https:\/\/ironsky.pl\/sklep\/produkt\/dongle-dji-power-2\/","title":{"rendered":"Dongle DJI Power"},"content":{"rendered":"<h3>Dongle DJI Power<\/h3>\n<p>DJI Power Dongle to niezb\u0119dne akcesorium dla ka\u017cdego u\u017cytkownika baterii DJI Power 1000, kt\u00f3ry pragnie w pe\u0142ni wykorzysta\u0107 mo\u017cliwo\u015bci zdalnego sterowania i monitorowania urz\u0105dzenia. Prosta instalacja i intuicyjna aplikacja DJI Home sprawiaj\u0105, \u017ce zarz\u0105dzanie stacj\u0105 staje si\u0119 \u0142atwe i wygodne. Zainwestuj w DJI Power Dongle i ciesz si\u0119 pe\u0142n\u0105 kontrol\u0105 nad swoj\u0105 stacj\u0105 zasilania, gdziekolwiek jeste\u015b.<\/p>\n<p>\n<img decoding=\"async\" src=\"https:\/\/assets.innpro.pl\/12829\/15584\/4.jpg\" border=\"0\" alt=\"\" \/>\n<\/p>\n<h3>\u0141atwe po\u0142\u0105czenie i zdalne sterowanie<\/h3>\n<p>Po pod\u0142\u0105czeniu DJI Power Dongle do stacji zasilania DJI Power 1000 mo\u017cliwe staje si\u0119 korzystanie z aplikacji DJI Home, kt\u00f3ra oferuje wygodny i intuicyjny interfejs. Aplikacja pozwala na zdalne sterowanie urz\u0105dzeniem, co jest szczeg\u00f3lnie przydatne w sytuacjach, gdy nie masz fizycznego dost\u0119pu do stacji, a mimo to chcesz mie\u0107 pe\u0142n\u0105 kontrol\u0119 nad jej dzia\u0142aniem. Dzi\u0119ki tej funkcji u\u017cytkownicy zyskaj\u0105 wygod\u0119 zarz\u0105dzania stacj\u0105 zasilania z dowolnego miejsca w zasi\u0119gu Bluetooth lub Wi-Fi.<\/p>\n<p>\n<img decoding=\"async\" src=\"https:\/\/assets.innpro.pl\/12829\/15584\/2.jpg\" border=\"0\" alt=\"\" \/>\n<\/p>\n<h3>Wymagana aktualizacja oprogramowania<\/h3>\n<p>Aby rozpocz\u0105\u0107 korzystanie z DJI Power Dongle, przed pierwszym u\u017cyciem nale\u017cy zaktualizowa\u0107 oprogramowanie baterii DJI Power 1000 do najnowszej wersji. Mo\u017cna to zrobi\u0107 za pomoc\u0105 aplikacji DJI Assistant 2, \u0142\u0105cz\u0105c urz\u0105dzenie za pomoc\u0105 kabla. Dzi\u0119ki temu zyskujemy pewno\u015b\u0107, \u017ce nasza stacja zasilania jest gotowa do wsp\u00f3\u0142pracy z DJI Power Dongle i aplikacj\u0105 DJI Home.<\/p>\n<p>\n<img decoding=\"async\" src=\"https:\/\/assets.innpro.pl\/12829\/15584\/1.jpg\" border=\"0\" alt=\"\" \/>\n<\/p>\n<div class=\"table-wrapper\">\n<p>\u00a0<\/p>\n<h3><\/h3>\n<table>\n<tbody>\n<tr>\n<th>Producent<\/th>\n<td>DJI<\/td>\n<\/tr>\n<tr>\n<th>Kompatybilno\u015b\u0107<\/th>\n<td>DJI Power 1000<\/td>\n<\/tr>\n<tr>\n<th>Wymiary<\/th>\n<td>43 \u00d7 39 \u00d7 37 mm<\/td>\n<\/tr>\n<tr>\n<th>Waga<\/th>\n<td>oko\u0142o 47 g<\/td>\n<\/tr>\n<\/tbody>\n<\/table>\n<\/div>\n","protected":false},"excerpt":{"rendered":"<p>Dongle DJI Power DJI Power Dongle to niezb\u0119dne akcesorium dla ka\u017cdego u\u017cytkownika baterii DJI Power 1000, kt\u00f3ry pragnie w pe\u0142ni<\/p>\n","protected":false},"featured_media":48998,"comment_status":"closed","ping_status":"open","template":"","meta":{"_acf_changed":false},"product_brand":[],"product_cat":[6167,6170,1088],"product_tag":[],"class_list":{"0":"post-60207","1":"product","2":"type-product","3":"status-publish","4":"has-post-thumbnail","6":"product_cat-akcesoria-do-dronow","7":"product_cat-dji-akcesoria-do-dronow","8":"product_cat-drony","9":"pa_okres-gwarancji-5757","10":"pa_producent-dji","12":"first","13":"outofstock","14":"taxable","15":"shipping-taxable","16":"purchasable","17":"product-type-simple"},"acf":[],"yoast_head":"<!-- This site is optimized with the Yoast SEO plugin v27.2 - https:\/\/yoast.com\/product\/yoast-seo-wordpress\/ -->\n<title>Dongle DJI Power - IRONSKY.PL Sklep z Dronami<\/title>\n<meta name=\"description\" content=\"Dongle DJI Power - \u2705 sklep z dronami i fachowym doradztwem. \u2705 Tutaj kupisz produkty DJI, Yuneec, Parrot, Syma i wiele innych, a tak\u017ce kursy i licencje na operatora drona.\" \/>\n<meta name=\"robots\" content=\"index, follow, max-snippet:-1, max-image-preview:large, max-video-preview:-1\" \/>\n<link rel=\"canonical\" href=\"https:\/\/ironsky.pl\/sklep\/produkt\/dongle-dji-power-2\/\" \/>\n<meta property=\"og:locale\" content=\"pl_PL\" \/>\n<meta property=\"og:type\" content=\"article\" \/>\n<meta property=\"og:title\" content=\"Dongle DJI Power - IRONSKY.PL Sklep z Dronami\" \/>\n<meta property=\"og:description\" content=\"Dongle DJI Power - \u2705 sklep z dronami i fachowym doradztwem. \u2705 Tutaj kupisz produkty DJI, Yuneec, Parrot, Syma i wiele innych, a tak\u017ce kursy i licencje na operatora drona.\" \/>\n<meta property=\"og:url\" content=\"https:\/\/ironsky.pl\/sklep\/produkt\/dongle-dji-power-2\/\" \/>\n<meta property=\"og:site_name\" content=\"IRONSKY.PL Sklep z Dronami\" \/>\n<meta property=\"article:modified_time\" content=\"2026-04-15T08:57:54+00:00\" \/>\n<meta property=\"og:image\" content=\"https:\/\/ironsky.pl\/sklep\/wp-content\/uploads\/2025\/10\/50491_3.jpg\" \/>\n\t<meta property=\"og:image:width\" content=\"800\" \/>\n\t<meta property=\"og:image:height\" content=\"800\" \/>\n\t<meta property=\"og:image:type\" content=\"image\/jpeg\" \/>\n<meta name=\"twitter:card\" content=\"summary_large_image\" \/>\n<meta name=\"twitter:label1\" content=\"Szacowany czas czytania\" \/>\n\t<meta name=\"twitter:data1\" content=\"1 minuta\" \/>\n<script type=\"application\/ld+json\" class=\"yoast-schema-graph\">{\"@context\":\"https:\/\/schema.org\",\"@graph\":[{\"@type\":\"WebPage\",\"@id\":\"https:\/\/ironsky.pl\/sklep\/produkt\/dongle-dji-power-2\/\",\"url\":\"https:\/\/ironsky.pl\/sklep\/produkt\/dongle-dji-power-2\/\",\"name\":\"Dongle DJI Power - IRONSKY.PL Sklep z Dronami\",\"isPartOf\":{\"@id\":\"https:\/\/ironsky.pl\/sklep\/#website\"},\"primaryImageOfPage\":{\"@id\":\"https:\/\/ironsky.pl\/sklep\/produkt\/dongle-dji-power-2\/#primaryimage\"},\"image\":{\"@id\":\"https:\/\/ironsky.pl\/sklep\/produkt\/dongle-dji-power-2\/#primaryimage\"},\"thumbnailUrl\":\"https:\/\/ironsky.pl\/sklep\/wp-content\/uploads\/2025\/10\/50491_3.jpg\",\"datePublished\":\"2026-04-15T08:57:52+00:00\",\"dateModified\":\"2026-04-15T08:57:54+00:00\",\"description\":\"Dongle DJI Power - \u2705 sklep z dronami i fachowym doradztwem. \u2705 Tutaj kupisz produkty DJI, Yuneec, Parrot, Syma i wiele innych, a tak\u017ce kursy i licencje na operatora drona.\",\"breadcrumb\":{\"@id\":\"https:\/\/ironsky.pl\/sklep\/produkt\/dongle-dji-power-2\/#breadcrumb\"},\"inLanguage\":\"pl-PL\",\"potentialAction\":[{\"@type\":\"ReadAction\",\"target\":[\"https:\/\/ironsky.pl\/sklep\/produkt\/dongle-dji-power-2\/\"]}]},{\"@type\":\"ImageObject\",\"inLanguage\":\"pl-PL\",\"@id\":\"https:\/\/ironsky.pl\/sklep\/produkt\/dongle-dji-power-2\/#primaryimage\",\"url\":\"https:\/\/ironsky.pl\/sklep\/wp-content\/uploads\/2025\/10\/50491_3.jpg\",\"contentUrl\":\"https:\/\/ironsky.pl\/sklep\/wp-content\/uploads\/2025\/10\/50491_3.jpg\",\"width\":800,\"height\":800},{\"@type\":\"BreadcrumbList\",\"@id\":\"https:\/\/ironsky.pl\/sklep\/produkt\/dongle-dji-power-2\/#breadcrumb\",\"itemListElement\":[{\"@type\":\"ListItem\",\"position\":1,\"name\":\"Strona g\u0142\u00f3wna\",\"item\":\"https:\/\/ironsky.pl\/sklep\/\"},{\"@type\":\"ListItem\",\"position\":2,\"name\":\"Wszystkie produkty\",\"item\":\"https:\/\/ironsky.pl\/sklep\/produkty\/\"},{\"@type\":\"ListItem\",\"position\":3,\"name\":\"Dongle DJI Power\"}]},{\"@type\":\"WebSite\",\"@id\":\"https:\/\/ironsky.pl\/sklep\/#website\",\"url\":\"https:\/\/ironsky.pl\/sklep\/\",\"name\":\"IRONSKY.PL Sklep z Dronami\",\"description\":\"IRONSKY.PL Sklep z Dronami\",\"potentialAction\":[{\"@type\":\"SearchAction\",\"target\":{\"@type\":\"EntryPoint\",\"urlTemplate\":\"https:\/\/ironsky.pl\/sklep\/?s={search_term_string}\"},\"query-input\":{\"@type\":\"PropertyValueSpecification\",\"valueRequired\":true,\"valueName\":\"search_term_string\"}}],\"inLanguage\":\"pl-PL\"}]}<\/script>\n<!-- \/ Yoast SEO plugin. -->","yoast_head_json":{"title":"Dongle DJI Power - IRONSKY.PL Sklep z Dronami","description":"Dongle DJI Power - \u2705 sklep z dronami i fachowym doradztwem. \u2705 Tutaj kupisz produkty DJI, Yuneec, Parrot, Syma i wiele innych, a tak\u017ce kursy i licencje na operatora drona.","robots":{"index":"index","follow":"follow","max-snippet":"max-snippet:-1","max-image-preview":"max-image-preview:large","max-video-preview":"max-video-preview:-1"},"canonical":"https:\/\/ironsky.pl\/sklep\/produkt\/dongle-dji-power-2\/","og_locale":"pl_PL","og_type":"article","og_title":"Dongle DJI Power - IRONSKY.PL Sklep z Dronami","og_description":"Dongle DJI Power - \u2705 sklep z dronami i fachowym doradztwem. \u2705 Tutaj kupisz produkty DJI, Yuneec, Parrot, Syma i wiele innych, a tak\u017ce kursy i licencje na operatora drona.","og_url":"https:\/\/ironsky.pl\/sklep\/produkt\/dongle-dji-power-2\/","og_site_name":"IRONSKY.PL Sklep z Dronami","article_modified_time":"2026-04-15T08:57:54+00:00","og_image":[{"width":800,"height":800,"url":"https:\/\/ironsky.pl\/sklep\/wp-content\/uploads\/2025\/10\/50491_3.jpg","type":"image\/jpeg"}],"twitter_card":"summary_large_image","twitter_misc":{"Szacowany czas czytania":"1 minuta"},"schema":{"@context":"https:\/\/schema.org","@graph":[{"@type":"WebPage","@id":"https:\/\/ironsky.pl\/sklep\/produkt\/dongle-dji-power-2\/","url":"https:\/\/ironsky.pl\/sklep\/produkt\/dongle-dji-power-2\/","name":"Dongle DJI Power - IRONSKY.PL Sklep z Dronami","isPartOf":{"@id":"https:\/\/ironsky.pl\/sklep\/#website"},"primaryImageOfPage":{"@id":"https:\/\/ironsky.pl\/sklep\/produkt\/dongle-dji-power-2\/#primaryimage"},"image":{"@id":"https:\/\/ironsky.pl\/sklep\/produkt\/dongle-dji-power-2\/#primaryimage"},"thumbnailUrl":"https:\/\/ironsky.pl\/sklep\/wp-content\/uploads\/2025\/10\/50491_3.jpg","datePublished":"2026-04-15T08:57:52+00:00","dateModified":"2026-04-15T08:57:54+00:00","description":"Dongle DJI Power - \u2705 sklep z dronami i fachowym doradztwem. \u2705 Tutaj kupisz produkty DJI, Yuneec, Parrot, Syma i wiele innych, a tak\u017ce kursy i licencje na operatora drona.","breadcrumb":{"@id":"https:\/\/ironsky.pl\/sklep\/produkt\/dongle-dji-power-2\/#breadcrumb"},"inLanguage":"pl-PL","potentialAction":[{"@type":"ReadAction","target":["https:\/\/ironsky.pl\/sklep\/produkt\/dongle-dji-power-2\/"]}]},{"@type":"ImageObject","inLanguage":"pl-PL","@id":"https:\/\/ironsky.pl\/sklep\/produkt\/dongle-dji-power-2\/#primaryimage","url":"https:\/\/ironsky.pl\/sklep\/wp-content\/uploads\/2025\/10\/50491_3.jpg","contentUrl":"https:\/\/ironsky.pl\/sklep\/wp-content\/uploads\/2025\/10\/50491_3.jpg","width":800,"height":800},{"@type":"BreadcrumbList","@id":"https:\/\/ironsky.pl\/sklep\/produkt\/dongle-dji-power-2\/#breadcrumb","itemListElement":[{"@type":"ListItem","position":1,"name":"Strona g\u0142\u00f3wna","item":"https:\/\/ironsky.pl\/sklep\/"},{"@type":"ListItem","position":2,"name":"Wszystkie produkty","item":"https:\/\/ironsky.pl\/sklep\/produkty\/"},{"@type":"ListItem","position":3,"name":"Dongle DJI Power"}]},{"@type":"WebSite","@id":"https:\/\/ironsky.pl\/sklep\/#website","url":"https:\/\/ironsky.pl\/sklep\/","name":"IRONSKY.PL Sklep z Dronami","description":"IRONSKY.PL Sklep z Dronami","potentialAction":[{"@type":"SearchAction","target":{"@type":"EntryPoint","urlTemplate":"https:\/\/ironsky.pl\/sklep\/?s={search_term_string}"},"query-input":{"@type":"PropertyValueSpecification","valueRequired":true,"valueName":"search_term_string"}}],"inLanguage":"pl-PL"}]}},"_links":{"self":[{"href":"https:\/\/ironsky.pl\/sklep\/wp-json\/wp\/v2\/product\/60207","targetHints":{"allow":["GET"]}}],"collection":[{"href":"https:\/\/ironsky.pl\/sklep\/wp-json\/wp\/v2\/product"}],"about":[{"href":"https:\/\/ironsky.pl\/sklep\/wp-json\/wp\/v2\/types\/product"}],"replies":[{"embeddable":true,"href":"https:\/\/ironsky.pl\/sklep\/wp-json\/wp\/v2\/comments?post=60207"}],"wp:featuredmedia":[{"embeddable":true,"href":"https:\/\/ironsky.pl\/sklep\/wp-json\/wp\/v2\/media\/48998"}],"wp:attachment":[{"href":"https:\/\/ironsky.pl\/sklep\/wp-json\/wp\/v2\/media?parent=60207"}],"wp:term":[{"taxonomy":"product_brand","embeddable":true,"href":"https:\/\/ironsky.pl\/sklep\/wp-json\/wp\/v2\/product_brand?post=60207"},{"taxonomy":"product_cat","embeddable":true,"href":"https:\/\/ironsky.pl\/sklep\/wp-json\/wp\/v2\/product_cat?post=60207"},{"taxonomy":"product_tag","embeddable":true,"href":"https:\/\/ironsky.pl\/sklep\/wp-json\/wp\/v2\/product_tag?post=60207"}],"curies":[{"name":"wp","href":"https:\/\/api.w.org\/{rel}","templated":true}]}}