{"id":60198,"date":"2026-04-15T10:57:26","date_gmt":"2026-04-15T08:57:26","guid":{"rendered":"https:\/\/ironsky.pl\/sklep\/produkt\/etui-sunnylife-fp-b957-d-dji-flip-czarne\/"},"modified":"2026-04-15T10:57:42","modified_gmt":"2026-04-15T08:57:42","slug":"etui-sunnylife-fp-b957-d-dji-flip-czarne","status":"publish","type":"product","link":"https:\/\/ironsky.pl\/sklep\/produkt\/etui-sunnylife-fp-b957-d-dji-flip-czarne\/","title":{"rendered":"Etui SUNNYLIFE FP-B957-D DJI Flip (czarne)"},"content":{"rendered":"<h3>Etui Sunnylife FP-B957-D do DJI Flip (czarne)<\/h3>\n<p>Etui Sunnylife FP-B957-D to niezb\u0119dny dodatek do DJI Flip, zapewniaj\u0105cy pe\u0142n\u0105 ochron\u0119 przed wstrz\u0105sami, wilgoci\u0105 i kurzem. Dzi\u0119ki funkcjonalnym rozwi\u0105zaniom przechowywania, wysokiej jako\u015bci materia\u0142om i wygodnemu transportowi, jest to akcesorium, kt\u00f3re spe\u0142ni oczekiwania nawet najbardziej wymagaj\u0105cych u\u017cytkownik\u00f3w. Zainwestuj w etui, kt\u00f3re nie tylko chroni, ale tak\u017ce zwi\u0119ksza wygod\u0119 u\u017cytkowania Twojego DJI Flip.<\/p>\n<p>\n<img decoding=\"async\" src=\"https:\/\/assets.innpro.pl\/12742\/15441\/7.jpg\" border=\"0\" alt=\"\" \/>\n<\/p>\n<h3>Trwa\u0142o\u015b\u0107 i niezawodno\u015b\u0107<\/h3>\n<p>Etui zosta\u0142o stworzone z u\u017cyciem matowej sk\u00f3ry syntetycznej, kt\u00f3ra charakteryzuje si\u0119 odporno\u015bci\u0105 na wilgo\u0107, wod\u0119, oraz py\u0142. Dzi\u0119ki temu etui doskonale sprawdzi si\u0119 w ka\u017cdej sytuacji, zapewniaj\u0105c Twojemu DJI Flip pe\u0142n\u0105 ochron\u0119 przed niekorzystnym wp\u0142ywem warunk\u00f3w atmosferycznych. Dodatkowo materia\u0142 jest \u0142atwy w czyszczeniu, co zwi\u0119ksza trwa\u0142o\u015b\u0107 etui.<\/p>\n<p>\n<img decoding=\"async\" src=\"https:\/\/assets.innpro.pl\/12742\/15441\/5.jpg\" border=\"0\" alt=\"\" \/>\n<\/p>\n<h3>Efektywna ochrona przed wstrz\u0105sami<\/h3>\n<p>Zewn\u0119trzna twarda pow\u0142oka etui chroni przed uderzeniami i wstrz\u0105sami, skutecznie zabezpieczaj\u0105c urz\u0105dzenie i akcesoria przed uszkodzeniami. Wysokiej jako\u015bci wewn\u0119trzna wy\u015bci\u00f3\u0142ka jest mi\u0119kka, ale jednocze\u015bnie wstrz\u0105soodporna, co gwarantuje pe\u0142ne bezpiecze\u0144stwo przechowywanych przedmiot\u00f3w.<\/p>\n<p>\n<img decoding=\"async\" src=\"https:\/\/assets.innpro.pl\/12742\/15441\/8.jpg\" border=\"0\" alt=\"\" \/>\n<\/p>\n<h3>Funkcjonalno\u015b\u0107 na pierwszym miejscu<\/h3>\n<p>Etui zosta\u0142o zaprojektowane z my\u015bl\u0105 o wygodnym przechowywaniu nie tylko samego DJI Flip, ale tak\u017ce innych niezb\u0119dnych akcesori\u00f3w. Wewn\u0119trzna siateczkowa kiesze\u0144 z zamkiem pozwala na przechowywanie zapasowych \u015bmigie\u0142, \u015brubokr\u0119tu, kabli \u0142aduj\u0105cych, futera\u0142u na filtry czy karabi\u0144czyka. Dzi\u0119ki temu wszystkie akcesoria s\u0105 zawsze pod r\u0119k\u0105, a ich przechowywanie jest \u0142atwe i por\u0119czne.<\/p>\n<p>\n<img decoding=\"async\" src=\"https:\/\/assets.innpro.pl\/12742\/15441\/3.jpg\" border=\"0\" alt=\"\" \/>\n<\/p>\n<h3>\u0141atwy transport i przechowywanie<\/h3>\n<p>Etui jest niezwykle por\u0119czne i \u0142atwe w przechowywaniu. Dodatkowo w zestawie znajduje si\u0119 karabi\u0144czyk, kt\u00f3ry umo\u017cliwia zawieszenie etui na plecaku, co pozwala na wygodne przenoszenie bez potrzeby trzymania go w r\u0119ce. Dzi\u0119ki temu zyskujesz wi\u0119ksz\u0105 swobod\u0119 podczas podr\u00f3\u017cy czy na co dzie\u0144.<\/p>\n<p>\n<img decoding=\"async\" src=\"https:\/\/assets.innpro.pl\/12742\/15441\/9.jpg\" border=\"0\" alt=\"\" \/>\n<\/p>\n<h3>W zestawie<\/h3>\n<ul class=\"list-disc pl-5\">\n<li>etui Sunnylife<\/li>\n<li>karabi\u0144czyk<\/li>\n<\/ul>\n<div class=\"table-wrapper\">\n<p>\u00a0<\/p>\n<h3><\/h3>\n<table>\n<tbody>\n<tr>\n<th>Producent<\/th>\n<td>Sunnylife<\/td>\n<\/tr>\n<tr>\n<th>Model<\/th>\n<td>FP-B957<\/td>\n<\/tr>\n<tr>\n<th>Kompatybilne urz\u0105dzenia<\/th>\n<td>DJI Flip<\/td>\n<\/tr>\n<tr>\n<th>Materia\u0142 wykonania<\/th>\n<td>Sk\u00f3ra PU, materia\u0142 EVA<\/td>\n<\/tr>\n<tr>\n<th>Waga<\/th>\n<td>203 g<\/td>\n<\/tr>\n<tr>\n<th>Wymiary<\/th>\n<td>190 z 173 x 75 mm<\/td>\n<\/tr>\n<tr>\n<th>Kolor<\/th>\n<td>Czarny<\/td>\n<\/tr>\n<tr>\n<th>Zabezpieczenia<\/th>\n<td>Ochrona przed wod\u0105, py\u0142em, wstrz\u0105sami i wilgoci\u0105<\/td>\n<\/tr>\n<\/tbody>\n<\/table>\n<\/div>\n","protected":false},"excerpt":{"rendered":"<p>Etui Sunnylife FP-B957-D do DJI Flip (czarne) Etui Sunnylife FP-B957-D to niezb\u0119dny dodatek do DJI Flip, zapewniaj\u0105cy pe\u0142n\u0105 ochron\u0119 przed<\/p>\n","protected":false},"featured_media":40176,"comment_status":"closed","ping_status":"open","template":"","meta":{"_acf_changed":false},"product_brand":[],"product_cat":[6167,1088,6171],"product_tag":[],"class_list":{"0":"post-60198","1":"product","2":"type-product","3":"status-publish","4":"has-post-thumbnail","6":"product_cat-akcesoria-do-dronow","7":"product_cat-drony","8":"product_cat-torby-i-walizki","9":"pa_okres-gwarancji-5754","10":"pa_producent-sunnylife","12":"first","13":"outofstock","14":"taxable","15":"shipping-taxable","16":"purchasable","17":"product-type-simple"},"acf":[],"yoast_head":"<!-- This site is optimized with the Yoast SEO plugin v27.2 - https:\/\/yoast.com\/product\/yoast-seo-wordpress\/ -->\n<title>Etui SUNNYLIFE FP-B957-D DJI Flip (czarne) - IRONSKY.PL Sklep z Dronami<\/title>\n<meta name=\"description\" content=\"Etui SUNNYLIFE FP-B957-D DJI Flip (czarne) - \u2705 sklep z dronami i fachowym doradztwem. \u2705 Tutaj kupisz produkty DJI, Yuneec, Parrot, Syma i wiele innych, a tak\u017ce kursy i licencje na operatora drona.\" \/>\n<meta name=\"robots\" content=\"index, follow, max-snippet:-1, max-image-preview:large, max-video-preview:-1\" \/>\n<link rel=\"canonical\" href=\"https:\/\/ironsky.pl\/sklep\/produkt\/etui-sunnylife-fp-b957-d-dji-flip-czarne\/\" \/>\n<meta property=\"og:locale\" content=\"pl_PL\" \/>\n<meta property=\"og:type\" content=\"article\" \/>\n<meta property=\"og:title\" content=\"Etui SUNNYLIFE FP-B957-D DJI Flip (czarne) - IRONSKY.PL Sklep z Dronami\" \/>\n<meta property=\"og:description\" content=\"Etui SUNNYLIFE FP-B957-D DJI Flip (czarne) - \u2705 sklep z dronami i fachowym doradztwem. \u2705 Tutaj kupisz produkty DJI, Yuneec, Parrot, Syma i wiele innych, a tak\u017ce kursy i licencje na operatora drona.\" \/>\n<meta property=\"og:url\" content=\"https:\/\/ironsky.pl\/sklep\/produkt\/etui-sunnylife-fp-b957-d-dji-flip-czarne\/\" \/>\n<meta property=\"og:site_name\" content=\"IRONSKY.PL Sklep z Dronami\" \/>\n<meta property=\"article:modified_time\" content=\"2026-04-15T08:57:42+00:00\" \/>\n<meta property=\"og:image\" content=\"https:\/\/ironsky.pl\/sklep\/wp-content\/uploads\/2025\/05\/50400_1.jpg\" \/>\n\t<meta property=\"og:image:width\" content=\"800\" \/>\n\t<meta property=\"og:image:height\" content=\"800\" \/>\n\t<meta property=\"og:image:type\" content=\"image\/jpeg\" \/>\n<meta name=\"twitter:card\" content=\"summary_large_image\" \/>\n<meta name=\"twitter:label1\" content=\"Szacowany czas czytania\" \/>\n\t<meta name=\"twitter:data1\" content=\"2 minuty\" \/>\n<script type=\"application\/ld+json\" class=\"yoast-schema-graph\">{\"@context\":\"https:\/\/schema.org\",\"@graph\":[{\"@type\":\"WebPage\",\"@id\":\"https:\/\/ironsky.pl\/sklep\/produkt\/etui-sunnylife-fp-b957-d-dji-flip-czarne\/\",\"url\":\"https:\/\/ironsky.pl\/sklep\/produkt\/etui-sunnylife-fp-b957-d-dji-flip-czarne\/\",\"name\":\"Etui SUNNYLIFE FP-B957-D DJI Flip (czarne) - IRONSKY.PL Sklep z Dronami\",\"isPartOf\":{\"@id\":\"https:\/\/ironsky.pl\/sklep\/#website\"},\"primaryImageOfPage\":{\"@id\":\"https:\/\/ironsky.pl\/sklep\/produkt\/etui-sunnylife-fp-b957-d-dji-flip-czarne\/#primaryimage\"},\"image\":{\"@id\":\"https:\/\/ironsky.pl\/sklep\/produkt\/etui-sunnylife-fp-b957-d-dji-flip-czarne\/#primaryimage\"},\"thumbnailUrl\":\"https:\/\/ironsky.pl\/sklep\/wp-content\/uploads\/2025\/05\/50400_1.jpg\",\"datePublished\":\"2026-04-15T08:57:26+00:00\",\"dateModified\":\"2026-04-15T08:57:42+00:00\",\"description\":\"Etui SUNNYLIFE FP-B957-D DJI Flip (czarne) - \u2705 sklep z dronami i fachowym doradztwem. \u2705 Tutaj kupisz produkty DJI, Yuneec, Parrot, Syma i wiele innych, a tak\u017ce kursy i licencje na operatora drona.\",\"breadcrumb\":{\"@id\":\"https:\/\/ironsky.pl\/sklep\/produkt\/etui-sunnylife-fp-b957-d-dji-flip-czarne\/#breadcrumb\"},\"inLanguage\":\"pl-PL\",\"potentialAction\":[{\"@type\":\"ReadAction\",\"target\":[\"https:\/\/ironsky.pl\/sklep\/produkt\/etui-sunnylife-fp-b957-d-dji-flip-czarne\/\"]}]},{\"@type\":\"ImageObject\",\"inLanguage\":\"pl-PL\",\"@id\":\"https:\/\/ironsky.pl\/sklep\/produkt\/etui-sunnylife-fp-b957-d-dji-flip-czarne\/#primaryimage\",\"url\":\"https:\/\/ironsky.pl\/sklep\/wp-content\/uploads\/2025\/05\/50400_1.jpg\",\"contentUrl\":\"https:\/\/ironsky.pl\/sklep\/wp-content\/uploads\/2025\/05\/50400_1.jpg\",\"width\":800,\"height\":800},{\"@type\":\"BreadcrumbList\",\"@id\":\"https:\/\/ironsky.pl\/sklep\/produkt\/etui-sunnylife-fp-b957-d-dji-flip-czarne\/#breadcrumb\",\"itemListElement\":[{\"@type\":\"ListItem\",\"position\":1,\"name\":\"Strona g\u0142\u00f3wna\",\"item\":\"https:\/\/ironsky.pl\/sklep\/\"},{\"@type\":\"ListItem\",\"position\":2,\"name\":\"Wszystkie produkty\",\"item\":\"https:\/\/ironsky.pl\/sklep\/produkty\/\"},{\"@type\":\"ListItem\",\"position\":3,\"name\":\"Etui SUNNYLIFE FP-B957-D DJI Flip (czarne)\"}]},{\"@type\":\"WebSite\",\"@id\":\"https:\/\/ironsky.pl\/sklep\/#website\",\"url\":\"https:\/\/ironsky.pl\/sklep\/\",\"name\":\"IRONSKY.PL Sklep z Dronami\",\"description\":\"IRONSKY.PL Sklep z Dronami\",\"potentialAction\":[{\"@type\":\"SearchAction\",\"target\":{\"@type\":\"EntryPoint\",\"urlTemplate\":\"https:\/\/ironsky.pl\/sklep\/?s={search_term_string}\"},\"query-input\":{\"@type\":\"PropertyValueSpecification\",\"valueRequired\":true,\"valueName\":\"search_term_string\"}}],\"inLanguage\":\"pl-PL\"}]}<\/script>\n<!-- \/ Yoast SEO plugin. -->","yoast_head_json":{"title":"Etui SUNNYLIFE FP-B957-D DJI Flip (czarne) - IRONSKY.PL Sklep z Dronami","description":"Etui SUNNYLIFE FP-B957-D DJI Flip (czarne) - \u2705 sklep z dronami i fachowym doradztwem. \u2705 Tutaj kupisz produkty DJI, Yuneec, Parrot, Syma i wiele innych, a tak\u017ce kursy i licencje na operatora drona.","robots":{"index":"index","follow":"follow","max-snippet":"max-snippet:-1","max-image-preview":"max-image-preview:large","max-video-preview":"max-video-preview:-1"},"canonical":"https:\/\/ironsky.pl\/sklep\/produkt\/etui-sunnylife-fp-b957-d-dji-flip-czarne\/","og_locale":"pl_PL","og_type":"article","og_title":"Etui SUNNYLIFE FP-B957-D DJI Flip (czarne) - IRONSKY.PL Sklep z Dronami","og_description":"Etui SUNNYLIFE FP-B957-D DJI Flip (czarne) - \u2705 sklep z dronami i fachowym doradztwem. \u2705 Tutaj kupisz produkty DJI, Yuneec, Parrot, Syma i wiele innych, a tak\u017ce kursy i licencje na operatora drona.","og_url":"https:\/\/ironsky.pl\/sklep\/produkt\/etui-sunnylife-fp-b957-d-dji-flip-czarne\/","og_site_name":"IRONSKY.PL Sklep z Dronami","article_modified_time":"2026-04-15T08:57:42+00:00","og_image":[{"width":800,"height":800,"url":"https:\/\/ironsky.pl\/sklep\/wp-content\/uploads\/2025\/05\/50400_1.jpg","type":"image\/jpeg"}],"twitter_card":"summary_large_image","twitter_misc":{"Szacowany czas czytania":"2 minuty"},"schema":{"@context":"https:\/\/schema.org","@graph":[{"@type":"WebPage","@id":"https:\/\/ironsky.pl\/sklep\/produkt\/etui-sunnylife-fp-b957-d-dji-flip-czarne\/","url":"https:\/\/ironsky.pl\/sklep\/produkt\/etui-sunnylife-fp-b957-d-dji-flip-czarne\/","name":"Etui SUNNYLIFE FP-B957-D DJI Flip (czarne) - IRONSKY.PL Sklep z Dronami","isPartOf":{"@id":"https:\/\/ironsky.pl\/sklep\/#website"},"primaryImageOfPage":{"@id":"https:\/\/ironsky.pl\/sklep\/produkt\/etui-sunnylife-fp-b957-d-dji-flip-czarne\/#primaryimage"},"image":{"@id":"https:\/\/ironsky.pl\/sklep\/produkt\/etui-sunnylife-fp-b957-d-dji-flip-czarne\/#primaryimage"},"thumbnailUrl":"https:\/\/ironsky.pl\/sklep\/wp-content\/uploads\/2025\/05\/50400_1.jpg","datePublished":"2026-04-15T08:57:26+00:00","dateModified":"2026-04-15T08:57:42+00:00","description":"Etui SUNNYLIFE FP-B957-D DJI Flip (czarne) - \u2705 sklep z dronami i fachowym doradztwem. \u2705 Tutaj kupisz produkty DJI, Yuneec, Parrot, Syma i wiele innych, a tak\u017ce kursy i licencje na operatora drona.","breadcrumb":{"@id":"https:\/\/ironsky.pl\/sklep\/produkt\/etui-sunnylife-fp-b957-d-dji-flip-czarne\/#breadcrumb"},"inLanguage":"pl-PL","potentialAction":[{"@type":"ReadAction","target":["https:\/\/ironsky.pl\/sklep\/produkt\/etui-sunnylife-fp-b957-d-dji-flip-czarne\/"]}]},{"@type":"ImageObject","inLanguage":"pl-PL","@id":"https:\/\/ironsky.pl\/sklep\/produkt\/etui-sunnylife-fp-b957-d-dji-flip-czarne\/#primaryimage","url":"https:\/\/ironsky.pl\/sklep\/wp-content\/uploads\/2025\/05\/50400_1.jpg","contentUrl":"https:\/\/ironsky.pl\/sklep\/wp-content\/uploads\/2025\/05\/50400_1.jpg","width":800,"height":800},{"@type":"BreadcrumbList","@id":"https:\/\/ironsky.pl\/sklep\/produkt\/etui-sunnylife-fp-b957-d-dji-flip-czarne\/#breadcrumb","itemListElement":[{"@type":"ListItem","position":1,"name":"Strona g\u0142\u00f3wna","item":"https:\/\/ironsky.pl\/sklep\/"},{"@type":"ListItem","position":2,"name":"Wszystkie produkty","item":"https:\/\/ironsky.pl\/sklep\/produkty\/"},{"@type":"ListItem","position":3,"name":"Etui SUNNYLIFE FP-B957-D DJI Flip (czarne)"}]},{"@type":"WebSite","@id":"https:\/\/ironsky.pl\/sklep\/#website","url":"https:\/\/ironsky.pl\/sklep\/","name":"IRONSKY.PL Sklep z Dronami","description":"IRONSKY.PL Sklep z Dronami","potentialAction":[{"@type":"SearchAction","target":{"@type":"EntryPoint","urlTemplate":"https:\/\/ironsky.pl\/sklep\/?s={search_term_string}"},"query-input":{"@type":"PropertyValueSpecification","valueRequired":true,"valueName":"search_term_string"}}],"inLanguage":"pl-PL"}]}},"_links":{"self":[{"href":"https:\/\/ironsky.pl\/sklep\/wp-json\/wp\/v2\/product\/60198","targetHints":{"allow":["GET"]}}],"collection":[{"href":"https:\/\/ironsky.pl\/sklep\/wp-json\/wp\/v2\/product"}],"about":[{"href":"https:\/\/ironsky.pl\/sklep\/wp-json\/wp\/v2\/types\/product"}],"replies":[{"embeddable":true,"href":"https:\/\/ironsky.pl\/sklep\/wp-json\/wp\/v2\/comments?post=60198"}],"wp:featuredmedia":[{"embeddable":true,"href":"https:\/\/ironsky.pl\/sklep\/wp-json\/wp\/v2\/media\/40176"}],"wp:attachment":[{"href":"https:\/\/ironsky.pl\/sklep\/wp-json\/wp\/v2\/media?parent=60198"}],"wp:term":[{"taxonomy":"product_brand","embeddable":true,"href":"https:\/\/ironsky.pl\/sklep\/wp-json\/wp\/v2\/product_brand?post=60198"},{"taxonomy":"product_cat","embeddable":true,"href":"https:\/\/ironsky.pl\/sklep\/wp-json\/wp\/v2\/product_cat?post=60198"},{"taxonomy":"product_tag","embeddable":true,"href":"https:\/\/ironsky.pl\/sklep\/wp-json\/wp\/v2\/product_tag?post=60198"}],"curies":[{"name":"wp","href":"https:\/\/api.w.org\/{rel}","templated":true}]}}