{"id":60196,"date":"2026-04-15T10:57:26","date_gmt":"2026-04-15T08:57:26","guid":{"rendered":"https:\/\/ironsky.pl\/sklep\/produkt\/etui-transportowe-sunnylife-aqx-19-do-dji-flip\/"},"modified":"2026-04-15T10:57:40","modified_gmt":"2026-04-15T08:57:40","slug":"etui-transportowe-sunnylife-aqx-19-do-dji-flip","status":"publish","type":"product","link":"https:\/\/ironsky.pl\/sklep\/produkt\/etui-transportowe-sunnylife-aqx-19-do-dji-flip\/","title":{"rendered":"Etui transportowe SUNNYLIFE AQX-19 do DJI Flip"},"content":{"rendered":"<h3>Etui transportowe AQX-19 Sunnylife do DJI Flip<\/h3>\n<p>Etui transportowe AQX-19 to niezast\u0105piony wyb\u00f3r dla ka\u017cdego w\u0142a\u015bciciela drona DJI Flip, kt\u00f3ry potrzebuje funkcjonalnego, wytrzyma\u0142ego i wodoodpornego rozwi\u0105zania do przechowywania swojego sprz\u0119tu. Z przemy\u015blan\u0105 organizacj\u0105 wn\u0119trza, doskona\u0142\u0105 ochron\u0105 przed wod\u0105 i uderzeniami oraz wygodnym uchwytem, etui zapewnia kompleksow\u0105 ochron\u0119 na najwy\u017cszym poziomie. Je\u015bli szukasz bezpiecznego i stylowego sposobu na transport swojego DJI Flip, to etui b\u0119dzie idealnym wyborem.<\/p>\n<p>\n<img decoding=\"async\" src=\"https:\/\/assets.innpro.pl\/12740\/15437\/9.jpg\" border=\"0\" alt=\"\" \/>\n<\/p>\n<h3>Pojemno\u015b\u0107 i wygodna organizacja<\/h3>\n<p>Etui AQX-19 oferuje przestronn\u0105 komor\u0119, w kt\u00f3rej bez trudu zmie\u015bcisz wszystkie niezb\u0119dne akcesoria. Zosta\u0142o zaprojektowane z my\u015bl\u0105 o du\u017cych urz\u0105dzeniach, takich jak akumulator do DJI Flip. Etui pomie\u015bci a\u017c pi\u0119\u0107 akumulator\u00f3w \u2013 jednego w dronie, a cztery w stacji \u0142aduj\u0105cej. Dodatkowo gimbal i ramka s\u0105 kompatybilne z oryginalnym pokrowcem, a dzi\u0119ki dwufunkcyjnej, demontowanej ramce, mo\u017cna je \u0142atwo dopasowa\u0107 do pilota RC2 lub RC-N3.<\/p>\n<p>\n<img decoding=\"async\" src=\"https:\/\/assets.innpro.pl\/12740\/15437\/2.jpg\" border=\"0\" alt=\"\" \/>\n<\/p>\n<h3>Komfortowe u\u017cytkowanie i przechowywanie akcesori\u00f3w<\/h3>\n<p>Etui zosta\u0142o wyposa\u017cone w osobne miejsce na akcesoria, takie jak \u0142adowarka, filtry Sunnylife, zapasowe \u015bmig\u0142a, wkr\u0119tak, czy kable do \u0142adowania, co czyni je bardzo wszechstronnym. Co wa\u017cne, nie musisz zdejmowa\u0107 os\u0142ony przeciws\u0142onecznej Sunnylife YK674 lub YK715 \u2013 etui jest dostosowane do jej przechowywania, co oszcz\u0119dza czas i wysi\u0142ek.<\/p>\n<p>\n<img decoding=\"async\" src=\"https:\/\/assets.innpro.pl\/12740\/15437\/3.jpg\" border=\"0\" alt=\"\" \/>\n<\/p>\n<h3>Maksymalna ochrona<\/h3>\n<p>Konstrukcja etui zapewnia doskona\u0142\u0105 ochron\u0119 Twojego sprz\u0119tu. Etui jest wodoodporne, co oznacza, \u017ce skutecznie chroni przed wnikaniem wody do \u015brodka, nawet w przypadku lekkiego ochlapania. Wykonane z wysokiej jako\u015bci materia\u0142\u00f3w, odpornych na uderzenia i temperatury, etui zapewnia maksymaln\u0105 ochron\u0119 przed uszkodzeniami mechanicznymi. Dodatkowo wn\u0119trze etui jest wyposa\u017cone w precyzyjnie dopasowan\u0105 wk\u0142adk\u0119, kt\u00f3ra stabilnie utrzymuje drona oraz akcesoria, chroni\u0105c je przed wstrz\u0105sami i zarysowaniami.<\/p>\n<p>\n<img decoding=\"async\" src=\"https:\/\/assets.innpro.pl\/12740\/15437\/1.jpg\" border=\"0\" alt=\"\" \/>\n<\/p>\n<h3>Trwa\u0142o\u015b\u0107 i wygodny transport<\/h3>\n<p>Wysokiej jako\u015bci plastik o du\u017cej odporno\u015bci na \u015bcieranie oraz korozj\u0119, z kt\u00f3rego wykonane jest etui, zapewnia wyj\u0105tkow\u0105 wytrzyma\u0142o\u015b\u0107. Wbudowany zaw\u00f3r ci\u015bnieniowy zapobiega powstawaniu niechcianych uszczelnie\u0144 pr\u00f3\u017cniowych, kt\u00f3re mog\u0142yby spowodowa\u0107 p\u0119kni\u0119cie obudowy podczas zmian ci\u015bnienia zwi\u0105zanych z wysoko\u015bci\u0105 lub temperatur\u0105. Dodatkowo etui wyposa\u017cono w podw\u00f3jny zamek bezpiecze\u0144stwa, kt\u00f3ry chroni przed przypadkowym otwarciem, oraz wygodny, mi\u0119kki uchwyt, kt\u00f3ry zmniejsza nacisk na d\u0142o\u0144. Mo\u017cesz r\u00f3wnie\u017c wyposa\u017cy\u0107 si\u0119 w pasek na rami\u0119 (dost\u0119pny w osobnej sprzeda\u017cy), aby u\u0142atwi\u0107 transport etui.<\/p>\n<p>\n<img decoding=\"async\" src=\"https:\/\/assets.innpro.pl\/12740\/15437\/5.jpg\" border=\"0\" alt=\"\" \/>\n<\/p>\n<h3>Wyj\u0105tkowa ochrona Twojego sprz\u0119tu<\/h3>\n<p>Etui AQX-19 jest tak\u017ce wyposa\u017cone w wysokiej g\u0119sto\u015bci mi\u0119kk\u0105 g\u0105bk\u0119, kt\u00f3ra skutecznie chroni drona oraz akcesoria przed zarysowaniami i uszkodzeniami mechanicznymi. Dodatkowo stalowy zawias 304 jest odporny na korozj\u0119, co zwi\u0119ksza trwa\u0142o\u015b\u0107 ca\u0142ego etui. Wzmocniona podstawa zapewnia stabilno\u015b\u0107, dzi\u0119ki czemu etui stoi w pionie i jest mniej podatne na uszkodzenia.<\/p>\n<p>\n<img decoding=\"async\" src=\"https:\/\/assets.innpro.pl\/12740\/15437\/4.jpg\" border=\"0\" alt=\"\" \/>\n<\/p>\n<div class=\"table-wrapper\">\n<p>\u00a0<\/p>\n<h3><\/h3>\n<table>\n<tbody>\n<tr>\n<th>Producent<\/th>\n<td>Sunnylife<\/td>\n<\/tr>\n<tr>\n<th>Model<\/th>\n<td>AQX-19<\/td>\n<\/tr>\n<tr>\n<th>Kompatybilne urz\u0105dzenia<\/th>\n<td>DJI FLIP<\/td>\n<\/tr>\n<tr>\n<th>Waga<\/th>\n<td>1.53 kg<\/td>\n<\/tr>\n<tr>\n<th>Wymiary<\/th>\n<td>35.4 x 29.4 x 13.7 cm<\/td>\n<\/tr>\n<tr>\n<th>Zabezpieczenia<\/th>\n<td>Wodoodporno\u015b\u0107, odporno\u015b\u0107 na wstrz\u0105sy i drgania, odporno\u015b\u0107 na wysokie i niskie temperatury<\/td>\n<\/tr>\n<tr>\n<th>Kolor<\/th>\n<td>Czarny<\/td>\n<\/tr>\n<\/tbody>\n<\/table>\n<\/div>\n","protected":false},"excerpt":{"rendered":"<p>Etui transportowe AQX-19 Sunnylife do DJI Flip Etui transportowe AQX-19 to niezast\u0105piony wyb\u00f3r dla ka\u017cdego w\u0142a\u015bciciela drona DJI Flip, kt\u00f3ry<\/p>\n","protected":false},"featured_media":40171,"comment_status":"closed","ping_status":"open","template":"","meta":{"_acf_changed":false},"product_brand":[],"product_cat":[6167,1088,6171],"product_tag":[],"class_list":{"0":"post-60196","1":"product","2":"type-product","3":"status-publish","4":"has-post-thumbnail","6":"product_cat-akcesoria-do-dronow","7":"product_cat-drony","8":"product_cat-torby-i-walizki","9":"pa_okres-gwarancji-5754","10":"pa_producent-sunnylife","12":"first","13":"outofstock","14":"taxable","15":"shipping-taxable","16":"purchasable","17":"product-type-simple"},"acf":[],"yoast_head":"<!-- This site is optimized with the Yoast SEO plugin v27.2 - https:\/\/yoast.com\/product\/yoast-seo-wordpress\/ -->\n<title>Etui transportowe SUNNYLIFE AQX-19 do DJI Flip - IRONSKY.PL Sklep z Dronami<\/title>\n<meta name=\"description\" content=\"Etui transportowe SUNNYLIFE AQX-19 do DJI Flip - \u2705 sklep z dronami i fachowym doradztwem. \u2705 Tutaj kupisz produkty DJI, Yuneec, Parrot, Syma i wiele innych, a tak\u017ce kursy i licencje na operatora drona.\" \/>\n<meta name=\"robots\" content=\"index, follow, max-snippet:-1, max-image-preview:large, max-video-preview:-1\" \/>\n<link rel=\"canonical\" href=\"https:\/\/ironsky.pl\/sklep\/produkt\/etui-transportowe-sunnylife-aqx-19-do-dji-flip\/\" \/>\n<meta property=\"og:locale\" content=\"pl_PL\" \/>\n<meta property=\"og:type\" content=\"article\" \/>\n<meta property=\"og:title\" content=\"Etui transportowe SUNNYLIFE AQX-19 do DJI Flip - IRONSKY.PL Sklep z Dronami\" \/>\n<meta property=\"og:description\" content=\"Etui transportowe SUNNYLIFE AQX-19 do DJI Flip - \u2705 sklep z dronami i fachowym doradztwem. \u2705 Tutaj kupisz produkty DJI, Yuneec, Parrot, Syma i wiele innych, a tak\u017ce kursy i licencje na operatora drona.\" \/>\n<meta property=\"og:url\" content=\"https:\/\/ironsky.pl\/sklep\/produkt\/etui-transportowe-sunnylife-aqx-19-do-dji-flip\/\" \/>\n<meta property=\"og:site_name\" content=\"IRONSKY.PL Sklep z Dronami\" \/>\n<meta property=\"article:modified_time\" content=\"2026-04-15T08:57:40+00:00\" \/>\n<meta property=\"og:image\" content=\"https:\/\/ironsky.pl\/sklep\/wp-content\/uploads\/2025\/05\/50376_1.jpg\" \/>\n\t<meta property=\"og:image:width\" content=\"800\" \/>\n\t<meta property=\"og:image:height\" content=\"800\" \/>\n\t<meta property=\"og:image:type\" content=\"image\/jpeg\" \/>\n<meta name=\"twitter:card\" content=\"summary_large_image\" \/>\n<meta name=\"twitter:label1\" content=\"Szacowany czas czytania\" \/>\n\t<meta name=\"twitter:data1\" content=\"2 minuty\" \/>\n<script type=\"application\/ld+json\" class=\"yoast-schema-graph\">{\"@context\":\"https:\/\/schema.org\",\"@graph\":[{\"@type\":\"WebPage\",\"@id\":\"https:\/\/ironsky.pl\/sklep\/produkt\/etui-transportowe-sunnylife-aqx-19-do-dji-flip\/\",\"url\":\"https:\/\/ironsky.pl\/sklep\/produkt\/etui-transportowe-sunnylife-aqx-19-do-dji-flip\/\",\"name\":\"Etui transportowe SUNNYLIFE AQX-19 do DJI Flip - IRONSKY.PL Sklep z Dronami\",\"isPartOf\":{\"@id\":\"https:\/\/ironsky.pl\/sklep\/#website\"},\"primaryImageOfPage\":{\"@id\":\"https:\/\/ironsky.pl\/sklep\/produkt\/etui-transportowe-sunnylife-aqx-19-do-dji-flip\/#primaryimage\"},\"image\":{\"@id\":\"https:\/\/ironsky.pl\/sklep\/produkt\/etui-transportowe-sunnylife-aqx-19-do-dji-flip\/#primaryimage\"},\"thumbnailUrl\":\"https:\/\/ironsky.pl\/sklep\/wp-content\/uploads\/2025\/05\/50376_1.jpg\",\"datePublished\":\"2026-04-15T08:57:26+00:00\",\"dateModified\":\"2026-04-15T08:57:40+00:00\",\"description\":\"Etui transportowe SUNNYLIFE AQX-19 do DJI Flip - \u2705 sklep z dronami i fachowym doradztwem. \u2705 Tutaj kupisz produkty DJI, Yuneec, Parrot, Syma i wiele innych, a tak\u017ce kursy i licencje na operatora drona.\",\"breadcrumb\":{\"@id\":\"https:\/\/ironsky.pl\/sklep\/produkt\/etui-transportowe-sunnylife-aqx-19-do-dji-flip\/#breadcrumb\"},\"inLanguage\":\"pl-PL\",\"potentialAction\":[{\"@type\":\"ReadAction\",\"target\":[\"https:\/\/ironsky.pl\/sklep\/produkt\/etui-transportowe-sunnylife-aqx-19-do-dji-flip\/\"]}]},{\"@type\":\"ImageObject\",\"inLanguage\":\"pl-PL\",\"@id\":\"https:\/\/ironsky.pl\/sklep\/produkt\/etui-transportowe-sunnylife-aqx-19-do-dji-flip\/#primaryimage\",\"url\":\"https:\/\/ironsky.pl\/sklep\/wp-content\/uploads\/2025\/05\/50376_1.jpg\",\"contentUrl\":\"https:\/\/ironsky.pl\/sklep\/wp-content\/uploads\/2025\/05\/50376_1.jpg\",\"width\":800,\"height\":800},{\"@type\":\"BreadcrumbList\",\"@id\":\"https:\/\/ironsky.pl\/sklep\/produkt\/etui-transportowe-sunnylife-aqx-19-do-dji-flip\/#breadcrumb\",\"itemListElement\":[{\"@type\":\"ListItem\",\"position\":1,\"name\":\"Strona g\u0142\u00f3wna\",\"item\":\"https:\/\/ironsky.pl\/sklep\/\"},{\"@type\":\"ListItem\",\"position\":2,\"name\":\"Wszystkie produkty\",\"item\":\"https:\/\/ironsky.pl\/sklep\/produkty\/\"},{\"@type\":\"ListItem\",\"position\":3,\"name\":\"Etui transportowe SUNNYLIFE AQX-19 do DJI Flip\"}]},{\"@type\":\"WebSite\",\"@id\":\"https:\/\/ironsky.pl\/sklep\/#website\",\"url\":\"https:\/\/ironsky.pl\/sklep\/\",\"name\":\"IRONSKY.PL Sklep z Dronami\",\"description\":\"IRONSKY.PL Sklep z Dronami\",\"potentialAction\":[{\"@type\":\"SearchAction\",\"target\":{\"@type\":\"EntryPoint\",\"urlTemplate\":\"https:\/\/ironsky.pl\/sklep\/?s={search_term_string}\"},\"query-input\":{\"@type\":\"PropertyValueSpecification\",\"valueRequired\":true,\"valueName\":\"search_term_string\"}}],\"inLanguage\":\"pl-PL\"}]}<\/script>\n<!-- \/ Yoast SEO plugin. -->","yoast_head_json":{"title":"Etui transportowe SUNNYLIFE AQX-19 do DJI Flip - IRONSKY.PL Sklep z Dronami","description":"Etui transportowe SUNNYLIFE AQX-19 do DJI Flip - \u2705 sklep z dronami i fachowym doradztwem. \u2705 Tutaj kupisz produkty DJI, Yuneec, Parrot, Syma i wiele innych, a tak\u017ce kursy i licencje na operatora drona.","robots":{"index":"index","follow":"follow","max-snippet":"max-snippet:-1","max-image-preview":"max-image-preview:large","max-video-preview":"max-video-preview:-1"},"canonical":"https:\/\/ironsky.pl\/sklep\/produkt\/etui-transportowe-sunnylife-aqx-19-do-dji-flip\/","og_locale":"pl_PL","og_type":"article","og_title":"Etui transportowe SUNNYLIFE AQX-19 do DJI Flip - IRONSKY.PL Sklep z Dronami","og_description":"Etui transportowe SUNNYLIFE AQX-19 do DJI Flip - \u2705 sklep z dronami i fachowym doradztwem. \u2705 Tutaj kupisz produkty DJI, Yuneec, Parrot, Syma i wiele innych, a tak\u017ce kursy i licencje na operatora drona.","og_url":"https:\/\/ironsky.pl\/sklep\/produkt\/etui-transportowe-sunnylife-aqx-19-do-dji-flip\/","og_site_name":"IRONSKY.PL Sklep z Dronami","article_modified_time":"2026-04-15T08:57:40+00:00","og_image":[{"width":800,"height":800,"url":"https:\/\/ironsky.pl\/sklep\/wp-content\/uploads\/2025\/05\/50376_1.jpg","type":"image\/jpeg"}],"twitter_card":"summary_large_image","twitter_misc":{"Szacowany czas czytania":"2 minuty"},"schema":{"@context":"https:\/\/schema.org","@graph":[{"@type":"WebPage","@id":"https:\/\/ironsky.pl\/sklep\/produkt\/etui-transportowe-sunnylife-aqx-19-do-dji-flip\/","url":"https:\/\/ironsky.pl\/sklep\/produkt\/etui-transportowe-sunnylife-aqx-19-do-dji-flip\/","name":"Etui transportowe SUNNYLIFE AQX-19 do DJI Flip - IRONSKY.PL Sklep z Dronami","isPartOf":{"@id":"https:\/\/ironsky.pl\/sklep\/#website"},"primaryImageOfPage":{"@id":"https:\/\/ironsky.pl\/sklep\/produkt\/etui-transportowe-sunnylife-aqx-19-do-dji-flip\/#primaryimage"},"image":{"@id":"https:\/\/ironsky.pl\/sklep\/produkt\/etui-transportowe-sunnylife-aqx-19-do-dji-flip\/#primaryimage"},"thumbnailUrl":"https:\/\/ironsky.pl\/sklep\/wp-content\/uploads\/2025\/05\/50376_1.jpg","datePublished":"2026-04-15T08:57:26+00:00","dateModified":"2026-04-15T08:57:40+00:00","description":"Etui transportowe SUNNYLIFE AQX-19 do DJI Flip - \u2705 sklep z dronami i fachowym doradztwem. \u2705 Tutaj kupisz produkty DJI, Yuneec, Parrot, Syma i wiele innych, a tak\u017ce kursy i licencje na operatora drona.","breadcrumb":{"@id":"https:\/\/ironsky.pl\/sklep\/produkt\/etui-transportowe-sunnylife-aqx-19-do-dji-flip\/#breadcrumb"},"inLanguage":"pl-PL","potentialAction":[{"@type":"ReadAction","target":["https:\/\/ironsky.pl\/sklep\/produkt\/etui-transportowe-sunnylife-aqx-19-do-dji-flip\/"]}]},{"@type":"ImageObject","inLanguage":"pl-PL","@id":"https:\/\/ironsky.pl\/sklep\/produkt\/etui-transportowe-sunnylife-aqx-19-do-dji-flip\/#primaryimage","url":"https:\/\/ironsky.pl\/sklep\/wp-content\/uploads\/2025\/05\/50376_1.jpg","contentUrl":"https:\/\/ironsky.pl\/sklep\/wp-content\/uploads\/2025\/05\/50376_1.jpg","width":800,"height":800},{"@type":"BreadcrumbList","@id":"https:\/\/ironsky.pl\/sklep\/produkt\/etui-transportowe-sunnylife-aqx-19-do-dji-flip\/#breadcrumb","itemListElement":[{"@type":"ListItem","position":1,"name":"Strona g\u0142\u00f3wna","item":"https:\/\/ironsky.pl\/sklep\/"},{"@type":"ListItem","position":2,"name":"Wszystkie produkty","item":"https:\/\/ironsky.pl\/sklep\/produkty\/"},{"@type":"ListItem","position":3,"name":"Etui transportowe SUNNYLIFE AQX-19 do DJI Flip"}]},{"@type":"WebSite","@id":"https:\/\/ironsky.pl\/sklep\/#website","url":"https:\/\/ironsky.pl\/sklep\/","name":"IRONSKY.PL Sklep z Dronami","description":"IRONSKY.PL Sklep z Dronami","potentialAction":[{"@type":"SearchAction","target":{"@type":"EntryPoint","urlTemplate":"https:\/\/ironsky.pl\/sklep\/?s={search_term_string}"},"query-input":{"@type":"PropertyValueSpecification","valueRequired":true,"valueName":"search_term_string"}}],"inLanguage":"pl-PL"}]}},"_links":{"self":[{"href":"https:\/\/ironsky.pl\/sklep\/wp-json\/wp\/v2\/product\/60196","targetHints":{"allow":["GET"]}}],"collection":[{"href":"https:\/\/ironsky.pl\/sklep\/wp-json\/wp\/v2\/product"}],"about":[{"href":"https:\/\/ironsky.pl\/sklep\/wp-json\/wp\/v2\/types\/product"}],"replies":[{"embeddable":true,"href":"https:\/\/ironsky.pl\/sklep\/wp-json\/wp\/v2\/comments?post=60196"}],"wp:featuredmedia":[{"embeddable":true,"href":"https:\/\/ironsky.pl\/sklep\/wp-json\/wp\/v2\/media\/40171"}],"wp:attachment":[{"href":"https:\/\/ironsky.pl\/sklep\/wp-json\/wp\/v2\/media?parent=60196"}],"wp:term":[{"taxonomy":"product_brand","embeddable":true,"href":"https:\/\/ironsky.pl\/sklep\/wp-json\/wp\/v2\/product_brand?post=60196"},{"taxonomy":"product_cat","embeddable":true,"href":"https:\/\/ironsky.pl\/sklep\/wp-json\/wp\/v2\/product_cat?post=60196"},{"taxonomy":"product_tag","embeddable":true,"href":"https:\/\/ironsky.pl\/sklep\/wp-json\/wp\/v2\/product_tag?post=60196"}],"curies":[{"name":"wp","href":"https:\/\/api.w.org\/{rel}","templated":true}]}}