{"id":60187,"date":"2026-04-15T10:57:26","date_gmt":"2026-04-15T08:57:26","guid":{"rendered":"https:\/\/ironsky.pl\/sklep\/produkt\/robot-koszacy-dreame-a2-2\/"},"modified":"2026-04-15T10:57:31","modified_gmt":"2026-04-15T08:57:31","slug":"robot-koszacy-dreame-a2-2","status":"publish","type":"product","link":"https:\/\/ironsky.pl\/sklep\/produkt\/robot-koszacy-dreame-a2-2\/","title":{"rendered":"Robot kosz\u0105cy Dreame A2"},"content":{"rendered":"<h3>Robot kosz\u0105cy Dreame A2<\/h3>\n<p>Dreame A2 to innowacyjne rozwi\u0105zanie dla tych, kt\u00f3rzy oczekuj\u0105 najwy\u017cszej precyzji i wygody w piel\u0119gnacji swojego ogrodu. Robot kosz\u0105cy \u0142\u0105czy takie technologie jak OmniSense\u2122 2.0 i EdgeMaster\u2122 Cutting System z inteligentnym zarz\u0105dzaniem strefami koszenia. Dzi\u0119ki Dual-Fusion Navigation skutecznie omija przeszkody, dostosowuj\u0105c swoje dzia\u0142anie do wymagaj\u0105cych teren\u00f3w o nachyleniu do 50%. Urz\u0105dzenie tworzy tak\u017ce mapy 3D i oferuje precyzyjne ci\u0119cie a\u017c do samej kraw\u0119dzi, obs\u0142ug\u0119 wielu stref koszenia i funkcj\u0119 Garden Guardian, kt\u00f3ra zapewnia bezpiecze\u0144stwo posesji. Sprawdzi si\u0119 w ogrodach o maksymalnej powierzchni do 3000 m\u00b2, gwarantuj\u0105c cich\u0105, ale wydajn\u0105 prac\u0119.<\/p>\n<p>\n<img decoding=\"async\" src=\"https:\/\/assets.innpro.pl\/12472\/14921\/10.jpg\" border=\"0\" alt=\"\" \/>\n<\/p>\n<h3>Efektywna nawigacja i mapowanie<\/h3>\n<p>Robot kosz\u0105cy Dreame A2 wykorzystuje prze\u0142omow\u0105 technologi\u0119 OmniSense\u2122 2.0, kt\u00f3ra \u0142\u0105czy zaawansowany sensor LiDAR, inteligentn\u0105 kamer\u0119 HDR oraz sztuczn\u0105 inteligencj\u0119. Urz\u0105dzenie automatycznie skanuje przestrze\u0144 we wszystkich kierunkach (360\u00b0 x 59\u00b0), tworz\u0105c szczeg\u00f3\u0142owe mapy 3D i zapewniaj\u0105c bezb\u0142\u0119dn\u0105 nawigacj\u0119 w ogrodzie. Technologia Dual-Fusion Navigation pozwala na p\u0142ynne poruszanie si\u0119 \u2013 urz\u0105dzenie rozpoznaje i omija ludzi, zwierz\u0119ta oraz takie przeszkody jak meble ogrodowe, zabawki czy narz\u0119dzia, dbaj\u0105c o bezpiecze\u0144stwo. Co wi\u0119cej, Dreame A2 radzi sobie doskonale w trudnych warunkach o\u015bwietleniowych \u2013 zar\u00f3wno w intensywnym s\u0142o\u0144cu, jak i w s\u0142abym \u015bwietle.<\/p>\n<p>\n<img decoding=\"async\" src=\"https:\/\/assets.innpro.pl\/12472\/14921\/8.jpg\" border=\"0\" alt=\"\" \/>\n<\/p>\n<h3>Aplikacja Dreamehome<\/h3>\n<p>Aplikacja Dreamehome pozwala na dostosowanie harmonogramu koszenia, wysoko\u015bci trawy w r\u00f3\u017cnych strefach (od 30 do 70 mm), skonfigurowanie kierunku koszenia czy te\u017c zdefiniowanie obszar\u00f3w wykluczonych, eliminuj\u0105c ryzyko wjechania na rabaty kwiatowe czy baseny. Dzi\u0119ki modu\u0142owi 24\/7 On Link robot pozostaje w pe\u0142nej \u0142\u0105czno\u015bci nawet w miejscach o s\u0142abym sygnale Wi-Fi, umo\u017cliwiaj\u0105c \u015bledzenie jego lokalizacji w czasie rzeczywistym. W przypadku podniesienia urz\u0105dzenia lub opuszczenia zaplanowanego obszaru koszenia system uruchomi alarm i wy\u015ble powiadomienie na telefon, zwi\u0119kszaj\u0105c bezpiecze\u0144stwo i zapobiegaj\u0105c kradzie\u017cy.<\/p>\n<p>\n<img decoding=\"async\" src=\"https:\/\/assets.innpro.pl\/12472\/14921\/12.jpg\" border=\"0\" alt=\"\" \/>\n<\/p>\n<h3>Perfekcyjne ci\u0119cie<\/h3>\n<p>Technologia EdgeMaster\u2122 zapewnia precyzyjne przycinanie trawy a\u017c po same kraw\u0119dzie. Dzi\u0119ki zaawansowanemu systemowi tarcza tn\u0105ca automatycznie rozszerza si\u0119 podczas pracy, co minimalizuje odleg\u0142o\u015b\u0107 ci\u0119cia od brzegu do zaledwie 5 cm. Po\u0142\u0105czenie tego rozwi\u0105zania z inteligentnym planowaniem tras w kszta\u0142cie litery U gwarantuje r\u00f3wnomierne i dok\u0142adne pokrycie ca\u0142ej powierzchni ogrodu \u2013 tak\u017ce w trudno dost\u0119pnych miejscach. W efekcie Tw\u00f3j trawnik b\u0119dzie prezentowa\u0142 si\u0119 nienagannie bez konieczno\u015bci r\u0119cznego wyr\u00f3wnywania brzeg\u00f3w. Urz\u0105dzenie jest w stanie obs\u0142ugiwa\u0107 powierzchnie do 1000 m\u00b2 w ci\u0105gu doby w trybie Standard lub do 2000 m\u00b2 w trybie Efficient, wi\u0119c sprawdzi si\u0119 zar\u00f3wno w mniejszych, jak i wi\u0119kszych posesjach.<\/p>\n<p>\n<img decoding=\"async\" src=\"https:\/\/assets.innpro.pl\/12472\/14921\/7.jpg\" border=\"0\" alt=\"\" \/>\n<\/p>\n<h3>Pi\u0119\u0107 tryb\u00f3w koszenia<\/h3>\n<p>Dostosuj dzia\u0142anie robota Dreame A2, wybieraj\u0105c spo\u015br\u00f3d 5 tryb\u00f3w koszenia. W trybie All-Area Mowing urz\u0105dzenie obejmuje ca\u0142y obszar koszenia, w tym wszystkie wyznaczone strefy. Tryb Zone Mowing koncentruje si\u0119 na okre\u015blonych strefach, a Edge Mowing pozwala na precyzyjne koszenie wzd\u0142u\u017c kraw\u0119dzi. Je\u015bli wymagana jest szczeg\u00f3lna dba\u0142o\u015b\u0107 o konkretne fragmenty, wybierz Spot Mowing, kt\u00f3ry skupia si\u0119 na wybranych punktach. Dodatkowo Manual Mowing umo\u017cliwia pe\u0142n\u0105 kontrol\u0119 nad urz\u0105dzeniem, pozwalaj\u0105c na koszenie dowolnie wybranych miejsc.<\/p>\n<p>\n<img decoding=\"async\" src=\"https:\/\/assets.innpro.pl\/12472\/14921\/2.jpg\" border=\"0\" alt=\"\" \/>\n<\/p>\n<h3>Na stra\u017cy bezpiecze\u0144stwa<\/h3>\n<p>Funkcja Garden Guardian zapewnia pe\u0142ne bezpiecze\u0144stwo i kontrol\u0119 nad Twoim ogrodem. Dzi\u0119ki monitorowaniu w czasie rzeczywistym mo\u017cesz na bie\u017c\u0105co obserwowa\u0107 otoczenie z poziomu dedykowanej aplikacji. Robot umo\u017cliwia ustawienie trybu patrolu poza godzinami pracy, zapewniaj\u0105c dodatkow\u0105 ochron\u0119 w wybranych porach. System automatycznie wysy\u0142a powiadomienia, gdy wykryje aktywno\u015b\u0107 cz\u0142owieka, dzi\u0119ki czemu mo\u017cesz natychmiast reagowa\u0107 na nietypowe zdarzenia.\u00a0<\/p>\n<p>\n<img decoding=\"async\" src=\"https:\/\/assets.innpro.pl\/12472\/14921\/1.jpg\" border=\"0\" alt=\"\" \/>\n<\/p>\n<h3>Zaawansowany silnik i niski poziom ha\u0142asu<\/h3>\n<p>Zaawansowany silnik piastowy umo\u017cliwia robotowi pokonywanie pochy\u0142o\u015bci o nachyleniu do 50% (26,5\u00b0), gwarantuj\u0105c p\u0142ynn\u0105 i stabiln\u0105 prac\u0119 nawet na wymagaj\u0105cym terenie. Ponadto generowany przez robota ha\u0142as w trybie Standard nie przekracza 55 dB, dzi\u0119ki czemu mo\u017cesz cieszy\u0107 si\u0119 spokojem, nawet gdy urz\u0105dzenie jest w u\u017cyciu.<\/p>\n<p>\n<img decoding=\"async\" src=\"https:\/\/assets.innpro.pl\/12472\/14921\/4.jpg\" border=\"0\" alt=\"\" \/>\n<\/p>\n<h3>Z my\u015bl\u0105 o Twojej wygodzie<\/h3>\n<p>Dzi\u0119ki wodoodpornej konstrukcji (IPX6) mo\u017cesz bez przeszk\u00f3d czy\u015bci\u0107 obudow\u0119 i podwozie robota pod bie\u017c\u0105c\u0105 wod\u0105. Dreame A2 zasilany jest akumulatorem litowo-jonowym, wi\u0119c nie musisz obawia\u0107 si\u0119 emisji spalin, a funkcja Adaptive Dual Mowing Schedules umo\u017cliwia dostosowywanie pracy robota do zmieniaj\u0105cych si\u0119 warunk\u00f3w sezonowych i tempa wzrostu trawy. Dzi\u0119ki temu mo\u017cesz stworzy\u0107 2 osobne harmonogramy koszenia \u2013 na przyk\u0142ad jeden na wiosn\u0119 i lato, a drugi na jesie\u0144 i zim\u0119. Robot automatycznie dopasowuje swoje dzia\u0142anie do potrzeb Twojego trawnika, zapewniaj\u0105c jego estetyczny wygl\u0105d przez ca\u0142y rok.<\/p>\n<p>\n<img decoding=\"async\" src=\"https:\/\/assets.innpro.pl\/12472\/14921\/11.jpg\" border=\"0\" alt=\"\" \/>\n<\/p>\n<h3>Obs\u0142uga dw\u00f3ch map<\/h3>\n<p>Dual-Map Management to rozwi\u0105zanie idealne dla posesji z podzielonymi obszarami koszenia, takimi jak przedni i tylny ogr\u00f3d. Funkcja ta umo\u017cliwia utworzenie 2 niezale\u017cnych map, z kt\u00f3rych ka\u017cda mo\u017ce mie\u0107 w\u0142asny plan pracy. Robot precyzyjnie realizuje koszenie na podstawie wyznaczonych granic i harmonogram\u00f3w. Uwaga: do skorzystania z funkcji konieczny jest zakup dodatkowej stacji \u0142aduj\u0105cej i adapter\u00f3w.<\/p>\n<p>\n<img decoding=\"async\" src=\"https:\/\/assets.innpro.pl\/12472\/14921\/3.jpg\" border=\"0\" alt=\"\" \/>\n<\/p>\n<h3>W zestawie:<\/h3>\n<ul class=\"list-disc pl-5\">\n<li>Robot kosz\u0105cy Dreame A2 x1<\/li>\n<li>Os\u0142ona ochronna LiDAR x1<\/li>\n<li>Stacja \u0142adowania (z kablem przed\u0142u\u017caj\u0105cym o d\u0142ugo\u015bci 10 m) x1<\/li>\n<li>P\u0142yta bazowa x1<\/li>\n<li>Adapter 3A x1<\/li>\n<li>Szczotka do czyszczenia x1<\/li>\n<li>\u015aruby x8<\/li>\n<li>Klucz imbusowy x1<\/li>\n<li>Wymienne ostrza + \u015bruby mocuj\u0105ce x9+3<\/li>\n<li>\u015aciereczka bezpy\u0142owa x1<\/li>\n<li>Skr\u00f3cona instrukcja obs\u0142ugi x1<\/li>\n<li>Instrukcja obs\u0142ugi x1<\/li>\n<\/ul>\n<div class=\"table-wrapper\">\n<p>\u00a0<\/p>\n<h3><\/h3>\n<table>\n<tbody>\n<tr>\n<th>Producent<\/th>\n<td>Dreame<\/td>\n<\/tr>\n<tr>\n<th>Model<\/th>\n<td>A2<\/td>\n<\/tr>\n<tr>\n<th>Ustawienie granic<\/th>\n<td>Bezprzewodowe<\/td>\n<\/tr>\n<tr>\n<th>Nawigacja, pozycjonowanie i unikanie przeszk\u00f3d<\/th>\n<td>OmniSense\u2122 2.0, 3D LiDAR+AI Vision<\/td>\n<\/tr>\n<tr>\n<th>Maksymalna obs\u0142ugiwana powierzchnia<\/th>\n<td>3000 m\u00b2<\/td>\n<\/tr>\n<tr>\n<th>Wydajno\u015b\u0107 koszenia<\/th>\n<td>Standard:1,000m\u00b2\/24 hrs ; Efficient:2,000m\u00b2\/24 hrs<\/td>\n<\/tr>\n<tr>\n<th>Tryby pracy<\/th>\n<td>6 tryb\u00f3w pracy<\/td>\n<\/tr>\n<tr>\n<th>Ci\u0105g\u0142o\u015b\u0107 koszenia<\/th>\n<td>Tak<\/td>\n<\/tr>\n<tr>\n<th>Ostrze<\/th>\n<td>22 cm szerokie, 3-7 cm wysokie<\/td>\n<\/tr>\n<tr>\n<th>Regulacja wysoko\u015bci koszenia<\/th>\n<td>Obs\u0142uga przez aplikacj\u0119<\/td>\n<\/tr>\n<tr>\n<th>Maksymalne nachylenie<\/th>\n<td>50%<\/td>\n<\/tr>\n<tr>\n<th>Akumulator<\/th>\n<td>5 Ah<\/td>\n<\/tr>\n<tr>\n<th>Nat\u0119\u017cenie pr\u0105du \u0142adowania<\/th>\n<td>3 A<\/td>\n<\/tr>\n<tr>\n<th>System operacyjny<\/th>\n<td>Pokr\u0119t\u0142o Jog, klawiatura i aplikacja<\/td>\n<\/tr>\n<tr>\n<th>Wska\u017anik odporno\u015bci<\/th>\n<td>Wodoodporny \u2013 IPX6<\/td>\n<\/tr>\n<tr>\n<th>Funkcje<\/th>\n<td>Planowanie \u015bcie\u017cki w kszta\u0142cie litery U, System tn\u0105cy EdgeMaster, Stra\u017cnik ogrodu (Garden Guardian), niestandardowe wzory koszenia<\/td>\n<\/tr>\n<\/tbody>\n<\/table>\n<\/div>\n","protected":false},"excerpt":{"rendered":"<p>Robot kosz\u0105cy Dreame A2 Dreame A2 to innowacyjne rozwi\u0105zanie dla tych, kt\u00f3rzy oczekuj\u0105 najwy\u017cszej precyzji i wygody w piel\u0119gnacji swojego<\/p>\n","protected":false},"featured_media":46932,"comment_status":"closed","ping_status":"open","template":"","meta":{"_acf_changed":false},"product_brand":[],"product_cat":[5937,5970],"product_tag":[],"class_list":{"0":"post-60187","1":"product","2":"type-product","3":"status-publish","4":"has-post-thumbnail","6":"product_cat-outdoor","7":"product_cat-pozostale-outdoor","8":"pa_okres-gwarancji-5775","9":"pa_producent-dreame","11":"first","12":"outofstock","13":"taxable","14":"shipping-taxable","15":"purchasable","16":"product-type-simple"},"acf":[],"yoast_head":"<!-- This site is optimized with the Yoast SEO plugin v27.2 - https:\/\/yoast.com\/product\/yoast-seo-wordpress\/ -->\n<title>Robot kosz\u0105cy Dreame A2 - IRONSKY.PL Sklep z Dronami<\/title>\n<meta name=\"description\" content=\"Robot kosz\u0105cy Dreame A2 - \u2705 sklep z dronami i fachowym doradztwem. \u2705 Tutaj kupisz produkty DJI, Yuneec, Parrot, Syma i wiele innych, a tak\u017ce kursy i licencje na operatora drona.\" \/>\n<meta name=\"robots\" content=\"index, follow, max-snippet:-1, max-image-preview:large, max-video-preview:-1\" \/>\n<link rel=\"canonical\" href=\"https:\/\/ironsky.pl\/sklep\/produkt\/robot-koszacy-dreame-a2-2\/\" \/>\n<meta property=\"og:locale\" content=\"pl_PL\" \/>\n<meta property=\"og:type\" content=\"article\" \/>\n<meta property=\"og:title\" content=\"Robot kosz\u0105cy Dreame A2 - IRONSKY.PL Sklep z Dronami\" \/>\n<meta property=\"og:description\" content=\"Robot kosz\u0105cy Dreame A2 - \u2705 sklep z dronami i fachowym doradztwem. \u2705 Tutaj kupisz produkty DJI, Yuneec, Parrot, Syma i wiele innych, a tak\u017ce kursy i licencje na operatora drona.\" \/>\n<meta property=\"og:url\" content=\"https:\/\/ironsky.pl\/sklep\/produkt\/robot-koszacy-dreame-a2-2\/\" \/>\n<meta property=\"og:site_name\" content=\"IRONSKY.PL Sklep z Dronami\" \/>\n<meta property=\"article:modified_time\" content=\"2026-04-15T08:57:31+00:00\" \/>\n<meta property=\"og:image\" content=\"https:\/\/ironsky.pl\/sklep\/wp-content\/uploads\/2025\/06\/50039_1.webp\" \/>\n\t<meta property=\"og:image:width\" content=\"800\" \/>\n\t<meta property=\"og:image:height\" content=\"800\" \/>\n\t<meta property=\"og:image:type\" content=\"image\/webp\" \/>\n<meta name=\"twitter:card\" content=\"summary_large_image\" \/>\n<meta name=\"twitter:label1\" content=\"Szacowany czas czytania\" \/>\n\t<meta name=\"twitter:data1\" content=\"5 minut\" \/>\n<script type=\"application\/ld+json\" class=\"yoast-schema-graph\">{\"@context\":\"https:\/\/schema.org\",\"@graph\":[{\"@type\":\"WebPage\",\"@id\":\"https:\/\/ironsky.pl\/sklep\/produkt\/robot-koszacy-dreame-a2-2\/\",\"url\":\"https:\/\/ironsky.pl\/sklep\/produkt\/robot-koszacy-dreame-a2-2\/\",\"name\":\"Robot kosz\u0105cy Dreame A2 - IRONSKY.PL Sklep z Dronami\",\"isPartOf\":{\"@id\":\"https:\/\/ironsky.pl\/sklep\/#website\"},\"primaryImageOfPage\":{\"@id\":\"https:\/\/ironsky.pl\/sklep\/produkt\/robot-koszacy-dreame-a2-2\/#primaryimage\"},\"image\":{\"@id\":\"https:\/\/ironsky.pl\/sklep\/produkt\/robot-koszacy-dreame-a2-2\/#primaryimage\"},\"thumbnailUrl\":\"https:\/\/ironsky.pl\/sklep\/wp-content\/uploads\/2025\/06\/50039_1.webp\",\"datePublished\":\"2026-04-15T08:57:26+00:00\",\"dateModified\":\"2026-04-15T08:57:31+00:00\",\"description\":\"Robot kosz\u0105cy Dreame A2 - \u2705 sklep z dronami i fachowym doradztwem. \u2705 Tutaj kupisz produkty DJI, Yuneec, Parrot, Syma i wiele innych, a tak\u017ce kursy i licencje na operatora drona.\",\"breadcrumb\":{\"@id\":\"https:\/\/ironsky.pl\/sklep\/produkt\/robot-koszacy-dreame-a2-2\/#breadcrumb\"},\"inLanguage\":\"pl-PL\",\"potentialAction\":[{\"@type\":\"ReadAction\",\"target\":[\"https:\/\/ironsky.pl\/sklep\/produkt\/robot-koszacy-dreame-a2-2\/\"]}]},{\"@type\":\"ImageObject\",\"inLanguage\":\"pl-PL\",\"@id\":\"https:\/\/ironsky.pl\/sklep\/produkt\/robot-koszacy-dreame-a2-2\/#primaryimage\",\"url\":\"https:\/\/ironsky.pl\/sklep\/wp-content\/uploads\/2025\/06\/50039_1.webp\",\"contentUrl\":\"https:\/\/ironsky.pl\/sklep\/wp-content\/uploads\/2025\/06\/50039_1.webp\",\"width\":800,\"height\":800},{\"@type\":\"BreadcrumbList\",\"@id\":\"https:\/\/ironsky.pl\/sklep\/produkt\/robot-koszacy-dreame-a2-2\/#breadcrumb\",\"itemListElement\":[{\"@type\":\"ListItem\",\"position\":1,\"name\":\"Strona g\u0142\u00f3wna\",\"item\":\"https:\/\/ironsky.pl\/sklep\/\"},{\"@type\":\"ListItem\",\"position\":2,\"name\":\"Wszystkie produkty\",\"item\":\"https:\/\/ironsky.pl\/sklep\/produkty\/\"},{\"@type\":\"ListItem\",\"position\":3,\"name\":\"Robot kosz\u0105cy Dreame A2\"}]},{\"@type\":\"WebSite\",\"@id\":\"https:\/\/ironsky.pl\/sklep\/#website\",\"url\":\"https:\/\/ironsky.pl\/sklep\/\",\"name\":\"IRONSKY.PL Sklep z Dronami\",\"description\":\"IRONSKY.PL Sklep z Dronami\",\"potentialAction\":[{\"@type\":\"SearchAction\",\"target\":{\"@type\":\"EntryPoint\",\"urlTemplate\":\"https:\/\/ironsky.pl\/sklep\/?s={search_term_string}\"},\"query-input\":{\"@type\":\"PropertyValueSpecification\",\"valueRequired\":true,\"valueName\":\"search_term_string\"}}],\"inLanguage\":\"pl-PL\"}]}<\/script>\n<!-- \/ Yoast SEO plugin. -->","yoast_head_json":{"title":"Robot kosz\u0105cy Dreame A2 - IRONSKY.PL Sklep z Dronami","description":"Robot kosz\u0105cy Dreame A2 - \u2705 sklep z dronami i fachowym doradztwem. \u2705 Tutaj kupisz produkty DJI, Yuneec, Parrot, Syma i wiele innych, a tak\u017ce kursy i licencje na operatora drona.","robots":{"index":"index","follow":"follow","max-snippet":"max-snippet:-1","max-image-preview":"max-image-preview:large","max-video-preview":"max-video-preview:-1"},"canonical":"https:\/\/ironsky.pl\/sklep\/produkt\/robot-koszacy-dreame-a2-2\/","og_locale":"pl_PL","og_type":"article","og_title":"Robot kosz\u0105cy Dreame A2 - IRONSKY.PL Sklep z Dronami","og_description":"Robot kosz\u0105cy Dreame A2 - \u2705 sklep z dronami i fachowym doradztwem. \u2705 Tutaj kupisz produkty DJI, Yuneec, Parrot, Syma i wiele innych, a tak\u017ce kursy i licencje na operatora drona.","og_url":"https:\/\/ironsky.pl\/sklep\/produkt\/robot-koszacy-dreame-a2-2\/","og_site_name":"IRONSKY.PL Sklep z Dronami","article_modified_time":"2026-04-15T08:57:31+00:00","og_image":[{"width":800,"height":800,"url":"https:\/\/ironsky.pl\/sklep\/wp-content\/uploads\/2025\/06\/50039_1.webp","type":"image\/webp"}],"twitter_card":"summary_large_image","twitter_misc":{"Szacowany czas czytania":"5 minut"},"schema":{"@context":"https:\/\/schema.org","@graph":[{"@type":"WebPage","@id":"https:\/\/ironsky.pl\/sklep\/produkt\/robot-koszacy-dreame-a2-2\/","url":"https:\/\/ironsky.pl\/sklep\/produkt\/robot-koszacy-dreame-a2-2\/","name":"Robot kosz\u0105cy Dreame A2 - IRONSKY.PL Sklep z Dronami","isPartOf":{"@id":"https:\/\/ironsky.pl\/sklep\/#website"},"primaryImageOfPage":{"@id":"https:\/\/ironsky.pl\/sklep\/produkt\/robot-koszacy-dreame-a2-2\/#primaryimage"},"image":{"@id":"https:\/\/ironsky.pl\/sklep\/produkt\/robot-koszacy-dreame-a2-2\/#primaryimage"},"thumbnailUrl":"https:\/\/ironsky.pl\/sklep\/wp-content\/uploads\/2025\/06\/50039_1.webp","datePublished":"2026-04-15T08:57:26+00:00","dateModified":"2026-04-15T08:57:31+00:00","description":"Robot kosz\u0105cy Dreame A2 - \u2705 sklep z dronami i fachowym doradztwem. \u2705 Tutaj kupisz produkty DJI, Yuneec, Parrot, Syma i wiele innych, a tak\u017ce kursy i licencje na operatora drona.","breadcrumb":{"@id":"https:\/\/ironsky.pl\/sklep\/produkt\/robot-koszacy-dreame-a2-2\/#breadcrumb"},"inLanguage":"pl-PL","potentialAction":[{"@type":"ReadAction","target":["https:\/\/ironsky.pl\/sklep\/produkt\/robot-koszacy-dreame-a2-2\/"]}]},{"@type":"ImageObject","inLanguage":"pl-PL","@id":"https:\/\/ironsky.pl\/sklep\/produkt\/robot-koszacy-dreame-a2-2\/#primaryimage","url":"https:\/\/ironsky.pl\/sklep\/wp-content\/uploads\/2025\/06\/50039_1.webp","contentUrl":"https:\/\/ironsky.pl\/sklep\/wp-content\/uploads\/2025\/06\/50039_1.webp","width":800,"height":800},{"@type":"BreadcrumbList","@id":"https:\/\/ironsky.pl\/sklep\/produkt\/robot-koszacy-dreame-a2-2\/#breadcrumb","itemListElement":[{"@type":"ListItem","position":1,"name":"Strona g\u0142\u00f3wna","item":"https:\/\/ironsky.pl\/sklep\/"},{"@type":"ListItem","position":2,"name":"Wszystkie produkty","item":"https:\/\/ironsky.pl\/sklep\/produkty\/"},{"@type":"ListItem","position":3,"name":"Robot kosz\u0105cy Dreame A2"}]},{"@type":"WebSite","@id":"https:\/\/ironsky.pl\/sklep\/#website","url":"https:\/\/ironsky.pl\/sklep\/","name":"IRONSKY.PL Sklep z Dronami","description":"IRONSKY.PL Sklep z Dronami","potentialAction":[{"@type":"SearchAction","target":{"@type":"EntryPoint","urlTemplate":"https:\/\/ironsky.pl\/sklep\/?s={search_term_string}"},"query-input":{"@type":"PropertyValueSpecification","valueRequired":true,"valueName":"search_term_string"}}],"inLanguage":"pl-PL"}]}},"_links":{"self":[{"href":"https:\/\/ironsky.pl\/sklep\/wp-json\/wp\/v2\/product\/60187","targetHints":{"allow":["GET"]}}],"collection":[{"href":"https:\/\/ironsky.pl\/sklep\/wp-json\/wp\/v2\/product"}],"about":[{"href":"https:\/\/ironsky.pl\/sklep\/wp-json\/wp\/v2\/types\/product"}],"replies":[{"embeddable":true,"href":"https:\/\/ironsky.pl\/sklep\/wp-json\/wp\/v2\/comments?post=60187"}],"wp:featuredmedia":[{"embeddable":true,"href":"https:\/\/ironsky.pl\/sklep\/wp-json\/wp\/v2\/media\/46932"}],"wp:attachment":[{"href":"https:\/\/ironsky.pl\/sklep\/wp-json\/wp\/v2\/media?parent=60187"}],"wp:term":[{"taxonomy":"product_brand","embeddable":true,"href":"https:\/\/ironsky.pl\/sklep\/wp-json\/wp\/v2\/product_brand?post=60187"},{"taxonomy":"product_cat","embeddable":true,"href":"https:\/\/ironsky.pl\/sklep\/wp-json\/wp\/v2\/product_cat?post=60187"},{"taxonomy":"product_tag","embeddable":true,"href":"https:\/\/ironsky.pl\/sklep\/wp-json\/wp\/v2\/product_tag?post=60187"}],"curies":[{"name":"wp","href":"https:\/\/api.w.org\/{rel}","templated":true}]}}