{"id":60186,"date":"2026-04-15T10:57:26","date_gmt":"2026-04-15T08:57:26","guid":{"rendered":"https:\/\/ironsky.pl\/sklep\/produkt\/robot-koszacy-mova-1000-2\/"},"modified":"2026-04-15T10:57:30","modified_gmt":"2026-04-15T08:57:30","slug":"robot-koszacy-mova-1000-2","status":"publish","type":"product","link":"https:\/\/ironsky.pl\/sklep\/produkt\/robot-koszacy-mova-1000-2\/","title":{"rendered":"Robot kosz\u0105cy MOVA 1000"},"content":{"rendered":"<h3>Robot Kosz\u0105cy MOVA 1000<\/h3>\n<p>Dbanie o ogr\u00f3d nigdy nie by\u0142o \u0142atwiejsze! Robot kosz\u0105cy MOVA 1000 \u0142\u0105czy inteligentne technologe z prostot\u0105 obs\u0142ugi. Gwarantuje perfekcyjn\u0105 piel\u0119gnacj\u0119 trawnika przy minimalnym wysi\u0142ku z Twojej strony. Wyposa\u017cony w technologi\u0119 UltraView\u2122, system mapowania 3D LiDAR oraz terenowe ko\u0142a, MOVA 1000 oferuje niezwyk\u0142\u0105 precyzj\u0119 i efektywno\u015b\u0107 koszenia. Obs\u0142uguje wielostrefowe zarz\u0105dzanie, zdalne sterowanie przez aplikacj\u0119 MOVAHome oraz personalizacj\u0119 tryb\u00f3w i wzor\u00f3w koszenia. Dzi\u0119ki wodoodporno\u015bci IPX6, cichej pracy poni\u017cej 60 dB i funkcji automatycznego \u0142adowania jest idealnym rozwi\u0105zaniem dla w\u0142a\u015bcicieli ogrod\u00f3w o powierzchni do 1000 m\u00b2. MOVA 1000 zadba o Tw\u00f3j trawnik w ka\u017cdych warunkach pogodowych, oszcz\u0119dzaj\u0105c Tw\u00f3j czas i energi\u0119, a jednocze\u015bnie dbaj\u0105c o \u015brodowisko dzi\u0119ki bezemisyjnej pracy. <\/p>\n<p>\n<img decoding=\"async\" src=\"https:\/\/assets.innpro.pl\/12471\/14918\/18.jpg\" border=\"0\" alt=\"Robot kosz\u0105cy omija par\u0119 siedz\u0105c\u0105 na trawie, skanuj\u0105c przestrze\u0144 przed sob\u0105 niebiesk\u0105 wi\u0105zk\u0105 \u015bwiat\u0142a\" \/>\n<\/p>\n<h3>UltraView\u2122 \u2013 doskona\u0142o\u015b\u0107 w ka\u017cdej sytuacji<\/h3>\n<p>MOVA 1000 zosta\u0142 wyposa\u017cony w system UltraView\u2122, kt\u00f3ry umo\u017cliwia kompleksow\u0105 analiz\u0119 otoczenia w czasie rzeczywistym. Dzi\u0119ki szerokiemu k\u0105towi widzenia (360\u00b0 x 59\u00b0) i zasi\u0119gowi detekcji wynosz\u0105cemu 30 metr\u00f3w robot generuje niezwykle precyzyjne mapy 3D. To oznacza, \u017ce z \u0142atwo\u015bci\u0105 omija przeszkody, unika stref wy\u0142\u0105czonych z koszenia oraz dzia\u0142a niezawodnie nawet w trudnych warunkach, takich jak niskie o\u015bwietlenie czy nachylenie terenu do 45%.<\/p>\n<p>\n<img decoding=\"async\" src=\"https:\/\/assets.innpro.pl\/12471\/14918\/7.jpg\" border=\"0\" alt=\"Robot kosz\u0105cy pracuje na \u015brodku trawnika pod du\u017c\u0105 kopu\u0142\u0105 ochronn\u0105 zaznaczon\u0105 niebiesk\u0105 siatk\u0105\" \/>\n<\/p>\n<h3>Wytrzyma\u0142e ko\u0142a terenowe<\/h3>\n<p>Solidne, terenowe ko\u0142a robota zapewniaj\u0105 doskona\u0142\u0105 przyczepno\u015b\u0107 zar\u00f3wno na pochy\u0142o\u015bciach, jak i na p\u0142askim terenie. Dzi\u0119ki temu ryzyko po\u015blizgni\u0119cia jest zminimalizowane, co nie tylko zwi\u0119ksza efektywno\u015b\u0107 pracy, ale tak\u017ce chroni sam trawnik przed uszkodzeniami. Zaawansowana konstrukcja k\u00f3\u0142 redukuje nacisk na pod\u0142o\u017ce, sprawiaj\u0105c, \u017ce koszenie jest \u0142agodniejsze dla trawy, a efekty ko\u0144cowe \u2013 bardziej precyzyjne. To idealne rozwi\u0105zanie dla w\u0142a\u015bcicieli nier\u00f3wnych teren\u00f3w, kt\u00f3rzy szukaj\u0105 niezawodno\u015bci i najwy\u017cszej jako\u015bci piel\u0119gnacji ogrodu.<\/p>\n<p>\n<img decoding=\"async\" src=\"https:\/\/assets.innpro.pl\/12471\/14918\/20.jpg\" border=\"0\" alt=\"Robot kosz\u0105cy z du\u017cymi ko\u0142ami pewnie pokonuje strome, zielone wzniesienie w ogrodzie\" \/>\n<\/p>\n<h3>Bez kabli, bez zb\u0119dnych komplikacji<\/h3>\n<p>Zapomnij o skomplikowanej instalacji przewod\u00f3w czy kosztownych dodatkowych elementach odgradzaj\u0105cych. MOVA umo\u017cliwia szybkie wyznaczanie wirtualnych granic oraz zarz\u0105dzanie strefami koszenia za pomoc\u0105 intuicyjnej aplikacji MOVAHome. Mo\u017cesz stworzy\u0107 wielostrefowe mapy, ustawi\u0107 harmonogramy pracy i wykluczy\u0107 obszary, kt\u00f3re robot ma omija\u0107, takie jak place zabaw, oczka wodne czy rabaty kwiatowe.<\/p>\n<p>\n<img decoding=\"async\" src=\"https:\/\/assets.innpro.pl\/12471\/14918\/1.jpg\" border=\"0\" alt=\"Robot kosz\u0105cy wykrywa st\u00f3\u0142 i omija go, sygnalizuj\u0105c przeszkod\u0119 niebieskim \u015bwiat\u0142em i czerwon\u0105 po\u015bwiat\u0105\" \/>\n<\/p>\n<h3>Precyzja w ka\u017cdym szczeg\u00f3le<\/h3>\n<p>Dzi\u0119ki zastosowaniu systematycznego planowania \u015bcie\u017cek w kszta\u0142cie litery \u201eU\u201d robot MOVA kosi r\u00f3wnomiernie i efektywnie, redukuj\u0105c obszary pomini\u0119te. Mo\u017cesz dostosowa\u0107 wysoko\u015b\u0107 ci\u0119cia w zakresie od 2 do 6 cm, a tak\u017ce wybra\u0107 spo\u015br\u00f3d kilku tryb\u00f3w pracy: koszenie ca\u0142ego obszaru, strefowe, kraw\u0119dziowe, punktowe lub manualne.<\/p>\n<p>\n<img decoding=\"async\" src=\"https:\/\/assets.innpro.pl\/12471\/14918\/3.jpg\" border=\"0\" alt=\"Widok z g\u00f3ry na robota kosz\u0105cego, kt\u00f3ry wraca do stacji dokuj\u0105cej w celu na\u0142adowania akumulatora\" \/>\n<\/p>\n<h3>Idealne rozwi\u0105zanie dla du\u017cych przestrzeni<\/h3>\n<p>MOVA 1000 obs\u0142uguje funkcj\u0119 Dual-Map, kt\u00f3ra pozwala na zarz\u0105dzanie dwiema r\u00f3\u017cnymi przestrzeniami, na przyk\u0142ad przednim i tylnym ogrodem. Mo\u017cesz ustawi\u0107 r\u00f3\u017cne parametry pracy dla ka\u017cdej z tych stref, co czyni MOVA idealnym wyborem dla w\u0142a\u015bcicieli wi\u0119kszych posesji lub nieruchomo\u015bci wielozadaniowych.<\/p>\n<p>\n<img decoding=\"async\" src=\"https:\/\/assets.innpro.pl\/12471\/14918\/5.jpg\" border=\"0\" alt=\"Trzy roboty kosz\u0105ce pracuj\u0105 jednocze\u015bnie w du\u017cym ogrodzie, ka\u017cdy w swoim wyznaczonym obszarze\" \/>\n<\/p>\n<h3>Bezpiecze\u0144stwo i niezawodno\u015b\u0107<\/h3>\n<p>Zaawansowane algorytmy i czujniki ruchu dbaj\u0105 o bezpiecze\u0144stwo podczas pracy. MOVA 1000 automatycznie omija przeszkody, wykrywaj\u0105c obiekty, zwierz\u0119ta i ludzi, co zapewnia spokojn\u0105 prac\u0119 w ogrodzie. Dodatkowo funkcja alarmu aktywuje si\u0119 w momencie podniesienia urz\u0105dzenia, a powiadomienia s\u0105 wysy\u0142ane na Tw\u00f3j telefon, co chroni robota przed kradzie\u017c\u0105.<\/p>\n<p>\n<img decoding=\"async\" src=\"https:\/\/assets.innpro.pl\/12471\/14918\/13.jpg\" border=\"0\" alt=\"M\u0119\u017cczyzna trzyma szarego robota kosz\u0105cego, pokazuj\u0105c jego solidn\u0105 konstrukcj\u0119 oraz bie\u017cnik k\u00f3\u0142\" \/>\n<\/p>\n<h3>Cicha praca w zgodzie ze \u015brodowiskiem<\/h3>\n<p>MOVA 1000 pracuje wyj\u0105tkowo cicho \u2013 poni\u017cej 60 dB, dzi\u0119ki czemu nie zak\u0142\u00f3ca spokoju podczas relaksu w ogrodzie. Co wi\u0119cej, jako urz\u0105dzenie zasilane akumulatorem nie emituje dwutlenku w\u0119gla, czyni\u0105c koszenie bardziej przyjaznym dla \u015brodowiska.<\/p>\n<p>\n<img decoding=\"async\" src=\"https:\/\/assets.innpro.pl\/12471\/14918\/10.jpg\" border=\"0\" alt=\"Robot kosz\u0105cy pracuje na zadbanym trawniku, podczas gdy w tle kobieta czyta ksi\u0105\u017ck\u0119 na \u0142awce\" \/>\n<\/p>\n<h3>Odporno\u015b\u0107 na deszcz i szybkie \u0142adowanie<\/h3>\n<p>Dzi\u0119ki wodoodpornej konstrukcji IPX6 robotowi nie grozi kontakt z wod\u0105 i jest on \u0142atwy w czyszczeniu. Czujniki deszczu powoduj\u0105, \u017ce urz\u0105dzenie automatycznie wraca do stacji dokuj\u0105cej podczas opad\u00f3w, a nast\u0119pnie wznawia koszenie, gdy warunki pogodowe si\u0119 poprawi\u0105. Kiedy poziom energii spada poni\u017cej 15%, robot automatycznie wraca do stacji dokuj\u0105cej, aby si\u0119 na\u0142adowa\u0107, a nast\u0119pnie kontynuuje prac\u0119 od miejsca, w kt\u00f3rym przerwa\u0142. MOVA 1000 w zaledwie 40 minut \u0142aduje si\u0119 do poziomu 90%, wi\u0119c b\u0142yskawicznie wr\u00f3ci do pracy, by zadba\u0107 o Tw\u00f3j ogr\u00f3d.<\/p>\n<p>\n<img decoding=\"async\" src=\"https:\/\/assets.innpro.pl\/12471\/14918\/11.jpg\" border=\"0\" alt=\"M\u0119\u017cczyzna myje sp\u00f3d robota kosz\u0105cego strumieniem wody z w\u0119\u017ca ogrodowego na trawniku\" \/>\n<\/p>\n<h3>Dopasowany do Twoich potrzeb<\/h3>\n<p>O\u017cyw sw\u00f3j trawnik, korzystaj\u0105c z funkcji personalizacji wzor\u00f3w w aplikacji! MOVA 1000 pozwala tworzy\u0107 unikalne wzory koszenia, takie jak serca czy litery. Co wi\u0119cej, z poziomu telefonu mo\u017cesz dostosowa\u0107 harmonogramy koszenia do sezonowych zmian wzrostu trawy, tworz\u0105c spersonalizowany plan na sezon wiosna-lato i jesie\u0144-zima. Tw\u00f3j trawnik nigdy nie wygl\u0105da\u0142 lepiej!<\/p>\n<p>\n<img decoding=\"async\" src=\"https:\/\/assets.innpro.pl\/12471\/14918\/15.jpg\" border=\"0\" alt=\"Pi\u0119\u0107 ekran\u00f3w smartfona prezentuje funkcje aplikacji do zarz\u0105dzania prac\u0105 i konserwacj\u0105 robota\" \/>\n<\/p>\n<h3>Zawarto\u015b\u0107 zestawu<\/h3>\n<ul class=\"list-disc pl-5\">\n<li>Ochronna os\u0142ona LiDAR x 1<\/li>\n<li>Robot kosz\u0105cy MOVA 1000 x 1<\/li>\n<li>Wie\u017ca \u0142aduj\u0105ca (z kablem przed\u0142u\u017caj\u0105cym o d\u0142ugo\u015bci 10 m) x 1<\/li>\n<li>P\u0142yta bazowa x 1<\/li>\n<li>Zasilacz 3A\/1.5A x 1<\/li>\n<li>Szczotka czyszcz\u0105ca x 1<\/li>\n<li>\u015aruby (8 sztuk) oraz klucz imbusowy \u2013 1 zestaw<\/li>\n<li>Zestawy zapasowych ostrzy\u00a0<\/li>\n<li>Instrukcja obs\u0142ugi x 1<\/li>\n<li>\u015aciereczka bezpy\u0142owa x 1<\/li>\n<li>Skr\u00f3cona instrukcja obs\u0142ugi<\/li>\n<\/ul>\n<div class=\"table-wrapper\">\n<p>\u00a0<\/p>\n<h3><\/h3>\n<table>\n<tbody>\n<tr>\n<th>Producent<\/th>\n<td>MOVA by Dreame<\/td>\n<\/tr>\n<tr>\n<th>Model<\/th>\n<td>MOVA 1000<\/td>\n<\/tr>\n<tr>\n<th>Ustawianie granic<\/th>\n<td>Bezprzewodowe<\/td>\n<\/tr>\n<tr>\n<th>Nawigacja, pozycjonowanie i unikanie przeszk\u00f3d<\/th>\n<td>Ultra View Environmental Sensing Technology, 3D Lidar <\/td>\n<\/tr>\n<tr>\n<th>Maksymalna obs\u0142ugiwana powierzchnia<\/th>\n<td>1000 m\u00b2<\/td>\n<\/tr>\n<tr>\n<th>Wydajno\u015b\u0107 koszenia<\/th>\n<td>tryb standardowy: 800m\u00b2 \/ 24h; tryb wydajny: 1000m\u00b2 \/ 24h<\/td>\n<\/tr>\n<tr>\n<th>Tryby pracy<\/th>\n<td>6 tryb\u00f3w pracy<\/td>\n<\/tr>\n<tr>\n<th>Ci\u0105g\u0142o\u015b\u0107 koszenia<\/th>\n<td>TAK<\/td>\n<\/tr>\n<tr>\n<th>Ostrze<\/th>\n<td>20 cm szrokie i 2-6 cm wysokie<\/td>\n<\/tr>\n<tr>\n<th>Regulacja wysoko\u015bci koszenia<\/th>\n<td>2-6 cm<\/td>\n<\/tr>\n<tr>\n<th>Maksymalne nachylenie <\/th>\n<td>45%<\/td>\n<\/tr>\n<tr>\n<th>Akumulator<\/th>\n<td>2,5 Ah<\/td>\n<\/tr>\n<tr>\n<th>Nat\u0119\u017cenie pr\u0105du \u0142adowania<\/th>\n<td>3 A<\/td>\n<\/tr>\n<tr>\n<th>System operacyjny<\/th>\n<td>Klawiatura i aplikacja<\/td>\n<\/tr>\n<tr>\n<th>Wska\u017anik odporno\u015bci<\/th>\n<td>Wodoodporny &#8211; IPX6<\/td>\n<\/tr>\n<tr>\n<th>Funkcje<\/th>\n<td>Animal Freindly Mode, Nighttime Low-Speed Safety Mode, Animal Activity Zones, Do Not Disturb Mode <\/td>\n<\/tr>\n<\/tbody>\n<\/table>\n<\/div>\n","protected":false},"excerpt":{"rendered":"<p>Robot Kosz\u0105cy MOVA 1000 Dbanie o ogr\u00f3d nigdy nie by\u0142o \u0142atwiejsze! Robot kosz\u0105cy MOVA 1000 \u0142\u0105czy inteligentne technologe z prostot\u0105<\/p>\n","protected":false},"featured_media":46925,"comment_status":"closed","ping_status":"open","template":"","meta":{"_acf_changed":false},"product_brand":[],"product_cat":[5937,5970],"product_tag":[],"class_list":{"0":"post-60186","1":"product","2":"type-product","3":"status-publish","4":"has-post-thumbnail","6":"product_cat-outdoor","7":"product_cat-pozostale-outdoor","8":"pa_okres-gwarancji-5775","9":"pa_producent-mova","11":"first","12":"outofstock","13":"taxable","14":"shipping-taxable","15":"purchasable","16":"product-type-simple"},"acf":[],"yoast_head":"<!-- This site is optimized with the Yoast SEO plugin v27.2 - https:\/\/yoast.com\/product\/yoast-seo-wordpress\/ -->\n<title>Robot kosz\u0105cy MOVA 1000 - IRONSKY.PL Sklep z Dronami<\/title>\n<meta name=\"description\" content=\"Robot kosz\u0105cy MOVA 1000 - \u2705 sklep z dronami i fachowym doradztwem. \u2705 Tutaj kupisz produkty DJI, Yuneec, Parrot, Syma i wiele innych, a tak\u017ce kursy i licencje na operatora drona.\" \/>\n<meta name=\"robots\" content=\"index, follow, max-snippet:-1, max-image-preview:large, max-video-preview:-1\" \/>\n<link rel=\"canonical\" href=\"https:\/\/ironsky.pl\/sklep\/produkt\/robot-koszacy-mova-1000-2\/\" \/>\n<meta property=\"og:locale\" content=\"pl_PL\" \/>\n<meta property=\"og:type\" content=\"article\" \/>\n<meta property=\"og:title\" content=\"Robot kosz\u0105cy MOVA 1000 - IRONSKY.PL Sklep z Dronami\" \/>\n<meta property=\"og:description\" content=\"Robot kosz\u0105cy MOVA 1000 - \u2705 sklep z dronami i fachowym doradztwem. \u2705 Tutaj kupisz produkty DJI, Yuneec, Parrot, Syma i wiele innych, a tak\u017ce kursy i licencje na operatora drona.\" \/>\n<meta property=\"og:url\" content=\"https:\/\/ironsky.pl\/sklep\/produkt\/robot-koszacy-mova-1000-2\/\" \/>\n<meta property=\"og:site_name\" content=\"IRONSKY.PL Sklep z Dronami\" \/>\n<meta property=\"article:modified_time\" content=\"2026-04-15T08:57:30+00:00\" \/>\n<meta property=\"og:image\" content=\"https:\/\/ironsky.pl\/sklep\/wp-content\/uploads\/2025\/06\/50038_1.jpg\" \/>\n\t<meta property=\"og:image:width\" content=\"800\" \/>\n\t<meta property=\"og:image:height\" content=\"800\" \/>\n\t<meta property=\"og:image:type\" content=\"image\/jpeg\" \/>\n<meta name=\"twitter:card\" content=\"summary_large_image\" \/>\n<meta name=\"twitter:label1\" content=\"Szacowany czas czytania\" \/>\n\t<meta name=\"twitter:data1\" content=\"4 minuty\" \/>\n<script type=\"application\/ld+json\" class=\"yoast-schema-graph\">{\"@context\":\"https:\/\/schema.org\",\"@graph\":[{\"@type\":\"WebPage\",\"@id\":\"https:\/\/ironsky.pl\/sklep\/produkt\/robot-koszacy-mova-1000-2\/\",\"url\":\"https:\/\/ironsky.pl\/sklep\/produkt\/robot-koszacy-mova-1000-2\/\",\"name\":\"Robot kosz\u0105cy MOVA 1000 - IRONSKY.PL Sklep z Dronami\",\"isPartOf\":{\"@id\":\"https:\/\/ironsky.pl\/sklep\/#website\"},\"primaryImageOfPage\":{\"@id\":\"https:\/\/ironsky.pl\/sklep\/produkt\/robot-koszacy-mova-1000-2\/#primaryimage\"},\"image\":{\"@id\":\"https:\/\/ironsky.pl\/sklep\/produkt\/robot-koszacy-mova-1000-2\/#primaryimage\"},\"thumbnailUrl\":\"https:\/\/ironsky.pl\/sklep\/wp-content\/uploads\/2025\/06\/50038_1.jpg\",\"datePublished\":\"2026-04-15T08:57:26+00:00\",\"dateModified\":\"2026-04-15T08:57:30+00:00\",\"description\":\"Robot kosz\u0105cy MOVA 1000 - \u2705 sklep z dronami i fachowym doradztwem. \u2705 Tutaj kupisz produkty DJI, Yuneec, Parrot, Syma i wiele innych, a tak\u017ce kursy i licencje na operatora drona.\",\"breadcrumb\":{\"@id\":\"https:\/\/ironsky.pl\/sklep\/produkt\/robot-koszacy-mova-1000-2\/#breadcrumb\"},\"inLanguage\":\"pl-PL\",\"potentialAction\":[{\"@type\":\"ReadAction\",\"target\":[\"https:\/\/ironsky.pl\/sklep\/produkt\/robot-koszacy-mova-1000-2\/\"]}]},{\"@type\":\"ImageObject\",\"inLanguage\":\"pl-PL\",\"@id\":\"https:\/\/ironsky.pl\/sklep\/produkt\/robot-koszacy-mova-1000-2\/#primaryimage\",\"url\":\"https:\/\/ironsky.pl\/sklep\/wp-content\/uploads\/2025\/06\/50038_1.jpg\",\"contentUrl\":\"https:\/\/ironsky.pl\/sklep\/wp-content\/uploads\/2025\/06\/50038_1.jpg\",\"width\":800,\"height\":800},{\"@type\":\"BreadcrumbList\",\"@id\":\"https:\/\/ironsky.pl\/sklep\/produkt\/robot-koszacy-mova-1000-2\/#breadcrumb\",\"itemListElement\":[{\"@type\":\"ListItem\",\"position\":1,\"name\":\"Strona g\u0142\u00f3wna\",\"item\":\"https:\/\/ironsky.pl\/sklep\/\"},{\"@type\":\"ListItem\",\"position\":2,\"name\":\"Wszystkie produkty\",\"item\":\"https:\/\/ironsky.pl\/sklep\/produkty\/\"},{\"@type\":\"ListItem\",\"position\":3,\"name\":\"Robot kosz\u0105cy MOVA 1000\"}]},{\"@type\":\"WebSite\",\"@id\":\"https:\/\/ironsky.pl\/sklep\/#website\",\"url\":\"https:\/\/ironsky.pl\/sklep\/\",\"name\":\"IRONSKY.PL Sklep z Dronami\",\"description\":\"IRONSKY.PL Sklep z Dronami\",\"potentialAction\":[{\"@type\":\"SearchAction\",\"target\":{\"@type\":\"EntryPoint\",\"urlTemplate\":\"https:\/\/ironsky.pl\/sklep\/?s={search_term_string}\"},\"query-input\":{\"@type\":\"PropertyValueSpecification\",\"valueRequired\":true,\"valueName\":\"search_term_string\"}}],\"inLanguage\":\"pl-PL\"}]}<\/script>\n<!-- \/ Yoast SEO plugin. -->","yoast_head_json":{"title":"Robot kosz\u0105cy MOVA 1000 - IRONSKY.PL Sklep z Dronami","description":"Robot kosz\u0105cy MOVA 1000 - \u2705 sklep z dronami i fachowym doradztwem. \u2705 Tutaj kupisz produkty DJI, Yuneec, Parrot, Syma i wiele innych, a tak\u017ce kursy i licencje na operatora drona.","robots":{"index":"index","follow":"follow","max-snippet":"max-snippet:-1","max-image-preview":"max-image-preview:large","max-video-preview":"max-video-preview:-1"},"canonical":"https:\/\/ironsky.pl\/sklep\/produkt\/robot-koszacy-mova-1000-2\/","og_locale":"pl_PL","og_type":"article","og_title":"Robot kosz\u0105cy MOVA 1000 - IRONSKY.PL Sklep z Dronami","og_description":"Robot kosz\u0105cy MOVA 1000 - \u2705 sklep z dronami i fachowym doradztwem. \u2705 Tutaj kupisz produkty DJI, Yuneec, Parrot, Syma i wiele innych, a tak\u017ce kursy i licencje na operatora drona.","og_url":"https:\/\/ironsky.pl\/sklep\/produkt\/robot-koszacy-mova-1000-2\/","og_site_name":"IRONSKY.PL Sklep z Dronami","article_modified_time":"2026-04-15T08:57:30+00:00","og_image":[{"width":800,"height":800,"url":"https:\/\/ironsky.pl\/sklep\/wp-content\/uploads\/2025\/06\/50038_1.jpg","type":"image\/jpeg"}],"twitter_card":"summary_large_image","twitter_misc":{"Szacowany czas czytania":"4 minuty"},"schema":{"@context":"https:\/\/schema.org","@graph":[{"@type":"WebPage","@id":"https:\/\/ironsky.pl\/sklep\/produkt\/robot-koszacy-mova-1000-2\/","url":"https:\/\/ironsky.pl\/sklep\/produkt\/robot-koszacy-mova-1000-2\/","name":"Robot kosz\u0105cy MOVA 1000 - IRONSKY.PL Sklep z Dronami","isPartOf":{"@id":"https:\/\/ironsky.pl\/sklep\/#website"},"primaryImageOfPage":{"@id":"https:\/\/ironsky.pl\/sklep\/produkt\/robot-koszacy-mova-1000-2\/#primaryimage"},"image":{"@id":"https:\/\/ironsky.pl\/sklep\/produkt\/robot-koszacy-mova-1000-2\/#primaryimage"},"thumbnailUrl":"https:\/\/ironsky.pl\/sklep\/wp-content\/uploads\/2025\/06\/50038_1.jpg","datePublished":"2026-04-15T08:57:26+00:00","dateModified":"2026-04-15T08:57:30+00:00","description":"Robot kosz\u0105cy MOVA 1000 - \u2705 sklep z dronami i fachowym doradztwem. \u2705 Tutaj kupisz produkty DJI, Yuneec, Parrot, Syma i wiele innych, a tak\u017ce kursy i licencje na operatora drona.","breadcrumb":{"@id":"https:\/\/ironsky.pl\/sklep\/produkt\/robot-koszacy-mova-1000-2\/#breadcrumb"},"inLanguage":"pl-PL","potentialAction":[{"@type":"ReadAction","target":["https:\/\/ironsky.pl\/sklep\/produkt\/robot-koszacy-mova-1000-2\/"]}]},{"@type":"ImageObject","inLanguage":"pl-PL","@id":"https:\/\/ironsky.pl\/sklep\/produkt\/robot-koszacy-mova-1000-2\/#primaryimage","url":"https:\/\/ironsky.pl\/sklep\/wp-content\/uploads\/2025\/06\/50038_1.jpg","contentUrl":"https:\/\/ironsky.pl\/sklep\/wp-content\/uploads\/2025\/06\/50038_1.jpg","width":800,"height":800},{"@type":"BreadcrumbList","@id":"https:\/\/ironsky.pl\/sklep\/produkt\/robot-koszacy-mova-1000-2\/#breadcrumb","itemListElement":[{"@type":"ListItem","position":1,"name":"Strona g\u0142\u00f3wna","item":"https:\/\/ironsky.pl\/sklep\/"},{"@type":"ListItem","position":2,"name":"Wszystkie produkty","item":"https:\/\/ironsky.pl\/sklep\/produkty\/"},{"@type":"ListItem","position":3,"name":"Robot kosz\u0105cy MOVA 1000"}]},{"@type":"WebSite","@id":"https:\/\/ironsky.pl\/sklep\/#website","url":"https:\/\/ironsky.pl\/sklep\/","name":"IRONSKY.PL Sklep z Dronami","description":"IRONSKY.PL Sklep z Dronami","potentialAction":[{"@type":"SearchAction","target":{"@type":"EntryPoint","urlTemplate":"https:\/\/ironsky.pl\/sklep\/?s={search_term_string}"},"query-input":{"@type":"PropertyValueSpecification","valueRequired":true,"valueName":"search_term_string"}}],"inLanguage":"pl-PL"}]}},"_links":{"self":[{"href":"https:\/\/ironsky.pl\/sklep\/wp-json\/wp\/v2\/product\/60186","targetHints":{"allow":["GET"]}}],"collection":[{"href":"https:\/\/ironsky.pl\/sklep\/wp-json\/wp\/v2\/product"}],"about":[{"href":"https:\/\/ironsky.pl\/sklep\/wp-json\/wp\/v2\/types\/product"}],"replies":[{"embeddable":true,"href":"https:\/\/ironsky.pl\/sklep\/wp-json\/wp\/v2\/comments?post=60186"}],"wp:featuredmedia":[{"embeddable":true,"href":"https:\/\/ironsky.pl\/sklep\/wp-json\/wp\/v2\/media\/46925"}],"wp:attachment":[{"href":"https:\/\/ironsky.pl\/sklep\/wp-json\/wp\/v2\/media?parent=60186"}],"wp:term":[{"taxonomy":"product_brand","embeddable":true,"href":"https:\/\/ironsky.pl\/sklep\/wp-json\/wp\/v2\/product_brand?post=60186"},{"taxonomy":"product_cat","embeddable":true,"href":"https:\/\/ironsky.pl\/sklep\/wp-json\/wp\/v2\/product_cat?post=60186"},{"taxonomy":"product_tag","embeddable":true,"href":"https:\/\/ironsky.pl\/sklep\/wp-json\/wp\/v2\/product_tag?post=60186"}],"curies":[{"name":"wp","href":"https:\/\/api.w.org\/{rel}","templated":true}]}}