{"id":60183,"date":"2026-04-15T10:57:26","date_gmt":"2026-04-15T08:57:26","guid":{"rendered":"https:\/\/ironsky.pl\/sklep\/produkt\/robot-koszacy-dreame-a1-pro-2\/"},"modified":"2026-04-15T10:57:27","modified_gmt":"2026-04-15T08:57:27","slug":"robot-koszacy-dreame-a1-pro-2","status":"publish","type":"product","link":"https:\/\/ironsky.pl\/sklep\/produkt\/robot-koszacy-dreame-a1-pro-2\/","title":{"rendered":"Robot kosz\u0105cy DREAME A1 Pro"},"content":{"rendered":"<h3>Robot kosz\u0105cy Dreame A1 Pro<\/h3>\n<p>Dreame A1 Pro to zaawansowany robot kosz\u0105cy, kt\u00f3ry wyznacza nowe standardy w piel\u0119gnacji trawnik\u00f3w dzi\u0119ki zastosowaniu technologii OmniSense\u2122. Urz\u0105dzenie oferuje precyzyjne planowanie \u015bcie\u017cek w kszta\u0142cie litery U, bezprzewodow\u0105 konfiguracj\u0119 granic oraz intuicyjn\u0105 kontrol\u0119 z poziomu aplikacji Dreamehome, zapewniaj\u0105c wyj\u0105tkow\u0105 wydajno\u015b\u0107 i wygod\u0119. Dzi\u0119ki mo\u017cliwo\u015bci pracy na obszarze do 2000 m\u00b2 oraz systemowi wykrywania i omijania przeszk\u00f3d w technologii 3D robot gwarantuje r\u00f3wnomierne i bezpieczne koszenie nawet w trudnych warunkach terenowych.<\/p>\n<p><img decoding=\"async\" src=\"https:\/\/assets.innpro.pl\/12468\/14910\/5.jpg\" border=\"0\" alt=\"\" \/><\/p>\n<h3>Precyzyjna nawigacja<\/h3>\n<p>Dzi\u0119ki technologii OmniSense\u2122 robot kosz\u0105cy Dreame A1 Pro \u0142atwo radzi sobie z przeszkodami i z\u0142o\u017conym ukszta\u0142towaniem terenu. Wysokiej rozdzielczo\u015bci czujniki LiDAR pozwalaj\u0105 na detekcj\u0119 obiekt\u00f3w z odleg\u0142o\u015bci do 70 m, a szeroki k\u0105t widzenia wynosz\u0105cy 360\u00b0 x 59\u00b0 gwarantuje pe\u0142n\u0105 kontrol\u0119 nad otoczeniem.<\/p>\n<p><img decoding=\"async\" src=\"https:\/\/assets.innpro.pl\/12468\/14910\/11.jpg\" border=\"0\" alt=\"\" \/><\/p>\n<h3>Bezprzewodowe wyznaczanie granic<\/h3>\n<p>Zapomnij o skomplikowanych instalacjach i konieczno\u015bci r\u0119cznego rozstawiania przewod\u00f3w ograniczaj\u0105cych. Dreame A1 Pro oferuje bezprzewodowe ustalanie stref pracy, co pozwala na szybkie i \u0142atwe dostosowanie obszar\u00f3w koszenia w zale\u017cno\u015bci od wielko\u015bci i kszta\u0142tu Twojego trawnika \u2013 wystarczy skorzysta\u0107 z aplikacji Dreamehome.<\/p>\n<p><img decoding=\"async\" src=\"https:\/\/assets.innpro.pl\/12468\/14910\/2.jpg\" border=\"0\" alt=\"\" \/><\/p>\n<h3>Obs\u0142uga przy u\u017cyciu aplikacji<\/h3>\n<p>Aplikacja Dreamehome umo\u017cliwia zdalne sterowanie robotem. Dzi\u0119ki niej mo\u017cna edytowa\u0107 mapy ogrodu, tworzy\u0107 harmonogramy koszenia, wybiera\u0107 tryby pracy, regulowa\u0107 wysoko\u015b\u0107 koszenia, monitorowa\u0107 post\u0119py i spersonalizowa\u0107 spos\u00f3b koszenia, tworz\u0105c kreatywne wzory, takie jak serca czy kwadraty, aby nada\u0107 trawnikowi oryginalnego charakteru. Istnieje te\u017c mo\u017cliwo\u015b\u0107 ustawienia niestandardowych stref koszenia, takich jak miejsca zakazane \u2013 na przyk\u0142ad wok\u00f3\u0142 basen\u00f3w, piaskownic czy rabat kwiatowych.<\/p>\n<p><img decoding=\"async\" src=\"https:\/\/assets.innpro.pl\/12468\/14910\/3.jpg\" border=\"0\" alt=\"\" \/><\/p>\n<h3>Precyzja koszenia<\/h3>\n<p>Robot Dreame A1 Pro wykorzystuje innowacyjny algorytm planowania trasy i porusza si\u0119 po \u015bcie\u017ckach w kszta\u0142cie litery U, gwarantuj\u0105c efektywne koszenie z zachowaniem najwy\u017cszego standardu estetyki. Urz\u0105dzenie jest w stanie obs\u0142ugiwa\u0107 powierzchnie do 1000 m\u00b2 w ci\u0105gu doby w trybie Standard lub a\u017c 2000 m\u00b2 w trybie Efficient, co czyni go idealnym rozwi\u0105zaniem zar\u00f3wno dla mniejszych, jak i wi\u0119kszych posesji.\u00a0<\/p>\n<p><img decoding=\"async\" src=\"https:\/\/assets.innpro.pl\/12468\/14910\/6.jpg\" border=\"0\" alt=\"\" \/><\/p>\n<h3>R\u00f3\u017cne tryby pracy<\/h3>\n<p>Urz\u0105dzenie oferuje kilka tryb\u00f3w pracy, kt\u00f3re pozwalaj\u0105 dostosowa\u0107 jego dzia\u0142anie do specyficznych potrzeb i charakterystyki ogrodu. Tryb All-Area umo\u017cliwia kompleksowe koszenie wszystkich wyznaczonych stref. W trybie Zone robot koncentruje si\u0119 na wybranych obszarach, co jest idealnym rozwi\u0105zaniem dla trawnik\u00f3w o zr\u00f3\u017cnicowanych wymaganiach piel\u0119gnacyjnych. Spot pozwala na precyzyjne koszenie konkretnych punkt\u00f3w w ogrodzie. Dla precyzyjnego wyko\u0144czenia granic trawnika przeznaczony jest tryb Edge. Natomiast Manual zapewnia pe\u0142n\u0105 kontrol\u0119 nad tras\u0105 i dzia\u0142aniem A1 Pro \u2013 ustawienia dostosujesz w aplikacji Dreamehome.<\/p>\n<p><img decoding=\"async\" src=\"https:\/\/assets.innpro.pl\/12468\/14910\/1.jpg\" border=\"0\" alt=\"\" \/><\/p>\n<h3>Niezawodno\u015b\u0107 w ka\u017cdej sytuacji<\/h3>\n<p>A1 Pro automatycznie wraca do stacji \u0142adowania, gdy poziom na\u0142adowania akumulatora spadnie poni\u017cej 15%. Po odnowieniu energii robot kontynuuje przerwane zadanie. Klasa wodoodporno\u015bci IPX6 umo\u017cliwia \u0142atwe i bezpieczne przemywanie zewn\u0119trznych i dolnych cz\u0119\u015bci robota pod bie\u017c\u0105c\u0105 wod\u0105, zapewniaj\u0105c szybkie i wygodne czyszczenie, a wymiana ostrzy odbywa si\u0119 b\u0142yskawicznie dzi\u0119ki systemowi szybkiego demonta\u017cu \u2013 nie musisz nawet korzysta\u0107 z dodatkowych narz\u0119dzi.<\/p>\n<p><img decoding=\"async\" src=\"https:\/\/assets.innpro.pl\/12468\/14910\/10.jpg\" border=\"0\" alt=\"\" \/><\/p>\n<h3>Precyzyjne omijanie przeszk\u00f3d<\/h3>\n<p>Dzi\u0119ki zaawansowanym algorytmom i technologii 3D robot A1 Pro rozpoznaje ludzi, zwierz\u0119ta i takie obiekty jak meble ogrodowe czy zabawki, skutecznie omijaj\u0105c je podczas pracy. Specjalne ko\u0142a terenowe zapewniaj\u0105 doskona\u0142\u0105 przyczepno\u015b\u0107 na nier\u00f3wnym terenie i w trudnych warunkach atmosferycznych, dzi\u0119ki czemu robot skutecznie radzi sobie ze wzniesieniami o nachyleniu do 45%.<\/p>\n<p><img decoding=\"async\" src=\"https:\/\/assets.innpro.pl\/12468\/14910\/8.jpg\" border=\"0\" alt=\"\" \/><\/p>\n<h3>Dba\u0142o\u015b\u0107 o detale<\/h3>\n<p>W przypadku wykryciu opad\u00f3w robot automatycznie wraca do stacji \u0142aduj\u0105cej, a proces koszenia zostaje wznowiony po ustaniu deszczu. Nie musisz tak\u017ce obawia\u0107 si\u0119 o bezpiecze\u0144stwo urz\u0105dzenia \u2013 je\u017celi zostanie podniesione, us\u0142yszysz sygna\u0142 d\u017awi\u0119kowy i otrzymasz powiadomienie na telefon. Dzi\u0119ki temu ryzyko kradzie\u017cy zosta\u0142o zminimalizowane.<\/p>\n<p><img decoding=\"async\" src=\"https:\/\/assets.innpro.pl\/12468\/14910\/4.jpg\" border=\"0\" alt=\"\" \/><\/p>\n<h3>Zarz\u0105dzanie dwoma mapami<\/h3>\n<p>Funkcja Dual-Map Management pozwala stworzy\u0107 2 niezale\u017cne mapy, co jest przydatne zw\u0142aszcza dla w\u0142a\u015bcicieli dom\u00f3w z przednimi i tylnymi podw\u00f3rkami o r\u00f3\u017cnej powierzchni. Dzi\u0119ki temu mo\u017cesz zaplanowa\u0107 osobne harmonogramy koszenia dla ka\u017cdego obszaru i zaoszcz\u0119dzi\u0107 czas. Uwaga: funkcja wymaga zakupienia dodatkowej stacji \u0142aduj\u0105cej oraz adapter\u00f3w, kt\u00f3re s\u0105 dost\u0119pne w oddzielnej sprzeda\u017cy.<\/p>\n<p><img decoding=\"async\" src=\"https:\/\/assets.innpro.pl\/12468\/14910\/9.jpg\" border=\"0\" alt=\"\" \/><\/p>\n<h3>W zestawie:<\/h3>\n<ul class=\"list-disc pl-5\">\n<li>Robot kosz\u0105cy Dreame A1 Pro x1<\/li>\n<li>Os\u0142ona ochronna LiDAR x1<\/li>\n<li>Stacja \u0142adowania (z kablem przed\u0142u\u017caj\u0105cym o d\u0142ugo\u015bci 10 m) x1<\/li>\n<li>P\u0142yta bazowa x1<\/li>\n<li>Adapter x1<\/li>\n<li>Szczotka do czyszczenia x1<\/li>\n<li>\u015aruby x8<\/li>\n<li>Klucz imbusowy x1<\/li>\n<li>Wymienne ostrza x9<\/li>\n<li>\u015aciereczka bezpy\u0142owa x1<\/li>\n<li>Skr\u00f3cona instrukcja obs\u0142ugi x1<\/li>\n<li>Instrukcja obs\u0142ugi x1<\/li>\n<\/ul>\n<div class=\"table-wrapper\">\n<p>\u00a0<\/p>\n<h3>\u00a0<\/h3>\n<table>\n<tbody>\n<tr>\n<th>Producent<\/th>\n<td>Dreame<\/td>\n<\/tr>\n<tr>\n<th>Model<\/th>\n<td>A1 Pro<\/td>\n<\/tr>\n<tr>\n<th>Ustawienie granic<\/th>\n<td>Bezprzewodowe<\/td>\n<\/tr>\n<tr>\n<th>Nawigacja, pozycjonowanie i unikanie przeszk\u00f3d<\/th>\n<td>OmniSenseTM 3D ultra-sensing LiDAR<\/td>\n<\/tr>\n<tr>\n<th>Maksymalna obs\u0142ugiwana powierzchnia<\/th>\n<td>2000 m\u00b2<\/td>\n<\/tr>\n<tr>\n<th>Wydajno\u015b\u0107 koszenia<\/th>\n<td>Standard: 1000m\u00b2 \/ 24h ; Efficient: 2000m\u00b2 \/ 24h<\/td>\n<\/tr>\n<tr>\n<th>Tryby pracy<\/th>\n<td>6 tryb\u00f3w pracy<\/td>\n<\/tr>\n<tr>\n<th>Ci\u0105g\u0142o\u015b\u0107 koszenia<\/th>\n<td>Tak<\/td>\n<\/tr>\n<tr>\n<th>Ostrze<\/th>\n<td>22 cm szerokie, 3-7 cm wysokie<\/td>\n<\/tr>\n<tr>\n<th>Regulacja wysoko\u015bci koszenia<\/th>\n<td>Obs\u0142uga przez aplikacj\u0119<\/td>\n<\/tr>\n<tr>\n<th>Maksymalne nachylenie<\/th>\n<td>45%<\/td>\n<\/tr>\n<tr>\n<th>Akumulator<\/th>\n<td>5 Ah<\/td>\n<\/tr>\n<tr>\n<th>System operacyjny<\/th>\n<td>Pokr\u0119t\u0142o Jog, klawiatura i aplikacja<\/td>\n<\/tr>\n<tr>\n<th>Wska\u017anik odporno\u015bci<\/th>\n<td>Wodoodporny \u2013 IPX6<\/td>\n<\/tr>\n<tr>\n<th>Funkcje<\/th>\n<td>Planowanie \u015bcie\u017cki w kszta\u0142cie litery U<\/td>\n<\/tr>\n<\/tbody>\n<\/table>\n<\/div>\n","protected":false},"excerpt":{"rendered":"<p>Robot kosz\u0105cy Dreame A1 Pro Dreame A1 Pro to zaawansowany robot kosz\u0105cy, kt\u00f3ry wyznacza nowe standardy w piel\u0119gnacji trawnik\u00f3w dzi\u0119ki<\/p>\n","protected":false},"featured_media":60184,"comment_status":"closed","ping_status":"open","template":"","meta":{"_acf_changed":false},"product_brand":[],"product_cat":[5937,5970],"product_tag":[],"class_list":{"0":"post-60183","1":"product","2":"type-product","3":"status-publish","4":"has-post-thumbnail","6":"product_cat-outdoor","7":"product_cat-pozostale-outdoor","8":"pa_okres-gwarancji-5775","9":"pa_producent-dreame","11":"first","12":"outofstock","13":"taxable","14":"shipping-taxable","15":"purchasable","16":"product-type-simple"},"acf":[],"yoast_head":"<!-- This site is optimized with the Yoast SEO plugin v27.2 - https:\/\/yoast.com\/product\/yoast-seo-wordpress\/ -->\n<title>Robot kosz\u0105cy DREAME A1 Pro - IRONSKY.PL Sklep z Dronami<\/title>\n<meta name=\"description\" content=\"Robot kosz\u0105cy DREAME A1 Pro - \u2705 sklep z dronami i fachowym doradztwem. \u2705 Tutaj kupisz produkty DJI, Yuneec, Parrot, Syma i wiele innych, a tak\u017ce kursy i licencje na operatora drona.\" \/>\n<meta name=\"robots\" content=\"index, follow, max-snippet:-1, max-image-preview:large, max-video-preview:-1\" \/>\n<link rel=\"canonical\" href=\"https:\/\/ironsky.pl\/sklep\/produkt\/robot-koszacy-dreame-a1-pro-2\/\" \/>\n<meta property=\"og:locale\" content=\"pl_PL\" \/>\n<meta property=\"og:type\" content=\"article\" \/>\n<meta property=\"og:title\" content=\"Robot kosz\u0105cy DREAME A1 Pro - IRONSKY.PL Sklep z Dronami\" \/>\n<meta property=\"og:description\" content=\"Robot kosz\u0105cy DREAME A1 Pro - \u2705 sklep z dronami i fachowym doradztwem. \u2705 Tutaj kupisz produkty DJI, Yuneec, Parrot, Syma i wiele innych, a tak\u017ce kursy i licencje na operatora drona.\" \/>\n<meta property=\"og:url\" content=\"https:\/\/ironsky.pl\/sklep\/produkt\/robot-koszacy-dreame-a1-pro-2\/\" \/>\n<meta property=\"og:site_name\" content=\"IRONSKY.PL Sklep z Dronami\" \/>\n<meta property=\"article:modified_time\" content=\"2026-04-15T08:57:27+00:00\" \/>\n<meta property=\"og:image\" content=\"https:\/\/ironsky.pl\/sklep\/wp-content\/uploads\/2026\/04\/50035_7.webp\" \/>\n\t<meta property=\"og:image:width\" content=\"800\" \/>\n\t<meta property=\"og:image:height\" content=\"800\" \/>\n\t<meta property=\"og:image:type\" content=\"image\/webp\" \/>\n<meta name=\"twitter:card\" content=\"summary_large_image\" \/>\n<meta name=\"twitter:label1\" content=\"Szacowany czas czytania\" \/>\n\t<meta name=\"twitter:data1\" content=\"4 minuty\" \/>\n<script type=\"application\/ld+json\" class=\"yoast-schema-graph\">{\"@context\":\"https:\/\/schema.org\",\"@graph\":[{\"@type\":\"WebPage\",\"@id\":\"https:\/\/ironsky.pl\/sklep\/produkt\/robot-koszacy-dreame-a1-pro-2\/\",\"url\":\"https:\/\/ironsky.pl\/sklep\/produkt\/robot-koszacy-dreame-a1-pro-2\/\",\"name\":\"Robot kosz\u0105cy DREAME A1 Pro - IRONSKY.PL Sklep z Dronami\",\"isPartOf\":{\"@id\":\"https:\/\/ironsky.pl\/sklep\/#website\"},\"primaryImageOfPage\":{\"@id\":\"https:\/\/ironsky.pl\/sklep\/produkt\/robot-koszacy-dreame-a1-pro-2\/#primaryimage\"},\"image\":{\"@id\":\"https:\/\/ironsky.pl\/sklep\/produkt\/robot-koszacy-dreame-a1-pro-2\/#primaryimage\"},\"thumbnailUrl\":\"https:\/\/ironsky.pl\/sklep\/wp-content\/uploads\/2026\/04\/50035_7.webp\",\"datePublished\":\"2026-04-15T08:57:26+00:00\",\"dateModified\":\"2026-04-15T08:57:27+00:00\",\"description\":\"Robot kosz\u0105cy DREAME A1 Pro - \u2705 sklep z dronami i fachowym doradztwem. \u2705 Tutaj kupisz produkty DJI, Yuneec, Parrot, Syma i wiele innych, a tak\u017ce kursy i licencje na operatora drona.\",\"breadcrumb\":{\"@id\":\"https:\/\/ironsky.pl\/sklep\/produkt\/robot-koszacy-dreame-a1-pro-2\/#breadcrumb\"},\"inLanguage\":\"pl-PL\",\"potentialAction\":[{\"@type\":\"ReadAction\",\"target\":[\"https:\/\/ironsky.pl\/sklep\/produkt\/robot-koszacy-dreame-a1-pro-2\/\"]}]},{\"@type\":\"ImageObject\",\"inLanguage\":\"pl-PL\",\"@id\":\"https:\/\/ironsky.pl\/sklep\/produkt\/robot-koszacy-dreame-a1-pro-2\/#primaryimage\",\"url\":\"https:\/\/ironsky.pl\/sklep\/wp-content\/uploads\/2026\/04\/50035_7.webp\",\"contentUrl\":\"https:\/\/ironsky.pl\/sklep\/wp-content\/uploads\/2026\/04\/50035_7.webp\",\"width\":800,\"height\":800},{\"@type\":\"BreadcrumbList\",\"@id\":\"https:\/\/ironsky.pl\/sklep\/produkt\/robot-koszacy-dreame-a1-pro-2\/#breadcrumb\",\"itemListElement\":[{\"@type\":\"ListItem\",\"position\":1,\"name\":\"Strona g\u0142\u00f3wna\",\"item\":\"https:\/\/ironsky.pl\/sklep\/\"},{\"@type\":\"ListItem\",\"position\":2,\"name\":\"Wszystkie produkty\",\"item\":\"https:\/\/ironsky.pl\/sklep\/produkty\/\"},{\"@type\":\"ListItem\",\"position\":3,\"name\":\"Robot kosz\u0105cy DREAME A1 Pro\"}]},{\"@type\":\"WebSite\",\"@id\":\"https:\/\/ironsky.pl\/sklep\/#website\",\"url\":\"https:\/\/ironsky.pl\/sklep\/\",\"name\":\"IRONSKY.PL Sklep z Dronami\",\"description\":\"IRONSKY.PL Sklep z Dronami\",\"potentialAction\":[{\"@type\":\"SearchAction\",\"target\":{\"@type\":\"EntryPoint\",\"urlTemplate\":\"https:\/\/ironsky.pl\/sklep\/?s={search_term_string}\"},\"query-input\":{\"@type\":\"PropertyValueSpecification\",\"valueRequired\":true,\"valueName\":\"search_term_string\"}}],\"inLanguage\":\"pl-PL\"}]}<\/script>\n<!-- \/ Yoast SEO plugin. -->","yoast_head_json":{"title":"Robot kosz\u0105cy DREAME A1 Pro - IRONSKY.PL Sklep z Dronami","description":"Robot kosz\u0105cy DREAME A1 Pro - \u2705 sklep z dronami i fachowym doradztwem. \u2705 Tutaj kupisz produkty DJI, Yuneec, Parrot, Syma i wiele innych, a tak\u017ce kursy i licencje na operatora drona.","robots":{"index":"index","follow":"follow","max-snippet":"max-snippet:-1","max-image-preview":"max-image-preview:large","max-video-preview":"max-video-preview:-1"},"canonical":"https:\/\/ironsky.pl\/sklep\/produkt\/robot-koszacy-dreame-a1-pro-2\/","og_locale":"pl_PL","og_type":"article","og_title":"Robot kosz\u0105cy DREAME A1 Pro - IRONSKY.PL Sklep z Dronami","og_description":"Robot kosz\u0105cy DREAME A1 Pro - \u2705 sklep z dronami i fachowym doradztwem. \u2705 Tutaj kupisz produkty DJI, Yuneec, Parrot, Syma i wiele innych, a tak\u017ce kursy i licencje na operatora drona.","og_url":"https:\/\/ironsky.pl\/sklep\/produkt\/robot-koszacy-dreame-a1-pro-2\/","og_site_name":"IRONSKY.PL Sklep z Dronami","article_modified_time":"2026-04-15T08:57:27+00:00","og_image":[{"width":800,"height":800,"url":"https:\/\/ironsky.pl\/sklep\/wp-content\/uploads\/2026\/04\/50035_7.webp","type":"image\/webp"}],"twitter_card":"summary_large_image","twitter_misc":{"Szacowany czas czytania":"4 minuty"},"schema":{"@context":"https:\/\/schema.org","@graph":[{"@type":"WebPage","@id":"https:\/\/ironsky.pl\/sklep\/produkt\/robot-koszacy-dreame-a1-pro-2\/","url":"https:\/\/ironsky.pl\/sklep\/produkt\/robot-koszacy-dreame-a1-pro-2\/","name":"Robot kosz\u0105cy DREAME A1 Pro - IRONSKY.PL Sklep z Dronami","isPartOf":{"@id":"https:\/\/ironsky.pl\/sklep\/#website"},"primaryImageOfPage":{"@id":"https:\/\/ironsky.pl\/sklep\/produkt\/robot-koszacy-dreame-a1-pro-2\/#primaryimage"},"image":{"@id":"https:\/\/ironsky.pl\/sklep\/produkt\/robot-koszacy-dreame-a1-pro-2\/#primaryimage"},"thumbnailUrl":"https:\/\/ironsky.pl\/sklep\/wp-content\/uploads\/2026\/04\/50035_7.webp","datePublished":"2026-04-15T08:57:26+00:00","dateModified":"2026-04-15T08:57:27+00:00","description":"Robot kosz\u0105cy DREAME A1 Pro - \u2705 sklep z dronami i fachowym doradztwem. \u2705 Tutaj kupisz produkty DJI, Yuneec, Parrot, Syma i wiele innych, a tak\u017ce kursy i licencje na operatora drona.","breadcrumb":{"@id":"https:\/\/ironsky.pl\/sklep\/produkt\/robot-koszacy-dreame-a1-pro-2\/#breadcrumb"},"inLanguage":"pl-PL","potentialAction":[{"@type":"ReadAction","target":["https:\/\/ironsky.pl\/sklep\/produkt\/robot-koszacy-dreame-a1-pro-2\/"]}]},{"@type":"ImageObject","inLanguage":"pl-PL","@id":"https:\/\/ironsky.pl\/sklep\/produkt\/robot-koszacy-dreame-a1-pro-2\/#primaryimage","url":"https:\/\/ironsky.pl\/sklep\/wp-content\/uploads\/2026\/04\/50035_7.webp","contentUrl":"https:\/\/ironsky.pl\/sklep\/wp-content\/uploads\/2026\/04\/50035_7.webp","width":800,"height":800},{"@type":"BreadcrumbList","@id":"https:\/\/ironsky.pl\/sklep\/produkt\/robot-koszacy-dreame-a1-pro-2\/#breadcrumb","itemListElement":[{"@type":"ListItem","position":1,"name":"Strona g\u0142\u00f3wna","item":"https:\/\/ironsky.pl\/sklep\/"},{"@type":"ListItem","position":2,"name":"Wszystkie produkty","item":"https:\/\/ironsky.pl\/sklep\/produkty\/"},{"@type":"ListItem","position":3,"name":"Robot kosz\u0105cy DREAME A1 Pro"}]},{"@type":"WebSite","@id":"https:\/\/ironsky.pl\/sklep\/#website","url":"https:\/\/ironsky.pl\/sklep\/","name":"IRONSKY.PL Sklep z Dronami","description":"IRONSKY.PL Sklep z Dronami","potentialAction":[{"@type":"SearchAction","target":{"@type":"EntryPoint","urlTemplate":"https:\/\/ironsky.pl\/sklep\/?s={search_term_string}"},"query-input":{"@type":"PropertyValueSpecification","valueRequired":true,"valueName":"search_term_string"}}],"inLanguage":"pl-PL"}]}},"_links":{"self":[{"href":"https:\/\/ironsky.pl\/sklep\/wp-json\/wp\/v2\/product\/60183","targetHints":{"allow":["GET"]}}],"collection":[{"href":"https:\/\/ironsky.pl\/sklep\/wp-json\/wp\/v2\/product"}],"about":[{"href":"https:\/\/ironsky.pl\/sklep\/wp-json\/wp\/v2\/types\/product"}],"replies":[{"embeddable":true,"href":"https:\/\/ironsky.pl\/sklep\/wp-json\/wp\/v2\/comments?post=60183"}],"wp:featuredmedia":[{"embeddable":true,"href":"https:\/\/ironsky.pl\/sklep\/wp-json\/wp\/v2\/media\/60184"}],"wp:attachment":[{"href":"https:\/\/ironsky.pl\/sklep\/wp-json\/wp\/v2\/media?parent=60183"}],"wp:term":[{"taxonomy":"product_brand","embeddable":true,"href":"https:\/\/ironsky.pl\/sklep\/wp-json\/wp\/v2\/product_brand?post=60183"},{"taxonomy":"product_cat","embeddable":true,"href":"https:\/\/ironsky.pl\/sklep\/wp-json\/wp\/v2\/product_cat?post=60183"},{"taxonomy":"product_tag","embeddable":true,"href":"https:\/\/ironsky.pl\/sklep\/wp-json\/wp\/v2\/product_tag?post=60183"}],"curies":[{"name":"wp","href":"https:\/\/api.w.org\/{rel}","templated":true}]}}