{"id":60181,"date":"2026-04-15T10:56:53","date_gmt":"2026-04-15T08:56:53","guid":{"rendered":"https:\/\/ironsky.pl\/sklep\/produkt\/obudowa-ssd-ugreen-cm767-m-2-nvme-usb-c\/"},"modified":"2026-04-15T10:57:24","modified_gmt":"2026-04-15T08:57:24","slug":"obudowa-ssd-ugreen-cm767-m-2-nvme-usb-c","status":"publish","type":"product","link":"https:\/\/ironsky.pl\/sklep\/produkt\/obudowa-ssd-ugreen-cm767-m-2-nvme-usb-c\/","title":{"rendered":"Obudowa SSD UGREEN CM767 M.2 NVMe USB-C"},"content":{"rendered":"<h3>Obudowa SSD M.2 NVMe Ugreen CM767<\/h3>\n<p>Obudowa Ugreen CM767 to urz\u0105dzenie, kt\u00f3re \u0142\u0105czy w sobie maksymaln\u0105 wydajno\u015b\u0107, wszechstronn\u0105 kompatybilno\u015b\u0107 i bezpieczne przechowywanie danych w kompaktowej formie. Dzi\u0119ki obs\u0142udze USB 3.2 o przepustowo\u015bci 10 Gb\/s, wbudowanemu chipsetowi ASM2362, oraz efektywnemu systemowi ch\u0142odzenia, zyskujesz pewno\u015b\u0107 stabilnej i szybkiej pracy. Postaw na Ugreen CM767 i ciesz si\u0119 profesjonalnym, przeno\u015bnym dyskiem o niesamowitej wydajno\u015bci.<\/p>\n<p>\n<img decoding=\"async\" src=\"https:\/\/assets.innpro.pl\/12612\/15124\/3.jpg\" border=\"0\" alt=\"\" \/>\n<\/p>\n<h3>Superszybka transmisja danych<\/h3>\n<p>Obudowa Ugreen CM767 obs\u0142uguje USB 3.2, oferuj\u0105c pr\u0119dko\u015bci przesy\u0142u danych do 10 Gb\/s. Dzi\u0119ki temu przenoszenie nawet bardzo du\u017cych plik\u00f3w \u2013 wideo w 4K, archiw\u00f3w czy bibliotek muzycznych \u2013 zajmuje zaledwie kilka chwil. Obudowa jest przystosowana do standardu NVMe oraz wsp\u00f3\u0142pracuje z interfejsem SSD M-key oraz M&amp;B-key.<\/p>\n<p>\n<img decoding=\"async\" src=\"https:\/\/assets.innpro.pl\/12612\/15124\/6.jpg\" border=\"0\" alt=\"\" \/>\n<\/p>\n<h3>Szeroka kompatybilno\u015b\u0107<\/h3>\n<p>Ugreen CM767 jest kompatybilna z wieloma urz\u0105dzeniami, co znacznie u\u0142atwia zarz\u0105dzanie danymi niezale\u017cnie od systemu operacyjnego czy platformy. Bez problemu pod\u0142\u0105czysz j\u0105 do takiego sprz\u0119tu, jak MacBook Pro\/Air, iPad Pro, Dell XPS, PS5\/Xbox, Mac mini czy iPhone 15 generacji. Wspierane systemy operacyjne to Windows, macOS, Android, Chrome, oraz Linux. Dzi\u0119ki temu mo\u017cesz korzysta\u0107 z szybkiego dysku przeno\u015bnego praktycznie zawsze i wsz\u0119dzie \u2013 zar\u00f3wno w pracy, jak i w domu.<\/p>\n<p>\n<img decoding=\"async\" src=\"https:\/\/assets.innpro.pl\/12612\/15124\/7.jpg\" border=\"0\" alt=\"\" \/>\n<\/p>\n<h3>Efektywne odprowadzanie ciep\u0142a<\/h3>\n<p>Doskona\u0142a konstrukcja obudowy zapewnia ekskluzywne ch\u0142odzenie. Specjalnie zaprojektowane elementy pozwalaj\u0105 na szybsze rozpraszanie temperatury, co zwi\u0119ksza \u017cywotno\u015b\u0107 Twojego dysku i przek\u0142ada si\u0119 na stabiln\u0105 prac\u0119 \u2013 nawet przy intensywnym transferze danych.<\/p>\n<p>\n<img decoding=\"async\" src=\"https:\/\/assets.innpro.pl\/12612\/15124\/1.jpg\" border=\"0\" alt=\"\" \/>\n<\/p>\n<h3>Niezawodno\u015b\u0107 i bezpiecze\u0144stwo<\/h3>\n<p>Obudowa zosta\u0142a wyposa\u017cona w chipset ASM2362, kt\u00f3ry gwarantuje stabilno\u015b\u0107 i bezpiecze\u0144stwo przesy\u0142u danych. Dodatkowo wspiera szereg przydatnych funkcji, takich jak S.M.A.R.T (monitoruje stan dysku w czasie rzeczywistym), Auto Sleep (automatycznie przechodzi w tryb u\u015bpienia w celu oszcz\u0119dzania energii), oraz TRIM (dba o optymaln\u0105 kondycj\u0119 no\u015bnika i przed\u0142u\u017ca jego \u017cywotno\u015b\u0107).<\/p>\n<p>\n<img decoding=\"async\" src=\"https:\/\/assets.innpro.pl\/12612\/15124\/5.jpg\" border=\"0\" alt=\"\" \/>\n<\/p>\n<h3>Kompaktowy design i wygoda<\/h3>\n<p>Obudowa Ugreen CM767 ma wymiary 119 \u00d7 37 \u00d7 12 mm, co czyni j\u0105 bardzo por\u0119czn\u0105 i \u0142atw\u0105 w transporcie. Mo\u017cesz bez problemu schowa\u0107 j\u0105 do kieszeni, torby czy plecaka i zabra\u0107 w podr\u00f3\u017c s\u0142u\u017cbow\u0105, na wakacje lub do biura.<\/p>\n<p>\n<img decoding=\"async\" src=\"https:\/\/assets.innpro.pl\/12612\/15124\/4.jpg\" border=\"0\" alt=\"\" \/>\n<\/p>\n<div class=\"table-wrapper\">\n<p>\u00a0<\/p>\n<h3><\/h3>\n<table>\n<tbody>\n<tr>\n<th>Producent<\/th>\n<td>UGREEN<\/td>\n<\/tr>\n<tr>\n<th>Model<\/th>\n<td>CM767<\/td>\n<\/tr>\n<tr>\n<th>Interfejs<\/th>\n<td>USB 3.2 <\/td>\n<\/tr>\n<tr>\n<th>Kompatybilno\u015b\u0107 dysk\u00f3w SSD<\/th>\n<td>M.2 NVMe (z\u0142\u0105cza typu M Key oraz M&amp;B Key)<\/td>\n<\/tr>\n<tr>\n<th>Pr\u0119dko\u015b\u0107 przesy\u0142ania danych<\/th>\n<td>10 Gbps<\/td>\n<\/tr>\n<tr>\n<th>Kompatybilne urz\u0105dzenia<\/th>\n<td>MacBook Pro\/Air, iPad Pro, Dell XPS Series, PlayStation 5, Xbox, Mac mini, iPhone 15<\/td>\n<\/tr>\n<tr>\n<th>Kompatybilne systemy operacyjne<\/th>\n<td>Windows, macOS, Android, Chrome OS, Linux<\/td>\n<\/tr>\n<tr>\n<th>Dodatkowe zabezpieczenia<\/th>\n<td>zwi\u0119kszona efektywno\u015b\u0107 ch\u0142odzenia<\/td>\n<\/tr>\n<tr>\n<th>Chipset<\/th>\n<td>ASM2362<\/td>\n<\/tr>\n<tr>\n<th>Funkcje chipsetu<\/th>\n<td>S.M.A.R.T, Auto Sleep, TRIM<\/td>\n<\/tr>\n<tr>\n<th>Wymiary<\/th>\n<td>119 \u00d7 37 \u00d7 12 mm<\/td>\n<\/tr>\n<\/tbody>\n<\/table>\n<\/div>\n","protected":false},"excerpt":{"rendered":"<p>Obudowa SSD M.2 NVMe Ugreen CM767 Obudowa Ugreen CM767 to urz\u0105dzenie, kt\u00f3re \u0142\u0105czy w sobie maksymaln\u0105 wydajno\u015b\u0107, wszechstronn\u0105 kompatybilno\u015b\u0107 i<\/p>\n","protected":false},"featured_media":46909,"comment_status":"closed","ping_status":"open","template":"","meta":{"_acf_changed":false},"product_brand":[],"product_cat":[5929,5936],"product_tag":[],"class_list":{"0":"post-60181","1":"product","2":"type-product","3":"status-publish","4":"has-post-thumbnail","6":"product_cat-akcesoria-it","7":"product_cat-obudowy-dyskow","8":"pa_okres-gwarancji-5757","9":"pa_producent-ugreen","11":"first","12":"outofstock","13":"taxable","14":"shipping-taxable","15":"purchasable","16":"product-type-simple"},"acf":[],"yoast_head":"<!-- This site is optimized with the Yoast SEO plugin v27.2 - https:\/\/yoast.com\/product\/yoast-seo-wordpress\/ -->\n<title>Obudowa SSD UGREEN CM767 M.2 NVMe USB-C - IRONSKY.PL Sklep z Dronami<\/title>\n<meta name=\"description\" content=\"Obudowa SSD UGREEN CM767 M.2 NVMe USB-C - \u2705 sklep z dronami i fachowym doradztwem. \u2705 Tutaj kupisz produkty DJI, Yuneec, Parrot, Syma i wiele innych, a tak\u017ce kursy i licencje na operatora drona.\" \/>\n<meta name=\"robots\" content=\"index, follow, max-snippet:-1, max-image-preview:large, max-video-preview:-1\" \/>\n<link rel=\"canonical\" href=\"https:\/\/ironsky.pl\/sklep\/produkt\/obudowa-ssd-ugreen-cm767-m-2-nvme-usb-c\/\" \/>\n<meta property=\"og:locale\" content=\"pl_PL\" \/>\n<meta property=\"og:type\" content=\"article\" \/>\n<meta property=\"og:title\" content=\"Obudowa SSD UGREEN CM767 M.2 NVMe USB-C - IRONSKY.PL Sklep z Dronami\" \/>\n<meta property=\"og:description\" content=\"Obudowa SSD UGREEN CM767 M.2 NVMe USB-C - \u2705 sklep z dronami i fachowym doradztwem. \u2705 Tutaj kupisz produkty DJI, Yuneec, Parrot, Syma i wiele innych, a tak\u017ce kursy i licencje na operatora drona.\" \/>\n<meta property=\"og:url\" content=\"https:\/\/ironsky.pl\/sklep\/produkt\/obudowa-ssd-ugreen-cm767-m-2-nvme-usb-c\/\" \/>\n<meta property=\"og:site_name\" content=\"IRONSKY.PL Sklep z Dronami\" \/>\n<meta property=\"article:modified_time\" content=\"2026-04-15T08:57:24+00:00\" \/>\n<meta property=\"og:image\" content=\"https:\/\/ironsky.pl\/sklep\/wp-content\/uploads\/2025\/06\/49995_1.webp\" \/>\n\t<meta property=\"og:image:width\" content=\"800\" \/>\n\t<meta property=\"og:image:height\" content=\"800\" \/>\n\t<meta property=\"og:image:type\" content=\"image\/webp\" \/>\n<meta name=\"twitter:card\" content=\"summary_large_image\" \/>\n<meta name=\"twitter:label1\" content=\"Szacowany czas czytania\" \/>\n\t<meta name=\"twitter:data1\" content=\"2 minuty\" \/>\n<script type=\"application\/ld+json\" class=\"yoast-schema-graph\">{\"@context\":\"https:\/\/schema.org\",\"@graph\":[{\"@type\":\"WebPage\",\"@id\":\"https:\/\/ironsky.pl\/sklep\/produkt\/obudowa-ssd-ugreen-cm767-m-2-nvme-usb-c\/\",\"url\":\"https:\/\/ironsky.pl\/sklep\/produkt\/obudowa-ssd-ugreen-cm767-m-2-nvme-usb-c\/\",\"name\":\"Obudowa SSD UGREEN CM767 M.2 NVMe USB-C - IRONSKY.PL Sklep z Dronami\",\"isPartOf\":{\"@id\":\"https:\/\/ironsky.pl\/sklep\/#website\"},\"primaryImageOfPage\":{\"@id\":\"https:\/\/ironsky.pl\/sklep\/produkt\/obudowa-ssd-ugreen-cm767-m-2-nvme-usb-c\/#primaryimage\"},\"image\":{\"@id\":\"https:\/\/ironsky.pl\/sklep\/produkt\/obudowa-ssd-ugreen-cm767-m-2-nvme-usb-c\/#primaryimage\"},\"thumbnailUrl\":\"https:\/\/ironsky.pl\/sklep\/wp-content\/uploads\/2025\/06\/49995_1.webp\",\"datePublished\":\"2026-04-15T08:56:53+00:00\",\"dateModified\":\"2026-04-15T08:57:24+00:00\",\"description\":\"Obudowa SSD UGREEN CM767 M.2 NVMe USB-C - \u2705 sklep z dronami i fachowym doradztwem. \u2705 Tutaj kupisz produkty DJI, Yuneec, Parrot, Syma i wiele innych, a tak\u017ce kursy i licencje na operatora drona.\",\"breadcrumb\":{\"@id\":\"https:\/\/ironsky.pl\/sklep\/produkt\/obudowa-ssd-ugreen-cm767-m-2-nvme-usb-c\/#breadcrumb\"},\"inLanguage\":\"pl-PL\",\"potentialAction\":[{\"@type\":\"ReadAction\",\"target\":[\"https:\/\/ironsky.pl\/sklep\/produkt\/obudowa-ssd-ugreen-cm767-m-2-nvme-usb-c\/\"]}]},{\"@type\":\"ImageObject\",\"inLanguage\":\"pl-PL\",\"@id\":\"https:\/\/ironsky.pl\/sklep\/produkt\/obudowa-ssd-ugreen-cm767-m-2-nvme-usb-c\/#primaryimage\",\"url\":\"https:\/\/ironsky.pl\/sklep\/wp-content\/uploads\/2025\/06\/49995_1.webp\",\"contentUrl\":\"https:\/\/ironsky.pl\/sklep\/wp-content\/uploads\/2025\/06\/49995_1.webp\",\"width\":800,\"height\":800},{\"@type\":\"BreadcrumbList\",\"@id\":\"https:\/\/ironsky.pl\/sklep\/produkt\/obudowa-ssd-ugreen-cm767-m-2-nvme-usb-c\/#breadcrumb\",\"itemListElement\":[{\"@type\":\"ListItem\",\"position\":1,\"name\":\"Strona g\u0142\u00f3wna\",\"item\":\"https:\/\/ironsky.pl\/sklep\/\"},{\"@type\":\"ListItem\",\"position\":2,\"name\":\"Wszystkie produkty\",\"item\":\"https:\/\/ironsky.pl\/sklep\/produkty\/\"},{\"@type\":\"ListItem\",\"position\":3,\"name\":\"Obudowa SSD UGREEN CM767 M.2 NVMe USB-C\"}]},{\"@type\":\"WebSite\",\"@id\":\"https:\/\/ironsky.pl\/sklep\/#website\",\"url\":\"https:\/\/ironsky.pl\/sklep\/\",\"name\":\"IRONSKY.PL Sklep z Dronami\",\"description\":\"IRONSKY.PL Sklep z Dronami\",\"potentialAction\":[{\"@type\":\"SearchAction\",\"target\":{\"@type\":\"EntryPoint\",\"urlTemplate\":\"https:\/\/ironsky.pl\/sklep\/?s={search_term_string}\"},\"query-input\":{\"@type\":\"PropertyValueSpecification\",\"valueRequired\":true,\"valueName\":\"search_term_string\"}}],\"inLanguage\":\"pl-PL\"}]}<\/script>\n<!-- \/ Yoast SEO plugin. -->","yoast_head_json":{"title":"Obudowa SSD UGREEN CM767 M.2 NVMe USB-C - IRONSKY.PL Sklep z Dronami","description":"Obudowa SSD UGREEN CM767 M.2 NVMe USB-C - \u2705 sklep z dronami i fachowym doradztwem. \u2705 Tutaj kupisz produkty DJI, Yuneec, Parrot, Syma i wiele innych, a tak\u017ce kursy i licencje na operatora drona.","robots":{"index":"index","follow":"follow","max-snippet":"max-snippet:-1","max-image-preview":"max-image-preview:large","max-video-preview":"max-video-preview:-1"},"canonical":"https:\/\/ironsky.pl\/sklep\/produkt\/obudowa-ssd-ugreen-cm767-m-2-nvme-usb-c\/","og_locale":"pl_PL","og_type":"article","og_title":"Obudowa SSD UGREEN CM767 M.2 NVMe USB-C - IRONSKY.PL Sklep z Dronami","og_description":"Obudowa SSD UGREEN CM767 M.2 NVMe USB-C - \u2705 sklep z dronami i fachowym doradztwem. \u2705 Tutaj kupisz produkty DJI, Yuneec, Parrot, Syma i wiele innych, a tak\u017ce kursy i licencje na operatora drona.","og_url":"https:\/\/ironsky.pl\/sklep\/produkt\/obudowa-ssd-ugreen-cm767-m-2-nvme-usb-c\/","og_site_name":"IRONSKY.PL Sklep z Dronami","article_modified_time":"2026-04-15T08:57:24+00:00","og_image":[{"width":800,"height":800,"url":"https:\/\/ironsky.pl\/sklep\/wp-content\/uploads\/2025\/06\/49995_1.webp","type":"image\/webp"}],"twitter_card":"summary_large_image","twitter_misc":{"Szacowany czas czytania":"2 minuty"},"schema":{"@context":"https:\/\/schema.org","@graph":[{"@type":"WebPage","@id":"https:\/\/ironsky.pl\/sklep\/produkt\/obudowa-ssd-ugreen-cm767-m-2-nvme-usb-c\/","url":"https:\/\/ironsky.pl\/sklep\/produkt\/obudowa-ssd-ugreen-cm767-m-2-nvme-usb-c\/","name":"Obudowa SSD UGREEN CM767 M.2 NVMe USB-C - IRONSKY.PL Sklep z Dronami","isPartOf":{"@id":"https:\/\/ironsky.pl\/sklep\/#website"},"primaryImageOfPage":{"@id":"https:\/\/ironsky.pl\/sklep\/produkt\/obudowa-ssd-ugreen-cm767-m-2-nvme-usb-c\/#primaryimage"},"image":{"@id":"https:\/\/ironsky.pl\/sklep\/produkt\/obudowa-ssd-ugreen-cm767-m-2-nvme-usb-c\/#primaryimage"},"thumbnailUrl":"https:\/\/ironsky.pl\/sklep\/wp-content\/uploads\/2025\/06\/49995_1.webp","datePublished":"2026-04-15T08:56:53+00:00","dateModified":"2026-04-15T08:57:24+00:00","description":"Obudowa SSD UGREEN CM767 M.2 NVMe USB-C - \u2705 sklep z dronami i fachowym doradztwem. \u2705 Tutaj kupisz produkty DJI, Yuneec, Parrot, Syma i wiele innych, a tak\u017ce kursy i licencje na operatora drona.","breadcrumb":{"@id":"https:\/\/ironsky.pl\/sklep\/produkt\/obudowa-ssd-ugreen-cm767-m-2-nvme-usb-c\/#breadcrumb"},"inLanguage":"pl-PL","potentialAction":[{"@type":"ReadAction","target":["https:\/\/ironsky.pl\/sklep\/produkt\/obudowa-ssd-ugreen-cm767-m-2-nvme-usb-c\/"]}]},{"@type":"ImageObject","inLanguage":"pl-PL","@id":"https:\/\/ironsky.pl\/sklep\/produkt\/obudowa-ssd-ugreen-cm767-m-2-nvme-usb-c\/#primaryimage","url":"https:\/\/ironsky.pl\/sklep\/wp-content\/uploads\/2025\/06\/49995_1.webp","contentUrl":"https:\/\/ironsky.pl\/sklep\/wp-content\/uploads\/2025\/06\/49995_1.webp","width":800,"height":800},{"@type":"BreadcrumbList","@id":"https:\/\/ironsky.pl\/sklep\/produkt\/obudowa-ssd-ugreen-cm767-m-2-nvme-usb-c\/#breadcrumb","itemListElement":[{"@type":"ListItem","position":1,"name":"Strona g\u0142\u00f3wna","item":"https:\/\/ironsky.pl\/sklep\/"},{"@type":"ListItem","position":2,"name":"Wszystkie produkty","item":"https:\/\/ironsky.pl\/sklep\/produkty\/"},{"@type":"ListItem","position":3,"name":"Obudowa SSD UGREEN CM767 M.2 NVMe USB-C"}]},{"@type":"WebSite","@id":"https:\/\/ironsky.pl\/sklep\/#website","url":"https:\/\/ironsky.pl\/sklep\/","name":"IRONSKY.PL Sklep z Dronami","description":"IRONSKY.PL Sklep z Dronami","potentialAction":[{"@type":"SearchAction","target":{"@type":"EntryPoint","urlTemplate":"https:\/\/ironsky.pl\/sklep\/?s={search_term_string}"},"query-input":{"@type":"PropertyValueSpecification","valueRequired":true,"valueName":"search_term_string"}}],"inLanguage":"pl-PL"}]}},"_links":{"self":[{"href":"https:\/\/ironsky.pl\/sklep\/wp-json\/wp\/v2\/product\/60181","targetHints":{"allow":["GET"]}}],"collection":[{"href":"https:\/\/ironsky.pl\/sklep\/wp-json\/wp\/v2\/product"}],"about":[{"href":"https:\/\/ironsky.pl\/sklep\/wp-json\/wp\/v2\/types\/product"}],"replies":[{"embeddable":true,"href":"https:\/\/ironsky.pl\/sklep\/wp-json\/wp\/v2\/comments?post=60181"}],"wp:featuredmedia":[{"embeddable":true,"href":"https:\/\/ironsky.pl\/sklep\/wp-json\/wp\/v2\/media\/46909"}],"wp:attachment":[{"href":"https:\/\/ironsky.pl\/sklep\/wp-json\/wp\/v2\/media?parent=60181"}],"wp:term":[{"taxonomy":"product_brand","embeddable":true,"href":"https:\/\/ironsky.pl\/sklep\/wp-json\/wp\/v2\/product_brand?post=60181"},{"taxonomy":"product_cat","embeddable":true,"href":"https:\/\/ironsky.pl\/sklep\/wp-json\/wp\/v2\/product_cat?post=60181"},{"taxonomy":"product_tag","embeddable":true,"href":"https:\/\/ironsky.pl\/sklep\/wp-json\/wp\/v2\/product_tag?post=60181"}],"curies":[{"name":"wp","href":"https:\/\/api.w.org\/{rel}","templated":true}]}}