{"id":60165,"date":"2026-04-15T10:56:53","date_gmt":"2026-04-15T08:56:53","guid":{"rendered":"https:\/\/ironsky.pl\/sklep\/produkt\/statyw-stacji-dji-d-rtk-3-2\/"},"modified":"2026-04-15T10:57:08","modified_gmt":"2026-04-15T08:57:08","slug":"statyw-stacji-dji-d-rtk-3-2","status":"publish","type":"product","link":"https:\/\/ironsky.pl\/sklep\/produkt\/statyw-stacji-dji-d-rtk-3-2\/","title":{"rendered":"Statyw stacji DJI D-RTK 3"},"content":{"rendered":"<h3>Statyw stacji DJI D-RTK 3<\/h3>\n<p>Statywu D-RTK 3 jest wyposa\u017cony w samoblokuj\u0105c\u0105 si\u0119 tyczk\u0119 pomiarow\u0105 z \u0142atw\u0105 regulacj\u0105 wysoko\u015bci oraz statyw z podw\u00f3jn\u0105 blokad\u0105 do \u0142atwego poziomowania. Tyczka pomiarowa i statyw zosta\u0142y zaprojektowane do bezproblemowej wsp\u00f3\u0142pracy ze stacj\u0105 wielofunkcyjn\u0105 D-RTK 3, umo\u017cliwiaj\u0105c elastyczn\u0105 konfiguracj\u0119 w oparciu o r\u00f3\u017cne scenariusze. W trybie stacji bazowej zapewnia stabiln\u0105 konfiguracj\u0119 dla precyzyjnych misji dron\u00f3w. W trybie Rover Station tyczka pomiarowa mo\u017ce by\u0107 u\u017cywana niezale\u017cnie do zbierania danych z punkt\u00f3w kontrolnych.<\/p>\n<p>Zawarto\u015b\u0107 zestawu:<\/p>\n<ul>\n<li>Tyczka<\/li>\n<li>Tripod<\/li>\n<\/ul>\n<div class=\"table-wrapper\">\n<table>\n<tbody>\n<tr>\n<td><strong>Wymiary<\/strong><\/td>\n<td>245 \u00d7 245 \u00d7 1398 mm (d\u0142. \u00d7 szer. \u00d7 wys.)<\/td>\n<\/tr>\n<tr>\n<td><strong>Masa<\/strong><\/td>\n<td>4.96 kg<\/td>\n<\/tr>\n<tr>\n<td><strong>Tyczka<\/strong><\/td>\n<td>Wysoko\u015b\u0107:\u00a0125 cm do 200 cm (bez gwintu 5\/8&#8243;)<br \/>Masa: 900 g<\/td>\n<\/tr>\n<tr>\n<td><strong>Tripod<\/strong><\/td>\n<td>Wysoko\u015b\u0107: 92 cm<br \/>Masa: 2800 g<\/td>\n<\/tr>\n<tr>\n<td><strong>Kompatybilno\u015b\u0107\u00a0<\/strong><\/td>\n<td>Stacja D-RTK 3<br \/>Stacja D-RTK 3 AG (Agras)<\/td>\n<\/tr>\n<\/tbody>\n<\/table>\n<\/div>\n","protected":false},"excerpt":{"rendered":"<p>Statyw stacji DJI D-RTK 3 Statywu D-RTK 3 jest wyposa\u017cony w samoblokuj\u0105c\u0105 si\u0119 tyczk\u0119 pomiarow\u0105 z \u0142atw\u0105 regulacj\u0105 wysoko\u015bci oraz<\/p>\n","protected":false},"featured_media":39590,"comment_status":"closed","ping_status":"open","template":"","meta":{"_acf_changed":false},"product_brand":[],"product_cat":[6169,1088,1105],"product_tag":[],"class_list":{"0":"post-60165","1":"product","2":"type-product","3":"status-publish","4":"has-post-thumbnail","6":"product_cat-akcesoria-i-czesci","7":"product_cat-drony","8":"product_cat-przemyslowe","9":"pa_okres-gwarancji-5757","10":"pa_producent-dji-enterprise","12":"first","13":"outofstock","14":"taxable","15":"shipping-taxable","16":"purchasable","17":"product-type-simple"},"acf":[],"yoast_head":"<!-- This site is optimized with the Yoast SEO plugin v27.2 - https:\/\/yoast.com\/product\/yoast-seo-wordpress\/ -->\n<title>Statyw stacji DJI D-RTK 3 - IRONSKY.PL Sklep z Dronami<\/title>\n<meta name=\"description\" content=\"Statyw stacji DJI D-RTK 3 - \u2705 sklep z dronami i fachowym doradztwem. \u2705 Tutaj kupisz produkty DJI, Yuneec, Parrot, Syma i wiele innych, a tak\u017ce kursy i licencje na operatora drona.\" \/>\n<meta name=\"robots\" content=\"index, follow, max-snippet:-1, max-image-preview:large, max-video-preview:-1\" \/>\n<link rel=\"canonical\" href=\"https:\/\/ironsky.pl\/sklep\/produkt\/statyw-stacji-dji-d-rtk-3-2\/\" \/>\n<meta property=\"og:locale\" content=\"pl_PL\" \/>\n<meta property=\"og:type\" content=\"article\" \/>\n<meta property=\"og:title\" content=\"Statyw stacji DJI D-RTK 3 - IRONSKY.PL Sklep z Dronami\" \/>\n<meta property=\"og:description\" content=\"Statyw stacji DJI D-RTK 3 - \u2705 sklep z dronami i fachowym doradztwem. \u2705 Tutaj kupisz produkty DJI, Yuneec, Parrot, Syma i wiele innych, a tak\u017ce kursy i licencje na operatora drona.\" \/>\n<meta property=\"og:url\" content=\"https:\/\/ironsky.pl\/sklep\/produkt\/statyw-stacji-dji-d-rtk-3-2\/\" \/>\n<meta property=\"og:site_name\" content=\"IRONSKY.PL Sklep z Dronami\" \/>\n<meta property=\"article:modified_time\" content=\"2026-04-15T08:57:08+00:00\" \/>\n<meta property=\"og:image\" content=\"https:\/\/ironsky.pl\/sklep\/wp-content\/uploads\/2025\/04\/49950_2.jpg\" \/>\n\t<meta property=\"og:image:width\" content=\"800\" \/>\n\t<meta property=\"og:image:height\" content=\"800\" \/>\n\t<meta property=\"og:image:type\" content=\"image\/jpeg\" \/>\n<meta name=\"twitter:card\" content=\"summary_large_image\" \/>\n<meta name=\"twitter:label1\" content=\"Szacowany czas czytania\" \/>\n\t<meta name=\"twitter:data1\" content=\"1 minuta\" \/>\n<script type=\"application\/ld+json\" class=\"yoast-schema-graph\">{\"@context\":\"https:\/\/schema.org\",\"@graph\":[{\"@type\":\"WebPage\",\"@id\":\"https:\/\/ironsky.pl\/sklep\/produkt\/statyw-stacji-dji-d-rtk-3-2\/\",\"url\":\"https:\/\/ironsky.pl\/sklep\/produkt\/statyw-stacji-dji-d-rtk-3-2\/\",\"name\":\"Statyw stacji DJI D-RTK 3 - IRONSKY.PL Sklep z Dronami\",\"isPartOf\":{\"@id\":\"https:\/\/ironsky.pl\/sklep\/#website\"},\"primaryImageOfPage\":{\"@id\":\"https:\/\/ironsky.pl\/sklep\/produkt\/statyw-stacji-dji-d-rtk-3-2\/#primaryimage\"},\"image\":{\"@id\":\"https:\/\/ironsky.pl\/sklep\/produkt\/statyw-stacji-dji-d-rtk-3-2\/#primaryimage\"},\"thumbnailUrl\":\"https:\/\/ironsky.pl\/sklep\/wp-content\/uploads\/2025\/04\/49950_2.jpg\",\"datePublished\":\"2026-04-15T08:56:53+00:00\",\"dateModified\":\"2026-04-15T08:57:08+00:00\",\"description\":\"Statyw stacji DJI D-RTK 3 - \u2705 sklep z dronami i fachowym doradztwem. \u2705 Tutaj kupisz produkty DJI, Yuneec, Parrot, Syma i wiele innych, a tak\u017ce kursy i licencje na operatora drona.\",\"breadcrumb\":{\"@id\":\"https:\/\/ironsky.pl\/sklep\/produkt\/statyw-stacji-dji-d-rtk-3-2\/#breadcrumb\"},\"inLanguage\":\"pl-PL\",\"potentialAction\":[{\"@type\":\"ReadAction\",\"target\":[\"https:\/\/ironsky.pl\/sklep\/produkt\/statyw-stacji-dji-d-rtk-3-2\/\"]}]},{\"@type\":\"ImageObject\",\"inLanguage\":\"pl-PL\",\"@id\":\"https:\/\/ironsky.pl\/sklep\/produkt\/statyw-stacji-dji-d-rtk-3-2\/#primaryimage\",\"url\":\"https:\/\/ironsky.pl\/sklep\/wp-content\/uploads\/2025\/04\/49950_2.jpg\",\"contentUrl\":\"https:\/\/ironsky.pl\/sklep\/wp-content\/uploads\/2025\/04\/49950_2.jpg\",\"width\":800,\"height\":800},{\"@type\":\"BreadcrumbList\",\"@id\":\"https:\/\/ironsky.pl\/sklep\/produkt\/statyw-stacji-dji-d-rtk-3-2\/#breadcrumb\",\"itemListElement\":[{\"@type\":\"ListItem\",\"position\":1,\"name\":\"Strona g\u0142\u00f3wna\",\"item\":\"https:\/\/ironsky.pl\/sklep\/\"},{\"@type\":\"ListItem\",\"position\":2,\"name\":\"Wszystkie produkty\",\"item\":\"https:\/\/ironsky.pl\/sklep\/produkty\/\"},{\"@type\":\"ListItem\",\"position\":3,\"name\":\"Statyw stacji DJI D-RTK 3\"}]},{\"@type\":\"WebSite\",\"@id\":\"https:\/\/ironsky.pl\/sklep\/#website\",\"url\":\"https:\/\/ironsky.pl\/sklep\/\",\"name\":\"IRONSKY.PL Sklep z Dronami\",\"description\":\"IRONSKY.PL Sklep z Dronami\",\"potentialAction\":[{\"@type\":\"SearchAction\",\"target\":{\"@type\":\"EntryPoint\",\"urlTemplate\":\"https:\/\/ironsky.pl\/sklep\/?s={search_term_string}\"},\"query-input\":{\"@type\":\"PropertyValueSpecification\",\"valueRequired\":true,\"valueName\":\"search_term_string\"}}],\"inLanguage\":\"pl-PL\"}]}<\/script>\n<!-- \/ Yoast SEO plugin. -->","yoast_head_json":{"title":"Statyw stacji DJI D-RTK 3 - IRONSKY.PL Sklep z Dronami","description":"Statyw stacji DJI D-RTK 3 - \u2705 sklep z dronami i fachowym doradztwem. \u2705 Tutaj kupisz produkty DJI, Yuneec, Parrot, Syma i wiele innych, a tak\u017ce kursy i licencje na operatora drona.","robots":{"index":"index","follow":"follow","max-snippet":"max-snippet:-1","max-image-preview":"max-image-preview:large","max-video-preview":"max-video-preview:-1"},"canonical":"https:\/\/ironsky.pl\/sklep\/produkt\/statyw-stacji-dji-d-rtk-3-2\/","og_locale":"pl_PL","og_type":"article","og_title":"Statyw stacji DJI D-RTK 3 - IRONSKY.PL Sklep z Dronami","og_description":"Statyw stacji DJI D-RTK 3 - \u2705 sklep z dronami i fachowym doradztwem. \u2705 Tutaj kupisz produkty DJI, Yuneec, Parrot, Syma i wiele innych, a tak\u017ce kursy i licencje na operatora drona.","og_url":"https:\/\/ironsky.pl\/sklep\/produkt\/statyw-stacji-dji-d-rtk-3-2\/","og_site_name":"IRONSKY.PL Sklep z Dronami","article_modified_time":"2026-04-15T08:57:08+00:00","og_image":[{"width":800,"height":800,"url":"https:\/\/ironsky.pl\/sklep\/wp-content\/uploads\/2025\/04\/49950_2.jpg","type":"image\/jpeg"}],"twitter_card":"summary_large_image","twitter_misc":{"Szacowany czas czytania":"1 minuta"},"schema":{"@context":"https:\/\/schema.org","@graph":[{"@type":"WebPage","@id":"https:\/\/ironsky.pl\/sklep\/produkt\/statyw-stacji-dji-d-rtk-3-2\/","url":"https:\/\/ironsky.pl\/sklep\/produkt\/statyw-stacji-dji-d-rtk-3-2\/","name":"Statyw stacji DJI D-RTK 3 - IRONSKY.PL Sklep z Dronami","isPartOf":{"@id":"https:\/\/ironsky.pl\/sklep\/#website"},"primaryImageOfPage":{"@id":"https:\/\/ironsky.pl\/sklep\/produkt\/statyw-stacji-dji-d-rtk-3-2\/#primaryimage"},"image":{"@id":"https:\/\/ironsky.pl\/sklep\/produkt\/statyw-stacji-dji-d-rtk-3-2\/#primaryimage"},"thumbnailUrl":"https:\/\/ironsky.pl\/sklep\/wp-content\/uploads\/2025\/04\/49950_2.jpg","datePublished":"2026-04-15T08:56:53+00:00","dateModified":"2026-04-15T08:57:08+00:00","description":"Statyw stacji DJI D-RTK 3 - \u2705 sklep z dronami i fachowym doradztwem. \u2705 Tutaj kupisz produkty DJI, Yuneec, Parrot, Syma i wiele innych, a tak\u017ce kursy i licencje na operatora drona.","breadcrumb":{"@id":"https:\/\/ironsky.pl\/sklep\/produkt\/statyw-stacji-dji-d-rtk-3-2\/#breadcrumb"},"inLanguage":"pl-PL","potentialAction":[{"@type":"ReadAction","target":["https:\/\/ironsky.pl\/sklep\/produkt\/statyw-stacji-dji-d-rtk-3-2\/"]}]},{"@type":"ImageObject","inLanguage":"pl-PL","@id":"https:\/\/ironsky.pl\/sklep\/produkt\/statyw-stacji-dji-d-rtk-3-2\/#primaryimage","url":"https:\/\/ironsky.pl\/sklep\/wp-content\/uploads\/2025\/04\/49950_2.jpg","contentUrl":"https:\/\/ironsky.pl\/sklep\/wp-content\/uploads\/2025\/04\/49950_2.jpg","width":800,"height":800},{"@type":"BreadcrumbList","@id":"https:\/\/ironsky.pl\/sklep\/produkt\/statyw-stacji-dji-d-rtk-3-2\/#breadcrumb","itemListElement":[{"@type":"ListItem","position":1,"name":"Strona g\u0142\u00f3wna","item":"https:\/\/ironsky.pl\/sklep\/"},{"@type":"ListItem","position":2,"name":"Wszystkie produkty","item":"https:\/\/ironsky.pl\/sklep\/produkty\/"},{"@type":"ListItem","position":3,"name":"Statyw stacji DJI D-RTK 3"}]},{"@type":"WebSite","@id":"https:\/\/ironsky.pl\/sklep\/#website","url":"https:\/\/ironsky.pl\/sklep\/","name":"IRONSKY.PL Sklep z Dronami","description":"IRONSKY.PL Sklep z Dronami","potentialAction":[{"@type":"SearchAction","target":{"@type":"EntryPoint","urlTemplate":"https:\/\/ironsky.pl\/sklep\/?s={search_term_string}"},"query-input":{"@type":"PropertyValueSpecification","valueRequired":true,"valueName":"search_term_string"}}],"inLanguage":"pl-PL"}]}},"_links":{"self":[{"href":"https:\/\/ironsky.pl\/sklep\/wp-json\/wp\/v2\/product\/60165","targetHints":{"allow":["GET"]}}],"collection":[{"href":"https:\/\/ironsky.pl\/sklep\/wp-json\/wp\/v2\/product"}],"about":[{"href":"https:\/\/ironsky.pl\/sklep\/wp-json\/wp\/v2\/types\/product"}],"replies":[{"embeddable":true,"href":"https:\/\/ironsky.pl\/sklep\/wp-json\/wp\/v2\/comments?post=60165"}],"wp:featuredmedia":[{"embeddable":true,"href":"https:\/\/ironsky.pl\/sklep\/wp-json\/wp\/v2\/media\/39590"}],"wp:attachment":[{"href":"https:\/\/ironsky.pl\/sklep\/wp-json\/wp\/v2\/media?parent=60165"}],"wp:term":[{"taxonomy":"product_brand","embeddable":true,"href":"https:\/\/ironsky.pl\/sklep\/wp-json\/wp\/v2\/product_brand?post=60165"},{"taxonomy":"product_cat","embeddable":true,"href":"https:\/\/ironsky.pl\/sklep\/wp-json\/wp\/v2\/product_cat?post=60165"},{"taxonomy":"product_tag","embeddable":true,"href":"https:\/\/ironsky.pl\/sklep\/wp-json\/wp\/v2\/product_tag?post=60165"}],"curies":[{"name":"wp","href":"https:\/\/api.w.org\/{rel}","templated":true}]}}