{"id":60164,"date":"2026-04-15T10:56:53","date_gmt":"2026-04-15T08:56:53","guid":{"rendered":"https:\/\/ironsky.pl\/sklep\/produkt\/stacja-dji-d-rtk-3-2\/"},"modified":"2026-04-15T10:57:06","modified_gmt":"2026-04-15T08:57:06","slug":"stacja-dji-d-rtk-3-2","status":"publish","type":"product","link":"https:\/\/ironsky.pl\/sklep\/produkt\/stacja-dji-d-rtk-3-2\/","title":{"rendered":"Stacja DJI D-RTK 3"},"content":{"rendered":"<h3>Stacja DJI D-RTK 3<\/h3>\n<p>Wielofunkcyjna stacja D-RTK 3 mo\u017ce s\u0142u\u017cy\u0107 jako stacja bazowa, aby zapewni\u0107 pozycjonowanie z dok\u0142adno\u015bci\u0105 do 1 centymetra dla wielu dron\u00f3w jednocze\u015bnie lub rozszerzy\u0107 zasi\u0119g operacyjny dron\u00f3w w trybie stacji przeka\u017anikowej.<\/p>\n<h3>Zawarto\u015b\u0107 zestawu:<\/h3>\n<ul>\n<li>Stacja D-RTK 3 (tyczka i statyw sprzedawana osobno)<\/li>\n<li>Zestaw 4 sztuk anten\u00a0OcuSync<\/li>\n<li>Walizka transportowa<\/li>\n<\/ul>\n<div class=\"table-wrapper\">\n<table>\n<tbody>\n<tr>\n<td><strong>ODBIORNIK GNSS<\/strong><\/td>\n<td>\u00a0<\/td>\n<\/tr>\n<tr>\n<td><strong>Cz\u0119stotliwo\u015b\u0107 GNSS<\/strong><\/td>\n<td>GPS: L1C\/A, L2C, L5<br \/>BDS: B1I, B2I, B3I, B1C, B2a, B2b<br \/>GALILEO: E1, E5a, E5b, E6<br \/>GLONASS: L1, L2<br \/>QZSS: L1C\/A, L2C, L5<br \/>L-Band<\/td>\n<\/tr>\n<tr>\n<td><strong>Dok\u0142adno\u015b\u0107 systemu<\/strong><\/td>\n<td>\n<p>Tryb stacji bazowej (tryb nadawania) i tryb stacji przeka\u017anikowej<\/p>\n<p>Dok\u0142adno\u015b\u0107 stacji bazowej:<br \/>Dok\u0142adno\u015b\u0107 pojedynczego punktu (nieskalibrowana):<br \/>Pozioma: 1,5 m (RMS)<br \/>Pionowa: 3,0 m (RMS)<\/p>\n<p>Dok\u0142adno\u015b\u0107 r\u00f3\u017cnicowa oparta na satelitach:<br \/>Czas zbie\u017cno\u015bci: 20 min<br \/>Pozioma: 30 cm (RMS)<br \/>Pionowo: 40 cm (RMS)<\/p>\n<p>Kalibracja sieci RTK**:<br \/>Pozioma: 1,0 cm (RMS) + 1 ppm<br \/>Pionowo: 3,0 cm (RMS) + 1 ppm<\/p>\n<p>Tryb stacji odbiorczej*<\/p>\n<p>Dok\u0142adno\u015b\u0107 RTK (pomiar sta\u0142y):<br \/>Pozioma: 0,8 cm (RMS) + 1 ppm<br \/>Pionowo: 1,5 cm (RMS) + 1 ppm<\/p>\n<p>Dok\u0142adno\u015b\u0107 RTK (pomiar nachylenia)***:<br \/>Zakres k\u0105t\u00f3w: 0\u00b0 do 60\u00b0<br \/>Poziomo: 8 mm + 0,7 mm\/\u00b0 pochylenia (dok\u0142adno\u015b\u0107 &lt;2 cm w zakresie 30\u00b0)<\/p>\n<p><span style=\"font-size: 9px;\">* Dok\u0142adno\u015b\u0107 pomiaru zale\u017cy od r\u00f3\u017cnych czynnik\u00f3w. Warto\u015b\u0107 ta jest uzyskiwana w normalnych warunkach przy niezak\u0142\u00f3conej widoczno\u015bci, dobrej dystrybucji satelit\u00f3w, niskiej aktywno\u015bci jonosferycznej i braku zak\u0142\u00f3ce\u0144 elektromagnetycznych lub efekt\u00f3w wielo\u015bcie\u017ckowych.<\/span><br \/><span style=\"font-size: 9px;\">** Dok\u0142adno\u015b\u0107 wsp\u00f3\u0142rz\u0119dnych kalibracji stacji bazowej zale\u017cy od r\u00f3\u017cnych czynnik\u00f3w. W przypadku pomiar\u00f3w geodezyjnych, precyzyjnych tras lot\u00f3w itp. zaleca si\u0119 kalibracj\u0119 w okresach nieaktywnej jonosfery, w otwartym, niezak\u0142\u00f3conym \u015brodowisku bez zak\u0142\u00f3ce\u0144 elektromagnetycznych lub efekt\u00f3w wielodro\u017cno\u015bci, przy u\u017cyciu czterech lub wi\u0119cej system\u00f3w GNSS.<\/span><br \/><span style=\"font-size: 9px;\">*** Intensywne wibracje i szybkie obroty mog\u0105 wp\u0142ywa\u0107 na dok\u0142adno\u015b\u0107 inercyjnej jednostki pomiarowej.<\/span><\/p>\n<\/td>\n<\/tr>\n<tr>\n<td><strong>Precyzyjne pozycjonowanie satelitarne*<\/strong><\/td>\n<td>\n<p>Obs\u0142ugiwane cz\u0119stotliwo\u015bci: BDS B2b, GALILEO E6**, L-BAND**<br \/>Czas konwergencji: 20 minut<br \/>Poziomo: 30 cm (RMS)<br \/>Pionowo: 40 cm (RMS)<\/p>\n<p><span style=\"font-size: 9px;\">* Dok\u0142adno\u015b\u0107 pomiaru zale\u017cy od r\u00f3\u017cnych czynnik\u00f3w. Warto\u015b\u0107 ta jest uzyskiwana w normalnych warunkach przy niezak\u0142\u00f3conym widoku, dobrej dystrybucji satelit\u00f3w, niskiej aktywno\u015bci jonosferycznej i braku zak\u0142\u00f3ce\u0144 elektromagnetycznych lub efekt\u00f3w wielo\u015bcie\u017ckowych.<\/span><br \/><span style=\"font-size: 9px;\">** B\u0119dzie obs\u0142ugiwane w p\u00f3\u017aniejszych wersjach.<\/span><\/p>\n<\/td>\n<\/tr>\n<tr>\n<td><strong>R\u00f3\u017cnicowy format transmisji danych<\/strong><\/td>\n<td>\n<p>Gdy jest u\u017cywana jako stacja bazowa lub przeka\u017anikowa, zapisuje surowe dane obserwacyjne RTCM 3.2 w formacie DAT.<br \/>W trybie rover station lub w trybie kalibracji dla stacji bazowych i przeka\u017anikowych:<br \/>1. Obs\u0142uguje protoko\u0142y RTCM v3.0, v3.1, v3.2, v3.3, MSM4, MSM5, MSM6, MSM7.<br \/>2. Zaleca si\u0119 u\u017cywanie odbiornik\u00f3w obs\u0142uguj\u0105cych cztery lub wi\u0119cej system\u00f3w GNSS.<\/p>\n<\/td>\n<\/tr>\n<tr>\n<td><strong>Niezawodno\u015b\u0107 inicjalizacji<\/strong><\/td>\n<td>&gt;99.9%<\/td>\n<\/tr>\n<tr>\n<td><strong>TRANSMISJA WIDEO<\/strong><\/td>\n<td>\u00a0<\/td>\n<\/tr>\n<tr>\n<td><strong>System transmisji wideo<\/strong><\/td>\n<td>O4 Enterprise<\/td>\n<\/tr>\n<tr>\n<td><strong>Cz\u0119stotliwo\u015b\u0107 pracy<\/strong><\/td>\n<td>Tryb stacji przeka\u017anikowej:<br \/>O4: 2,4 GHz\/5,2 GHz\/5,8 GHz<br \/>Tryb transmisji:<br \/>O4: 2,4 GHz\/5,8 GHz<br \/>Tryb Rover Station:<br \/>BLE: 2,4 GHz<\/td>\n<\/tr>\n<tr>\n<td><strong>Moc nadajnika (EIRP)<\/strong><\/td>\n<td>\n<p>2.4000 GHz do 2.4835 GHz:<br \/>&lt;33 dBm (FCC)<br \/>\uff1c20 dBm (CE\/SRRC\/MIC)<\/p>\n<p>5.150 GHz do 5.250 GHz:<br \/>&lt;23 dBm (CE\/FCC)<\/p>\n<p>5.725 GHz do 5.850 GHz:<br \/>&lt;33 dBm (FCC)<br \/>&lt;30 dBm (SRRC)<br \/>&lt;14 dBm (CE)<\/p>\n<\/td>\n<\/tr>\n<tr>\n<td><strong>Bluetooth<\/strong><\/td>\n<td>Protok\u00f3\u0142: Bluetooth 5.1<br \/>Cz\u0119stotliwo\u015b\u0107: od 2,400 GHz do 2,4835 GHz<br \/>Moc nadajnika (EIRP): &lt;10 dBm<\/td>\n<\/tr>\n<tr>\n<td><strong>Maksymalna odleg\u0142o\u015b\u0107 transmisji (bez przeszk\u00f3d, bez zak\u0142\u00f3ce\u0144)<\/strong><\/td>\n<td>\n<p>Tryb stacji bazowej<br \/>Pomi\u0119dzy D-RTK 3 a samolotem:<br \/>FCC: 15 km<br \/>SRRC: 12 km<br \/>CE\/JP: 8 km<\/p>\n<p>Tryb Rover Station:<br \/>Pomi\u0119dzy D-RTK 3 i urz\u0105dzeniami mobilnymi: 30 m<\/p>\n<p><span style=\"font-size: 9px;\">Zmierzone w niezak\u0142\u00f3conym \u015brodowisku zewn\u0119trznym wolnym od zak\u0142\u00f3ce\u0144. Powy\u017csze dane pokazuj\u0105 najdalszy zasi\u0119g komunikacji dla lot\u00f3w w jedn\u0105 stron\u0119 bez powrotu w ramach ka\u017cdego standardu. Podczas lotu nale\u017cy zawsze zwraca\u0107 uwag\u0119 na przypomnienia RTH w aplikacji.<\/span><\/p>\n<\/td>\n<\/tr>\n<tr>\n<td><strong>Maksymalna odleg\u0142o\u015b\u0107 transmisji w trybie stacji przeka\u017anikowej (bez przeszk\u00f3d, bez zak\u0142\u00f3ce\u0144)<\/strong><\/td>\n<td>\n<p>FCC<br \/>Mi\u0119dzy dronem a stacj\u0105 przeka\u017anikow\u0105: 25 km<br \/>Mi\u0119dzy stacj\u0105 przeka\u017anikow\u0105 a aparatur\u0105 zdalnego sterowania: 1 km<\/p>\n<p>SRRC<br \/>Mi\u0119dzy dronem a stacj\u0105 przeka\u017anikow\u0105: 12 km<br \/>Mi\u0119dzy stacj\u0105 przeka\u017anikow\u0105 a aparatur\u0105 zdalnego sterowania: 1 km<\/p>\n<p>CE<br \/>Mi\u0119dzy dronem a stacj\u0105 przeka\u017anikow\u0105: 10 km<br \/>Mi\u0119dzy stacj\u0105 przeka\u017anikow\u0105 a aparatur\u0105 zdalnego sterowania: 300 m<\/p>\n<p><span style=\"font-size: 9px;\">Zmierzone w niezak\u0142\u00f3conym \u015brodowisku zewn\u0119trznym wolnym od zak\u0142\u00f3ce\u0144. Powy\u017csze dane pokazuj\u0105 najdalszy zasi\u0119g komunikacji dla lot\u00f3w w jedn\u0105 stron\u0119 bez powrotu w ramach ka\u017cdego standardu. Podczas lotu nale\u017cy zawsze zwraca\u0107 uwag\u0119 na przypomnienia o RTH w aplikacji. Stacja przeka\u017anikowa powinna by\u0107 umieszczona na wzniesieniu, bez przeszk\u00f3d, aby zapewni\u0107 wyra\u017an\u0105 komunikacj\u0119 mi\u0119dzy aparatur\u0105 zdalnego sterowania a dronem.<\/span><\/p>\n<\/td>\n<\/tr>\n<tr>\n<td><strong>Maksymalna odleg\u0142o\u015b\u0107 transmisji w trybie stacji przeka\u017anikowej (bez przeszk\u00f3d, z zak\u0142\u00f3ceniami)<\/strong><\/td>\n<td>\n<p>Silne zak\u0142\u00f3cenia: Centra miast, ok. 1,5-5 km<br \/>\u015arednie zak\u0142\u00f3cenia: Obszary podmiejskie, ok. 5-15 km<br \/>Mikro zak\u0142\u00f3cenia: Obszary oddalone\/obrze\u017ca, ok. 15-25 km<\/p>\n<p><span style=\"font-size: 9px;\">Dane s\u0105 testowane zgodnie z normami FCC w niezak\u0142\u00f3conym \u015brodowisku o typowych zak\u0142\u00f3ceniach. S\u0142u\u017c\u0105 jedynie jako odniesienie i nie stanowi\u0105 gwarancji co do rzeczywistej odleg\u0142o\u015bci lotu.<\/span><\/p>\n<\/td>\n<\/tr>\n<tr>\n<td><strong>Maksymalna odleg\u0142o\u015b\u0107 transmisji w trybie stacji przeka\u017anikowej (z przeszkodami, z zak\u0142\u00f3ceniami)<\/strong><\/td>\n<td>\n<p>Niskie zak\u0142\u00f3cenia i przeszkody w postaci budynk\u00f3w: ok. 0-0,5 km<br \/>Niskie zak\u0142\u00f3cenia i przeszkody w postaci drzew: ok. 0,5-3 km<\/p>\n<p><span style=\"font-size: 9px;\">Dane s\u0105 testowane zgodnie z normami FCC w niezak\u0142\u00f3conym \u015brodowisku o typowych zak\u0142\u00f3ceniach. S\u0142u\u017c\u0105 jedynie jako odniesienie i nie stanowi\u0105 gwarancji co do rzeczywistej odleg\u0142o\u015bci lotu.<\/span><\/p>\n<\/td>\n<\/tr>\n<tr>\n<td><strong>Antena<\/strong><\/td>\n<td>\n<p>OcuSync 4 anteny kierunkowe \u00d7 4, 2T4R<\/p>\n<p><span style=\"font-size: 9px;\">Antena wykorzystuje standardowe z\u0142\u0105cze SMA o odwrotnej polaryzacji.<\/span><\/p>\n<\/td>\n<\/tr>\n<tr>\n<td><strong>W\u0141A\u015aCIWO\u015aCI ELEKTRYCZNE<\/strong><\/td>\n<td>\u00a0<\/td>\n<\/tr>\n<tr>\n<td><strong>Moc<\/strong><\/td>\n<td>Stacja przeka\u017anikowa: 14,5 W (maks. pob\u00f3r mocy bez ogrzewania; maks. 36,5 W z ogrzewaniem)<br \/>Stacja bazowa: 7 W<br \/>Tryb Rover Station: 6.2 W<\/td>\n<\/tr>\n<tr>\n<td><strong>Obs\u0142ugiwany zasilacz<\/strong><\/td>\n<td>\n<p>Protok\u00f3\u0142 USB PD 3.0, napi\u0119cie wyj\u015bciowe adaptera 9V do 15V (np. przeno\u015bna \u0142adowarka DJI 65W)<\/p>\n<p><span style=\"font-size: 9px;\">W przypadku korzystania z niezalecanej \u0142adowarki, takiej jak \u0142adowarka z wyj\u015bciem 5 V, urz\u0105dzenie D-RTK 3 mo\u017cna \u0142adowa\u0107 dopiero po wy\u0142\u0105czeniu zasilania.<\/span><\/p>\n<\/td>\n<\/tr>\n<tr>\n<td><strong>Port wyj\u015bcia zasilania<\/strong><\/td>\n<td>\n<p>USB Typ-C<\/p>\n<\/td>\n<\/tr>\n<tr>\n<td><strong>Czas pracy (w temperaturze pokojowej)*<\/strong><\/td>\n<td>\n<p>Stacja przeka\u017anikowa: 4 godz.<br \/>Stacja bazowa: 7 godzin<br \/>Tryb Rover Station: 10 godz.<\/p>\n<p><span style=\"font-size: 9px;\">* Wydajno\u015b\u0107 akumulatora mo\u017ce spa\u015b\u0107 w niskich temperaturach; zaleca si\u0119 korzystanie z zasilaczy obs\u0142uguj\u0105cych protok\u00f3\u0142 USB PD 3.0.<\/span><\/p>\n<\/td>\n<\/tr>\n<tr>\n<td><strong>Akumulator<\/strong><\/td>\n<td>\n<p>LiPo<br \/>Pojemno\u015b\u0107: 6500 mAh<br \/>Energia: 46,8 Wh<\/p>\n<\/td>\n<\/tr>\n<tr>\n<td><strong>CHARAKTERYSTYKA OG\u00d3LNA<\/strong><\/td>\n<td>\u00a0<\/td>\n<\/tr>\n<tr>\n<td><strong>Temperatura pracy<\/strong><\/td>\n<td>\n<p>-20\u00b0 do 55\u00b0C<\/p>\n<p><span style=\"font-size: 9px;\">1. W \u015brodowisku o normalnej temperaturze moc \u0142adowania zostanie ograniczona, je\u015bli temperatura obudowy urz\u0105dzenia przekroczy 48\u00b0C. \u0141adowanie z pe\u0142n\u0105 moc\u0105 zostanie wznowione po sch\u0142odzeniu.<\/span><br \/><span style=\"font-size: 9px;\">2. Po przechowywaniu\/u\u017cytkowaniu w niskich temperaturach, urz\u0105dzenie nale\u017cy przenie\u015b\u0107 do \u015brodowiska o normalnej temperaturze i pozostawi\u0107 do ogrzania do temperatury wewn\u0119trznej akumulatora&gt;0\u00b0C przed \u0142adowaniem.<\/span><br \/><span style=\"font-size: 9px;\">3. Po przechowywaniu\/u\u017cytkowaniu w wysokich temperaturach, urz\u0105dzenie nale\u017cy przenie\u015b\u0107 do \u015brodowiska o normalnej temperaturze i pozostawi\u0107 do ostygni\u0119cia, a\u017c wewn\u0119trzna temperatura akumulatora osi\u0105gnie &lt;45\u00b0C przed \u0142adowaniem.<\/span><\/p>\n<\/td>\n<\/tr>\n<tr>\n<td><strong>Stopie\u0144 ochrony<\/strong><\/td>\n<td>\n<p>IP67*<\/p>\n<p><span style=\"font-size: 9px;\">* Nale\u017cy upewni\u0107 si\u0119, \u017ce wszystkie gumowe wtyczki na obudowie s\u0105 prawid\u0142owo zainstalowane.<\/span><\/p>\n<\/td>\n<\/tr>\n<tr>\n<td><strong>Odporno\u015b\u0107 na upadki<\/strong><\/td>\n<td>\n<p>Upadek z wysoko\u015bci 2 m z tyczk\u0105<\/p>\n<\/td>\n<\/tr>\n<tr>\n<td><strong>Wymiary<\/strong><\/td>\n<td>\n<p>163 \u00d7 89 mm (bez anten kierunkowych OcuSync)<\/p>\n<\/td>\n<\/tr>\n<tr>\n<td><strong>Masa<\/strong><\/td>\n<td>\n<p>Oko\u0142o 1,26 kg<\/p>\n<\/td>\n<\/tr>\n<\/tbody>\n<\/table>\n<\/div>\n","protected":false},"excerpt":{"rendered":"<p>Stacja DJI D-RTK 3 Wielofunkcyjna stacja D-RTK 3 mo\u017ce s\u0142u\u017cy\u0107 jako stacja bazowa, aby zapewni\u0107 pozycjonowanie z dok\u0142adno\u015bci\u0105 do 1<\/p>\n","protected":false},"featured_media":39581,"comment_status":"closed","ping_status":"open","template":"","meta":{"_acf_changed":false},"product_brand":[],"product_cat":[6169,1088,1105],"product_tag":[],"class_list":{"0":"post-60164","1":"product","2":"type-product","3":"status-publish","4":"has-post-thumbnail","6":"product_cat-akcesoria-i-czesci","7":"product_cat-drony","8":"product_cat-przemyslowe","9":"pa_okres-gwarancji-5757","10":"pa_producent-dji-enterprise","12":"first","13":"outofstock","14":"taxable","15":"shipping-taxable","16":"purchasable","17":"product-type-simple"},"acf":[],"yoast_head":"<!-- This site is optimized with the Yoast SEO plugin v27.2 - https:\/\/yoast.com\/product\/yoast-seo-wordpress\/ -->\n<title>Stacja DJI D-RTK 3 - IRONSKY.PL Sklep z Dronami<\/title>\n<meta name=\"description\" content=\"Stacja DJI D-RTK 3 - \u2705 sklep z dronami i fachowym doradztwem. \u2705 Tutaj kupisz produkty DJI, Yuneec, Parrot, Syma i wiele innych, a tak\u017ce kursy i licencje na operatora drona.\" \/>\n<meta name=\"robots\" content=\"index, follow, max-snippet:-1, max-image-preview:large, max-video-preview:-1\" \/>\n<link rel=\"canonical\" href=\"https:\/\/ironsky.pl\/sklep\/produkt\/stacja-dji-d-rtk-3-2\/\" \/>\n<meta property=\"og:locale\" content=\"pl_PL\" \/>\n<meta property=\"og:type\" content=\"article\" \/>\n<meta property=\"og:title\" content=\"Stacja DJI D-RTK 3 - IRONSKY.PL Sklep z Dronami\" \/>\n<meta property=\"og:description\" content=\"Stacja DJI D-RTK 3 - \u2705 sklep z dronami i fachowym doradztwem. \u2705 Tutaj kupisz produkty DJI, Yuneec, Parrot, Syma i wiele innych, a tak\u017ce kursy i licencje na operatora drona.\" \/>\n<meta property=\"og:url\" content=\"https:\/\/ironsky.pl\/sklep\/produkt\/stacja-dji-d-rtk-3-2\/\" \/>\n<meta property=\"og:site_name\" content=\"IRONSKY.PL Sklep z Dronami\" \/>\n<meta property=\"article:modified_time\" content=\"2026-04-15T08:57:06+00:00\" \/>\n<meta property=\"og:image\" content=\"https:\/\/ironsky.pl\/sklep\/wp-content\/uploads\/2025\/04\/49949_1.jpg\" \/>\n\t<meta property=\"og:image:width\" content=\"800\" \/>\n\t<meta property=\"og:image:height\" content=\"800\" \/>\n\t<meta property=\"og:image:type\" content=\"image\/jpeg\" \/>\n<meta name=\"twitter:card\" content=\"summary_large_image\" \/>\n<meta name=\"twitter:label1\" content=\"Szacowany czas czytania\" \/>\n\t<meta name=\"twitter:data1\" content=\"6 minut\" \/>\n<script type=\"application\/ld+json\" class=\"yoast-schema-graph\">{\"@context\":\"https:\/\/schema.org\",\"@graph\":[{\"@type\":\"WebPage\",\"@id\":\"https:\/\/ironsky.pl\/sklep\/produkt\/stacja-dji-d-rtk-3-2\/\",\"url\":\"https:\/\/ironsky.pl\/sklep\/produkt\/stacja-dji-d-rtk-3-2\/\",\"name\":\"Stacja DJI D-RTK 3 - IRONSKY.PL Sklep z Dronami\",\"isPartOf\":{\"@id\":\"https:\/\/ironsky.pl\/sklep\/#website\"},\"primaryImageOfPage\":{\"@id\":\"https:\/\/ironsky.pl\/sklep\/produkt\/stacja-dji-d-rtk-3-2\/#primaryimage\"},\"image\":{\"@id\":\"https:\/\/ironsky.pl\/sklep\/produkt\/stacja-dji-d-rtk-3-2\/#primaryimage\"},\"thumbnailUrl\":\"https:\/\/ironsky.pl\/sklep\/wp-content\/uploads\/2025\/04\/49949_1.jpg\",\"datePublished\":\"2026-04-15T08:56:53+00:00\",\"dateModified\":\"2026-04-15T08:57:06+00:00\",\"description\":\"Stacja DJI D-RTK 3 - \u2705 sklep z dronami i fachowym doradztwem. \u2705 Tutaj kupisz produkty DJI, Yuneec, Parrot, Syma i wiele innych, a tak\u017ce kursy i licencje na operatora drona.\",\"breadcrumb\":{\"@id\":\"https:\/\/ironsky.pl\/sklep\/produkt\/stacja-dji-d-rtk-3-2\/#breadcrumb\"},\"inLanguage\":\"pl-PL\",\"potentialAction\":[{\"@type\":\"ReadAction\",\"target\":[\"https:\/\/ironsky.pl\/sklep\/produkt\/stacja-dji-d-rtk-3-2\/\"]}]},{\"@type\":\"ImageObject\",\"inLanguage\":\"pl-PL\",\"@id\":\"https:\/\/ironsky.pl\/sklep\/produkt\/stacja-dji-d-rtk-3-2\/#primaryimage\",\"url\":\"https:\/\/ironsky.pl\/sklep\/wp-content\/uploads\/2025\/04\/49949_1.jpg\",\"contentUrl\":\"https:\/\/ironsky.pl\/sklep\/wp-content\/uploads\/2025\/04\/49949_1.jpg\",\"width\":800,\"height\":800},{\"@type\":\"BreadcrumbList\",\"@id\":\"https:\/\/ironsky.pl\/sklep\/produkt\/stacja-dji-d-rtk-3-2\/#breadcrumb\",\"itemListElement\":[{\"@type\":\"ListItem\",\"position\":1,\"name\":\"Strona g\u0142\u00f3wna\",\"item\":\"https:\/\/ironsky.pl\/sklep\/\"},{\"@type\":\"ListItem\",\"position\":2,\"name\":\"Wszystkie produkty\",\"item\":\"https:\/\/ironsky.pl\/sklep\/produkty\/\"},{\"@type\":\"ListItem\",\"position\":3,\"name\":\"Stacja DJI D-RTK 3\"}]},{\"@type\":\"WebSite\",\"@id\":\"https:\/\/ironsky.pl\/sklep\/#website\",\"url\":\"https:\/\/ironsky.pl\/sklep\/\",\"name\":\"IRONSKY.PL Sklep z Dronami\",\"description\":\"IRONSKY.PL Sklep z Dronami\",\"potentialAction\":[{\"@type\":\"SearchAction\",\"target\":{\"@type\":\"EntryPoint\",\"urlTemplate\":\"https:\/\/ironsky.pl\/sklep\/?s={search_term_string}\"},\"query-input\":{\"@type\":\"PropertyValueSpecification\",\"valueRequired\":true,\"valueName\":\"search_term_string\"}}],\"inLanguage\":\"pl-PL\"}]}<\/script>\n<!-- \/ Yoast SEO plugin. -->","yoast_head_json":{"title":"Stacja DJI D-RTK 3 - IRONSKY.PL Sklep z Dronami","description":"Stacja DJI D-RTK 3 - \u2705 sklep z dronami i fachowym doradztwem. \u2705 Tutaj kupisz produkty DJI, Yuneec, Parrot, Syma i wiele innych, a tak\u017ce kursy i licencje na operatora drona.","robots":{"index":"index","follow":"follow","max-snippet":"max-snippet:-1","max-image-preview":"max-image-preview:large","max-video-preview":"max-video-preview:-1"},"canonical":"https:\/\/ironsky.pl\/sklep\/produkt\/stacja-dji-d-rtk-3-2\/","og_locale":"pl_PL","og_type":"article","og_title":"Stacja DJI D-RTK 3 - IRONSKY.PL Sklep z Dronami","og_description":"Stacja DJI D-RTK 3 - \u2705 sklep z dronami i fachowym doradztwem. \u2705 Tutaj kupisz produkty DJI, Yuneec, Parrot, Syma i wiele innych, a tak\u017ce kursy i licencje na operatora drona.","og_url":"https:\/\/ironsky.pl\/sklep\/produkt\/stacja-dji-d-rtk-3-2\/","og_site_name":"IRONSKY.PL Sklep z Dronami","article_modified_time":"2026-04-15T08:57:06+00:00","og_image":[{"width":800,"height":800,"url":"https:\/\/ironsky.pl\/sklep\/wp-content\/uploads\/2025\/04\/49949_1.jpg","type":"image\/jpeg"}],"twitter_card":"summary_large_image","twitter_misc":{"Szacowany czas czytania":"6 minut"},"schema":{"@context":"https:\/\/schema.org","@graph":[{"@type":"WebPage","@id":"https:\/\/ironsky.pl\/sklep\/produkt\/stacja-dji-d-rtk-3-2\/","url":"https:\/\/ironsky.pl\/sklep\/produkt\/stacja-dji-d-rtk-3-2\/","name":"Stacja DJI D-RTK 3 - IRONSKY.PL Sklep z Dronami","isPartOf":{"@id":"https:\/\/ironsky.pl\/sklep\/#website"},"primaryImageOfPage":{"@id":"https:\/\/ironsky.pl\/sklep\/produkt\/stacja-dji-d-rtk-3-2\/#primaryimage"},"image":{"@id":"https:\/\/ironsky.pl\/sklep\/produkt\/stacja-dji-d-rtk-3-2\/#primaryimage"},"thumbnailUrl":"https:\/\/ironsky.pl\/sklep\/wp-content\/uploads\/2025\/04\/49949_1.jpg","datePublished":"2026-04-15T08:56:53+00:00","dateModified":"2026-04-15T08:57:06+00:00","description":"Stacja DJI D-RTK 3 - \u2705 sklep z dronami i fachowym doradztwem. \u2705 Tutaj kupisz produkty DJI, Yuneec, Parrot, Syma i wiele innych, a tak\u017ce kursy i licencje na operatora drona.","breadcrumb":{"@id":"https:\/\/ironsky.pl\/sklep\/produkt\/stacja-dji-d-rtk-3-2\/#breadcrumb"},"inLanguage":"pl-PL","potentialAction":[{"@type":"ReadAction","target":["https:\/\/ironsky.pl\/sklep\/produkt\/stacja-dji-d-rtk-3-2\/"]}]},{"@type":"ImageObject","inLanguage":"pl-PL","@id":"https:\/\/ironsky.pl\/sklep\/produkt\/stacja-dji-d-rtk-3-2\/#primaryimage","url":"https:\/\/ironsky.pl\/sklep\/wp-content\/uploads\/2025\/04\/49949_1.jpg","contentUrl":"https:\/\/ironsky.pl\/sklep\/wp-content\/uploads\/2025\/04\/49949_1.jpg","width":800,"height":800},{"@type":"BreadcrumbList","@id":"https:\/\/ironsky.pl\/sklep\/produkt\/stacja-dji-d-rtk-3-2\/#breadcrumb","itemListElement":[{"@type":"ListItem","position":1,"name":"Strona g\u0142\u00f3wna","item":"https:\/\/ironsky.pl\/sklep\/"},{"@type":"ListItem","position":2,"name":"Wszystkie produkty","item":"https:\/\/ironsky.pl\/sklep\/produkty\/"},{"@type":"ListItem","position":3,"name":"Stacja DJI D-RTK 3"}]},{"@type":"WebSite","@id":"https:\/\/ironsky.pl\/sklep\/#website","url":"https:\/\/ironsky.pl\/sklep\/","name":"IRONSKY.PL Sklep z Dronami","description":"IRONSKY.PL Sklep z Dronami","potentialAction":[{"@type":"SearchAction","target":{"@type":"EntryPoint","urlTemplate":"https:\/\/ironsky.pl\/sklep\/?s={search_term_string}"},"query-input":{"@type":"PropertyValueSpecification","valueRequired":true,"valueName":"search_term_string"}}],"inLanguage":"pl-PL"}]}},"_links":{"self":[{"href":"https:\/\/ironsky.pl\/sklep\/wp-json\/wp\/v2\/product\/60164","targetHints":{"allow":["GET"]}}],"collection":[{"href":"https:\/\/ironsky.pl\/sklep\/wp-json\/wp\/v2\/product"}],"about":[{"href":"https:\/\/ironsky.pl\/sklep\/wp-json\/wp\/v2\/types\/product"}],"replies":[{"embeddable":true,"href":"https:\/\/ironsky.pl\/sklep\/wp-json\/wp\/v2\/comments?post=60164"}],"wp:featuredmedia":[{"embeddable":true,"href":"https:\/\/ironsky.pl\/sklep\/wp-json\/wp\/v2\/media\/39581"}],"wp:attachment":[{"href":"https:\/\/ironsky.pl\/sklep\/wp-json\/wp\/v2\/media?parent=60164"}],"wp:term":[{"taxonomy":"product_brand","embeddable":true,"href":"https:\/\/ironsky.pl\/sklep\/wp-json\/wp\/v2\/product_brand?post=60164"},{"taxonomy":"product_cat","embeddable":true,"href":"https:\/\/ironsky.pl\/sklep\/wp-json\/wp\/v2\/product_cat?post=60164"},{"taxonomy":"product_tag","embeddable":true,"href":"https:\/\/ironsky.pl\/sklep\/wp-json\/wp\/v2\/product_tag?post=60164"}],"curies":[{"name":"wp","href":"https:\/\/api.w.org\/{rel}","templated":true}]}}