{"id":60160,"date":"2026-04-15T10:56:53","date_gmt":"2026-04-15T08:56:53","guid":{"rendered":"https:\/\/ironsky.pl\/sklep\/produkt\/aparatura-sterujaca-dji-rc-plus-2-enterprise-enhanced\/"},"modified":"2026-04-15T10:57:02","modified_gmt":"2026-04-15T08:57:02","slug":"aparatura-sterujaca-dji-rc-plus-2-enterprise-enhanced","status":"publish","type":"product","link":"https:\/\/ironsky.pl\/sklep\/produkt\/aparatura-sterujaca-dji-rc-plus-2-enterprise-enhanced\/","title":{"rendered":"Aparatura steruj\u0105ca DJI RC Plus 2 Enterprise Enhanced"},"content":{"rendered":"<h3>Aparatura stworzona dla profesjonalist\u00f3w\u00a0<\/h3>\n<p>DJI RC Plus 2 Enterprise jest wyposa\u017cony w nowy wy\u015bwietlacz o wysokiej jasno\u015bci, zapewniaj\u0105cy dobr\u0105 widoczno\u015b\u0107 nawet w silnym \u015bwietle s\u0142onecznym. Kontroler posiada stopie\u0144 ochrony IP54 i dzia\u0142a w temperaturach od -20\u00b0C do 50\u00b0C. Dzi\u0119ki wydajnej transmisji wideo O4 Enterprise, wbudowanemu uk\u0142adowi antenowemu o du\u017cym wzmocnieniu oraz obs\u0142udze transmisji hybrydowej SDR i 4G, zapewnia stabilny i p\u0142ynny obraz wideo zar\u00f3wno w \u015brodowisku miejskim, jak i g\u00f3rskim.<\/p>\n<h3>Zawarto\u015b\u0107 zestawu:<\/h3>\n<ul>\n<li>Aparatura steruj\u0105ca DJI RC Plus 2<\/li>\n<\/ul>\n<div class=\"table-wrapper\">\n<table>\n<tbody>\n<tr>\n<th>System transmisji wideo <\/th>\n<td>O4 Enterprise<\/td>\n<\/tr>\n<tr>\n<th>Maksymalna odleg\u0142o\u015b\u0107 transmisji (bez przeszk\u00f3d, bez zak\u0142\u00f3ce\u0144) <\/th>\n<td>25 km (FCC)<br \/>12 km (CE)<br \/>12 km (SRRC)<br \/>12 km (MIC)<br \/>Zmierzone w \u015brodowisku wolnym od zak\u0142\u00f3ce\u0144. Powy\u017csze dane pokazuj\u0105 najdalszy zasi\u0119g komunikacji dla lot\u00f3w w jedn\u0105 stron\u0119 bez powrotu w ka\u017cdym standardzie. Podczas lotu nale\u017cy zwr\u00f3ci\u0107 uwag\u0119 na przypomnienie RTH w aplikacji DJI Pilot 2.<\/td>\n<\/tr>\n<tr>\n<th>Cz\u0119stotliwo\u015b\u0107\u00a0pracy transmisji obrazu <\/th>\n<td>2,4000-2,4835 GHz<br \/>5,725-5,850 GHz<br \/>5,1 GHz (tylko odbi\u00f3r)<br \/>Dozwolona cz\u0119stotliwo\u015b\u0107 pracy r\u00f3\u017cni si\u0119 w zale\u017cno\u015bci od kraju i regionu. Wi\u0119cej informacji mo\u017cna znale\u017a\u0107 w lokalnych przepisach i regulacjach.<\/td>\n<\/tr>\n<tr>\n<th>Antena<\/th>\n<td>2T4R, wbudowana antena typu multi-beam o wysokim zysku<\/td>\n<\/tr>\n<tr>\n<th>Moc nadajnika transmisji wideo (EIRP) <\/th>\n<td>2.4 GHz: \uff1c33 dBm (FCC), \uff1c20 dBm (CE\/SRRC\/MIC)<br \/>5.1 GHz: &lt;23 dBm (CE)<br \/>5.8 GHz: &lt;33 dBm (FCC), &lt;14 dBm (CE), &lt;30 dBm (SRRC)<\/td>\n<\/tr>\n<tr>\n<th>Transmisja 4G <\/th>\n<td>Opcjonalny\u00a0DJI Cellular Dongle 2<\/td>\n<\/tr>\n<tr>\n<th>Protok\u00f3\u0142 Wi-Fi <\/th>\n<td>Wi-Fi Direct, Wireless Display, IEEE 802.11a\/b\/g\/n\/ac\/ax<br \/>Obs\u0142uga 2 \u00d7 2 MIMO Wi-Fi, Dual Band Simultaneous (DBS) z podw\u00f3jnym MAC, szybko\u015b\u0107 transmisji danych do 1774,5 Mb\/s (2 \u00d7 2 + 2 \u00d7 2 11ax DBS)<\/td>\n<\/tr>\n<tr>\n<th>Cz\u0119stotliwo\u015b\u0107\u00a0operacyjna Wi-Fi <\/th>\n<td>5.150-5.250 GHz<br \/>5.725-5.850 GHz<br \/>Cz\u0119stotliwo\u015bci 5,8 i 5,2 GHz s\u0105 zabronione w niekt\u00f3rych krajach. W niekt\u00f3rych krajach cz\u0119stotliwo\u015b\u0107 5,2 GHz jest dozwolona tylko do u\u017cytku w pomieszczeniach.<\/td>\n<\/tr>\n<tr>\n<th>Moc nadajnika Wi-Fi (EIRP) <\/th>\n<td>2.4 GHz: \uff1c26 dBm (FCC), \uff1c20 dBm (CE\/SRRC\/ MIC)<br \/>5.1 GHz: &lt;23 dBm (FCC)<br \/>5.8 GHz \uff1c23 dBm (FCC\/SRRC), \uff1c14 dBm (CE)<\/td>\n<\/tr>\n<tr>\n<th>Protok\u00f3\u0142 Bluetooth <\/th>\n<td>Bluetooth 5.2<\/td>\n<\/tr>\n<tr>\n<th>Cz\u0119stotliwo\u015b\u0107 pracy Bluetooth <\/th>\n<td>2.400-2.4835 GHz<\/td>\n<\/tr>\n<tr>\n<th>Moc nadajnika Bluetooth (EIRP) <\/th>\n<td>&lt;10 dBm<\/td>\n<\/tr>\n<tr>\n<th>Rozdzielczo\u015b\u0107 ekranu <\/th>\n<td>1920 \u00d7 1200<\/td>\n<\/tr>\n<tr>\n<th>Rozmiar ekranu <\/th>\n<td>7,02 cala<\/td>\n<\/tr>\n<tr>\n<th>Cz\u0119stotliwo\u015b\u0107 od\u015bwie\u017cania ekranu <\/th>\n<td>60 fps<\/td>\n<\/tr>\n<tr>\n<th>Jasno\u015b\u0107<\/th>\n<td>1400 nit\u00f3w<\/td>\n<\/tr>\n<tr>\n<th>Sterowanie za pomoc\u0105 ekranu dotykowego <\/th>\n<td>10-cio punktowy Multi-touch<\/td>\n<\/tr>\n<tr>\n<th>Wbudowany akumulator <\/th>\n<td>Akumulator litowo-jonowy 2S2P o wysokiej g\u0119sto\u015bci energii 18650 (6500 mAh @ 7,2 V) 46,8 Wh<\/td>\n<\/tr>\n<tr>\n<th>Akumulator zewn\u0119trzny <\/th>\n<td>Opcjonalnie, WB37 (4920 mAh @ 7,6 V) 37 Wh<\/td>\n<\/tr>\n<tr>\n<th>Spos\u00f3b \u0142adowania <\/th>\n<td>Obs\u0142uguje szybkie \u0142adowanie PD, z maksymaln\u0105 specyfikacj\u0105 \u0142adowarki USB typu C 20 V \/ 3,25 A.<\/td>\n<\/tr>\n<tr>\n<th>Pojemno\u015b\u0107 pami\u0119ci masowej <\/th>\n<td>Pami\u0119\u0107 ROM 128 G + mo\u017cliwo\u015b\u0107 rozszerzenia za pomoc\u0105 karty microSD<\/td>\n<\/tr>\n<tr>\n<th>Czas \u0142adowania <\/th>\n<td>2 godziny dla akumulatora wbudowanego lub akumulatora wbudowanego i zewn\u0119trznego.<br \/>Gdy aparatura zdalnego sterowania jest wy\u0142\u0105czony i u\u017cywana jest standardowa \u0142adowarka DJI.<\/td>\n<\/tr>\n<tr>\n<th>Czas pracy na akumulatorze wbudowanym <\/th>\n<td>3.8 h<\/td>\n<\/tr>\n<tr>\n<th>Czas pracy na akumulatorze zewn\u0119trznym <\/th>\n<td>3.2 h<\/td>\n<\/tr>\n<tr>\n<th>Port wyj\u015bciowy <\/th>\n<td>HDMI 1.4<\/td>\n<\/tr>\n<tr>\n<th>Wska\u017aniki <\/th>\n<td>Kontrolka stanu, kontrolka zasilania i kontrolka uprawnie\u0144, tr\u00f3jkolorowe \u015bwiat\u0142o, jasno\u015b\u0107 mo\u017cna regulowa\u0107 w zale\u017cno\u015bci od jasno\u015bci otoczenia.<\/td>\n<\/tr>\n<tr>\n<th>G\u0142o\u015bnik <\/th>\n<td>Wbudowany buzzer<\/td>\n<\/tr>\n<tr>\n<th>Audio<\/th>\n<td>Uk\u0142ad MIC<\/td>\n<\/tr>\n<tr>\n<th>Temperatura pracy <\/th>\n<td>-20\u00b0 do 50\u00b0 C<\/td>\n<\/tr>\n<tr>\n<th>Temperatura przechowywania <\/th>\n<td>W ci\u0105gu jednego miesi\u0105ca: -30\u00b0 do 45\u00b0 C<br \/>Od jednego do trzech miesi\u0119cy: -30\u00b0 do 35\u00b0 C<br \/>Od trzech miesi\u0119cy do jednego roku: -30\u00b0 do 30\u00b0 C<\/td>\n<\/tr>\n<tr>\n<th>Temperatura \u0142adowania <\/th>\n<td>5\u00b0 do 40\u00b0 C<\/td>\n<\/tr>\n<tr>\n<th>Obs\u0142ugiwane modele dron\u00f3w <\/th>\n<td>Wsparcie dla Matrice 4T\/4E, Matrice 4D\/4TD, Matrice 400<\/td>\n<\/tr>\n<tr>\n<th>GNSS<\/th>\n<td>Potr\u00f3jny tryb GPS, Galileo i BeiDou, obs\u0142uguje dynamiczne od\u015bwie\u017canie punktu pocz\u0105tkowego.<\/td>\n<\/tr>\n<tr>\n<th>Wymiary<\/th>\n<td>268\u00d7163\u00d794,5 mm (d\u0142.\u00d7szer.\u00d7wys.)<\/td>\n<\/tr>\n<tr>\n<th>Model<\/th>\n<td>TKPL 2<\/td>\n<\/tr>\n<tr>\n<th>Wersja systemu <\/th>\n<td>Android 11<\/td>\n<\/tr>\n<tr>\n<th>Interfejsy zewn\u0119trzne <\/th>\n<td>HDMI 1.4, SD3.0, USB-C obs\u0142uguje OTG, obs\u0142uguje \u0142adowanie PD, maksymalna moc 65W, USB-A obs\u0142uguje interfejs USB 2.0.<\/td>\n<\/tr>\n<\/tbody>\n<\/table>\n<\/div>\n","protected":false},"excerpt":{"rendered":"<p>Aparatura stworzona dla profesjonalist\u00f3w\u00a0 DJI RC Plus 2 Enterprise jest wyposa\u017cony w nowy wy\u015bwietlacz o wysokiej jasno\u015bci, zapewniaj\u0105cy dobr\u0105 widoczno\u015b\u0107<\/p>\n","protected":false},"featured_media":60161,"comment_status":"closed","ping_status":"open","template":"","meta":{"_acf_changed":false},"product_brand":[],"product_cat":[6169,1088,1105],"product_tag":[],"class_list":{"0":"post-60160","1":"product","2":"type-product","3":"status-publish","4":"has-post-thumbnail","6":"product_cat-akcesoria-i-czesci","7":"product_cat-drony","8":"product_cat-przemyslowe","9":"pa_okres-gwarancji-5757","10":"pa_producent-dji-enterprise","12":"first","13":"instock","14":"taxable","15":"shipping-taxable","16":"purchasable","17":"product-type-simple"},"acf":[],"yoast_head":"<!-- This site is optimized with the Yoast SEO plugin v27.2 - https:\/\/yoast.com\/product\/yoast-seo-wordpress\/ -->\n<title>Aparatura steruj\u0105ca DJI RC Plus 2 Enterprise Enhanced - IRONSKY.PL Sklep z Dronami<\/title>\n<meta name=\"description\" content=\"Aparatura steruj\u0105ca DJI RC Plus 2 Enterprise Enhanced - \u2705 sklep z dronami i fachowym doradztwem. \u2705 Tutaj kupisz produkty DJI, Yuneec, Parrot, Syma i wiele innych, a tak\u017ce kursy i licencje na operatora drona.\" \/>\n<meta name=\"robots\" content=\"index, follow, max-snippet:-1, max-image-preview:large, max-video-preview:-1\" \/>\n<link rel=\"canonical\" href=\"https:\/\/ironsky.pl\/sklep\/produkt\/aparatura-sterujaca-dji-rc-plus-2-enterprise-enhanced\/\" \/>\n<meta property=\"og:locale\" content=\"pl_PL\" \/>\n<meta property=\"og:type\" content=\"article\" \/>\n<meta property=\"og:title\" content=\"Aparatura steruj\u0105ca DJI RC Plus 2 Enterprise Enhanced - IRONSKY.PL Sklep z Dronami\" \/>\n<meta property=\"og:description\" content=\"Aparatura steruj\u0105ca DJI RC Plus 2 Enterprise Enhanced - \u2705 sklep z dronami i fachowym doradztwem. \u2705 Tutaj kupisz produkty DJI, Yuneec, Parrot, Syma i wiele innych, a tak\u017ce kursy i licencje na operatora drona.\" \/>\n<meta property=\"og:url\" content=\"https:\/\/ironsky.pl\/sklep\/produkt\/aparatura-sterujaca-dji-rc-plus-2-enterprise-enhanced\/\" \/>\n<meta property=\"og:site_name\" content=\"IRONSKY.PL Sklep z Dronami\" \/>\n<meta property=\"article:modified_time\" content=\"2026-04-15T08:57:02+00:00\" \/>\n<meta property=\"og:image\" content=\"https:\/\/ironsky.pl\/sklep\/wp-content\/uploads\/2026\/04\/49873_4.jpg\" \/>\n\t<meta property=\"og:image:width\" content=\"800\" \/>\n\t<meta property=\"og:image:height\" content=\"800\" \/>\n\t<meta property=\"og:image:type\" content=\"image\/jpeg\" \/>\n<meta name=\"twitter:card\" content=\"summary_large_image\" \/>\n<meta name=\"twitter:label1\" content=\"Szacowany czas czytania\" \/>\n\t<meta name=\"twitter:data1\" content=\"3 minuty\" \/>\n<script type=\"application\/ld+json\" class=\"yoast-schema-graph\">{\"@context\":\"https:\/\/schema.org\",\"@graph\":[{\"@type\":\"WebPage\",\"@id\":\"https:\/\/ironsky.pl\/sklep\/produkt\/aparatura-sterujaca-dji-rc-plus-2-enterprise-enhanced\/\",\"url\":\"https:\/\/ironsky.pl\/sklep\/produkt\/aparatura-sterujaca-dji-rc-plus-2-enterprise-enhanced\/\",\"name\":\"Aparatura steruj\u0105ca DJI RC Plus 2 Enterprise Enhanced - IRONSKY.PL Sklep z Dronami\",\"isPartOf\":{\"@id\":\"https:\/\/ironsky.pl\/sklep\/#website\"},\"primaryImageOfPage\":{\"@id\":\"https:\/\/ironsky.pl\/sklep\/produkt\/aparatura-sterujaca-dji-rc-plus-2-enterprise-enhanced\/#primaryimage\"},\"image\":{\"@id\":\"https:\/\/ironsky.pl\/sklep\/produkt\/aparatura-sterujaca-dji-rc-plus-2-enterprise-enhanced\/#primaryimage\"},\"thumbnailUrl\":\"https:\/\/ironsky.pl\/sklep\/wp-content\/uploads\/2026\/04\/49873_4.jpg\",\"datePublished\":\"2026-04-15T08:56:53+00:00\",\"dateModified\":\"2026-04-15T08:57:02+00:00\",\"description\":\"Aparatura steruj\u0105ca DJI RC Plus 2 Enterprise Enhanced - \u2705 sklep z dronami i fachowym doradztwem. \u2705 Tutaj kupisz produkty DJI, Yuneec, Parrot, Syma i wiele innych, a tak\u017ce kursy i licencje na operatora drona.\",\"breadcrumb\":{\"@id\":\"https:\/\/ironsky.pl\/sklep\/produkt\/aparatura-sterujaca-dji-rc-plus-2-enterprise-enhanced\/#breadcrumb\"},\"inLanguage\":\"pl-PL\",\"potentialAction\":[{\"@type\":\"ReadAction\",\"target\":[\"https:\/\/ironsky.pl\/sklep\/produkt\/aparatura-sterujaca-dji-rc-plus-2-enterprise-enhanced\/\"]}]},{\"@type\":\"ImageObject\",\"inLanguage\":\"pl-PL\",\"@id\":\"https:\/\/ironsky.pl\/sklep\/produkt\/aparatura-sterujaca-dji-rc-plus-2-enterprise-enhanced\/#primaryimage\",\"url\":\"https:\/\/ironsky.pl\/sklep\/wp-content\/uploads\/2026\/04\/49873_4.jpg\",\"contentUrl\":\"https:\/\/ironsky.pl\/sklep\/wp-content\/uploads\/2026\/04\/49873_4.jpg\",\"width\":800,\"height\":800},{\"@type\":\"BreadcrumbList\",\"@id\":\"https:\/\/ironsky.pl\/sklep\/produkt\/aparatura-sterujaca-dji-rc-plus-2-enterprise-enhanced\/#breadcrumb\",\"itemListElement\":[{\"@type\":\"ListItem\",\"position\":1,\"name\":\"Strona g\u0142\u00f3wna\",\"item\":\"https:\/\/ironsky.pl\/sklep\/\"},{\"@type\":\"ListItem\",\"position\":2,\"name\":\"Wszystkie produkty\",\"item\":\"https:\/\/ironsky.pl\/sklep\/produkty\/\"},{\"@type\":\"ListItem\",\"position\":3,\"name\":\"Aparatura steruj\u0105ca DJI RC Plus 2 Enterprise Enhanced\"}]},{\"@type\":\"WebSite\",\"@id\":\"https:\/\/ironsky.pl\/sklep\/#website\",\"url\":\"https:\/\/ironsky.pl\/sklep\/\",\"name\":\"IRONSKY.PL Sklep z Dronami\",\"description\":\"IRONSKY.PL Sklep z Dronami\",\"potentialAction\":[{\"@type\":\"SearchAction\",\"target\":{\"@type\":\"EntryPoint\",\"urlTemplate\":\"https:\/\/ironsky.pl\/sklep\/?s={search_term_string}\"},\"query-input\":{\"@type\":\"PropertyValueSpecification\",\"valueRequired\":true,\"valueName\":\"search_term_string\"}}],\"inLanguage\":\"pl-PL\"}]}<\/script>\n<!-- \/ Yoast SEO plugin. -->","yoast_head_json":{"title":"Aparatura steruj\u0105ca DJI RC Plus 2 Enterprise Enhanced - IRONSKY.PL Sklep z Dronami","description":"Aparatura steruj\u0105ca DJI RC Plus 2 Enterprise Enhanced - \u2705 sklep z dronami i fachowym doradztwem. \u2705 Tutaj kupisz produkty DJI, Yuneec, Parrot, Syma i wiele innych, a tak\u017ce kursy i licencje na operatora drona.","robots":{"index":"index","follow":"follow","max-snippet":"max-snippet:-1","max-image-preview":"max-image-preview:large","max-video-preview":"max-video-preview:-1"},"canonical":"https:\/\/ironsky.pl\/sklep\/produkt\/aparatura-sterujaca-dji-rc-plus-2-enterprise-enhanced\/","og_locale":"pl_PL","og_type":"article","og_title":"Aparatura steruj\u0105ca DJI RC Plus 2 Enterprise Enhanced - IRONSKY.PL Sklep z Dronami","og_description":"Aparatura steruj\u0105ca DJI RC Plus 2 Enterprise Enhanced - \u2705 sklep z dronami i fachowym doradztwem. \u2705 Tutaj kupisz produkty DJI, Yuneec, Parrot, Syma i wiele innych, a tak\u017ce kursy i licencje na operatora drona.","og_url":"https:\/\/ironsky.pl\/sklep\/produkt\/aparatura-sterujaca-dji-rc-plus-2-enterprise-enhanced\/","og_site_name":"IRONSKY.PL Sklep z Dronami","article_modified_time":"2026-04-15T08:57:02+00:00","og_image":[{"width":800,"height":800,"url":"https:\/\/ironsky.pl\/sklep\/wp-content\/uploads\/2026\/04\/49873_4.jpg","type":"image\/jpeg"}],"twitter_card":"summary_large_image","twitter_misc":{"Szacowany czas czytania":"3 minuty"},"schema":{"@context":"https:\/\/schema.org","@graph":[{"@type":"WebPage","@id":"https:\/\/ironsky.pl\/sklep\/produkt\/aparatura-sterujaca-dji-rc-plus-2-enterprise-enhanced\/","url":"https:\/\/ironsky.pl\/sklep\/produkt\/aparatura-sterujaca-dji-rc-plus-2-enterprise-enhanced\/","name":"Aparatura steruj\u0105ca DJI RC Plus 2 Enterprise Enhanced - IRONSKY.PL Sklep z Dronami","isPartOf":{"@id":"https:\/\/ironsky.pl\/sklep\/#website"},"primaryImageOfPage":{"@id":"https:\/\/ironsky.pl\/sklep\/produkt\/aparatura-sterujaca-dji-rc-plus-2-enterprise-enhanced\/#primaryimage"},"image":{"@id":"https:\/\/ironsky.pl\/sklep\/produkt\/aparatura-sterujaca-dji-rc-plus-2-enterprise-enhanced\/#primaryimage"},"thumbnailUrl":"https:\/\/ironsky.pl\/sklep\/wp-content\/uploads\/2026\/04\/49873_4.jpg","datePublished":"2026-04-15T08:56:53+00:00","dateModified":"2026-04-15T08:57:02+00:00","description":"Aparatura steruj\u0105ca DJI RC Plus 2 Enterprise Enhanced - \u2705 sklep z dronami i fachowym doradztwem. \u2705 Tutaj kupisz produkty DJI, Yuneec, Parrot, Syma i wiele innych, a tak\u017ce kursy i licencje na operatora drona.","breadcrumb":{"@id":"https:\/\/ironsky.pl\/sklep\/produkt\/aparatura-sterujaca-dji-rc-plus-2-enterprise-enhanced\/#breadcrumb"},"inLanguage":"pl-PL","potentialAction":[{"@type":"ReadAction","target":["https:\/\/ironsky.pl\/sklep\/produkt\/aparatura-sterujaca-dji-rc-plus-2-enterprise-enhanced\/"]}]},{"@type":"ImageObject","inLanguage":"pl-PL","@id":"https:\/\/ironsky.pl\/sklep\/produkt\/aparatura-sterujaca-dji-rc-plus-2-enterprise-enhanced\/#primaryimage","url":"https:\/\/ironsky.pl\/sklep\/wp-content\/uploads\/2026\/04\/49873_4.jpg","contentUrl":"https:\/\/ironsky.pl\/sklep\/wp-content\/uploads\/2026\/04\/49873_4.jpg","width":800,"height":800},{"@type":"BreadcrumbList","@id":"https:\/\/ironsky.pl\/sklep\/produkt\/aparatura-sterujaca-dji-rc-plus-2-enterprise-enhanced\/#breadcrumb","itemListElement":[{"@type":"ListItem","position":1,"name":"Strona g\u0142\u00f3wna","item":"https:\/\/ironsky.pl\/sklep\/"},{"@type":"ListItem","position":2,"name":"Wszystkie produkty","item":"https:\/\/ironsky.pl\/sklep\/produkty\/"},{"@type":"ListItem","position":3,"name":"Aparatura steruj\u0105ca DJI RC Plus 2 Enterprise Enhanced"}]},{"@type":"WebSite","@id":"https:\/\/ironsky.pl\/sklep\/#website","url":"https:\/\/ironsky.pl\/sklep\/","name":"IRONSKY.PL Sklep z Dronami","description":"IRONSKY.PL Sklep z Dronami","potentialAction":[{"@type":"SearchAction","target":{"@type":"EntryPoint","urlTemplate":"https:\/\/ironsky.pl\/sklep\/?s={search_term_string}"},"query-input":{"@type":"PropertyValueSpecification","valueRequired":true,"valueName":"search_term_string"}}],"inLanguage":"pl-PL"}]}},"_links":{"self":[{"href":"https:\/\/ironsky.pl\/sklep\/wp-json\/wp\/v2\/product\/60160","targetHints":{"allow":["GET"]}}],"collection":[{"href":"https:\/\/ironsky.pl\/sklep\/wp-json\/wp\/v2\/product"}],"about":[{"href":"https:\/\/ironsky.pl\/sklep\/wp-json\/wp\/v2\/types\/product"}],"replies":[{"embeddable":true,"href":"https:\/\/ironsky.pl\/sklep\/wp-json\/wp\/v2\/comments?post=60160"}],"wp:featuredmedia":[{"embeddable":true,"href":"https:\/\/ironsky.pl\/sklep\/wp-json\/wp\/v2\/media\/60161"}],"wp:attachment":[{"href":"https:\/\/ironsky.pl\/sklep\/wp-json\/wp\/v2\/media?parent=60160"}],"wp:term":[{"taxonomy":"product_brand","embeddable":true,"href":"https:\/\/ironsky.pl\/sklep\/wp-json\/wp\/v2\/product_brand?post=60160"},{"taxonomy":"product_cat","embeddable":true,"href":"https:\/\/ironsky.pl\/sklep\/wp-json\/wp\/v2\/product_cat?post=60160"},{"taxonomy":"product_tag","embeddable":true,"href":"https:\/\/ironsky.pl\/sklep\/wp-json\/wp\/v2\/product_tag?post=60160"}],"curies":[{"name":"wp","href":"https:\/\/api.w.org\/{rel}","templated":true}]}}