{"id":60155,"date":"2026-04-15T10:56:53","date_gmt":"2026-04-15T08:56:53","guid":{"rendered":"https:\/\/ironsky.pl\/sklep\/produkt\/oswietlenie-al1-dla-dji-matrice-4-2\/"},"modified":"2026-04-15T10:56:58","modified_gmt":"2026-04-15T08:56:58","slug":"oswietlenie-al1-dla-dji-matrice-4-2","status":"publish","type":"product","link":"https:\/\/ironsky.pl\/sklep\/produkt\/oswietlenie-al1-dla-dji-matrice-4-2\/","title":{"rendered":"O\u015bwietlenie AL1 dla DJI Matrice 4"},"content":{"rendered":"<h3>O\u015bwietlenie AL1 dla DJI Matrice 4<\/h3>\n<p>O\u015bwietlenie DJI AL1 mo\u017ce o\u015bwietla\u0107 obiekty znajduj\u0105ce si\u0119 w odleg\u0142o\u015bci do 100 metr\u00f3w i posiada dwa tryby: Always-On i Strobe. Mo\u017ce \u0142\u0105czy\u0107 si\u0119 z gimbalem, umo\u017cliwiaj\u0105c \u015bledzenie ruch\u00f3w kamery, aby zapewni\u0107 o\u015bwietlenie obszaru zgodnie z widokiem kamery.\u00a0O\u015bwietlenie i g\u0142o\u015bnik AS1 mog\u0105 by\u0107 u\u017cywane niezale\u017cnie lub w po\u0142\u0105czeniu (jeden na drugim), spe\u0142niaj\u0105c potrzeby wi\u0119kszej liczby scenariuszy operacyjnych.<\/p>\n<h3>Zawarto\u015b\u0107 zestawu:<\/h3>\n<ul>\n<li>O\u015bwietlenie AL1<\/li>\n<\/ul>\n<div class=\"table-wrapper\">\n<table>\n<tbody>\n<tr>\n<td><strong>Masa<\/strong><\/td>\n<td>99 g (\u0142\u0105cznie z uchwytem)<br \/>Oko\u0142o 91 g (bez uchwytu)<\/td>\n<\/tr>\n<tr>\n<td><strong>Wymiary<\/strong><\/td>\n<td>95\u00d7164\u00d730 mm (d\u0142.\u00d7szer.\u00d7wys., z uchwytem)<br \/>79\u00d7164\u00d728 mm (d\u0142.\u00d7szer.\u00d7wys., bez uchwytu)<\/td>\n<\/tr>\n<tr>\n<td><strong>Moc maksymalna<\/strong><\/td>\n<td>32 W<\/td>\n<\/tr>\n<tr>\n<td><strong>Nat\u0119\u017cenie \u015bwiat\u0142a<\/strong><\/td>\n<td>\n<p>4,3\u00b10,2 luks\u00f3w @ 100 metr\u00f3w, 17\u00b10,2 luks\u00f3w @ 50 metr\u00f3w<\/p>\n<p>Dane zosta\u0142y zmierzone w \u015brodowisku laboratoryjnym z o\u015bwietleniem zainstalowanym oddzielnie na dronie w temperaturze otoczenia wynosz\u0105cej 25\u00b0C.<\/p>\n<\/td>\n<\/tr>\n<tr>\n<td><strong>K\u0105t efektywnego o\u015bwietlenia<\/strong><\/td>\n<td>23\u00b0 (o\u015bwietlenie wzgl\u0119dne 10%)<\/td>\n<\/tr>\n<tr>\n<td><strong>Efektywny obszar o\u015bwietlenia<\/strong><\/td>\n<td>1300 metr\u00f3w kwadratowych przy 100 metrach (10% o\u015bwietlenia wzgl\u0119dnego, tryb normalny)<br \/>2200 metr\u00f3w kwadratowych przy 100 metrach (10% o\u015bwietlenia centralnego, tryb szerokiego pola widzenia)<\/td>\n<\/tr>\n<tr>\n<td><strong>Tryb pracy<\/strong><\/td>\n<td>Obs\u0142uguje tryby sta\u0142ego \u015bwiecenia i stroboskopu.<\/td>\n<\/tr>\n<tr>\n<td><strong>Zakres pracy gimbala<\/strong><\/td>\n<td>od -140\u00b0 do 50 w osi Tilt<\/td>\n<\/tr>\n<tr>\n<td><strong>Kontrolowany zakres:<\/strong><\/td>\n<td>od -90\u00b0 do 35 w osi Tilt<\/td>\n<\/tr>\n<tr>\n<td><strong>Maksymalna pr\u0119dko\u015b\u0107 sterowania (o\u015b Tilt)<\/strong><\/td>\n<td>120\u00b0\/s<\/td>\n<\/tr>\n<tr>\n<td><strong>Dok\u0142adno\u015b\u0107 wyr\u00f3wnania gimbala<\/strong><\/td>\n<td>\u00b10.1\u00b0<\/td>\n<\/tr>\n<tr>\n<td><strong>Temperatura pracy<\/strong><\/td>\n<td>-20\u00b0C do 50\u00b0C<\/td>\n<\/tr>\n<tr>\n<td><strong>Monta\u017c<\/strong><\/td>\n<td>R\u0119cznie za pomoc\u0105 uchwytu monta\u017cowego ze \u015brubami<\/td>\n<\/tr>\n<tr>\n<td><strong>Kompatybilno\u015b\u0107<\/strong><\/td>\n<td>DJI Matrice 4E\/4T, DJI Matrice 4D\/4TD<\/td>\n<\/tr>\n<\/tbody>\n<\/table>\n<\/div>\n","protected":false},"excerpt":{"rendered":"<p>O\u015bwietlenie AL1 dla DJI Matrice 4 O\u015bwietlenie DJI AL1 mo\u017ce o\u015bwietla\u0107 obiekty znajduj\u0105ce si\u0119 w odleg\u0142o\u015bci do 100 metr\u00f3w i<\/p>\n","protected":false},"featured_media":60156,"comment_status":"closed","ping_status":"open","template":"","meta":{"_acf_changed":false},"product_brand":[],"product_cat":[6169,1088,1105],"product_tag":[],"class_list":{"0":"post-60155","1":"product","2":"type-product","3":"status-publish","4":"has-post-thumbnail","6":"product_cat-akcesoria-i-czesci","7":"product_cat-drony","8":"product_cat-przemyslowe","9":"pa_okres-gwarancji-5757","10":"pa_producent-dji-enterprise","12":"first","13":"instock","14":"taxable","15":"shipping-taxable","16":"purchasable","17":"product-type-simple"},"acf":[],"yoast_head":"<!-- This site is optimized with the Yoast SEO plugin v27.2 - https:\/\/yoast.com\/product\/yoast-seo-wordpress\/ -->\n<title>O\u015bwietlenie AL1 dla DJI Matrice 4 - IRONSKY.PL Sklep z Dronami<\/title>\n<meta name=\"description\" content=\"O\u015bwietlenie AL1 dla DJI Matrice 4 - \u2705 sklep z dronami i fachowym doradztwem. \u2705 Tutaj kupisz produkty DJI, Yuneec, Parrot, Syma i wiele innych, a tak\u017ce kursy i licencje na operatora drona.\" \/>\n<meta name=\"robots\" content=\"index, follow, max-snippet:-1, max-image-preview:large, max-video-preview:-1\" \/>\n<link rel=\"canonical\" href=\"https:\/\/ironsky.pl\/sklep\/produkt\/oswietlenie-al1-dla-dji-matrice-4-2\/\" \/>\n<meta property=\"og:locale\" content=\"pl_PL\" \/>\n<meta property=\"og:type\" content=\"article\" \/>\n<meta property=\"og:title\" content=\"O\u015bwietlenie AL1 dla DJI Matrice 4 - IRONSKY.PL Sklep z Dronami\" \/>\n<meta property=\"og:description\" content=\"O\u015bwietlenie AL1 dla DJI Matrice 4 - \u2705 sklep z dronami i fachowym doradztwem. \u2705 Tutaj kupisz produkty DJI, Yuneec, Parrot, Syma i wiele innych, a tak\u017ce kursy i licencje na operatora drona.\" \/>\n<meta property=\"og:url\" content=\"https:\/\/ironsky.pl\/sklep\/produkt\/oswietlenie-al1-dla-dji-matrice-4-2\/\" \/>\n<meta property=\"og:site_name\" content=\"IRONSKY.PL Sklep z Dronami\" \/>\n<meta property=\"article:modified_time\" content=\"2026-04-15T08:56:58+00:00\" \/>\n<meta property=\"og:image\" content=\"https:\/\/ironsky.pl\/sklep\/wp-content\/uploads\/2026\/04\/49872_5.jpg\" \/>\n\t<meta property=\"og:image:width\" content=\"800\" \/>\n\t<meta property=\"og:image:height\" content=\"800\" \/>\n\t<meta property=\"og:image:type\" content=\"image\/jpeg\" \/>\n<meta name=\"twitter:card\" content=\"summary_large_image\" \/>\n<meta name=\"twitter:label1\" content=\"Szacowany czas czytania\" \/>\n\t<meta name=\"twitter:data1\" content=\"1 minuta\" \/>\n<script type=\"application\/ld+json\" class=\"yoast-schema-graph\">{\"@context\":\"https:\/\/schema.org\",\"@graph\":[{\"@type\":\"WebPage\",\"@id\":\"https:\/\/ironsky.pl\/sklep\/produkt\/oswietlenie-al1-dla-dji-matrice-4-2\/\",\"url\":\"https:\/\/ironsky.pl\/sklep\/produkt\/oswietlenie-al1-dla-dji-matrice-4-2\/\",\"name\":\"O\u015bwietlenie AL1 dla DJI Matrice 4 - IRONSKY.PL Sklep z Dronami\",\"isPartOf\":{\"@id\":\"https:\/\/ironsky.pl\/sklep\/#website\"},\"primaryImageOfPage\":{\"@id\":\"https:\/\/ironsky.pl\/sklep\/produkt\/oswietlenie-al1-dla-dji-matrice-4-2\/#primaryimage\"},\"image\":{\"@id\":\"https:\/\/ironsky.pl\/sklep\/produkt\/oswietlenie-al1-dla-dji-matrice-4-2\/#primaryimage\"},\"thumbnailUrl\":\"https:\/\/ironsky.pl\/sklep\/wp-content\/uploads\/2026\/04\/49872_5.jpg\",\"datePublished\":\"2026-04-15T08:56:53+00:00\",\"dateModified\":\"2026-04-15T08:56:58+00:00\",\"description\":\"O\u015bwietlenie AL1 dla DJI Matrice 4 - \u2705 sklep z dronami i fachowym doradztwem. \u2705 Tutaj kupisz produkty DJI, Yuneec, Parrot, Syma i wiele innych, a tak\u017ce kursy i licencje na operatora drona.\",\"breadcrumb\":{\"@id\":\"https:\/\/ironsky.pl\/sklep\/produkt\/oswietlenie-al1-dla-dji-matrice-4-2\/#breadcrumb\"},\"inLanguage\":\"pl-PL\",\"potentialAction\":[{\"@type\":\"ReadAction\",\"target\":[\"https:\/\/ironsky.pl\/sklep\/produkt\/oswietlenie-al1-dla-dji-matrice-4-2\/\"]}]},{\"@type\":\"ImageObject\",\"inLanguage\":\"pl-PL\",\"@id\":\"https:\/\/ironsky.pl\/sklep\/produkt\/oswietlenie-al1-dla-dji-matrice-4-2\/#primaryimage\",\"url\":\"https:\/\/ironsky.pl\/sklep\/wp-content\/uploads\/2026\/04\/49872_5.jpg\",\"contentUrl\":\"https:\/\/ironsky.pl\/sklep\/wp-content\/uploads\/2026\/04\/49872_5.jpg\",\"width\":800,\"height\":800},{\"@type\":\"BreadcrumbList\",\"@id\":\"https:\/\/ironsky.pl\/sklep\/produkt\/oswietlenie-al1-dla-dji-matrice-4-2\/#breadcrumb\",\"itemListElement\":[{\"@type\":\"ListItem\",\"position\":1,\"name\":\"Strona g\u0142\u00f3wna\",\"item\":\"https:\/\/ironsky.pl\/sklep\/\"},{\"@type\":\"ListItem\",\"position\":2,\"name\":\"Wszystkie produkty\",\"item\":\"https:\/\/ironsky.pl\/sklep\/produkty\/\"},{\"@type\":\"ListItem\",\"position\":3,\"name\":\"O\u015bwietlenie AL1 dla DJI Matrice 4\"}]},{\"@type\":\"WebSite\",\"@id\":\"https:\/\/ironsky.pl\/sklep\/#website\",\"url\":\"https:\/\/ironsky.pl\/sklep\/\",\"name\":\"IRONSKY.PL Sklep z Dronami\",\"description\":\"IRONSKY.PL Sklep z Dronami\",\"potentialAction\":[{\"@type\":\"SearchAction\",\"target\":{\"@type\":\"EntryPoint\",\"urlTemplate\":\"https:\/\/ironsky.pl\/sklep\/?s={search_term_string}\"},\"query-input\":{\"@type\":\"PropertyValueSpecification\",\"valueRequired\":true,\"valueName\":\"search_term_string\"}}],\"inLanguage\":\"pl-PL\"}]}<\/script>\n<!-- \/ Yoast SEO plugin. -->","yoast_head_json":{"title":"O\u015bwietlenie AL1 dla DJI Matrice 4 - IRONSKY.PL Sklep z Dronami","description":"O\u015bwietlenie AL1 dla DJI Matrice 4 - \u2705 sklep z dronami i fachowym doradztwem. \u2705 Tutaj kupisz produkty DJI, Yuneec, Parrot, Syma i wiele innych, a tak\u017ce kursy i licencje na operatora drona.","robots":{"index":"index","follow":"follow","max-snippet":"max-snippet:-1","max-image-preview":"max-image-preview:large","max-video-preview":"max-video-preview:-1"},"canonical":"https:\/\/ironsky.pl\/sklep\/produkt\/oswietlenie-al1-dla-dji-matrice-4-2\/","og_locale":"pl_PL","og_type":"article","og_title":"O\u015bwietlenie AL1 dla DJI Matrice 4 - IRONSKY.PL Sklep z Dronami","og_description":"O\u015bwietlenie AL1 dla DJI Matrice 4 - \u2705 sklep z dronami i fachowym doradztwem. \u2705 Tutaj kupisz produkty DJI, Yuneec, Parrot, Syma i wiele innych, a tak\u017ce kursy i licencje na operatora drona.","og_url":"https:\/\/ironsky.pl\/sklep\/produkt\/oswietlenie-al1-dla-dji-matrice-4-2\/","og_site_name":"IRONSKY.PL Sklep z Dronami","article_modified_time":"2026-04-15T08:56:58+00:00","og_image":[{"width":800,"height":800,"url":"https:\/\/ironsky.pl\/sklep\/wp-content\/uploads\/2026\/04\/49872_5.jpg","type":"image\/jpeg"}],"twitter_card":"summary_large_image","twitter_misc":{"Szacowany czas czytania":"1 minuta"},"schema":{"@context":"https:\/\/schema.org","@graph":[{"@type":"WebPage","@id":"https:\/\/ironsky.pl\/sklep\/produkt\/oswietlenie-al1-dla-dji-matrice-4-2\/","url":"https:\/\/ironsky.pl\/sklep\/produkt\/oswietlenie-al1-dla-dji-matrice-4-2\/","name":"O\u015bwietlenie AL1 dla DJI Matrice 4 - IRONSKY.PL Sklep z Dronami","isPartOf":{"@id":"https:\/\/ironsky.pl\/sklep\/#website"},"primaryImageOfPage":{"@id":"https:\/\/ironsky.pl\/sklep\/produkt\/oswietlenie-al1-dla-dji-matrice-4-2\/#primaryimage"},"image":{"@id":"https:\/\/ironsky.pl\/sklep\/produkt\/oswietlenie-al1-dla-dji-matrice-4-2\/#primaryimage"},"thumbnailUrl":"https:\/\/ironsky.pl\/sklep\/wp-content\/uploads\/2026\/04\/49872_5.jpg","datePublished":"2026-04-15T08:56:53+00:00","dateModified":"2026-04-15T08:56:58+00:00","description":"O\u015bwietlenie AL1 dla DJI Matrice 4 - \u2705 sklep z dronami i fachowym doradztwem. \u2705 Tutaj kupisz produkty DJI, Yuneec, Parrot, Syma i wiele innych, a tak\u017ce kursy i licencje na operatora drona.","breadcrumb":{"@id":"https:\/\/ironsky.pl\/sklep\/produkt\/oswietlenie-al1-dla-dji-matrice-4-2\/#breadcrumb"},"inLanguage":"pl-PL","potentialAction":[{"@type":"ReadAction","target":["https:\/\/ironsky.pl\/sklep\/produkt\/oswietlenie-al1-dla-dji-matrice-4-2\/"]}]},{"@type":"ImageObject","inLanguage":"pl-PL","@id":"https:\/\/ironsky.pl\/sklep\/produkt\/oswietlenie-al1-dla-dji-matrice-4-2\/#primaryimage","url":"https:\/\/ironsky.pl\/sklep\/wp-content\/uploads\/2026\/04\/49872_5.jpg","contentUrl":"https:\/\/ironsky.pl\/sklep\/wp-content\/uploads\/2026\/04\/49872_5.jpg","width":800,"height":800},{"@type":"BreadcrumbList","@id":"https:\/\/ironsky.pl\/sklep\/produkt\/oswietlenie-al1-dla-dji-matrice-4-2\/#breadcrumb","itemListElement":[{"@type":"ListItem","position":1,"name":"Strona g\u0142\u00f3wna","item":"https:\/\/ironsky.pl\/sklep\/"},{"@type":"ListItem","position":2,"name":"Wszystkie produkty","item":"https:\/\/ironsky.pl\/sklep\/produkty\/"},{"@type":"ListItem","position":3,"name":"O\u015bwietlenie AL1 dla DJI Matrice 4"}]},{"@type":"WebSite","@id":"https:\/\/ironsky.pl\/sklep\/#website","url":"https:\/\/ironsky.pl\/sklep\/","name":"IRONSKY.PL Sklep z Dronami","description":"IRONSKY.PL Sklep z Dronami","potentialAction":[{"@type":"SearchAction","target":{"@type":"EntryPoint","urlTemplate":"https:\/\/ironsky.pl\/sklep\/?s={search_term_string}"},"query-input":{"@type":"PropertyValueSpecification","valueRequired":true,"valueName":"search_term_string"}}],"inLanguage":"pl-PL"}]}},"_links":{"self":[{"href":"https:\/\/ironsky.pl\/sklep\/wp-json\/wp\/v2\/product\/60155","targetHints":{"allow":["GET"]}}],"collection":[{"href":"https:\/\/ironsky.pl\/sklep\/wp-json\/wp\/v2\/product"}],"about":[{"href":"https:\/\/ironsky.pl\/sklep\/wp-json\/wp\/v2\/types\/product"}],"replies":[{"embeddable":true,"href":"https:\/\/ironsky.pl\/sklep\/wp-json\/wp\/v2\/comments?post=60155"}],"wp:featuredmedia":[{"embeddable":true,"href":"https:\/\/ironsky.pl\/sklep\/wp-json\/wp\/v2\/media\/60156"}],"wp:attachment":[{"href":"https:\/\/ironsky.pl\/sklep\/wp-json\/wp\/v2\/media?parent=60155"}],"wp:term":[{"taxonomy":"product_brand","embeddable":true,"href":"https:\/\/ironsky.pl\/sklep\/wp-json\/wp\/v2\/product_brand?post=60155"},{"taxonomy":"product_cat","embeddable":true,"href":"https:\/\/ironsky.pl\/sklep\/wp-json\/wp\/v2\/product_cat?post=60155"},{"taxonomy":"product_tag","embeddable":true,"href":"https:\/\/ironsky.pl\/sklep\/wp-json\/wp\/v2\/product_tag?post=60155"}],"curies":[{"name":"wp","href":"https:\/\/api.w.org\/{rel}","templated":true}]}}